{"id":52875,"date":"2025-09-30T09:45:18","date_gmt":"2025-09-30T09:45:18","guid":{"rendered":"https:\/\/lovme.pt\/?post_type=product&p=52875"},"modified":"2026-02-19T20:04:02","modified_gmt":"2026-02-19T20:04:02","slug":"stimul8-s8-refresh-oleo-de-massagem-de-algodao-125-ml","status":"publish","type":"product","link":"https:\/\/lovme.pt\/index.php\/produto\/stimul8-s8-refresh-oleo-de-massagem-de-algodao-125-ml\/","title":{"rendered":"STIMUL8 &#8211; S8 REFRESH \u00d3LEO DE MASSAGEM DE ALGOD\u00c3O 125 ML"},"content":{"rendered":"<p>Estes ricos \u00f3leos de massagem S8 s\u00e3o uma mistura \u00fanica de 3 \u00f3leos poderosos: \u00f3leo de jojoba, que acalma e fortalece a pele; \u00f3leo de am\u00eandoas, para hidrata\u00e7\u00e3o e cuidado; e \u00f3leo de gergelim, altamente nutritivo e lubrificante. Este \u00f3leo S8 \u00e9 enriquecido com vitaminas e minerais essenciais. Ap\u00f3s uma boa massagem, sua pele ficar\u00e1 sedosa, macia e relaxada. Est\u00e3o dispon\u00edveis 3 aromas diferentes: Vitalize &#8211; Lim\u00e3o Omanense e Gengibre Apimentado; Relax &#8211; Ch\u00e1 Verde e Flor de Lil\u00e1s; e Refresh &#8211; Ameixa Francesa e Algod\u00e3o Eg\u00edpcio.<\/p>\n<p> <u><em><strong>Especifica\u00e7\u00f5es<\/strong><\/em><\/u><\/p>\n<ul>\n<li> Dimens\u00f5es do produto 125 ml<\/li>\n<li> Comprimento total 13,5 cm<\/li>\n<li> Di\u00e2metro inser\u00edvel \u00d8 4 cm<\/li>\n<li> Prazo de validade ap\u00f3s abertura 6M<\/li>\n<li> Testado para alergias Sim<\/li>\n<li> Sem gl\u00faten Sim<\/li>\n<li> Sem parabenos Sim<\/li>\n<li> Sem a\u00e7\u00facar Sim<\/li>\n<\/ul>\n<p> <u><em><strong>Ingredientes<\/strong><\/em><\/u><\/p>\n<p> \u00d3LEO DE SEMENTE DE SESAMUM INDICUM, \u00d3LEO DE PRUNUS AMYGDALUS DULCIS, \u00d3LEO DE SEMENTE DE SIMMONDSIA CHINENSIS, \u00d3LEO DE PERFUME, CITRAL, LIMONENO, LINALOOL, GERANIOL, HEXILCINAMAL, CITRONELOL, EUGENOL, FARNESOL<\/p>\n<p> Esta linha <strong>S8<\/strong> de produtos essenciais para cuidados \u00edntimos combina f\u00f3rmulas de alta qualidade com um pre\u00e7o acess\u00edvel a todos, tornando-se uma op\u00e7\u00e3o com excelente custo-benef\u00edcio em bem-estar er\u00f3tico. <strong>A S8<\/strong> foi projetada para aumentar o prazer e aprimorar a intimidade de forma natural e segura para o corpo. A cole\u00e7\u00e3o <strong>S8<\/strong> oferece algo para todos os gostos. De lubrificantes \u00e0 base de \u00e1gua, \u00e0 base de silicone, aromatizados e h\u00edbridos a limpadores de brinquedos e g\u00e9is estimulantes: <strong>a S8<\/strong> tem de tudo. O apelo da farm\u00e1cia S8 \u00e9 o mais &#8220;natural&#8221; poss\u00edvel, imitando a lubrifica\u00e7\u00e3o natural e mantendo as f\u00f3rmulas livres de quaisquer produtos qu\u00edmicos desnecess\u00e1rios. Os produtos n\u00e3o cont\u00eam conservantes agressivos e s\u00e3o livres de parabenos, ftalatos e gl\u00faten  todos mencionados claramente na embalagem transparente dos lubrificantes. A S8 adere a todas as normas e regulamentos europeus para produtos de cuidados \u00edntimos e oferece uma experi\u00eancia confi\u00e1vel, segura para o corpo e indulgente para todos os amantes do prazer \u00edntimo.<\/p>\n","protected":false},"excerpt":{"rendered":"<p>STIMUL8 &#8211; S8 REFRESH \u00d3LEO DE MASSAGEM DE ALGOD\u00c3O 125 ML<\/p>\n","protected":false},"featured_media":56587,"template":"","meta":{"_acf_changed":false},"product_brand":[],"product_cat":[49,51],"product_tag":[],"class_list":{"0":"post-52875","1":"product","2":"type-product","3":"status-publish","4":"has-post-thumbnail","6":"product_cat-cosmeticos","7":"product_cat-oleos-de-massagem","8":"yith_product_brand-stimul8","10":"first","11":"instock","12":"taxable","13":"shipping-taxable","14":"purchasable","15":"product-type-simple"},"acf":[],"yoast_head":"<!-- This site is optimized with the Yoast SEO plugin v27.4 - https:\/\/yoast.com\/product\/yoast-seo-wordpress\/ -->\n<title>STIMUL8 - S8 REFRESH \u00d3LEO DE MASSAGEM DE ALGOD\u00c3O 125 ML - Lovme<\/title>\n<meta name=\"robots\" content=\"index, follow, max-snippet:-1, max-image-preview:large, max-video-preview:-1\" \/>\n<link rel=\"canonical\" href=\"https:\/\/lovme.pt\/index.php\/produto\/stimul8-s8-refresh-oleo-de-massagem-de-algodao-125-ml\/\" \/>\n<meta property=\"og:locale\" content=\"pt_PT\" \/>\n<meta property=\"og:type\" content=\"article\" \/>\n<meta property=\"og:title\" content=\"STIMUL8 - S8 REFRESH \u00d3LEO DE MASSAGEM DE ALGOD\u00c3O 125 ML - Lovme\" \/>\n<meta property=\"og:description\" content=\"STIMUL8 - S8 REFRESH \u00d3LEO DE MASSAGEM DE ALGOD\u00c3O 125 ML\" \/>\n<meta property=\"og:url\" content=\"https:\/\/lovme.pt\/index.php\/produto\/stimul8-s8-refresh-oleo-de-massagem-de-algodao-125-ml\/\" \/>\n<meta property=\"og:site_name\" content=\"Lovme\" \/>\n<meta property=\"article:modified_time\" content=\"2026-02-19T20:04:02+00:00\" \/>\n<meta property=\"og:image\" content=\"https:\/\/erki24nd3ub.exactdn.com\/wp-content\/uploads\/dream\/img\/img_209234_93396d9c794420410ae8fc0af2916ecd_1.jpg?strip=all\" \/>\n\t<meta property=\"og:image:width\" content=\"900\" \/>\n\t<meta property=\"og:image:height\" content=\"900\" \/>\n\t<meta property=\"og:image:type\" content=\"image\/jpeg\" \/>\n<meta name=\"twitter:card\" content=\"summary_large_image\" \/>\n<meta name=\"twitter:label1\" content=\"Tempo estimado de leitura\" \/>\n\t<meta name=\"twitter:data1\" content=\"2 minutos\" \/>\n<script type=\"application\/ld+json\" class=\"yoast-schema-graph\">{\"@context\":\"https:\\\/\\\/schema.org\",\"@graph\":[{\"@type\":\"WebPage\",\"@id\":\"https:\\\/\\\/lovme.pt\\\/index.php\\\/produto\\\/stimul8-s8-refresh-oleo-de-massagem-de-algodao-125-ml\\\/\",\"url\":\"https:\\\/\\\/lovme.pt\\\/index.php\\\/produto\\\/stimul8-s8-refresh-oleo-de-massagem-de-algodao-125-ml\\\/\",\"name\":\"STIMUL8 - S8 REFRESH \u00d3LEO DE MASSAGEM DE ALGOD\u00c3O 125 ML - Lovme\",\"isPartOf\":{\"@id\":\"https:\\\/\\\/lovme.pt\\\/#website\"},\"primaryImageOfPage\":{\"@id\":\"https:\\\/\\\/lovme.pt\\\/index.php\\\/produto\\\/stimul8-s8-refresh-oleo-de-massagem-de-algodao-125-ml\\\/#primaryimage\"},\"image\":{\"@id\":\"https:\\\/\\\/lovme.pt\\\/index.php\\\/produto\\\/stimul8-s8-refresh-oleo-de-massagem-de-algodao-125-ml\\\/#primaryimage\"},\"thumbnailUrl\":\"https:\\\/\\\/erki24nd3ub.exactdn.com\\\/wp-content\\\/uploads\\\/dream\\\/img\\\/img_209234_93396d9c794420410ae8fc0af2916ecd_1.jpg?strip=all\",\"datePublished\":\"2025-09-30T09:45:18+00:00\",\"dateModified\":\"2026-02-19T20:04:02+00:00\",\"breadcrumb\":{\"@id\":\"https:\\\/\\\/lovme.pt\\\/index.php\\\/produto\\\/stimul8-s8-refresh-oleo-de-massagem-de-algodao-125-ml\\\/#breadcrumb\"},\"inLanguage\":\"pt-PT\",\"potentialAction\":[{\"@type\":\"ReadAction\",\"target\":[\"https:\\\/\\\/lovme.pt\\\/index.php\\\/produto\\\/stimul8-s8-refresh-oleo-de-massagem-de-algodao-125-ml\\\/\"]}]},{\"@type\":\"ImageObject\",\"inLanguage\":\"pt-PT\",\"@id\":\"https:\\\/\\\/lovme.pt\\\/index.php\\\/produto\\\/stimul8-s8-refresh-oleo-de-massagem-de-algodao-125-ml\\\/#primaryimage\",\"url\":\"https:\\\/\\\/erki24nd3ub.exactdn.com\\\/wp-content\\\/uploads\\\/dream\\\/img\\\/img_209234_93396d9c794420410ae8fc0af2916ecd_1.jpg?strip=all\",\"contentUrl\":\"https:\\\/\\\/erki24nd3ub.exactdn.com\\\/wp-content\\\/uploads\\\/dream\\\/img\\\/img_209234_93396d9c794420410ae8fc0af2916ecd_1.jpg?strip=all\",\"width\":900,\"height\":900},{\"@type\":\"BreadcrumbList\",\"@id\":\"https:\\\/\\\/lovme.pt\\\/index.php\\\/produto\\\/stimul8-s8-refresh-oleo-de-massagem-de-algodao-125-ml\\\/#breadcrumb\",\"itemListElement\":[{\"@type\":\"ListItem\",\"position\":1,\"name\":\"In\u00edcio\",\"item\":\"https:\\\/\\\/lovme.pt\\\/\"},{\"@type\":\"ListItem\",\"position\":2,\"name\":\"Loja\",\"item\":\"https:\\\/\\\/lovme.pt\\\/index.php\\\/loja\\\/\"},{\"@type\":\"ListItem\",\"position\":3,\"name\":\"STIMUL8 &#8211; S8 REFRESH \u00d3LEO DE MASSAGEM DE ALGOD\u00c3O 125 ML\"}]},{\"@type\":\"WebSite\",\"@id\":\"https:\\\/\\\/lovme.pt\\\/#website\",\"url\":\"https:\\\/\\\/lovme.pt\\\/\",\"name\":\"Lovme Loja Er\u00f3tica N\u00ba1 em Portugal\",\"description\":\"A melhor loja er\u00f3tica de Portugal.\",\"alternateName\":\"Loja Er\u00f3tica Lovme\",\"potentialAction\":[{\"@type\":\"SearchAction\",\"target\":{\"@type\":\"EntryPoint\",\"urlTemplate\":\"https:\\\/\\\/lovme.pt\\\/?s={search_term_string}\"},\"query-input\":{\"@type\":\"PropertyValueSpecification\",\"valueRequired\":true,\"valueName\":\"search_term_string\"}}],\"inLanguage\":\"pt-PT\"}]}<\/script>\n<!-- \/ Yoast SEO plugin. -->","yoast_head_json":{"title":"STIMUL8 - S8 REFRESH \u00d3LEO DE MASSAGEM DE ALGOD\u00c3O 125 ML - Lovme","robots":{"index":"index","follow":"follow","max-snippet":"max-snippet:-1","max-image-preview":"max-image-preview:large","max-video-preview":"max-video-preview:-1"},"canonical":"https:\/\/lovme.pt\/index.php\/produto\/stimul8-s8-refresh-oleo-de-massagem-de-algodao-125-ml\/","og_locale":"pt_PT","og_type":"article","og_title":"STIMUL8 - S8 REFRESH \u00d3LEO DE MASSAGEM DE ALGOD\u00c3O 125 ML - Lovme","og_description":"STIMUL8 - S8 REFRESH \u00d3LEO DE MASSAGEM DE ALGOD\u00c3O 125 ML","og_url":"https:\/\/lovme.pt\/index.php\/produto\/stimul8-s8-refresh-oleo-de-massagem-de-algodao-125-ml\/","og_site_name":"Lovme","article_modified_time":"2026-02-19T20:04:02+00:00","og_image":[{"width":900,"height":900,"url":"https:\/\/erki24nd3ub.exactdn.com\/wp-content\/uploads\/dream\/img\/img_209234_93396d9c794420410ae8fc0af2916ecd_1.jpg?strip=all","type":"image\/jpeg"}],"twitter_card":"summary_large_image","twitter_misc":{"Tempo estimado de leitura":"2 minutos"},"schema":{"@context":"https:\/\/schema.org","@graph":[{"@type":"WebPage","@id":"https:\/\/lovme.pt\/index.php\/produto\/stimul8-s8-refresh-oleo-de-massagem-de-algodao-125-ml\/","url":"https:\/\/lovme.pt\/index.php\/produto\/stimul8-s8-refresh-oleo-de-massagem-de-algodao-125-ml\/","name":"STIMUL8 - S8 REFRESH \u00d3LEO DE MASSAGEM DE ALGOD\u00c3O 125 ML - Lovme","isPartOf":{"@id":"https:\/\/lovme.pt\/#website"},"primaryImageOfPage":{"@id":"https:\/\/lovme.pt\/index.php\/produto\/stimul8-s8-refresh-oleo-de-massagem-de-algodao-125-ml\/#primaryimage"},"image":{"@id":"https:\/\/lovme.pt\/index.php\/produto\/stimul8-s8-refresh-oleo-de-massagem-de-algodao-125-ml\/#primaryimage"},"thumbnailUrl":"https:\/\/erki24nd3ub.exactdn.com\/wp-content\/uploads\/dream\/img\/img_209234_93396d9c794420410ae8fc0af2916ecd_1.jpg?strip=all","datePublished":"2025-09-30T09:45:18+00:00","dateModified":"2026-02-19T20:04:02+00:00","breadcrumb":{"@id":"https:\/\/lovme.pt\/index.php\/produto\/stimul8-s8-refresh-oleo-de-massagem-de-algodao-125-ml\/#breadcrumb"},"inLanguage":"pt-PT","potentialAction":[{"@type":"ReadAction","target":["https:\/\/lovme.pt\/index.php\/produto\/stimul8-s8-refresh-oleo-de-massagem-de-algodao-125-ml\/"]}]},{"@type":"ImageObject","inLanguage":"pt-PT","@id":"https:\/\/lovme.pt\/index.php\/produto\/stimul8-s8-refresh-oleo-de-massagem-de-algodao-125-ml\/#primaryimage","url":"https:\/\/erki24nd3ub.exactdn.com\/wp-content\/uploads\/dream\/img\/img_209234_93396d9c794420410ae8fc0af2916ecd_1.jpg?strip=all","contentUrl":"https:\/\/erki24nd3ub.exactdn.com\/wp-content\/uploads\/dream\/img\/img_209234_93396d9c794420410ae8fc0af2916ecd_1.jpg?strip=all","width":900,"height":900},{"@type":"BreadcrumbList","@id":"https:\/\/lovme.pt\/index.php\/produto\/stimul8-s8-refresh-oleo-de-massagem-de-algodao-125-ml\/#breadcrumb","itemListElement":[{"@type":"ListItem","position":1,"name":"In\u00edcio","item":"https:\/\/lovme.pt\/"},{"@type":"ListItem","position":2,"name":"Loja","item":"https:\/\/lovme.pt\/index.php\/loja\/"},{"@type":"ListItem","position":3,"name":"STIMUL8 &#8211; S8 REFRESH \u00d3LEO DE MASSAGEM DE ALGOD\u00c3O 125 ML"}]},{"@type":"WebSite","@id":"https:\/\/lovme.pt\/#website","url":"https:\/\/lovme.pt\/","name":"Lovme Loja Er\u00f3tica N\u00ba1 em Portugal","description":"A melhor loja er\u00f3tica de Portugal.","alternateName":"Loja Er\u00f3tica Lovme","potentialAction":[{"@type":"SearchAction","target":{"@type":"EntryPoint","urlTemplate":"https:\/\/lovme.pt\/?s={search_term_string}"},"query-input":{"@type":"PropertyValueSpecification","valueRequired":true,"valueName":"search_term_string"}}],"inLanguage":"pt-PT"}]}},"_links":{"self":[{"href":"https:\/\/lovme.pt\/index.php\/wp-json\/wp\/v2\/product\/52875","targetHints":{"allow":["GET"]}}],"collection":[{"href":"https:\/\/lovme.pt\/index.php\/wp-json\/wp\/v2\/product"}],"about":[{"href":"https:\/\/lovme.pt\/index.php\/wp-json\/wp\/v2\/types\/product"}],"wp:featuredmedia":[{"embeddable":true,"href":"https:\/\/lovme.pt\/index.php\/wp-json\/wp\/v2\/media\/56587"}],"wp:attachment":[{"href":"https:\/\/lovme.pt\/index.php\/wp-json\/wp\/v2\/media?parent=52875"}],"wp:term":[{"taxonomy":"product_brand","embeddable":true,"href":"https:\/\/lovme.pt\/index.php\/wp-json\/wp\/v2\/product_brand?post=52875"},{"taxonomy":"product_cat","embeddable":true,"href":"https:\/\/lovme.pt\/index.php\/wp-json\/wp\/v2\/product_cat?post=52875"},{"taxonomy":"product_tag","embeddable":true,"href":"https:\/\/lovme.pt\/index.php\/wp-json\/wp\/v2\/product_tag?post=52875"}],"curies":[{"name":"wp","href":"https:\/\/api.w.org\/{rel}","templated":true}]}}