{"id":52869,"date":"2025-09-30T09:43:08","date_gmt":"2025-09-30T09:43:08","guid":{"rendered":"https:\/\/lovme.pt\/?post_type=product&p=52869"},"modified":"2026-02-19T20:03:23","modified_gmt":"2026-02-19T20:03:23","slug":"stimul8-s8-lubrificante-de-aloe-vera-125-ml","status":"publish","type":"product","link":"https:\/\/lovme.pt\/index.php\/produto\/stimul8-s8-lubrificante-de-aloe-vera-125-ml\/","title":{"rendered":"STIMUL8 &#8211; S8 LUBRIFICANTE DE ALOE VERA 125 ML"},"content":{"rendered":"<p>O lubrificante premium \u00e0 base de \u00e1gua com Aloe Vera da S8 \u00e9 a combina\u00e7\u00e3o perfeita para consumidores que buscam um lubrificante de qualidade, seguro para o corpo, para aprimorar e nutrir a intimidade pessoal. Esta f\u00f3rmula soberba da S8 cont\u00e9m compostos especiais derivados da Aloe Vera, conhecidos por seu efeito hidratante. Esta escolha natural em lubrificante proporciona um deslizamento sensacional, sendo completamente segura e suave para as membranas mucosas ao redor dos seus pontos sens\u00edveis. O lubrificante \u00e0 base de \u00e1gua com Aloe Vera da S8 \u00e9 totalmente livre de parabenos, ftalatos, gl\u00faten e sulfatos, al\u00e9m de n\u00e3o conter corantes ou conservantes agressivos, proporcionando um apelo totalmente &#8220;natural&#8221;. O lubrificante \u00e0 base de \u00e1gua com Aloe Vera da S8 tamb\u00e9m atende a todas as regulamenta\u00e7\u00f5es atuais da UE relativas a produtos de cuidados \u00edntimos e \u00e9 uma alternativa confi\u00e1vel, com pre\u00e7o competitivo e transparente a outras op\u00e7\u00f5es n\u00e3o aprovadas no mercado.<\/p>\n<p> <u><em><strong>Especifica\u00e7\u00f5es<\/strong><\/em><\/u><\/p>\n<ul>\n<li> Dimens\u00f5es do produto 50 ml<\/li>\n<li> Comprimento total 12 cm<\/li>\n<li> Di\u00e2metro inser\u00edvel \u00d8 3 cm<\/li>\n<li> Testado para alergias Sim<\/li>\n<li> Sem gl\u00faten Sim<\/li>\n<li> Sem parabenos Sim<\/li>\n<li> Sem a\u00e7\u00facar Sim<\/li>\n<li> \u00c0 base de \u00e1gua Sim<\/li>\n<\/ul>\n<p> <u><em><strong>Ingredientes<\/strong><\/em><\/u><\/p>\n<p> AQUA (\u00c1GUA), BUTILENOGLICOL, PROPILENOGLICOL, HIDROXIETILCELULOSE, PANTENOL, SUCO DA FOLHA DE ALOE BARBADENSIS, \u00c1CIDO L\u00c1TICO, SORBATO DE POT\u00c1SSIO<\/p>\n<p> Esta linha S8 de produtos essenciais para cuidados \u00edntimos combina f\u00f3rmulas de alta qualidade com um pre\u00e7o acess\u00edvel a todos, tornando-se uma op\u00e7\u00e3o com excelente custo-benef\u00edcio em bem-estar er\u00f3tico. A linha S8 foi projetada para aumentar o prazer e aprimorar a intimidade de forma natural e segura para o corpo. A cole\u00e7\u00e3o S8 oferece algo para todos os gostos. De lubrificantes \u00e0 base de \u00e1gua, \u00e0 base de silicone, aromatizados e h\u00edbridos a limpadores de brinquedos e g\u00e9is estimulantes: a S8 tem de tudo. O apelo da farm\u00e1cia S8 \u00e9 o mais &#8220;natural&#8221; poss\u00edvel, imitando a lubrifica\u00e7\u00e3o natural e mantendo as f\u00f3rmulas livres de quaisquer produtos qu\u00edmicos desnecess\u00e1rios. Os produtos n\u00e3o cont\u00eam conservantes agressivos e s\u00e3o livres de parabenos, ftalatos e gl\u00faten  todos mencionados claramente na embalagem transparente dos lubrificantes. A S8 adere a todas as normas e regulamentos europeus para produtos de cuidados \u00edntimos e oferece uma experi\u00eancia confi\u00e1vel, segura para o corpo e indulgente para todos os amantes do prazer \u00edntimo.<\/p>\n","protected":false},"excerpt":{"rendered":"<p>STIMUL8 &#8211; S8 LUBRIFICANTE DE ALOE VERA 125 ML<\/p>\n","protected":false},"featured_media":56156,"template":"","meta":{"_acf_changed":false},"product_brand":[],"product_cat":[49,53],"product_tag":[],"class_list":{"0":"post-52869","1":"product","2":"type-product","3":"status-publish","4":"has-post-thumbnail","6":"product_cat-cosmeticos","7":"product_cat-lubrificantes-intimos","8":"yith_product_brand-stimul8","10":"first","11":"instock","12":"taxable","13":"shipping-taxable","14":"purchasable","15":"product-type-simple"},"acf":[],"yoast_head":"<!-- This site is optimized with the Yoast SEO plugin v27.4 - https:\/\/yoast.com\/product\/yoast-seo-wordpress\/ -->\n<title>STIMUL8 - S8 LUBRIFICANTE DE ALOE VERA 125 ML - Lovme<\/title>\n<meta name=\"robots\" content=\"index, follow, max-snippet:-1, max-image-preview:large, max-video-preview:-1\" \/>\n<link rel=\"canonical\" href=\"https:\/\/lovme.pt\/index.php\/produto\/stimul8-s8-lubrificante-de-aloe-vera-125-ml\/\" \/>\n<meta property=\"og:locale\" content=\"pt_PT\" \/>\n<meta property=\"og:type\" content=\"article\" \/>\n<meta property=\"og:title\" content=\"STIMUL8 - S8 LUBRIFICANTE DE ALOE VERA 125 ML - Lovme\" \/>\n<meta property=\"og:description\" content=\"STIMUL8 - S8 LUBRIFICANTE DE ALOE VERA 125 ML\" \/>\n<meta property=\"og:url\" content=\"https:\/\/lovme.pt\/index.php\/produto\/stimul8-s8-lubrificante-de-aloe-vera-125-ml\/\" \/>\n<meta property=\"og:site_name\" content=\"Lovme\" \/>\n<meta property=\"article:modified_time\" content=\"2026-02-19T20:03:23+00:00\" \/>\n<meta property=\"og:image\" content=\"https:\/\/erki24nd3ub.exactdn.com\/wp-content\/uploads\/dream\/img\/img_208743_37daac305d78693db35c5b09db7e1171_1.jpg?strip=all\" \/>\n\t<meta property=\"og:image:width\" content=\"900\" \/>\n\t<meta property=\"og:image:height\" content=\"900\" \/>\n\t<meta property=\"og:image:type\" content=\"image\/jpeg\" \/>\n<meta name=\"twitter:card\" content=\"summary_large_image\" \/>\n<meta name=\"twitter:label1\" content=\"Tempo estimado de leitura\" \/>\n\t<meta name=\"twitter:data1\" content=\"2 minutos\" \/>\n<script type=\"application\/ld+json\" class=\"yoast-schema-graph\">{\"@context\":\"https:\\\/\\\/schema.org\",\"@graph\":[{\"@type\":\"WebPage\",\"@id\":\"https:\\\/\\\/lovme.pt\\\/index.php\\\/produto\\\/stimul8-s8-lubrificante-de-aloe-vera-125-ml\\\/\",\"url\":\"https:\\\/\\\/lovme.pt\\\/index.php\\\/produto\\\/stimul8-s8-lubrificante-de-aloe-vera-125-ml\\\/\",\"name\":\"STIMUL8 - S8 LUBRIFICANTE DE ALOE VERA 125 ML - Lovme\",\"isPartOf\":{\"@id\":\"https:\\\/\\\/lovme.pt\\\/#website\"},\"primaryImageOfPage\":{\"@id\":\"https:\\\/\\\/lovme.pt\\\/index.php\\\/produto\\\/stimul8-s8-lubrificante-de-aloe-vera-125-ml\\\/#primaryimage\"},\"image\":{\"@id\":\"https:\\\/\\\/lovme.pt\\\/index.php\\\/produto\\\/stimul8-s8-lubrificante-de-aloe-vera-125-ml\\\/#primaryimage\"},\"thumbnailUrl\":\"https:\\\/\\\/erki24nd3ub.exactdn.com\\\/wp-content\\\/uploads\\\/dream\\\/img\\\/img_208743_37daac305d78693db35c5b09db7e1171_1.jpg?strip=all\",\"datePublished\":\"2025-09-30T09:43:08+00:00\",\"dateModified\":\"2026-02-19T20:03:23+00:00\",\"breadcrumb\":{\"@id\":\"https:\\\/\\\/lovme.pt\\\/index.php\\\/produto\\\/stimul8-s8-lubrificante-de-aloe-vera-125-ml\\\/#breadcrumb\"},\"inLanguage\":\"pt-PT\",\"potentialAction\":[{\"@type\":\"ReadAction\",\"target\":[\"https:\\\/\\\/lovme.pt\\\/index.php\\\/produto\\\/stimul8-s8-lubrificante-de-aloe-vera-125-ml\\\/\"]}]},{\"@type\":\"ImageObject\",\"inLanguage\":\"pt-PT\",\"@id\":\"https:\\\/\\\/lovme.pt\\\/index.php\\\/produto\\\/stimul8-s8-lubrificante-de-aloe-vera-125-ml\\\/#primaryimage\",\"url\":\"https:\\\/\\\/erki24nd3ub.exactdn.com\\\/wp-content\\\/uploads\\\/dream\\\/img\\\/img_208743_37daac305d78693db35c5b09db7e1171_1.jpg?strip=all\",\"contentUrl\":\"https:\\\/\\\/erki24nd3ub.exactdn.com\\\/wp-content\\\/uploads\\\/dream\\\/img\\\/img_208743_37daac305d78693db35c5b09db7e1171_1.jpg?strip=all\",\"width\":900,\"height\":900},{\"@type\":\"BreadcrumbList\",\"@id\":\"https:\\\/\\\/lovme.pt\\\/index.php\\\/produto\\\/stimul8-s8-lubrificante-de-aloe-vera-125-ml\\\/#breadcrumb\",\"itemListElement\":[{\"@type\":\"ListItem\",\"position\":1,\"name\":\"In\u00edcio\",\"item\":\"https:\\\/\\\/lovme.pt\\\/\"},{\"@type\":\"ListItem\",\"position\":2,\"name\":\"Loja\",\"item\":\"https:\\\/\\\/lovme.pt\\\/index.php\\\/loja\\\/\"},{\"@type\":\"ListItem\",\"position\":3,\"name\":\"STIMUL8 &#8211; S8 LUBRIFICANTE DE ALOE VERA 125 ML\"}]},{\"@type\":\"WebSite\",\"@id\":\"https:\\\/\\\/lovme.pt\\\/#website\",\"url\":\"https:\\\/\\\/lovme.pt\\\/\",\"name\":\"Lovme Loja Er\u00f3tica N\u00ba1 em Portugal\",\"description\":\"A melhor loja er\u00f3tica de Portugal.\",\"alternateName\":\"Loja Er\u00f3tica Lovme\",\"potentialAction\":[{\"@type\":\"SearchAction\",\"target\":{\"@type\":\"EntryPoint\",\"urlTemplate\":\"https:\\\/\\\/lovme.pt\\\/?s={search_term_string}\"},\"query-input\":{\"@type\":\"PropertyValueSpecification\",\"valueRequired\":true,\"valueName\":\"search_term_string\"}}],\"inLanguage\":\"pt-PT\"}]}<\/script>\n<!-- \/ Yoast SEO plugin. -->","yoast_head_json":{"title":"STIMUL8 - S8 LUBRIFICANTE DE ALOE VERA 125 ML - Lovme","robots":{"index":"index","follow":"follow","max-snippet":"max-snippet:-1","max-image-preview":"max-image-preview:large","max-video-preview":"max-video-preview:-1"},"canonical":"https:\/\/lovme.pt\/index.php\/produto\/stimul8-s8-lubrificante-de-aloe-vera-125-ml\/","og_locale":"pt_PT","og_type":"article","og_title":"STIMUL8 - S8 LUBRIFICANTE DE ALOE VERA 125 ML - Lovme","og_description":"STIMUL8 - S8 LUBRIFICANTE DE ALOE VERA 125 ML","og_url":"https:\/\/lovme.pt\/index.php\/produto\/stimul8-s8-lubrificante-de-aloe-vera-125-ml\/","og_site_name":"Lovme","article_modified_time":"2026-02-19T20:03:23+00:00","og_image":[{"width":900,"height":900,"url":"https:\/\/erki24nd3ub.exactdn.com\/wp-content\/uploads\/dream\/img\/img_208743_37daac305d78693db35c5b09db7e1171_1.jpg?strip=all","type":"image\/jpeg"}],"twitter_card":"summary_large_image","twitter_misc":{"Tempo estimado de leitura":"2 minutos"},"schema":{"@context":"https:\/\/schema.org","@graph":[{"@type":"WebPage","@id":"https:\/\/lovme.pt\/index.php\/produto\/stimul8-s8-lubrificante-de-aloe-vera-125-ml\/","url":"https:\/\/lovme.pt\/index.php\/produto\/stimul8-s8-lubrificante-de-aloe-vera-125-ml\/","name":"STIMUL8 - S8 LUBRIFICANTE DE ALOE VERA 125 ML - Lovme","isPartOf":{"@id":"https:\/\/lovme.pt\/#website"},"primaryImageOfPage":{"@id":"https:\/\/lovme.pt\/index.php\/produto\/stimul8-s8-lubrificante-de-aloe-vera-125-ml\/#primaryimage"},"image":{"@id":"https:\/\/lovme.pt\/index.php\/produto\/stimul8-s8-lubrificante-de-aloe-vera-125-ml\/#primaryimage"},"thumbnailUrl":"https:\/\/erki24nd3ub.exactdn.com\/wp-content\/uploads\/dream\/img\/img_208743_37daac305d78693db35c5b09db7e1171_1.jpg?strip=all","datePublished":"2025-09-30T09:43:08+00:00","dateModified":"2026-02-19T20:03:23+00:00","breadcrumb":{"@id":"https:\/\/lovme.pt\/index.php\/produto\/stimul8-s8-lubrificante-de-aloe-vera-125-ml\/#breadcrumb"},"inLanguage":"pt-PT","potentialAction":[{"@type":"ReadAction","target":["https:\/\/lovme.pt\/index.php\/produto\/stimul8-s8-lubrificante-de-aloe-vera-125-ml\/"]}]},{"@type":"ImageObject","inLanguage":"pt-PT","@id":"https:\/\/lovme.pt\/index.php\/produto\/stimul8-s8-lubrificante-de-aloe-vera-125-ml\/#primaryimage","url":"https:\/\/erki24nd3ub.exactdn.com\/wp-content\/uploads\/dream\/img\/img_208743_37daac305d78693db35c5b09db7e1171_1.jpg?strip=all","contentUrl":"https:\/\/erki24nd3ub.exactdn.com\/wp-content\/uploads\/dream\/img\/img_208743_37daac305d78693db35c5b09db7e1171_1.jpg?strip=all","width":900,"height":900},{"@type":"BreadcrumbList","@id":"https:\/\/lovme.pt\/index.php\/produto\/stimul8-s8-lubrificante-de-aloe-vera-125-ml\/#breadcrumb","itemListElement":[{"@type":"ListItem","position":1,"name":"In\u00edcio","item":"https:\/\/lovme.pt\/"},{"@type":"ListItem","position":2,"name":"Loja","item":"https:\/\/lovme.pt\/index.php\/loja\/"},{"@type":"ListItem","position":3,"name":"STIMUL8 &#8211; S8 LUBRIFICANTE DE ALOE VERA 125 ML"}]},{"@type":"WebSite","@id":"https:\/\/lovme.pt\/#website","url":"https:\/\/lovme.pt\/","name":"Lovme Loja Er\u00f3tica N\u00ba1 em Portugal","description":"A melhor loja er\u00f3tica de Portugal.","alternateName":"Loja Er\u00f3tica Lovme","potentialAction":[{"@type":"SearchAction","target":{"@type":"EntryPoint","urlTemplate":"https:\/\/lovme.pt\/?s={search_term_string}"},"query-input":{"@type":"PropertyValueSpecification","valueRequired":true,"valueName":"search_term_string"}}],"inLanguage":"pt-PT"}]}},"_links":{"self":[{"href":"https:\/\/lovme.pt\/index.php\/wp-json\/wp\/v2\/product\/52869","targetHints":{"allow":["GET"]}}],"collection":[{"href":"https:\/\/lovme.pt\/index.php\/wp-json\/wp\/v2\/product"}],"about":[{"href":"https:\/\/lovme.pt\/index.php\/wp-json\/wp\/v2\/types\/product"}],"wp:featuredmedia":[{"embeddable":true,"href":"https:\/\/lovme.pt\/index.php\/wp-json\/wp\/v2\/media\/56156"}],"wp:attachment":[{"href":"https:\/\/lovme.pt\/index.php\/wp-json\/wp\/v2\/media?parent=52869"}],"wp:term":[{"taxonomy":"product_brand","embeddable":true,"href":"https:\/\/lovme.pt\/index.php\/wp-json\/wp\/v2\/product_brand?post=52869"},{"taxonomy":"product_cat","embeddable":true,"href":"https:\/\/lovme.pt\/index.php\/wp-json\/wp\/v2\/product_cat?post=52869"},{"taxonomy":"product_tag","embeddable":true,"href":"https:\/\/lovme.pt\/index.php\/wp-json\/wp\/v2\/product_tag?post=52869"}],"curies":[{"name":"wp","href":"https:\/\/api.w.org\/{rel}","templated":true}]}}