{"id":52839,"date":"2025-10-01T01:11:23","date_gmt":"2025-10-01T01:11:23","guid":{"rendered":"https:\/\/lovme.pt\/?post_type=product&#038;p=52839"},"modified":"2026-02-19T20:23:28","modified_gmt":"2026-02-19T20:23:28","slug":"passion-conjunto-porigelia-vermelho-e-preto-p-m","status":"publish","type":"product","link":"https:\/\/lovme.pt\/index.php\/produto\/passion-conjunto-porigelia-vermelho-e-preto-p-m\/","title":{"rendered":"PASSION &#8211; PORIGELIA SET ROJO Y NEGRO S\/M"},"content":{"rendered":"<p><b>PORIG\u00c9LIA<\/b><\/p>\n<p>Eleve sua cole\u00e7\u00e3o de lingerie com o irresist\u00edvel conjunto vermelho e preto da <strong>PASSION<\/strong> , uma fus\u00e3o perfeita de sensualidade cl\u00e1ssica e design moderno. Este conjunto de tr\u00eas pe\u00e7as \u2014 suti\u00e3, calcinha e cinta-liga \u2014 foi criado para real\u00e7ar cada curva com eleg\u00e2ncia, intensidade e um toque de ousadia.<\/p>\n<p>O suti\u00e3, em vermelho vibrante com detalhes em preto profundo, real\u00e7a o busto com um ajuste confort\u00e1vel e elegante, enquanto a calcinha combinando proporciona um equil\u00edbrio entre cobertura e sedu\u00e7\u00e3o. A cinta-liga, com al\u00e7as ajust\u00e1veis e design aerodin\u00e2mico, completa o look com um toque provocante e sofisticado, ideal para combinar com meias-cal\u00e7as sensuais.<\/p>\n<p>O contraste entre as cores real\u00e7a seu apelo visual, e o material macio e el\u00e1stico \u2014 85% poli\u00e9ster, 10% elastano e 5% poliamida \u2014 garante um ajuste perfeito e uma sensa\u00e7\u00e3o envolvente \u00e0 pele.<\/p>\n<p>Dispon\u00edvel nos tamanhos P\/M e G\/GG, este conjunto \u00e9 a op\u00e7\u00e3o ideal para mulheres que buscam uma lingerie ousada, elegante e cheia de personalidade. Perfeito para uma noite especial&#8230; ou para tornar qualquer noite uma ocasi\u00e3o inesquec\u00edvel.<\/p>\n<p><span style=\"line-height: 16.64px;\"><strong>Passion<\/strong> \u00e9 uma lingerie fabricada na Uni\u00e3o Europeia com rigorosos controles de qualidade, cuidando dos m\u00ednimos detalhes, tanto na fabrica\u00e7\u00e3o quanto nos elementos decorativos. Criada para o mundo de hoje, para pessoas din\u00e2micas, \u00e1vidas por inova\u00e7\u00e3o e que se sentem sempre atualizadas.<\/span><\/p>\n<table border=\"1\" cellpadding=\"1\" cellspacing=\"1\" style=\"width: 500px;\">\n<tbody>\n<tr>\n<td>\u00a0<\/td>\n<td>P\/M<\/td>\n<td>G\/GG<\/td>\n<\/tr>\n<tr>\n<td>Crescimento<\/td>\n<td>158-164<\/td>\n<td>164-170<\/td>\n<\/tr>\n<tr>\n<td>Busto<\/td>\n<td>CA<\/td>\n<td>BD<\/td>\n<\/tr>\n<tr>\n<td>Cintura<\/td>\n<td>60-72<\/td>\n<td>72-84<\/td>\n<\/tr>\n<tr>\n<td>Quadris<\/td>\n<td>88-100<\/td>\n<td>100-112<\/td>\n<\/tr>\n<\/tbody>\n<\/table>\n","protected":false},"excerpt":{"rendered":"<p>PASSION &#8211; CONJUNTO PORIG\u00c9LIA VERMELHO E PRETO P\/M<\/p>\n","protected":false},"featured_media":94227,"template":"","meta":{"_acf_changed":false},"product_brand":[],"product_cat":[47,66],"product_tag":[],"class_list":{"0":"post-52839","1":"product","2":"type-product","3":"status-publish","4":"has-post-thumbnail","6":"product_cat-lingerie","7":"product_cat-lingerie-feminina","8":"yith_product_brand-passion","9":"yith_product_brand-passionpassion-woman","10":"yith_product_brand-passionpassion-womanpassion-woman-sets","12":"first","13":"instock","14":"taxable","15":"shipping-taxable","16":"purchasable","17":"product-type-variable","18":"has-default-attributes"},"acf":[],"yoast_head":"<!-- This site is optimized with the Yoast SEO plugin v27.4 - https:\/\/yoast.com\/product\/yoast-seo-wordpress\/ -->\n<title>PASSION - PORIGELIA SET ROJO Y NEGRO S\/M - Lovme<\/title>\n<meta name=\"robots\" content=\"index, follow, max-snippet:-1, max-image-preview:large, max-video-preview:-1\" \/>\n<link rel=\"canonical\" href=\"https:\/\/lovme.pt\/index.php\/produto\/passion-conjunto-porigelia-vermelho-e-preto-p-m\/\" \/>\n<meta property=\"og:locale\" content=\"pt_PT\" \/>\n<meta property=\"og:type\" content=\"article\" \/>\n<meta property=\"og:title\" content=\"PASSION - PORIGELIA SET ROJO Y NEGRO S\/M - Lovme\" \/>\n<meta property=\"og:description\" content=\"PASSION - CONJUNTO PORIG\u00c9LIA VERMELHO E PRETO P\/M\" \/>\n<meta property=\"og:url\" content=\"https:\/\/lovme.pt\/index.php\/produto\/passion-conjunto-porigelia-vermelho-e-preto-p-m\/\" \/>\n<meta property=\"og:site_name\" content=\"Lovme\" \/>\n<meta property=\"article:modified_time\" content=\"2026-02-19T20:23:28+00:00\" \/>\n<meta property=\"og:image\" content=\"https:\/\/erki24nd3ub.exactdn.com\/wp-content\/uploads\/dream\/img\/img_208683_11f66381dd93734581411ee2c8b4781f_1.jpg?strip=all\" \/>\n\t<meta property=\"og:image:width\" content=\"900\" \/>\n\t<meta property=\"og:image:height\" content=\"900\" \/>\n\t<meta property=\"og:image:type\" content=\"image\/jpeg\" \/>\n<meta name=\"twitter:card\" content=\"summary_large_image\" \/>\n<meta name=\"twitter:label1\" content=\"Tempo estimado de leitura\" \/>\n\t<meta name=\"twitter:data1\" content=\"1 minuto\" \/>\n<script type=\"application\/ld+json\" class=\"yoast-schema-graph\">{\"@context\":\"https:\\\/\\\/schema.org\",\"@graph\":[{\"@type\":\"WebPage\",\"@id\":\"https:\\\/\\\/lovme.pt\\\/index.php\\\/produto\\\/passion-conjunto-porigelia-vermelho-e-preto-p-m\\\/\",\"url\":\"https:\\\/\\\/lovme.pt\\\/index.php\\\/produto\\\/passion-conjunto-porigelia-vermelho-e-preto-p-m\\\/\",\"name\":\"PASSION - PORIGELIA SET ROJO Y NEGRO S\\\/M - Lovme\",\"isPartOf\":{\"@id\":\"https:\\\/\\\/lovme.pt\\\/#website\"},\"primaryImageOfPage\":{\"@id\":\"https:\\\/\\\/lovme.pt\\\/index.php\\\/produto\\\/passion-conjunto-porigelia-vermelho-e-preto-p-m\\\/#primaryimage\"},\"image\":{\"@id\":\"https:\\\/\\\/lovme.pt\\\/index.php\\\/produto\\\/passion-conjunto-porigelia-vermelho-e-preto-p-m\\\/#primaryimage\"},\"thumbnailUrl\":\"https:\\\/\\\/erki24nd3ub.exactdn.com\\\/wp-content\\\/uploads\\\/dream\\\/img\\\/img_208683_11f66381dd93734581411ee2c8b4781f_1.jpg?strip=all\",\"datePublished\":\"2025-10-01T01:11:23+00:00\",\"dateModified\":\"2026-02-19T20:23:28+00:00\",\"breadcrumb\":{\"@id\":\"https:\\\/\\\/lovme.pt\\\/index.php\\\/produto\\\/passion-conjunto-porigelia-vermelho-e-preto-p-m\\\/#breadcrumb\"},\"inLanguage\":\"pt-PT\",\"potentialAction\":[{\"@type\":\"ReadAction\",\"target\":[\"https:\\\/\\\/lovme.pt\\\/index.php\\\/produto\\\/passion-conjunto-porigelia-vermelho-e-preto-p-m\\\/\"]}]},{\"@type\":\"ImageObject\",\"inLanguage\":\"pt-PT\",\"@id\":\"https:\\\/\\\/lovme.pt\\\/index.php\\\/produto\\\/passion-conjunto-porigelia-vermelho-e-preto-p-m\\\/#primaryimage\",\"url\":\"https:\\\/\\\/erki24nd3ub.exactdn.com\\\/wp-content\\\/uploads\\\/dream\\\/img\\\/img_208683_11f66381dd93734581411ee2c8b4781f_1.jpg?strip=all\",\"contentUrl\":\"https:\\\/\\\/erki24nd3ub.exactdn.com\\\/wp-content\\\/uploads\\\/dream\\\/img\\\/img_208683_11f66381dd93734581411ee2c8b4781f_1.jpg?strip=all\",\"width\":900,\"height\":900},{\"@type\":\"BreadcrumbList\",\"@id\":\"https:\\\/\\\/lovme.pt\\\/index.php\\\/produto\\\/passion-conjunto-porigelia-vermelho-e-preto-p-m\\\/#breadcrumb\",\"itemListElement\":[{\"@type\":\"ListItem\",\"position\":1,\"name\":\"In\u00edcio\",\"item\":\"https:\\\/\\\/lovme.pt\\\/\"},{\"@type\":\"ListItem\",\"position\":2,\"name\":\"Loja\",\"item\":\"https:\\\/\\\/lovme.pt\\\/index.php\\\/loja\\\/\"},{\"@type\":\"ListItem\",\"position\":3,\"name\":\"PASSION &#8211; PORIGELIA SET ROJO Y NEGRO S\\\/M\"}]},{\"@type\":\"WebSite\",\"@id\":\"https:\\\/\\\/lovme.pt\\\/#website\",\"url\":\"https:\\\/\\\/lovme.pt\\\/\",\"name\":\"Lovme Loja Er\u00f3tica N\u00ba1 em Portugal\",\"description\":\"A melhor loja er\u00f3tica de Portugal.\",\"alternateName\":\"Loja Er\u00f3tica Lovme\",\"potentialAction\":[{\"@type\":\"SearchAction\",\"target\":{\"@type\":\"EntryPoint\",\"urlTemplate\":\"https:\\\/\\\/lovme.pt\\\/?s={search_term_string}\"},\"query-input\":{\"@type\":\"PropertyValueSpecification\",\"valueRequired\":true,\"valueName\":\"search_term_string\"}}],\"inLanguage\":\"pt-PT\"}]}<\/script>\n<!-- \/ Yoast SEO plugin. -->","yoast_head_json":{"title":"PASSION - PORIGELIA SET ROJO Y NEGRO S\/M - Lovme","robots":{"index":"index","follow":"follow","max-snippet":"max-snippet:-1","max-image-preview":"max-image-preview:large","max-video-preview":"max-video-preview:-1"},"canonical":"https:\/\/lovme.pt\/index.php\/produto\/passion-conjunto-porigelia-vermelho-e-preto-p-m\/","og_locale":"pt_PT","og_type":"article","og_title":"PASSION - PORIGELIA SET ROJO Y NEGRO S\/M - Lovme","og_description":"PASSION - CONJUNTO PORIG\u00c9LIA VERMELHO E PRETO P\/M","og_url":"https:\/\/lovme.pt\/index.php\/produto\/passion-conjunto-porigelia-vermelho-e-preto-p-m\/","og_site_name":"Lovme","article_modified_time":"2026-02-19T20:23:28+00:00","og_image":[{"width":900,"height":900,"url":"https:\/\/erki24nd3ub.exactdn.com\/wp-content\/uploads\/dream\/img\/img_208683_11f66381dd93734581411ee2c8b4781f_1.jpg?strip=all","type":"image\/jpeg"}],"twitter_card":"summary_large_image","twitter_misc":{"Tempo estimado de leitura":"1 minuto"},"schema":{"@context":"https:\/\/schema.org","@graph":[{"@type":"WebPage","@id":"https:\/\/lovme.pt\/index.php\/produto\/passion-conjunto-porigelia-vermelho-e-preto-p-m\/","url":"https:\/\/lovme.pt\/index.php\/produto\/passion-conjunto-porigelia-vermelho-e-preto-p-m\/","name":"PASSION - PORIGELIA SET ROJO Y NEGRO S\/M - Lovme","isPartOf":{"@id":"https:\/\/lovme.pt\/#website"},"primaryImageOfPage":{"@id":"https:\/\/lovme.pt\/index.php\/produto\/passion-conjunto-porigelia-vermelho-e-preto-p-m\/#primaryimage"},"image":{"@id":"https:\/\/lovme.pt\/index.php\/produto\/passion-conjunto-porigelia-vermelho-e-preto-p-m\/#primaryimage"},"thumbnailUrl":"https:\/\/erki24nd3ub.exactdn.com\/wp-content\/uploads\/dream\/img\/img_208683_11f66381dd93734581411ee2c8b4781f_1.jpg?strip=all","datePublished":"2025-10-01T01:11:23+00:00","dateModified":"2026-02-19T20:23:28+00:00","breadcrumb":{"@id":"https:\/\/lovme.pt\/index.php\/produto\/passion-conjunto-porigelia-vermelho-e-preto-p-m\/#breadcrumb"},"inLanguage":"pt-PT","potentialAction":[{"@type":"ReadAction","target":["https:\/\/lovme.pt\/index.php\/produto\/passion-conjunto-porigelia-vermelho-e-preto-p-m\/"]}]},{"@type":"ImageObject","inLanguage":"pt-PT","@id":"https:\/\/lovme.pt\/index.php\/produto\/passion-conjunto-porigelia-vermelho-e-preto-p-m\/#primaryimage","url":"https:\/\/erki24nd3ub.exactdn.com\/wp-content\/uploads\/dream\/img\/img_208683_11f66381dd93734581411ee2c8b4781f_1.jpg?strip=all","contentUrl":"https:\/\/erki24nd3ub.exactdn.com\/wp-content\/uploads\/dream\/img\/img_208683_11f66381dd93734581411ee2c8b4781f_1.jpg?strip=all","width":900,"height":900},{"@type":"BreadcrumbList","@id":"https:\/\/lovme.pt\/index.php\/produto\/passion-conjunto-porigelia-vermelho-e-preto-p-m\/#breadcrumb","itemListElement":[{"@type":"ListItem","position":1,"name":"In\u00edcio","item":"https:\/\/lovme.pt\/"},{"@type":"ListItem","position":2,"name":"Loja","item":"https:\/\/lovme.pt\/index.php\/loja\/"},{"@type":"ListItem","position":3,"name":"PASSION &#8211; PORIGELIA SET ROJO Y NEGRO S\/M"}]},{"@type":"WebSite","@id":"https:\/\/lovme.pt\/#website","url":"https:\/\/lovme.pt\/","name":"Lovme Loja Er\u00f3tica N\u00ba1 em Portugal","description":"A melhor loja er\u00f3tica de Portugal.","alternateName":"Loja Er\u00f3tica Lovme","potentialAction":[{"@type":"SearchAction","target":{"@type":"EntryPoint","urlTemplate":"https:\/\/lovme.pt\/?s={search_term_string}"},"query-input":{"@type":"PropertyValueSpecification","valueRequired":true,"valueName":"search_term_string"}}],"inLanguage":"pt-PT"}]}},"_links":{"self":[{"href":"https:\/\/lovme.pt\/index.php\/wp-json\/wp\/v2\/product\/52839","targetHints":{"allow":["GET"]}}],"collection":[{"href":"https:\/\/lovme.pt\/index.php\/wp-json\/wp\/v2\/product"}],"about":[{"href":"https:\/\/lovme.pt\/index.php\/wp-json\/wp\/v2\/types\/product"}],"wp:featuredmedia":[{"embeddable":true,"href":"https:\/\/lovme.pt\/index.php\/wp-json\/wp\/v2\/media\/94227"}],"wp:attachment":[{"href":"https:\/\/lovme.pt\/index.php\/wp-json\/wp\/v2\/media?parent=52839"}],"wp:term":[{"taxonomy":"product_brand","embeddable":true,"href":"https:\/\/lovme.pt\/index.php\/wp-json\/wp\/v2\/product_brand?post=52839"},{"taxonomy":"product_cat","embeddable":true,"href":"https:\/\/lovme.pt\/index.php\/wp-json\/wp\/v2\/product_cat?post=52839"},{"taxonomy":"product_tag","embeddable":true,"href":"https:\/\/lovme.pt\/index.php\/wp-json\/wp\/v2\/product_tag?post=52839"}],"curies":[{"name":"wp","href":"https:\/\/api.w.org\/{rel}","templated":true}]}}