{"id":52821,"date":"2025-09-30T22:52:57","date_gmt":"2025-09-30T22:52:57","guid":{"rendered":"https:\/\/lovme.pt\/?post_type=product&p=52821"},"modified":"2026-02-19T20:13:25","modified_gmt":"2026-02-19T20:13:25","slug":"electrastim-adaptador-padrao-para-tomada-35-mm","status":"publish","type":"product","link":"https:\/\/lovme.pt\/index.php\/produto\/electrastim-adaptador-padrao-para-tomada-35-mm\/","title":{"rendered":"ELECTRASTIM &#8211; ADAPTADOR PADR\u00c3O PARA TOMADA 3,5 MM"},"content":{"rendered":"<p>Voc\u00ea tem brinquedos ou acess\u00f3rios eletrossexuais de outras marcas que gostaria de usar com o seu estimulador ElectraStim? Use o adaptador de 3,5 mm (f\u00eamea) do estimulador ElectraStim para desfrutar de qualquer brinquedo com um cabo integrado e um conector de 3,5 mm junto com o seu estimulador ElectraStim.<\/p>\n<p> Este adaptador f\u00eamea de 3,5 mm permite que seu estimulador ElectraStim aceite conectores macho de 3,5 mm.<\/p>\n<p> Um cabo por pacote.<\/p>\n<p> <em>Voc\u00ea precisa converter sua outra marca de estimulador para uso com acess\u00f3rios ElectraStim? Experimente a vers\u00e3o oposta deste cabo!<\/em><\/p>\n<p> <u><em><strong>Especifica\u00e7\u00f5es:<\/strong><\/em><\/u><\/p>\n<ul>\n<li> Compat\u00edvel com todas as caixas de energia ElectraStim e qualquer brinquedo com plugue de 3,5 mm (inclusive de outros fabricantes). Cada conversor permite que voc\u00ea converta um acess\u00f3rio para uso com estimuladores ElectraStim.<\/li>\n<li> Comprimento: 150 mm \/ 6 polegadas<\/li>\n<li> Conex\u00e3o: tomada de 3,5 mm (f\u00eamea) para cabo de estimulador ElectraStim patenteado<\/li>\n<\/ul>\n","protected":false},"excerpt":{"rendered":"<p>ELECTRASTIM &#8211; ADAPTADOR PADR\u00c3O PARA TOMADA 3,5 MM<\/p>\n","protected":false},"featured_media":81818,"template":"","meta":{"_acf_changed":false},"product_brand":[],"product_cat":[48],"product_tag":[],"class_list":{"0":"post-52821","1":"product","2":"type-product","3":"status-publish","4":"has-post-thumbnail","6":"product_cat-bdsm","7":"yith_product_brand-electrastim","9":"first","10":"instock","11":"taxable","12":"shipping-taxable","13":"purchasable","14":"product-type-simple"},"acf":[],"yoast_head":"<!-- This site is optimized with the Yoast SEO plugin v27.4 - https:\/\/yoast.com\/product\/yoast-seo-wordpress\/ -->\n<title>ELECTRASTIM - ADAPTADOR PADR\u00c3O PARA TOMADA 3,5 MM - Lovme<\/title>\n<meta name=\"robots\" content=\"index, follow, max-snippet:-1, max-image-preview:large, max-video-preview:-1\" \/>\n<link rel=\"canonical\" href=\"https:\/\/lovme.pt\/index.php\/produto\/electrastim-adaptador-padrao-para-tomada-35-mm\/\" \/>\n<meta property=\"og:locale\" content=\"pt_PT\" \/>\n<meta property=\"og:type\" content=\"article\" \/>\n<meta property=\"og:title\" content=\"ELECTRASTIM - ADAPTADOR PADR\u00c3O PARA TOMADA 3,5 MM - Lovme\" \/>\n<meta property=\"og:description\" content=\"ELECTRASTIM - ADAPTADOR PADR\u00c3O PARA TOMADA 3,5 MM\" \/>\n<meta property=\"og:url\" content=\"https:\/\/lovme.pt\/index.php\/produto\/electrastim-adaptador-padrao-para-tomada-35-mm\/\" \/>\n<meta property=\"og:site_name\" content=\"Lovme\" \/>\n<meta property=\"article:modified_time\" content=\"2026-02-19T20:13:25+00:00\" \/>\n<meta property=\"og:image\" content=\"https:\/\/erki24nd3ub.exactdn.com\/wp-content\/uploads\/dream\/img\/img_208595_79a528e1ea0b4f8a7aed859b942b410f_1.jpg?strip=all\" \/>\n\t<meta property=\"og:image:width\" content=\"900\" \/>\n\t<meta property=\"og:image:height\" content=\"900\" \/>\n\t<meta property=\"og:image:type\" content=\"image\/jpeg\" \/>\n<meta name=\"twitter:card\" content=\"summary_large_image\" \/>\n<meta name=\"twitter:label1\" content=\"Tempo estimado de leitura\" \/>\n\t<meta name=\"twitter:data1\" content=\"1 minuto\" \/>\n<script type=\"application\/ld+json\" class=\"yoast-schema-graph\">{\"@context\":\"https:\\\/\\\/schema.org\",\"@graph\":[{\"@type\":\"WebPage\",\"@id\":\"https:\\\/\\\/lovme.pt\\\/index.php\\\/produto\\\/electrastim-adaptador-padrao-para-tomada-35-mm\\\/\",\"url\":\"https:\\\/\\\/lovme.pt\\\/index.php\\\/produto\\\/electrastim-adaptador-padrao-para-tomada-35-mm\\\/\",\"name\":\"ELECTRASTIM - ADAPTADOR PADR\u00c3O PARA TOMADA 3,5 MM - Lovme\",\"isPartOf\":{\"@id\":\"https:\\\/\\\/lovme.pt\\\/#website\"},\"primaryImageOfPage\":{\"@id\":\"https:\\\/\\\/lovme.pt\\\/index.php\\\/produto\\\/electrastim-adaptador-padrao-para-tomada-35-mm\\\/#primaryimage\"},\"image\":{\"@id\":\"https:\\\/\\\/lovme.pt\\\/index.php\\\/produto\\\/electrastim-adaptador-padrao-para-tomada-35-mm\\\/#primaryimage\"},\"thumbnailUrl\":\"https:\\\/\\\/erki24nd3ub.exactdn.com\\\/wp-content\\\/uploads\\\/dream\\\/img\\\/img_208595_79a528e1ea0b4f8a7aed859b942b410f_1.jpg?strip=all\",\"datePublished\":\"2025-09-30T22:52:57+00:00\",\"dateModified\":\"2026-02-19T20:13:25+00:00\",\"breadcrumb\":{\"@id\":\"https:\\\/\\\/lovme.pt\\\/index.php\\\/produto\\\/electrastim-adaptador-padrao-para-tomada-35-mm\\\/#breadcrumb\"},\"inLanguage\":\"pt-PT\",\"potentialAction\":[{\"@type\":\"ReadAction\",\"target\":[\"https:\\\/\\\/lovme.pt\\\/index.php\\\/produto\\\/electrastim-adaptador-padrao-para-tomada-35-mm\\\/\"]}]},{\"@type\":\"ImageObject\",\"inLanguage\":\"pt-PT\",\"@id\":\"https:\\\/\\\/lovme.pt\\\/index.php\\\/produto\\\/electrastim-adaptador-padrao-para-tomada-35-mm\\\/#primaryimage\",\"url\":\"https:\\\/\\\/erki24nd3ub.exactdn.com\\\/wp-content\\\/uploads\\\/dream\\\/img\\\/img_208595_79a528e1ea0b4f8a7aed859b942b410f_1.jpg?strip=all\",\"contentUrl\":\"https:\\\/\\\/erki24nd3ub.exactdn.com\\\/wp-content\\\/uploads\\\/dream\\\/img\\\/img_208595_79a528e1ea0b4f8a7aed859b942b410f_1.jpg?strip=all\",\"width\":900,\"height\":900},{\"@type\":\"BreadcrumbList\",\"@id\":\"https:\\\/\\\/lovme.pt\\\/index.php\\\/produto\\\/electrastim-adaptador-padrao-para-tomada-35-mm\\\/#breadcrumb\",\"itemListElement\":[{\"@type\":\"ListItem\",\"position\":1,\"name\":\"In\u00edcio\",\"item\":\"https:\\\/\\\/lovme.pt\\\/\"},{\"@type\":\"ListItem\",\"position\":2,\"name\":\"Loja\",\"item\":\"https:\\\/\\\/lovme.pt\\\/index.php\\\/loja\\\/\"},{\"@type\":\"ListItem\",\"position\":3,\"name\":\"ELECTRASTIM &#8211; ADAPTADOR PADR\u00c3O PARA TOMADA 3,5 MM\"}]},{\"@type\":\"WebSite\",\"@id\":\"https:\\\/\\\/lovme.pt\\\/#website\",\"url\":\"https:\\\/\\\/lovme.pt\\\/\",\"name\":\"Lovme Loja Er\u00f3tica N\u00ba1 em Portugal\",\"description\":\"A melhor loja er\u00f3tica de Portugal.\",\"alternateName\":\"Loja Er\u00f3tica Lovme\",\"potentialAction\":[{\"@type\":\"SearchAction\",\"target\":{\"@type\":\"EntryPoint\",\"urlTemplate\":\"https:\\\/\\\/lovme.pt\\\/?s={search_term_string}\"},\"query-input\":{\"@type\":\"PropertyValueSpecification\",\"valueRequired\":true,\"valueName\":\"search_term_string\"}}],\"inLanguage\":\"pt-PT\"}]}<\/script>\n<!-- \/ Yoast SEO plugin. -->","yoast_head_json":{"title":"ELECTRASTIM - ADAPTADOR PADR\u00c3O PARA TOMADA 3,5 MM - Lovme","robots":{"index":"index","follow":"follow","max-snippet":"max-snippet:-1","max-image-preview":"max-image-preview:large","max-video-preview":"max-video-preview:-1"},"canonical":"https:\/\/lovme.pt\/index.php\/produto\/electrastim-adaptador-padrao-para-tomada-35-mm\/","og_locale":"pt_PT","og_type":"article","og_title":"ELECTRASTIM - ADAPTADOR PADR\u00c3O PARA TOMADA 3,5 MM - Lovme","og_description":"ELECTRASTIM - ADAPTADOR PADR\u00c3O PARA TOMADA 3,5 MM","og_url":"https:\/\/lovme.pt\/index.php\/produto\/electrastim-adaptador-padrao-para-tomada-35-mm\/","og_site_name":"Lovme","article_modified_time":"2026-02-19T20:13:25+00:00","og_image":[{"width":900,"height":900,"url":"https:\/\/erki24nd3ub.exactdn.com\/wp-content\/uploads\/dream\/img\/img_208595_79a528e1ea0b4f8a7aed859b942b410f_1.jpg?strip=all","type":"image\/jpeg"}],"twitter_card":"summary_large_image","twitter_misc":{"Tempo estimado de leitura":"1 minuto"},"schema":{"@context":"https:\/\/schema.org","@graph":[{"@type":"WebPage","@id":"https:\/\/lovme.pt\/index.php\/produto\/electrastim-adaptador-padrao-para-tomada-35-mm\/","url":"https:\/\/lovme.pt\/index.php\/produto\/electrastim-adaptador-padrao-para-tomada-35-mm\/","name":"ELECTRASTIM - ADAPTADOR PADR\u00c3O PARA TOMADA 3,5 MM - Lovme","isPartOf":{"@id":"https:\/\/lovme.pt\/#website"},"primaryImageOfPage":{"@id":"https:\/\/lovme.pt\/index.php\/produto\/electrastim-adaptador-padrao-para-tomada-35-mm\/#primaryimage"},"image":{"@id":"https:\/\/lovme.pt\/index.php\/produto\/electrastim-adaptador-padrao-para-tomada-35-mm\/#primaryimage"},"thumbnailUrl":"https:\/\/erki24nd3ub.exactdn.com\/wp-content\/uploads\/dream\/img\/img_208595_79a528e1ea0b4f8a7aed859b942b410f_1.jpg?strip=all","datePublished":"2025-09-30T22:52:57+00:00","dateModified":"2026-02-19T20:13:25+00:00","breadcrumb":{"@id":"https:\/\/lovme.pt\/index.php\/produto\/electrastim-adaptador-padrao-para-tomada-35-mm\/#breadcrumb"},"inLanguage":"pt-PT","potentialAction":[{"@type":"ReadAction","target":["https:\/\/lovme.pt\/index.php\/produto\/electrastim-adaptador-padrao-para-tomada-35-mm\/"]}]},{"@type":"ImageObject","inLanguage":"pt-PT","@id":"https:\/\/lovme.pt\/index.php\/produto\/electrastim-adaptador-padrao-para-tomada-35-mm\/#primaryimage","url":"https:\/\/erki24nd3ub.exactdn.com\/wp-content\/uploads\/dream\/img\/img_208595_79a528e1ea0b4f8a7aed859b942b410f_1.jpg?strip=all","contentUrl":"https:\/\/erki24nd3ub.exactdn.com\/wp-content\/uploads\/dream\/img\/img_208595_79a528e1ea0b4f8a7aed859b942b410f_1.jpg?strip=all","width":900,"height":900},{"@type":"BreadcrumbList","@id":"https:\/\/lovme.pt\/index.php\/produto\/electrastim-adaptador-padrao-para-tomada-35-mm\/#breadcrumb","itemListElement":[{"@type":"ListItem","position":1,"name":"In\u00edcio","item":"https:\/\/lovme.pt\/"},{"@type":"ListItem","position":2,"name":"Loja","item":"https:\/\/lovme.pt\/index.php\/loja\/"},{"@type":"ListItem","position":3,"name":"ELECTRASTIM &#8211; ADAPTADOR PADR\u00c3O PARA TOMADA 3,5 MM"}]},{"@type":"WebSite","@id":"https:\/\/lovme.pt\/#website","url":"https:\/\/lovme.pt\/","name":"Lovme Loja Er\u00f3tica N\u00ba1 em Portugal","description":"A melhor loja er\u00f3tica de Portugal.","alternateName":"Loja Er\u00f3tica Lovme","potentialAction":[{"@type":"SearchAction","target":{"@type":"EntryPoint","urlTemplate":"https:\/\/lovme.pt\/?s={search_term_string}"},"query-input":{"@type":"PropertyValueSpecification","valueRequired":true,"valueName":"search_term_string"}}],"inLanguage":"pt-PT"}]}},"_links":{"self":[{"href":"https:\/\/lovme.pt\/index.php\/wp-json\/wp\/v2\/product\/52821","targetHints":{"allow":["GET"]}}],"collection":[{"href":"https:\/\/lovme.pt\/index.php\/wp-json\/wp\/v2\/product"}],"about":[{"href":"https:\/\/lovme.pt\/index.php\/wp-json\/wp\/v2\/types\/product"}],"wp:featuredmedia":[{"embeddable":true,"href":"https:\/\/lovme.pt\/index.php\/wp-json\/wp\/v2\/media\/81818"}],"wp:attachment":[{"href":"https:\/\/lovme.pt\/index.php\/wp-json\/wp\/v2\/media?parent=52821"}],"wp:term":[{"taxonomy":"product_brand","embeddable":true,"href":"https:\/\/lovme.pt\/index.php\/wp-json\/wp\/v2\/product_brand?post=52821"},{"taxonomy":"product_cat","embeddable":true,"href":"https:\/\/lovme.pt\/index.php\/wp-json\/wp\/v2\/product_cat?post=52821"},{"taxonomy":"product_tag","embeddable":true,"href":"https:\/\/lovme.pt\/index.php\/wp-json\/wp\/v2\/product_tag?post=52821"}],"curies":[{"name":"wp","href":"https:\/\/api.w.org\/{rel}","templated":true}]}}