{"id":52819,"date":"2025-09-30T22:52:55","date_gmt":"2025-09-30T22:52:55","guid":{"rendered":"https:\/\/lovme.pt\/?post_type=product&p=52819"},"modified":"2026-02-19T20:13:24","modified_gmt":"2026-02-19T20:13:24","slug":"electrastim-cabo-combinador-trifasico","status":"publish","type":"product","link":"https:\/\/lovme.pt\/index.php\/produto\/electrastim-cabo-combinador-trifasico\/","title":{"rendered":"ELECTRASTIM &#8211; CABO COMBINADOR TRIF\u00c1SICO"},"content":{"rendered":"<p>Liberte todo o potencial do seu estimulador de canal duplo ElectraStim com o Cabo Combinador Trif\u00e1sico ElectraStim. Este acess\u00f3rio inovador permite que voc\u00ea experimente uma gama extraordin\u00e1ria de toques, convertendo sua configura\u00e7\u00e3o de quatro acess\u00f3rios em uma emocionante configura\u00e7\u00e3o de tr\u00eas sa\u00eddas.<br \/> Aumente a intensidade e a complexidade das suas sensa\u00e7\u00f5es combinando a estimula\u00e7\u00e3o de dois canais em tr\u00eas, abrindo um novo mundo de possibilidades. Seja voc\u00ea um entusiasta experiente de brinquedos el\u00e9tricos ou um novato no mundo da ElectraStim, este cabo elevar\u00e1 seu tempo de jogo a patamares sem precedentes.<br \/> Feito com materiais de alta qualidade para durabilidade e seguran\u00e7a, o Cabo Combinador Trif\u00e1sico ElectraStim \u00e9 um item essencial para sua cole\u00e7\u00e3o. \u00c9 compat\u00edvel com todos os estimuladores ElectraStim e tr\u00eas acess\u00f3rios (ou um bipolar e um unipolar) para combina\u00e7\u00f5es ilimitadas.<br \/> Para usar, basta conectar o cabo ao seu estimulador de canal duplo e aos acess\u00f3rios de sua escolha. O cabo possui conex\u00f5es f\u00e1ceis de usar, garantindo uma experi\u00eancia segura e sem complica\u00e7\u00f5es. O cabo \u00e9 f\u00e1cil de limpar e manter, tornando-o um companheiro duradouro e confi\u00e1vel para todas as suas aventuras com brinquedos el\u00e9tricos.<br \/> Experimente diferentes configura\u00e7\u00f5es, combina\u00e7\u00f5es e intensidades para descobrir o que realmente te empolga. Com o Cabo Combinador Trif\u00e1sico ElectraStim, as possibilidades s\u00e3o infinitas.<\/p>\n","protected":false},"excerpt":{"rendered":"<p>ELECTRASTIM &#8211; CABO COMBINADOR TRIF\u00c1SICO<\/p>\n","protected":false},"featured_media":81814,"template":"","meta":{"_acf_changed":false},"product_brand":[],"product_cat":[48],"product_tag":[],"class_list":{"0":"post-52819","1":"product","2":"type-product","3":"status-publish","4":"has-post-thumbnail","6":"product_cat-bdsm","7":"yith_product_brand-electrastim","9":"first","10":"instock","11":"taxable","12":"shipping-taxable","13":"purchasable","14":"product-type-simple"},"acf":[],"yoast_head":"<!-- This site is optimized with the Yoast SEO plugin v27.4 - https:\/\/yoast.com\/product\/yoast-seo-wordpress\/ -->\n<title>ELECTRASTIM - CABO COMBINADOR TRIF\u00c1SICO - Lovme<\/title>\n<meta name=\"robots\" content=\"index, follow, max-snippet:-1, max-image-preview:large, max-video-preview:-1\" \/>\n<link rel=\"canonical\" href=\"https:\/\/lovme.pt\/index.php\/produto\/electrastim-cabo-combinador-trifasico\/\" \/>\n<meta property=\"og:locale\" content=\"pt_PT\" \/>\n<meta property=\"og:type\" content=\"article\" \/>\n<meta property=\"og:title\" content=\"ELECTRASTIM - CABO COMBINADOR TRIF\u00c1SICO - Lovme\" \/>\n<meta property=\"og:description\" content=\"ELECTRASTIM - CABO COMBINADOR TRIF\u00c1SICO\" \/>\n<meta property=\"og:url\" content=\"https:\/\/lovme.pt\/index.php\/produto\/electrastim-cabo-combinador-trifasico\/\" \/>\n<meta property=\"og:site_name\" content=\"Lovme\" \/>\n<meta property=\"article:modified_time\" content=\"2026-02-19T20:13:24+00:00\" \/>\n<meta property=\"og:image\" content=\"https:\/\/erki24nd3ub.exactdn.com\/wp-content\/uploads\/dream\/img\/img_208585_5add60cc8fcfea0ae9a3943f54b876a6_1.jpg?strip=all\" \/>\n\t<meta property=\"og:image:width\" content=\"900\" \/>\n\t<meta property=\"og:image:height\" content=\"900\" \/>\n\t<meta property=\"og:image:type\" content=\"image\/jpeg\" \/>\n<meta name=\"twitter:card\" content=\"summary_large_image\" \/>\n<meta name=\"twitter:label1\" content=\"Tempo estimado de leitura\" \/>\n\t<meta name=\"twitter:data1\" content=\"1 minuto\" \/>\n<script type=\"application\/ld+json\" class=\"yoast-schema-graph\">{\"@context\":\"https:\\\/\\\/schema.org\",\"@graph\":[{\"@type\":\"WebPage\",\"@id\":\"https:\\\/\\\/lovme.pt\\\/index.php\\\/produto\\\/electrastim-cabo-combinador-trifasico\\\/\",\"url\":\"https:\\\/\\\/lovme.pt\\\/index.php\\\/produto\\\/electrastim-cabo-combinador-trifasico\\\/\",\"name\":\"ELECTRASTIM - CABO COMBINADOR TRIF\u00c1SICO - Lovme\",\"isPartOf\":{\"@id\":\"https:\\\/\\\/lovme.pt\\\/#website\"},\"primaryImageOfPage\":{\"@id\":\"https:\\\/\\\/lovme.pt\\\/index.php\\\/produto\\\/electrastim-cabo-combinador-trifasico\\\/#primaryimage\"},\"image\":{\"@id\":\"https:\\\/\\\/lovme.pt\\\/index.php\\\/produto\\\/electrastim-cabo-combinador-trifasico\\\/#primaryimage\"},\"thumbnailUrl\":\"https:\\\/\\\/erki24nd3ub.exactdn.com\\\/wp-content\\\/uploads\\\/dream\\\/img\\\/img_208585_5add60cc8fcfea0ae9a3943f54b876a6_1.jpg?strip=all\",\"datePublished\":\"2025-09-30T22:52:55+00:00\",\"dateModified\":\"2026-02-19T20:13:24+00:00\",\"breadcrumb\":{\"@id\":\"https:\\\/\\\/lovme.pt\\\/index.php\\\/produto\\\/electrastim-cabo-combinador-trifasico\\\/#breadcrumb\"},\"inLanguage\":\"pt-PT\",\"potentialAction\":[{\"@type\":\"ReadAction\",\"target\":[\"https:\\\/\\\/lovme.pt\\\/index.php\\\/produto\\\/electrastim-cabo-combinador-trifasico\\\/\"]}]},{\"@type\":\"ImageObject\",\"inLanguage\":\"pt-PT\",\"@id\":\"https:\\\/\\\/lovme.pt\\\/index.php\\\/produto\\\/electrastim-cabo-combinador-trifasico\\\/#primaryimage\",\"url\":\"https:\\\/\\\/erki24nd3ub.exactdn.com\\\/wp-content\\\/uploads\\\/dream\\\/img\\\/img_208585_5add60cc8fcfea0ae9a3943f54b876a6_1.jpg?strip=all\",\"contentUrl\":\"https:\\\/\\\/erki24nd3ub.exactdn.com\\\/wp-content\\\/uploads\\\/dream\\\/img\\\/img_208585_5add60cc8fcfea0ae9a3943f54b876a6_1.jpg?strip=all\",\"width\":900,\"height\":900},{\"@type\":\"BreadcrumbList\",\"@id\":\"https:\\\/\\\/lovme.pt\\\/index.php\\\/produto\\\/electrastim-cabo-combinador-trifasico\\\/#breadcrumb\",\"itemListElement\":[{\"@type\":\"ListItem\",\"position\":1,\"name\":\"In\u00edcio\",\"item\":\"https:\\\/\\\/lovme.pt\\\/\"},{\"@type\":\"ListItem\",\"position\":2,\"name\":\"Loja\",\"item\":\"https:\\\/\\\/lovme.pt\\\/index.php\\\/loja\\\/\"},{\"@type\":\"ListItem\",\"position\":3,\"name\":\"ELECTRASTIM &#8211; CABO COMBINADOR TRIF\u00c1SICO\"}]},{\"@type\":\"WebSite\",\"@id\":\"https:\\\/\\\/lovme.pt\\\/#website\",\"url\":\"https:\\\/\\\/lovme.pt\\\/\",\"name\":\"Lovme Loja Er\u00f3tica N\u00ba1 em Portugal\",\"description\":\"A melhor loja er\u00f3tica de Portugal.\",\"alternateName\":\"Loja Er\u00f3tica Lovme\",\"potentialAction\":[{\"@type\":\"SearchAction\",\"target\":{\"@type\":\"EntryPoint\",\"urlTemplate\":\"https:\\\/\\\/lovme.pt\\\/?s={search_term_string}\"},\"query-input\":{\"@type\":\"PropertyValueSpecification\",\"valueRequired\":true,\"valueName\":\"search_term_string\"}}],\"inLanguage\":\"pt-PT\"}]}<\/script>\n<!-- \/ Yoast SEO plugin. -->","yoast_head_json":{"title":"ELECTRASTIM - CABO COMBINADOR TRIF\u00c1SICO - Lovme","robots":{"index":"index","follow":"follow","max-snippet":"max-snippet:-1","max-image-preview":"max-image-preview:large","max-video-preview":"max-video-preview:-1"},"canonical":"https:\/\/lovme.pt\/index.php\/produto\/electrastim-cabo-combinador-trifasico\/","og_locale":"pt_PT","og_type":"article","og_title":"ELECTRASTIM - CABO COMBINADOR TRIF\u00c1SICO - Lovme","og_description":"ELECTRASTIM - CABO COMBINADOR TRIF\u00c1SICO","og_url":"https:\/\/lovme.pt\/index.php\/produto\/electrastim-cabo-combinador-trifasico\/","og_site_name":"Lovme","article_modified_time":"2026-02-19T20:13:24+00:00","og_image":[{"width":900,"height":900,"url":"https:\/\/erki24nd3ub.exactdn.com\/wp-content\/uploads\/dream\/img\/img_208585_5add60cc8fcfea0ae9a3943f54b876a6_1.jpg?strip=all","type":"image\/jpeg"}],"twitter_card":"summary_large_image","twitter_misc":{"Tempo estimado de leitura":"1 minuto"},"schema":{"@context":"https:\/\/schema.org","@graph":[{"@type":"WebPage","@id":"https:\/\/lovme.pt\/index.php\/produto\/electrastim-cabo-combinador-trifasico\/","url":"https:\/\/lovme.pt\/index.php\/produto\/electrastim-cabo-combinador-trifasico\/","name":"ELECTRASTIM - CABO COMBINADOR TRIF\u00c1SICO - Lovme","isPartOf":{"@id":"https:\/\/lovme.pt\/#website"},"primaryImageOfPage":{"@id":"https:\/\/lovme.pt\/index.php\/produto\/electrastim-cabo-combinador-trifasico\/#primaryimage"},"image":{"@id":"https:\/\/lovme.pt\/index.php\/produto\/electrastim-cabo-combinador-trifasico\/#primaryimage"},"thumbnailUrl":"https:\/\/erki24nd3ub.exactdn.com\/wp-content\/uploads\/dream\/img\/img_208585_5add60cc8fcfea0ae9a3943f54b876a6_1.jpg?strip=all","datePublished":"2025-09-30T22:52:55+00:00","dateModified":"2026-02-19T20:13:24+00:00","breadcrumb":{"@id":"https:\/\/lovme.pt\/index.php\/produto\/electrastim-cabo-combinador-trifasico\/#breadcrumb"},"inLanguage":"pt-PT","potentialAction":[{"@type":"ReadAction","target":["https:\/\/lovme.pt\/index.php\/produto\/electrastim-cabo-combinador-trifasico\/"]}]},{"@type":"ImageObject","inLanguage":"pt-PT","@id":"https:\/\/lovme.pt\/index.php\/produto\/electrastim-cabo-combinador-trifasico\/#primaryimage","url":"https:\/\/erki24nd3ub.exactdn.com\/wp-content\/uploads\/dream\/img\/img_208585_5add60cc8fcfea0ae9a3943f54b876a6_1.jpg?strip=all","contentUrl":"https:\/\/erki24nd3ub.exactdn.com\/wp-content\/uploads\/dream\/img\/img_208585_5add60cc8fcfea0ae9a3943f54b876a6_1.jpg?strip=all","width":900,"height":900},{"@type":"BreadcrumbList","@id":"https:\/\/lovme.pt\/index.php\/produto\/electrastim-cabo-combinador-trifasico\/#breadcrumb","itemListElement":[{"@type":"ListItem","position":1,"name":"In\u00edcio","item":"https:\/\/lovme.pt\/"},{"@type":"ListItem","position":2,"name":"Loja","item":"https:\/\/lovme.pt\/index.php\/loja\/"},{"@type":"ListItem","position":3,"name":"ELECTRASTIM &#8211; CABO COMBINADOR TRIF\u00c1SICO"}]},{"@type":"WebSite","@id":"https:\/\/lovme.pt\/#website","url":"https:\/\/lovme.pt\/","name":"Lovme Loja Er\u00f3tica N\u00ba1 em Portugal","description":"A melhor loja er\u00f3tica de Portugal.","alternateName":"Loja Er\u00f3tica Lovme","potentialAction":[{"@type":"SearchAction","target":{"@type":"EntryPoint","urlTemplate":"https:\/\/lovme.pt\/?s={search_term_string}"},"query-input":{"@type":"PropertyValueSpecification","valueRequired":true,"valueName":"search_term_string"}}],"inLanguage":"pt-PT"}]}},"_links":{"self":[{"href":"https:\/\/lovme.pt\/index.php\/wp-json\/wp\/v2\/product\/52819","targetHints":{"allow":["GET"]}}],"collection":[{"href":"https:\/\/lovme.pt\/index.php\/wp-json\/wp\/v2\/product"}],"about":[{"href":"https:\/\/lovme.pt\/index.php\/wp-json\/wp\/v2\/types\/product"}],"wp:featuredmedia":[{"embeddable":true,"href":"https:\/\/lovme.pt\/index.php\/wp-json\/wp\/v2\/media\/81814"}],"wp:attachment":[{"href":"https:\/\/lovme.pt\/index.php\/wp-json\/wp\/v2\/media?parent=52819"}],"wp:term":[{"taxonomy":"product_brand","embeddable":true,"href":"https:\/\/lovme.pt\/index.php\/wp-json\/wp\/v2\/product_brand?post=52819"},{"taxonomy":"product_cat","embeddable":true,"href":"https:\/\/lovme.pt\/index.php\/wp-json\/wp\/v2\/product_cat?post=52819"},{"taxonomy":"product_tag","embeddable":true,"href":"https:\/\/lovme.pt\/index.php\/wp-json\/wp\/v2\/product_tag?post=52819"}],"curies":[{"name":"wp","href":"https:\/\/api.w.org\/{rel}","templated":true}]}}