{"id":52818,"date":"2025-09-30T22:52:54","date_gmt":"2025-09-30T22:52:54","guid":{"rendered":"https:\/\/lovme.pt\/?post_type=product&p=52818"},"modified":"2026-02-19T20:13:24","modified_gmt":"2026-02-19T20:13:24","slug":"electrastim-electraclamp-pinca-eletrobico-bipolar","status":"publish","type":"product","link":"https:\/\/lovme.pt\/index.php\/produto\/electrastim-electraclamp-pinca-eletrobico-bipolar\/","title":{"rendered":"ELECTRASTIM &#8211; ELECTRACLAMP PIN\u00c7A ELETROBICO BIPOLAR"},"content":{"rendered":"<p>O grampo eletroestimulador bipolar ElectraClamp \u00e9 a escolha ideal para quem deseja estimular apenas uma pequena \u00e1rea do corpo. Projetado para uma pegada suave, voc\u00ea pode usar este grampo eletroestimulador em qualquer lugar abaixo da cintura para proporcionar estimula\u00e7\u00e3o precisa nas suas menores zonas de prazer.<\/p>\n<p> Adequado para uso no p\u00eanis, test\u00edculos, per\u00edneo, l\u00e1bios e clit\u00f3ris; este grampo \u00e9 ajust\u00e1vel e pode ser preso a qualquer \u00e1rea solta da pele.<\/p>\n<p> Aplique um pouco de gel condutor (vendido separadamente) nos pontos de contato antes da aplica\u00e7\u00e3o para experimentar uma estimula\u00e7\u00e3o mais n\u00edtida e ressonante. Conecte os contatos bipolares a qualquer estimulador ElectraStim (vendido separadamente) e voc\u00ea sentir\u00e1 os deliciosos formigamentos e contra\u00e7\u00f5es do eletrossexo com mais precis\u00e3o.<\/p>\n<p> Feito de pl\u00e1stico ABS liso com almofadas de silicone condutivas, este grampo leve \u00e9 discreto, mas proporciona uma estimula\u00e7\u00e3o enganosamente poderosa em qualquer pequena superf\u00edcie em que voc\u00ea o prenda.<\/p>\n<p> <em>Observe que voc\u00ea precisar\u00e1 de um eletroestimulador para alimentar este item.<\/em><\/p>\n<p> <u><strong><em>Especifica\u00e7\u00f5es:<\/em><\/strong><\/u><\/p>\n<ul>\n<li> Comprimento: 60 mm \/ 2,3 polegadas<\/li>\n<li> Largura: 40 mm \/ 1,6 polegadas<\/li>\n<li> Conex\u00e3o: 2 mm<\/li>\n<li> Peso: 14g<\/li>\n<li> Materiais: pl\u00e1stico ABS, silicone condutor sem ftalatos<\/li>\n<li> N\u00famero de polos: 2 (bipolar)<\/li>\n<\/ul>\n<p> <u><em><strong>O que est\u00e1 inclu\u00eddo?<\/strong><\/em><\/u><\/p>\n<ul>\n<li> 1x Grampo el\u00e9trico<\/li>\n<li> 1x Bolsa de armazenamento de microfibra<\/li>\n<li> 1x livreto de instru\u00e7\u00f5es (EN\/FR\/DE\/NL\/ES\/IT)<\/li>\n<\/ul>\n","protected":false},"excerpt":{"rendered":"<p>ELECTRASTIM &#8211; ELECTRACLAMP PIN\u00c7A ELETROBICO BIPOLAR<\/p>\n","protected":false},"featured_media":81809,"template":"","meta":{"_acf_changed":false},"product_brand":[],"product_cat":[48],"product_tag":[],"class_list":{"0":"post-52818","1":"product","2":"type-product","3":"status-publish","4":"has-post-thumbnail","6":"product_cat-bdsm","7":"yith_product_brand-electrastim","9":"first","10":"instock","11":"taxable","12":"shipping-taxable","13":"purchasable","14":"product-type-simple"},"acf":[],"yoast_head":"<!-- This site is optimized with the Yoast SEO plugin v27.4 - https:\/\/yoast.com\/product\/yoast-seo-wordpress\/ -->\n<title>ELECTRASTIM - ELECTRACLAMP PIN\u00c7A ELETROBICO BIPOLAR - Lovme<\/title>\n<meta name=\"robots\" content=\"index, follow, max-snippet:-1, max-image-preview:large, max-video-preview:-1\" \/>\n<link rel=\"canonical\" href=\"https:\/\/lovme.pt\/index.php\/produto\/electrastim-electraclamp-pinca-eletrobico-bipolar\/\" \/>\n<meta property=\"og:locale\" content=\"pt_PT\" \/>\n<meta property=\"og:type\" content=\"article\" \/>\n<meta property=\"og:title\" content=\"ELECTRASTIM - ELECTRACLAMP PIN\u00c7A ELETROBICO BIPOLAR - Lovme\" \/>\n<meta property=\"og:description\" content=\"ELECTRASTIM - ELECTRACLAMP PIN\u00c7A ELETROBICO BIPOLAR\" \/>\n<meta property=\"og:url\" content=\"https:\/\/lovme.pt\/index.php\/produto\/electrastim-electraclamp-pinca-eletrobico-bipolar\/\" \/>\n<meta property=\"og:site_name\" content=\"Lovme\" \/>\n<meta property=\"article:modified_time\" content=\"2026-02-19T20:13:24+00:00\" \/>\n<meta property=\"og:image\" content=\"https:\/\/erki24nd3ub.exactdn.com\/wp-content\/uploads\/dream\/img\/img_208577_5e667a92dcda88d5c719f7efa79bb7f8_1.jpg?strip=all\" \/>\n\t<meta property=\"og:image:width\" content=\"900\" \/>\n\t<meta property=\"og:image:height\" content=\"900\" \/>\n\t<meta property=\"og:image:type\" content=\"image\/jpeg\" \/>\n<meta name=\"twitter:card\" content=\"summary_large_image\" \/>\n<meta name=\"twitter:label1\" content=\"Tempo estimado de leitura\" \/>\n\t<meta name=\"twitter:data1\" content=\"1 minuto\" \/>\n<script type=\"application\/ld+json\" class=\"yoast-schema-graph\">{\"@context\":\"https:\\\/\\\/schema.org\",\"@graph\":[{\"@type\":\"WebPage\",\"@id\":\"https:\\\/\\\/lovme.pt\\\/index.php\\\/produto\\\/electrastim-electraclamp-pinca-eletrobico-bipolar\\\/\",\"url\":\"https:\\\/\\\/lovme.pt\\\/index.php\\\/produto\\\/electrastim-electraclamp-pinca-eletrobico-bipolar\\\/\",\"name\":\"ELECTRASTIM - ELECTRACLAMP PIN\u00c7A ELETROBICO BIPOLAR - Lovme\",\"isPartOf\":{\"@id\":\"https:\\\/\\\/lovme.pt\\\/#website\"},\"primaryImageOfPage\":{\"@id\":\"https:\\\/\\\/lovme.pt\\\/index.php\\\/produto\\\/electrastim-electraclamp-pinca-eletrobico-bipolar\\\/#primaryimage\"},\"image\":{\"@id\":\"https:\\\/\\\/lovme.pt\\\/index.php\\\/produto\\\/electrastim-electraclamp-pinca-eletrobico-bipolar\\\/#primaryimage\"},\"thumbnailUrl\":\"https:\\\/\\\/erki24nd3ub.exactdn.com\\\/wp-content\\\/uploads\\\/dream\\\/img\\\/img_208577_5e667a92dcda88d5c719f7efa79bb7f8_1.jpg?strip=all\",\"datePublished\":\"2025-09-30T22:52:54+00:00\",\"dateModified\":\"2026-02-19T20:13:24+00:00\",\"breadcrumb\":{\"@id\":\"https:\\\/\\\/lovme.pt\\\/index.php\\\/produto\\\/electrastim-electraclamp-pinca-eletrobico-bipolar\\\/#breadcrumb\"},\"inLanguage\":\"pt-PT\",\"potentialAction\":[{\"@type\":\"ReadAction\",\"target\":[\"https:\\\/\\\/lovme.pt\\\/index.php\\\/produto\\\/electrastim-electraclamp-pinca-eletrobico-bipolar\\\/\"]}]},{\"@type\":\"ImageObject\",\"inLanguage\":\"pt-PT\",\"@id\":\"https:\\\/\\\/lovme.pt\\\/index.php\\\/produto\\\/electrastim-electraclamp-pinca-eletrobico-bipolar\\\/#primaryimage\",\"url\":\"https:\\\/\\\/erki24nd3ub.exactdn.com\\\/wp-content\\\/uploads\\\/dream\\\/img\\\/img_208577_5e667a92dcda88d5c719f7efa79bb7f8_1.jpg?strip=all\",\"contentUrl\":\"https:\\\/\\\/erki24nd3ub.exactdn.com\\\/wp-content\\\/uploads\\\/dream\\\/img\\\/img_208577_5e667a92dcda88d5c719f7efa79bb7f8_1.jpg?strip=all\",\"width\":900,\"height\":900},{\"@type\":\"BreadcrumbList\",\"@id\":\"https:\\\/\\\/lovme.pt\\\/index.php\\\/produto\\\/electrastim-electraclamp-pinca-eletrobico-bipolar\\\/#breadcrumb\",\"itemListElement\":[{\"@type\":\"ListItem\",\"position\":1,\"name\":\"In\u00edcio\",\"item\":\"https:\\\/\\\/lovme.pt\\\/\"},{\"@type\":\"ListItem\",\"position\":2,\"name\":\"Loja\",\"item\":\"https:\\\/\\\/lovme.pt\\\/index.php\\\/loja\\\/\"},{\"@type\":\"ListItem\",\"position\":3,\"name\":\"ELECTRASTIM &#8211; ELECTRACLAMP PIN\u00c7A ELETROBICO BIPOLAR\"}]},{\"@type\":\"WebSite\",\"@id\":\"https:\\\/\\\/lovme.pt\\\/#website\",\"url\":\"https:\\\/\\\/lovme.pt\\\/\",\"name\":\"Lovme Loja Er\u00f3tica N\u00ba1 em Portugal\",\"description\":\"A melhor loja er\u00f3tica de Portugal.\",\"alternateName\":\"Loja Er\u00f3tica Lovme\",\"potentialAction\":[{\"@type\":\"SearchAction\",\"target\":{\"@type\":\"EntryPoint\",\"urlTemplate\":\"https:\\\/\\\/lovme.pt\\\/?s={search_term_string}\"},\"query-input\":{\"@type\":\"PropertyValueSpecification\",\"valueRequired\":true,\"valueName\":\"search_term_string\"}}],\"inLanguage\":\"pt-PT\"}]}<\/script>\n<!-- \/ Yoast SEO plugin. -->","yoast_head_json":{"title":"ELECTRASTIM - ELECTRACLAMP PIN\u00c7A ELETROBICO BIPOLAR - Lovme","robots":{"index":"index","follow":"follow","max-snippet":"max-snippet:-1","max-image-preview":"max-image-preview:large","max-video-preview":"max-video-preview:-1"},"canonical":"https:\/\/lovme.pt\/index.php\/produto\/electrastim-electraclamp-pinca-eletrobico-bipolar\/","og_locale":"pt_PT","og_type":"article","og_title":"ELECTRASTIM - ELECTRACLAMP PIN\u00c7A ELETROBICO BIPOLAR - Lovme","og_description":"ELECTRASTIM - ELECTRACLAMP PIN\u00c7A ELETROBICO BIPOLAR","og_url":"https:\/\/lovme.pt\/index.php\/produto\/electrastim-electraclamp-pinca-eletrobico-bipolar\/","og_site_name":"Lovme","article_modified_time":"2026-02-19T20:13:24+00:00","og_image":[{"width":900,"height":900,"url":"https:\/\/erki24nd3ub.exactdn.com\/wp-content\/uploads\/dream\/img\/img_208577_5e667a92dcda88d5c719f7efa79bb7f8_1.jpg?strip=all","type":"image\/jpeg"}],"twitter_card":"summary_large_image","twitter_misc":{"Tempo estimado de leitura":"1 minuto"},"schema":{"@context":"https:\/\/schema.org","@graph":[{"@type":"WebPage","@id":"https:\/\/lovme.pt\/index.php\/produto\/electrastim-electraclamp-pinca-eletrobico-bipolar\/","url":"https:\/\/lovme.pt\/index.php\/produto\/electrastim-electraclamp-pinca-eletrobico-bipolar\/","name":"ELECTRASTIM - ELECTRACLAMP PIN\u00c7A ELETROBICO BIPOLAR - Lovme","isPartOf":{"@id":"https:\/\/lovme.pt\/#website"},"primaryImageOfPage":{"@id":"https:\/\/lovme.pt\/index.php\/produto\/electrastim-electraclamp-pinca-eletrobico-bipolar\/#primaryimage"},"image":{"@id":"https:\/\/lovme.pt\/index.php\/produto\/electrastim-electraclamp-pinca-eletrobico-bipolar\/#primaryimage"},"thumbnailUrl":"https:\/\/erki24nd3ub.exactdn.com\/wp-content\/uploads\/dream\/img\/img_208577_5e667a92dcda88d5c719f7efa79bb7f8_1.jpg?strip=all","datePublished":"2025-09-30T22:52:54+00:00","dateModified":"2026-02-19T20:13:24+00:00","breadcrumb":{"@id":"https:\/\/lovme.pt\/index.php\/produto\/electrastim-electraclamp-pinca-eletrobico-bipolar\/#breadcrumb"},"inLanguage":"pt-PT","potentialAction":[{"@type":"ReadAction","target":["https:\/\/lovme.pt\/index.php\/produto\/electrastim-electraclamp-pinca-eletrobico-bipolar\/"]}]},{"@type":"ImageObject","inLanguage":"pt-PT","@id":"https:\/\/lovme.pt\/index.php\/produto\/electrastim-electraclamp-pinca-eletrobico-bipolar\/#primaryimage","url":"https:\/\/erki24nd3ub.exactdn.com\/wp-content\/uploads\/dream\/img\/img_208577_5e667a92dcda88d5c719f7efa79bb7f8_1.jpg?strip=all","contentUrl":"https:\/\/erki24nd3ub.exactdn.com\/wp-content\/uploads\/dream\/img\/img_208577_5e667a92dcda88d5c719f7efa79bb7f8_1.jpg?strip=all","width":900,"height":900},{"@type":"BreadcrumbList","@id":"https:\/\/lovme.pt\/index.php\/produto\/electrastim-electraclamp-pinca-eletrobico-bipolar\/#breadcrumb","itemListElement":[{"@type":"ListItem","position":1,"name":"In\u00edcio","item":"https:\/\/lovme.pt\/"},{"@type":"ListItem","position":2,"name":"Loja","item":"https:\/\/lovme.pt\/index.php\/loja\/"},{"@type":"ListItem","position":3,"name":"ELECTRASTIM &#8211; ELECTRACLAMP PIN\u00c7A ELETROBICO BIPOLAR"}]},{"@type":"WebSite","@id":"https:\/\/lovme.pt\/#website","url":"https:\/\/lovme.pt\/","name":"Lovme Loja Er\u00f3tica N\u00ba1 em Portugal","description":"A melhor loja er\u00f3tica de Portugal.","alternateName":"Loja Er\u00f3tica Lovme","potentialAction":[{"@type":"SearchAction","target":{"@type":"EntryPoint","urlTemplate":"https:\/\/lovme.pt\/?s={search_term_string}"},"query-input":{"@type":"PropertyValueSpecification","valueRequired":true,"valueName":"search_term_string"}}],"inLanguage":"pt-PT"}]}},"_links":{"self":[{"href":"https:\/\/lovme.pt\/index.php\/wp-json\/wp\/v2\/product\/52818","targetHints":{"allow":["GET"]}}],"collection":[{"href":"https:\/\/lovme.pt\/index.php\/wp-json\/wp\/v2\/product"}],"about":[{"href":"https:\/\/lovme.pt\/index.php\/wp-json\/wp\/v2\/types\/product"}],"wp:featuredmedia":[{"embeddable":true,"href":"https:\/\/lovme.pt\/index.php\/wp-json\/wp\/v2\/media\/81809"}],"wp:attachment":[{"href":"https:\/\/lovme.pt\/index.php\/wp-json\/wp\/v2\/media?parent=52818"}],"wp:term":[{"taxonomy":"product_brand","embeddable":true,"href":"https:\/\/lovme.pt\/index.php\/wp-json\/wp\/v2\/product_brand?post=52818"},{"taxonomy":"product_cat","embeddable":true,"href":"https:\/\/lovme.pt\/index.php\/wp-json\/wp\/v2\/product_cat?post=52818"},{"taxonomy":"product_tag","embeddable":true,"href":"https:\/\/lovme.pt\/index.php\/wp-json\/wp\/v2\/product_tag?post=52818"}],"curies":[{"name":"wp","href":"https:\/\/api.w.org\/{rel}","templated":true}]}}