{"id":52815,"date":"2025-09-30T22:52:51","date_gmt":"2025-09-30T22:52:51","guid":{"rendered":"https:\/\/lovme.pt\/?post_type=product&p=52815"},"modified":"2026-02-19T20:13:24","modified_gmt":"2026-02-19T20:13:24","slug":"electrastim-sonda-eletroflexivel-de-carga-de-profundidade","status":"publish","type":"product","link":"https:\/\/lovme.pt\/index.php\/produto\/electrastim-sonda-eletroflexivel-de-carga-de-profundidade\/","title":{"rendered":"ELECTRASTIM &#8211; SONDA ELETROFLEX\u00cdVEL DE CARGA DE PROFUNDIDADE"},"content":{"rendered":"<p>Massagem interna profunda &#8211; ovo el\u00e9trico suave com cabo flex\u00edvel<br \/> Perfeito para&#8230; qualquer pessoa, do iniciante ao especialista, que goste de estimula\u00e7\u00e3o anal<br \/> Adequado para sexo anal ou vaginal.<\/p>\n<p> Combinando a estimula\u00e7\u00e3o direcionada de um ovo de amor com as capacidades de impulso de um vibrador el\u00e9trico e-stim, nossa Sonda El\u00e9trica de Carga Profunda bipolar \u00e9 a escolha ideal para estimula\u00e7\u00e3o do ponto G, ponto A e pr\u00f3stata.<\/p>\n<p> A ponta curva tem o tamanho e o formato perfeitos para massagear seus pontos quentes internos, enquanto a haste firme, por\u00e9m flex\u00edvel, oferece controle m\u00e1ximo sobre como e onde voc\u00ea estimula. Gire, gire e empurre a Carga de Profundidade para despertar suas zonas de prazer com contra\u00e7\u00f5es profundas e formigamentos sensuais.<\/p>\n<p> Requer uma unidade estimuladora para fornecer as eletrossensa\u00e7\u00f5es. (Vendido separadamente)<\/p>\n<p> <u><em><strong>Informa\u00e7\u00f5es adicionais sobre a sonda eletromagn\u00e9tica de carga de profundidade<\/strong><\/em><\/u><\/p>\n<p> O cabo isolado torna o Depth Charge seguro para uso anal, permitindo que voc\u00ea se entregue \u00e0s sensa\u00e7\u00f5es sem preocupa\u00e7\u00f5es. A haste flex\u00edvel oferece mais conforto do que muitos brinquedos anais durante a penetra\u00e7\u00e3o profunda, permitindo que voc\u00ea explore profundamente sem se sentir excessivamente esticado ou cheio. Aplique bastante lubrificante \u00e0 base de \u00e1gua antes de usar para facilitar a inser\u00e7\u00e3o e melhorar as sensa\u00e7\u00f5es.<\/p>\n<p> Bipolar para estimula\u00e7\u00e3o interna &#8211; utiliza 2 conectores de pino de 2 mm. 1 vibrador Depth Charge est\u00e1 inclu\u00eddo em cada pacote. Voc\u00ea precisar\u00e1 de um estimulador ElectraStim para sentir as sensa\u00e7\u00f5es descritas.<\/p>\n<p> <u><em><strong>Especifica\u00e7\u00f5es<\/strong><\/em><\/u> :<\/p>\n<ul>\n<li> Comprimento inser\u00edvel: 177 mm \/ 7 polegadas<\/li>\n<li> Di\u00e2metro: 27 mm \/ 1 polegada<\/li>\n<li> Circunfer\u00eancia: 85 mm \/ 3,35 polegadas<\/li>\n<li> Conex\u00e3o: 2 mm<\/li>\n<li> Peso: 210g<\/li>\n<li> Materiais: Constru\u00e7\u00e3o laminada com contatos de alum\u00ednio e isolador central de acr\u00edlico. Haste flex\u00edvel de silicone e cabo de acetal.<\/li>\n<li> N\u00famero de polos: 2 (bipolar)<\/li>\n<\/ul>\n<p> <u><em><strong>O que est\u00e1 inclu\u00eddo?<\/strong><\/em><\/u><\/p>\n<ul>\n<li> 1x Sonda Eletromagn\u00e9tica Flex\u00edvel de Carga de Profundidade<\/li>\n<li> 1x livreto de instru\u00e7\u00f5es (EN\/FR\/DE\/NL\/ES\/IT)<\/li>\n<\/ul>\n","protected":false},"excerpt":{"rendered":"<p>ELECTRASTIM &#8211; SONDA ELETROFLEX\u00cdVEL DE CARGA DE PROFUNDIDADE<\/p>\n","protected":false},"featured_media":81800,"template":"","meta":{"_acf_changed":false},"product_brand":[],"product_cat":[48],"product_tag":[],"class_list":{"0":"post-52815","1":"product","2":"type-product","3":"status-publish","4":"has-post-thumbnail","6":"product_cat-bdsm","7":"yith_product_brand-electrastim","9":"first","10":"instock","11":"taxable","12":"shipping-taxable","13":"purchasable","14":"product-type-simple"},"acf":[],"yoast_head":"<!-- This site is optimized with the Yoast SEO plugin v27.4 - https:\/\/yoast.com\/product\/yoast-seo-wordpress\/ -->\n<title>ELECTRASTIM - SONDA ELETROFLEX\u00cdVEL DE CARGA DE PROFUNDIDADE - Lovme<\/title>\n<meta name=\"robots\" content=\"index, follow, max-snippet:-1, max-image-preview:large, max-video-preview:-1\" \/>\n<link rel=\"canonical\" href=\"https:\/\/lovme.pt\/index.php\/produto\/electrastim-sonda-eletroflexivel-de-carga-de-profundidade\/\" \/>\n<meta property=\"og:locale\" content=\"pt_PT\" \/>\n<meta property=\"og:type\" content=\"article\" \/>\n<meta property=\"og:title\" content=\"ELECTRASTIM - SONDA ELETROFLEX\u00cdVEL DE CARGA DE PROFUNDIDADE - Lovme\" \/>\n<meta property=\"og:description\" content=\"ELECTRASTIM - SONDA ELETROFLEX\u00cdVEL DE CARGA DE PROFUNDIDADE\" \/>\n<meta property=\"og:url\" content=\"https:\/\/lovme.pt\/index.php\/produto\/electrastim-sonda-eletroflexivel-de-carga-de-profundidade\/\" \/>\n<meta property=\"og:site_name\" content=\"Lovme\" \/>\n<meta property=\"article:modified_time\" content=\"2026-02-19T20:13:24+00:00\" \/>\n<meta property=\"og:image\" content=\"https:\/\/erki24nd3ub.exactdn.com\/wp-content\/uploads\/dream\/img\/img_208545_96ec48fda0715f6bf75cbcae7b15a252_1.jpg?strip=all\" \/>\n\t<meta property=\"og:image:width\" content=\"900\" \/>\n\t<meta property=\"og:image:height\" content=\"900\" \/>\n\t<meta property=\"og:image:type\" content=\"image\/jpeg\" \/>\n<meta name=\"twitter:card\" content=\"summary_large_image\" \/>\n<meta name=\"twitter:label1\" content=\"Tempo estimado de leitura\" \/>\n\t<meta name=\"twitter:data1\" content=\"2 minutos\" \/>\n<script type=\"application\/ld+json\" class=\"yoast-schema-graph\">{\"@context\":\"https:\\\/\\\/schema.org\",\"@graph\":[{\"@type\":\"WebPage\",\"@id\":\"https:\\\/\\\/lovme.pt\\\/index.php\\\/produto\\\/electrastim-sonda-eletroflexivel-de-carga-de-profundidade\\\/\",\"url\":\"https:\\\/\\\/lovme.pt\\\/index.php\\\/produto\\\/electrastim-sonda-eletroflexivel-de-carga-de-profundidade\\\/\",\"name\":\"ELECTRASTIM - SONDA ELETROFLEX\u00cdVEL DE CARGA DE PROFUNDIDADE - Lovme\",\"isPartOf\":{\"@id\":\"https:\\\/\\\/lovme.pt\\\/#website\"},\"primaryImageOfPage\":{\"@id\":\"https:\\\/\\\/lovme.pt\\\/index.php\\\/produto\\\/electrastim-sonda-eletroflexivel-de-carga-de-profundidade\\\/#primaryimage\"},\"image\":{\"@id\":\"https:\\\/\\\/lovme.pt\\\/index.php\\\/produto\\\/electrastim-sonda-eletroflexivel-de-carga-de-profundidade\\\/#primaryimage\"},\"thumbnailUrl\":\"https:\\\/\\\/erki24nd3ub.exactdn.com\\\/wp-content\\\/uploads\\\/dream\\\/img\\\/img_208545_96ec48fda0715f6bf75cbcae7b15a252_1.jpg?strip=all\",\"datePublished\":\"2025-09-30T22:52:51+00:00\",\"dateModified\":\"2026-02-19T20:13:24+00:00\",\"breadcrumb\":{\"@id\":\"https:\\\/\\\/lovme.pt\\\/index.php\\\/produto\\\/electrastim-sonda-eletroflexivel-de-carga-de-profundidade\\\/#breadcrumb\"},\"inLanguage\":\"pt-PT\",\"potentialAction\":[{\"@type\":\"ReadAction\",\"target\":[\"https:\\\/\\\/lovme.pt\\\/index.php\\\/produto\\\/electrastim-sonda-eletroflexivel-de-carga-de-profundidade\\\/\"]}]},{\"@type\":\"ImageObject\",\"inLanguage\":\"pt-PT\",\"@id\":\"https:\\\/\\\/lovme.pt\\\/index.php\\\/produto\\\/electrastim-sonda-eletroflexivel-de-carga-de-profundidade\\\/#primaryimage\",\"url\":\"https:\\\/\\\/erki24nd3ub.exactdn.com\\\/wp-content\\\/uploads\\\/dream\\\/img\\\/img_208545_96ec48fda0715f6bf75cbcae7b15a252_1.jpg?strip=all\",\"contentUrl\":\"https:\\\/\\\/erki24nd3ub.exactdn.com\\\/wp-content\\\/uploads\\\/dream\\\/img\\\/img_208545_96ec48fda0715f6bf75cbcae7b15a252_1.jpg?strip=all\",\"width\":900,\"height\":900},{\"@type\":\"BreadcrumbList\",\"@id\":\"https:\\\/\\\/lovme.pt\\\/index.php\\\/produto\\\/electrastim-sonda-eletroflexivel-de-carga-de-profundidade\\\/#breadcrumb\",\"itemListElement\":[{\"@type\":\"ListItem\",\"position\":1,\"name\":\"In\u00edcio\",\"item\":\"https:\\\/\\\/lovme.pt\\\/\"},{\"@type\":\"ListItem\",\"position\":2,\"name\":\"Loja\",\"item\":\"https:\\\/\\\/lovme.pt\\\/index.php\\\/loja\\\/\"},{\"@type\":\"ListItem\",\"position\":3,\"name\":\"ELECTRASTIM &#8211; SONDA ELETROFLEX\u00cdVEL DE CARGA DE PROFUNDIDADE\"}]},{\"@type\":\"WebSite\",\"@id\":\"https:\\\/\\\/lovme.pt\\\/#website\",\"url\":\"https:\\\/\\\/lovme.pt\\\/\",\"name\":\"Lovme Loja Er\u00f3tica N\u00ba1 em Portugal\",\"description\":\"A melhor loja er\u00f3tica de Portugal.\",\"alternateName\":\"Loja Er\u00f3tica Lovme\",\"potentialAction\":[{\"@type\":\"SearchAction\",\"target\":{\"@type\":\"EntryPoint\",\"urlTemplate\":\"https:\\\/\\\/lovme.pt\\\/?s={search_term_string}\"},\"query-input\":{\"@type\":\"PropertyValueSpecification\",\"valueRequired\":true,\"valueName\":\"search_term_string\"}}],\"inLanguage\":\"pt-PT\"}]}<\/script>\n<!-- \/ Yoast SEO plugin. -->","yoast_head_json":{"title":"ELECTRASTIM - SONDA ELETROFLEX\u00cdVEL DE CARGA DE PROFUNDIDADE - Lovme","robots":{"index":"index","follow":"follow","max-snippet":"max-snippet:-1","max-image-preview":"max-image-preview:large","max-video-preview":"max-video-preview:-1"},"canonical":"https:\/\/lovme.pt\/index.php\/produto\/electrastim-sonda-eletroflexivel-de-carga-de-profundidade\/","og_locale":"pt_PT","og_type":"article","og_title":"ELECTRASTIM - SONDA ELETROFLEX\u00cdVEL DE CARGA DE PROFUNDIDADE - Lovme","og_description":"ELECTRASTIM - SONDA ELETROFLEX\u00cdVEL DE CARGA DE PROFUNDIDADE","og_url":"https:\/\/lovme.pt\/index.php\/produto\/electrastim-sonda-eletroflexivel-de-carga-de-profundidade\/","og_site_name":"Lovme","article_modified_time":"2026-02-19T20:13:24+00:00","og_image":[{"width":900,"height":900,"url":"https:\/\/erki24nd3ub.exactdn.com\/wp-content\/uploads\/dream\/img\/img_208545_96ec48fda0715f6bf75cbcae7b15a252_1.jpg?strip=all","type":"image\/jpeg"}],"twitter_card":"summary_large_image","twitter_misc":{"Tempo estimado de leitura":"2 minutos"},"schema":{"@context":"https:\/\/schema.org","@graph":[{"@type":"WebPage","@id":"https:\/\/lovme.pt\/index.php\/produto\/electrastim-sonda-eletroflexivel-de-carga-de-profundidade\/","url":"https:\/\/lovme.pt\/index.php\/produto\/electrastim-sonda-eletroflexivel-de-carga-de-profundidade\/","name":"ELECTRASTIM - SONDA ELETROFLEX\u00cdVEL DE CARGA DE PROFUNDIDADE - Lovme","isPartOf":{"@id":"https:\/\/lovme.pt\/#website"},"primaryImageOfPage":{"@id":"https:\/\/lovme.pt\/index.php\/produto\/electrastim-sonda-eletroflexivel-de-carga-de-profundidade\/#primaryimage"},"image":{"@id":"https:\/\/lovme.pt\/index.php\/produto\/electrastim-sonda-eletroflexivel-de-carga-de-profundidade\/#primaryimage"},"thumbnailUrl":"https:\/\/erki24nd3ub.exactdn.com\/wp-content\/uploads\/dream\/img\/img_208545_96ec48fda0715f6bf75cbcae7b15a252_1.jpg?strip=all","datePublished":"2025-09-30T22:52:51+00:00","dateModified":"2026-02-19T20:13:24+00:00","breadcrumb":{"@id":"https:\/\/lovme.pt\/index.php\/produto\/electrastim-sonda-eletroflexivel-de-carga-de-profundidade\/#breadcrumb"},"inLanguage":"pt-PT","potentialAction":[{"@type":"ReadAction","target":["https:\/\/lovme.pt\/index.php\/produto\/electrastim-sonda-eletroflexivel-de-carga-de-profundidade\/"]}]},{"@type":"ImageObject","inLanguage":"pt-PT","@id":"https:\/\/lovme.pt\/index.php\/produto\/electrastim-sonda-eletroflexivel-de-carga-de-profundidade\/#primaryimage","url":"https:\/\/erki24nd3ub.exactdn.com\/wp-content\/uploads\/dream\/img\/img_208545_96ec48fda0715f6bf75cbcae7b15a252_1.jpg?strip=all","contentUrl":"https:\/\/erki24nd3ub.exactdn.com\/wp-content\/uploads\/dream\/img\/img_208545_96ec48fda0715f6bf75cbcae7b15a252_1.jpg?strip=all","width":900,"height":900},{"@type":"BreadcrumbList","@id":"https:\/\/lovme.pt\/index.php\/produto\/electrastim-sonda-eletroflexivel-de-carga-de-profundidade\/#breadcrumb","itemListElement":[{"@type":"ListItem","position":1,"name":"In\u00edcio","item":"https:\/\/lovme.pt\/"},{"@type":"ListItem","position":2,"name":"Loja","item":"https:\/\/lovme.pt\/index.php\/loja\/"},{"@type":"ListItem","position":3,"name":"ELECTRASTIM &#8211; SONDA ELETROFLEX\u00cdVEL DE CARGA DE PROFUNDIDADE"}]},{"@type":"WebSite","@id":"https:\/\/lovme.pt\/#website","url":"https:\/\/lovme.pt\/","name":"Lovme Loja Er\u00f3tica N\u00ba1 em Portugal","description":"A melhor loja er\u00f3tica de Portugal.","alternateName":"Loja Er\u00f3tica Lovme","potentialAction":[{"@type":"SearchAction","target":{"@type":"EntryPoint","urlTemplate":"https:\/\/lovme.pt\/?s={search_term_string}"},"query-input":{"@type":"PropertyValueSpecification","valueRequired":true,"valueName":"search_term_string"}}],"inLanguage":"pt-PT"}]}},"_links":{"self":[{"href":"https:\/\/lovme.pt\/index.php\/wp-json\/wp\/v2\/product\/52815","targetHints":{"allow":["GET"]}}],"collection":[{"href":"https:\/\/lovme.pt\/index.php\/wp-json\/wp\/v2\/product"}],"about":[{"href":"https:\/\/lovme.pt\/index.php\/wp-json\/wp\/v2\/types\/product"}],"wp:featuredmedia":[{"embeddable":true,"href":"https:\/\/lovme.pt\/index.php\/wp-json\/wp\/v2\/media\/81800"}],"wp:attachment":[{"href":"https:\/\/lovme.pt\/index.php\/wp-json\/wp\/v2\/media?parent=52815"}],"wp:term":[{"taxonomy":"product_brand","embeddable":true,"href":"https:\/\/lovme.pt\/index.php\/wp-json\/wp\/v2\/product_brand?post=52815"},{"taxonomy":"product_cat","embeddable":true,"href":"https:\/\/lovme.pt\/index.php\/wp-json\/wp\/v2\/product_cat?post=52815"},{"taxonomy":"product_tag","embeddable":true,"href":"https:\/\/lovme.pt\/index.php\/wp-json\/wp\/v2\/product_tag?post=52815"}],"curies":[{"name":"wp","href":"https:\/\/api.w.org\/{rel}","templated":true}]}}