{"id":52811,"date":"2025-10-01T00:34:53","date_gmt":"2025-10-01T00:34:53","guid":{"rendered":"https:\/\/lovme.pt\/?post_type=product&p=52811"},"modified":"2026-02-19T20:15:57","modified_gmt":"2026-02-19T20:15:57","slug":"leg-avenue-body-vermelho-renda-gola-cruzada-tamanho-unico","status":"publish","type":"product","link":"https:\/\/lovme.pt\/index.php\/produto\/leg-avenue-body-vermelho-renda-gola-cruzada-tamanho-unico\/","title":{"rendered":"LEG AVENUE &#8211; BODY VERMELHO RENDA GOLA CRUZADA TAMANHO \u00daNICO"},"content":{"rendered":"<div><span style=\"font-size: 13px;\">Seja ousada e exiba suas curvas com este conjunto de lingerie sensual. Com detalhes sedutores e caimento perfeito, este look certamente chamar\u00e1 a aten\u00e7\u00e3o do seu parceiro. Combine com meias-cal\u00e7as combinando e salto alto para um look completo que deixar\u00e1 voc\u00ea deslumbrante.<\/span><\/div>\n<div><\/div>\n<div> <u><em><strong><span style=\"font-size: 13px;\">CARACTER\u00cdSTICAS:<\/span><\/strong><\/em><\/u><\/div>\n<div><\/div>\n<div> <span style=\"font-size: 13px;\">Body lingerie sexy<\/span><\/div>\n<div> <span style=\"font-size: 13px;\">Tecido confort\u00e1vel e el\u00e1stico<\/span><\/div>\n<div> <span style=\"font-size: 13px;\">Decote cruzado<\/span><\/div>\n<div> <span style=\"font-size: 13px;\">Frente com buraco de fechadura de mergulho<\/span><\/div>\n<div> <span style=\"font-size: 13px;\">Lavar \u00e0 m\u00e3o com \u00e1gua morna, usar somente alvejante sem cloro quando necess\u00e1rio, secar no varal, n\u00e3o passar a ferro<\/span><\/div>\n<div> <span style=\"font-size: 13px;\">94% n\u00e1ilon, 6% elastano<\/span><\/div>\n<\/p>\n<ul><\/ul>\n<p> <strong>A Leg Avenue<\/strong> tem os produtos que voc\u00ea procura, comprometida em oferecer aos clientes produtos inovadores, pre\u00e7os competitivos e grande satisfa\u00e7\u00e3o, sempre frescos e da moda mais recente de Los Angeles.<\/p>\n<p> Aqui, tudo gira em torno de voc\u00ea! Entendemos que cada corpo \u00e9 \u00fanico e acreditamos que todas as mulheres devem estar lindas e se sentir fant\u00e1sticas, independentemente do seu tamanho ou formato. Portanto, tenha certeza de que nossos designs s\u00e3o sempre focados em destacar suas melhores caracter\u00edsticas. E, falando s\u00e9rio, \u00e9 isso mesmo que dizemos quando dizemos que valorizamos tecidos supermacios e elasticidade de ponta. Conforto e estilo? Confirme!<\/p>\n<p> A variedade \u00e9 a chave do nosso sucesso, e voc\u00ea pode ver isso em nossos estilos. Nossos designers misturam e combinam materiais como profissionais, conferindo \u00e0s nossas cria\u00e7\u00f5es aquele ar de luxo inconfund\u00edvel para que voc\u00ea se sinta absolutamente em primeira classe. Seja uma renda que agu\u00e7a seus sentidos ou um cetim supermacio ao qual suas m\u00e3os n\u00e3o conseguem resistir, n\u00f3s nos esfor\u00e7amos ao m\u00e1ximo para lhe oferecer algo especial.<\/p>\n<p> <strong>A Leg Avenue<\/strong> \u00e9 cheia de paix\u00e3o, divers\u00e3o e autoexpress\u00e3o. Queremos que voc\u00ea seja completamente voc\u00ea mesmo, com um toque de travessura e muita confian\u00e7a. Descubra como nossas lingeries, meias-cal\u00e7as e fantasias elevam seu visual a outro n\u00edvel. Juntos, aspiramos ao fant\u00e1stico e provamos que estilo n\u00e3o tem tamanho!<\/p>\n","protected":false},"excerpt":{"rendered":"<p>LEG AVENUE &#8211; BODY VERMELHO RENDA GOLA CRUZADA TAMANHO \u00daNICO<\/p>\n","protected":false},"featured_media":89099,"template":"","meta":{"_acf_changed":false},"product_brand":[],"product_cat":[47,66],"product_tag":[],"class_list":{"0":"post-52811","1":"product","2":"type-product","3":"status-publish","4":"has-post-thumbnail","6":"product_cat-lingerie","7":"product_cat-lingerie-feminina","8":"yith_product_brand-leg-avenue","9":"yith_product_brand-leg-avenueleg-avenue-bodystockings","11":"first","12":"instock","13":"taxable","14":"shipping-taxable","15":"purchasable","16":"product-type-simple"},"acf":[],"yoast_head":"<!-- This site is optimized with the Yoast SEO plugin v27.4 - https:\/\/yoast.com\/product\/yoast-seo-wordpress\/ -->\n<title>LEG AVENUE - BODY VERMELHO RENDA GOLA CRUZADA TAMANHO \u00daNICO - Lovme<\/title>\n<meta name=\"robots\" content=\"index, follow, max-snippet:-1, max-image-preview:large, max-video-preview:-1\" \/>\n<link rel=\"canonical\" href=\"https:\/\/lovme.pt\/index.php\/produto\/leg-avenue-body-vermelho-renda-gola-cruzada-tamanho-unico\/\" \/>\n<meta property=\"og:locale\" content=\"pt_PT\" \/>\n<meta property=\"og:type\" content=\"article\" \/>\n<meta property=\"og:title\" content=\"LEG AVENUE - BODY VERMELHO RENDA GOLA CRUZADA TAMANHO \u00daNICO - Lovme\" \/>\n<meta property=\"og:description\" content=\"LEG AVENUE - BODY VERMELHO RENDA GOLA CRUZADA TAMANHO \u00daNICO\" \/>\n<meta property=\"og:url\" content=\"https:\/\/lovme.pt\/index.php\/produto\/leg-avenue-body-vermelho-renda-gola-cruzada-tamanho-unico\/\" \/>\n<meta property=\"og:site_name\" content=\"Lovme\" \/>\n<meta property=\"article:modified_time\" content=\"2026-02-19T20:15:57+00:00\" \/>\n<meta property=\"og:image\" content=\"https:\/\/erki24nd3ub.exactdn.com\/wp-content\/uploads\/dream\/img\/img_208520_efacd429749fdbb71023246f47025fec_1.jpg?strip=all\" \/>\n\t<meta property=\"og:image:width\" content=\"900\" \/>\n\t<meta property=\"og:image:height\" content=\"900\" \/>\n\t<meta property=\"og:image:type\" content=\"image\/jpeg\" \/>\n<meta name=\"twitter:card\" content=\"summary_large_image\" \/>\n<meta name=\"twitter:label1\" content=\"Tempo estimado de leitura\" \/>\n\t<meta name=\"twitter:data1\" content=\"2 minutos\" \/>\n<script type=\"application\/ld+json\" class=\"yoast-schema-graph\">{\"@context\":\"https:\\\/\\\/schema.org\",\"@graph\":[{\"@type\":\"WebPage\",\"@id\":\"https:\\\/\\\/lovme.pt\\\/index.php\\\/produto\\\/leg-avenue-body-vermelho-renda-gola-cruzada-tamanho-unico\\\/\",\"url\":\"https:\\\/\\\/lovme.pt\\\/index.php\\\/produto\\\/leg-avenue-body-vermelho-renda-gola-cruzada-tamanho-unico\\\/\",\"name\":\"LEG AVENUE - BODY VERMELHO RENDA GOLA CRUZADA TAMANHO \u00daNICO - Lovme\",\"isPartOf\":{\"@id\":\"https:\\\/\\\/lovme.pt\\\/#website\"},\"primaryImageOfPage\":{\"@id\":\"https:\\\/\\\/lovme.pt\\\/index.php\\\/produto\\\/leg-avenue-body-vermelho-renda-gola-cruzada-tamanho-unico\\\/#primaryimage\"},\"image\":{\"@id\":\"https:\\\/\\\/lovme.pt\\\/index.php\\\/produto\\\/leg-avenue-body-vermelho-renda-gola-cruzada-tamanho-unico\\\/#primaryimage\"},\"thumbnailUrl\":\"https:\\\/\\\/erki24nd3ub.exactdn.com\\\/wp-content\\\/uploads\\\/dream\\\/img\\\/img_208520_efacd429749fdbb71023246f47025fec_1.jpg?strip=all\",\"datePublished\":\"2025-10-01T00:34:53+00:00\",\"dateModified\":\"2026-02-19T20:15:57+00:00\",\"breadcrumb\":{\"@id\":\"https:\\\/\\\/lovme.pt\\\/index.php\\\/produto\\\/leg-avenue-body-vermelho-renda-gola-cruzada-tamanho-unico\\\/#breadcrumb\"},\"inLanguage\":\"pt-PT\",\"potentialAction\":[{\"@type\":\"ReadAction\",\"target\":[\"https:\\\/\\\/lovme.pt\\\/index.php\\\/produto\\\/leg-avenue-body-vermelho-renda-gola-cruzada-tamanho-unico\\\/\"]}]},{\"@type\":\"ImageObject\",\"inLanguage\":\"pt-PT\",\"@id\":\"https:\\\/\\\/lovme.pt\\\/index.php\\\/produto\\\/leg-avenue-body-vermelho-renda-gola-cruzada-tamanho-unico\\\/#primaryimage\",\"url\":\"https:\\\/\\\/erki24nd3ub.exactdn.com\\\/wp-content\\\/uploads\\\/dream\\\/img\\\/img_208520_efacd429749fdbb71023246f47025fec_1.jpg?strip=all\",\"contentUrl\":\"https:\\\/\\\/erki24nd3ub.exactdn.com\\\/wp-content\\\/uploads\\\/dream\\\/img\\\/img_208520_efacd429749fdbb71023246f47025fec_1.jpg?strip=all\",\"width\":900,\"height\":900},{\"@type\":\"BreadcrumbList\",\"@id\":\"https:\\\/\\\/lovme.pt\\\/index.php\\\/produto\\\/leg-avenue-body-vermelho-renda-gola-cruzada-tamanho-unico\\\/#breadcrumb\",\"itemListElement\":[{\"@type\":\"ListItem\",\"position\":1,\"name\":\"In\u00edcio\",\"item\":\"https:\\\/\\\/lovme.pt\\\/\"},{\"@type\":\"ListItem\",\"position\":2,\"name\":\"Loja\",\"item\":\"https:\\\/\\\/lovme.pt\\\/index.php\\\/loja\\\/\"},{\"@type\":\"ListItem\",\"position\":3,\"name\":\"LEG AVENUE &#8211; BODY VERMELHO RENDA GOLA CRUZADA TAMANHO \u00daNICO\"}]},{\"@type\":\"WebSite\",\"@id\":\"https:\\\/\\\/lovme.pt\\\/#website\",\"url\":\"https:\\\/\\\/lovme.pt\\\/\",\"name\":\"Lovme Loja Er\u00f3tica N\u00ba1 em Portugal\",\"description\":\"A melhor loja er\u00f3tica de Portugal.\",\"alternateName\":\"Loja Er\u00f3tica Lovme\",\"potentialAction\":[{\"@type\":\"SearchAction\",\"target\":{\"@type\":\"EntryPoint\",\"urlTemplate\":\"https:\\\/\\\/lovme.pt\\\/?s={search_term_string}\"},\"query-input\":{\"@type\":\"PropertyValueSpecification\",\"valueRequired\":true,\"valueName\":\"search_term_string\"}}],\"inLanguage\":\"pt-PT\"}]}<\/script>\n<!-- \/ Yoast SEO plugin. -->","yoast_head_json":{"title":"LEG AVENUE - BODY VERMELHO RENDA GOLA CRUZADA TAMANHO \u00daNICO - Lovme","robots":{"index":"index","follow":"follow","max-snippet":"max-snippet:-1","max-image-preview":"max-image-preview:large","max-video-preview":"max-video-preview:-1"},"canonical":"https:\/\/lovme.pt\/index.php\/produto\/leg-avenue-body-vermelho-renda-gola-cruzada-tamanho-unico\/","og_locale":"pt_PT","og_type":"article","og_title":"LEG AVENUE - BODY VERMELHO RENDA GOLA CRUZADA TAMANHO \u00daNICO - Lovme","og_description":"LEG AVENUE - BODY VERMELHO RENDA GOLA CRUZADA TAMANHO \u00daNICO","og_url":"https:\/\/lovme.pt\/index.php\/produto\/leg-avenue-body-vermelho-renda-gola-cruzada-tamanho-unico\/","og_site_name":"Lovme","article_modified_time":"2026-02-19T20:15:57+00:00","og_image":[{"width":900,"height":900,"url":"https:\/\/erki24nd3ub.exactdn.com\/wp-content\/uploads\/dream\/img\/img_208520_efacd429749fdbb71023246f47025fec_1.jpg?strip=all","type":"image\/jpeg"}],"twitter_card":"summary_large_image","twitter_misc":{"Tempo estimado de leitura":"2 minutos"},"schema":{"@context":"https:\/\/schema.org","@graph":[{"@type":"WebPage","@id":"https:\/\/lovme.pt\/index.php\/produto\/leg-avenue-body-vermelho-renda-gola-cruzada-tamanho-unico\/","url":"https:\/\/lovme.pt\/index.php\/produto\/leg-avenue-body-vermelho-renda-gola-cruzada-tamanho-unico\/","name":"LEG AVENUE - BODY VERMELHO RENDA GOLA CRUZADA TAMANHO \u00daNICO - Lovme","isPartOf":{"@id":"https:\/\/lovme.pt\/#website"},"primaryImageOfPage":{"@id":"https:\/\/lovme.pt\/index.php\/produto\/leg-avenue-body-vermelho-renda-gola-cruzada-tamanho-unico\/#primaryimage"},"image":{"@id":"https:\/\/lovme.pt\/index.php\/produto\/leg-avenue-body-vermelho-renda-gola-cruzada-tamanho-unico\/#primaryimage"},"thumbnailUrl":"https:\/\/erki24nd3ub.exactdn.com\/wp-content\/uploads\/dream\/img\/img_208520_efacd429749fdbb71023246f47025fec_1.jpg?strip=all","datePublished":"2025-10-01T00:34:53+00:00","dateModified":"2026-02-19T20:15:57+00:00","breadcrumb":{"@id":"https:\/\/lovme.pt\/index.php\/produto\/leg-avenue-body-vermelho-renda-gola-cruzada-tamanho-unico\/#breadcrumb"},"inLanguage":"pt-PT","potentialAction":[{"@type":"ReadAction","target":["https:\/\/lovme.pt\/index.php\/produto\/leg-avenue-body-vermelho-renda-gola-cruzada-tamanho-unico\/"]}]},{"@type":"ImageObject","inLanguage":"pt-PT","@id":"https:\/\/lovme.pt\/index.php\/produto\/leg-avenue-body-vermelho-renda-gola-cruzada-tamanho-unico\/#primaryimage","url":"https:\/\/erki24nd3ub.exactdn.com\/wp-content\/uploads\/dream\/img\/img_208520_efacd429749fdbb71023246f47025fec_1.jpg?strip=all","contentUrl":"https:\/\/erki24nd3ub.exactdn.com\/wp-content\/uploads\/dream\/img\/img_208520_efacd429749fdbb71023246f47025fec_1.jpg?strip=all","width":900,"height":900},{"@type":"BreadcrumbList","@id":"https:\/\/lovme.pt\/index.php\/produto\/leg-avenue-body-vermelho-renda-gola-cruzada-tamanho-unico\/#breadcrumb","itemListElement":[{"@type":"ListItem","position":1,"name":"In\u00edcio","item":"https:\/\/lovme.pt\/"},{"@type":"ListItem","position":2,"name":"Loja","item":"https:\/\/lovme.pt\/index.php\/loja\/"},{"@type":"ListItem","position":3,"name":"LEG AVENUE &#8211; BODY VERMELHO RENDA GOLA CRUZADA TAMANHO \u00daNICO"}]},{"@type":"WebSite","@id":"https:\/\/lovme.pt\/#website","url":"https:\/\/lovme.pt\/","name":"Lovme Loja Er\u00f3tica N\u00ba1 em Portugal","description":"A melhor loja er\u00f3tica de Portugal.","alternateName":"Loja Er\u00f3tica Lovme","potentialAction":[{"@type":"SearchAction","target":{"@type":"EntryPoint","urlTemplate":"https:\/\/lovme.pt\/?s={search_term_string}"},"query-input":{"@type":"PropertyValueSpecification","valueRequired":true,"valueName":"search_term_string"}}],"inLanguage":"pt-PT"}]}},"_links":{"self":[{"href":"https:\/\/lovme.pt\/index.php\/wp-json\/wp\/v2\/product\/52811","targetHints":{"allow":["GET"]}}],"collection":[{"href":"https:\/\/lovme.pt\/index.php\/wp-json\/wp\/v2\/product"}],"about":[{"href":"https:\/\/lovme.pt\/index.php\/wp-json\/wp\/v2\/types\/product"}],"wp:featuredmedia":[{"embeddable":true,"href":"https:\/\/lovme.pt\/index.php\/wp-json\/wp\/v2\/media\/89099"}],"wp:attachment":[{"href":"https:\/\/lovme.pt\/index.php\/wp-json\/wp\/v2\/media?parent=52811"}],"wp:term":[{"taxonomy":"product_brand","embeddable":true,"href":"https:\/\/lovme.pt\/index.php\/wp-json\/wp\/v2\/product_brand?post=52811"},{"taxonomy":"product_cat","embeddable":true,"href":"https:\/\/lovme.pt\/index.php\/wp-json\/wp\/v2\/product_cat?post=52811"},{"taxonomy":"product_tag","embeddable":true,"href":"https:\/\/lovme.pt\/index.php\/wp-json\/wp\/v2\/product_tag?post=52811"}],"curies":[{"name":"wp","href":"https:\/\/api.w.org\/{rel}","templated":true}]}}