{"id":52808,"date":"2025-10-01T03:17:07","date_gmt":"2025-10-01T03:17:07","guid":{"rendered":"https:\/\/lovme.pt\/?post_type=product&p=52808"},"modified":"2026-02-19T20:22:47","modified_gmt":"2026-02-19T20:22:47","slug":"fleshlight-fantasy-masturbador-ano-power-bottom-boy","status":"publish","type":"product","link":"https:\/\/lovme.pt\/index.php\/produto\/fleshlight-fantasy-masturbador-ano-power-bottom-boy\/","title":{"rendered":"FLESHLIGHT FANTASY &#8211; MASTURBADOR ANO POWER BOTTOM BOY"},"content":{"rendered":"<p>Depois de abrir essas n\u00e1degas firmes, \u00e9 hora de mergulhar no t\u00fanel intenso e estimulante do Poderoso Passista. Deixe-o te levar em uma jornada suave por suas ondas enquanto voc\u00eas v\u00e3o cada vez mais fundo.<\/p>\n<p>Quem n\u00e3o tem a fantasia de um bumbum sempre pronto, sempre dispon\u00edvel e disposto a assumir o controle? Criamos o produto Fantasy Fleshjack para voc\u00ea, reintroduzindo a sensa\u00e7\u00e3o de aperto, considerada a textura mais realista e natural que a Fleshlight j\u00e1 criou.<\/p>\n<p><u><em><strong>Caracter\u00edsticas<\/strong><\/em><\/u><\/p>\n<ul>\n<li>Textura extremamente macia e realista<\/li>\n<li>Feito com material patenteado Real Feel Super Skin<\/li>\n<li>Controle total sobre a quantidade de suc\u00e7\u00e3o atrav\u00e9s da tampa traseira<\/li>\n<li>Alojado em um estojo discreto e f\u00e1cil de segurar<\/li>\n<li>Inclui uma amostra de lubrificante \u00e0 base de \u00e1gua Fleshlight<\/li>\n<li>Manga remov\u00edvel para f\u00e1cil limpeza<\/li>\n<li>Livre de ftalatos, seguro e n\u00e3o t\u00f3xico<\/li>\n<li>Cor (Masturbador): Tom de pele<\/li>\n<li>Cor da caixa: Azul<\/li>\n<\/ul>\n<p>\u00a0<\/p>\n<p>A Fleshlight\u00ae \u00e9 l\u00edder mundial na fabrica\u00e7\u00e3o de masturbadores masculinos a partir de moldes de pessoas reais. Sua alta qualidade e caracter\u00edsticas deram origem a uma marca pensada para o homem e seu prazer, \u00fanica no mundo!<\/p>\n","protected":false},"excerpt":{"rendered":"<p>FLESHLIGHT FANTASY &#8211; MASTURBADOR ANO POWER BOTTOM BOY<\/p>\n","protected":false},"featured_media":102495,"template":"","meta":{"_acf_changed":false},"product_brand":[],"product_cat":[17,60,63],"product_tag":[],"class_list":{"0":"post-52808","1":"product","2":"type-product","3":"status-publish","4":"has-post-thumbnail","6":"product_cat-brinquedos-de-bem-estar-sexual","7":"product_cat-para-eles","8":"product_cat-sexo-anal","9":"yith_product_brand-fleshlight","10":"yith_product_brand-fleshlightfleshlight-fantasy","12":"first","13":"instock","14":"taxable","15":"shipping-taxable","16":"purchasable","17":"product-type-simple"},"acf":[],"yoast_head":"<!-- This site is optimized with the Yoast SEO plugin v27.4 - https:\/\/yoast.com\/product\/yoast-seo-wordpress\/ -->\n<title>FLESHLIGHT FANTASY - MASTURBADOR ANO POWER BOTTOM BOY - Lovme<\/title>\n<meta name=\"robots\" content=\"index, follow, max-snippet:-1, max-image-preview:large, max-video-preview:-1\" \/>\n<link rel=\"canonical\" href=\"https:\/\/lovme.pt\/index.php\/produto\/fleshlight-fantasy-masturbador-ano-power-bottom-boy\/\" \/>\n<meta property=\"og:locale\" content=\"pt_PT\" \/>\n<meta property=\"og:type\" content=\"article\" \/>\n<meta property=\"og:title\" content=\"FLESHLIGHT FANTASY - MASTURBADOR ANO POWER BOTTOM BOY - Lovme\" \/>\n<meta property=\"og:description\" content=\"FLESHLIGHT FANTASY - MASTURBADOR ANO POWER BOTTOM BOY\" \/>\n<meta property=\"og:url\" content=\"https:\/\/lovme.pt\/index.php\/produto\/fleshlight-fantasy-masturbador-ano-power-bottom-boy\/\" \/>\n<meta property=\"og:site_name\" content=\"Lovme\" \/>\n<meta property=\"article:modified_time\" content=\"2026-02-19T20:22:47+00:00\" \/>\n<meta property=\"og:image\" content=\"https:\/\/erki24nd3ub.exactdn.com\/wp-content\/uploads\/dream\/img\/img_208504_ca28adfd15b06e52670128a8ff40b7b8_1.jpg?strip=all\" \/>\n\t<meta property=\"og:image:width\" content=\"900\" \/>\n\t<meta property=\"og:image:height\" content=\"900\" \/>\n\t<meta property=\"og:image:type\" content=\"image\/jpeg\" \/>\n<meta name=\"twitter:card\" content=\"summary_large_image\" \/>\n<meta name=\"twitter:label1\" content=\"Tempo estimado de leitura\" \/>\n\t<meta name=\"twitter:data1\" content=\"1 minuto\" \/>\n<script type=\"application\/ld+json\" class=\"yoast-schema-graph\">{\"@context\":\"https:\\\/\\\/schema.org\",\"@graph\":[{\"@type\":\"WebPage\",\"@id\":\"https:\\\/\\\/lovme.pt\\\/index.php\\\/produto\\\/fleshlight-fantasy-masturbador-ano-power-bottom-boy\\\/\",\"url\":\"https:\\\/\\\/lovme.pt\\\/index.php\\\/produto\\\/fleshlight-fantasy-masturbador-ano-power-bottom-boy\\\/\",\"name\":\"FLESHLIGHT FANTASY - MASTURBADOR ANO POWER BOTTOM BOY - Lovme\",\"isPartOf\":{\"@id\":\"https:\\\/\\\/lovme.pt\\\/#website\"},\"primaryImageOfPage\":{\"@id\":\"https:\\\/\\\/lovme.pt\\\/index.php\\\/produto\\\/fleshlight-fantasy-masturbador-ano-power-bottom-boy\\\/#primaryimage\"},\"image\":{\"@id\":\"https:\\\/\\\/lovme.pt\\\/index.php\\\/produto\\\/fleshlight-fantasy-masturbador-ano-power-bottom-boy\\\/#primaryimage\"},\"thumbnailUrl\":\"https:\\\/\\\/erki24nd3ub.exactdn.com\\\/wp-content\\\/uploads\\\/dream\\\/img\\\/img_208504_ca28adfd15b06e52670128a8ff40b7b8_1.jpg?strip=all\",\"datePublished\":\"2025-10-01T03:17:07+00:00\",\"dateModified\":\"2026-02-19T20:22:47+00:00\",\"breadcrumb\":{\"@id\":\"https:\\\/\\\/lovme.pt\\\/index.php\\\/produto\\\/fleshlight-fantasy-masturbador-ano-power-bottom-boy\\\/#breadcrumb\"},\"inLanguage\":\"pt-PT\",\"potentialAction\":[{\"@type\":\"ReadAction\",\"target\":[\"https:\\\/\\\/lovme.pt\\\/index.php\\\/produto\\\/fleshlight-fantasy-masturbador-ano-power-bottom-boy\\\/\"]}]},{\"@type\":\"ImageObject\",\"inLanguage\":\"pt-PT\",\"@id\":\"https:\\\/\\\/lovme.pt\\\/index.php\\\/produto\\\/fleshlight-fantasy-masturbador-ano-power-bottom-boy\\\/#primaryimage\",\"url\":\"https:\\\/\\\/erki24nd3ub.exactdn.com\\\/wp-content\\\/uploads\\\/dream\\\/img\\\/img_208504_ca28adfd15b06e52670128a8ff40b7b8_1.jpg?strip=all\",\"contentUrl\":\"https:\\\/\\\/erki24nd3ub.exactdn.com\\\/wp-content\\\/uploads\\\/dream\\\/img\\\/img_208504_ca28adfd15b06e52670128a8ff40b7b8_1.jpg?strip=all\",\"width\":900,\"height\":900},{\"@type\":\"BreadcrumbList\",\"@id\":\"https:\\\/\\\/lovme.pt\\\/index.php\\\/produto\\\/fleshlight-fantasy-masturbador-ano-power-bottom-boy\\\/#breadcrumb\",\"itemListElement\":[{\"@type\":\"ListItem\",\"position\":1,\"name\":\"In\u00edcio\",\"item\":\"https:\\\/\\\/lovme.pt\\\/\"},{\"@type\":\"ListItem\",\"position\":2,\"name\":\"Loja\",\"item\":\"https:\\\/\\\/lovme.pt\\\/index.php\\\/loja\\\/\"},{\"@type\":\"ListItem\",\"position\":3,\"name\":\"FLESHLIGHT FANTASY &#8211; MASTURBADOR ANO POWER BOTTOM BOY\"}]},{\"@type\":\"WebSite\",\"@id\":\"https:\\\/\\\/lovme.pt\\\/#website\",\"url\":\"https:\\\/\\\/lovme.pt\\\/\",\"name\":\"Lovme Loja Er\u00f3tica N\u00ba1 em Portugal\",\"description\":\"A melhor loja er\u00f3tica de Portugal.\",\"alternateName\":\"Loja Er\u00f3tica Lovme\",\"potentialAction\":[{\"@type\":\"SearchAction\",\"target\":{\"@type\":\"EntryPoint\",\"urlTemplate\":\"https:\\\/\\\/lovme.pt\\\/?s={search_term_string}\"},\"query-input\":{\"@type\":\"PropertyValueSpecification\",\"valueRequired\":true,\"valueName\":\"search_term_string\"}}],\"inLanguage\":\"pt-PT\"}]}<\/script>\n<!-- \/ Yoast SEO plugin. -->","yoast_head_json":{"title":"FLESHLIGHT FANTASY - MASTURBADOR ANO POWER BOTTOM BOY - Lovme","robots":{"index":"index","follow":"follow","max-snippet":"max-snippet:-1","max-image-preview":"max-image-preview:large","max-video-preview":"max-video-preview:-1"},"canonical":"https:\/\/lovme.pt\/index.php\/produto\/fleshlight-fantasy-masturbador-ano-power-bottom-boy\/","og_locale":"pt_PT","og_type":"article","og_title":"FLESHLIGHT FANTASY - MASTURBADOR ANO POWER BOTTOM BOY - Lovme","og_description":"FLESHLIGHT FANTASY - MASTURBADOR ANO POWER BOTTOM BOY","og_url":"https:\/\/lovme.pt\/index.php\/produto\/fleshlight-fantasy-masturbador-ano-power-bottom-boy\/","og_site_name":"Lovme","article_modified_time":"2026-02-19T20:22:47+00:00","og_image":[{"width":900,"height":900,"url":"https:\/\/erki24nd3ub.exactdn.com\/wp-content\/uploads\/dream\/img\/img_208504_ca28adfd15b06e52670128a8ff40b7b8_1.jpg?strip=all","type":"image\/jpeg"}],"twitter_card":"summary_large_image","twitter_misc":{"Tempo estimado de leitura":"1 minuto"},"schema":{"@context":"https:\/\/schema.org","@graph":[{"@type":"WebPage","@id":"https:\/\/lovme.pt\/index.php\/produto\/fleshlight-fantasy-masturbador-ano-power-bottom-boy\/","url":"https:\/\/lovme.pt\/index.php\/produto\/fleshlight-fantasy-masturbador-ano-power-bottom-boy\/","name":"FLESHLIGHT FANTASY - MASTURBADOR ANO POWER BOTTOM BOY - Lovme","isPartOf":{"@id":"https:\/\/lovme.pt\/#website"},"primaryImageOfPage":{"@id":"https:\/\/lovme.pt\/index.php\/produto\/fleshlight-fantasy-masturbador-ano-power-bottom-boy\/#primaryimage"},"image":{"@id":"https:\/\/lovme.pt\/index.php\/produto\/fleshlight-fantasy-masturbador-ano-power-bottom-boy\/#primaryimage"},"thumbnailUrl":"https:\/\/erki24nd3ub.exactdn.com\/wp-content\/uploads\/dream\/img\/img_208504_ca28adfd15b06e52670128a8ff40b7b8_1.jpg?strip=all","datePublished":"2025-10-01T03:17:07+00:00","dateModified":"2026-02-19T20:22:47+00:00","breadcrumb":{"@id":"https:\/\/lovme.pt\/index.php\/produto\/fleshlight-fantasy-masturbador-ano-power-bottom-boy\/#breadcrumb"},"inLanguage":"pt-PT","potentialAction":[{"@type":"ReadAction","target":["https:\/\/lovme.pt\/index.php\/produto\/fleshlight-fantasy-masturbador-ano-power-bottom-boy\/"]}]},{"@type":"ImageObject","inLanguage":"pt-PT","@id":"https:\/\/lovme.pt\/index.php\/produto\/fleshlight-fantasy-masturbador-ano-power-bottom-boy\/#primaryimage","url":"https:\/\/erki24nd3ub.exactdn.com\/wp-content\/uploads\/dream\/img\/img_208504_ca28adfd15b06e52670128a8ff40b7b8_1.jpg?strip=all","contentUrl":"https:\/\/erki24nd3ub.exactdn.com\/wp-content\/uploads\/dream\/img\/img_208504_ca28adfd15b06e52670128a8ff40b7b8_1.jpg?strip=all","width":900,"height":900},{"@type":"BreadcrumbList","@id":"https:\/\/lovme.pt\/index.php\/produto\/fleshlight-fantasy-masturbador-ano-power-bottom-boy\/#breadcrumb","itemListElement":[{"@type":"ListItem","position":1,"name":"In\u00edcio","item":"https:\/\/lovme.pt\/"},{"@type":"ListItem","position":2,"name":"Loja","item":"https:\/\/lovme.pt\/index.php\/loja\/"},{"@type":"ListItem","position":3,"name":"FLESHLIGHT FANTASY &#8211; MASTURBADOR ANO POWER BOTTOM BOY"}]},{"@type":"WebSite","@id":"https:\/\/lovme.pt\/#website","url":"https:\/\/lovme.pt\/","name":"Lovme Loja Er\u00f3tica N\u00ba1 em Portugal","description":"A melhor loja er\u00f3tica de Portugal.","alternateName":"Loja Er\u00f3tica Lovme","potentialAction":[{"@type":"SearchAction","target":{"@type":"EntryPoint","urlTemplate":"https:\/\/lovme.pt\/?s={search_term_string}"},"query-input":{"@type":"PropertyValueSpecification","valueRequired":true,"valueName":"search_term_string"}}],"inLanguage":"pt-PT"}]}},"_links":{"self":[{"href":"https:\/\/lovme.pt\/index.php\/wp-json\/wp\/v2\/product\/52808","targetHints":{"allow":["GET"]}}],"collection":[{"href":"https:\/\/lovme.pt\/index.php\/wp-json\/wp\/v2\/product"}],"about":[{"href":"https:\/\/lovme.pt\/index.php\/wp-json\/wp\/v2\/types\/product"}],"wp:featuredmedia":[{"embeddable":true,"href":"https:\/\/lovme.pt\/index.php\/wp-json\/wp\/v2\/media\/102495"}],"wp:attachment":[{"href":"https:\/\/lovme.pt\/index.php\/wp-json\/wp\/v2\/media?parent=52808"}],"wp:term":[{"taxonomy":"product_brand","embeddable":true,"href":"https:\/\/lovme.pt\/index.php\/wp-json\/wp\/v2\/product_brand?post=52808"},{"taxonomy":"product_cat","embeddable":true,"href":"https:\/\/lovme.pt\/index.php\/wp-json\/wp\/v2\/product_cat?post=52808"},{"taxonomy":"product_tag","embeddable":true,"href":"https:\/\/lovme.pt\/index.php\/wp-json\/wp\/v2\/product_tag?post=52808"}],"curies":[{"name":"wp","href":"https:\/\/api.w.org\/{rel}","templated":true}]}}