{"id":52803,"date":"2025-09-30T22:52:48","date_gmt":"2025-09-30T22:52:48","guid":{"rendered":"https:\/\/lovme.pt\/?post_type=product&p=52803"},"modified":"2026-02-19T20:13:24","modified_gmt":"2026-02-19T20:13:24","slug":"electrastim-aneis-penianos-ajustaveis-prestige-electra-loops-vermelhos","status":"publish","type":"product","link":"https:\/\/lovme.pt\/index.php\/produto\/electrastim-aneis-penianos-ajustaveis-prestige-electra-loops-vermelhos\/","title":{"rendered":"ELECTRASTIM &#8211; AN\u00c9IS PENIANOS AJUST\u00c1VEIS PRESTIGE ELECTRA LOOPS VERMELHOS"},"content":{"rendered":"<p>Choke de ajuste em alum\u00ednio usinado em CNC &#8211; dispon\u00edvel nos acabamentos anodizado vermelho, prateado ou dourado, bem como em nossa vers\u00e3o camuflada comemorativa do 20 anivers\u00e1rio. Feito de tarugo de alum\u00ednio s\u00f3lido de grau mar\u00edtimo &#8211; o acabamento anodizado protege a superf\u00edcie e isola o choke, permitindo que a al\u00e7a de borracha receba toda a energia da estimula\u00e7\u00e3o. Silicone condutor espesso &#8211; distribui a estimula\u00e7\u00e3o el\u00e9trica de forma mais uniforme do que nossas al\u00e7as padr\u00e3o.<br \/> Cada pacote vem com dois loops unipolares.<\/p>\n<p> Expanda seu prazer com os An\u00e9is Penianos Ajust\u00e1veis ElectraStim Prestige ElectraLoops. Baseados no design extremamente popular dos nossos an\u00e9is penianos de borracha, os Prestige ElectraLoops s\u00e3o feitos de uma borracha espessa (6,5 mm) que transfere as deliciosas sensa\u00e7\u00f5es el\u00e9tricas de forma mais uniforme, aumentando a intensidade. A borracha tamb\u00e9m envolve seu p\u00eanis firmemente para uma ere\u00e7\u00e3o mais firme e duradoura, seja desfrutando de uma sess\u00e3o prolongada de masturba\u00e7\u00e3o ou fazendo sexo com um parceiro.<\/p>\n<p> Projetado para o conhecedor que aprecia um toque de estilo, adicionamos um afogador de ajuste em alum\u00ednio usinado em CNC s\u00f3lido, dispon\u00edvel em tr\u00eas acabamentos met\u00e1licos anodizados deslumbrantes \u2014 nosso primeiro flerte com a cor!<\/p>\n<p> 2 la\u00e7os por pacote na cor escolhida.<\/p>\n<p> <u><em><strong>Como usar<\/strong><\/em><\/u><\/p>\n<p> Basta deslizar a extremidade de ajuste atrav\u00e9s do estrangulamento para criar o encaixe perfeito &#8211; o atrito da borracha contra o metal evitar\u00e1 que ela escorregue ou se solte.<\/p>\n<p> Com dois em cada embalagem, voc\u00ea pode come\u00e7ar a brincar imediatamente. Os ElectraStim Prestige ElectraLoops s\u00e3o brinquedos unipolares, podendo ser combinados com qualquer um dos nossos outros eletrodos (incluindo almofadas, sondas e outros) para criar um circuito e permitir que voc\u00ea aproveite a estimula\u00e7\u00e3o el\u00e9trica. Experimente um loop na base do seu p\u00eanis e outro mais acima para uma experi\u00eancia alucinante ou at\u00e9 mesmo um Orgasmo M\u00e3os Livres, enquanto a corrente el\u00e9trica pulsa e massageia seu p\u00eanis mais profundamente do que voc\u00ea jamais conseguiria.<\/p>\n<p> Observe que voc\u00ea precisar\u00e1 de uma unidade estimuladora para alimentar esses loops (vendida separadamente).<\/p>\n<p> Os ElectraStim Prestige ElectraLoops podem ser usados de diversas maneiras. Duas das configura\u00e7\u00f5es mais populares s\u00e3o mostradas abaixo: ambas as al\u00e7as usadas na haste ou uma na haste e outra ao redor do escroto.<\/p>\n<p> Como estes an\u00e9is penianos ajust\u00e1veis de borracha para estimula\u00e7\u00e3o el\u00e9trica s\u00e3o unipolares, voc\u00ea tamb\u00e9m pode combinar um \u00fanico anel com outro acess\u00f3rio (por exemplo, almofadas ou um plug anal) para desfrutar de uma variedade de sensa\u00e7\u00f5es. O \u00fanico limite \u00e9 a sua imagina\u00e7\u00e3o!<\/p>\n<p> <u><em><strong>Especifica\u00e7\u00f5es<\/strong><\/em><\/u> :<\/p>\n<ul>\n<li> Di\u00e2metro m\u00e1ximo: 60 mm \/ 2,35 polegadas<\/li>\n<li> Circunfer\u00eancia m\u00e1xima: 188 mm \/ 7,4 polegadas<\/li>\n<li> Conex\u00e3o: 2 mm<\/li>\n<li> Peso: 36g<\/li>\n<li> Materiais: la\u00e7o de borracha condutiva de 6,5 mm de espessura, estrangulamento de ajuste em tarugo de alum\u00ednio anodizado usinado em CNC e batente final<\/li>\n<li> N\u00famero de polos: 1 (unipolar). Voc\u00ea precisar\u00e1 que ambos os la\u00e7os estejam em contato com o corpo para sentir as sensa\u00e7\u00f5es el\u00e9tricas. Observe que voc\u00ea precisar\u00e1 de um estimulador para alimentar esses la\u00e7os (vendido separadamente).<\/li>\n<\/ul>\n<p> <u><em><strong>O que est\u00e1 inclu\u00eddo?<\/strong><\/em><\/u><\/p>\n<\/p>\n<ul>\n<li> 2x An\u00e9is Penianos Ajust\u00e1veis ElectraStim Prestige ElectraLoops (na cor de sua escolha)<\/li>\n<li> 1x Bolsa de armazenamento de microfibra<\/li>\n<li> 1 x livreto de instru\u00e7\u00f5es (EN\/FR\/DE\/NL\/ES\/IT)<\/li>\n<\/ul>\n","protected":false},"excerpt":{"rendered":"<p>ELECTRASTIM &#8211; AN\u00c9IS PENIANOS AJUST\u00c1VEIS PRESTIGE ELECTRA LOOPS VERMELHOS<\/p>\n","protected":false},"featured_media":81793,"template":"","meta":{"_acf_changed":false},"product_brand":[],"product_cat":[48],"product_tag":[],"class_list":{"0":"post-52803","1":"product","2":"type-product","3":"status-publish","4":"has-post-thumbnail","6":"product_cat-bdsm","7":"yith_product_brand-electrastim","9":"first","10":"instock","11":"taxable","12":"shipping-taxable","13":"purchasable","14":"product-type-simple"},"acf":[],"yoast_head":"<!-- This site is optimized with the Yoast SEO plugin v27.4 - https:\/\/yoast.com\/product\/yoast-seo-wordpress\/ -->\n<title>ELECTRASTIM - AN\u00c9IS PENIANOS AJUST\u00c1VEIS PRESTIGE ELECTRA LOOPS VERMELHOS - Lovme<\/title>\n<meta name=\"robots\" content=\"index, follow, max-snippet:-1, max-image-preview:large, max-video-preview:-1\" \/>\n<link rel=\"canonical\" href=\"https:\/\/lovme.pt\/index.php\/produto\/electrastim-aneis-penianos-ajustaveis-prestige-electra-loops-vermelhos\/\" \/>\n<meta property=\"og:locale\" content=\"pt_PT\" \/>\n<meta property=\"og:type\" content=\"article\" \/>\n<meta property=\"og:title\" content=\"ELECTRASTIM - AN\u00c9IS PENIANOS AJUST\u00c1VEIS PRESTIGE ELECTRA LOOPS VERMELHOS - Lovme\" \/>\n<meta property=\"og:description\" content=\"ELECTRASTIM - AN\u00c9IS PENIANOS AJUST\u00c1VEIS PRESTIGE ELECTRA LOOPS VERMELHOS\" \/>\n<meta property=\"og:url\" content=\"https:\/\/lovme.pt\/index.php\/produto\/electrastim-aneis-penianos-ajustaveis-prestige-electra-loops-vermelhos\/\" \/>\n<meta property=\"og:site_name\" content=\"Lovme\" \/>\n<meta property=\"article:modified_time\" content=\"2026-02-19T20:13:24+00:00\" \/>\n<meta property=\"og:image\" content=\"https:\/\/erki24nd3ub.exactdn.com\/wp-content\/uploads\/dream\/img\/img_208417_c60fa0288b5eb6889d9853a216941833_1.jpg?strip=all\" \/>\n\t<meta property=\"og:image:width\" content=\"900\" \/>\n\t<meta property=\"og:image:height\" content=\"900\" \/>\n\t<meta property=\"og:image:type\" content=\"image\/jpeg\" \/>\n<meta name=\"twitter:card\" content=\"summary_large_image\" \/>\n<meta name=\"twitter:label1\" content=\"Tempo estimado de leitura\" \/>\n\t<meta name=\"twitter:data1\" content=\"3 minutos\" \/>\n<script type=\"application\/ld+json\" class=\"yoast-schema-graph\">{\"@context\":\"https:\\\/\\\/schema.org\",\"@graph\":[{\"@type\":\"WebPage\",\"@id\":\"https:\\\/\\\/lovme.pt\\\/index.php\\\/produto\\\/electrastim-aneis-penianos-ajustaveis-prestige-electra-loops-vermelhos\\\/\",\"url\":\"https:\\\/\\\/lovme.pt\\\/index.php\\\/produto\\\/electrastim-aneis-penianos-ajustaveis-prestige-electra-loops-vermelhos\\\/\",\"name\":\"ELECTRASTIM - AN\u00c9IS PENIANOS AJUST\u00c1VEIS PRESTIGE ELECTRA LOOPS VERMELHOS - Lovme\",\"isPartOf\":{\"@id\":\"https:\\\/\\\/lovme.pt\\\/#website\"},\"primaryImageOfPage\":{\"@id\":\"https:\\\/\\\/lovme.pt\\\/index.php\\\/produto\\\/electrastim-aneis-penianos-ajustaveis-prestige-electra-loops-vermelhos\\\/#primaryimage\"},\"image\":{\"@id\":\"https:\\\/\\\/lovme.pt\\\/index.php\\\/produto\\\/electrastim-aneis-penianos-ajustaveis-prestige-electra-loops-vermelhos\\\/#primaryimage\"},\"thumbnailUrl\":\"https:\\\/\\\/erki24nd3ub.exactdn.com\\\/wp-content\\\/uploads\\\/dream\\\/img\\\/img_208417_c60fa0288b5eb6889d9853a216941833_1.jpg?strip=all\",\"datePublished\":\"2025-09-30T22:52:48+00:00\",\"dateModified\":\"2026-02-19T20:13:24+00:00\",\"breadcrumb\":{\"@id\":\"https:\\\/\\\/lovme.pt\\\/index.php\\\/produto\\\/electrastim-aneis-penianos-ajustaveis-prestige-electra-loops-vermelhos\\\/#breadcrumb\"},\"inLanguage\":\"pt-PT\",\"potentialAction\":[{\"@type\":\"ReadAction\",\"target\":[\"https:\\\/\\\/lovme.pt\\\/index.php\\\/produto\\\/electrastim-aneis-penianos-ajustaveis-prestige-electra-loops-vermelhos\\\/\"]}]},{\"@type\":\"ImageObject\",\"inLanguage\":\"pt-PT\",\"@id\":\"https:\\\/\\\/lovme.pt\\\/index.php\\\/produto\\\/electrastim-aneis-penianos-ajustaveis-prestige-electra-loops-vermelhos\\\/#primaryimage\",\"url\":\"https:\\\/\\\/erki24nd3ub.exactdn.com\\\/wp-content\\\/uploads\\\/dream\\\/img\\\/img_208417_c60fa0288b5eb6889d9853a216941833_1.jpg?strip=all\",\"contentUrl\":\"https:\\\/\\\/erki24nd3ub.exactdn.com\\\/wp-content\\\/uploads\\\/dream\\\/img\\\/img_208417_c60fa0288b5eb6889d9853a216941833_1.jpg?strip=all\",\"width\":900,\"height\":900},{\"@type\":\"BreadcrumbList\",\"@id\":\"https:\\\/\\\/lovme.pt\\\/index.php\\\/produto\\\/electrastim-aneis-penianos-ajustaveis-prestige-electra-loops-vermelhos\\\/#breadcrumb\",\"itemListElement\":[{\"@type\":\"ListItem\",\"position\":1,\"name\":\"In\u00edcio\",\"item\":\"https:\\\/\\\/lovme.pt\\\/\"},{\"@type\":\"ListItem\",\"position\":2,\"name\":\"Loja\",\"item\":\"https:\\\/\\\/lovme.pt\\\/index.php\\\/loja\\\/\"},{\"@type\":\"ListItem\",\"position\":3,\"name\":\"ELECTRASTIM &#8211; AN\u00c9IS PENIANOS AJUST\u00c1VEIS PRESTIGE ELECTRA LOOPS VERMELHOS\"}]},{\"@type\":\"WebSite\",\"@id\":\"https:\\\/\\\/lovme.pt\\\/#website\",\"url\":\"https:\\\/\\\/lovme.pt\\\/\",\"name\":\"Lovme Loja Er\u00f3tica N\u00ba1 em Portugal\",\"description\":\"A melhor loja er\u00f3tica de Portugal.\",\"alternateName\":\"Loja Er\u00f3tica Lovme\",\"potentialAction\":[{\"@type\":\"SearchAction\",\"target\":{\"@type\":\"EntryPoint\",\"urlTemplate\":\"https:\\\/\\\/lovme.pt\\\/?s={search_term_string}\"},\"query-input\":{\"@type\":\"PropertyValueSpecification\",\"valueRequired\":true,\"valueName\":\"search_term_string\"}}],\"inLanguage\":\"pt-PT\"}]}<\/script>\n<!-- \/ Yoast SEO plugin. -->","yoast_head_json":{"title":"ELECTRASTIM - AN\u00c9IS PENIANOS AJUST\u00c1VEIS PRESTIGE ELECTRA LOOPS VERMELHOS - Lovme","robots":{"index":"index","follow":"follow","max-snippet":"max-snippet:-1","max-image-preview":"max-image-preview:large","max-video-preview":"max-video-preview:-1"},"canonical":"https:\/\/lovme.pt\/index.php\/produto\/electrastim-aneis-penianos-ajustaveis-prestige-electra-loops-vermelhos\/","og_locale":"pt_PT","og_type":"article","og_title":"ELECTRASTIM - AN\u00c9IS PENIANOS AJUST\u00c1VEIS PRESTIGE ELECTRA LOOPS VERMELHOS - Lovme","og_description":"ELECTRASTIM - AN\u00c9IS PENIANOS AJUST\u00c1VEIS PRESTIGE ELECTRA LOOPS VERMELHOS","og_url":"https:\/\/lovme.pt\/index.php\/produto\/electrastim-aneis-penianos-ajustaveis-prestige-electra-loops-vermelhos\/","og_site_name":"Lovme","article_modified_time":"2026-02-19T20:13:24+00:00","og_image":[{"width":900,"height":900,"url":"https:\/\/erki24nd3ub.exactdn.com\/wp-content\/uploads\/dream\/img\/img_208417_c60fa0288b5eb6889d9853a216941833_1.jpg?strip=all","type":"image\/jpeg"}],"twitter_card":"summary_large_image","twitter_misc":{"Tempo estimado de leitura":"3 minutos"},"schema":{"@context":"https:\/\/schema.org","@graph":[{"@type":"WebPage","@id":"https:\/\/lovme.pt\/index.php\/produto\/electrastim-aneis-penianos-ajustaveis-prestige-electra-loops-vermelhos\/","url":"https:\/\/lovme.pt\/index.php\/produto\/electrastim-aneis-penianos-ajustaveis-prestige-electra-loops-vermelhos\/","name":"ELECTRASTIM - AN\u00c9IS PENIANOS AJUST\u00c1VEIS PRESTIGE ELECTRA LOOPS VERMELHOS - Lovme","isPartOf":{"@id":"https:\/\/lovme.pt\/#website"},"primaryImageOfPage":{"@id":"https:\/\/lovme.pt\/index.php\/produto\/electrastim-aneis-penianos-ajustaveis-prestige-electra-loops-vermelhos\/#primaryimage"},"image":{"@id":"https:\/\/lovme.pt\/index.php\/produto\/electrastim-aneis-penianos-ajustaveis-prestige-electra-loops-vermelhos\/#primaryimage"},"thumbnailUrl":"https:\/\/erki24nd3ub.exactdn.com\/wp-content\/uploads\/dream\/img\/img_208417_c60fa0288b5eb6889d9853a216941833_1.jpg?strip=all","datePublished":"2025-09-30T22:52:48+00:00","dateModified":"2026-02-19T20:13:24+00:00","breadcrumb":{"@id":"https:\/\/lovme.pt\/index.php\/produto\/electrastim-aneis-penianos-ajustaveis-prestige-electra-loops-vermelhos\/#breadcrumb"},"inLanguage":"pt-PT","potentialAction":[{"@type":"ReadAction","target":["https:\/\/lovme.pt\/index.php\/produto\/electrastim-aneis-penianos-ajustaveis-prestige-electra-loops-vermelhos\/"]}]},{"@type":"ImageObject","inLanguage":"pt-PT","@id":"https:\/\/lovme.pt\/index.php\/produto\/electrastim-aneis-penianos-ajustaveis-prestige-electra-loops-vermelhos\/#primaryimage","url":"https:\/\/erki24nd3ub.exactdn.com\/wp-content\/uploads\/dream\/img\/img_208417_c60fa0288b5eb6889d9853a216941833_1.jpg?strip=all","contentUrl":"https:\/\/erki24nd3ub.exactdn.com\/wp-content\/uploads\/dream\/img\/img_208417_c60fa0288b5eb6889d9853a216941833_1.jpg?strip=all","width":900,"height":900},{"@type":"BreadcrumbList","@id":"https:\/\/lovme.pt\/index.php\/produto\/electrastim-aneis-penianos-ajustaveis-prestige-electra-loops-vermelhos\/#breadcrumb","itemListElement":[{"@type":"ListItem","position":1,"name":"In\u00edcio","item":"https:\/\/lovme.pt\/"},{"@type":"ListItem","position":2,"name":"Loja","item":"https:\/\/lovme.pt\/index.php\/loja\/"},{"@type":"ListItem","position":3,"name":"ELECTRASTIM &#8211; AN\u00c9IS PENIANOS AJUST\u00c1VEIS PRESTIGE ELECTRA LOOPS VERMELHOS"}]},{"@type":"WebSite","@id":"https:\/\/lovme.pt\/#website","url":"https:\/\/lovme.pt\/","name":"Lovme Loja Er\u00f3tica N\u00ba1 em Portugal","description":"A melhor loja er\u00f3tica de Portugal.","alternateName":"Loja Er\u00f3tica Lovme","potentialAction":[{"@type":"SearchAction","target":{"@type":"EntryPoint","urlTemplate":"https:\/\/lovme.pt\/?s={search_term_string}"},"query-input":{"@type":"PropertyValueSpecification","valueRequired":true,"valueName":"search_term_string"}}],"inLanguage":"pt-PT"}]}},"_links":{"self":[{"href":"https:\/\/lovme.pt\/index.php\/wp-json\/wp\/v2\/product\/52803","targetHints":{"allow":["GET"]}}],"collection":[{"href":"https:\/\/lovme.pt\/index.php\/wp-json\/wp\/v2\/product"}],"about":[{"href":"https:\/\/lovme.pt\/index.php\/wp-json\/wp\/v2\/types\/product"}],"wp:featuredmedia":[{"embeddable":true,"href":"https:\/\/lovme.pt\/index.php\/wp-json\/wp\/v2\/media\/81793"}],"wp:attachment":[{"href":"https:\/\/lovme.pt\/index.php\/wp-json\/wp\/v2\/media?parent=52803"}],"wp:term":[{"taxonomy":"product_brand","embeddable":true,"href":"https:\/\/lovme.pt\/index.php\/wp-json\/wp\/v2\/product_brand?post=52803"},{"taxonomy":"product_cat","embeddable":true,"href":"https:\/\/lovme.pt\/index.php\/wp-json\/wp\/v2\/product_cat?post=52803"},{"taxonomy":"product_tag","embeddable":true,"href":"https:\/\/lovme.pt\/index.php\/wp-json\/wp\/v2\/product_tag?post=52803"}],"curies":[{"name":"wp","href":"https:\/\/api.w.org\/{rel}","templated":true}]}}