{"id":52797,"date":"2025-09-30T23:02:39","date_gmt":"2025-09-30T23:02:39","guid":{"rendered":"https:\/\/lovme.pt\/?post_type=product&p=52797"},"modified":"2026-02-19T20:13:56","modified_gmt":"2026-02-19T20:13:56","slug":"electrastim-anel-peniano-eletromagnetico-de-metal-prestige-34-mm","status":"publish","type":"product","link":"https:\/\/lovme.pt\/index.php\/produto\/electrastim-anel-peniano-eletromagnetico-de-metal-prestige-34-mm\/","title":{"rendered":"ELECTRASTIM &#8211; ANEL PENIANO ELETROMAGN\u00c9TICO DE METAL PRESTIGE 34 MM"},"content":{"rendered":"<p>Lindamente fabricados em a\u00e7o cir\u00fargico inoxid\u00e1vel 316 de alta resist\u00eancia, nossos an\u00e9is penianos el\u00e9tricos Prestige Metal representam o que h\u00e1 de melhor em brinquedos sexuais el\u00e9tricos.<\/p>\n<p> Dispon\u00edveis em cinco tamanhos diferentes para um ajuste perfeito, eles podem ser usados em qualquer lugar ao longo do eixo para trazer aquela emo\u00e7\u00e3o inconfund\u00edvel do sexo el\u00e9trico \u00e0 masturba\u00e7\u00e3o, \u00e0s preliminares e ao sexo com penetra\u00e7\u00e3o. Cada anel possui uma s\u00e9rie de furos que ret\u00eam gel eletrocondutor para uma condutividade melhorada e mais duradoura do que com nossos an\u00e9is de metal s\u00f3lido. Uma \u00fanica entrada unipolar permite que voc\u00ea use qualquer outro eletrodo unipolar junto com um \u00fanico anel peniano, ou por que n\u00e3o tentar usar um anel na base do seu eixo e outro abaixo do fr\u00eanulo para sensa\u00e7\u00f5es em toda a extens\u00e3o?<\/p>\n<p> Cada pacote inclui um anel. Voc\u00ea precisar\u00e1 conectar o Prestige a um estimulador ElectraStim junto com um segundo eletrodo unipolar (vendido separadamente) para sentir as sensa\u00e7\u00f5es descritas.<\/p>\n<p> <u><em><strong>Especifica\u00e7\u00f5es<\/strong><\/em><\/u> :<\/p>\n<ul>\n<li> <strong>Di\u00e2metro interno:<\/strong><\/li>\n<li> 34 mm \/ 1,3 polegadas<\/li>\n<li> 38 mm \/ 1,5 polegadas<\/li>\n<li> 42 mm \/ 1,7 polegadas<\/li>\n<li> 46 mm \/ 1,9 polegadas<\/li>\n<li> 50 mm \/ 2 polegadas<\/li>\n<li> <strong>Circunfer\u00eancia<\/strong> :<\/li>\n<li> 106 mm \/ 4,1 polegadas<\/li>\n<li> 119 mm \/ 4,7 polegadas<\/li>\n<li> 132 mm \/ 5,2 polegadas<\/li>\n<li> 145 mm \/ 5,7 polegadas<\/li>\n<li> 157 mm \/ 6,25 polegadas<\/li>\n<li> Conex\u00e3o: 2 mm<\/li>\n<li> Peso: 94-118g<\/li>\n<li> Materiais: Feito de a\u00e7o inoxid\u00e1vel 316 de grau m\u00e9dico de alta resist\u00eancia<\/li>\n<li> N\u00famero de polos: 1 (unipolar)<\/li>\n<\/ul>\n<p> <u><em><strong>O que est\u00e1 inclu\u00eddo?<\/strong><\/em><\/u><\/p>\n<ul>\n<li> 1x Anel Peniano Eletr\u00f4nico de Metal ElectraStim Prestige (v\u00e1rios tamanhos dispon\u00edveis)<\/li>\n<li> 1x Bolsa de armazenamento com cord\u00e3o de microfibra<\/li>\n<li> 1x livreto de instru\u00e7\u00f5es (EN\/FR\/DE\/NL\/ES\/IT)<\/li>\n<\/ul>\n","protected":false},"excerpt":{"rendered":"<p>ELECTRASTIM &#8211; ANEL PENIANO ELETROMAGN\u00c9TICO DE METAL PRESTIGE 34 MM<\/p>\n","protected":false},"featured_media":83053,"template":"","meta":{"_acf_changed":false},"product_brand":[],"product_cat":[48],"product_tag":[],"class_list":{"0":"post-52797","1":"product","2":"type-product","3":"status-publish","4":"has-post-thumbnail","6":"product_cat-bdsm","7":"yith_product_brand-electrastim","9":"first","10":"instock","11":"taxable","12":"shipping-taxable","13":"purchasable","14":"product-type-simple"},"acf":[],"yoast_head":"<!-- This site is optimized with the Yoast SEO plugin v27.4 - https:\/\/yoast.com\/product\/yoast-seo-wordpress\/ -->\n<title>ELECTRASTIM - ANEL PENIANO ELETROMAGN\u00c9TICO DE METAL PRESTIGE 34 MM - Lovme<\/title>\n<meta name=\"robots\" content=\"index, follow, max-snippet:-1, max-image-preview:large, max-video-preview:-1\" \/>\n<link rel=\"canonical\" href=\"https:\/\/lovme.pt\/index.php\/produto\/electrastim-anel-peniano-eletromagnetico-de-metal-prestige-34-mm\/\" \/>\n<meta property=\"og:locale\" content=\"pt_PT\" \/>\n<meta property=\"og:type\" content=\"article\" \/>\n<meta property=\"og:title\" content=\"ELECTRASTIM - ANEL PENIANO ELETROMAGN\u00c9TICO DE METAL PRESTIGE 34 MM - Lovme\" \/>\n<meta property=\"og:description\" content=\"ELECTRASTIM - ANEL PENIANO ELETROMAGN\u00c9TICO DE METAL PRESTIGE 34 MM\" \/>\n<meta property=\"og:url\" content=\"https:\/\/lovme.pt\/index.php\/produto\/electrastim-anel-peniano-eletromagnetico-de-metal-prestige-34-mm\/\" \/>\n<meta property=\"og:site_name\" content=\"Lovme\" \/>\n<meta property=\"article:modified_time\" content=\"2026-02-19T20:13:56+00:00\" \/>\n<meta property=\"og:image\" content=\"https:\/\/erki24nd3ub.exactdn.com\/wp-content\/uploads\/dream\/img\/img_208389_5d4d7797c257441dc175696524a54812_1.jpg?strip=all\" \/>\n\t<meta property=\"og:image:width\" content=\"900\" \/>\n\t<meta property=\"og:image:height\" content=\"900\" \/>\n\t<meta property=\"og:image:type\" content=\"image\/jpeg\" \/>\n<meta name=\"twitter:card\" content=\"summary_large_image\" \/>\n<meta name=\"twitter:label1\" content=\"Tempo estimado de leitura\" \/>\n\t<meta name=\"twitter:data1\" content=\"1 minuto\" \/>\n<script type=\"application\/ld+json\" class=\"yoast-schema-graph\">{\"@context\":\"https:\\\/\\\/schema.org\",\"@graph\":[{\"@type\":\"WebPage\",\"@id\":\"https:\\\/\\\/lovme.pt\\\/index.php\\\/produto\\\/electrastim-anel-peniano-eletromagnetico-de-metal-prestige-34-mm\\\/\",\"url\":\"https:\\\/\\\/lovme.pt\\\/index.php\\\/produto\\\/electrastim-anel-peniano-eletromagnetico-de-metal-prestige-34-mm\\\/\",\"name\":\"ELECTRASTIM - ANEL PENIANO ELETROMAGN\u00c9TICO DE METAL PRESTIGE 34 MM - Lovme\",\"isPartOf\":{\"@id\":\"https:\\\/\\\/lovme.pt\\\/#website\"},\"primaryImageOfPage\":{\"@id\":\"https:\\\/\\\/lovme.pt\\\/index.php\\\/produto\\\/electrastim-anel-peniano-eletromagnetico-de-metal-prestige-34-mm\\\/#primaryimage\"},\"image\":{\"@id\":\"https:\\\/\\\/lovme.pt\\\/index.php\\\/produto\\\/electrastim-anel-peniano-eletromagnetico-de-metal-prestige-34-mm\\\/#primaryimage\"},\"thumbnailUrl\":\"https:\\\/\\\/erki24nd3ub.exactdn.com\\\/wp-content\\\/uploads\\\/dream\\\/img\\\/img_208389_5d4d7797c257441dc175696524a54812_1.jpg?strip=all\",\"datePublished\":\"2025-09-30T23:02:39+00:00\",\"dateModified\":\"2026-02-19T20:13:56+00:00\",\"breadcrumb\":{\"@id\":\"https:\\\/\\\/lovme.pt\\\/index.php\\\/produto\\\/electrastim-anel-peniano-eletromagnetico-de-metal-prestige-34-mm\\\/#breadcrumb\"},\"inLanguage\":\"pt-PT\",\"potentialAction\":[{\"@type\":\"ReadAction\",\"target\":[\"https:\\\/\\\/lovme.pt\\\/index.php\\\/produto\\\/electrastim-anel-peniano-eletromagnetico-de-metal-prestige-34-mm\\\/\"]}]},{\"@type\":\"ImageObject\",\"inLanguage\":\"pt-PT\",\"@id\":\"https:\\\/\\\/lovme.pt\\\/index.php\\\/produto\\\/electrastim-anel-peniano-eletromagnetico-de-metal-prestige-34-mm\\\/#primaryimage\",\"url\":\"https:\\\/\\\/erki24nd3ub.exactdn.com\\\/wp-content\\\/uploads\\\/dream\\\/img\\\/img_208389_5d4d7797c257441dc175696524a54812_1.jpg?strip=all\",\"contentUrl\":\"https:\\\/\\\/erki24nd3ub.exactdn.com\\\/wp-content\\\/uploads\\\/dream\\\/img\\\/img_208389_5d4d7797c257441dc175696524a54812_1.jpg?strip=all\",\"width\":900,\"height\":900},{\"@type\":\"BreadcrumbList\",\"@id\":\"https:\\\/\\\/lovme.pt\\\/index.php\\\/produto\\\/electrastim-anel-peniano-eletromagnetico-de-metal-prestige-34-mm\\\/#breadcrumb\",\"itemListElement\":[{\"@type\":\"ListItem\",\"position\":1,\"name\":\"In\u00edcio\",\"item\":\"https:\\\/\\\/lovme.pt\\\/\"},{\"@type\":\"ListItem\",\"position\":2,\"name\":\"Loja\",\"item\":\"https:\\\/\\\/lovme.pt\\\/index.php\\\/loja\\\/\"},{\"@type\":\"ListItem\",\"position\":3,\"name\":\"ELECTRASTIM &#8211; ANEL PENIANO ELETROMAGN\u00c9TICO DE METAL PRESTIGE 34 MM\"}]},{\"@type\":\"WebSite\",\"@id\":\"https:\\\/\\\/lovme.pt\\\/#website\",\"url\":\"https:\\\/\\\/lovme.pt\\\/\",\"name\":\"Lovme Loja Er\u00f3tica N\u00ba1 em Portugal\",\"description\":\"A melhor loja er\u00f3tica de Portugal.\",\"alternateName\":\"Loja Er\u00f3tica Lovme\",\"potentialAction\":[{\"@type\":\"SearchAction\",\"target\":{\"@type\":\"EntryPoint\",\"urlTemplate\":\"https:\\\/\\\/lovme.pt\\\/?s={search_term_string}\"},\"query-input\":{\"@type\":\"PropertyValueSpecification\",\"valueRequired\":true,\"valueName\":\"search_term_string\"}}],\"inLanguage\":\"pt-PT\"}]}<\/script>\n<!-- \/ Yoast SEO plugin. -->","yoast_head_json":{"title":"ELECTRASTIM - ANEL PENIANO ELETROMAGN\u00c9TICO DE METAL PRESTIGE 34 MM - Lovme","robots":{"index":"index","follow":"follow","max-snippet":"max-snippet:-1","max-image-preview":"max-image-preview:large","max-video-preview":"max-video-preview:-1"},"canonical":"https:\/\/lovme.pt\/index.php\/produto\/electrastim-anel-peniano-eletromagnetico-de-metal-prestige-34-mm\/","og_locale":"pt_PT","og_type":"article","og_title":"ELECTRASTIM - ANEL PENIANO ELETROMAGN\u00c9TICO DE METAL PRESTIGE 34 MM - Lovme","og_description":"ELECTRASTIM - ANEL PENIANO ELETROMAGN\u00c9TICO DE METAL PRESTIGE 34 MM","og_url":"https:\/\/lovme.pt\/index.php\/produto\/electrastim-anel-peniano-eletromagnetico-de-metal-prestige-34-mm\/","og_site_name":"Lovme","article_modified_time":"2026-02-19T20:13:56+00:00","og_image":[{"width":900,"height":900,"url":"https:\/\/erki24nd3ub.exactdn.com\/wp-content\/uploads\/dream\/img\/img_208389_5d4d7797c257441dc175696524a54812_1.jpg?strip=all","type":"image\/jpeg"}],"twitter_card":"summary_large_image","twitter_misc":{"Tempo estimado de leitura":"1 minuto"},"schema":{"@context":"https:\/\/schema.org","@graph":[{"@type":"WebPage","@id":"https:\/\/lovme.pt\/index.php\/produto\/electrastim-anel-peniano-eletromagnetico-de-metal-prestige-34-mm\/","url":"https:\/\/lovme.pt\/index.php\/produto\/electrastim-anel-peniano-eletromagnetico-de-metal-prestige-34-mm\/","name":"ELECTRASTIM - ANEL PENIANO ELETROMAGN\u00c9TICO DE METAL PRESTIGE 34 MM - Lovme","isPartOf":{"@id":"https:\/\/lovme.pt\/#website"},"primaryImageOfPage":{"@id":"https:\/\/lovme.pt\/index.php\/produto\/electrastim-anel-peniano-eletromagnetico-de-metal-prestige-34-mm\/#primaryimage"},"image":{"@id":"https:\/\/lovme.pt\/index.php\/produto\/electrastim-anel-peniano-eletromagnetico-de-metal-prestige-34-mm\/#primaryimage"},"thumbnailUrl":"https:\/\/erki24nd3ub.exactdn.com\/wp-content\/uploads\/dream\/img\/img_208389_5d4d7797c257441dc175696524a54812_1.jpg?strip=all","datePublished":"2025-09-30T23:02:39+00:00","dateModified":"2026-02-19T20:13:56+00:00","breadcrumb":{"@id":"https:\/\/lovme.pt\/index.php\/produto\/electrastim-anel-peniano-eletromagnetico-de-metal-prestige-34-mm\/#breadcrumb"},"inLanguage":"pt-PT","potentialAction":[{"@type":"ReadAction","target":["https:\/\/lovme.pt\/index.php\/produto\/electrastim-anel-peniano-eletromagnetico-de-metal-prestige-34-mm\/"]}]},{"@type":"ImageObject","inLanguage":"pt-PT","@id":"https:\/\/lovme.pt\/index.php\/produto\/electrastim-anel-peniano-eletromagnetico-de-metal-prestige-34-mm\/#primaryimage","url":"https:\/\/erki24nd3ub.exactdn.com\/wp-content\/uploads\/dream\/img\/img_208389_5d4d7797c257441dc175696524a54812_1.jpg?strip=all","contentUrl":"https:\/\/erki24nd3ub.exactdn.com\/wp-content\/uploads\/dream\/img\/img_208389_5d4d7797c257441dc175696524a54812_1.jpg?strip=all","width":900,"height":900},{"@type":"BreadcrumbList","@id":"https:\/\/lovme.pt\/index.php\/produto\/electrastim-anel-peniano-eletromagnetico-de-metal-prestige-34-mm\/#breadcrumb","itemListElement":[{"@type":"ListItem","position":1,"name":"In\u00edcio","item":"https:\/\/lovme.pt\/"},{"@type":"ListItem","position":2,"name":"Loja","item":"https:\/\/lovme.pt\/index.php\/loja\/"},{"@type":"ListItem","position":3,"name":"ELECTRASTIM &#8211; ANEL PENIANO ELETROMAGN\u00c9TICO DE METAL PRESTIGE 34 MM"}]},{"@type":"WebSite","@id":"https:\/\/lovme.pt\/#website","url":"https:\/\/lovme.pt\/","name":"Lovme Loja Er\u00f3tica N\u00ba1 em Portugal","description":"A melhor loja er\u00f3tica de Portugal.","alternateName":"Loja Er\u00f3tica Lovme","potentialAction":[{"@type":"SearchAction","target":{"@type":"EntryPoint","urlTemplate":"https:\/\/lovme.pt\/?s={search_term_string}"},"query-input":{"@type":"PropertyValueSpecification","valueRequired":true,"valueName":"search_term_string"}}],"inLanguage":"pt-PT"}]}},"_links":{"self":[{"href":"https:\/\/lovme.pt\/index.php\/wp-json\/wp\/v2\/product\/52797","targetHints":{"allow":["GET"]}}],"collection":[{"href":"https:\/\/lovme.pt\/index.php\/wp-json\/wp\/v2\/product"}],"about":[{"href":"https:\/\/lovme.pt\/index.php\/wp-json\/wp\/v2\/types\/product"}],"wp:featuredmedia":[{"embeddable":true,"href":"https:\/\/lovme.pt\/index.php\/wp-json\/wp\/v2\/media\/83053"}],"wp:attachment":[{"href":"https:\/\/lovme.pt\/index.php\/wp-json\/wp\/v2\/media?parent=52797"}],"wp:term":[{"taxonomy":"product_brand","embeddable":true,"href":"https:\/\/lovme.pt\/index.php\/wp-json\/wp\/v2\/product_brand?post=52797"},{"taxonomy":"product_cat","embeddable":true,"href":"https:\/\/lovme.pt\/index.php\/wp-json\/wp\/v2\/product_cat?post=52797"},{"taxonomy":"product_tag","embeddable":true,"href":"https:\/\/lovme.pt\/index.php\/wp-json\/wp\/v2\/product_tag?post=52797"}],"curies":[{"name":"wp","href":"https:\/\/api.w.org\/{rel}","templated":true}]}}