{"id":52794,"date":"2025-09-30T23:02:36","date_gmt":"2025-09-30T23:02:36","guid":{"rendered":"https:\/\/lovme.pt\/?post_type=product&p=52794"},"modified":"2026-02-19T20:13:55","modified_gmt":"2026-02-19T20:13:55","slug":"electrastim-anel-de-penis-de-metal-electrarings-32-mm","status":"publish","type":"product","link":"https:\/\/lovme.pt\/index.php\/produto\/electrastim-anel-de-penis-de-metal-electrarings-32-mm\/","title":{"rendered":"ELECTRASTIM &#8211; ANEL DE P\u00caNIS DE METAL ELECTRARINGS 32 MM"},"content":{"rendered":"<p>Ao usar uma combina\u00e7\u00e3o de quaisquer dois desses an\u00e9is penianos el\u00e9tricos de metal s\u00f3lido (vendidos separadamente), voc\u00ea pode desfrutar de formigamentos e contra\u00e7\u00f5es org\u00e1sticas de eletro-sexo em todo o seu comprimento ou usar um \u00fanico anel com qualquer outro eletrodo unipolar para variar sua brincadeira.<\/p>\n<p> Voc\u00ea pode at\u00e9 compartilhar um circuito com seu parceiro para sensa\u00e7\u00f5es r\u00edtmicas que voc\u00ea sente em todos os lugares que toca. Seja qual for a sua escolha de usar esses an\u00e9is penianos individuais, voc\u00ea pode esperar contra\u00e7\u00f5es poderosas e formigamentos intensos que podem levar alguns homens ao cl\u00edmax sem a necessidade de qualquer outro est\u00edmulo.<\/p>\n<p> Use com gel condutor para obter as melhores sensa\u00e7\u00f5es.<\/p>\n<p> <em>Observe que voc\u00ea precisar\u00e1 de um eletroestimulador para alimentar este item.<\/em><\/p>\n<p> <u><em><strong>Especifica\u00e7\u00f5es:<\/strong><\/em><\/u><\/p>\n<ul>\n<li> <strong>Di\u00e2metro (v\u00e1rios tamanhos dispon\u00edveis):<\/strong><\/li>\n<li> 32 mm (aproximadamente 1,25 polegadas de di\u00e2metro)<\/li>\n<li> 34 mm (aproximadamente 1,3 polegadas de di\u00e2metro)<\/li>\n<li> Conex\u00e3o: 2 mm<\/li>\n<li> Peso: 23-26g<\/li>\n<li> Materiais: Feito de uma barra s\u00f3lida de alum\u00ednio T6082T6<\/li>\n<li> N\u00famero de polos: 1 (unipolar)<\/li>\n<\/ul>\n<p> <u><em><strong>O que est\u00e1 inclu\u00eddo?<\/strong><\/em><\/u><\/p>\n<ul>\n<li> 1x Anel peniano el\u00e9trico de metal s\u00f3lido ElectraRing<\/li>\n<li> 1x Bolsa de armazenamento de microfibra<\/li>\n<li> 1x livreto de instru\u00e7\u00f5es (EN\/FR\/DE\/NL\/ES\/IT)<\/li>\n<\/ul>\n","protected":false},"excerpt":{"rendered":"<p>ELECTRASTIM &#8211; ANEL DE METAL PARA P\u00caNIS ELECTRARINGS 32 MM<\/p>\n","protected":false},"featured_media":83047,"template":"","meta":{"_acf_changed":false},"product_brand":[],"product_cat":[48],"product_tag":[],"class_list":{"0":"post-52794","1":"product","2":"type-product","3":"status-publish","4":"has-post-thumbnail","6":"product_cat-bdsm","7":"yith_product_brand-electrastim","9":"first","10":"instock","11":"taxable","12":"shipping-taxable","13":"purchasable","14":"product-type-simple"},"acf":[],"yoast_head":"<!-- This site is optimized with the Yoast SEO plugin v27.4 - https:\/\/yoast.com\/product\/yoast-seo-wordpress\/ -->\n<title>ELECTRASTIM - ANEL DE P\u00caNIS DE METAL ELECTRARINGS 32 MM - Lovme<\/title>\n<meta name=\"robots\" content=\"index, follow, max-snippet:-1, max-image-preview:large, max-video-preview:-1\" \/>\n<link rel=\"canonical\" href=\"https:\/\/lovme.pt\/index.php\/produto\/electrastim-anel-de-penis-de-metal-electrarings-32-mm\/\" \/>\n<meta property=\"og:locale\" content=\"pt_PT\" \/>\n<meta property=\"og:type\" content=\"article\" \/>\n<meta property=\"og:title\" content=\"ELECTRASTIM - ANEL DE P\u00caNIS DE METAL ELECTRARINGS 32 MM - Lovme\" \/>\n<meta property=\"og:description\" content=\"ELECTRASTIM - ANEL DE METAL PARA P\u00caNIS ELECTRARINGS 32 MM\" \/>\n<meta property=\"og:url\" content=\"https:\/\/lovme.pt\/index.php\/produto\/electrastim-anel-de-penis-de-metal-electrarings-32-mm\/\" \/>\n<meta property=\"og:site_name\" content=\"Lovme\" \/>\n<meta property=\"article:modified_time\" content=\"2026-02-19T20:13:55+00:00\" \/>\n<meta property=\"og:image\" content=\"https:\/\/erki24nd3ub.exactdn.com\/wp-content\/uploads\/dream\/img\/img_208378_39f1fc08a774ac5c96b6549c72acbffb_1.jpg?strip=all\" \/>\n\t<meta property=\"og:image:width\" content=\"900\" \/>\n\t<meta property=\"og:image:height\" content=\"900\" \/>\n\t<meta property=\"og:image:type\" content=\"image\/jpeg\" \/>\n<meta name=\"twitter:card\" content=\"summary_large_image\" \/>\n<meta name=\"twitter:label1\" content=\"Tempo estimado de leitura\" \/>\n\t<meta name=\"twitter:data1\" content=\"1 minuto\" \/>\n<script type=\"application\/ld+json\" class=\"yoast-schema-graph\">{\"@context\":\"https:\\\/\\\/schema.org\",\"@graph\":[{\"@type\":\"WebPage\",\"@id\":\"https:\\\/\\\/lovme.pt\\\/index.php\\\/produto\\\/electrastim-anel-de-penis-de-metal-electrarings-32-mm\\\/\",\"url\":\"https:\\\/\\\/lovme.pt\\\/index.php\\\/produto\\\/electrastim-anel-de-penis-de-metal-electrarings-32-mm\\\/\",\"name\":\"ELECTRASTIM - ANEL DE P\u00caNIS DE METAL ELECTRARINGS 32 MM - Lovme\",\"isPartOf\":{\"@id\":\"https:\\\/\\\/lovme.pt\\\/#website\"},\"primaryImageOfPage\":{\"@id\":\"https:\\\/\\\/lovme.pt\\\/index.php\\\/produto\\\/electrastim-anel-de-penis-de-metal-electrarings-32-mm\\\/#primaryimage\"},\"image\":{\"@id\":\"https:\\\/\\\/lovme.pt\\\/index.php\\\/produto\\\/electrastim-anel-de-penis-de-metal-electrarings-32-mm\\\/#primaryimage\"},\"thumbnailUrl\":\"https:\\\/\\\/erki24nd3ub.exactdn.com\\\/wp-content\\\/uploads\\\/dream\\\/img\\\/img_208378_39f1fc08a774ac5c96b6549c72acbffb_1.jpg?strip=all\",\"datePublished\":\"2025-09-30T23:02:36+00:00\",\"dateModified\":\"2026-02-19T20:13:55+00:00\",\"breadcrumb\":{\"@id\":\"https:\\\/\\\/lovme.pt\\\/index.php\\\/produto\\\/electrastim-anel-de-penis-de-metal-electrarings-32-mm\\\/#breadcrumb\"},\"inLanguage\":\"pt-PT\",\"potentialAction\":[{\"@type\":\"ReadAction\",\"target\":[\"https:\\\/\\\/lovme.pt\\\/index.php\\\/produto\\\/electrastim-anel-de-penis-de-metal-electrarings-32-mm\\\/\"]}]},{\"@type\":\"ImageObject\",\"inLanguage\":\"pt-PT\",\"@id\":\"https:\\\/\\\/lovme.pt\\\/index.php\\\/produto\\\/electrastim-anel-de-penis-de-metal-electrarings-32-mm\\\/#primaryimage\",\"url\":\"https:\\\/\\\/erki24nd3ub.exactdn.com\\\/wp-content\\\/uploads\\\/dream\\\/img\\\/img_208378_39f1fc08a774ac5c96b6549c72acbffb_1.jpg?strip=all\",\"contentUrl\":\"https:\\\/\\\/erki24nd3ub.exactdn.com\\\/wp-content\\\/uploads\\\/dream\\\/img\\\/img_208378_39f1fc08a774ac5c96b6549c72acbffb_1.jpg?strip=all\",\"width\":900,\"height\":900},{\"@type\":\"BreadcrumbList\",\"@id\":\"https:\\\/\\\/lovme.pt\\\/index.php\\\/produto\\\/electrastim-anel-de-penis-de-metal-electrarings-32-mm\\\/#breadcrumb\",\"itemListElement\":[{\"@type\":\"ListItem\",\"position\":1,\"name\":\"In\u00edcio\",\"item\":\"https:\\\/\\\/lovme.pt\\\/\"},{\"@type\":\"ListItem\",\"position\":2,\"name\":\"Loja\",\"item\":\"https:\\\/\\\/lovme.pt\\\/index.php\\\/loja\\\/\"},{\"@type\":\"ListItem\",\"position\":3,\"name\":\"ELECTRASTIM &#8211; ANEL DE P\u00caNIS DE METAL ELECTRARINGS 32 MM\"}]},{\"@type\":\"WebSite\",\"@id\":\"https:\\\/\\\/lovme.pt\\\/#website\",\"url\":\"https:\\\/\\\/lovme.pt\\\/\",\"name\":\"Lovme Loja Er\u00f3tica N\u00ba1 em Portugal\",\"description\":\"A melhor loja er\u00f3tica de Portugal.\",\"alternateName\":\"Loja Er\u00f3tica Lovme\",\"potentialAction\":[{\"@type\":\"SearchAction\",\"target\":{\"@type\":\"EntryPoint\",\"urlTemplate\":\"https:\\\/\\\/lovme.pt\\\/?s={search_term_string}\"},\"query-input\":{\"@type\":\"PropertyValueSpecification\",\"valueRequired\":true,\"valueName\":\"search_term_string\"}}],\"inLanguage\":\"pt-PT\"}]}<\/script>\n<!-- \/ Yoast SEO plugin. -->","yoast_head_json":{"title":"ELECTRASTIM - ANEL DE P\u00caNIS DE METAL ELECTRARINGS 32 MM - Lovme","robots":{"index":"index","follow":"follow","max-snippet":"max-snippet:-1","max-image-preview":"max-image-preview:large","max-video-preview":"max-video-preview:-1"},"canonical":"https:\/\/lovme.pt\/index.php\/produto\/electrastim-anel-de-penis-de-metal-electrarings-32-mm\/","og_locale":"pt_PT","og_type":"article","og_title":"ELECTRASTIM - ANEL DE P\u00caNIS DE METAL ELECTRARINGS 32 MM - Lovme","og_description":"ELECTRASTIM - ANEL DE METAL PARA P\u00caNIS ELECTRARINGS 32 MM","og_url":"https:\/\/lovme.pt\/index.php\/produto\/electrastim-anel-de-penis-de-metal-electrarings-32-mm\/","og_site_name":"Lovme","article_modified_time":"2026-02-19T20:13:55+00:00","og_image":[{"width":900,"height":900,"url":"https:\/\/erki24nd3ub.exactdn.com\/wp-content\/uploads\/dream\/img\/img_208378_39f1fc08a774ac5c96b6549c72acbffb_1.jpg?strip=all","type":"image\/jpeg"}],"twitter_card":"summary_large_image","twitter_misc":{"Tempo estimado de leitura":"1 minuto"},"schema":{"@context":"https:\/\/schema.org","@graph":[{"@type":"WebPage","@id":"https:\/\/lovme.pt\/index.php\/produto\/electrastim-anel-de-penis-de-metal-electrarings-32-mm\/","url":"https:\/\/lovme.pt\/index.php\/produto\/electrastim-anel-de-penis-de-metal-electrarings-32-mm\/","name":"ELECTRASTIM - ANEL DE P\u00caNIS DE METAL ELECTRARINGS 32 MM - Lovme","isPartOf":{"@id":"https:\/\/lovme.pt\/#website"},"primaryImageOfPage":{"@id":"https:\/\/lovme.pt\/index.php\/produto\/electrastim-anel-de-penis-de-metal-electrarings-32-mm\/#primaryimage"},"image":{"@id":"https:\/\/lovme.pt\/index.php\/produto\/electrastim-anel-de-penis-de-metal-electrarings-32-mm\/#primaryimage"},"thumbnailUrl":"https:\/\/erki24nd3ub.exactdn.com\/wp-content\/uploads\/dream\/img\/img_208378_39f1fc08a774ac5c96b6549c72acbffb_1.jpg?strip=all","datePublished":"2025-09-30T23:02:36+00:00","dateModified":"2026-02-19T20:13:55+00:00","breadcrumb":{"@id":"https:\/\/lovme.pt\/index.php\/produto\/electrastim-anel-de-penis-de-metal-electrarings-32-mm\/#breadcrumb"},"inLanguage":"pt-PT","potentialAction":[{"@type":"ReadAction","target":["https:\/\/lovme.pt\/index.php\/produto\/electrastim-anel-de-penis-de-metal-electrarings-32-mm\/"]}]},{"@type":"ImageObject","inLanguage":"pt-PT","@id":"https:\/\/lovme.pt\/index.php\/produto\/electrastim-anel-de-penis-de-metal-electrarings-32-mm\/#primaryimage","url":"https:\/\/erki24nd3ub.exactdn.com\/wp-content\/uploads\/dream\/img\/img_208378_39f1fc08a774ac5c96b6549c72acbffb_1.jpg?strip=all","contentUrl":"https:\/\/erki24nd3ub.exactdn.com\/wp-content\/uploads\/dream\/img\/img_208378_39f1fc08a774ac5c96b6549c72acbffb_1.jpg?strip=all","width":900,"height":900},{"@type":"BreadcrumbList","@id":"https:\/\/lovme.pt\/index.php\/produto\/electrastim-anel-de-penis-de-metal-electrarings-32-mm\/#breadcrumb","itemListElement":[{"@type":"ListItem","position":1,"name":"In\u00edcio","item":"https:\/\/lovme.pt\/"},{"@type":"ListItem","position":2,"name":"Loja","item":"https:\/\/lovme.pt\/index.php\/loja\/"},{"@type":"ListItem","position":3,"name":"ELECTRASTIM &#8211; ANEL DE P\u00caNIS DE METAL ELECTRARINGS 32 MM"}]},{"@type":"WebSite","@id":"https:\/\/lovme.pt\/#website","url":"https:\/\/lovme.pt\/","name":"Lovme Loja Er\u00f3tica N\u00ba1 em Portugal","description":"A melhor loja er\u00f3tica de Portugal.","alternateName":"Loja Er\u00f3tica Lovme","potentialAction":[{"@type":"SearchAction","target":{"@type":"EntryPoint","urlTemplate":"https:\/\/lovme.pt\/?s={search_term_string}"},"query-input":{"@type":"PropertyValueSpecification","valueRequired":true,"valueName":"search_term_string"}}],"inLanguage":"pt-PT"}]}},"_links":{"self":[{"href":"https:\/\/lovme.pt\/index.php\/wp-json\/wp\/v2\/product\/52794","targetHints":{"allow":["GET"]}}],"collection":[{"href":"https:\/\/lovme.pt\/index.php\/wp-json\/wp\/v2\/product"}],"about":[{"href":"https:\/\/lovme.pt\/index.php\/wp-json\/wp\/v2\/types\/product"}],"wp:featuredmedia":[{"embeddable":true,"href":"https:\/\/lovme.pt\/index.php\/wp-json\/wp\/v2\/media\/83047"}],"wp:attachment":[{"href":"https:\/\/lovme.pt\/index.php\/wp-json\/wp\/v2\/media?parent=52794"}],"wp:term":[{"taxonomy":"product_brand","embeddable":true,"href":"https:\/\/lovme.pt\/index.php\/wp-json\/wp\/v2\/product_brand?post=52794"},{"taxonomy":"product_cat","embeddable":true,"href":"https:\/\/lovme.pt\/index.php\/wp-json\/wp\/v2\/product_cat?post=52794"},{"taxonomy":"product_tag","embeddable":true,"href":"https:\/\/lovme.pt\/index.php\/wp-json\/wp\/v2\/product_tag?post=52794"}],"curies":[{"name":"wp","href":"https:\/\/api.w.org\/{rel}","templated":true}]}}