{"id":52793,"date":"2025-09-30T23:02:35","date_gmt":"2025-09-30T23:02:35","guid":{"rendered":"https:\/\/lovme.pt\/?post_type=product&p=52793"},"modified":"2026-02-19T20:13:55","modified_gmt":"2026-02-19T20:13:55","slug":"electrastim-aneis-de-metal-electrarings-pacote-com-5","status":"publish","type":"product","link":"https:\/\/lovme.pt\/index.php\/produto\/electrastim-aneis-de-metal-electrarings-pacote-com-5\/","title":{"rendered":"ELECTRASTIM &#8211; AN\u00c9IS DE METAL ELECTRARINGS PACOTE COM 5"},"content":{"rendered":"<p>Voc\u00ea pode aumentar a intensidade dos seus orgasmos e maximizar o seu prazer usando nosso pacote com 5 an\u00e9is penianos de metal s\u00f3lido ElectraRing. Usar 2 desses an\u00e9is penianos unipolares em qualquer ponto do seu p\u00eanis pode proporcionar contra\u00e7\u00f5es potentes e formigamentos estimulantes em todo o seu comprimento, complementando a masturba\u00e7\u00e3o, as preliminares e o sexo oral. Alguns homens experimentam sensa\u00e7\u00f5es t\u00e3o intensas de prazer que conseguem atingir um orgasmo sem precisar usar as m\u00e3os usando esses simples an\u00e9is penianos el\u00e9tricos!<\/p>\n<p> Cada pacote com 5 an\u00e9is proporciona um ajuste perfeito para diferentes partes do seu p\u00eanis. Voc\u00ea pode usar um \u00fanico ElectraRing durante o sexo com outro eletrodo unipolar. Use os ElectraRings com nosso gel eletrocondutor para uma experi\u00eancia ainda melhor.<\/p>\n<p> <em>Observe que voc\u00ea precisar\u00e1 de um eletroestimulador para alimentar este item.<\/em><\/p>\n<p> <u><em><strong>Especifica\u00e7\u00f5es:<\/strong><\/em><\/u><\/p>\n<ul>\n<li> <strong>Di\u00e2metro:<\/strong><\/li>\n<li> 36 mm (aproximadamente 1,4 polegadas de di\u00e2metro)<\/li>\n<li> 38 mm (aproximadamente 1,5 polegadas de di\u00e2metro)<\/li>\n<li> 40 mm (aproximadamente 1,6 polegadas de di\u00e2metro)<\/li>\n<li> 42 mm (aproximadamente 1,7 polegadas de di\u00e2metro)<\/li>\n<li> 44 mm (aproximadamente 1,8 polegadas de di\u00e2metro)<\/li>\n<li> <strong>Circunfer\u00eancia<\/strong><\/li>\n<li> 113 mm (aproximadamente 4,4 polegadas)<\/li>\n<li> 119 mm (aproximadamente 4,7 polegadas)<\/li>\n<li> 126 mm (aproximadamente 4,9 polegadas)<\/li>\n<li> 132 mm (aproximadamente 5,2 polegadas)<\/li>\n<li> 138 mm (aproximadamente 5,4 polegadas)<\/li>\n<li> Conex\u00e3o: 2 mm<\/li>\n<li> Peso da embalagem: 66g<\/li>\n<li> Materiais: Feito de uma barra s\u00f3lida de alum\u00ednio T6082T6<\/li>\n<li> N\u00famero de polos: 1 (unipolar)<\/li>\n<\/ul>\n<p> <u><em><strong>O que est\u00e1 inclu\u00eddo?<\/strong><\/em><\/u><\/p>\n<ul>\n<li> 5x An\u00e9is Penianos de Metal S\u00f3lido ElectraRings (36-44 mm de di\u00e2metro)<\/li>\n<li> 1x Bolsa de armazenamento de microfibra<\/li>\n<li> 1x livreto de instru\u00e7\u00f5es (EN\/FR\/DE\/NL\/ES\/IT)<\/li>\n<\/ul>\n","protected":false},"excerpt":{"rendered":"<p>ELECTRASTIM &#8211; AN\u00c9IS DE METAL ELECTRARINGS PACOTE COM 5<\/p>\n","protected":false},"featured_media":83044,"template":"","meta":{"_acf_changed":false},"product_brand":[],"product_cat":[48],"product_tag":[],"class_list":{"0":"post-52793","1":"product","2":"type-product","3":"status-publish","4":"has-post-thumbnail","6":"product_cat-bdsm","7":"yith_product_brand-electrastim","9":"first","10":"instock","11":"taxable","12":"shipping-taxable","13":"purchasable","14":"product-type-simple"},"acf":[],"yoast_head":"<!-- This site is optimized with the Yoast SEO plugin v27.4 - https:\/\/yoast.com\/product\/yoast-seo-wordpress\/ -->\n<title>ELECTRASTIM - AN\u00c9IS DE METAL ELECTRARINGS PACOTE COM 5 - Lovme<\/title>\n<meta name=\"robots\" content=\"index, follow, max-snippet:-1, max-image-preview:large, max-video-preview:-1\" \/>\n<link rel=\"canonical\" href=\"https:\/\/lovme.pt\/index.php\/produto\/electrastim-aneis-de-metal-electrarings-pacote-com-5\/\" \/>\n<meta property=\"og:locale\" content=\"pt_PT\" \/>\n<meta property=\"og:type\" content=\"article\" \/>\n<meta property=\"og:title\" content=\"ELECTRASTIM - AN\u00c9IS DE METAL ELECTRARINGS PACOTE COM 5 - Lovme\" \/>\n<meta property=\"og:description\" content=\"ELECTRASTIM - AN\u00c9IS DE METAL ELECTRARINGS PACOTE COM 5\" \/>\n<meta property=\"og:url\" content=\"https:\/\/lovme.pt\/index.php\/produto\/electrastim-aneis-de-metal-electrarings-pacote-com-5\/\" \/>\n<meta property=\"og:site_name\" content=\"Lovme\" \/>\n<meta property=\"article:modified_time\" content=\"2026-02-19T20:13:55+00:00\" \/>\n<meta property=\"og:image\" content=\"https:\/\/erki24nd3ub.exactdn.com\/wp-content\/uploads\/dream\/img\/img_208372_a3fa09b4005cfcbfe8556333da21f4f2_1.jpg?strip=all\" \/>\n\t<meta property=\"og:image:width\" content=\"900\" \/>\n\t<meta property=\"og:image:height\" content=\"900\" \/>\n\t<meta property=\"og:image:type\" content=\"image\/jpeg\" \/>\n<meta name=\"twitter:card\" content=\"summary_large_image\" \/>\n<meta name=\"twitter:label1\" content=\"Tempo estimado de leitura\" \/>\n\t<meta name=\"twitter:data1\" content=\"1 minuto\" \/>\n<script type=\"application\/ld+json\" class=\"yoast-schema-graph\">{\"@context\":\"https:\\\/\\\/schema.org\",\"@graph\":[{\"@type\":\"WebPage\",\"@id\":\"https:\\\/\\\/lovme.pt\\\/index.php\\\/produto\\\/electrastim-aneis-de-metal-electrarings-pacote-com-5\\\/\",\"url\":\"https:\\\/\\\/lovme.pt\\\/index.php\\\/produto\\\/electrastim-aneis-de-metal-electrarings-pacote-com-5\\\/\",\"name\":\"ELECTRASTIM - AN\u00c9IS DE METAL ELECTRARINGS PACOTE COM 5 - Lovme\",\"isPartOf\":{\"@id\":\"https:\\\/\\\/lovme.pt\\\/#website\"},\"primaryImageOfPage\":{\"@id\":\"https:\\\/\\\/lovme.pt\\\/index.php\\\/produto\\\/electrastim-aneis-de-metal-electrarings-pacote-com-5\\\/#primaryimage\"},\"image\":{\"@id\":\"https:\\\/\\\/lovme.pt\\\/index.php\\\/produto\\\/electrastim-aneis-de-metal-electrarings-pacote-com-5\\\/#primaryimage\"},\"thumbnailUrl\":\"https:\\\/\\\/erki24nd3ub.exactdn.com\\\/wp-content\\\/uploads\\\/dream\\\/img\\\/img_208372_a3fa09b4005cfcbfe8556333da21f4f2_1.jpg?strip=all\",\"datePublished\":\"2025-09-30T23:02:35+00:00\",\"dateModified\":\"2026-02-19T20:13:55+00:00\",\"breadcrumb\":{\"@id\":\"https:\\\/\\\/lovme.pt\\\/index.php\\\/produto\\\/electrastim-aneis-de-metal-electrarings-pacote-com-5\\\/#breadcrumb\"},\"inLanguage\":\"pt-PT\",\"potentialAction\":[{\"@type\":\"ReadAction\",\"target\":[\"https:\\\/\\\/lovme.pt\\\/index.php\\\/produto\\\/electrastim-aneis-de-metal-electrarings-pacote-com-5\\\/\"]}]},{\"@type\":\"ImageObject\",\"inLanguage\":\"pt-PT\",\"@id\":\"https:\\\/\\\/lovme.pt\\\/index.php\\\/produto\\\/electrastim-aneis-de-metal-electrarings-pacote-com-5\\\/#primaryimage\",\"url\":\"https:\\\/\\\/erki24nd3ub.exactdn.com\\\/wp-content\\\/uploads\\\/dream\\\/img\\\/img_208372_a3fa09b4005cfcbfe8556333da21f4f2_1.jpg?strip=all\",\"contentUrl\":\"https:\\\/\\\/erki24nd3ub.exactdn.com\\\/wp-content\\\/uploads\\\/dream\\\/img\\\/img_208372_a3fa09b4005cfcbfe8556333da21f4f2_1.jpg?strip=all\",\"width\":900,\"height\":900},{\"@type\":\"BreadcrumbList\",\"@id\":\"https:\\\/\\\/lovme.pt\\\/index.php\\\/produto\\\/electrastim-aneis-de-metal-electrarings-pacote-com-5\\\/#breadcrumb\",\"itemListElement\":[{\"@type\":\"ListItem\",\"position\":1,\"name\":\"In\u00edcio\",\"item\":\"https:\\\/\\\/lovme.pt\\\/\"},{\"@type\":\"ListItem\",\"position\":2,\"name\":\"Loja\",\"item\":\"https:\\\/\\\/lovme.pt\\\/index.php\\\/loja\\\/\"},{\"@type\":\"ListItem\",\"position\":3,\"name\":\"ELECTRASTIM &#8211; AN\u00c9IS DE METAL ELECTRARINGS PACOTE COM 5\"}]},{\"@type\":\"WebSite\",\"@id\":\"https:\\\/\\\/lovme.pt\\\/#website\",\"url\":\"https:\\\/\\\/lovme.pt\\\/\",\"name\":\"Lovme Loja Er\u00f3tica N\u00ba1 em Portugal\",\"description\":\"A melhor loja er\u00f3tica de Portugal.\",\"alternateName\":\"Loja Er\u00f3tica Lovme\",\"potentialAction\":[{\"@type\":\"SearchAction\",\"target\":{\"@type\":\"EntryPoint\",\"urlTemplate\":\"https:\\\/\\\/lovme.pt\\\/?s={search_term_string}\"},\"query-input\":{\"@type\":\"PropertyValueSpecification\",\"valueRequired\":true,\"valueName\":\"search_term_string\"}}],\"inLanguage\":\"pt-PT\"}]}<\/script>\n<!-- \/ Yoast SEO plugin. -->","yoast_head_json":{"title":"ELECTRASTIM - AN\u00c9IS DE METAL ELECTRARINGS PACOTE COM 5 - Lovme","robots":{"index":"index","follow":"follow","max-snippet":"max-snippet:-1","max-image-preview":"max-image-preview:large","max-video-preview":"max-video-preview:-1"},"canonical":"https:\/\/lovme.pt\/index.php\/produto\/electrastim-aneis-de-metal-electrarings-pacote-com-5\/","og_locale":"pt_PT","og_type":"article","og_title":"ELECTRASTIM - AN\u00c9IS DE METAL ELECTRARINGS PACOTE COM 5 - Lovme","og_description":"ELECTRASTIM - AN\u00c9IS DE METAL ELECTRARINGS PACOTE COM 5","og_url":"https:\/\/lovme.pt\/index.php\/produto\/electrastim-aneis-de-metal-electrarings-pacote-com-5\/","og_site_name":"Lovme","article_modified_time":"2026-02-19T20:13:55+00:00","og_image":[{"width":900,"height":900,"url":"https:\/\/erki24nd3ub.exactdn.com\/wp-content\/uploads\/dream\/img\/img_208372_a3fa09b4005cfcbfe8556333da21f4f2_1.jpg?strip=all","type":"image\/jpeg"}],"twitter_card":"summary_large_image","twitter_misc":{"Tempo estimado de leitura":"1 minuto"},"schema":{"@context":"https:\/\/schema.org","@graph":[{"@type":"WebPage","@id":"https:\/\/lovme.pt\/index.php\/produto\/electrastim-aneis-de-metal-electrarings-pacote-com-5\/","url":"https:\/\/lovme.pt\/index.php\/produto\/electrastim-aneis-de-metal-electrarings-pacote-com-5\/","name":"ELECTRASTIM - AN\u00c9IS DE METAL ELECTRARINGS PACOTE COM 5 - Lovme","isPartOf":{"@id":"https:\/\/lovme.pt\/#website"},"primaryImageOfPage":{"@id":"https:\/\/lovme.pt\/index.php\/produto\/electrastim-aneis-de-metal-electrarings-pacote-com-5\/#primaryimage"},"image":{"@id":"https:\/\/lovme.pt\/index.php\/produto\/electrastim-aneis-de-metal-electrarings-pacote-com-5\/#primaryimage"},"thumbnailUrl":"https:\/\/erki24nd3ub.exactdn.com\/wp-content\/uploads\/dream\/img\/img_208372_a3fa09b4005cfcbfe8556333da21f4f2_1.jpg?strip=all","datePublished":"2025-09-30T23:02:35+00:00","dateModified":"2026-02-19T20:13:55+00:00","breadcrumb":{"@id":"https:\/\/lovme.pt\/index.php\/produto\/electrastim-aneis-de-metal-electrarings-pacote-com-5\/#breadcrumb"},"inLanguage":"pt-PT","potentialAction":[{"@type":"ReadAction","target":["https:\/\/lovme.pt\/index.php\/produto\/electrastim-aneis-de-metal-electrarings-pacote-com-5\/"]}]},{"@type":"ImageObject","inLanguage":"pt-PT","@id":"https:\/\/lovme.pt\/index.php\/produto\/electrastim-aneis-de-metal-electrarings-pacote-com-5\/#primaryimage","url":"https:\/\/erki24nd3ub.exactdn.com\/wp-content\/uploads\/dream\/img\/img_208372_a3fa09b4005cfcbfe8556333da21f4f2_1.jpg?strip=all","contentUrl":"https:\/\/erki24nd3ub.exactdn.com\/wp-content\/uploads\/dream\/img\/img_208372_a3fa09b4005cfcbfe8556333da21f4f2_1.jpg?strip=all","width":900,"height":900},{"@type":"BreadcrumbList","@id":"https:\/\/lovme.pt\/index.php\/produto\/electrastim-aneis-de-metal-electrarings-pacote-com-5\/#breadcrumb","itemListElement":[{"@type":"ListItem","position":1,"name":"In\u00edcio","item":"https:\/\/lovme.pt\/"},{"@type":"ListItem","position":2,"name":"Loja","item":"https:\/\/lovme.pt\/index.php\/loja\/"},{"@type":"ListItem","position":3,"name":"ELECTRASTIM &#8211; AN\u00c9IS DE METAL ELECTRARINGS PACOTE COM 5"}]},{"@type":"WebSite","@id":"https:\/\/lovme.pt\/#website","url":"https:\/\/lovme.pt\/","name":"Lovme Loja Er\u00f3tica N\u00ba1 em Portugal","description":"A melhor loja er\u00f3tica de Portugal.","alternateName":"Loja Er\u00f3tica Lovme","potentialAction":[{"@type":"SearchAction","target":{"@type":"EntryPoint","urlTemplate":"https:\/\/lovme.pt\/?s={search_term_string}"},"query-input":{"@type":"PropertyValueSpecification","valueRequired":true,"valueName":"search_term_string"}}],"inLanguage":"pt-PT"}]}},"_links":{"self":[{"href":"https:\/\/lovme.pt\/index.php\/wp-json\/wp\/v2\/product\/52793","targetHints":{"allow":["GET"]}}],"collection":[{"href":"https:\/\/lovme.pt\/index.php\/wp-json\/wp\/v2\/product"}],"about":[{"href":"https:\/\/lovme.pt\/index.php\/wp-json\/wp\/v2\/types\/product"}],"wp:featuredmedia":[{"embeddable":true,"href":"https:\/\/lovme.pt\/index.php\/wp-json\/wp\/v2\/media\/83044"}],"wp:attachment":[{"href":"https:\/\/lovme.pt\/index.php\/wp-json\/wp\/v2\/media?parent=52793"}],"wp:term":[{"taxonomy":"product_brand","embeddable":true,"href":"https:\/\/lovme.pt\/index.php\/wp-json\/wp\/v2\/product_brand?post=52793"},{"taxonomy":"product_cat","embeddable":true,"href":"https:\/\/lovme.pt\/index.php\/wp-json\/wp\/v2\/product_cat?post=52793"},{"taxonomy":"product_tag","embeddable":true,"href":"https:\/\/lovme.pt\/index.php\/wp-json\/wp\/v2\/product_tag?post=52793"}],"curies":[{"name":"wp","href":"https:\/\/api.w.org\/{rel}","templated":true}]}}