{"id":52779,"date":"2025-09-30T22:52:36","date_gmt":"2025-09-30T22:52:36","guid":{"rendered":"https:\/\/lovme.pt\/?post_type=product&p=52779"},"modified":"2026-02-19T20:13:23","modified_gmt":"2026-02-19T20:13:23","slug":"calexotics-scandal-corda-bdsm-preta-30-m","status":"publish","type":"product","link":"https:\/\/lovme.pt\/index.php\/produto\/calexotics-scandal-corda-bdsm-preta-30-m\/","title":{"rendered":"CALEXOTICS &#8211; SCANDAL CORDA BDSM PRETA 30 M"},"content":{"rendered":"<p>Entregue-se \u00e0s suas fantasias BDSM e seja criativo com os 30 metros de corda BDSM Scandal\u00ae. Nossa premiada cole\u00e7\u00e3o Scandal\u00ae criou a corda sedosa e confort\u00e1vel para Shibari das suas fantasias mais selvagens, permitindo que voc\u00ea mergulhe fundo em brincadeiras de bondage infinitamente criativas. Entregue-se a um prazer elevado e aprimorado a cada volta e n\u00f3 desta corda sedosa e fina. Enrole firmemente nos pulsos, amarre suavemente os tornozelos ou crie uma amarra\u00e7\u00e3o shibari exclusiva no seu parceiro para uma experi\u00eancia sensacional \u00fanica. A corda sedosa \u00e9 ideal para parceiros que buscam experi\u00eancias com n\u00f3s e conten\u00e7\u00e3o. Leve suas fantasias a um novo patamar e ao extremo com a corda BDSM infinitamente criativa.<\/p>\n<p><u><em><strong>Especifica\u00e7\u00f5es<\/strong><\/em><\/u><\/p>\n<ul>\n<li>Comprimento total 3000 cm<\/li>\n<li>Material 60% algod\u00e3o e 40% poli\u00e9ster (corda)<\/li>\n<\/ul>\n<p>\u00a0<\/p>\n<p><u><strong><em>Sobre a marca<\/em><\/strong><\/u><\/p>\n<p>A CalExotics vem transformando &#8220;fantasia em realidade&#8221; h\u00e1 mais de uma d\u00e9cada. Com uma aten\u00e7\u00e3o incompar\u00e1vel aos detalhes, a fundadora e propriet\u00e1ria da CalExotics, Susan Colvin, tornou a marca California Exotic Novelty sin\u00f4nimo de brinquedos adultos de qualidade. O fato de a CalExotics ser uma empresa de propriedade e administra\u00e7\u00e3o feminina desempenha um papel importante em sua ascens\u00e3o mete\u00f3rica ao topo da ind\u00fastria de brinquedos e novidades para adultos.<\/p>\n<p>\u00a0<\/p>\n","protected":false},"excerpt":{"rendered":"<p>CALEXOTICS &#8211; SCANDAL CORDA BDSM PRETA 30 M<\/p>\n","protected":false},"featured_media":81762,"template":"","meta":{"_acf_changed":false},"product_brand":[],"product_cat":[48],"product_tag":[],"class_list":{"0":"post-52779","1":"product","2":"type-product","3":"status-publish","4":"has-post-thumbnail","6":"product_cat-bdsm","7":"yith_product_brand-calexotics","9":"first","10":"instock","11":"taxable","12":"shipping-taxable","13":"purchasable","14":"product-type-simple"},"acf":[],"yoast_head":"<!-- This site is optimized with the Yoast SEO plugin v27.3 - https:\/\/yoast.com\/product\/yoast-seo-wordpress\/ -->\n<title>CALEXOTICS - SCANDAL CORDA BDSM PRETA 30 M - Lovme<\/title>\n<meta name=\"robots\" content=\"index, follow, max-snippet:-1, max-image-preview:large, max-video-preview:-1\" \/>\n<link rel=\"canonical\" href=\"https:\/\/lovme.pt\/index.php\/produto\/calexotics-scandal-corda-bdsm-preta-30-m\/\" \/>\n<meta property=\"og:locale\" content=\"pt_PT\" \/>\n<meta property=\"og:type\" content=\"article\" \/>\n<meta property=\"og:title\" content=\"CALEXOTICS - SCANDAL CORDA BDSM PRETA 30 M - Lovme\" \/>\n<meta property=\"og:description\" content=\"CALEXOTICS - SCANDAL CORDA BDSM PRETA 30 M\" \/>\n<meta property=\"og:url\" content=\"https:\/\/lovme.pt\/index.php\/produto\/calexotics-scandal-corda-bdsm-preta-30-m\/\" \/>\n<meta property=\"og:site_name\" content=\"Lovme\" \/>\n<meta property=\"article:modified_time\" content=\"2026-02-19T20:13:23+00:00\" \/>\n<meta property=\"og:image\" content=\"https:\/\/erki24nd3ub.exactdn.com\/wp-content\/uploads\/dream\/img\/img_208215_241865eb8e2f4198f3f39e8289e084a5_1.jpg?strip=all\" \/>\n\t<meta property=\"og:image:width\" content=\"900\" \/>\n\t<meta property=\"og:image:height\" content=\"900\" \/>\n\t<meta property=\"og:image:type\" content=\"image\/jpeg\" \/>\n<meta name=\"twitter:card\" content=\"summary_large_image\" \/>\n<meta name=\"twitter:label1\" content=\"Tempo estimado de leitura\" \/>\n\t<meta name=\"twitter:data1\" content=\"1 minuto\" \/>\n<script type=\"application\/ld+json\" class=\"yoast-schema-graph\">{\"@context\":\"https:\\\/\\\/schema.org\",\"@graph\":[{\"@type\":\"WebPage\",\"@id\":\"https:\\\/\\\/lovme.pt\\\/index.php\\\/produto\\\/calexotics-scandal-corda-bdsm-preta-30-m\\\/\",\"url\":\"https:\\\/\\\/lovme.pt\\\/index.php\\\/produto\\\/calexotics-scandal-corda-bdsm-preta-30-m\\\/\",\"name\":\"CALEXOTICS - SCANDAL CORDA BDSM PRETA 30 M - Lovme\",\"isPartOf\":{\"@id\":\"https:\\\/\\\/lovme.pt\\\/#website\"},\"primaryImageOfPage\":{\"@id\":\"https:\\\/\\\/lovme.pt\\\/index.php\\\/produto\\\/calexotics-scandal-corda-bdsm-preta-30-m\\\/#primaryimage\"},\"image\":{\"@id\":\"https:\\\/\\\/lovme.pt\\\/index.php\\\/produto\\\/calexotics-scandal-corda-bdsm-preta-30-m\\\/#primaryimage\"},\"thumbnailUrl\":\"https:\\\/\\\/erki24nd3ub.exactdn.com\\\/wp-content\\\/uploads\\\/dream\\\/img\\\/img_208215_241865eb8e2f4198f3f39e8289e084a5_1.jpg?strip=all\",\"datePublished\":\"2025-09-30T22:52:36+00:00\",\"dateModified\":\"2026-02-19T20:13:23+00:00\",\"breadcrumb\":{\"@id\":\"https:\\\/\\\/lovme.pt\\\/index.php\\\/produto\\\/calexotics-scandal-corda-bdsm-preta-30-m\\\/#breadcrumb\"},\"inLanguage\":\"pt-PT\",\"potentialAction\":[{\"@type\":\"ReadAction\",\"target\":[\"https:\\\/\\\/lovme.pt\\\/index.php\\\/produto\\\/calexotics-scandal-corda-bdsm-preta-30-m\\\/\"]}]},{\"@type\":\"ImageObject\",\"inLanguage\":\"pt-PT\",\"@id\":\"https:\\\/\\\/lovme.pt\\\/index.php\\\/produto\\\/calexotics-scandal-corda-bdsm-preta-30-m\\\/#primaryimage\",\"url\":\"https:\\\/\\\/erki24nd3ub.exactdn.com\\\/wp-content\\\/uploads\\\/dream\\\/img\\\/img_208215_241865eb8e2f4198f3f39e8289e084a5_1.jpg?strip=all\",\"contentUrl\":\"https:\\\/\\\/erki24nd3ub.exactdn.com\\\/wp-content\\\/uploads\\\/dream\\\/img\\\/img_208215_241865eb8e2f4198f3f39e8289e084a5_1.jpg?strip=all\",\"width\":900,\"height\":900},{\"@type\":\"BreadcrumbList\",\"@id\":\"https:\\\/\\\/lovme.pt\\\/index.php\\\/produto\\\/calexotics-scandal-corda-bdsm-preta-30-m\\\/#breadcrumb\",\"itemListElement\":[{\"@type\":\"ListItem\",\"position\":1,\"name\":\"In\u00edcio\",\"item\":\"https:\\\/\\\/lovme.pt\\\/\"},{\"@type\":\"ListItem\",\"position\":2,\"name\":\"Loja\",\"item\":\"https:\\\/\\\/lovme.pt\\\/index.php\\\/loja\\\/\"},{\"@type\":\"ListItem\",\"position\":3,\"name\":\"CALEXOTICS &#8211; SCANDAL CORDA BDSM PRETA 30 M\"}]},{\"@type\":\"WebSite\",\"@id\":\"https:\\\/\\\/lovme.pt\\\/#website\",\"url\":\"https:\\\/\\\/lovme.pt\\\/\",\"name\":\"Lovme Loja Er\u00f3tica N\u00ba1 em Portugal\",\"description\":\"A melhor loja er\u00f3tica de Portugal.\",\"alternateName\":\"Loja Er\u00f3tica Lovme\",\"potentialAction\":[{\"@type\":\"SearchAction\",\"target\":{\"@type\":\"EntryPoint\",\"urlTemplate\":\"https:\\\/\\\/lovme.pt\\\/?s={search_term_string}\"},\"query-input\":{\"@type\":\"PropertyValueSpecification\",\"valueRequired\":true,\"valueName\":\"search_term_string\"}}],\"inLanguage\":\"pt-PT\"}]}<\/script>\n<!-- \/ Yoast SEO plugin. -->","yoast_head_json":{"title":"CALEXOTICS - SCANDAL CORDA BDSM PRETA 30 M - Lovme","robots":{"index":"index","follow":"follow","max-snippet":"max-snippet:-1","max-image-preview":"max-image-preview:large","max-video-preview":"max-video-preview:-1"},"canonical":"https:\/\/lovme.pt\/index.php\/produto\/calexotics-scandal-corda-bdsm-preta-30-m\/","og_locale":"pt_PT","og_type":"article","og_title":"CALEXOTICS - SCANDAL CORDA BDSM PRETA 30 M - Lovme","og_description":"CALEXOTICS - SCANDAL CORDA BDSM PRETA 30 M","og_url":"https:\/\/lovme.pt\/index.php\/produto\/calexotics-scandal-corda-bdsm-preta-30-m\/","og_site_name":"Lovme","article_modified_time":"2026-02-19T20:13:23+00:00","og_image":[{"width":900,"height":900,"url":"https:\/\/erki24nd3ub.exactdn.com\/wp-content\/uploads\/dream\/img\/img_208215_241865eb8e2f4198f3f39e8289e084a5_1.jpg?strip=all","type":"image\/jpeg"}],"twitter_card":"summary_large_image","twitter_misc":{"Tempo estimado de leitura":"1 minuto"},"schema":{"@context":"https:\/\/schema.org","@graph":[{"@type":"WebPage","@id":"https:\/\/lovme.pt\/index.php\/produto\/calexotics-scandal-corda-bdsm-preta-30-m\/","url":"https:\/\/lovme.pt\/index.php\/produto\/calexotics-scandal-corda-bdsm-preta-30-m\/","name":"CALEXOTICS - SCANDAL CORDA BDSM PRETA 30 M - Lovme","isPartOf":{"@id":"https:\/\/lovme.pt\/#website"},"primaryImageOfPage":{"@id":"https:\/\/lovme.pt\/index.php\/produto\/calexotics-scandal-corda-bdsm-preta-30-m\/#primaryimage"},"image":{"@id":"https:\/\/lovme.pt\/index.php\/produto\/calexotics-scandal-corda-bdsm-preta-30-m\/#primaryimage"},"thumbnailUrl":"https:\/\/erki24nd3ub.exactdn.com\/wp-content\/uploads\/dream\/img\/img_208215_241865eb8e2f4198f3f39e8289e084a5_1.jpg?strip=all","datePublished":"2025-09-30T22:52:36+00:00","dateModified":"2026-02-19T20:13:23+00:00","breadcrumb":{"@id":"https:\/\/lovme.pt\/index.php\/produto\/calexotics-scandal-corda-bdsm-preta-30-m\/#breadcrumb"},"inLanguage":"pt-PT","potentialAction":[{"@type":"ReadAction","target":["https:\/\/lovme.pt\/index.php\/produto\/calexotics-scandal-corda-bdsm-preta-30-m\/"]}]},{"@type":"ImageObject","inLanguage":"pt-PT","@id":"https:\/\/lovme.pt\/index.php\/produto\/calexotics-scandal-corda-bdsm-preta-30-m\/#primaryimage","url":"https:\/\/erki24nd3ub.exactdn.com\/wp-content\/uploads\/dream\/img\/img_208215_241865eb8e2f4198f3f39e8289e084a5_1.jpg?strip=all","contentUrl":"https:\/\/erki24nd3ub.exactdn.com\/wp-content\/uploads\/dream\/img\/img_208215_241865eb8e2f4198f3f39e8289e084a5_1.jpg?strip=all","width":900,"height":900},{"@type":"BreadcrumbList","@id":"https:\/\/lovme.pt\/index.php\/produto\/calexotics-scandal-corda-bdsm-preta-30-m\/#breadcrumb","itemListElement":[{"@type":"ListItem","position":1,"name":"In\u00edcio","item":"https:\/\/lovme.pt\/"},{"@type":"ListItem","position":2,"name":"Loja","item":"https:\/\/lovme.pt\/index.php\/loja\/"},{"@type":"ListItem","position":3,"name":"CALEXOTICS &#8211; SCANDAL CORDA BDSM PRETA 30 M"}]},{"@type":"WebSite","@id":"https:\/\/lovme.pt\/#website","url":"https:\/\/lovme.pt\/","name":"Lovme Loja Er\u00f3tica N\u00ba1 em Portugal","description":"A melhor loja er\u00f3tica de Portugal.","alternateName":"Loja Er\u00f3tica Lovme","potentialAction":[{"@type":"SearchAction","target":{"@type":"EntryPoint","urlTemplate":"https:\/\/lovme.pt\/?s={search_term_string}"},"query-input":{"@type":"PropertyValueSpecification","valueRequired":true,"valueName":"search_term_string"}}],"inLanguage":"pt-PT"}]}},"_links":{"self":[{"href":"https:\/\/lovme.pt\/index.php\/wp-json\/wp\/v2\/product\/52779","targetHints":{"allow":["GET"]}}],"collection":[{"href":"https:\/\/lovme.pt\/index.php\/wp-json\/wp\/v2\/product"}],"about":[{"href":"https:\/\/lovme.pt\/index.php\/wp-json\/wp\/v2\/types\/product"}],"wp:featuredmedia":[{"embeddable":true,"href":"https:\/\/lovme.pt\/index.php\/wp-json\/wp\/v2\/media\/81762"}],"wp:attachment":[{"href":"https:\/\/lovme.pt\/index.php\/wp-json\/wp\/v2\/media?parent=52779"}],"wp:term":[{"taxonomy":"product_brand","embeddable":true,"href":"https:\/\/lovme.pt\/index.php\/wp-json\/wp\/v2\/product_brand?post=52779"},{"taxonomy":"product_cat","embeddable":true,"href":"https:\/\/lovme.pt\/index.php\/wp-json\/wp\/v2\/product_cat?post=52779"},{"taxonomy":"product_tag","embeddable":true,"href":"https:\/\/lovme.pt\/index.php\/wp-json\/wp\/v2\/product_tag?post=52779"}],"curies":[{"name":"wp","href":"https:\/\/api.w.org\/{rel}","templated":true}]}}