{"id":52742,"date":"2025-09-30T23:03:09","date_gmt":"2025-09-30T23:03:09","guid":{"rendered":"https:\/\/lovme.pt\/?post_type=product&p=52742"},"modified":"2026-02-19T20:13:57","modified_gmt":"2026-02-19T20:13:57","slug":"calexotics-scandal-fita-de-bondage-vermelha","status":"publish","type":"product","link":"https:\/\/lovme.pt\/index.php\/produto\/calexotics-scandal-fita-de-bondage-vermelha\/","title":{"rendered":"CALEXOTICS &#8211; SCANDAL FITA DE BONDAGE VERMELHA"},"content":{"rendered":"<p>D\u00ea um passeio pelo lado selvagem com a Fita Scandal\u00ae Lovers \u2014 a fita sedutora e autoadesiva para bondage que gruda em si mesma, mas nunca na sua pele. Esta fita premiada \u00e9 infinitamente reutiliz\u00e1vel e oferece uma fixa\u00e7\u00e3o forte e segura que mant\u00e9m seu parceiro preso at\u00e9 que voc\u00ea diga o contr\u00e1rio. \u00c9 macia, suave e segura, tornando-a perfeita para provocar, amarrar ou at\u00e9 mesmo se transformar em uma roupa provocante para uma encena\u00e7\u00e3o discreta.<\/p>\n<p>Leve e incrivelmente vers\u00e1til, esta fita estilosa envolve pulsos ou tornozelos com facilidade e se adapta a todos os n\u00edveis de experi\u00eancia \u2014 desde iniciantes curiosos at\u00e9 amantes experientes de fetiches. Seja para prazer, dor ou jogos de poder, esta fita se adapta a todas as fantasias. Transforme qualquer momento em uma fuga ousada do cotidiano, onde quer que voc\u00ea esteja. Entregue o controle ou recupere-o \u2014 tudo depende de voc\u00ea.<\/p>\n<p><u><em>Especifica\u00e7\u00f5es<\/em><\/u><\/p>\n<ul>\n<li>Comprimento total: 1500 cm<\/li>\n<li>Di\u00e2metro inser\u00edvel 2,5 cm<\/li>\n<li>Material: Pl\u00e1stico PVC<\/li>\n<\/ul>\n<p>\u00a0<\/p>\n<p><u><em><strong>Sobre a marca<\/strong><\/em><\/u><\/p>\n<p>A CalExotics vem transformando &#8220;fantasia em realidade&#8221; h\u00e1 mais de uma d\u00e9cada. Com uma aten\u00e7\u00e3o incompar\u00e1vel aos detalhes, a fundadora e propriet\u00e1ria da CalExotics, Susan Colvin, tornou a marca California Exotic Novelty sin\u00f4nimo de brinquedos adultos de qualidade. O fato de a CalExotics ser uma empresa de propriedade e administra\u00e7\u00e3o feminina desempenha um papel importante em sua ascens\u00e3o mete\u00f3rica ao topo da ind\u00fastria de brinquedos e novidades para adultos.<\/p>\n","protected":false},"excerpt":{"rendered":"<p>CALEXOTICS &#8211; SCANDAL FITA DE BONDAGE VERMELHA<\/p>\n","protected":false},"featured_media":83118,"template":"","meta":{"_acf_changed":false},"product_brand":[],"product_cat":[48],"product_tag":[],"class_list":{"0":"post-52742","1":"product","2":"type-product","3":"status-publish","4":"has-post-thumbnail","6":"product_cat-bdsm","7":"yith_product_brand-calexotics","9":"first","10":"instock","11":"taxable","12":"shipping-taxable","13":"purchasable","14":"product-type-simple"},"acf":[],"yoast_head":"<!-- This site is optimized with the Yoast SEO plugin v27.3 - https:\/\/yoast.com\/product\/yoast-seo-wordpress\/ -->\n<title>CALEXOTICS - SCANDAL FITA DE BONDAGE VERMELHA - Lovme<\/title>\n<meta name=\"robots\" content=\"index, follow, max-snippet:-1, max-image-preview:large, max-video-preview:-1\" \/>\n<link rel=\"canonical\" href=\"https:\/\/lovme.pt\/index.php\/produto\/calexotics-scandal-fita-de-bondage-vermelha\/\" \/>\n<meta property=\"og:locale\" content=\"pt_PT\" \/>\n<meta property=\"og:type\" content=\"article\" \/>\n<meta property=\"og:title\" content=\"CALEXOTICS - SCANDAL FITA DE BONDAGE VERMELHA - Lovme\" \/>\n<meta property=\"og:description\" content=\"CALEXOTICS - SCANDAL FITA DE BONDAGE VERMELHA\" \/>\n<meta property=\"og:url\" content=\"https:\/\/lovme.pt\/index.php\/produto\/calexotics-scandal-fita-de-bondage-vermelha\/\" \/>\n<meta property=\"og:site_name\" content=\"Lovme\" \/>\n<meta property=\"article:modified_time\" content=\"2026-02-19T20:13:57+00:00\" \/>\n<meta property=\"og:image\" content=\"https:\/\/erki24nd3ub.exactdn.com\/wp-content\/uploads\/dream\/img\/img_208128_154767247da0dd897cc667feecd4666e_1.jpg?strip=all\" \/>\n\t<meta property=\"og:image:width\" content=\"900\" \/>\n\t<meta property=\"og:image:height\" content=\"900\" \/>\n\t<meta property=\"og:image:type\" content=\"image\/jpeg\" \/>\n<meta name=\"twitter:card\" content=\"summary_large_image\" \/>\n<meta name=\"twitter:label1\" content=\"Tempo estimado de leitura\" \/>\n\t<meta name=\"twitter:data1\" content=\"1 minuto\" \/>\n<script type=\"application\/ld+json\" class=\"yoast-schema-graph\">{\"@context\":\"https:\\\/\\\/schema.org\",\"@graph\":[{\"@type\":\"WebPage\",\"@id\":\"https:\\\/\\\/lovme.pt\\\/index.php\\\/produto\\\/calexotics-scandal-fita-de-bondage-vermelha\\\/\",\"url\":\"https:\\\/\\\/lovme.pt\\\/index.php\\\/produto\\\/calexotics-scandal-fita-de-bondage-vermelha\\\/\",\"name\":\"CALEXOTICS - SCANDAL FITA DE BONDAGE VERMELHA - Lovme\",\"isPartOf\":{\"@id\":\"https:\\\/\\\/lovme.pt\\\/#website\"},\"primaryImageOfPage\":{\"@id\":\"https:\\\/\\\/lovme.pt\\\/index.php\\\/produto\\\/calexotics-scandal-fita-de-bondage-vermelha\\\/#primaryimage\"},\"image\":{\"@id\":\"https:\\\/\\\/lovme.pt\\\/index.php\\\/produto\\\/calexotics-scandal-fita-de-bondage-vermelha\\\/#primaryimage\"},\"thumbnailUrl\":\"https:\\\/\\\/erki24nd3ub.exactdn.com\\\/wp-content\\\/uploads\\\/dream\\\/img\\\/img_208128_154767247da0dd897cc667feecd4666e_1.jpg?strip=all\",\"datePublished\":\"2025-09-30T23:03:09+00:00\",\"dateModified\":\"2026-02-19T20:13:57+00:00\",\"breadcrumb\":{\"@id\":\"https:\\\/\\\/lovme.pt\\\/index.php\\\/produto\\\/calexotics-scandal-fita-de-bondage-vermelha\\\/#breadcrumb\"},\"inLanguage\":\"pt-PT\",\"potentialAction\":[{\"@type\":\"ReadAction\",\"target\":[\"https:\\\/\\\/lovme.pt\\\/index.php\\\/produto\\\/calexotics-scandal-fita-de-bondage-vermelha\\\/\"]}]},{\"@type\":\"ImageObject\",\"inLanguage\":\"pt-PT\",\"@id\":\"https:\\\/\\\/lovme.pt\\\/index.php\\\/produto\\\/calexotics-scandal-fita-de-bondage-vermelha\\\/#primaryimage\",\"url\":\"https:\\\/\\\/erki24nd3ub.exactdn.com\\\/wp-content\\\/uploads\\\/dream\\\/img\\\/img_208128_154767247da0dd897cc667feecd4666e_1.jpg?strip=all\",\"contentUrl\":\"https:\\\/\\\/erki24nd3ub.exactdn.com\\\/wp-content\\\/uploads\\\/dream\\\/img\\\/img_208128_154767247da0dd897cc667feecd4666e_1.jpg?strip=all\",\"width\":900,\"height\":900},{\"@type\":\"BreadcrumbList\",\"@id\":\"https:\\\/\\\/lovme.pt\\\/index.php\\\/produto\\\/calexotics-scandal-fita-de-bondage-vermelha\\\/#breadcrumb\",\"itemListElement\":[{\"@type\":\"ListItem\",\"position\":1,\"name\":\"In\u00edcio\",\"item\":\"https:\\\/\\\/lovme.pt\\\/\"},{\"@type\":\"ListItem\",\"position\":2,\"name\":\"Loja\",\"item\":\"https:\\\/\\\/lovme.pt\\\/index.php\\\/loja\\\/\"},{\"@type\":\"ListItem\",\"position\":3,\"name\":\"CALEXOTICS &#8211; SCANDAL FITA DE BONDAGE VERMELHA\"}]},{\"@type\":\"WebSite\",\"@id\":\"https:\\\/\\\/lovme.pt\\\/#website\",\"url\":\"https:\\\/\\\/lovme.pt\\\/\",\"name\":\"Lovme Loja Er\u00f3tica N\u00ba1 em Portugal\",\"description\":\"A melhor loja er\u00f3tica de Portugal.\",\"alternateName\":\"Loja Er\u00f3tica Lovme\",\"potentialAction\":[{\"@type\":\"SearchAction\",\"target\":{\"@type\":\"EntryPoint\",\"urlTemplate\":\"https:\\\/\\\/lovme.pt\\\/?s={search_term_string}\"},\"query-input\":{\"@type\":\"PropertyValueSpecification\",\"valueRequired\":true,\"valueName\":\"search_term_string\"}}],\"inLanguage\":\"pt-PT\"}]}<\/script>\n<!-- \/ Yoast SEO plugin. -->","yoast_head_json":{"title":"CALEXOTICS - SCANDAL FITA DE BONDAGE VERMELHA - Lovme","robots":{"index":"index","follow":"follow","max-snippet":"max-snippet:-1","max-image-preview":"max-image-preview:large","max-video-preview":"max-video-preview:-1"},"canonical":"https:\/\/lovme.pt\/index.php\/produto\/calexotics-scandal-fita-de-bondage-vermelha\/","og_locale":"pt_PT","og_type":"article","og_title":"CALEXOTICS - SCANDAL FITA DE BONDAGE VERMELHA - Lovme","og_description":"CALEXOTICS - SCANDAL FITA DE BONDAGE VERMELHA","og_url":"https:\/\/lovme.pt\/index.php\/produto\/calexotics-scandal-fita-de-bondage-vermelha\/","og_site_name":"Lovme","article_modified_time":"2026-02-19T20:13:57+00:00","og_image":[{"width":900,"height":900,"url":"https:\/\/erki24nd3ub.exactdn.com\/wp-content\/uploads\/dream\/img\/img_208128_154767247da0dd897cc667feecd4666e_1.jpg?strip=all","type":"image\/jpeg"}],"twitter_card":"summary_large_image","twitter_misc":{"Tempo estimado de leitura":"1 minuto"},"schema":{"@context":"https:\/\/schema.org","@graph":[{"@type":"WebPage","@id":"https:\/\/lovme.pt\/index.php\/produto\/calexotics-scandal-fita-de-bondage-vermelha\/","url":"https:\/\/lovme.pt\/index.php\/produto\/calexotics-scandal-fita-de-bondage-vermelha\/","name":"CALEXOTICS - SCANDAL FITA DE BONDAGE VERMELHA - Lovme","isPartOf":{"@id":"https:\/\/lovme.pt\/#website"},"primaryImageOfPage":{"@id":"https:\/\/lovme.pt\/index.php\/produto\/calexotics-scandal-fita-de-bondage-vermelha\/#primaryimage"},"image":{"@id":"https:\/\/lovme.pt\/index.php\/produto\/calexotics-scandal-fita-de-bondage-vermelha\/#primaryimage"},"thumbnailUrl":"https:\/\/erki24nd3ub.exactdn.com\/wp-content\/uploads\/dream\/img\/img_208128_154767247da0dd897cc667feecd4666e_1.jpg?strip=all","datePublished":"2025-09-30T23:03:09+00:00","dateModified":"2026-02-19T20:13:57+00:00","breadcrumb":{"@id":"https:\/\/lovme.pt\/index.php\/produto\/calexotics-scandal-fita-de-bondage-vermelha\/#breadcrumb"},"inLanguage":"pt-PT","potentialAction":[{"@type":"ReadAction","target":["https:\/\/lovme.pt\/index.php\/produto\/calexotics-scandal-fita-de-bondage-vermelha\/"]}]},{"@type":"ImageObject","inLanguage":"pt-PT","@id":"https:\/\/lovme.pt\/index.php\/produto\/calexotics-scandal-fita-de-bondage-vermelha\/#primaryimage","url":"https:\/\/erki24nd3ub.exactdn.com\/wp-content\/uploads\/dream\/img\/img_208128_154767247da0dd897cc667feecd4666e_1.jpg?strip=all","contentUrl":"https:\/\/erki24nd3ub.exactdn.com\/wp-content\/uploads\/dream\/img\/img_208128_154767247da0dd897cc667feecd4666e_1.jpg?strip=all","width":900,"height":900},{"@type":"BreadcrumbList","@id":"https:\/\/lovme.pt\/index.php\/produto\/calexotics-scandal-fita-de-bondage-vermelha\/#breadcrumb","itemListElement":[{"@type":"ListItem","position":1,"name":"In\u00edcio","item":"https:\/\/lovme.pt\/"},{"@type":"ListItem","position":2,"name":"Loja","item":"https:\/\/lovme.pt\/index.php\/loja\/"},{"@type":"ListItem","position":3,"name":"CALEXOTICS &#8211; SCANDAL FITA DE BONDAGE VERMELHA"}]},{"@type":"WebSite","@id":"https:\/\/lovme.pt\/#website","url":"https:\/\/lovme.pt\/","name":"Lovme Loja Er\u00f3tica N\u00ba1 em Portugal","description":"A melhor loja er\u00f3tica de Portugal.","alternateName":"Loja Er\u00f3tica Lovme","potentialAction":[{"@type":"SearchAction","target":{"@type":"EntryPoint","urlTemplate":"https:\/\/lovme.pt\/?s={search_term_string}"},"query-input":{"@type":"PropertyValueSpecification","valueRequired":true,"valueName":"search_term_string"}}],"inLanguage":"pt-PT"}]}},"_links":{"self":[{"href":"https:\/\/lovme.pt\/index.php\/wp-json\/wp\/v2\/product\/52742","targetHints":{"allow":["GET"]}}],"collection":[{"href":"https:\/\/lovme.pt\/index.php\/wp-json\/wp\/v2\/product"}],"about":[{"href":"https:\/\/lovme.pt\/index.php\/wp-json\/wp\/v2\/types\/product"}],"wp:featuredmedia":[{"embeddable":true,"href":"https:\/\/lovme.pt\/index.php\/wp-json\/wp\/v2\/media\/83118"}],"wp:attachment":[{"href":"https:\/\/lovme.pt\/index.php\/wp-json\/wp\/v2\/media?parent=52742"}],"wp:term":[{"taxonomy":"product_brand","embeddable":true,"href":"https:\/\/lovme.pt\/index.php\/wp-json\/wp\/v2\/product_brand?post=52742"},{"taxonomy":"product_cat","embeddable":true,"href":"https:\/\/lovme.pt\/index.php\/wp-json\/wp\/v2\/product_cat?post=52742"},{"taxonomy":"product_tag","embeddable":true,"href":"https:\/\/lovme.pt\/index.php\/wp-json\/wp\/v2\/product_tag?post=52742"}],"curies":[{"name":"wp","href":"https:\/\/api.w.org\/{rel}","templated":true}]}}