{"id":52728,"date":"2025-09-30T22:27:37","date_gmt":"2025-09-30T22:27:37","guid":{"rendered":"https:\/\/lovme.pt\/?post_type=product&p=52728"},"modified":"2026-02-19T20:12:24","modified_gmt":"2026-02-19T20:12:24","slug":"bruma-xperience-kit-doce-tentacao-bolo-americano-vibro-orgasmico","status":"publish","type":"product","link":"https:\/\/lovme.pt\/index.php\/produto\/bruma-xperience-kit-doce-tentacao-bolo-americano-vibro-orgasmico\/","title":{"rendered":"BRUMA XPERIENCE &#8211; KIT DOCE TENTA\u00c7\u00c3O BOLO AMERICANO VIBRO-ORG\u00c1SMICO"},"content":{"rendered":"<p>Um mimo irresist\u00edvel com um toque inesperado. Este pacote combina a do\u00e7ura mais indulgente com o brilho de um vibrador l\u00edquido, criando uma experi\u00eancia multissensorial que vai te levar \u00e0s profundezas. Cada elemento \u2014 do lubrificante ao \u00f3leo, da pena \u00e0 venda \u2014 foi projetado para intensificar a brincadeira, o desejo e o sabor do momento. Porque o prazer tamb\u00e9m pode ser&#8230; delicioso.<\/p>\n<p> <u><strong>CONFUS\u00c3O<\/strong><\/u><\/p>\n<p> <strong>A BRUMA<\/strong> \u00e9 uma marca l\u00edder no mundo dos produtos para adultos, reconhecida por seu compromisso com a qualidade e a satisfa\u00e7\u00e3o do cliente. Especializada na cria\u00e7\u00e3o de produtos projetados para aumentar a intimidade e o prazer em experi\u00eancias adultas, <strong>a BRUMA<\/strong> conquistou reputa\u00e7\u00e3o por seu foco em inova\u00e7\u00e3o e excel\u00eancia.<\/p>\n<p> O Ultra Slip Gel da <strong>BRUMA<\/strong> personifica a dedica\u00e7\u00e3o da marca em fornecer solu\u00e7\u00f5es \u00edntimas superiores. Este gel \u00e9 cuidadosamente formulado para oferecer uma lubrifica\u00e7\u00e3o excepcionalmente suave e duradoura, aumentando o conforto e a conex\u00e3o durante os momentos mais \u00edntimos.<\/p>\n<p> Com <strong>a BRUMA<\/strong> , voc\u00ea pode ter certeza de que est\u00e1 escolhendo produtos de alta qualidade, projetados para aprimorar seu bem-estar \u00edntimo. Seja para aventuras individuais ou em grupo, o gel ultradeslizante da <strong>BRUMA<\/strong> proporciona uma experi\u00eancia \u00fanica, suave e deslizante que permite que voc\u00ea aproveite seus momentos sensuais ao m\u00e1ximo.<\/p>\n","protected":false},"excerpt":{"rendered":"<p>BRUMA XPERIENCE &#8211; KIT DOCE TENTA\u00c7\u00c3O BOLO AMERICANO VIBRO-ORG\u00c1SMICO<\/p>\n","protected":false},"featured_media":77957,"template":"","meta":{"_acf_changed":false},"product_brand":[],"product_cat":[49,65,15,51],"product_tag":[],"class_list":{"0":"post-52728","1":"product","2":"type-product","3":"status-publish","4":"has-post-thumbnail","6":"product_cat-cosmeticos","7":"product_cat-kits","8":"product_cat-loja","9":"product_cat-oleos-de-massagem","10":"yith_product_brand-bruma","12":"first","13":"instock","14":"taxable","15":"shipping-taxable","16":"purchasable","17":"product-type-simple"},"acf":[],"yoast_head":"<!-- This site is optimized with the Yoast SEO plugin v27.4 - https:\/\/yoast.com\/product\/yoast-seo-wordpress\/ -->\n<title>BRUMA XPERIENCE - KIT DOCE TENTA\u00c7\u00c3O BOLO AMERICANO VIBRO-ORG\u00c1SMICO - Lovme<\/title>\n<meta name=\"robots\" content=\"index, follow, max-snippet:-1, max-image-preview:large, max-video-preview:-1\" \/>\n<link rel=\"canonical\" href=\"https:\/\/lovme.pt\/index.php\/produto\/bruma-xperience-kit-doce-tentacao-bolo-americano-vibro-orgasmico\/\" \/>\n<meta property=\"og:locale\" content=\"pt_PT\" \/>\n<meta property=\"og:type\" content=\"article\" \/>\n<meta property=\"og:title\" content=\"BRUMA XPERIENCE - KIT DOCE TENTA\u00c7\u00c3O BOLO AMERICANO VIBRO-ORG\u00c1SMICO - Lovme\" \/>\n<meta property=\"og:description\" content=\"BRUMA XPERIENCE - KIT DOCE TENTA\u00c7\u00c3O BOLO AMERICANO VIBRO-ORG\u00c1SMICO\" \/>\n<meta property=\"og:url\" content=\"https:\/\/lovme.pt\/index.php\/produto\/bruma-xperience-kit-doce-tentacao-bolo-americano-vibro-orgasmico\/\" \/>\n<meta property=\"og:site_name\" content=\"Lovme\" \/>\n<meta property=\"article:modified_time\" content=\"2026-02-19T20:12:24+00:00\" \/>\n<meta property=\"og:image\" content=\"https:\/\/erki24nd3ub.exactdn.com\/wp-content\/uploads\/dream\/img\/img_211254_66be65d947187b61f09732d51cf59ac4_1.png?strip=all\" \/>\n\t<meta property=\"og:image:width\" content=\"900\" \/>\n\t<meta property=\"og:image:height\" content=\"900\" \/>\n\t<meta property=\"og:image:type\" content=\"image\/png\" \/>\n<meta name=\"twitter:card\" content=\"summary_large_image\" \/>\n<meta name=\"twitter:label1\" content=\"Tempo estimado de leitura\" \/>\n\t<meta name=\"twitter:data1\" content=\"1 minuto\" \/>\n<script type=\"application\/ld+json\" class=\"yoast-schema-graph\">{\"@context\":\"https:\\\/\\\/schema.org\",\"@graph\":[{\"@type\":\"WebPage\",\"@id\":\"https:\\\/\\\/lovme.pt\\\/index.php\\\/produto\\\/bruma-xperience-kit-doce-tentacao-bolo-americano-vibro-orgasmico\\\/\",\"url\":\"https:\\\/\\\/lovme.pt\\\/index.php\\\/produto\\\/bruma-xperience-kit-doce-tentacao-bolo-americano-vibro-orgasmico\\\/\",\"name\":\"BRUMA XPERIENCE - KIT DOCE TENTA\u00c7\u00c3O BOLO AMERICANO VIBRO-ORG\u00c1SMICO - Lovme\",\"isPartOf\":{\"@id\":\"https:\\\/\\\/lovme.pt\\\/#website\"},\"primaryImageOfPage\":{\"@id\":\"https:\\\/\\\/lovme.pt\\\/index.php\\\/produto\\\/bruma-xperience-kit-doce-tentacao-bolo-americano-vibro-orgasmico\\\/#primaryimage\"},\"image\":{\"@id\":\"https:\\\/\\\/lovme.pt\\\/index.php\\\/produto\\\/bruma-xperience-kit-doce-tentacao-bolo-americano-vibro-orgasmico\\\/#primaryimage\"},\"thumbnailUrl\":\"https:\\\/\\\/erki24nd3ub.exactdn.com\\\/wp-content\\\/uploads\\\/dream\\\/img\\\/img_211254_66be65d947187b61f09732d51cf59ac4_1.png?strip=all\",\"datePublished\":\"2025-09-30T22:27:37+00:00\",\"dateModified\":\"2026-02-19T20:12:24+00:00\",\"breadcrumb\":{\"@id\":\"https:\\\/\\\/lovme.pt\\\/index.php\\\/produto\\\/bruma-xperience-kit-doce-tentacao-bolo-americano-vibro-orgasmico\\\/#breadcrumb\"},\"inLanguage\":\"pt-PT\",\"potentialAction\":[{\"@type\":\"ReadAction\",\"target\":[\"https:\\\/\\\/lovme.pt\\\/index.php\\\/produto\\\/bruma-xperience-kit-doce-tentacao-bolo-americano-vibro-orgasmico\\\/\"]}]},{\"@type\":\"ImageObject\",\"inLanguage\":\"pt-PT\",\"@id\":\"https:\\\/\\\/lovme.pt\\\/index.php\\\/produto\\\/bruma-xperience-kit-doce-tentacao-bolo-americano-vibro-orgasmico\\\/#primaryimage\",\"url\":\"https:\\\/\\\/erki24nd3ub.exactdn.com\\\/wp-content\\\/uploads\\\/dream\\\/img\\\/img_211254_66be65d947187b61f09732d51cf59ac4_1.png?strip=all\",\"contentUrl\":\"https:\\\/\\\/erki24nd3ub.exactdn.com\\\/wp-content\\\/uploads\\\/dream\\\/img\\\/img_211254_66be65d947187b61f09732d51cf59ac4_1.png?strip=all\",\"width\":900,\"height\":900},{\"@type\":\"BreadcrumbList\",\"@id\":\"https:\\\/\\\/lovme.pt\\\/index.php\\\/produto\\\/bruma-xperience-kit-doce-tentacao-bolo-americano-vibro-orgasmico\\\/#breadcrumb\",\"itemListElement\":[{\"@type\":\"ListItem\",\"position\":1,\"name\":\"In\u00edcio\",\"item\":\"https:\\\/\\\/lovme.pt\\\/\"},{\"@type\":\"ListItem\",\"position\":2,\"name\":\"Loja\",\"item\":\"https:\\\/\\\/lovme.pt\\\/index.php\\\/loja\\\/\"},{\"@type\":\"ListItem\",\"position\":3,\"name\":\"BRUMA XPERIENCE &#8211; KIT DOCE TENTA\u00c7\u00c3O BOLO AMERICANO VIBRO-ORG\u00c1SMICO\"}]},{\"@type\":\"WebSite\",\"@id\":\"https:\\\/\\\/lovme.pt\\\/#website\",\"url\":\"https:\\\/\\\/lovme.pt\\\/\",\"name\":\"Lovme Loja Er\u00f3tica N\u00ba1 em Portugal\",\"description\":\"A melhor loja er\u00f3tica de Portugal.\",\"alternateName\":\"Loja Er\u00f3tica Lovme\",\"potentialAction\":[{\"@type\":\"SearchAction\",\"target\":{\"@type\":\"EntryPoint\",\"urlTemplate\":\"https:\\\/\\\/lovme.pt\\\/?s={search_term_string}\"},\"query-input\":{\"@type\":\"PropertyValueSpecification\",\"valueRequired\":true,\"valueName\":\"search_term_string\"}}],\"inLanguage\":\"pt-PT\"}]}<\/script>\n<!-- \/ Yoast SEO plugin. -->","yoast_head_json":{"title":"BRUMA XPERIENCE - KIT DOCE TENTA\u00c7\u00c3O BOLO AMERICANO VIBRO-ORG\u00c1SMICO - Lovme","robots":{"index":"index","follow":"follow","max-snippet":"max-snippet:-1","max-image-preview":"max-image-preview:large","max-video-preview":"max-video-preview:-1"},"canonical":"https:\/\/lovme.pt\/index.php\/produto\/bruma-xperience-kit-doce-tentacao-bolo-americano-vibro-orgasmico\/","og_locale":"pt_PT","og_type":"article","og_title":"BRUMA XPERIENCE - KIT DOCE TENTA\u00c7\u00c3O BOLO AMERICANO VIBRO-ORG\u00c1SMICO - Lovme","og_description":"BRUMA XPERIENCE - KIT DOCE TENTA\u00c7\u00c3O BOLO AMERICANO VIBRO-ORG\u00c1SMICO","og_url":"https:\/\/lovme.pt\/index.php\/produto\/bruma-xperience-kit-doce-tentacao-bolo-americano-vibro-orgasmico\/","og_site_name":"Lovme","article_modified_time":"2026-02-19T20:12:24+00:00","og_image":[{"width":900,"height":900,"url":"https:\/\/erki24nd3ub.exactdn.com\/wp-content\/uploads\/dream\/img\/img_211254_66be65d947187b61f09732d51cf59ac4_1.png?strip=all","type":"image\/png"}],"twitter_card":"summary_large_image","twitter_misc":{"Tempo estimado de leitura":"1 minuto"},"schema":{"@context":"https:\/\/schema.org","@graph":[{"@type":"WebPage","@id":"https:\/\/lovme.pt\/index.php\/produto\/bruma-xperience-kit-doce-tentacao-bolo-americano-vibro-orgasmico\/","url":"https:\/\/lovme.pt\/index.php\/produto\/bruma-xperience-kit-doce-tentacao-bolo-americano-vibro-orgasmico\/","name":"BRUMA XPERIENCE - KIT DOCE TENTA\u00c7\u00c3O BOLO AMERICANO VIBRO-ORG\u00c1SMICO - Lovme","isPartOf":{"@id":"https:\/\/lovme.pt\/#website"},"primaryImageOfPage":{"@id":"https:\/\/lovme.pt\/index.php\/produto\/bruma-xperience-kit-doce-tentacao-bolo-americano-vibro-orgasmico\/#primaryimage"},"image":{"@id":"https:\/\/lovme.pt\/index.php\/produto\/bruma-xperience-kit-doce-tentacao-bolo-americano-vibro-orgasmico\/#primaryimage"},"thumbnailUrl":"https:\/\/erki24nd3ub.exactdn.com\/wp-content\/uploads\/dream\/img\/img_211254_66be65d947187b61f09732d51cf59ac4_1.png?strip=all","datePublished":"2025-09-30T22:27:37+00:00","dateModified":"2026-02-19T20:12:24+00:00","breadcrumb":{"@id":"https:\/\/lovme.pt\/index.php\/produto\/bruma-xperience-kit-doce-tentacao-bolo-americano-vibro-orgasmico\/#breadcrumb"},"inLanguage":"pt-PT","potentialAction":[{"@type":"ReadAction","target":["https:\/\/lovme.pt\/index.php\/produto\/bruma-xperience-kit-doce-tentacao-bolo-americano-vibro-orgasmico\/"]}]},{"@type":"ImageObject","inLanguage":"pt-PT","@id":"https:\/\/lovme.pt\/index.php\/produto\/bruma-xperience-kit-doce-tentacao-bolo-americano-vibro-orgasmico\/#primaryimage","url":"https:\/\/erki24nd3ub.exactdn.com\/wp-content\/uploads\/dream\/img\/img_211254_66be65d947187b61f09732d51cf59ac4_1.png?strip=all","contentUrl":"https:\/\/erki24nd3ub.exactdn.com\/wp-content\/uploads\/dream\/img\/img_211254_66be65d947187b61f09732d51cf59ac4_1.png?strip=all","width":900,"height":900},{"@type":"BreadcrumbList","@id":"https:\/\/lovme.pt\/index.php\/produto\/bruma-xperience-kit-doce-tentacao-bolo-americano-vibro-orgasmico\/#breadcrumb","itemListElement":[{"@type":"ListItem","position":1,"name":"In\u00edcio","item":"https:\/\/lovme.pt\/"},{"@type":"ListItem","position":2,"name":"Loja","item":"https:\/\/lovme.pt\/index.php\/loja\/"},{"@type":"ListItem","position":3,"name":"BRUMA XPERIENCE &#8211; KIT DOCE TENTA\u00c7\u00c3O BOLO AMERICANO VIBRO-ORG\u00c1SMICO"}]},{"@type":"WebSite","@id":"https:\/\/lovme.pt\/#website","url":"https:\/\/lovme.pt\/","name":"Lovme Loja Er\u00f3tica N\u00ba1 em Portugal","description":"A melhor loja er\u00f3tica de Portugal.","alternateName":"Loja Er\u00f3tica Lovme","potentialAction":[{"@type":"SearchAction","target":{"@type":"EntryPoint","urlTemplate":"https:\/\/lovme.pt\/?s={search_term_string}"},"query-input":{"@type":"PropertyValueSpecification","valueRequired":true,"valueName":"search_term_string"}}],"inLanguage":"pt-PT"}]}},"_links":{"self":[{"href":"https:\/\/lovme.pt\/index.php\/wp-json\/wp\/v2\/product\/52728","targetHints":{"allow":["GET"]}}],"collection":[{"href":"https:\/\/lovme.pt\/index.php\/wp-json\/wp\/v2\/product"}],"about":[{"href":"https:\/\/lovme.pt\/index.php\/wp-json\/wp\/v2\/types\/product"}],"wp:featuredmedia":[{"embeddable":true,"href":"https:\/\/lovme.pt\/index.php\/wp-json\/wp\/v2\/media\/77957"}],"wp:attachment":[{"href":"https:\/\/lovme.pt\/index.php\/wp-json\/wp\/v2\/media?parent=52728"}],"wp:term":[{"taxonomy":"product_brand","embeddable":true,"href":"https:\/\/lovme.pt\/index.php\/wp-json\/wp\/v2\/product_brand?post=52728"},{"taxonomy":"product_cat","embeddable":true,"href":"https:\/\/lovme.pt\/index.php\/wp-json\/wp\/v2\/product_cat?post=52728"},{"taxonomy":"product_tag","embeddable":true,"href":"https:\/\/lovme.pt\/index.php\/wp-json\/wp\/v2\/product_tag?post=52728"}],"curies":[{"name":"wp","href":"https:\/\/api.w.org\/{rel}","templated":true}]}}