{"id":52723,"date":"2025-09-30T22:27:26","date_gmt":"2025-09-30T22:27:26","guid":{"rendered":"https:\/\/lovme.pt\/?post_type=product&p=52723"},"modified":"2026-02-19T20:12:24","modified_gmt":"2026-02-19T20:12:24","slug":"bruma-xperience-kit-de-chiclete-tentacao-com-potencializador-de-orgasmo","status":"publish","type":"product","link":"https:\/\/lovme.pt\/index.php\/produto\/bruma-xperience-kit-de-chiclete-tentacao-com-potencializador-de-orgasmo\/","title":{"rendered":"BRUMA XPERIENCE &#8211; KIT DE CHICLETE TENTA\u00c7\u00c3O COM POTENCIALIZADOR DE ORGASMO"},"content":{"rendered":"<p>T\u00e3o doce quanto ousado. O sabor de chiclete transporta voc\u00ea para um mundo de brincadeira, desejo e prazer l\u00fadico. Com o gel estimulante, cada car\u00edcia se torna uma fa\u00edsca el\u00e9trica na sua pele. Adicione o lubrificante comest\u00edvel, o \u00f3leo de massagem lenta, a pena provocante e a venda de cetim e crie seu pr\u00f3prio universo travesso. Um pacote para mentes curiosas e corpos brincalh\u00f5es.<\/p>\n<\/p>\n<p> <u><strong>CONFUS\u00c3O<\/strong><\/u><\/p>\n<p> <strong>A BRUMA<\/strong> \u00e9 uma marca l\u00edder no mundo dos produtos para adultos, reconhecida por seu compromisso com a qualidade e a satisfa\u00e7\u00e3o do cliente. Especializada na cria\u00e7\u00e3o de produtos projetados para aumentar a intimidade e o prazer em experi\u00eancias adultas, <strong>a BRUMA<\/strong> conquistou reputa\u00e7\u00e3o por seu foco em inova\u00e7\u00e3o e excel\u00eancia.<\/p>\n<p> O Ultra Slip Gel da <strong>BRUMA<\/strong> personifica a dedica\u00e7\u00e3o da marca em fornecer solu\u00e7\u00f5es \u00edntimas superiores. Este gel \u00e9 cuidadosamente formulado para oferecer uma lubrifica\u00e7\u00e3o excepcionalmente suave e duradoura, aumentando o conforto e a conex\u00e3o durante os momentos mais \u00edntimos.<\/p>\n<p> Com <strong>a BRUMA<\/strong> , voc\u00ea pode ter certeza de que est\u00e1 escolhendo produtos de alta qualidade, projetados para aprimorar seu bem-estar \u00edntimo. Seja para aventuras individuais ou em grupo, o gel ultradeslizante da <strong>BRUMA<\/strong> proporciona uma experi\u00eancia \u00fanica, suave e deslizante que permite que voc\u00ea aproveite seus momentos sensuais ao m\u00e1ximo.<\/p>\n","protected":false},"excerpt":{"rendered":"<p>BRUMA XPERIENCE &#8211; KIT DE CHICLETE TENTA\u00c7\u00c3O COM POTENCIALIZADOR DE ORGASMO<\/p>\n","protected":false},"featured_media":77932,"template":"","meta":{"_acf_changed":false},"product_brand":[],"product_cat":[49,65,15,51],"product_tag":[],"class_list":{"0":"post-52723","1":"product","2":"type-product","3":"status-publish","4":"has-post-thumbnail","6":"product_cat-cosmeticos","7":"product_cat-kits","8":"product_cat-loja","9":"product_cat-oleos-de-massagem","10":"yith_product_brand-bruma","12":"first","13":"instock","14":"taxable","15":"shipping-taxable","16":"purchasable","17":"product-type-simple"},"acf":[],"yoast_head":"<!-- This site is optimized with the Yoast SEO plugin v27.4 - https:\/\/yoast.com\/product\/yoast-seo-wordpress\/ -->\n<title>BRUMA XPERIENCE - KIT DE CHICLETE TENTA\u00c7\u00c3O COM POTENCIALIZADOR DE ORGASMO - Lovme<\/title>\n<meta name=\"robots\" content=\"index, follow, max-snippet:-1, max-image-preview:large, max-video-preview:-1\" \/>\n<link rel=\"canonical\" href=\"https:\/\/lovme.pt\/index.php\/produto\/bruma-xperience-kit-de-chiclete-tentacao-com-potencializador-de-orgasmo\/\" \/>\n<meta property=\"og:locale\" content=\"pt_PT\" \/>\n<meta property=\"og:type\" content=\"article\" \/>\n<meta property=\"og:title\" content=\"BRUMA XPERIENCE - KIT DE CHICLETE TENTA\u00c7\u00c3O COM POTENCIALIZADOR DE ORGASMO - Lovme\" \/>\n<meta property=\"og:description\" content=\"BRUMA XPERIENCE - KIT DE CHICLETE TENTA\u00c7\u00c3O COM POTENCIALIZADOR DE ORGASMO\" \/>\n<meta property=\"og:url\" content=\"https:\/\/lovme.pt\/index.php\/produto\/bruma-xperience-kit-de-chiclete-tentacao-com-potencializador-de-orgasmo\/\" \/>\n<meta property=\"og:site_name\" content=\"Lovme\" \/>\n<meta property=\"article:modified_time\" content=\"2026-02-19T20:12:24+00:00\" \/>\n<meta property=\"og:image\" content=\"https:\/\/erki24nd3ub.exactdn.com\/wp-content\/uploads\/dream\/img\/img_211221_e6f7c41d591de1c25634f43a42dc1603_1.png?strip=all\" \/>\n\t<meta property=\"og:image:width\" content=\"900\" \/>\n\t<meta property=\"og:image:height\" content=\"900\" \/>\n\t<meta property=\"og:image:type\" content=\"image\/png\" \/>\n<meta name=\"twitter:card\" content=\"summary_large_image\" \/>\n<meta name=\"twitter:label1\" content=\"Tempo estimado de leitura\" \/>\n\t<meta name=\"twitter:data1\" content=\"1 minuto\" \/>\n<script type=\"application\/ld+json\" class=\"yoast-schema-graph\">{\"@context\":\"https:\\\/\\\/schema.org\",\"@graph\":[{\"@type\":\"WebPage\",\"@id\":\"https:\\\/\\\/lovme.pt\\\/index.php\\\/produto\\\/bruma-xperience-kit-de-chiclete-tentacao-com-potencializador-de-orgasmo\\\/\",\"url\":\"https:\\\/\\\/lovme.pt\\\/index.php\\\/produto\\\/bruma-xperience-kit-de-chiclete-tentacao-com-potencializador-de-orgasmo\\\/\",\"name\":\"BRUMA XPERIENCE - KIT DE CHICLETE TENTA\u00c7\u00c3O COM POTENCIALIZADOR DE ORGASMO - Lovme\",\"isPartOf\":{\"@id\":\"https:\\\/\\\/lovme.pt\\\/#website\"},\"primaryImageOfPage\":{\"@id\":\"https:\\\/\\\/lovme.pt\\\/index.php\\\/produto\\\/bruma-xperience-kit-de-chiclete-tentacao-com-potencializador-de-orgasmo\\\/#primaryimage\"},\"image\":{\"@id\":\"https:\\\/\\\/lovme.pt\\\/index.php\\\/produto\\\/bruma-xperience-kit-de-chiclete-tentacao-com-potencializador-de-orgasmo\\\/#primaryimage\"},\"thumbnailUrl\":\"https:\\\/\\\/erki24nd3ub.exactdn.com\\\/wp-content\\\/uploads\\\/dream\\\/img\\\/img_211221_e6f7c41d591de1c25634f43a42dc1603_1.png?strip=all\",\"datePublished\":\"2025-09-30T22:27:26+00:00\",\"dateModified\":\"2026-02-19T20:12:24+00:00\",\"breadcrumb\":{\"@id\":\"https:\\\/\\\/lovme.pt\\\/index.php\\\/produto\\\/bruma-xperience-kit-de-chiclete-tentacao-com-potencializador-de-orgasmo\\\/#breadcrumb\"},\"inLanguage\":\"pt-PT\",\"potentialAction\":[{\"@type\":\"ReadAction\",\"target\":[\"https:\\\/\\\/lovme.pt\\\/index.php\\\/produto\\\/bruma-xperience-kit-de-chiclete-tentacao-com-potencializador-de-orgasmo\\\/\"]}]},{\"@type\":\"ImageObject\",\"inLanguage\":\"pt-PT\",\"@id\":\"https:\\\/\\\/lovme.pt\\\/index.php\\\/produto\\\/bruma-xperience-kit-de-chiclete-tentacao-com-potencializador-de-orgasmo\\\/#primaryimage\",\"url\":\"https:\\\/\\\/erki24nd3ub.exactdn.com\\\/wp-content\\\/uploads\\\/dream\\\/img\\\/img_211221_e6f7c41d591de1c25634f43a42dc1603_1.png?strip=all\",\"contentUrl\":\"https:\\\/\\\/erki24nd3ub.exactdn.com\\\/wp-content\\\/uploads\\\/dream\\\/img\\\/img_211221_e6f7c41d591de1c25634f43a42dc1603_1.png?strip=all\",\"width\":900,\"height\":900},{\"@type\":\"BreadcrumbList\",\"@id\":\"https:\\\/\\\/lovme.pt\\\/index.php\\\/produto\\\/bruma-xperience-kit-de-chiclete-tentacao-com-potencializador-de-orgasmo\\\/#breadcrumb\",\"itemListElement\":[{\"@type\":\"ListItem\",\"position\":1,\"name\":\"In\u00edcio\",\"item\":\"https:\\\/\\\/lovme.pt\\\/\"},{\"@type\":\"ListItem\",\"position\":2,\"name\":\"Loja\",\"item\":\"https:\\\/\\\/lovme.pt\\\/index.php\\\/loja\\\/\"},{\"@type\":\"ListItem\",\"position\":3,\"name\":\"BRUMA XPERIENCE &#8211; KIT DE CHICLETE TENTA\u00c7\u00c3O COM POTENCIALIZADOR DE ORGASMO\"}]},{\"@type\":\"WebSite\",\"@id\":\"https:\\\/\\\/lovme.pt\\\/#website\",\"url\":\"https:\\\/\\\/lovme.pt\\\/\",\"name\":\"Lovme Loja Er\u00f3tica N\u00ba1 em Portugal\",\"description\":\"A melhor loja er\u00f3tica de Portugal.\",\"alternateName\":\"Loja Er\u00f3tica Lovme\",\"potentialAction\":[{\"@type\":\"SearchAction\",\"target\":{\"@type\":\"EntryPoint\",\"urlTemplate\":\"https:\\\/\\\/lovme.pt\\\/?s={search_term_string}\"},\"query-input\":{\"@type\":\"PropertyValueSpecification\",\"valueRequired\":true,\"valueName\":\"search_term_string\"}}],\"inLanguage\":\"pt-PT\"}]}<\/script>\n<!-- \/ Yoast SEO plugin. -->","yoast_head_json":{"title":"BRUMA XPERIENCE - KIT DE CHICLETE TENTA\u00c7\u00c3O COM POTENCIALIZADOR DE ORGASMO - Lovme","robots":{"index":"index","follow":"follow","max-snippet":"max-snippet:-1","max-image-preview":"max-image-preview:large","max-video-preview":"max-video-preview:-1"},"canonical":"https:\/\/lovme.pt\/index.php\/produto\/bruma-xperience-kit-de-chiclete-tentacao-com-potencializador-de-orgasmo\/","og_locale":"pt_PT","og_type":"article","og_title":"BRUMA XPERIENCE - KIT DE CHICLETE TENTA\u00c7\u00c3O COM POTENCIALIZADOR DE ORGASMO - Lovme","og_description":"BRUMA XPERIENCE - KIT DE CHICLETE TENTA\u00c7\u00c3O COM POTENCIALIZADOR DE ORGASMO","og_url":"https:\/\/lovme.pt\/index.php\/produto\/bruma-xperience-kit-de-chiclete-tentacao-com-potencializador-de-orgasmo\/","og_site_name":"Lovme","article_modified_time":"2026-02-19T20:12:24+00:00","og_image":[{"width":900,"height":900,"url":"https:\/\/erki24nd3ub.exactdn.com\/wp-content\/uploads\/dream\/img\/img_211221_e6f7c41d591de1c25634f43a42dc1603_1.png?strip=all","type":"image\/png"}],"twitter_card":"summary_large_image","twitter_misc":{"Tempo estimado de leitura":"1 minuto"},"schema":{"@context":"https:\/\/schema.org","@graph":[{"@type":"WebPage","@id":"https:\/\/lovme.pt\/index.php\/produto\/bruma-xperience-kit-de-chiclete-tentacao-com-potencializador-de-orgasmo\/","url":"https:\/\/lovme.pt\/index.php\/produto\/bruma-xperience-kit-de-chiclete-tentacao-com-potencializador-de-orgasmo\/","name":"BRUMA XPERIENCE - KIT DE CHICLETE TENTA\u00c7\u00c3O COM POTENCIALIZADOR DE ORGASMO - Lovme","isPartOf":{"@id":"https:\/\/lovme.pt\/#website"},"primaryImageOfPage":{"@id":"https:\/\/lovme.pt\/index.php\/produto\/bruma-xperience-kit-de-chiclete-tentacao-com-potencializador-de-orgasmo\/#primaryimage"},"image":{"@id":"https:\/\/lovme.pt\/index.php\/produto\/bruma-xperience-kit-de-chiclete-tentacao-com-potencializador-de-orgasmo\/#primaryimage"},"thumbnailUrl":"https:\/\/erki24nd3ub.exactdn.com\/wp-content\/uploads\/dream\/img\/img_211221_e6f7c41d591de1c25634f43a42dc1603_1.png?strip=all","datePublished":"2025-09-30T22:27:26+00:00","dateModified":"2026-02-19T20:12:24+00:00","breadcrumb":{"@id":"https:\/\/lovme.pt\/index.php\/produto\/bruma-xperience-kit-de-chiclete-tentacao-com-potencializador-de-orgasmo\/#breadcrumb"},"inLanguage":"pt-PT","potentialAction":[{"@type":"ReadAction","target":["https:\/\/lovme.pt\/index.php\/produto\/bruma-xperience-kit-de-chiclete-tentacao-com-potencializador-de-orgasmo\/"]}]},{"@type":"ImageObject","inLanguage":"pt-PT","@id":"https:\/\/lovme.pt\/index.php\/produto\/bruma-xperience-kit-de-chiclete-tentacao-com-potencializador-de-orgasmo\/#primaryimage","url":"https:\/\/erki24nd3ub.exactdn.com\/wp-content\/uploads\/dream\/img\/img_211221_e6f7c41d591de1c25634f43a42dc1603_1.png?strip=all","contentUrl":"https:\/\/erki24nd3ub.exactdn.com\/wp-content\/uploads\/dream\/img\/img_211221_e6f7c41d591de1c25634f43a42dc1603_1.png?strip=all","width":900,"height":900},{"@type":"BreadcrumbList","@id":"https:\/\/lovme.pt\/index.php\/produto\/bruma-xperience-kit-de-chiclete-tentacao-com-potencializador-de-orgasmo\/#breadcrumb","itemListElement":[{"@type":"ListItem","position":1,"name":"In\u00edcio","item":"https:\/\/lovme.pt\/"},{"@type":"ListItem","position":2,"name":"Loja","item":"https:\/\/lovme.pt\/index.php\/loja\/"},{"@type":"ListItem","position":3,"name":"BRUMA XPERIENCE &#8211; KIT DE CHICLETE TENTA\u00c7\u00c3O COM POTENCIALIZADOR DE ORGASMO"}]},{"@type":"WebSite","@id":"https:\/\/lovme.pt\/#website","url":"https:\/\/lovme.pt\/","name":"Lovme Loja Er\u00f3tica N\u00ba1 em Portugal","description":"A melhor loja er\u00f3tica de Portugal.","alternateName":"Loja Er\u00f3tica Lovme","potentialAction":[{"@type":"SearchAction","target":{"@type":"EntryPoint","urlTemplate":"https:\/\/lovme.pt\/?s={search_term_string}"},"query-input":{"@type":"PropertyValueSpecification","valueRequired":true,"valueName":"search_term_string"}}],"inLanguage":"pt-PT"}]}},"_links":{"self":[{"href":"https:\/\/lovme.pt\/index.php\/wp-json\/wp\/v2\/product\/52723","targetHints":{"allow":["GET"]}}],"collection":[{"href":"https:\/\/lovme.pt\/index.php\/wp-json\/wp\/v2\/product"}],"about":[{"href":"https:\/\/lovme.pt\/index.php\/wp-json\/wp\/v2\/types\/product"}],"wp:featuredmedia":[{"embeddable":true,"href":"https:\/\/lovme.pt\/index.php\/wp-json\/wp\/v2\/media\/77932"}],"wp:attachment":[{"href":"https:\/\/lovme.pt\/index.php\/wp-json\/wp\/v2\/media?parent=52723"}],"wp:term":[{"taxonomy":"product_brand","embeddable":true,"href":"https:\/\/lovme.pt\/index.php\/wp-json\/wp\/v2\/product_brand?post=52723"},{"taxonomy":"product_cat","embeddable":true,"href":"https:\/\/lovme.pt\/index.php\/wp-json\/wp\/v2\/product_cat?post=52723"},{"taxonomy":"product_tag","embeddable":true,"href":"https:\/\/lovme.pt\/index.php\/wp-json\/wp\/v2\/product_tag?post=52723"}],"curies":[{"name":"wp","href":"https:\/\/api.w.org\/{rel}","templated":true}]}}