{"id":52641,"date":"2025-10-01T02:53:46","date_gmt":"2025-10-01T02:53:46","guid":{"rendered":"https:\/\/lovme.pt\/?post_type=product&#038;p=52641"},"modified":"2026-02-19T20:23:29","modified_gmt":"2026-02-19T20:23:29","slug":"mob-tanga-transparente-vermelha-em-formato-de-t-tamanho-l-xl","status":"publish","type":"product","link":"https:\/\/lovme.pt\/index.php\/produto\/mob-tanga-transparente-vermelha-em-formato-de-t-tamanho-l-xl\/","title":{"rendered":"MOB &#8211; TANGA TRANSPARENTE CON FORMA DE T ROJO TALLA S\/M"},"content":{"rendered":"<p>A tanga masculina MOB Sheer T-Back \u00e9 perfeita para uma noite rom\u00e2ntica e ousada. Costas em formato de T, cobertura m\u00ednima e tecido transparente para m\u00e1xima exposi\u00e7\u00e3o. Rede de tule: Nylon 95% Elastano 5%<\/p>\n<p>\u00a0<\/p>\n<p><u><strong>Sobre a marca<\/strong><\/u><\/p>\n<p>A MaleBasics foi fundada em 2003 a partir da necessidade de oferecer aos homens a marca perfeita para qualquer tipo de roupa \u00edntima que prefiram. De roupas esportivas a tangas, cuecas sensuais e trajes de banho; todas as op\u00e7\u00f5es que um homem poderia desejar. N\u00e3o s\u00e3o apenas as mulheres que querem ficar bem em suas roupas \u00edntimas. A MaleBasics entende que os homens querem parecer sensuais e confiantes em suas roupas \u00edntimas. Ao oferecer uma sele\u00e7\u00e3o s\u00f3lida, a marca garante que eles podem fazer exatamente isso. Das confort\u00e1veis cuecas boxer \u00e0s tangas justas ou fio dental; os homens t\u00eam uma variedade de op\u00e7\u00f5es para se vestir para qualquer ocasi\u00e3o.<\/p>\n<p>\u00a0<\/p>\n","protected":false},"excerpt":{"rendered":"<p>MOB &#8211; TANGA TRANSPARENTE VERMELHA EM FORMATO DE T TAMANHO L\/XL<\/p>\n","protected":false},"featured_media":99908,"template":"","meta":{"_acf_changed":false},"product_brand":[],"product_cat":[47,67],"product_tag":[],"class_list":{"0":"post-52641","1":"product","2":"type-product","3":"status-publish","4":"has-post-thumbnail","6":"product_cat-lingerie","7":"product_cat-lingerie-masculina","8":"yith_product_brand-mob","10":"first","11":"instock","12":"taxable","13":"shipping-taxable","14":"purchasable","15":"product-type-variable","16":"has-default-attributes"},"acf":[],"yoast_head":"<!-- This site is optimized with the Yoast SEO plugin v27.4 - https:\/\/yoast.com\/product\/yoast-seo-wordpress\/ -->\n<title>MOB - TANGA TRANSPARENTE CON FORMA DE T ROJO TALLA S\/M - Lovme<\/title>\n<meta name=\"robots\" content=\"index, follow, max-snippet:-1, max-image-preview:large, max-video-preview:-1\" \/>\n<link rel=\"canonical\" href=\"https:\/\/lovme.pt\/index.php\/produto\/mob-tanga-transparente-vermelha-em-formato-de-t-tamanho-l-xl\/\" \/>\n<meta property=\"og:locale\" content=\"pt_PT\" \/>\n<meta property=\"og:type\" content=\"article\" \/>\n<meta property=\"og:title\" content=\"MOB - TANGA TRANSPARENTE CON FORMA DE T ROJO TALLA S\/M - Lovme\" \/>\n<meta property=\"og:description\" content=\"MOB - TANGA TRANSPARENTE VERMELHA EM FORMATO DE T TAMANHO L\/XL\" \/>\n<meta property=\"og:url\" content=\"https:\/\/lovme.pt\/index.php\/produto\/mob-tanga-transparente-vermelha-em-formato-de-t-tamanho-l-xl\/\" \/>\n<meta property=\"og:site_name\" content=\"Lovme\" \/>\n<meta property=\"article:modified_time\" content=\"2026-02-19T20:23:29+00:00\" \/>\n<meta property=\"og:image\" content=\"https:\/\/erki24nd3ub.exactdn.com\/wp-content\/uploads\/dream\/img\/img_207754_9e069e13b99b149a749c1bf731c30be6_1.jpg?strip=all\" \/>\n\t<meta property=\"og:image:width\" content=\"900\" \/>\n\t<meta property=\"og:image:height\" content=\"900\" \/>\n\t<meta property=\"og:image:type\" content=\"image\/jpeg\" \/>\n<meta name=\"twitter:card\" content=\"summary_large_image\" \/>\n<meta name=\"twitter:label1\" content=\"Tempo estimado de leitura\" \/>\n\t<meta name=\"twitter:data1\" content=\"1 minuto\" \/>\n<script type=\"application\/ld+json\" class=\"yoast-schema-graph\">{\"@context\":\"https:\\\/\\\/schema.org\",\"@graph\":[{\"@type\":\"WebPage\",\"@id\":\"https:\\\/\\\/lovme.pt\\\/index.php\\\/produto\\\/mob-tanga-transparente-vermelha-em-formato-de-t-tamanho-l-xl\\\/\",\"url\":\"https:\\\/\\\/lovme.pt\\\/index.php\\\/produto\\\/mob-tanga-transparente-vermelha-em-formato-de-t-tamanho-l-xl\\\/\",\"name\":\"MOB - TANGA TRANSPARENTE CON FORMA DE T ROJO TALLA S\\\/M - Lovme\",\"isPartOf\":{\"@id\":\"https:\\\/\\\/lovme.pt\\\/#website\"},\"primaryImageOfPage\":{\"@id\":\"https:\\\/\\\/lovme.pt\\\/index.php\\\/produto\\\/mob-tanga-transparente-vermelha-em-formato-de-t-tamanho-l-xl\\\/#primaryimage\"},\"image\":{\"@id\":\"https:\\\/\\\/lovme.pt\\\/index.php\\\/produto\\\/mob-tanga-transparente-vermelha-em-formato-de-t-tamanho-l-xl\\\/#primaryimage\"},\"thumbnailUrl\":\"https:\\\/\\\/erki24nd3ub.exactdn.com\\\/wp-content\\\/uploads\\\/dream\\\/img\\\/img_207754_9e069e13b99b149a749c1bf731c30be6_1.jpg?strip=all\",\"datePublished\":\"2025-10-01T02:53:46+00:00\",\"dateModified\":\"2026-02-19T20:23:29+00:00\",\"breadcrumb\":{\"@id\":\"https:\\\/\\\/lovme.pt\\\/index.php\\\/produto\\\/mob-tanga-transparente-vermelha-em-formato-de-t-tamanho-l-xl\\\/#breadcrumb\"},\"inLanguage\":\"pt-PT\",\"potentialAction\":[{\"@type\":\"ReadAction\",\"target\":[\"https:\\\/\\\/lovme.pt\\\/index.php\\\/produto\\\/mob-tanga-transparente-vermelha-em-formato-de-t-tamanho-l-xl\\\/\"]}]},{\"@type\":\"ImageObject\",\"inLanguage\":\"pt-PT\",\"@id\":\"https:\\\/\\\/lovme.pt\\\/index.php\\\/produto\\\/mob-tanga-transparente-vermelha-em-formato-de-t-tamanho-l-xl\\\/#primaryimage\",\"url\":\"https:\\\/\\\/erki24nd3ub.exactdn.com\\\/wp-content\\\/uploads\\\/dream\\\/img\\\/img_207754_9e069e13b99b149a749c1bf731c30be6_1.jpg?strip=all\",\"contentUrl\":\"https:\\\/\\\/erki24nd3ub.exactdn.com\\\/wp-content\\\/uploads\\\/dream\\\/img\\\/img_207754_9e069e13b99b149a749c1bf731c30be6_1.jpg?strip=all\",\"width\":900,\"height\":900},{\"@type\":\"BreadcrumbList\",\"@id\":\"https:\\\/\\\/lovme.pt\\\/index.php\\\/produto\\\/mob-tanga-transparente-vermelha-em-formato-de-t-tamanho-l-xl\\\/#breadcrumb\",\"itemListElement\":[{\"@type\":\"ListItem\",\"position\":1,\"name\":\"In\u00edcio\",\"item\":\"https:\\\/\\\/lovme.pt\\\/\"},{\"@type\":\"ListItem\",\"position\":2,\"name\":\"Loja\",\"item\":\"https:\\\/\\\/lovme.pt\\\/index.php\\\/loja\\\/\"},{\"@type\":\"ListItem\",\"position\":3,\"name\":\"MOB &#8211; TANGA TRANSPARENTE CON FORMA DE T ROJO TALLA S\\\/M\"}]},{\"@type\":\"WebSite\",\"@id\":\"https:\\\/\\\/lovme.pt\\\/#website\",\"url\":\"https:\\\/\\\/lovme.pt\\\/\",\"name\":\"Lovme Loja Er\u00f3tica N\u00ba1 em Portugal\",\"description\":\"A melhor loja er\u00f3tica de Portugal.\",\"alternateName\":\"Loja Er\u00f3tica Lovme\",\"potentialAction\":[{\"@type\":\"SearchAction\",\"target\":{\"@type\":\"EntryPoint\",\"urlTemplate\":\"https:\\\/\\\/lovme.pt\\\/?s={search_term_string}\"},\"query-input\":{\"@type\":\"PropertyValueSpecification\",\"valueRequired\":true,\"valueName\":\"search_term_string\"}}],\"inLanguage\":\"pt-PT\"}]}<\/script>\n<!-- \/ Yoast SEO plugin. -->","yoast_head_json":{"title":"MOB - TANGA TRANSPARENTE CON FORMA DE T ROJO TALLA S\/M - Lovme","robots":{"index":"index","follow":"follow","max-snippet":"max-snippet:-1","max-image-preview":"max-image-preview:large","max-video-preview":"max-video-preview:-1"},"canonical":"https:\/\/lovme.pt\/index.php\/produto\/mob-tanga-transparente-vermelha-em-formato-de-t-tamanho-l-xl\/","og_locale":"pt_PT","og_type":"article","og_title":"MOB - TANGA TRANSPARENTE CON FORMA DE T ROJO TALLA S\/M - Lovme","og_description":"MOB - TANGA TRANSPARENTE VERMELHA EM FORMATO DE T TAMANHO L\/XL","og_url":"https:\/\/lovme.pt\/index.php\/produto\/mob-tanga-transparente-vermelha-em-formato-de-t-tamanho-l-xl\/","og_site_name":"Lovme","article_modified_time":"2026-02-19T20:23:29+00:00","og_image":[{"width":900,"height":900,"url":"https:\/\/erki24nd3ub.exactdn.com\/wp-content\/uploads\/dream\/img\/img_207754_9e069e13b99b149a749c1bf731c30be6_1.jpg?strip=all","type":"image\/jpeg"}],"twitter_card":"summary_large_image","twitter_misc":{"Tempo estimado de leitura":"1 minuto"},"schema":{"@context":"https:\/\/schema.org","@graph":[{"@type":"WebPage","@id":"https:\/\/lovme.pt\/index.php\/produto\/mob-tanga-transparente-vermelha-em-formato-de-t-tamanho-l-xl\/","url":"https:\/\/lovme.pt\/index.php\/produto\/mob-tanga-transparente-vermelha-em-formato-de-t-tamanho-l-xl\/","name":"MOB - TANGA TRANSPARENTE CON FORMA DE T ROJO TALLA S\/M - Lovme","isPartOf":{"@id":"https:\/\/lovme.pt\/#website"},"primaryImageOfPage":{"@id":"https:\/\/lovme.pt\/index.php\/produto\/mob-tanga-transparente-vermelha-em-formato-de-t-tamanho-l-xl\/#primaryimage"},"image":{"@id":"https:\/\/lovme.pt\/index.php\/produto\/mob-tanga-transparente-vermelha-em-formato-de-t-tamanho-l-xl\/#primaryimage"},"thumbnailUrl":"https:\/\/erki24nd3ub.exactdn.com\/wp-content\/uploads\/dream\/img\/img_207754_9e069e13b99b149a749c1bf731c30be6_1.jpg?strip=all","datePublished":"2025-10-01T02:53:46+00:00","dateModified":"2026-02-19T20:23:29+00:00","breadcrumb":{"@id":"https:\/\/lovme.pt\/index.php\/produto\/mob-tanga-transparente-vermelha-em-formato-de-t-tamanho-l-xl\/#breadcrumb"},"inLanguage":"pt-PT","potentialAction":[{"@type":"ReadAction","target":["https:\/\/lovme.pt\/index.php\/produto\/mob-tanga-transparente-vermelha-em-formato-de-t-tamanho-l-xl\/"]}]},{"@type":"ImageObject","inLanguage":"pt-PT","@id":"https:\/\/lovme.pt\/index.php\/produto\/mob-tanga-transparente-vermelha-em-formato-de-t-tamanho-l-xl\/#primaryimage","url":"https:\/\/erki24nd3ub.exactdn.com\/wp-content\/uploads\/dream\/img\/img_207754_9e069e13b99b149a749c1bf731c30be6_1.jpg?strip=all","contentUrl":"https:\/\/erki24nd3ub.exactdn.com\/wp-content\/uploads\/dream\/img\/img_207754_9e069e13b99b149a749c1bf731c30be6_1.jpg?strip=all","width":900,"height":900},{"@type":"BreadcrumbList","@id":"https:\/\/lovme.pt\/index.php\/produto\/mob-tanga-transparente-vermelha-em-formato-de-t-tamanho-l-xl\/#breadcrumb","itemListElement":[{"@type":"ListItem","position":1,"name":"In\u00edcio","item":"https:\/\/lovme.pt\/"},{"@type":"ListItem","position":2,"name":"Loja","item":"https:\/\/lovme.pt\/index.php\/loja\/"},{"@type":"ListItem","position":3,"name":"MOB &#8211; TANGA TRANSPARENTE CON FORMA DE T ROJO TALLA S\/M"}]},{"@type":"WebSite","@id":"https:\/\/lovme.pt\/#website","url":"https:\/\/lovme.pt\/","name":"Lovme Loja Er\u00f3tica N\u00ba1 em Portugal","description":"A melhor loja er\u00f3tica de Portugal.","alternateName":"Loja Er\u00f3tica Lovme","potentialAction":[{"@type":"SearchAction","target":{"@type":"EntryPoint","urlTemplate":"https:\/\/lovme.pt\/?s={search_term_string}"},"query-input":{"@type":"PropertyValueSpecification","valueRequired":true,"valueName":"search_term_string"}}],"inLanguage":"pt-PT"}]}},"_links":{"self":[{"href":"https:\/\/lovme.pt\/index.php\/wp-json\/wp\/v2\/product\/52641","targetHints":{"allow":["GET"]}}],"collection":[{"href":"https:\/\/lovme.pt\/index.php\/wp-json\/wp\/v2\/product"}],"about":[{"href":"https:\/\/lovme.pt\/index.php\/wp-json\/wp\/v2\/types\/product"}],"wp:featuredmedia":[{"embeddable":true,"href":"https:\/\/lovme.pt\/index.php\/wp-json\/wp\/v2\/media\/99908"}],"wp:attachment":[{"href":"https:\/\/lovme.pt\/index.php\/wp-json\/wp\/v2\/media?parent=52641"}],"wp:term":[{"taxonomy":"product_brand","embeddable":true,"href":"https:\/\/lovme.pt\/index.php\/wp-json\/wp\/v2\/product_brand?post=52641"},{"taxonomy":"product_cat","embeddable":true,"href":"https:\/\/lovme.pt\/index.php\/wp-json\/wp\/v2\/product_cat?post=52641"},{"taxonomy":"product_tag","embeddable":true,"href":"https:\/\/lovme.pt\/index.php\/wp-json\/wp\/v2\/product_tag?post=52641"}],"curies":[{"name":"wp","href":"https:\/\/api.w.org\/{rel}","templated":true}]}}