{"id":52629,"date":"2025-10-01T02:51:49","date_gmt":"2025-10-01T02:51:49","guid":{"rendered":"https:\/\/lovme.pt\/?post_type=product&#038;p=52629"},"modified":"2026-02-19T20:23:29","modified_gmt":"2026-02-19T20:23:29","slug":"mob-meia-calca-preta-transparente-tamanho-l","status":"publish","type":"product","link":"https:\/\/lovme.pt\/index.php\/produto\/mob-meia-calca-preta-transparente-tamanho-l\/","title":{"rendered":"MOB &#8211; MEDIAS DE MALLAS TRANSPARENTES NEGRAS TALLA S"},"content":{"rendered":"<p>Apresentando as sofisticadas meias de malha da MOB, elaboradas com um design intrincado para equilibrar perfeitamente o conforto e o estilo contempor\u00e2neo. Essas meias foram cuidadosamente criadas para o homem moderno que aprecia os detalhes mais sutis da vida e anseia por acentuar sua silhueta. Produzidas eticamente no cora\u00e7\u00e3o da Col\u00f4mbia, essas meias n\u00e3o s\u00f3 ostentam qualidade, mas tamb\u00e9m contam uma hist\u00f3ria de empoderamento, sendo feitas \u00e0 m\u00e3o por dedicadas chefes de fam\u00edlia. Um testemunho de pr\u00e1ticas sustent\u00e1veis, elas s\u00e3o criadas usando fontes de energia renov\u00e1veis, ecoando nosso compromisso com um futuro mais verde. O toque final nesta obra-prima s\u00e3o os elementos de design canadenses que a diferenciam de qualquer outra no mercado. Cada ponto, cada tom, cada detalhe \u00e9 uma homenagem ao artesanato superior pelo qual a MOB \u00e9 conhecida. Ao cal\u00e7ar essas meias de malha, voc\u00ea n\u00e3o est\u00e1 apenas vestindo uma pe\u00e7a de roupa &#8211; voc\u00ea est\u00e1 fazendo uma declara\u00e7\u00e3o.<\/p>\n<\/p>\n<p> <u><strong>Sobre a marca<\/strong><\/u><\/p>\n<p> A MaleBasics foi fundada em 2003 a partir da necessidade de oferecer aos homens a marca perfeita para qualquer tipo de roupa \u00edntima que prefiram. De roupas esportivas a tangas, cuecas sensuais e trajes de banho; todas as op\u00e7\u00f5es que um homem poderia desejar. N\u00e3o s\u00e3o apenas as mulheres que querem ficar bem em suas roupas \u00edntimas. A MaleBasics entende que os homens querem parecer sensuais e confiantes em suas roupas \u00edntimas. Ao oferecer uma sele\u00e7\u00e3o s\u00f3lida, a marca garante que eles podem fazer exatamente isso. Das confort\u00e1veis cuecas boxer \u00e0s tangas justas ou fio dental; os homens t\u00eam uma variedade de op\u00e7\u00f5es para se vestir para qualquer ocasi\u00e3o.<\/p><\/p>\n","protected":false},"excerpt":{"rendered":"<p>MOB &#8211; MEIA-CAL\u00c7A PRETA TRANSPARENTE TAMANHO L<\/p>\n","protected":false},"featured_media":99509,"template":"","meta":{"_acf_changed":false},"product_brand":[],"product_cat":[47,67],"product_tag":[],"class_list":{"0":"post-52629","1":"product","2":"type-product","3":"status-publish","4":"has-post-thumbnail","6":"product_cat-lingerie","7":"product_cat-lingerie-masculina","8":"yith_product_brand-mob","10":"first","11":"instock","12":"taxable","13":"shipping-taxable","14":"purchasable","15":"product-type-variable","16":"has-default-attributes"},"acf":[],"yoast_head":"<!-- This site is optimized with the Yoast SEO plugin v27.4 - https:\/\/yoast.com\/product\/yoast-seo-wordpress\/ -->\n<title>MOB - MEDIAS DE MALLAS TRANSPARENTES NEGRAS TALLA S - Lovme<\/title>\n<meta name=\"robots\" content=\"index, follow, max-snippet:-1, max-image-preview:large, max-video-preview:-1\" \/>\n<link rel=\"canonical\" href=\"https:\/\/lovme.pt\/index.php\/produto\/mob-meia-calca-preta-transparente-tamanho-l\/\" \/>\n<meta property=\"og:locale\" content=\"pt_PT\" \/>\n<meta property=\"og:type\" content=\"article\" \/>\n<meta property=\"og:title\" content=\"MOB - MEDIAS DE MALLAS TRANSPARENTES NEGRAS TALLA S - Lovme\" \/>\n<meta property=\"og:description\" content=\"MOB - MEIA-CAL\u00c7A PRETA TRANSPARENTE TAMANHO L\" \/>\n<meta property=\"og:url\" content=\"https:\/\/lovme.pt\/index.php\/produto\/mob-meia-calca-preta-transparente-tamanho-l\/\" \/>\n<meta property=\"og:site_name\" content=\"Lovme\" \/>\n<meta property=\"article:modified_time\" content=\"2026-02-19T20:23:29+00:00\" \/>\n<meta property=\"og:image\" content=\"https:\/\/erki24nd3ub.exactdn.com\/wp-content\/uploads\/dream\/img\/img_207702_f0cddc6cdc3a4c682f979a59e69d1867_1.jpg?strip=all\" \/>\n\t<meta property=\"og:image:width\" content=\"900\" \/>\n\t<meta property=\"og:image:height\" content=\"900\" \/>\n\t<meta property=\"og:image:type\" content=\"image\/jpeg\" \/>\n<meta name=\"twitter:card\" content=\"summary_large_image\" \/>\n<meta name=\"twitter:label1\" content=\"Tempo estimado de leitura\" \/>\n\t<meta name=\"twitter:data1\" content=\"1 minuto\" \/>\n<script type=\"application\/ld+json\" class=\"yoast-schema-graph\">{\"@context\":\"https:\\\/\\\/schema.org\",\"@graph\":[{\"@type\":\"WebPage\",\"@id\":\"https:\\\/\\\/lovme.pt\\\/index.php\\\/produto\\\/mob-meia-calca-preta-transparente-tamanho-l\\\/\",\"url\":\"https:\\\/\\\/lovme.pt\\\/index.php\\\/produto\\\/mob-meia-calca-preta-transparente-tamanho-l\\\/\",\"name\":\"MOB - MEDIAS DE MALLAS TRANSPARENTES NEGRAS TALLA S - Lovme\",\"isPartOf\":{\"@id\":\"https:\\\/\\\/lovme.pt\\\/#website\"},\"primaryImageOfPage\":{\"@id\":\"https:\\\/\\\/lovme.pt\\\/index.php\\\/produto\\\/mob-meia-calca-preta-transparente-tamanho-l\\\/#primaryimage\"},\"image\":{\"@id\":\"https:\\\/\\\/lovme.pt\\\/index.php\\\/produto\\\/mob-meia-calca-preta-transparente-tamanho-l\\\/#primaryimage\"},\"thumbnailUrl\":\"https:\\\/\\\/erki24nd3ub.exactdn.com\\\/wp-content\\\/uploads\\\/dream\\\/img\\\/img_207702_f0cddc6cdc3a4c682f979a59e69d1867_1.jpg?strip=all\",\"datePublished\":\"2025-10-01T02:51:49+00:00\",\"dateModified\":\"2026-02-19T20:23:29+00:00\",\"breadcrumb\":{\"@id\":\"https:\\\/\\\/lovme.pt\\\/index.php\\\/produto\\\/mob-meia-calca-preta-transparente-tamanho-l\\\/#breadcrumb\"},\"inLanguage\":\"pt-PT\",\"potentialAction\":[{\"@type\":\"ReadAction\",\"target\":[\"https:\\\/\\\/lovme.pt\\\/index.php\\\/produto\\\/mob-meia-calca-preta-transparente-tamanho-l\\\/\"]}]},{\"@type\":\"ImageObject\",\"inLanguage\":\"pt-PT\",\"@id\":\"https:\\\/\\\/lovme.pt\\\/index.php\\\/produto\\\/mob-meia-calca-preta-transparente-tamanho-l\\\/#primaryimage\",\"url\":\"https:\\\/\\\/erki24nd3ub.exactdn.com\\\/wp-content\\\/uploads\\\/dream\\\/img\\\/img_207702_f0cddc6cdc3a4c682f979a59e69d1867_1.jpg?strip=all\",\"contentUrl\":\"https:\\\/\\\/erki24nd3ub.exactdn.com\\\/wp-content\\\/uploads\\\/dream\\\/img\\\/img_207702_f0cddc6cdc3a4c682f979a59e69d1867_1.jpg?strip=all\",\"width\":900,\"height\":900},{\"@type\":\"BreadcrumbList\",\"@id\":\"https:\\\/\\\/lovme.pt\\\/index.php\\\/produto\\\/mob-meia-calca-preta-transparente-tamanho-l\\\/#breadcrumb\",\"itemListElement\":[{\"@type\":\"ListItem\",\"position\":1,\"name\":\"In\u00edcio\",\"item\":\"https:\\\/\\\/lovme.pt\\\/\"},{\"@type\":\"ListItem\",\"position\":2,\"name\":\"Loja\",\"item\":\"https:\\\/\\\/lovme.pt\\\/index.php\\\/loja\\\/\"},{\"@type\":\"ListItem\",\"position\":3,\"name\":\"MOB &#8211; MEDIAS DE MALLAS TRANSPARENTES NEGRAS TALLA S\"}]},{\"@type\":\"WebSite\",\"@id\":\"https:\\\/\\\/lovme.pt\\\/#website\",\"url\":\"https:\\\/\\\/lovme.pt\\\/\",\"name\":\"Lovme Loja Er\u00f3tica N\u00ba1 em Portugal\",\"description\":\"A melhor loja er\u00f3tica de Portugal.\",\"alternateName\":\"Loja Er\u00f3tica Lovme\",\"potentialAction\":[{\"@type\":\"SearchAction\",\"target\":{\"@type\":\"EntryPoint\",\"urlTemplate\":\"https:\\\/\\\/lovme.pt\\\/?s={search_term_string}\"},\"query-input\":{\"@type\":\"PropertyValueSpecification\",\"valueRequired\":true,\"valueName\":\"search_term_string\"}}],\"inLanguage\":\"pt-PT\"}]}<\/script>\n<!-- \/ Yoast SEO plugin. -->","yoast_head_json":{"title":"MOB - MEDIAS DE MALLAS TRANSPARENTES NEGRAS TALLA S - Lovme","robots":{"index":"index","follow":"follow","max-snippet":"max-snippet:-1","max-image-preview":"max-image-preview:large","max-video-preview":"max-video-preview:-1"},"canonical":"https:\/\/lovme.pt\/index.php\/produto\/mob-meia-calca-preta-transparente-tamanho-l\/","og_locale":"pt_PT","og_type":"article","og_title":"MOB - MEDIAS DE MALLAS TRANSPARENTES NEGRAS TALLA S - Lovme","og_description":"MOB - MEIA-CAL\u00c7A PRETA TRANSPARENTE TAMANHO L","og_url":"https:\/\/lovme.pt\/index.php\/produto\/mob-meia-calca-preta-transparente-tamanho-l\/","og_site_name":"Lovme","article_modified_time":"2026-02-19T20:23:29+00:00","og_image":[{"width":900,"height":900,"url":"https:\/\/erki24nd3ub.exactdn.com\/wp-content\/uploads\/dream\/img\/img_207702_f0cddc6cdc3a4c682f979a59e69d1867_1.jpg?strip=all","type":"image\/jpeg"}],"twitter_card":"summary_large_image","twitter_misc":{"Tempo estimado de leitura":"1 minuto"},"schema":{"@context":"https:\/\/schema.org","@graph":[{"@type":"WebPage","@id":"https:\/\/lovme.pt\/index.php\/produto\/mob-meia-calca-preta-transparente-tamanho-l\/","url":"https:\/\/lovme.pt\/index.php\/produto\/mob-meia-calca-preta-transparente-tamanho-l\/","name":"MOB - MEDIAS DE MALLAS TRANSPARENTES NEGRAS TALLA S - Lovme","isPartOf":{"@id":"https:\/\/lovme.pt\/#website"},"primaryImageOfPage":{"@id":"https:\/\/lovme.pt\/index.php\/produto\/mob-meia-calca-preta-transparente-tamanho-l\/#primaryimage"},"image":{"@id":"https:\/\/lovme.pt\/index.php\/produto\/mob-meia-calca-preta-transparente-tamanho-l\/#primaryimage"},"thumbnailUrl":"https:\/\/erki24nd3ub.exactdn.com\/wp-content\/uploads\/dream\/img\/img_207702_f0cddc6cdc3a4c682f979a59e69d1867_1.jpg?strip=all","datePublished":"2025-10-01T02:51:49+00:00","dateModified":"2026-02-19T20:23:29+00:00","breadcrumb":{"@id":"https:\/\/lovme.pt\/index.php\/produto\/mob-meia-calca-preta-transparente-tamanho-l\/#breadcrumb"},"inLanguage":"pt-PT","potentialAction":[{"@type":"ReadAction","target":["https:\/\/lovme.pt\/index.php\/produto\/mob-meia-calca-preta-transparente-tamanho-l\/"]}]},{"@type":"ImageObject","inLanguage":"pt-PT","@id":"https:\/\/lovme.pt\/index.php\/produto\/mob-meia-calca-preta-transparente-tamanho-l\/#primaryimage","url":"https:\/\/erki24nd3ub.exactdn.com\/wp-content\/uploads\/dream\/img\/img_207702_f0cddc6cdc3a4c682f979a59e69d1867_1.jpg?strip=all","contentUrl":"https:\/\/erki24nd3ub.exactdn.com\/wp-content\/uploads\/dream\/img\/img_207702_f0cddc6cdc3a4c682f979a59e69d1867_1.jpg?strip=all","width":900,"height":900},{"@type":"BreadcrumbList","@id":"https:\/\/lovme.pt\/index.php\/produto\/mob-meia-calca-preta-transparente-tamanho-l\/#breadcrumb","itemListElement":[{"@type":"ListItem","position":1,"name":"In\u00edcio","item":"https:\/\/lovme.pt\/"},{"@type":"ListItem","position":2,"name":"Loja","item":"https:\/\/lovme.pt\/index.php\/loja\/"},{"@type":"ListItem","position":3,"name":"MOB &#8211; MEDIAS DE MALLAS TRANSPARENTES NEGRAS TALLA S"}]},{"@type":"WebSite","@id":"https:\/\/lovme.pt\/#website","url":"https:\/\/lovme.pt\/","name":"Lovme Loja Er\u00f3tica N\u00ba1 em Portugal","description":"A melhor loja er\u00f3tica de Portugal.","alternateName":"Loja Er\u00f3tica Lovme","potentialAction":[{"@type":"SearchAction","target":{"@type":"EntryPoint","urlTemplate":"https:\/\/lovme.pt\/?s={search_term_string}"},"query-input":{"@type":"PropertyValueSpecification","valueRequired":true,"valueName":"search_term_string"}}],"inLanguage":"pt-PT"}]}},"_links":{"self":[{"href":"https:\/\/lovme.pt\/index.php\/wp-json\/wp\/v2\/product\/52629","targetHints":{"allow":["GET"]}}],"collection":[{"href":"https:\/\/lovme.pt\/index.php\/wp-json\/wp\/v2\/product"}],"about":[{"href":"https:\/\/lovme.pt\/index.php\/wp-json\/wp\/v2\/types\/product"}],"wp:featuredmedia":[{"embeddable":true,"href":"https:\/\/lovme.pt\/index.php\/wp-json\/wp\/v2\/media\/99509"}],"wp:attachment":[{"href":"https:\/\/lovme.pt\/index.php\/wp-json\/wp\/v2\/media?parent=52629"}],"wp:term":[{"taxonomy":"product_brand","embeddable":true,"href":"https:\/\/lovme.pt\/index.php\/wp-json\/wp\/v2\/product_brand?post=52629"},{"taxonomy":"product_cat","embeddable":true,"href":"https:\/\/lovme.pt\/index.php\/wp-json\/wp\/v2\/product_cat?post=52629"},{"taxonomy":"product_tag","embeddable":true,"href":"https:\/\/lovme.pt\/index.php\/wp-json\/wp\/v2\/product_tag?post=52629"}],"curies":[{"name":"wp","href":"https:\/\/api.w.org\/{rel}","templated":true}]}}