{"id":52627,"date":"2025-10-01T02:53:31","date_gmt":"2025-10-01T02:53:31","guid":{"rendered":"https:\/\/lovme.pt\/?post_type=product&p=52627"},"modified":"2026-02-19T20:21:56","modified_gmt":"2026-02-19T20:21:56","slug":"mob-tanga-elefante-preta-tamanho-unico","status":"publish","type":"product","link":"https:\/\/lovme.pt\/index.php\/produto\/mob-tanga-elefante-preta-tamanho-unico\/","title":{"rendered":"MOB &#8211; TANGA ELEFANTE PRETA TAMANHO \u00daNICO"},"content":{"rendered":"<p>Entre em um reino de sofistica\u00e7\u00e3o l\u00fadica com a calcinha MOB Elephant Thong. Esta calcinha com design exclusivo apresenta uma cabe\u00e7a de elefante art\u00edstica, transformando sua roupa \u00edntima do dia a dia em uma declara\u00e7\u00e3o ousada. Enquanto seu design caprichoso captura a aten\u00e7\u00e3o, a hist\u00f3ria subjacente de sua cria\u00e7\u00e3o ressoa com valores. Criada nos est\u00fadios de design do Canad\u00e1 e trazida \u00e0 vida na Col\u00f4mbia, Am\u00e9rica do Sul, esta pe\u00e7a celebra o artesanato internacional. A mistura de poli\u00e9ster e Lycra de alta qualidade garante um ajuste confort\u00e1vel, adaptando-se a diferentes contornos do corpo, oferecendo conforto incompar\u00e1vel. O que realmente distingue esta calcinha \u00e9 seu processo de fabrica\u00e7\u00e3o \u00e9tico. Orgulhosamente feita por mulheres colombianas, as principais fontes de renda de suas fam\u00edlias, cada ponto conta uma hist\u00f3ria de empoderamento e resili\u00eancia. Al\u00e9m disso, com sua produ\u00e7\u00e3o alimentada por energia renov\u00e1vel, \u00e9 uma escolha que fala tanto de estilo quanto de sustentabilidade. A calcinha MOB Elephant Thong convida voc\u00ea a abra\u00e7ar a moda caprichosa e consciente do mundo.<\/p>\n<\/p>\n<p> <u><strong>Sobre a marca<\/strong><\/u><\/p>\n<p> A MaleBasics foi fundada em 2003 a partir da necessidade de oferecer aos homens a marca perfeita para qualquer tipo de roupa \u00edntima que prefiram. De roupas esportivas a tangas, cuecas sensuais e trajes de banho; todas as op\u00e7\u00f5es que um homem poderia desejar. N\u00e3o s\u00e3o apenas as mulheres que querem ficar bem em suas roupas \u00edntimas. A MaleBasics entende que os homens querem parecer sensuais e confiantes em suas roupas \u00edntimas. Ao oferecer uma sele\u00e7\u00e3o s\u00f3lida, a marca garante que eles podem fazer exatamente isso. Das confort\u00e1veis cuecas boxer \u00e0s tangas justas ou fio dental; os homens t\u00eam uma variedade de op\u00e7\u00f5es para se vestir para qualquer ocasi\u00e3o.<\/p><\/p>\n","protected":false},"excerpt":{"rendered":"<p>MOB &#8211; TANGA ELEFANTE PRETA TAMANHO \u00daNICO<\/p>\n","protected":false},"featured_media":99861,"template":"","meta":{"_acf_changed":false},"product_brand":[],"product_cat":[47,67],"product_tag":[],"class_list":{"0":"post-52627","1":"product","2":"type-product","3":"status-publish","4":"has-post-thumbnail","6":"product_cat-lingerie","7":"product_cat-lingerie-masculina","8":"yith_product_brand-mob","10":"first","11":"instock","12":"taxable","13":"shipping-taxable","14":"purchasable","15":"product-type-simple"},"acf":[],"yoast_head":"<!-- This site is optimized with the Yoast SEO plugin v27.4 - https:\/\/yoast.com\/product\/yoast-seo-wordpress\/ -->\n<title>MOB - TANGA ELEFANTE PRETA TAMANHO \u00daNICO - Lovme<\/title>\n<meta name=\"robots\" content=\"index, follow, max-snippet:-1, max-image-preview:large, max-video-preview:-1\" \/>\n<link rel=\"canonical\" href=\"https:\/\/lovme.pt\/index.php\/produto\/mob-tanga-elefante-preta-tamanho-unico\/\" \/>\n<meta property=\"og:locale\" content=\"pt_PT\" \/>\n<meta property=\"og:type\" content=\"article\" \/>\n<meta property=\"og:title\" content=\"MOB - TANGA ELEFANTE PRETA TAMANHO \u00daNICO - Lovme\" \/>\n<meta property=\"og:description\" content=\"MOB - TANGA ELEFANTE PRETA TAMANHO \u00daNICO\" \/>\n<meta property=\"og:url\" content=\"https:\/\/lovme.pt\/index.php\/produto\/mob-tanga-elefante-preta-tamanho-unico\/\" \/>\n<meta property=\"og:site_name\" content=\"Lovme\" \/>\n<meta property=\"article:modified_time\" content=\"2026-02-19T20:21:56+00:00\" \/>\n<meta property=\"og:image\" content=\"https:\/\/erki24nd3ub.exactdn.com\/wp-content\/uploads\/dream\/img\/img_207677_da92690e14ab7d7123a9394741f5c9d3_1.jpg?strip=all\" \/>\n\t<meta property=\"og:image:width\" content=\"900\" \/>\n\t<meta property=\"og:image:height\" content=\"900\" \/>\n\t<meta property=\"og:image:type\" content=\"image\/jpeg\" \/>\n<meta name=\"twitter:card\" content=\"summary_large_image\" \/>\n<meta name=\"twitter:label1\" content=\"Tempo estimado de leitura\" \/>\n\t<meta name=\"twitter:data1\" content=\"2 minutos\" \/>\n<script type=\"application\/ld+json\" class=\"yoast-schema-graph\">{\"@context\":\"https:\\\/\\\/schema.org\",\"@graph\":[{\"@type\":\"WebPage\",\"@id\":\"https:\\\/\\\/lovme.pt\\\/index.php\\\/produto\\\/mob-tanga-elefante-preta-tamanho-unico\\\/\",\"url\":\"https:\\\/\\\/lovme.pt\\\/index.php\\\/produto\\\/mob-tanga-elefante-preta-tamanho-unico\\\/\",\"name\":\"MOB - TANGA ELEFANTE PRETA TAMANHO \u00daNICO - Lovme\",\"isPartOf\":{\"@id\":\"https:\\\/\\\/lovme.pt\\\/#website\"},\"primaryImageOfPage\":{\"@id\":\"https:\\\/\\\/lovme.pt\\\/index.php\\\/produto\\\/mob-tanga-elefante-preta-tamanho-unico\\\/#primaryimage\"},\"image\":{\"@id\":\"https:\\\/\\\/lovme.pt\\\/index.php\\\/produto\\\/mob-tanga-elefante-preta-tamanho-unico\\\/#primaryimage\"},\"thumbnailUrl\":\"https:\\\/\\\/erki24nd3ub.exactdn.com\\\/wp-content\\\/uploads\\\/dream\\\/img\\\/img_207677_da92690e14ab7d7123a9394741f5c9d3_1.jpg?strip=all\",\"datePublished\":\"2025-10-01T02:53:31+00:00\",\"dateModified\":\"2026-02-19T20:21:56+00:00\",\"breadcrumb\":{\"@id\":\"https:\\\/\\\/lovme.pt\\\/index.php\\\/produto\\\/mob-tanga-elefante-preta-tamanho-unico\\\/#breadcrumb\"},\"inLanguage\":\"pt-PT\",\"potentialAction\":[{\"@type\":\"ReadAction\",\"target\":[\"https:\\\/\\\/lovme.pt\\\/index.php\\\/produto\\\/mob-tanga-elefante-preta-tamanho-unico\\\/\"]}]},{\"@type\":\"ImageObject\",\"inLanguage\":\"pt-PT\",\"@id\":\"https:\\\/\\\/lovme.pt\\\/index.php\\\/produto\\\/mob-tanga-elefante-preta-tamanho-unico\\\/#primaryimage\",\"url\":\"https:\\\/\\\/erki24nd3ub.exactdn.com\\\/wp-content\\\/uploads\\\/dream\\\/img\\\/img_207677_da92690e14ab7d7123a9394741f5c9d3_1.jpg?strip=all\",\"contentUrl\":\"https:\\\/\\\/erki24nd3ub.exactdn.com\\\/wp-content\\\/uploads\\\/dream\\\/img\\\/img_207677_da92690e14ab7d7123a9394741f5c9d3_1.jpg?strip=all\",\"width\":900,\"height\":900},{\"@type\":\"BreadcrumbList\",\"@id\":\"https:\\\/\\\/lovme.pt\\\/index.php\\\/produto\\\/mob-tanga-elefante-preta-tamanho-unico\\\/#breadcrumb\",\"itemListElement\":[{\"@type\":\"ListItem\",\"position\":1,\"name\":\"In\u00edcio\",\"item\":\"https:\\\/\\\/lovme.pt\\\/\"},{\"@type\":\"ListItem\",\"position\":2,\"name\":\"Loja\",\"item\":\"https:\\\/\\\/lovme.pt\\\/index.php\\\/loja\\\/\"},{\"@type\":\"ListItem\",\"position\":3,\"name\":\"MOB &#8211; TANGA ELEFANTE PRETA TAMANHO \u00daNICO\"}]},{\"@type\":\"WebSite\",\"@id\":\"https:\\\/\\\/lovme.pt\\\/#website\",\"url\":\"https:\\\/\\\/lovme.pt\\\/\",\"name\":\"Lovme Loja Er\u00f3tica N\u00ba1 em Portugal\",\"description\":\"A melhor loja er\u00f3tica de Portugal.\",\"alternateName\":\"Loja Er\u00f3tica Lovme\",\"potentialAction\":[{\"@type\":\"SearchAction\",\"target\":{\"@type\":\"EntryPoint\",\"urlTemplate\":\"https:\\\/\\\/lovme.pt\\\/?s={search_term_string}\"},\"query-input\":{\"@type\":\"PropertyValueSpecification\",\"valueRequired\":true,\"valueName\":\"search_term_string\"}}],\"inLanguage\":\"pt-PT\"}]}<\/script>\n<!-- \/ Yoast SEO plugin. -->","yoast_head_json":{"title":"MOB - TANGA ELEFANTE PRETA TAMANHO \u00daNICO - Lovme","robots":{"index":"index","follow":"follow","max-snippet":"max-snippet:-1","max-image-preview":"max-image-preview:large","max-video-preview":"max-video-preview:-1"},"canonical":"https:\/\/lovme.pt\/index.php\/produto\/mob-tanga-elefante-preta-tamanho-unico\/","og_locale":"pt_PT","og_type":"article","og_title":"MOB - TANGA ELEFANTE PRETA TAMANHO \u00daNICO - Lovme","og_description":"MOB - TANGA ELEFANTE PRETA TAMANHO \u00daNICO","og_url":"https:\/\/lovme.pt\/index.php\/produto\/mob-tanga-elefante-preta-tamanho-unico\/","og_site_name":"Lovme","article_modified_time":"2026-02-19T20:21:56+00:00","og_image":[{"width":900,"height":900,"url":"https:\/\/erki24nd3ub.exactdn.com\/wp-content\/uploads\/dream\/img\/img_207677_da92690e14ab7d7123a9394741f5c9d3_1.jpg?strip=all","type":"image\/jpeg"}],"twitter_card":"summary_large_image","twitter_misc":{"Tempo estimado de leitura":"2 minutos"},"schema":{"@context":"https:\/\/schema.org","@graph":[{"@type":"WebPage","@id":"https:\/\/lovme.pt\/index.php\/produto\/mob-tanga-elefante-preta-tamanho-unico\/","url":"https:\/\/lovme.pt\/index.php\/produto\/mob-tanga-elefante-preta-tamanho-unico\/","name":"MOB - TANGA ELEFANTE PRETA TAMANHO \u00daNICO - Lovme","isPartOf":{"@id":"https:\/\/lovme.pt\/#website"},"primaryImageOfPage":{"@id":"https:\/\/lovme.pt\/index.php\/produto\/mob-tanga-elefante-preta-tamanho-unico\/#primaryimage"},"image":{"@id":"https:\/\/lovme.pt\/index.php\/produto\/mob-tanga-elefante-preta-tamanho-unico\/#primaryimage"},"thumbnailUrl":"https:\/\/erki24nd3ub.exactdn.com\/wp-content\/uploads\/dream\/img\/img_207677_da92690e14ab7d7123a9394741f5c9d3_1.jpg?strip=all","datePublished":"2025-10-01T02:53:31+00:00","dateModified":"2026-02-19T20:21:56+00:00","breadcrumb":{"@id":"https:\/\/lovme.pt\/index.php\/produto\/mob-tanga-elefante-preta-tamanho-unico\/#breadcrumb"},"inLanguage":"pt-PT","potentialAction":[{"@type":"ReadAction","target":["https:\/\/lovme.pt\/index.php\/produto\/mob-tanga-elefante-preta-tamanho-unico\/"]}]},{"@type":"ImageObject","inLanguage":"pt-PT","@id":"https:\/\/lovme.pt\/index.php\/produto\/mob-tanga-elefante-preta-tamanho-unico\/#primaryimage","url":"https:\/\/erki24nd3ub.exactdn.com\/wp-content\/uploads\/dream\/img\/img_207677_da92690e14ab7d7123a9394741f5c9d3_1.jpg?strip=all","contentUrl":"https:\/\/erki24nd3ub.exactdn.com\/wp-content\/uploads\/dream\/img\/img_207677_da92690e14ab7d7123a9394741f5c9d3_1.jpg?strip=all","width":900,"height":900},{"@type":"BreadcrumbList","@id":"https:\/\/lovme.pt\/index.php\/produto\/mob-tanga-elefante-preta-tamanho-unico\/#breadcrumb","itemListElement":[{"@type":"ListItem","position":1,"name":"In\u00edcio","item":"https:\/\/lovme.pt\/"},{"@type":"ListItem","position":2,"name":"Loja","item":"https:\/\/lovme.pt\/index.php\/loja\/"},{"@type":"ListItem","position":3,"name":"MOB &#8211; TANGA ELEFANTE PRETA TAMANHO \u00daNICO"}]},{"@type":"WebSite","@id":"https:\/\/lovme.pt\/#website","url":"https:\/\/lovme.pt\/","name":"Lovme Loja Er\u00f3tica N\u00ba1 em Portugal","description":"A melhor loja er\u00f3tica de Portugal.","alternateName":"Loja Er\u00f3tica Lovme","potentialAction":[{"@type":"SearchAction","target":{"@type":"EntryPoint","urlTemplate":"https:\/\/lovme.pt\/?s={search_term_string}"},"query-input":{"@type":"PropertyValueSpecification","valueRequired":true,"valueName":"search_term_string"}}],"inLanguage":"pt-PT"}]}},"_links":{"self":[{"href":"https:\/\/lovme.pt\/index.php\/wp-json\/wp\/v2\/product\/52627","targetHints":{"allow":["GET"]}}],"collection":[{"href":"https:\/\/lovme.pt\/index.php\/wp-json\/wp\/v2\/product"}],"about":[{"href":"https:\/\/lovme.pt\/index.php\/wp-json\/wp\/v2\/types\/product"}],"wp:featuredmedia":[{"embeddable":true,"href":"https:\/\/lovme.pt\/index.php\/wp-json\/wp\/v2\/media\/99861"}],"wp:attachment":[{"href":"https:\/\/lovme.pt\/index.php\/wp-json\/wp\/v2\/media?parent=52627"}],"wp:term":[{"taxonomy":"product_brand","embeddable":true,"href":"https:\/\/lovme.pt\/index.php\/wp-json\/wp\/v2\/product_brand?post=52627"},{"taxonomy":"product_cat","embeddable":true,"href":"https:\/\/lovme.pt\/index.php\/wp-json\/wp\/v2\/product_cat?post=52627"},{"taxonomy":"product_tag","embeddable":true,"href":"https:\/\/lovme.pt\/index.php\/wp-json\/wp\/v2\/product_tag?post=52627"}],"curies":[{"name":"wp","href":"https:\/\/api.w.org\/{rel}","templated":true}]}}