{"id":52514,"date":"2025-10-01T03:08:59","date_gmt":"2025-10-01T03:08:59","guid":{"rendered":"https:\/\/lovme.pt\/?post_type=product&p=52514"},"modified":"2026-02-19T20:22:27","modified_gmt":"2026-02-19T20:22:27","slug":"mob-dngeon-cross-back-harness-verde-tamanho-unico","status":"publish","type":"product","link":"https:\/\/lovme.pt\/index.php\/produto\/mob-dngeon-cross-back-harness-verde-tamanho-unico\/","title":{"rendered":"MOB &#8211; DNGEON CROSS BACK HARNESS VERDE TAMANHO \u00daNICO"},"content":{"rendered":"<p>Oferecendo total suporte e conforto, o Cross Back Elastic Harness \u00e9 um arn\u00eas macio de microfibra em material el\u00e1stico. Al\u00e9m de se ajustar perfeitamente ao seu corpo, proporciona uma sensa\u00e7\u00e3o de seguran\u00e7a gra\u00e7as ao seu fecho cruzado nas costas. A parte frontal aberta \u00e9 ainda mais valorizada por argolas met\u00e1licas.<\/p>\n<p> <u><strong>Material<\/strong><\/u><\/p>\n<ul>\n<li> 65% Poliuretano<\/li>\n<li> 35% viscose de rayon<\/li>\n<li> Metal<\/li>\n<\/ul>\n<p> <u><strong>Sobre a marca<\/strong><\/u><\/p>\n<p> A MaleBasics foi fundada em 2003 a partir da necessidade de oferecer aos homens a marca perfeita para qualquer tipo de roupa \u00edntima que eles prefiram. De roupas esportivas a tangas, cuecas sensuais e trajes de banho; todas as op\u00e7\u00f5es que um homem poderia desejar. N\u00e3o s\u00e3o apenas as mulheres que querem ficar bem em suas roupas \u00edntimas. A MaleBasics entende que os homens querem parecer sensuais e confiantes em suas roupas \u00edntimas. Ao oferecer uma sele\u00e7\u00e3o s\u00f3lida, a marca garante que eles podem fazer exatamente isso. De cuecas boxer confort\u00e1veis a tangas ou tangas justas, os homens t\u00eam uma variedade de op\u00e7\u00f5es para se vestir em qualquer ocasi\u00e3o.<\/p>\n","protected":false},"excerpt":{"rendered":"<p>MOB &#8211; DNGEON CROSS BACK HARNESS VERDE TAMANHO \u00daNICO<\/p>\n","protected":false},"featured_media":101826,"template":"","meta":{"_acf_changed":false},"product_brand":[],"product_cat":[47,67],"product_tag":[],"class_list":{"0":"post-52514","1":"product","2":"type-product","3":"status-publish","4":"has-post-thumbnail","6":"product_cat-lingerie","7":"product_cat-lingerie-masculina","8":"yith_product_brand-mob","10":"first","11":"instock","12":"taxable","13":"shipping-taxable","14":"purchasable","15":"product-type-simple"},"acf":[],"yoast_head":"<!-- This site is optimized with the Yoast SEO plugin v27.4 - https:\/\/yoast.com\/product\/yoast-seo-wordpress\/ -->\n<title>MOB - DNGEON CROSS BACK HARNESS VERDE TAMANHO \u00daNICO - Lovme<\/title>\n<meta name=\"robots\" content=\"index, follow, max-snippet:-1, max-image-preview:large, max-video-preview:-1\" \/>\n<link rel=\"canonical\" href=\"https:\/\/lovme.pt\/index.php\/produto\/mob-dngeon-cross-back-harness-verde-tamanho-unico\/\" \/>\n<meta property=\"og:locale\" content=\"pt_PT\" \/>\n<meta property=\"og:type\" content=\"article\" \/>\n<meta property=\"og:title\" content=\"MOB - DNGEON CROSS BACK HARNESS VERDE TAMANHO \u00daNICO - Lovme\" \/>\n<meta property=\"og:description\" content=\"MOB - DNGEON CROSS BACK HARNESS VERDE TAMANHO \u00daNICO\" \/>\n<meta property=\"og:url\" content=\"https:\/\/lovme.pt\/index.php\/produto\/mob-dngeon-cross-back-harness-verde-tamanho-unico\/\" \/>\n<meta property=\"og:site_name\" content=\"Lovme\" \/>\n<meta property=\"article:modified_time\" content=\"2026-02-19T20:22:27+00:00\" \/>\n<meta property=\"og:image\" content=\"https:\/\/erki24nd3ub.exactdn.com\/wp-content\/uploads\/dream\/img\/img_206801_87a7715a7cd15b346999124b5766bdc7_1.jpg?strip=all\" \/>\n\t<meta property=\"og:image:width\" content=\"900\" \/>\n\t<meta property=\"og:image:height\" content=\"900\" \/>\n\t<meta property=\"og:image:type\" content=\"image\/jpeg\" \/>\n<meta name=\"twitter:card\" content=\"summary_large_image\" \/>\n<meta name=\"twitter:label1\" content=\"Tempo estimado de leitura\" \/>\n\t<meta name=\"twitter:data1\" content=\"1 minuto\" \/>\n<script type=\"application\/ld+json\" class=\"yoast-schema-graph\">{\"@context\":\"https:\\\/\\\/schema.org\",\"@graph\":[{\"@type\":\"WebPage\",\"@id\":\"https:\\\/\\\/lovme.pt\\\/index.php\\\/produto\\\/mob-dngeon-cross-back-harness-verde-tamanho-unico\\\/\",\"url\":\"https:\\\/\\\/lovme.pt\\\/index.php\\\/produto\\\/mob-dngeon-cross-back-harness-verde-tamanho-unico\\\/\",\"name\":\"MOB - DNGEON CROSS BACK HARNESS VERDE TAMANHO \u00daNICO - Lovme\",\"isPartOf\":{\"@id\":\"https:\\\/\\\/lovme.pt\\\/#website\"},\"primaryImageOfPage\":{\"@id\":\"https:\\\/\\\/lovme.pt\\\/index.php\\\/produto\\\/mob-dngeon-cross-back-harness-verde-tamanho-unico\\\/#primaryimage\"},\"image\":{\"@id\":\"https:\\\/\\\/lovme.pt\\\/index.php\\\/produto\\\/mob-dngeon-cross-back-harness-verde-tamanho-unico\\\/#primaryimage\"},\"thumbnailUrl\":\"https:\\\/\\\/erki24nd3ub.exactdn.com\\\/wp-content\\\/uploads\\\/dream\\\/img\\\/img_206801_87a7715a7cd15b346999124b5766bdc7_1.jpg?strip=all\",\"datePublished\":\"2025-10-01T03:08:59+00:00\",\"dateModified\":\"2026-02-19T20:22:27+00:00\",\"breadcrumb\":{\"@id\":\"https:\\\/\\\/lovme.pt\\\/index.php\\\/produto\\\/mob-dngeon-cross-back-harness-verde-tamanho-unico\\\/#breadcrumb\"},\"inLanguage\":\"pt-PT\",\"potentialAction\":[{\"@type\":\"ReadAction\",\"target\":[\"https:\\\/\\\/lovme.pt\\\/index.php\\\/produto\\\/mob-dngeon-cross-back-harness-verde-tamanho-unico\\\/\"]}]},{\"@type\":\"ImageObject\",\"inLanguage\":\"pt-PT\",\"@id\":\"https:\\\/\\\/lovme.pt\\\/index.php\\\/produto\\\/mob-dngeon-cross-back-harness-verde-tamanho-unico\\\/#primaryimage\",\"url\":\"https:\\\/\\\/erki24nd3ub.exactdn.com\\\/wp-content\\\/uploads\\\/dream\\\/img\\\/img_206801_87a7715a7cd15b346999124b5766bdc7_1.jpg?strip=all\",\"contentUrl\":\"https:\\\/\\\/erki24nd3ub.exactdn.com\\\/wp-content\\\/uploads\\\/dream\\\/img\\\/img_206801_87a7715a7cd15b346999124b5766bdc7_1.jpg?strip=all\",\"width\":900,\"height\":900},{\"@type\":\"BreadcrumbList\",\"@id\":\"https:\\\/\\\/lovme.pt\\\/index.php\\\/produto\\\/mob-dngeon-cross-back-harness-verde-tamanho-unico\\\/#breadcrumb\",\"itemListElement\":[{\"@type\":\"ListItem\",\"position\":1,\"name\":\"In\u00edcio\",\"item\":\"https:\\\/\\\/lovme.pt\\\/\"},{\"@type\":\"ListItem\",\"position\":2,\"name\":\"Loja\",\"item\":\"https:\\\/\\\/lovme.pt\\\/index.php\\\/loja\\\/\"},{\"@type\":\"ListItem\",\"position\":3,\"name\":\"MOB &#8211; DNGEON CROSS BACK HARNESS VERDE TAMANHO \u00daNICO\"}]},{\"@type\":\"WebSite\",\"@id\":\"https:\\\/\\\/lovme.pt\\\/#website\",\"url\":\"https:\\\/\\\/lovme.pt\\\/\",\"name\":\"Lovme Loja Er\u00f3tica N\u00ba1 em Portugal\",\"description\":\"A melhor loja er\u00f3tica de Portugal.\",\"alternateName\":\"Loja Er\u00f3tica Lovme\",\"potentialAction\":[{\"@type\":\"SearchAction\",\"target\":{\"@type\":\"EntryPoint\",\"urlTemplate\":\"https:\\\/\\\/lovme.pt\\\/?s={search_term_string}\"},\"query-input\":{\"@type\":\"PropertyValueSpecification\",\"valueRequired\":true,\"valueName\":\"search_term_string\"}}],\"inLanguage\":\"pt-PT\"}]}<\/script>\n<!-- \/ Yoast SEO plugin. -->","yoast_head_json":{"title":"MOB - DNGEON CROSS BACK HARNESS VERDE TAMANHO \u00daNICO - Lovme","robots":{"index":"index","follow":"follow","max-snippet":"max-snippet:-1","max-image-preview":"max-image-preview:large","max-video-preview":"max-video-preview:-1"},"canonical":"https:\/\/lovme.pt\/index.php\/produto\/mob-dngeon-cross-back-harness-verde-tamanho-unico\/","og_locale":"pt_PT","og_type":"article","og_title":"MOB - DNGEON CROSS BACK HARNESS VERDE TAMANHO \u00daNICO - Lovme","og_description":"MOB - DNGEON CROSS BACK HARNESS VERDE TAMANHO \u00daNICO","og_url":"https:\/\/lovme.pt\/index.php\/produto\/mob-dngeon-cross-back-harness-verde-tamanho-unico\/","og_site_name":"Lovme","article_modified_time":"2026-02-19T20:22:27+00:00","og_image":[{"width":900,"height":900,"url":"https:\/\/erki24nd3ub.exactdn.com\/wp-content\/uploads\/dream\/img\/img_206801_87a7715a7cd15b346999124b5766bdc7_1.jpg?strip=all","type":"image\/jpeg"}],"twitter_card":"summary_large_image","twitter_misc":{"Tempo estimado de leitura":"1 minuto"},"schema":{"@context":"https:\/\/schema.org","@graph":[{"@type":"WebPage","@id":"https:\/\/lovme.pt\/index.php\/produto\/mob-dngeon-cross-back-harness-verde-tamanho-unico\/","url":"https:\/\/lovme.pt\/index.php\/produto\/mob-dngeon-cross-back-harness-verde-tamanho-unico\/","name":"MOB - DNGEON CROSS BACK HARNESS VERDE TAMANHO \u00daNICO - Lovme","isPartOf":{"@id":"https:\/\/lovme.pt\/#website"},"primaryImageOfPage":{"@id":"https:\/\/lovme.pt\/index.php\/produto\/mob-dngeon-cross-back-harness-verde-tamanho-unico\/#primaryimage"},"image":{"@id":"https:\/\/lovme.pt\/index.php\/produto\/mob-dngeon-cross-back-harness-verde-tamanho-unico\/#primaryimage"},"thumbnailUrl":"https:\/\/erki24nd3ub.exactdn.com\/wp-content\/uploads\/dream\/img\/img_206801_87a7715a7cd15b346999124b5766bdc7_1.jpg?strip=all","datePublished":"2025-10-01T03:08:59+00:00","dateModified":"2026-02-19T20:22:27+00:00","breadcrumb":{"@id":"https:\/\/lovme.pt\/index.php\/produto\/mob-dngeon-cross-back-harness-verde-tamanho-unico\/#breadcrumb"},"inLanguage":"pt-PT","potentialAction":[{"@type":"ReadAction","target":["https:\/\/lovme.pt\/index.php\/produto\/mob-dngeon-cross-back-harness-verde-tamanho-unico\/"]}]},{"@type":"ImageObject","inLanguage":"pt-PT","@id":"https:\/\/lovme.pt\/index.php\/produto\/mob-dngeon-cross-back-harness-verde-tamanho-unico\/#primaryimage","url":"https:\/\/erki24nd3ub.exactdn.com\/wp-content\/uploads\/dream\/img\/img_206801_87a7715a7cd15b346999124b5766bdc7_1.jpg?strip=all","contentUrl":"https:\/\/erki24nd3ub.exactdn.com\/wp-content\/uploads\/dream\/img\/img_206801_87a7715a7cd15b346999124b5766bdc7_1.jpg?strip=all","width":900,"height":900},{"@type":"BreadcrumbList","@id":"https:\/\/lovme.pt\/index.php\/produto\/mob-dngeon-cross-back-harness-verde-tamanho-unico\/#breadcrumb","itemListElement":[{"@type":"ListItem","position":1,"name":"In\u00edcio","item":"https:\/\/lovme.pt\/"},{"@type":"ListItem","position":2,"name":"Loja","item":"https:\/\/lovme.pt\/index.php\/loja\/"},{"@type":"ListItem","position":3,"name":"MOB &#8211; DNGEON CROSS BACK HARNESS VERDE TAMANHO \u00daNICO"}]},{"@type":"WebSite","@id":"https:\/\/lovme.pt\/#website","url":"https:\/\/lovme.pt\/","name":"Lovme Loja Er\u00f3tica N\u00ba1 em Portugal","description":"A melhor loja er\u00f3tica de Portugal.","alternateName":"Loja Er\u00f3tica Lovme","potentialAction":[{"@type":"SearchAction","target":{"@type":"EntryPoint","urlTemplate":"https:\/\/lovme.pt\/?s={search_term_string}"},"query-input":{"@type":"PropertyValueSpecification","valueRequired":true,"valueName":"search_term_string"}}],"inLanguage":"pt-PT"}]}},"_links":{"self":[{"href":"https:\/\/lovme.pt\/index.php\/wp-json\/wp\/v2\/product\/52514","targetHints":{"allow":["GET"]}}],"collection":[{"href":"https:\/\/lovme.pt\/index.php\/wp-json\/wp\/v2\/product"}],"about":[{"href":"https:\/\/lovme.pt\/index.php\/wp-json\/wp\/v2\/types\/product"}],"wp:featuredmedia":[{"embeddable":true,"href":"https:\/\/lovme.pt\/index.php\/wp-json\/wp\/v2\/media\/101826"}],"wp:attachment":[{"href":"https:\/\/lovme.pt\/index.php\/wp-json\/wp\/v2\/media?parent=52514"}],"wp:term":[{"taxonomy":"product_brand","embeddable":true,"href":"https:\/\/lovme.pt\/index.php\/wp-json\/wp\/v2\/product_brand?post=52514"},{"taxonomy":"product_cat","embeddable":true,"href":"https:\/\/lovme.pt\/index.php\/wp-json\/wp\/v2\/product_cat?post=52514"},{"taxonomy":"product_tag","embeddable":true,"href":"https:\/\/lovme.pt\/index.php\/wp-json\/wp\/v2\/product_tag?post=52514"}],"curies":[{"name":"wp","href":"https:\/\/api.w.org\/{rel}","templated":true}]}}