{"id":52383,"date":"2025-09-30T22:07:32","date_gmt":"2025-09-30T22:07:32","guid":{"rendered":"https:\/\/lovme.pt\/?post_type=product&p=52383"},"modified":"2026-02-19T20:09:13","modified_gmt":"2026-02-19T20:09:13","slug":"intense-bala-vibratoria-escarlate-demonio-vermelho-93-x-24-cm","status":"publish","type":"product","link":"https:\/\/lovme.pt\/index.php\/produto\/intense-bala-vibratoria-escarlate-demonio-vermelho-93-x-24-cm\/","title":{"rendered":"INTENSE &#8211; BALA VIBRAT\u00d3RIA ESCARLATE DEM\u00d4NIO VERMELHO 9,3 X 2,4 CM"},"content":{"rendered":"<p>Aproveite essa vibe mini perversa onde quer que voc\u00ea v\u00e1 em busca de prazer.<\/p>\n<p>Pequeno o suficiente para caber na sua bolsa, feito de silicone premium macio e bonito, sua cauda bifurcada e vibra\u00e7\u00f5es de chifre v\u00e3o fazer voc\u00ea corar.<\/p>\n<p>O bot\u00e3o de um clique da bala pode ser facilmente ligado e desligado pressionando o bot\u00e3o na parte inferior do brinquedo. Desparafuse a base para trocar as pilhas.<\/p>\n<p>Caracter\u00edsticas:<\/p>\n<ul>\n<li>Medidas: 93 X 24 mm<\/li>\n<li>Material: ABS, Silicone<\/li>\n<li>\u00c0 prova d\u00e1gua\/submers\u00edvel, classifica\u00e7\u00e3o IPX6<\/li>\n<li>Sem ftalatos<\/li>\n<li>Pilhas: incl. &#8211; 3x LR44<\/li>\n<li>Velocidade poderosa<\/li>\n<li>Submers\u00edvel, classifica\u00e7\u00e3o IPX6<\/li>\n<\/ul>\n<p>Silicone hipoalerg\u00eanico e ecol\u00f3gico que proporciona uma sensa\u00e7\u00e3o sedosa \u00fanica.<\/p>\n","protected":false},"excerpt":{"rendered":"<p>INTENSE &#8211; BALA VIBRAT\u00d3RIA ESCARLATE DEM\u00d4NIO VERMELHO 9,3 X 2,4 CM<\/p>\n","protected":false},"featured_media":74206,"template":"","meta":{"_acf_changed":false},"product_brand":[],"product_cat":[17,61],"product_tag":[],"class_list":{"0":"post-52383","1":"product","2":"type-product","3":"status-publish","4":"has-post-thumbnail","6":"product_cat-brinquedos-de-bem-estar-sexual","7":"product_cat-para-elas","8":"yith_product_brand-intense","9":"yith_product_brand-intenseintense-toysintense-fun","10":"yith_product_brand-intenseintense-toys","12":"first","13":"instock","14":"taxable","15":"shipping-taxable","16":"purchasable","17":"product-type-simple"},"acf":[],"yoast_head":"<!-- This site is optimized with the Yoast SEO plugin v27.4 - https:\/\/yoast.com\/product\/yoast-seo-wordpress\/ -->\n<title>INTENSE - BALA VIBRAT\u00d3RIA ESCARLATE DEM\u00d4NIO VERMELHO 9,3 X 2,4 CM - Lovme<\/title>\n<meta name=\"robots\" content=\"index, follow, max-snippet:-1, max-image-preview:large, max-video-preview:-1\" \/>\n<link rel=\"canonical\" href=\"https:\/\/lovme.pt\/index.php\/produto\/intense-bala-vibratoria-escarlate-demonio-vermelho-93-x-24-cm\/\" \/>\n<meta property=\"og:locale\" content=\"pt_PT\" \/>\n<meta property=\"og:type\" content=\"article\" \/>\n<meta property=\"og:title\" content=\"INTENSE - BALA VIBRAT\u00d3RIA ESCARLATE DEM\u00d4NIO VERMELHO 9,3 X 2,4 CM - Lovme\" \/>\n<meta property=\"og:description\" content=\"INTENSE - BALA VIBRAT\u00d3RIA ESCARLATE DEM\u00d4NIO VERMELHO 9,3 X 2,4 CM\" \/>\n<meta property=\"og:url\" content=\"https:\/\/lovme.pt\/index.php\/produto\/intense-bala-vibratoria-escarlate-demonio-vermelho-93-x-24-cm\/\" \/>\n<meta property=\"og:site_name\" content=\"Lovme\" \/>\n<meta property=\"article:modified_time\" content=\"2026-02-19T20:09:13+00:00\" \/>\n<meta property=\"og:image\" content=\"https:\/\/erki24nd3ub.exactdn.com\/wp-content\/uploads\/dream\/img\/img_206266_816ebe3670efd5c99fef3702d56a7841_1.png?strip=all\" \/>\n\t<meta property=\"og:image:width\" content=\"900\" \/>\n\t<meta property=\"og:image:height\" content=\"900\" \/>\n\t<meta property=\"og:image:type\" content=\"image\/png\" \/>\n<meta name=\"twitter:card\" content=\"summary_large_image\" \/>\n<meta name=\"twitter:label1\" content=\"Tempo estimado de leitura\" \/>\n\t<meta name=\"twitter:data1\" content=\"1 minuto\" \/>\n<script type=\"application\/ld+json\" class=\"yoast-schema-graph\">{\"@context\":\"https:\\\/\\\/schema.org\",\"@graph\":[{\"@type\":\"WebPage\",\"@id\":\"https:\\\/\\\/lovme.pt\\\/index.php\\\/produto\\\/intense-bala-vibratoria-escarlate-demonio-vermelho-93-x-24-cm\\\/\",\"url\":\"https:\\\/\\\/lovme.pt\\\/index.php\\\/produto\\\/intense-bala-vibratoria-escarlate-demonio-vermelho-93-x-24-cm\\\/\",\"name\":\"INTENSE - BALA VIBRAT\u00d3RIA ESCARLATE DEM\u00d4NIO VERMELHO 9,3 X 2,4 CM - Lovme\",\"isPartOf\":{\"@id\":\"https:\\\/\\\/lovme.pt\\\/#website\"},\"primaryImageOfPage\":{\"@id\":\"https:\\\/\\\/lovme.pt\\\/index.php\\\/produto\\\/intense-bala-vibratoria-escarlate-demonio-vermelho-93-x-24-cm\\\/#primaryimage\"},\"image\":{\"@id\":\"https:\\\/\\\/lovme.pt\\\/index.php\\\/produto\\\/intense-bala-vibratoria-escarlate-demonio-vermelho-93-x-24-cm\\\/#primaryimage\"},\"thumbnailUrl\":\"https:\\\/\\\/erki24nd3ub.exactdn.com\\\/wp-content\\\/uploads\\\/dream\\\/img\\\/img_206266_816ebe3670efd5c99fef3702d56a7841_1.png?strip=all\",\"datePublished\":\"2025-09-30T22:07:32+00:00\",\"dateModified\":\"2026-02-19T20:09:13+00:00\",\"breadcrumb\":{\"@id\":\"https:\\\/\\\/lovme.pt\\\/index.php\\\/produto\\\/intense-bala-vibratoria-escarlate-demonio-vermelho-93-x-24-cm\\\/#breadcrumb\"},\"inLanguage\":\"pt-PT\",\"potentialAction\":[{\"@type\":\"ReadAction\",\"target\":[\"https:\\\/\\\/lovme.pt\\\/index.php\\\/produto\\\/intense-bala-vibratoria-escarlate-demonio-vermelho-93-x-24-cm\\\/\"]}]},{\"@type\":\"ImageObject\",\"inLanguage\":\"pt-PT\",\"@id\":\"https:\\\/\\\/lovme.pt\\\/index.php\\\/produto\\\/intense-bala-vibratoria-escarlate-demonio-vermelho-93-x-24-cm\\\/#primaryimage\",\"url\":\"https:\\\/\\\/erki24nd3ub.exactdn.com\\\/wp-content\\\/uploads\\\/dream\\\/img\\\/img_206266_816ebe3670efd5c99fef3702d56a7841_1.png?strip=all\",\"contentUrl\":\"https:\\\/\\\/erki24nd3ub.exactdn.com\\\/wp-content\\\/uploads\\\/dream\\\/img\\\/img_206266_816ebe3670efd5c99fef3702d56a7841_1.png?strip=all\",\"width\":900,\"height\":900},{\"@type\":\"BreadcrumbList\",\"@id\":\"https:\\\/\\\/lovme.pt\\\/index.php\\\/produto\\\/intense-bala-vibratoria-escarlate-demonio-vermelho-93-x-24-cm\\\/#breadcrumb\",\"itemListElement\":[{\"@type\":\"ListItem\",\"position\":1,\"name\":\"In\u00edcio\",\"item\":\"https:\\\/\\\/lovme.pt\\\/\"},{\"@type\":\"ListItem\",\"position\":2,\"name\":\"Loja\",\"item\":\"https:\\\/\\\/lovme.pt\\\/index.php\\\/loja\\\/\"},{\"@type\":\"ListItem\",\"position\":3,\"name\":\"INTENSE &#8211; BALA VIBRAT\u00d3RIA ESCARLATE DEM\u00d4NIO VERMELHO 9,3 X 2,4 CM\"}]},{\"@type\":\"WebSite\",\"@id\":\"https:\\\/\\\/lovme.pt\\\/#website\",\"url\":\"https:\\\/\\\/lovme.pt\\\/\",\"name\":\"Lovme Loja Er\u00f3tica N\u00ba1 em Portugal\",\"description\":\"A melhor loja er\u00f3tica de Portugal.\",\"alternateName\":\"Loja Er\u00f3tica Lovme\",\"potentialAction\":[{\"@type\":\"SearchAction\",\"target\":{\"@type\":\"EntryPoint\",\"urlTemplate\":\"https:\\\/\\\/lovme.pt\\\/?s={search_term_string}\"},\"query-input\":{\"@type\":\"PropertyValueSpecification\",\"valueRequired\":true,\"valueName\":\"search_term_string\"}}],\"inLanguage\":\"pt-PT\"}]}<\/script>\n<!-- \/ Yoast SEO plugin. -->","yoast_head_json":{"title":"INTENSE - BALA VIBRAT\u00d3RIA ESCARLATE DEM\u00d4NIO VERMELHO 9,3 X 2,4 CM - Lovme","robots":{"index":"index","follow":"follow","max-snippet":"max-snippet:-1","max-image-preview":"max-image-preview:large","max-video-preview":"max-video-preview:-1"},"canonical":"https:\/\/lovme.pt\/index.php\/produto\/intense-bala-vibratoria-escarlate-demonio-vermelho-93-x-24-cm\/","og_locale":"pt_PT","og_type":"article","og_title":"INTENSE - BALA VIBRAT\u00d3RIA ESCARLATE DEM\u00d4NIO VERMELHO 9,3 X 2,4 CM - Lovme","og_description":"INTENSE - BALA VIBRAT\u00d3RIA ESCARLATE DEM\u00d4NIO VERMELHO 9,3 X 2,4 CM","og_url":"https:\/\/lovme.pt\/index.php\/produto\/intense-bala-vibratoria-escarlate-demonio-vermelho-93-x-24-cm\/","og_site_name":"Lovme","article_modified_time":"2026-02-19T20:09:13+00:00","og_image":[{"width":900,"height":900,"url":"https:\/\/erki24nd3ub.exactdn.com\/wp-content\/uploads\/dream\/img\/img_206266_816ebe3670efd5c99fef3702d56a7841_1.png?strip=all","type":"image\/png"}],"twitter_card":"summary_large_image","twitter_misc":{"Tempo estimado de leitura":"1 minuto"},"schema":{"@context":"https:\/\/schema.org","@graph":[{"@type":"WebPage","@id":"https:\/\/lovme.pt\/index.php\/produto\/intense-bala-vibratoria-escarlate-demonio-vermelho-93-x-24-cm\/","url":"https:\/\/lovme.pt\/index.php\/produto\/intense-bala-vibratoria-escarlate-demonio-vermelho-93-x-24-cm\/","name":"INTENSE - BALA VIBRAT\u00d3RIA ESCARLATE DEM\u00d4NIO VERMELHO 9,3 X 2,4 CM - Lovme","isPartOf":{"@id":"https:\/\/lovme.pt\/#website"},"primaryImageOfPage":{"@id":"https:\/\/lovme.pt\/index.php\/produto\/intense-bala-vibratoria-escarlate-demonio-vermelho-93-x-24-cm\/#primaryimage"},"image":{"@id":"https:\/\/lovme.pt\/index.php\/produto\/intense-bala-vibratoria-escarlate-demonio-vermelho-93-x-24-cm\/#primaryimage"},"thumbnailUrl":"https:\/\/erki24nd3ub.exactdn.com\/wp-content\/uploads\/dream\/img\/img_206266_816ebe3670efd5c99fef3702d56a7841_1.png?strip=all","datePublished":"2025-09-30T22:07:32+00:00","dateModified":"2026-02-19T20:09:13+00:00","breadcrumb":{"@id":"https:\/\/lovme.pt\/index.php\/produto\/intense-bala-vibratoria-escarlate-demonio-vermelho-93-x-24-cm\/#breadcrumb"},"inLanguage":"pt-PT","potentialAction":[{"@type":"ReadAction","target":["https:\/\/lovme.pt\/index.php\/produto\/intense-bala-vibratoria-escarlate-demonio-vermelho-93-x-24-cm\/"]}]},{"@type":"ImageObject","inLanguage":"pt-PT","@id":"https:\/\/lovme.pt\/index.php\/produto\/intense-bala-vibratoria-escarlate-demonio-vermelho-93-x-24-cm\/#primaryimage","url":"https:\/\/erki24nd3ub.exactdn.com\/wp-content\/uploads\/dream\/img\/img_206266_816ebe3670efd5c99fef3702d56a7841_1.png?strip=all","contentUrl":"https:\/\/erki24nd3ub.exactdn.com\/wp-content\/uploads\/dream\/img\/img_206266_816ebe3670efd5c99fef3702d56a7841_1.png?strip=all","width":900,"height":900},{"@type":"BreadcrumbList","@id":"https:\/\/lovme.pt\/index.php\/produto\/intense-bala-vibratoria-escarlate-demonio-vermelho-93-x-24-cm\/#breadcrumb","itemListElement":[{"@type":"ListItem","position":1,"name":"In\u00edcio","item":"https:\/\/lovme.pt\/"},{"@type":"ListItem","position":2,"name":"Loja","item":"https:\/\/lovme.pt\/index.php\/loja\/"},{"@type":"ListItem","position":3,"name":"INTENSE &#8211; BALA VIBRAT\u00d3RIA ESCARLATE DEM\u00d4NIO VERMELHO 9,3 X 2,4 CM"}]},{"@type":"WebSite","@id":"https:\/\/lovme.pt\/#website","url":"https:\/\/lovme.pt\/","name":"Lovme Loja Er\u00f3tica N\u00ba1 em Portugal","description":"A melhor loja er\u00f3tica de Portugal.","alternateName":"Loja Er\u00f3tica Lovme","potentialAction":[{"@type":"SearchAction","target":{"@type":"EntryPoint","urlTemplate":"https:\/\/lovme.pt\/?s={search_term_string}"},"query-input":{"@type":"PropertyValueSpecification","valueRequired":true,"valueName":"search_term_string"}}],"inLanguage":"pt-PT"}]}},"_links":{"self":[{"href":"https:\/\/lovme.pt\/index.php\/wp-json\/wp\/v2\/product\/52383","targetHints":{"allow":["GET"]}}],"collection":[{"href":"https:\/\/lovme.pt\/index.php\/wp-json\/wp\/v2\/product"}],"about":[{"href":"https:\/\/lovme.pt\/index.php\/wp-json\/wp\/v2\/types\/product"}],"wp:featuredmedia":[{"embeddable":true,"href":"https:\/\/lovme.pt\/index.php\/wp-json\/wp\/v2\/media\/74206"}],"wp:attachment":[{"href":"https:\/\/lovme.pt\/index.php\/wp-json\/wp\/v2\/media?parent=52383"}],"wp:term":[{"taxonomy":"product_brand","embeddable":true,"href":"https:\/\/lovme.pt\/index.php\/wp-json\/wp\/v2\/product_brand?post=52383"},{"taxonomy":"product_cat","embeddable":true,"href":"https:\/\/lovme.pt\/index.php\/wp-json\/wp\/v2\/product_cat?post=52383"},{"taxonomy":"product_tag","embeddable":true,"href":"https:\/\/lovme.pt\/index.php\/wp-json\/wp\/v2\/product_tag?post=52383"}],"curies":[{"name":"wp","href":"https:\/\/api.w.org\/{rel}","templated":true}]}}