{"id":5231,"date":"2025-09-30T23:05:41","date_gmt":"2025-09-30T23:05:41","guid":{"rendered":"https:\/\/lovme.pt\/?post_type=product&#038;p=5231"},"modified":"2026-04-14T12:30:34","modified_gmt":"2026-04-14T12:30:34","slug":"pretty-love-plug-analtwist-ii","status":"publish","type":"product","link":"https:\/\/lovme.pt\/index.php\/produto\/pretty-love-plug-analtwist-ii\/","title":{"rendered":"PRETTY LOVE &#8211; PLUG ANALTWIST II"},"content":{"rendered":"<p>O plug vibrat\u00f3rio Pretty Love \u00e9 um plug de toque suave de alta qualidade que sem d\u00favida n\u00e3o deixar\u00e1 voc\u00ea indiferente, ele possui um vibrador de 10 velocidades integrado para \u00f3tima estimula\u00e7\u00e3o.<\/p>\n<p> Suas principais qualidades s\u00e3o;<\/p>\n<ul>\n<li> Silicone 100% livre de ftalatos.<\/li>\n<li> 10 ritmos de vibra\u00e7\u00e3o<\/li>\n<li> Com ventosa de alta fixa\u00e7\u00e3o<\/li>\n<li> 100% aqu\u00e1tico<\/li>\n<li> Medidas; 13 x 3 cm<\/li>\n<li> Funciona com 3 pilhas LR44 inclu\u00eddas.<\/li>\n<li> Inclui uma bolsa de pano para guardar o produto ap\u00f3s o uso!<\/li>\n<\/ul>\n<p> Gra\u00e7as \u00e0 sua base com ventosa, voc\u00ea pode us\u00e1-lo no chuveiro ou em qualquer lugar que desejar.<\/p>\n<p> A Pretty Love fabrica produtos com padr\u00f5es de qualidade exigentes. Todos os seus produtos s\u00e3o projetados nos Estados Unidos e t\u00eam garantia de 1 ano para defeitos t\u00e9cnicos.<\/p>\n","protected":false},"excerpt":{"rendered":"<p>PRETTY LOVE &#8211; PLUG ANALTWIST II<\/p>\n","protected":false},"featured_media":83381,"template":"","meta":{"_acf_changed":false},"product_brand":[],"product_cat":[48,17,62,63],"product_tag":[],"class_list":{"0":"post-5231","1":"product","2":"type-product","3":"status-publish","4":"has-post-thumbnail","6":"product_cat-bdsm","7":"product_cat-brinquedos-de-bem-estar-sexual","8":"product_cat-plugues-e-correntes-anais","9":"product_cat-sexo-anal","10":"yith_product_brand-pretty-lovepretty-love-bottom","12":"first","13":"instock","14":"taxable","15":"shipping-taxable","16":"purchasable","17":"product-type-simple"},"acf":[],"yoast_head":"<!-- This site is optimized with the Yoast SEO plugin v27.4 - https:\/\/yoast.com\/product\/yoast-seo-wordpress\/ -->\n<title>PRETTY LOVE - PLUG ANALTWIST II - Lovme<\/title>\n<meta name=\"robots\" content=\"index, follow, max-snippet:-1, max-image-preview:large, max-video-preview:-1\" \/>\n<link rel=\"canonical\" href=\"https:\/\/lovme.pt\/index.php\/produto\/pretty-love-plug-analtwist-ii\/\" \/>\n<meta property=\"og:locale\" content=\"pt_PT\" \/>\n<meta property=\"og:type\" content=\"article\" \/>\n<meta property=\"og:title\" content=\"PRETTY LOVE - PLUG ANALTWIST II - Lovme\" \/>\n<meta property=\"og:description\" content=\"PRETTY LOVE - PLUG ANALTWIST II\" \/>\n<meta property=\"og:url\" content=\"https:\/\/lovme.pt\/index.php\/produto\/pretty-love-plug-analtwist-ii\/\" \/>\n<meta property=\"og:site_name\" content=\"Lovme\" \/>\n<meta property=\"article:modified_time\" content=\"2026-04-14T12:30:34+00:00\" \/>\n<meta property=\"og:image\" content=\"https:\/\/erki24nd3ub.exactdn.com\/wp-content\/uploads\/dream\/img\/img_30544_087c2e5eddfbb4e73137e057b231eae2_1.jpg?strip=all\" \/>\n\t<meta property=\"og:image:width\" content=\"586\" \/>\n\t<meta property=\"og:image:height\" content=\"586\" \/>\n\t<meta property=\"og:image:type\" content=\"image\/jpeg\" \/>\n<meta name=\"twitter:card\" content=\"summary_large_image\" \/>\n<meta name=\"twitter:label1\" content=\"Tempo estimado de leitura\" \/>\n\t<meta name=\"twitter:data1\" content=\"1 minuto\" \/>\n<script type=\"application\/ld+json\" class=\"yoast-schema-graph\">{\"@context\":\"https:\\\/\\\/schema.org\",\"@graph\":[{\"@type\":\"WebPage\",\"@id\":\"https:\\\/\\\/lovme.pt\\\/index.php\\\/produto\\\/pretty-love-plug-analtwist-ii\\\/\",\"url\":\"https:\\\/\\\/lovme.pt\\\/index.php\\\/produto\\\/pretty-love-plug-analtwist-ii\\\/\",\"name\":\"PRETTY LOVE - PLUG ANALTWIST II - Lovme\",\"isPartOf\":{\"@id\":\"https:\\\/\\\/lovme.pt\\\/#website\"},\"primaryImageOfPage\":{\"@id\":\"https:\\\/\\\/lovme.pt\\\/index.php\\\/produto\\\/pretty-love-plug-analtwist-ii\\\/#primaryimage\"},\"image\":{\"@id\":\"https:\\\/\\\/lovme.pt\\\/index.php\\\/produto\\\/pretty-love-plug-analtwist-ii\\\/#primaryimage\"},\"thumbnailUrl\":\"https:\\\/\\\/erki24nd3ub.exactdn.com\\\/wp-content\\\/uploads\\\/dream\\\/img\\\/img_30544_087c2e5eddfbb4e73137e057b231eae2_1.jpg?strip=all\",\"datePublished\":\"2025-09-30T23:05:41+00:00\",\"dateModified\":\"2026-04-14T12:30:34+00:00\",\"breadcrumb\":{\"@id\":\"https:\\\/\\\/lovme.pt\\\/index.php\\\/produto\\\/pretty-love-plug-analtwist-ii\\\/#breadcrumb\"},\"inLanguage\":\"pt-PT\",\"potentialAction\":[{\"@type\":\"ReadAction\",\"target\":[\"https:\\\/\\\/lovme.pt\\\/index.php\\\/produto\\\/pretty-love-plug-analtwist-ii\\\/\"]}]},{\"@type\":\"ImageObject\",\"inLanguage\":\"pt-PT\",\"@id\":\"https:\\\/\\\/lovme.pt\\\/index.php\\\/produto\\\/pretty-love-plug-analtwist-ii\\\/#primaryimage\",\"url\":\"https:\\\/\\\/erki24nd3ub.exactdn.com\\\/wp-content\\\/uploads\\\/dream\\\/img\\\/img_30544_087c2e5eddfbb4e73137e057b231eae2_1.jpg?strip=all\",\"contentUrl\":\"https:\\\/\\\/erki24nd3ub.exactdn.com\\\/wp-content\\\/uploads\\\/dream\\\/img\\\/img_30544_087c2e5eddfbb4e73137e057b231eae2_1.jpg?strip=all\",\"width\":586,\"height\":586},{\"@type\":\"BreadcrumbList\",\"@id\":\"https:\\\/\\\/lovme.pt\\\/index.php\\\/produto\\\/pretty-love-plug-analtwist-ii\\\/#breadcrumb\",\"itemListElement\":[{\"@type\":\"ListItem\",\"position\":1,\"name\":\"In\u00edcio\",\"item\":\"https:\\\/\\\/lovme.pt\\\/\"},{\"@type\":\"ListItem\",\"position\":2,\"name\":\"Loja\",\"item\":\"https:\\\/\\\/lovme.pt\\\/index.php\\\/loja\\\/\"},{\"@type\":\"ListItem\",\"position\":3,\"name\":\"PRETTY LOVE &#8211; PLUG ANALTWIST II\"}]},{\"@type\":\"WebSite\",\"@id\":\"https:\\\/\\\/lovme.pt\\\/#website\",\"url\":\"https:\\\/\\\/lovme.pt\\\/\",\"name\":\"Lovme Loja Er\u00f3tica N\u00ba1 em Portugal\",\"description\":\"A melhor loja er\u00f3tica de Portugal.\",\"alternateName\":\"Loja Er\u00f3tica Lovme\",\"potentialAction\":[{\"@type\":\"SearchAction\",\"target\":{\"@type\":\"EntryPoint\",\"urlTemplate\":\"https:\\\/\\\/lovme.pt\\\/?s={search_term_string}\"},\"query-input\":{\"@type\":\"PropertyValueSpecification\",\"valueRequired\":true,\"valueName\":\"search_term_string\"}}],\"inLanguage\":\"pt-PT\"}]}<\/script>\n<!-- \/ Yoast SEO plugin. -->","yoast_head_json":{"title":"PRETTY LOVE - PLUG ANALTWIST II - Lovme","robots":{"index":"index","follow":"follow","max-snippet":"max-snippet:-1","max-image-preview":"max-image-preview:large","max-video-preview":"max-video-preview:-1"},"canonical":"https:\/\/lovme.pt\/index.php\/produto\/pretty-love-plug-analtwist-ii\/","og_locale":"pt_PT","og_type":"article","og_title":"PRETTY LOVE - PLUG ANALTWIST II - Lovme","og_description":"PRETTY LOVE - PLUG ANALTWIST II","og_url":"https:\/\/lovme.pt\/index.php\/produto\/pretty-love-plug-analtwist-ii\/","og_site_name":"Lovme","article_modified_time":"2026-04-14T12:30:34+00:00","og_image":[{"width":586,"height":586,"url":"https:\/\/erki24nd3ub.exactdn.com\/wp-content\/uploads\/dream\/img\/img_30544_087c2e5eddfbb4e73137e057b231eae2_1.jpg?strip=all","type":"image\/jpeg"}],"twitter_card":"summary_large_image","twitter_misc":{"Tempo estimado de leitura":"1 minuto"},"schema":{"@context":"https:\/\/schema.org","@graph":[{"@type":"WebPage","@id":"https:\/\/lovme.pt\/index.php\/produto\/pretty-love-plug-analtwist-ii\/","url":"https:\/\/lovme.pt\/index.php\/produto\/pretty-love-plug-analtwist-ii\/","name":"PRETTY LOVE - PLUG ANALTWIST II - Lovme","isPartOf":{"@id":"https:\/\/lovme.pt\/#website"},"primaryImageOfPage":{"@id":"https:\/\/lovme.pt\/index.php\/produto\/pretty-love-plug-analtwist-ii\/#primaryimage"},"image":{"@id":"https:\/\/lovme.pt\/index.php\/produto\/pretty-love-plug-analtwist-ii\/#primaryimage"},"thumbnailUrl":"https:\/\/erki24nd3ub.exactdn.com\/wp-content\/uploads\/dream\/img\/img_30544_087c2e5eddfbb4e73137e057b231eae2_1.jpg?strip=all","datePublished":"2025-09-30T23:05:41+00:00","dateModified":"2026-04-14T12:30:34+00:00","breadcrumb":{"@id":"https:\/\/lovme.pt\/index.php\/produto\/pretty-love-plug-analtwist-ii\/#breadcrumb"},"inLanguage":"pt-PT","potentialAction":[{"@type":"ReadAction","target":["https:\/\/lovme.pt\/index.php\/produto\/pretty-love-plug-analtwist-ii\/"]}]},{"@type":"ImageObject","inLanguage":"pt-PT","@id":"https:\/\/lovme.pt\/index.php\/produto\/pretty-love-plug-analtwist-ii\/#primaryimage","url":"https:\/\/erki24nd3ub.exactdn.com\/wp-content\/uploads\/dream\/img\/img_30544_087c2e5eddfbb4e73137e057b231eae2_1.jpg?strip=all","contentUrl":"https:\/\/erki24nd3ub.exactdn.com\/wp-content\/uploads\/dream\/img\/img_30544_087c2e5eddfbb4e73137e057b231eae2_1.jpg?strip=all","width":586,"height":586},{"@type":"BreadcrumbList","@id":"https:\/\/lovme.pt\/index.php\/produto\/pretty-love-plug-analtwist-ii\/#breadcrumb","itemListElement":[{"@type":"ListItem","position":1,"name":"In\u00edcio","item":"https:\/\/lovme.pt\/"},{"@type":"ListItem","position":2,"name":"Loja","item":"https:\/\/lovme.pt\/index.php\/loja\/"},{"@type":"ListItem","position":3,"name":"PRETTY LOVE &#8211; PLUG ANALTWIST II"}]},{"@type":"WebSite","@id":"https:\/\/lovme.pt\/#website","url":"https:\/\/lovme.pt\/","name":"Lovme Loja Er\u00f3tica N\u00ba1 em Portugal","description":"A melhor loja er\u00f3tica de Portugal.","alternateName":"Loja Er\u00f3tica Lovme","potentialAction":[{"@type":"SearchAction","target":{"@type":"EntryPoint","urlTemplate":"https:\/\/lovme.pt\/?s={search_term_string}"},"query-input":{"@type":"PropertyValueSpecification","valueRequired":true,"valueName":"search_term_string"}}],"inLanguage":"pt-PT"}]}},"_links":{"self":[{"href":"https:\/\/lovme.pt\/index.php\/wp-json\/wp\/v2\/product\/5231","targetHints":{"allow":["GET"]}}],"collection":[{"href":"https:\/\/lovme.pt\/index.php\/wp-json\/wp\/v2\/product"}],"about":[{"href":"https:\/\/lovme.pt\/index.php\/wp-json\/wp\/v2\/types\/product"}],"wp:featuredmedia":[{"embeddable":true,"href":"https:\/\/lovme.pt\/index.php\/wp-json\/wp\/v2\/media\/83381"}],"wp:attachment":[{"href":"https:\/\/lovme.pt\/index.php\/wp-json\/wp\/v2\/media?parent=5231"}],"wp:term":[{"taxonomy":"product_brand","embeddable":true,"href":"https:\/\/lovme.pt\/index.php\/wp-json\/wp\/v2\/product_brand?post=5231"},{"taxonomy":"product_cat","embeddable":true,"href":"https:\/\/lovme.pt\/index.php\/wp-json\/wp\/v2\/product_cat?post=5231"},{"taxonomy":"product_tag","embeddable":true,"href":"https:\/\/lovme.pt\/index.php\/wp-json\/wp\/v2\/product_tag?post=5231"}],"curies":[{"name":"wp","href":"https:\/\/api.w.org\/{rel}","templated":true}]}}