{"id":52147,"date":"2025-10-01T02:09:04","date_gmt":"2025-10-01T02:09:04","guid":{"rendered":"https:\/\/lovme.pt\/?post_type=product&p=52147"},"modified":"2026-02-19T20:18:29","modified_gmt":"2026-02-19T20:18:29","slug":"skyn-preservativos-grandes-com-ajuste-extra-10-unidades","status":"publish","type":"product","link":"https:\/\/lovme.pt\/index.php\/produto\/skyn-preservativos-grandes-com-ajuste-extra-10-unidades\/","title":{"rendered":"SKYN &#8211; PRESERVATIVOS GRANDES COM AJUSTE EXTRA 10 UNIDADES"},"content":{"rendered":"<p>SKYN GRANDE \/ KING SIZE, ajuste extra e maior conforto<\/p>\n<p> <u><em><strong>CARACTER\u00cdSTICAS:<\/strong><\/em><\/u><\/p>\n<ul>\n<li> Largura nominal 56 mm para tamanhos XL<\/li>\n<li> Feito com material SKYNFEEL macio e sem l\u00e1tex<\/li>\n<li> Sensa\u00e7\u00e3o natural de pele com pele<\/li>\n<li> For\u00e7a de l\u00e1tex premium<\/li>\n<li> Melhor elasticidade<\/li>\n<li> Lubrificante ultra suave e duradouro<\/li>\n<\/ul>\n<p> Descubra a SKYN, a marca l\u00edder em preservativos sem l\u00e1tex, projetada para lhe dar uma experi\u00eancia \u00fanica com sensa\u00e7\u00f5es naturais de pele com pele. Feitos com um material de l\u00e1tex sint\u00e9tico inovador (poliisopreno), os preservativos SKYN oferecem o m\u00e1ximo de conforto, s\u00e3o ultramacios e el\u00e1sticos, e n\u00e3o t\u00eam o cheiro t\u00edpico de borracha dos preservativos tradicionais.<\/p>\n<p> Gra\u00e7as \u00e0 tecnologia patenteada SKYNFEEL, esses preservativos s\u00e3o t\u00e3o finos e confort\u00e1veis que s\u00e3o quase impercept\u00edveis, garantindo uma sensa\u00e7\u00e3o mais natural e prazerosa. Al\u00e9m disso, eles s\u00e3o rigorosamente testados para oferecer a mesma seguran\u00e7a que os preservativos ultrafinos de alta qualidade.<\/p>\n<p> Explore nossa linha de produtos, desde o cl\u00e1ssico SKYN Original at\u00e9 op\u00e7\u00f5es texturizadas, extralubrificantes e maiores, projetadas para atender \u00e0s necessidades de cada usu\u00e1rio.<\/p>\n<p> Desfrute de uma intimidade sem preocupa\u00e7\u00f5es com o conforto superior da SKYN, a marca n\u00famero 1 do mundo em preservativos sem l\u00e1tex.<\/p>\n","protected":false},"excerpt":{"rendered":"<p>SKYN &#8211; PRESERVATIVOS GRANDES COM AJUSTE EXTRA 10 UNIDADES<\/p>\n","protected":false},"featured_media":95138,"template":"","meta":{"_acf_changed":false},"product_brand":[],"product_cat":[73],"product_tag":[],"class_list":{"0":"post-52147","1":"product","2":"type-product","3":"status-publish","4":"has-post-thumbnail","6":"product_cat-preservativos","7":"yith_product_brand-skyn","9":"first","10":"instock","11":"taxable","12":"shipping-taxable","13":"purchasable","14":"product-type-simple"},"acf":[],"yoast_head":"<!-- This site is optimized with the Yoast SEO plugin v27.4 - https:\/\/yoast.com\/product\/yoast-seo-wordpress\/ -->\n<title>SKYN - PRESERVATIVOS GRANDES COM AJUSTE EXTRA 10 UNIDADES - Lovme<\/title>\n<meta name=\"robots\" content=\"index, follow, max-snippet:-1, max-image-preview:large, max-video-preview:-1\" \/>\n<link rel=\"canonical\" href=\"https:\/\/lovme.pt\/index.php\/produto\/skyn-preservativos-grandes-com-ajuste-extra-10-unidades\/\" \/>\n<meta property=\"og:locale\" content=\"pt_PT\" \/>\n<meta property=\"og:type\" content=\"article\" \/>\n<meta property=\"og:title\" content=\"SKYN - PRESERVATIVOS GRANDES COM AJUSTE EXTRA 10 UNIDADES - Lovme\" \/>\n<meta property=\"og:description\" content=\"SKYN - PRESERVATIVOS GRANDES COM AJUSTE EXTRA 10 UNIDADES\" \/>\n<meta property=\"og:url\" content=\"https:\/\/lovme.pt\/index.php\/produto\/skyn-preservativos-grandes-com-ajuste-extra-10-unidades\/\" \/>\n<meta property=\"og:site_name\" content=\"Lovme\" \/>\n<meta property=\"article:modified_time\" content=\"2026-02-19T20:18:29+00:00\" \/>\n<meta property=\"og:image\" content=\"https:\/\/erki24nd3ub.exactdn.com\/wp-content\/uploads\/dream\/img\/img_206049_58c0eee81728dfd611d66825edd581f9_1.jpg?strip=all\" \/>\n\t<meta property=\"og:image:width\" content=\"900\" \/>\n\t<meta property=\"og:image:height\" content=\"900\" \/>\n\t<meta property=\"og:image:type\" content=\"image\/jpeg\" \/>\n<meta name=\"twitter:card\" content=\"summary_large_image\" \/>\n<meta name=\"twitter:label1\" content=\"Tempo estimado de leitura\" \/>\n\t<meta name=\"twitter:data1\" content=\"1 minuto\" \/>\n<script type=\"application\/ld+json\" class=\"yoast-schema-graph\">{\"@context\":\"https:\\\/\\\/schema.org\",\"@graph\":[{\"@type\":\"WebPage\",\"@id\":\"https:\\\/\\\/lovme.pt\\\/index.php\\\/produto\\\/skyn-preservativos-grandes-com-ajuste-extra-10-unidades\\\/\",\"url\":\"https:\\\/\\\/lovme.pt\\\/index.php\\\/produto\\\/skyn-preservativos-grandes-com-ajuste-extra-10-unidades\\\/\",\"name\":\"SKYN - PRESERVATIVOS GRANDES COM AJUSTE EXTRA 10 UNIDADES - Lovme\",\"isPartOf\":{\"@id\":\"https:\\\/\\\/lovme.pt\\\/#website\"},\"primaryImageOfPage\":{\"@id\":\"https:\\\/\\\/lovme.pt\\\/index.php\\\/produto\\\/skyn-preservativos-grandes-com-ajuste-extra-10-unidades\\\/#primaryimage\"},\"image\":{\"@id\":\"https:\\\/\\\/lovme.pt\\\/index.php\\\/produto\\\/skyn-preservativos-grandes-com-ajuste-extra-10-unidades\\\/#primaryimage\"},\"thumbnailUrl\":\"https:\\\/\\\/erki24nd3ub.exactdn.com\\\/wp-content\\\/uploads\\\/dream\\\/img\\\/img_206049_58c0eee81728dfd611d66825edd581f9_1.jpg?strip=all\",\"datePublished\":\"2025-10-01T02:09:04+00:00\",\"dateModified\":\"2026-02-19T20:18:29+00:00\",\"breadcrumb\":{\"@id\":\"https:\\\/\\\/lovme.pt\\\/index.php\\\/produto\\\/skyn-preservativos-grandes-com-ajuste-extra-10-unidades\\\/#breadcrumb\"},\"inLanguage\":\"pt-PT\",\"potentialAction\":[{\"@type\":\"ReadAction\",\"target\":[\"https:\\\/\\\/lovme.pt\\\/index.php\\\/produto\\\/skyn-preservativos-grandes-com-ajuste-extra-10-unidades\\\/\"]}]},{\"@type\":\"ImageObject\",\"inLanguage\":\"pt-PT\",\"@id\":\"https:\\\/\\\/lovme.pt\\\/index.php\\\/produto\\\/skyn-preservativos-grandes-com-ajuste-extra-10-unidades\\\/#primaryimage\",\"url\":\"https:\\\/\\\/erki24nd3ub.exactdn.com\\\/wp-content\\\/uploads\\\/dream\\\/img\\\/img_206049_58c0eee81728dfd611d66825edd581f9_1.jpg?strip=all\",\"contentUrl\":\"https:\\\/\\\/erki24nd3ub.exactdn.com\\\/wp-content\\\/uploads\\\/dream\\\/img\\\/img_206049_58c0eee81728dfd611d66825edd581f9_1.jpg?strip=all\",\"width\":900,\"height\":900},{\"@type\":\"BreadcrumbList\",\"@id\":\"https:\\\/\\\/lovme.pt\\\/index.php\\\/produto\\\/skyn-preservativos-grandes-com-ajuste-extra-10-unidades\\\/#breadcrumb\",\"itemListElement\":[{\"@type\":\"ListItem\",\"position\":1,\"name\":\"In\u00edcio\",\"item\":\"https:\\\/\\\/lovme.pt\\\/\"},{\"@type\":\"ListItem\",\"position\":2,\"name\":\"Loja\",\"item\":\"https:\\\/\\\/lovme.pt\\\/index.php\\\/loja\\\/\"},{\"@type\":\"ListItem\",\"position\":3,\"name\":\"SKYN &#8211; PRESERVATIVOS GRANDES COM AJUSTE EXTRA 10 UNIDADES\"}]},{\"@type\":\"WebSite\",\"@id\":\"https:\\\/\\\/lovme.pt\\\/#website\",\"url\":\"https:\\\/\\\/lovme.pt\\\/\",\"name\":\"Lovme Loja Er\u00f3tica N\u00ba1 em Portugal\",\"description\":\"A melhor loja er\u00f3tica de Portugal.\",\"alternateName\":\"Loja Er\u00f3tica Lovme\",\"potentialAction\":[{\"@type\":\"SearchAction\",\"target\":{\"@type\":\"EntryPoint\",\"urlTemplate\":\"https:\\\/\\\/lovme.pt\\\/?s={search_term_string}\"},\"query-input\":{\"@type\":\"PropertyValueSpecification\",\"valueRequired\":true,\"valueName\":\"search_term_string\"}}],\"inLanguage\":\"pt-PT\"}]}<\/script>\n<!-- \/ Yoast SEO plugin. -->","yoast_head_json":{"title":"SKYN - PRESERVATIVOS GRANDES COM AJUSTE EXTRA 10 UNIDADES - Lovme","robots":{"index":"index","follow":"follow","max-snippet":"max-snippet:-1","max-image-preview":"max-image-preview:large","max-video-preview":"max-video-preview:-1"},"canonical":"https:\/\/lovme.pt\/index.php\/produto\/skyn-preservativos-grandes-com-ajuste-extra-10-unidades\/","og_locale":"pt_PT","og_type":"article","og_title":"SKYN - PRESERVATIVOS GRANDES COM AJUSTE EXTRA 10 UNIDADES - Lovme","og_description":"SKYN - PRESERVATIVOS GRANDES COM AJUSTE EXTRA 10 UNIDADES","og_url":"https:\/\/lovme.pt\/index.php\/produto\/skyn-preservativos-grandes-com-ajuste-extra-10-unidades\/","og_site_name":"Lovme","article_modified_time":"2026-02-19T20:18:29+00:00","og_image":[{"width":900,"height":900,"url":"https:\/\/erki24nd3ub.exactdn.com\/wp-content\/uploads\/dream\/img\/img_206049_58c0eee81728dfd611d66825edd581f9_1.jpg?strip=all","type":"image\/jpeg"}],"twitter_card":"summary_large_image","twitter_misc":{"Tempo estimado de leitura":"1 minuto"},"schema":{"@context":"https:\/\/schema.org","@graph":[{"@type":"WebPage","@id":"https:\/\/lovme.pt\/index.php\/produto\/skyn-preservativos-grandes-com-ajuste-extra-10-unidades\/","url":"https:\/\/lovme.pt\/index.php\/produto\/skyn-preservativos-grandes-com-ajuste-extra-10-unidades\/","name":"SKYN - PRESERVATIVOS GRANDES COM AJUSTE EXTRA 10 UNIDADES - Lovme","isPartOf":{"@id":"https:\/\/lovme.pt\/#website"},"primaryImageOfPage":{"@id":"https:\/\/lovme.pt\/index.php\/produto\/skyn-preservativos-grandes-com-ajuste-extra-10-unidades\/#primaryimage"},"image":{"@id":"https:\/\/lovme.pt\/index.php\/produto\/skyn-preservativos-grandes-com-ajuste-extra-10-unidades\/#primaryimage"},"thumbnailUrl":"https:\/\/erki24nd3ub.exactdn.com\/wp-content\/uploads\/dream\/img\/img_206049_58c0eee81728dfd611d66825edd581f9_1.jpg?strip=all","datePublished":"2025-10-01T02:09:04+00:00","dateModified":"2026-02-19T20:18:29+00:00","breadcrumb":{"@id":"https:\/\/lovme.pt\/index.php\/produto\/skyn-preservativos-grandes-com-ajuste-extra-10-unidades\/#breadcrumb"},"inLanguage":"pt-PT","potentialAction":[{"@type":"ReadAction","target":["https:\/\/lovme.pt\/index.php\/produto\/skyn-preservativos-grandes-com-ajuste-extra-10-unidades\/"]}]},{"@type":"ImageObject","inLanguage":"pt-PT","@id":"https:\/\/lovme.pt\/index.php\/produto\/skyn-preservativos-grandes-com-ajuste-extra-10-unidades\/#primaryimage","url":"https:\/\/erki24nd3ub.exactdn.com\/wp-content\/uploads\/dream\/img\/img_206049_58c0eee81728dfd611d66825edd581f9_1.jpg?strip=all","contentUrl":"https:\/\/erki24nd3ub.exactdn.com\/wp-content\/uploads\/dream\/img\/img_206049_58c0eee81728dfd611d66825edd581f9_1.jpg?strip=all","width":900,"height":900},{"@type":"BreadcrumbList","@id":"https:\/\/lovme.pt\/index.php\/produto\/skyn-preservativos-grandes-com-ajuste-extra-10-unidades\/#breadcrumb","itemListElement":[{"@type":"ListItem","position":1,"name":"In\u00edcio","item":"https:\/\/lovme.pt\/"},{"@type":"ListItem","position":2,"name":"Loja","item":"https:\/\/lovme.pt\/index.php\/loja\/"},{"@type":"ListItem","position":3,"name":"SKYN &#8211; PRESERVATIVOS GRANDES COM AJUSTE EXTRA 10 UNIDADES"}]},{"@type":"WebSite","@id":"https:\/\/lovme.pt\/#website","url":"https:\/\/lovme.pt\/","name":"Lovme Loja Er\u00f3tica N\u00ba1 em Portugal","description":"A melhor loja er\u00f3tica de Portugal.","alternateName":"Loja Er\u00f3tica Lovme","potentialAction":[{"@type":"SearchAction","target":{"@type":"EntryPoint","urlTemplate":"https:\/\/lovme.pt\/?s={search_term_string}"},"query-input":{"@type":"PropertyValueSpecification","valueRequired":true,"valueName":"search_term_string"}}],"inLanguage":"pt-PT"}]}},"_links":{"self":[{"href":"https:\/\/lovme.pt\/index.php\/wp-json\/wp\/v2\/product\/52147","targetHints":{"allow":["GET"]}}],"collection":[{"href":"https:\/\/lovme.pt\/index.php\/wp-json\/wp\/v2\/product"}],"about":[{"href":"https:\/\/lovme.pt\/index.php\/wp-json\/wp\/v2\/types\/product"}],"wp:featuredmedia":[{"embeddable":true,"href":"https:\/\/lovme.pt\/index.php\/wp-json\/wp\/v2\/media\/95138"}],"wp:attachment":[{"href":"https:\/\/lovme.pt\/index.php\/wp-json\/wp\/v2\/media?parent=52147"}],"wp:term":[{"taxonomy":"product_brand","embeddable":true,"href":"https:\/\/lovme.pt\/index.php\/wp-json\/wp\/v2\/product_brand?post=52147"},{"taxonomy":"product_cat","embeddable":true,"href":"https:\/\/lovme.pt\/index.php\/wp-json\/wp\/v2\/product_cat?post=52147"},{"taxonomy":"product_tag","embeddable":true,"href":"https:\/\/lovme.pt\/index.php\/wp-json\/wp\/v2\/product_tag?post=52147"}],"curies":[{"name":"wp","href":"https:\/\/api.w.org\/{rel}","templated":true}]}}