{"id":52135,"date":"2025-10-01T02:30:07","date_gmt":"2025-10-01T02:30:07","guid":{"rendered":"https:\/\/lovme.pt\/?post_type=product&#038;p=52135"},"modified":"2026-02-19T20:19:12","modified_gmt":"2026-02-19T20:19:12","slug":"pdx-elite-masturbador-automatico-duplo-aquatico","status":"publish","type":"product","link":"https:\/\/lovme.pt\/index.php\/produto\/pdx-elite-masturbador-automatico-duplo-aquatico\/","title":{"rendered":"PDX ELITE &#8211; MASTURBADOR AUTOM\u00c1TICO DUPLO AQU\u00c1TICO"},"content":{"rendered":"<p>O <strong>PDX ELITE\u00ae<\/strong> Hydrobator \u00e9 feito para uma estimula\u00e7\u00e3o aqu\u00e1tica incr\u00edvel com seu design inovador de extremidade dupla aberta, permitindo que a \u00e1gua flua atrav\u00e9s do t\u00fanel enquanto a tecnologia de car\u00edcias automatizadas simult\u00e2neas oferece uma experi\u00eancia de car\u00edcias totalmente abrangente. Criado com um t\u00fanel oco para se ajustar a qualquer comprimento de eixo, o formato acess\u00edvel do Hydrobator permite car\u00edcias automatizadas molhadas ou secas e vibra\u00e7\u00e3o, tornando-o perfeito para sess\u00f5es de masturba\u00e7\u00e3o no chuveiro! O t\u00fanel interno \u00e9 forrado com silicone Elite flex\u00edvel e \u00e9 nervurado e texturizado para estimula\u00e7\u00e3o extra.<\/p>\n<p>Aproveite 3 velocidades de car\u00edcias e 7 modos de vibra\u00e7\u00e3o poderosos que provocam todo o comprimento do seu p\u00eanis. Os recursos de car\u00edcias e vibra\u00e7\u00e3o podem ser apreciados simultaneamente ou separadamente, com \u00e1gua ou sem, para personaliza\u00e7\u00e3o de sensa\u00e7\u00e3o pessoal. O design aberto permite que a \u00e1gua flua atrav\u00e9s dele, criando uma incr\u00edvel sensa\u00e7\u00e3o de car\u00edcia aqu\u00e1tica.<\/p>\n<p><strong>CARACTER\u00cdSTICAS E BENEF\u00cdCIOS:<\/strong><\/p>\n<ul>\n<li>Multifuncional<\/li>\n<li>\u00c0 prova d\u00e1gua (IPX7)<\/li>\n<li>T\u00fanel de silicone Elite<\/li>\n<li>Ajuda para disfun\u00e7\u00e3o er\u00e9til<\/li>\n<li>Recarreg\u00e1vel USB<\/li>\n<\/ul>\n<p><strong>INSTRU\u00c7\u00d5ES DE OPERA\u00c7\u00c3O:<\/strong><\/p>\n<ul>\n<li>Ligar\/Desligar &#8211; Comece pressionando o bot\u00e3o liga\/desliga para ligar o PDX Elite Hydrobator<\/li>\n<li>Acariciar totalmente automatizado &#8211; Pressione o bot\u00e3o de acariciar (setas) para iniciar o impulso autom\u00e1tico.<\/li>\n<li>Pressione novamente para alternar entre 3 n\u00edveis de velocidade de afago. Pressione e segure o bot\u00e3o (setas) por 3 segundos para DESLIGAR.<\/li>\n<li>Vibra\u00e7\u00e3o &#8211; Para ativar a vibra\u00e7\u00e3o, pressione o bot\u00e3o mode. Pressione novamente para alternar entre todos os 7 modos vibracionais. Pressione e segure o bot\u00e3o mode por 3 segundos para desligar.<\/li>\n<\/ul>\n","protected":false},"excerpt":{"rendered":"<p>PDX ELITE &#8211; MASTURBADOR AUTOM\u00c1TICO DUPLO AQU\u00c1TICO<\/p>\n","protected":false},"featured_media":97278,"template":"","meta":{"_acf_changed":false},"product_brand":[],"product_cat":[17,58,60],"product_tag":[],"class_list":{"0":"post-52135","1":"product","2":"type-product","3":"status-publish","4":"has-post-thumbnail","6":"product_cat-brinquedos-de-bem-estar-sexual","7":"product_cat-masturbadores-para-penis","8":"product_cat-para-eles","9":"yith_product_brand-pipedreamspdx-elite","10":"yith_product_brand-pipedreams","12":"first","13":"instock","14":"taxable","15":"shipping-taxable","16":"purchasable","17":"product-type-simple"},"acf":[],"yoast_head":"<!-- This site is optimized with the Yoast SEO plugin v27.4 - https:\/\/yoast.com\/product\/yoast-seo-wordpress\/ -->\n<title>PDX ELITE - MASTURBADOR AUTOM\u00c1TICO DUPLO AQU\u00c1TICO - Lovme<\/title>\n<meta name=\"robots\" content=\"index, follow, max-snippet:-1, max-image-preview:large, max-video-preview:-1\" \/>\n<link rel=\"canonical\" href=\"https:\/\/lovme.pt\/index.php\/produto\/pdx-elite-masturbador-automatico-duplo-aquatico\/\" \/>\n<meta property=\"og:locale\" content=\"pt_PT\" \/>\n<meta property=\"og:type\" content=\"article\" \/>\n<meta property=\"og:title\" content=\"PDX ELITE - MASTURBADOR AUTOM\u00c1TICO DUPLO AQU\u00c1TICO - Lovme\" \/>\n<meta property=\"og:description\" content=\"PDX ELITE - MASTURBADOR AUTOM\u00c1TICO DUPLO AQU\u00c1TICO\" \/>\n<meta property=\"og:url\" content=\"https:\/\/lovme.pt\/index.php\/produto\/pdx-elite-masturbador-automatico-duplo-aquatico\/\" \/>\n<meta property=\"og:site_name\" content=\"Lovme\" \/>\n<meta property=\"article:modified_time\" content=\"2026-02-19T20:19:12+00:00\" \/>\n<meta property=\"og:image\" content=\"https:\/\/erki24nd3ub.exactdn.com\/wp-content\/uploads\/dream\/img\/img_205458_85b9272862bd214a66c84bf62435c8f0_1.jpg?strip=all\" \/>\n\t<meta property=\"og:image:width\" content=\"900\" \/>\n\t<meta property=\"og:image:height\" content=\"900\" \/>\n\t<meta property=\"og:image:type\" content=\"image\/jpeg\" \/>\n<meta name=\"twitter:card\" content=\"summary_large_image\" \/>\n<meta name=\"twitter:label1\" content=\"Tempo estimado de leitura\" \/>\n\t<meta name=\"twitter:data1\" content=\"1 minuto\" \/>\n<script type=\"application\/ld+json\" class=\"yoast-schema-graph\">{\"@context\":\"https:\\\/\\\/schema.org\",\"@graph\":[{\"@type\":\"WebPage\",\"@id\":\"https:\\\/\\\/lovme.pt\\\/index.php\\\/produto\\\/pdx-elite-masturbador-automatico-duplo-aquatico\\\/\",\"url\":\"https:\\\/\\\/lovme.pt\\\/index.php\\\/produto\\\/pdx-elite-masturbador-automatico-duplo-aquatico\\\/\",\"name\":\"PDX ELITE - MASTURBADOR AUTOM\u00c1TICO DUPLO AQU\u00c1TICO - Lovme\",\"isPartOf\":{\"@id\":\"https:\\\/\\\/lovme.pt\\\/#website\"},\"primaryImageOfPage\":{\"@id\":\"https:\\\/\\\/lovme.pt\\\/index.php\\\/produto\\\/pdx-elite-masturbador-automatico-duplo-aquatico\\\/#primaryimage\"},\"image\":{\"@id\":\"https:\\\/\\\/lovme.pt\\\/index.php\\\/produto\\\/pdx-elite-masturbador-automatico-duplo-aquatico\\\/#primaryimage\"},\"thumbnailUrl\":\"https:\\\/\\\/erki24nd3ub.exactdn.com\\\/wp-content\\\/uploads\\\/dream\\\/img\\\/img_205458_85b9272862bd214a66c84bf62435c8f0_1.jpg?strip=all\",\"datePublished\":\"2025-10-01T02:30:07+00:00\",\"dateModified\":\"2026-02-19T20:19:12+00:00\",\"breadcrumb\":{\"@id\":\"https:\\\/\\\/lovme.pt\\\/index.php\\\/produto\\\/pdx-elite-masturbador-automatico-duplo-aquatico\\\/#breadcrumb\"},\"inLanguage\":\"pt-PT\",\"potentialAction\":[{\"@type\":\"ReadAction\",\"target\":[\"https:\\\/\\\/lovme.pt\\\/index.php\\\/produto\\\/pdx-elite-masturbador-automatico-duplo-aquatico\\\/\"]}]},{\"@type\":\"ImageObject\",\"inLanguage\":\"pt-PT\",\"@id\":\"https:\\\/\\\/lovme.pt\\\/index.php\\\/produto\\\/pdx-elite-masturbador-automatico-duplo-aquatico\\\/#primaryimage\",\"url\":\"https:\\\/\\\/erki24nd3ub.exactdn.com\\\/wp-content\\\/uploads\\\/dream\\\/img\\\/img_205458_85b9272862bd214a66c84bf62435c8f0_1.jpg?strip=all\",\"contentUrl\":\"https:\\\/\\\/erki24nd3ub.exactdn.com\\\/wp-content\\\/uploads\\\/dream\\\/img\\\/img_205458_85b9272862bd214a66c84bf62435c8f0_1.jpg?strip=all\",\"width\":900,\"height\":900},{\"@type\":\"BreadcrumbList\",\"@id\":\"https:\\\/\\\/lovme.pt\\\/index.php\\\/produto\\\/pdx-elite-masturbador-automatico-duplo-aquatico\\\/#breadcrumb\",\"itemListElement\":[{\"@type\":\"ListItem\",\"position\":1,\"name\":\"In\u00edcio\",\"item\":\"https:\\\/\\\/lovme.pt\\\/\"},{\"@type\":\"ListItem\",\"position\":2,\"name\":\"Loja\",\"item\":\"https:\\\/\\\/lovme.pt\\\/index.php\\\/loja\\\/\"},{\"@type\":\"ListItem\",\"position\":3,\"name\":\"PDX ELITE &#8211; MASTURBADOR AUTOM\u00c1TICO DUPLO AQU\u00c1TICO\"}]},{\"@type\":\"WebSite\",\"@id\":\"https:\\\/\\\/lovme.pt\\\/#website\",\"url\":\"https:\\\/\\\/lovme.pt\\\/\",\"name\":\"Lovme Loja Er\u00f3tica N\u00ba1 em Portugal\",\"description\":\"A melhor loja er\u00f3tica de Portugal.\",\"alternateName\":\"Loja Er\u00f3tica Lovme\",\"potentialAction\":[{\"@type\":\"SearchAction\",\"target\":{\"@type\":\"EntryPoint\",\"urlTemplate\":\"https:\\\/\\\/lovme.pt\\\/?s={search_term_string}\"},\"query-input\":{\"@type\":\"PropertyValueSpecification\",\"valueRequired\":true,\"valueName\":\"search_term_string\"}}],\"inLanguage\":\"pt-PT\"}]}<\/script>\n<!-- \/ Yoast SEO plugin. -->","yoast_head_json":{"title":"PDX ELITE - MASTURBADOR AUTOM\u00c1TICO DUPLO AQU\u00c1TICO - Lovme","robots":{"index":"index","follow":"follow","max-snippet":"max-snippet:-1","max-image-preview":"max-image-preview:large","max-video-preview":"max-video-preview:-1"},"canonical":"https:\/\/lovme.pt\/index.php\/produto\/pdx-elite-masturbador-automatico-duplo-aquatico\/","og_locale":"pt_PT","og_type":"article","og_title":"PDX ELITE - MASTURBADOR AUTOM\u00c1TICO DUPLO AQU\u00c1TICO - Lovme","og_description":"PDX ELITE - MASTURBADOR AUTOM\u00c1TICO DUPLO AQU\u00c1TICO","og_url":"https:\/\/lovme.pt\/index.php\/produto\/pdx-elite-masturbador-automatico-duplo-aquatico\/","og_site_name":"Lovme","article_modified_time":"2026-02-19T20:19:12+00:00","og_image":[{"width":900,"height":900,"url":"https:\/\/erki24nd3ub.exactdn.com\/wp-content\/uploads\/dream\/img\/img_205458_85b9272862bd214a66c84bf62435c8f0_1.jpg?strip=all","type":"image\/jpeg"}],"twitter_card":"summary_large_image","twitter_misc":{"Tempo estimado de leitura":"1 minuto"},"schema":{"@context":"https:\/\/schema.org","@graph":[{"@type":"WebPage","@id":"https:\/\/lovme.pt\/index.php\/produto\/pdx-elite-masturbador-automatico-duplo-aquatico\/","url":"https:\/\/lovme.pt\/index.php\/produto\/pdx-elite-masturbador-automatico-duplo-aquatico\/","name":"PDX ELITE - MASTURBADOR AUTOM\u00c1TICO DUPLO AQU\u00c1TICO - Lovme","isPartOf":{"@id":"https:\/\/lovme.pt\/#website"},"primaryImageOfPage":{"@id":"https:\/\/lovme.pt\/index.php\/produto\/pdx-elite-masturbador-automatico-duplo-aquatico\/#primaryimage"},"image":{"@id":"https:\/\/lovme.pt\/index.php\/produto\/pdx-elite-masturbador-automatico-duplo-aquatico\/#primaryimage"},"thumbnailUrl":"https:\/\/erki24nd3ub.exactdn.com\/wp-content\/uploads\/dream\/img\/img_205458_85b9272862bd214a66c84bf62435c8f0_1.jpg?strip=all","datePublished":"2025-10-01T02:30:07+00:00","dateModified":"2026-02-19T20:19:12+00:00","breadcrumb":{"@id":"https:\/\/lovme.pt\/index.php\/produto\/pdx-elite-masturbador-automatico-duplo-aquatico\/#breadcrumb"},"inLanguage":"pt-PT","potentialAction":[{"@type":"ReadAction","target":["https:\/\/lovme.pt\/index.php\/produto\/pdx-elite-masturbador-automatico-duplo-aquatico\/"]}]},{"@type":"ImageObject","inLanguage":"pt-PT","@id":"https:\/\/lovme.pt\/index.php\/produto\/pdx-elite-masturbador-automatico-duplo-aquatico\/#primaryimage","url":"https:\/\/erki24nd3ub.exactdn.com\/wp-content\/uploads\/dream\/img\/img_205458_85b9272862bd214a66c84bf62435c8f0_1.jpg?strip=all","contentUrl":"https:\/\/erki24nd3ub.exactdn.com\/wp-content\/uploads\/dream\/img\/img_205458_85b9272862bd214a66c84bf62435c8f0_1.jpg?strip=all","width":900,"height":900},{"@type":"BreadcrumbList","@id":"https:\/\/lovme.pt\/index.php\/produto\/pdx-elite-masturbador-automatico-duplo-aquatico\/#breadcrumb","itemListElement":[{"@type":"ListItem","position":1,"name":"In\u00edcio","item":"https:\/\/lovme.pt\/"},{"@type":"ListItem","position":2,"name":"Loja","item":"https:\/\/lovme.pt\/index.php\/loja\/"},{"@type":"ListItem","position":3,"name":"PDX ELITE &#8211; MASTURBADOR AUTOM\u00c1TICO DUPLO AQU\u00c1TICO"}]},{"@type":"WebSite","@id":"https:\/\/lovme.pt\/#website","url":"https:\/\/lovme.pt\/","name":"Lovme Loja Er\u00f3tica N\u00ba1 em Portugal","description":"A melhor loja er\u00f3tica de Portugal.","alternateName":"Loja Er\u00f3tica Lovme","potentialAction":[{"@type":"SearchAction","target":{"@type":"EntryPoint","urlTemplate":"https:\/\/lovme.pt\/?s={search_term_string}"},"query-input":{"@type":"PropertyValueSpecification","valueRequired":true,"valueName":"search_term_string"}}],"inLanguage":"pt-PT"}]}},"_links":{"self":[{"href":"https:\/\/lovme.pt\/index.php\/wp-json\/wp\/v2\/product\/52135","targetHints":{"allow":["GET"]}}],"collection":[{"href":"https:\/\/lovme.pt\/index.php\/wp-json\/wp\/v2\/product"}],"about":[{"href":"https:\/\/lovme.pt\/index.php\/wp-json\/wp\/v2\/types\/product"}],"wp:featuredmedia":[{"embeddable":true,"href":"https:\/\/lovme.pt\/index.php\/wp-json\/wp\/v2\/media\/97278"}],"wp:attachment":[{"href":"https:\/\/lovme.pt\/index.php\/wp-json\/wp\/v2\/media?parent=52135"}],"wp:term":[{"taxonomy":"product_brand","embeddable":true,"href":"https:\/\/lovme.pt\/index.php\/wp-json\/wp\/v2\/product_brand?post=52135"},{"taxonomy":"product_cat","embeddable":true,"href":"https:\/\/lovme.pt\/index.php\/wp-json\/wp\/v2\/product_cat?post=52135"},{"taxonomy":"product_tag","embeddable":true,"href":"https:\/\/lovme.pt\/index.php\/wp-json\/wp\/v2\/product_tag?post=52135"}],"curies":[{"name":"wp","href":"https:\/\/api.w.org\/{rel}","templated":true}]}}