{"id":52109,"date":"2025-10-01T02:08:54","date_gmt":"2025-10-01T02:08:54","guid":{"rendered":"https:\/\/lovme.pt\/?post_type=product&p=52109"},"modified":"2026-02-19T20:18:29","modified_gmt":"2026-02-19T20:18:29","slug":"durex-total-connection-ultra-fine-plus-sem-latex-10-unidades","status":"publish","type":"product","link":"https:\/\/lovme.pt\/index.php\/produto\/durex-total-connection-ultra-fine-plus-sem-latex-10-unidades\/","title":{"rendered":"DUREX &#8211; TOTAL CONNECTION ULTRA FINE PLUS SEM L\u00c1TEX 10 UNIDADES"},"content":{"rendered":"<p>Ultrafino e feito com nitrila mold\u00e1vel que proporciona melhor transfer\u00eancia de calor do que o l\u00e1tex.<\/p>\n<p>Durex Total Connection foi projetado para que tudo o que voc\u00ea sinta seja seu parceiro.<\/p>\n<p>Aviso sobre alergia ao l\u00e1tex Durex Total Connection. Eles s\u00e3o um material livre de l\u00e1tex, por isso s\u00e3o adequados para pessoas al\u00e9rgicas \u00e0s prote\u00ednas do l\u00e1tex de borracha natural. No entanto, algumas pessoas sens\u00edveis ao l\u00e1tex tamb\u00e9m podem ser sens\u00edveis a esses preservativos. Se sentir irrita\u00e7\u00e3o ou rea\u00e7\u00e3o al\u00e9rgica, pare de us\u00e1-los e procure orienta\u00e7\u00e3o m\u00e9dica.<\/p>\n<p>Lembre-se de que nenhum m\u00e9todo contraceptivo funciona 100% contra gravidez, HIV ou infec\u00e7\u00f5es sexualmente transmiss\u00edveis. Se voc\u00ea suspeitar que voc\u00ea ou sua parceira podem estar gr\u00e1vidas ou infectadas, consulte um m\u00e9dico imediatamente. Os preservativos podem apresentar risco de asfixia. Mantenha fora do alcance de crian\u00e7as.<\/p>\n<p><u><em><strong>BENEF\u00cdCIOS:<\/strong><\/em><\/u><\/p>\n<ul>\n<li><strong>CONEX\u00c3O TOTAL<\/strong> &#8211; Premium sem l\u00e1tex.<\/li>\n<li><strong>TRANSMITE MELHOR O CALOR DO CORPO<\/strong> : tecnologia revolucion\u00e1ria Body Feel, feita com nitrila mold\u00e1vel que proporciona melhor transfer\u00eancia de calor do que o l\u00e1tex.<\/li>\n<li><strong>PRESERVATIVO ULTRA FINO PLUS<\/strong> : sinta seu parceiro completamente.<\/li>\n<li>Silicone <strong>EXTRA LUBRIFICADO<\/strong> .<\/li>\n<li><strong>FORMATO RETO,<\/strong> macio e com dep\u00f3sito.<\/li>\n<\/ul>\n<p>\u00a0<\/p>\n","protected":false},"excerpt":{"rendered":"<p>DUREX &#8211; TOTAL CONNECTION ULTRA FINE PLUS SEM L\u00c1TEX 10 UNIDADES<\/p>\n","protected":false},"featured_media":95122,"template":"","meta":{"_acf_changed":false},"product_brand":[],"product_cat":[73],"product_tag":[],"class_list":{"0":"post-52109","1":"product","2":"type-product","3":"status-publish","4":"has-post-thumbnail","6":"product_cat-preservativos","7":"yith_product_brand-durex","8":"yith_product_brand-durexdurex-condoms","10":"first","11":"instock","12":"taxable","13":"shipping-taxable","14":"purchasable","15":"product-type-simple"},"acf":[],"yoast_head":"<!-- This site is optimized with the Yoast SEO plugin v27.4 - https:\/\/yoast.com\/product\/yoast-seo-wordpress\/ -->\n<title>DUREX - TOTAL CONNECTION ULTRA FINE PLUS SEM L\u00c1TEX 10 UNIDADES - Lovme<\/title>\n<meta name=\"robots\" content=\"index, follow, max-snippet:-1, max-image-preview:large, max-video-preview:-1\" \/>\n<link rel=\"canonical\" href=\"https:\/\/lovme.pt\/index.php\/produto\/durex-total-connection-ultra-fine-plus-sem-latex-10-unidades\/\" \/>\n<meta property=\"og:locale\" content=\"pt_PT\" \/>\n<meta property=\"og:type\" content=\"article\" \/>\n<meta property=\"og:title\" content=\"DUREX - TOTAL CONNECTION ULTRA FINE PLUS SEM L\u00c1TEX 10 UNIDADES - Lovme\" \/>\n<meta property=\"og:description\" content=\"DUREX - TOTAL CONNECTION ULTRA FINE PLUS SEM L\u00c1TEX 10 UNIDADES\" \/>\n<meta property=\"og:url\" content=\"https:\/\/lovme.pt\/index.php\/produto\/durex-total-connection-ultra-fine-plus-sem-latex-10-unidades\/\" \/>\n<meta property=\"og:site_name\" content=\"Lovme\" \/>\n<meta property=\"article:modified_time\" content=\"2026-02-19T20:18:29+00:00\" \/>\n<meta property=\"og:image\" content=\"https:\/\/erki24nd3ub.exactdn.com\/wp-content\/uploads\/dream\/img\/img_214448_7aff26793e6bbe9ef6065a34835c5015_1.jpg?strip=all\" \/>\n\t<meta property=\"og:image:width\" content=\"900\" \/>\n\t<meta property=\"og:image:height\" content=\"900\" \/>\n\t<meta property=\"og:image:type\" content=\"image\/jpeg\" \/>\n<meta name=\"twitter:card\" content=\"summary_large_image\" \/>\n<meta name=\"twitter:label1\" content=\"Tempo estimado de leitura\" \/>\n\t<meta name=\"twitter:data1\" content=\"1 minuto\" \/>\n<script type=\"application\/ld+json\" class=\"yoast-schema-graph\">{\"@context\":\"https:\\\/\\\/schema.org\",\"@graph\":[{\"@type\":\"WebPage\",\"@id\":\"https:\\\/\\\/lovme.pt\\\/index.php\\\/produto\\\/durex-total-connection-ultra-fine-plus-sem-latex-10-unidades\\\/\",\"url\":\"https:\\\/\\\/lovme.pt\\\/index.php\\\/produto\\\/durex-total-connection-ultra-fine-plus-sem-latex-10-unidades\\\/\",\"name\":\"DUREX - TOTAL CONNECTION ULTRA FINE PLUS SEM L\u00c1TEX 10 UNIDADES - Lovme\",\"isPartOf\":{\"@id\":\"https:\\\/\\\/lovme.pt\\\/#website\"},\"primaryImageOfPage\":{\"@id\":\"https:\\\/\\\/lovme.pt\\\/index.php\\\/produto\\\/durex-total-connection-ultra-fine-plus-sem-latex-10-unidades\\\/#primaryimage\"},\"image\":{\"@id\":\"https:\\\/\\\/lovme.pt\\\/index.php\\\/produto\\\/durex-total-connection-ultra-fine-plus-sem-latex-10-unidades\\\/#primaryimage\"},\"thumbnailUrl\":\"https:\\\/\\\/erki24nd3ub.exactdn.com\\\/wp-content\\\/uploads\\\/dream\\\/img\\\/img_214448_7aff26793e6bbe9ef6065a34835c5015_1.jpg?strip=all\",\"datePublished\":\"2025-10-01T02:08:54+00:00\",\"dateModified\":\"2026-02-19T20:18:29+00:00\",\"breadcrumb\":{\"@id\":\"https:\\\/\\\/lovme.pt\\\/index.php\\\/produto\\\/durex-total-connection-ultra-fine-plus-sem-latex-10-unidades\\\/#breadcrumb\"},\"inLanguage\":\"pt-PT\",\"potentialAction\":[{\"@type\":\"ReadAction\",\"target\":[\"https:\\\/\\\/lovme.pt\\\/index.php\\\/produto\\\/durex-total-connection-ultra-fine-plus-sem-latex-10-unidades\\\/\"]}]},{\"@type\":\"ImageObject\",\"inLanguage\":\"pt-PT\",\"@id\":\"https:\\\/\\\/lovme.pt\\\/index.php\\\/produto\\\/durex-total-connection-ultra-fine-plus-sem-latex-10-unidades\\\/#primaryimage\",\"url\":\"https:\\\/\\\/erki24nd3ub.exactdn.com\\\/wp-content\\\/uploads\\\/dream\\\/img\\\/img_214448_7aff26793e6bbe9ef6065a34835c5015_1.jpg?strip=all\",\"contentUrl\":\"https:\\\/\\\/erki24nd3ub.exactdn.com\\\/wp-content\\\/uploads\\\/dream\\\/img\\\/img_214448_7aff26793e6bbe9ef6065a34835c5015_1.jpg?strip=all\",\"width\":900,\"height\":900},{\"@type\":\"BreadcrumbList\",\"@id\":\"https:\\\/\\\/lovme.pt\\\/index.php\\\/produto\\\/durex-total-connection-ultra-fine-plus-sem-latex-10-unidades\\\/#breadcrumb\",\"itemListElement\":[{\"@type\":\"ListItem\",\"position\":1,\"name\":\"In\u00edcio\",\"item\":\"https:\\\/\\\/lovme.pt\\\/\"},{\"@type\":\"ListItem\",\"position\":2,\"name\":\"Loja\",\"item\":\"https:\\\/\\\/lovme.pt\\\/index.php\\\/loja\\\/\"},{\"@type\":\"ListItem\",\"position\":3,\"name\":\"DUREX &#8211; TOTAL CONNECTION ULTRA FINE PLUS SEM L\u00c1TEX 10 UNIDADES\"}]},{\"@type\":\"WebSite\",\"@id\":\"https:\\\/\\\/lovme.pt\\\/#website\",\"url\":\"https:\\\/\\\/lovme.pt\\\/\",\"name\":\"Lovme Loja Er\u00f3tica N\u00ba1 em Portugal\",\"description\":\"A melhor loja er\u00f3tica de Portugal.\",\"alternateName\":\"Loja Er\u00f3tica Lovme\",\"potentialAction\":[{\"@type\":\"SearchAction\",\"target\":{\"@type\":\"EntryPoint\",\"urlTemplate\":\"https:\\\/\\\/lovme.pt\\\/?s={search_term_string}\"},\"query-input\":{\"@type\":\"PropertyValueSpecification\",\"valueRequired\":true,\"valueName\":\"search_term_string\"}}],\"inLanguage\":\"pt-PT\"}]}<\/script>\n<!-- \/ Yoast SEO plugin. -->","yoast_head_json":{"title":"DUREX - TOTAL CONNECTION ULTRA FINE PLUS SEM L\u00c1TEX 10 UNIDADES - Lovme","robots":{"index":"index","follow":"follow","max-snippet":"max-snippet:-1","max-image-preview":"max-image-preview:large","max-video-preview":"max-video-preview:-1"},"canonical":"https:\/\/lovme.pt\/index.php\/produto\/durex-total-connection-ultra-fine-plus-sem-latex-10-unidades\/","og_locale":"pt_PT","og_type":"article","og_title":"DUREX - TOTAL CONNECTION ULTRA FINE PLUS SEM L\u00c1TEX 10 UNIDADES - Lovme","og_description":"DUREX - TOTAL CONNECTION ULTRA FINE PLUS SEM L\u00c1TEX 10 UNIDADES","og_url":"https:\/\/lovme.pt\/index.php\/produto\/durex-total-connection-ultra-fine-plus-sem-latex-10-unidades\/","og_site_name":"Lovme","article_modified_time":"2026-02-19T20:18:29+00:00","og_image":[{"width":900,"height":900,"url":"https:\/\/erki24nd3ub.exactdn.com\/wp-content\/uploads\/dream\/img\/img_214448_7aff26793e6bbe9ef6065a34835c5015_1.jpg?strip=all","type":"image\/jpeg"}],"twitter_card":"summary_large_image","twitter_misc":{"Tempo estimado de leitura":"1 minuto"},"schema":{"@context":"https:\/\/schema.org","@graph":[{"@type":"WebPage","@id":"https:\/\/lovme.pt\/index.php\/produto\/durex-total-connection-ultra-fine-plus-sem-latex-10-unidades\/","url":"https:\/\/lovme.pt\/index.php\/produto\/durex-total-connection-ultra-fine-plus-sem-latex-10-unidades\/","name":"DUREX - TOTAL CONNECTION ULTRA FINE PLUS SEM L\u00c1TEX 10 UNIDADES - Lovme","isPartOf":{"@id":"https:\/\/lovme.pt\/#website"},"primaryImageOfPage":{"@id":"https:\/\/lovme.pt\/index.php\/produto\/durex-total-connection-ultra-fine-plus-sem-latex-10-unidades\/#primaryimage"},"image":{"@id":"https:\/\/lovme.pt\/index.php\/produto\/durex-total-connection-ultra-fine-plus-sem-latex-10-unidades\/#primaryimage"},"thumbnailUrl":"https:\/\/erki24nd3ub.exactdn.com\/wp-content\/uploads\/dream\/img\/img_214448_7aff26793e6bbe9ef6065a34835c5015_1.jpg?strip=all","datePublished":"2025-10-01T02:08:54+00:00","dateModified":"2026-02-19T20:18:29+00:00","breadcrumb":{"@id":"https:\/\/lovme.pt\/index.php\/produto\/durex-total-connection-ultra-fine-plus-sem-latex-10-unidades\/#breadcrumb"},"inLanguage":"pt-PT","potentialAction":[{"@type":"ReadAction","target":["https:\/\/lovme.pt\/index.php\/produto\/durex-total-connection-ultra-fine-plus-sem-latex-10-unidades\/"]}]},{"@type":"ImageObject","inLanguage":"pt-PT","@id":"https:\/\/lovme.pt\/index.php\/produto\/durex-total-connection-ultra-fine-plus-sem-latex-10-unidades\/#primaryimage","url":"https:\/\/erki24nd3ub.exactdn.com\/wp-content\/uploads\/dream\/img\/img_214448_7aff26793e6bbe9ef6065a34835c5015_1.jpg?strip=all","contentUrl":"https:\/\/erki24nd3ub.exactdn.com\/wp-content\/uploads\/dream\/img\/img_214448_7aff26793e6bbe9ef6065a34835c5015_1.jpg?strip=all","width":900,"height":900},{"@type":"BreadcrumbList","@id":"https:\/\/lovme.pt\/index.php\/produto\/durex-total-connection-ultra-fine-plus-sem-latex-10-unidades\/#breadcrumb","itemListElement":[{"@type":"ListItem","position":1,"name":"In\u00edcio","item":"https:\/\/lovme.pt\/"},{"@type":"ListItem","position":2,"name":"Loja","item":"https:\/\/lovme.pt\/index.php\/loja\/"},{"@type":"ListItem","position":3,"name":"DUREX &#8211; TOTAL CONNECTION ULTRA FINE PLUS SEM L\u00c1TEX 10 UNIDADES"}]},{"@type":"WebSite","@id":"https:\/\/lovme.pt\/#website","url":"https:\/\/lovme.pt\/","name":"Lovme Loja Er\u00f3tica N\u00ba1 em Portugal","description":"A melhor loja er\u00f3tica de Portugal.","alternateName":"Loja Er\u00f3tica Lovme","potentialAction":[{"@type":"SearchAction","target":{"@type":"EntryPoint","urlTemplate":"https:\/\/lovme.pt\/?s={search_term_string}"},"query-input":{"@type":"PropertyValueSpecification","valueRequired":true,"valueName":"search_term_string"}}],"inLanguage":"pt-PT"}]}},"_links":{"self":[{"href":"https:\/\/lovme.pt\/index.php\/wp-json\/wp\/v2\/product\/52109","targetHints":{"allow":["GET"]}}],"collection":[{"href":"https:\/\/lovme.pt\/index.php\/wp-json\/wp\/v2\/product"}],"about":[{"href":"https:\/\/lovme.pt\/index.php\/wp-json\/wp\/v2\/types\/product"}],"wp:featuredmedia":[{"embeddable":true,"href":"https:\/\/lovme.pt\/index.php\/wp-json\/wp\/v2\/media\/95122"}],"wp:attachment":[{"href":"https:\/\/lovme.pt\/index.php\/wp-json\/wp\/v2\/media?parent=52109"}],"wp:term":[{"taxonomy":"product_brand","embeddable":true,"href":"https:\/\/lovme.pt\/index.php\/wp-json\/wp\/v2\/product_brand?post=52109"},{"taxonomy":"product_cat","embeddable":true,"href":"https:\/\/lovme.pt\/index.php\/wp-json\/wp\/v2\/product_cat?post=52109"},{"taxonomy":"product_tag","embeddable":true,"href":"https:\/\/lovme.pt\/index.php\/wp-json\/wp\/v2\/product_tag?post=52109"}],"curies":[{"name":"wp","href":"https:\/\/api.w.org\/{rel}","templated":true}]}}