{"id":52106,"date":"2025-10-01T00:34:49","date_gmt":"2025-10-01T00:34:49","guid":{"rendered":"https:\/\/lovme.pt\/?post_type=product&p=52106"},"modified":"2026-02-19T20:15:57","modified_gmt":"2026-02-19T20:15:57","slug":"leg-avenue-meias-altas-sem-pe-de-renda-com-anel-de-dedo-pretas","status":"publish","type":"product","link":"https:\/\/lovme.pt\/index.php\/produto\/leg-avenue-meias-altas-sem-pe-de-renda-com-anel-de-dedo-pretas\/","title":{"rendered":"LEG AVENUE &#8211; MEIAS ALTAS SEM P\u00c9 DE RENDA COM ANEL DE DEDO PRETAS"},"content":{"rendered":"<p>Ouse ser diferente com as meias de dedo arrast\u00e3o sem p\u00e9, uma vers\u00e3o moderna de um estilo cl\u00e1ssico e sedutor. Essas meias de dedo arrast\u00e3o sem costura oferecem um visual sensual e real\u00e7ador de pernas com um design exclusivo de tiras para os dedos, garantindo um ajuste seguro que permanece no lugar e real\u00e7a lindamente seus p\u00e9s.<\/p>\n<p><strong>Caracter\u00edsticas:<\/strong><\/p>\n<ul>\n<li>M\u00e1ximo 30 graus com cuidado<\/li>\n<li>N\u00e3o engomar<\/li>\n<li>N\u00e3o usar alvejante com cloro<\/li>\n<li>N\u00e3o lavar a seco<\/li>\n<li>Embalagem: Cabide de meia com capa<\/li>\n<li>Dimens\u00f5es da embalagem: 19 x 12 x 2 cm<\/li>\n<li>Status do modelo: Gratuito<\/li>\n<\/ul>\n<p><strong>A Leg Avenue<\/strong> tem os produtos que voc\u00ea procura, comprometida em oferecer aos clientes produtos inovadores, pre\u00e7os competitivos e uma grande satisfa\u00e7\u00e3o, direto do bairro mais elegante de Los Angeles.<\/p>\n<p>Aqui, \u00e9 tudo sobre voc\u00ea! Entendemos que cada corpo \u00e9 \u00fanico e acreditamos que todas as mulheres devem ter uma apar\u00eancia e se sentir fant\u00e1sticas, independentemente do seu tamanho ou forma. Ent\u00e3o fique tranquila, nossos designs est\u00e3o sempre focados em destacar suas melhores caracter\u00edsticas. E realmente falamos s\u00e9rio quando dizemos que valorizamos tecidos supermacios e elasticidade de n\u00edvel superior. Conforto e estilo? Confira duas vezes!<\/p>\n<p>A variedade \u00e9 a chave para o nosso sucesso, e voc\u00ea pode ver isso em nossos estilos. Nossos designers misturam e combinam materiais como profissionais, dando \u00e0s nossas cria\u00e7\u00f5es aquele ar inconfund\u00edvel de luxo para que voc\u00ea se sinta absolutamente de primeira linha. Seja uma renda que faz seus sentidos formigarem ou um cetim supermacio que suas m\u00e3os n\u00e3o conseguem resistir, fazemos tudo o que podemos para lhe trazer algo especial.<\/p>\n<p><strong>A Leg Avenue<\/strong> \u00e9 cheia de paix\u00e3o, divers\u00e3o e autoexpress\u00e3o. Queremos que voc\u00ea seja completamente voc\u00ea mesmo, com um toque de travessura e montanhas de confian\u00e7a. Descubra como nossa lingerie, meias e fantasias levam seu visual para o pr\u00f3ximo n\u00edvel. Juntos, aspiramos ao fant\u00e1stico e provamos que estilo n\u00e3o tem tamanho!<\/p>\n","protected":false},"excerpt":{"rendered":"<p>LEG AVENUE &#8211; MEIAS ALTAS SEM P\u00c9S DE RENDA COM ANEL DE DEDO PRETAS<\/p>\n","protected":false},"featured_media":89091,"template":"","meta":{"_acf_changed":false},"product_brand":[],"product_cat":[47,66],"product_tag":[],"class_list":{"0":"post-52106","1":"product","2":"type-product","3":"status-publish","4":"has-post-thumbnail","6":"product_cat-lingerie","7":"product_cat-lingerie-feminina","8":"yith_product_brand-leg-avenue","9":"yith_product_brand-leg-avenueleg-avenue-hosiery","11":"first","12":"instock","13":"taxable","14":"shipping-taxable","15":"purchasable","16":"product-type-simple"},"acf":[],"yoast_head":"<!-- This site is optimized with the Yoast SEO plugin v27.4 - https:\/\/yoast.com\/product\/yoast-seo-wordpress\/ -->\n<title>LEG AVENUE - MEIAS ALTAS SEM P\u00c9 DE RENDA COM ANEL DE DEDO PRETAS - Lovme<\/title>\n<meta name=\"robots\" content=\"index, follow, max-snippet:-1, max-image-preview:large, max-video-preview:-1\" \/>\n<link rel=\"canonical\" href=\"https:\/\/lovme.pt\/index.php\/produto\/leg-avenue-meias-altas-sem-pe-de-renda-com-anel-de-dedo-pretas\/\" \/>\n<meta property=\"og:locale\" content=\"pt_PT\" \/>\n<meta property=\"og:type\" content=\"article\" \/>\n<meta property=\"og:title\" content=\"LEG AVENUE - MEIAS ALTAS SEM P\u00c9 DE RENDA COM ANEL DE DEDO PRETAS - Lovme\" \/>\n<meta property=\"og:description\" content=\"LEG AVENUE - MEIAS ALTAS SEM P\u00c9S DE RENDA COM ANEL DE DEDO PRETAS\" \/>\n<meta property=\"og:url\" content=\"https:\/\/lovme.pt\/index.php\/produto\/leg-avenue-meias-altas-sem-pe-de-renda-com-anel-de-dedo-pretas\/\" \/>\n<meta property=\"og:site_name\" content=\"Lovme\" \/>\n<meta property=\"article:modified_time\" content=\"2026-02-19T20:15:57+00:00\" \/>\n<meta property=\"og:image\" content=\"https:\/\/erki24nd3ub.exactdn.com\/wp-content\/uploads\/dream\/img\/img_205354_c0a82f3a5e2f9424126e5b66ec3dd5f8_1.jpg?strip=all\" \/>\n\t<meta property=\"og:image:width\" content=\"900\" \/>\n\t<meta property=\"og:image:height\" content=\"900\" \/>\n\t<meta property=\"og:image:type\" content=\"image\/jpeg\" \/>\n<meta name=\"twitter:card\" content=\"summary_large_image\" \/>\n<meta name=\"twitter:label1\" content=\"Tempo estimado de leitura\" \/>\n\t<meta name=\"twitter:data1\" content=\"2 minutos\" \/>\n<script type=\"application\/ld+json\" class=\"yoast-schema-graph\">{\"@context\":\"https:\\\/\\\/schema.org\",\"@graph\":[{\"@type\":\"WebPage\",\"@id\":\"https:\\\/\\\/lovme.pt\\\/index.php\\\/produto\\\/leg-avenue-meias-altas-sem-pe-de-renda-com-anel-de-dedo-pretas\\\/\",\"url\":\"https:\\\/\\\/lovme.pt\\\/index.php\\\/produto\\\/leg-avenue-meias-altas-sem-pe-de-renda-com-anel-de-dedo-pretas\\\/\",\"name\":\"LEG AVENUE - MEIAS ALTAS SEM P\u00c9 DE RENDA COM ANEL DE DEDO PRETAS - Lovme\",\"isPartOf\":{\"@id\":\"https:\\\/\\\/lovme.pt\\\/#website\"},\"primaryImageOfPage\":{\"@id\":\"https:\\\/\\\/lovme.pt\\\/index.php\\\/produto\\\/leg-avenue-meias-altas-sem-pe-de-renda-com-anel-de-dedo-pretas\\\/#primaryimage\"},\"image\":{\"@id\":\"https:\\\/\\\/lovme.pt\\\/index.php\\\/produto\\\/leg-avenue-meias-altas-sem-pe-de-renda-com-anel-de-dedo-pretas\\\/#primaryimage\"},\"thumbnailUrl\":\"https:\\\/\\\/erki24nd3ub.exactdn.com\\\/wp-content\\\/uploads\\\/dream\\\/img\\\/img_205354_c0a82f3a5e2f9424126e5b66ec3dd5f8_1.jpg?strip=all\",\"datePublished\":\"2025-10-01T00:34:49+00:00\",\"dateModified\":\"2026-02-19T20:15:57+00:00\",\"breadcrumb\":{\"@id\":\"https:\\\/\\\/lovme.pt\\\/index.php\\\/produto\\\/leg-avenue-meias-altas-sem-pe-de-renda-com-anel-de-dedo-pretas\\\/#breadcrumb\"},\"inLanguage\":\"pt-PT\",\"potentialAction\":[{\"@type\":\"ReadAction\",\"target\":[\"https:\\\/\\\/lovme.pt\\\/index.php\\\/produto\\\/leg-avenue-meias-altas-sem-pe-de-renda-com-anel-de-dedo-pretas\\\/\"]}]},{\"@type\":\"ImageObject\",\"inLanguage\":\"pt-PT\",\"@id\":\"https:\\\/\\\/lovme.pt\\\/index.php\\\/produto\\\/leg-avenue-meias-altas-sem-pe-de-renda-com-anel-de-dedo-pretas\\\/#primaryimage\",\"url\":\"https:\\\/\\\/erki24nd3ub.exactdn.com\\\/wp-content\\\/uploads\\\/dream\\\/img\\\/img_205354_c0a82f3a5e2f9424126e5b66ec3dd5f8_1.jpg?strip=all\",\"contentUrl\":\"https:\\\/\\\/erki24nd3ub.exactdn.com\\\/wp-content\\\/uploads\\\/dream\\\/img\\\/img_205354_c0a82f3a5e2f9424126e5b66ec3dd5f8_1.jpg?strip=all\",\"width\":900,\"height\":900},{\"@type\":\"BreadcrumbList\",\"@id\":\"https:\\\/\\\/lovme.pt\\\/index.php\\\/produto\\\/leg-avenue-meias-altas-sem-pe-de-renda-com-anel-de-dedo-pretas\\\/#breadcrumb\",\"itemListElement\":[{\"@type\":\"ListItem\",\"position\":1,\"name\":\"In\u00edcio\",\"item\":\"https:\\\/\\\/lovme.pt\\\/\"},{\"@type\":\"ListItem\",\"position\":2,\"name\":\"Loja\",\"item\":\"https:\\\/\\\/lovme.pt\\\/index.php\\\/loja\\\/\"},{\"@type\":\"ListItem\",\"position\":3,\"name\":\"LEG AVENUE &#8211; MEIAS ALTAS SEM P\u00c9 DE RENDA COM ANEL DE DEDO PRETAS\"}]},{\"@type\":\"WebSite\",\"@id\":\"https:\\\/\\\/lovme.pt\\\/#website\",\"url\":\"https:\\\/\\\/lovme.pt\\\/\",\"name\":\"Lovme Loja Er\u00f3tica N\u00ba1 em Portugal\",\"description\":\"A melhor loja er\u00f3tica de Portugal.\",\"alternateName\":\"Loja Er\u00f3tica Lovme\",\"potentialAction\":[{\"@type\":\"SearchAction\",\"target\":{\"@type\":\"EntryPoint\",\"urlTemplate\":\"https:\\\/\\\/lovme.pt\\\/?s={search_term_string}\"},\"query-input\":{\"@type\":\"PropertyValueSpecification\",\"valueRequired\":true,\"valueName\":\"search_term_string\"}}],\"inLanguage\":\"pt-PT\"}]}<\/script>\n<!-- \/ Yoast SEO plugin. -->","yoast_head_json":{"title":"LEG AVENUE - MEIAS ALTAS SEM P\u00c9 DE RENDA COM ANEL DE DEDO PRETAS - Lovme","robots":{"index":"index","follow":"follow","max-snippet":"max-snippet:-1","max-image-preview":"max-image-preview:large","max-video-preview":"max-video-preview:-1"},"canonical":"https:\/\/lovme.pt\/index.php\/produto\/leg-avenue-meias-altas-sem-pe-de-renda-com-anel-de-dedo-pretas\/","og_locale":"pt_PT","og_type":"article","og_title":"LEG AVENUE - MEIAS ALTAS SEM P\u00c9 DE RENDA COM ANEL DE DEDO PRETAS - Lovme","og_description":"LEG AVENUE - MEIAS ALTAS SEM P\u00c9S DE RENDA COM ANEL DE DEDO PRETAS","og_url":"https:\/\/lovme.pt\/index.php\/produto\/leg-avenue-meias-altas-sem-pe-de-renda-com-anel-de-dedo-pretas\/","og_site_name":"Lovme","article_modified_time":"2026-02-19T20:15:57+00:00","og_image":[{"width":900,"height":900,"url":"https:\/\/erki24nd3ub.exactdn.com\/wp-content\/uploads\/dream\/img\/img_205354_c0a82f3a5e2f9424126e5b66ec3dd5f8_1.jpg?strip=all","type":"image\/jpeg"}],"twitter_card":"summary_large_image","twitter_misc":{"Tempo estimado de leitura":"2 minutos"},"schema":{"@context":"https:\/\/schema.org","@graph":[{"@type":"WebPage","@id":"https:\/\/lovme.pt\/index.php\/produto\/leg-avenue-meias-altas-sem-pe-de-renda-com-anel-de-dedo-pretas\/","url":"https:\/\/lovme.pt\/index.php\/produto\/leg-avenue-meias-altas-sem-pe-de-renda-com-anel-de-dedo-pretas\/","name":"LEG AVENUE - MEIAS ALTAS SEM P\u00c9 DE RENDA COM ANEL DE DEDO PRETAS - Lovme","isPartOf":{"@id":"https:\/\/lovme.pt\/#website"},"primaryImageOfPage":{"@id":"https:\/\/lovme.pt\/index.php\/produto\/leg-avenue-meias-altas-sem-pe-de-renda-com-anel-de-dedo-pretas\/#primaryimage"},"image":{"@id":"https:\/\/lovme.pt\/index.php\/produto\/leg-avenue-meias-altas-sem-pe-de-renda-com-anel-de-dedo-pretas\/#primaryimage"},"thumbnailUrl":"https:\/\/erki24nd3ub.exactdn.com\/wp-content\/uploads\/dream\/img\/img_205354_c0a82f3a5e2f9424126e5b66ec3dd5f8_1.jpg?strip=all","datePublished":"2025-10-01T00:34:49+00:00","dateModified":"2026-02-19T20:15:57+00:00","breadcrumb":{"@id":"https:\/\/lovme.pt\/index.php\/produto\/leg-avenue-meias-altas-sem-pe-de-renda-com-anel-de-dedo-pretas\/#breadcrumb"},"inLanguage":"pt-PT","potentialAction":[{"@type":"ReadAction","target":["https:\/\/lovme.pt\/index.php\/produto\/leg-avenue-meias-altas-sem-pe-de-renda-com-anel-de-dedo-pretas\/"]}]},{"@type":"ImageObject","inLanguage":"pt-PT","@id":"https:\/\/lovme.pt\/index.php\/produto\/leg-avenue-meias-altas-sem-pe-de-renda-com-anel-de-dedo-pretas\/#primaryimage","url":"https:\/\/erki24nd3ub.exactdn.com\/wp-content\/uploads\/dream\/img\/img_205354_c0a82f3a5e2f9424126e5b66ec3dd5f8_1.jpg?strip=all","contentUrl":"https:\/\/erki24nd3ub.exactdn.com\/wp-content\/uploads\/dream\/img\/img_205354_c0a82f3a5e2f9424126e5b66ec3dd5f8_1.jpg?strip=all","width":900,"height":900},{"@type":"BreadcrumbList","@id":"https:\/\/lovme.pt\/index.php\/produto\/leg-avenue-meias-altas-sem-pe-de-renda-com-anel-de-dedo-pretas\/#breadcrumb","itemListElement":[{"@type":"ListItem","position":1,"name":"In\u00edcio","item":"https:\/\/lovme.pt\/"},{"@type":"ListItem","position":2,"name":"Loja","item":"https:\/\/lovme.pt\/index.php\/loja\/"},{"@type":"ListItem","position":3,"name":"LEG AVENUE &#8211; MEIAS ALTAS SEM P\u00c9 DE RENDA COM ANEL DE DEDO PRETAS"}]},{"@type":"WebSite","@id":"https:\/\/lovme.pt\/#website","url":"https:\/\/lovme.pt\/","name":"Lovme Loja Er\u00f3tica N\u00ba1 em Portugal","description":"A melhor loja er\u00f3tica de Portugal.","alternateName":"Loja Er\u00f3tica Lovme","potentialAction":[{"@type":"SearchAction","target":{"@type":"EntryPoint","urlTemplate":"https:\/\/lovme.pt\/?s={search_term_string}"},"query-input":{"@type":"PropertyValueSpecification","valueRequired":true,"valueName":"search_term_string"}}],"inLanguage":"pt-PT"}]}},"_links":{"self":[{"href":"https:\/\/lovme.pt\/index.php\/wp-json\/wp\/v2\/product\/52106","targetHints":{"allow":["GET"]}}],"collection":[{"href":"https:\/\/lovme.pt\/index.php\/wp-json\/wp\/v2\/product"}],"about":[{"href":"https:\/\/lovme.pt\/index.php\/wp-json\/wp\/v2\/types\/product"}],"wp:featuredmedia":[{"embeddable":true,"href":"https:\/\/lovme.pt\/index.php\/wp-json\/wp\/v2\/media\/89091"}],"wp:attachment":[{"href":"https:\/\/lovme.pt\/index.php\/wp-json\/wp\/v2\/media?parent=52106"}],"wp:term":[{"taxonomy":"product_brand","embeddable":true,"href":"https:\/\/lovme.pt\/index.php\/wp-json\/wp\/v2\/product_brand?post=52106"},{"taxonomy":"product_cat","embeddable":true,"href":"https:\/\/lovme.pt\/index.php\/wp-json\/wp\/v2\/product_cat?post=52106"},{"taxonomy":"product_tag","embeddable":true,"href":"https:\/\/lovme.pt\/index.php\/wp-json\/wp\/v2\/product_tag?post=52106"}],"curies":[{"name":"wp","href":"https:\/\/api.w.org\/{rel}","templated":true}]}}