{"id":52098,"date":"2025-10-01T00:34:45","date_gmt":"2025-10-01T00:34:45","guid":{"rendered":"https:\/\/lovme.pt\/?post_type=product&p=52098"},"modified":"2026-02-19T20:15:56","modified_gmt":"2026-02-19T20:15:56","slug":"leg-avenue-calca-calca-renda-com-ilhos-laranja-neon","status":"publish","type":"product","link":"https:\/\/lovme.pt\/index.php\/produto\/leg-avenue-calca-calca-renda-com-ilhos-laranja-neon\/","title":{"rendered":"LEG AVENUE &#8211; CAL\u00c7A-CAL\u00c7A RENDA COM ILH\u00d3S LARANJA NEON"},"content":{"rendered":"<p>Adicione um toque de cor e estilo ao seu guarda-roupa com estas meias-cal\u00e7as fishnet ilh\u00f3s, projetadas para se destacar. Apresentando uma estampa fishnet geom\u00e9trica moderna, estas meias-cal\u00e7as criam um visual ousado e chamativo, perfeito para festivais, sa\u00eddas \u00e0 noite ou uso di\u00e1rio.<\/p>\n<p><strong>Caracter\u00edsticas:<\/strong><\/p>\n<ul>\n<li>94% Nylon, 6% Elastano<\/li>\n<li>M\u00e1ximo 30 graus com cuidado<\/li>\n<li>N\u00e3o engomar<\/li>\n<li>N\u00e3o usar alvejante com cloro<\/li>\n<li>N\u00e3o lavar a seco<\/li>\n<li>Embalagem: Cabide de meia com manga<\/li>\n<li>Dimens\u00f5es da embalagem: 19 x 12 x 2 cm<\/li>\n<li>Condi\u00e7\u00e3o do modelo: Gr\u00e1tis<\/li>\n<\/ul>\n<p><strong>A Leg Avenue<\/strong> tem os produtos que voc\u00ea procura. Comprometida em oferecer aos clientes produtos inovadores, pre\u00e7os competitivos e grande satisfa\u00e7\u00e3o do cliente, direto do bairro mais elegante de Los Angeles.<\/p>\n<p>Aqui, \u00e9 tudo sobre voc\u00ea! Entendemos que cada corpo \u00e9 \u00fanico e acreditamos que todas as mulheres devem ter uma apar\u00eancia e se sentir fant\u00e1sticas, independentemente do seu tamanho ou forma. Ent\u00e3o fique tranquila, nossos designs est\u00e3o sempre focados em destacar suas melhores caracter\u00edsticas. E realmente falamos s\u00e9rio quando dizemos que valorizamos tecidos supermacios e elasticidade de n\u00edvel superior. Conforto e estilo? Confira duas vezes!<\/p>\n<p>A variedade \u00e9 a chave para o nosso sucesso, e voc\u00ea pode ver isso em nossos estilos. Nossos designers misturam e combinam materiais como profissionais, dando \u00e0s nossas cria\u00e7\u00f5es aquele ar inconfund\u00edvel de luxo para que voc\u00ea se sinta absolutamente de primeira linha. Seja uma renda que faz seus sentidos formigarem ou um cetim supermacio que suas m\u00e3os n\u00e3o conseguem resistir, fazemos tudo o que podemos para lhe trazer algo especial.<\/p>\n<p><strong>A Leg Avenue<\/strong> \u00e9 cheia de paix\u00e3o, divers\u00e3o e autoexpress\u00e3o. Queremos que voc\u00ea seja completamente voc\u00ea mesmo, com um toque de travessura e montanhas de confian\u00e7a. Descubra como nossa lingerie, meias e fantasias levam seu visual para o pr\u00f3ximo n\u00edvel. Juntos, aspiramos ao fant\u00e1stico e provamos que estilo n\u00e3o tem tamanho!<\/p>\n","protected":false},"excerpt":{"rendered":"<p>LEG AVENUE &#8211; CAL\u00c7A-CAL\u00c7A RENDA COM ILH\u00d3S LARANJA NEON<\/p>\n","protected":false},"featured_media":89082,"template":"","meta":{"_acf_changed":false},"product_brand":[],"product_cat":[47,66],"product_tag":[],"class_list":{"0":"post-52098","1":"product","2":"type-product","3":"status-publish","4":"has-post-thumbnail","6":"product_cat-lingerie","7":"product_cat-lingerie-feminina","8":"yith_product_brand-leg-avenue","9":"yith_product_brand-leg-avenueleg-avenue-hosiery","11":"first","12":"instock","13":"taxable","14":"shipping-taxable","15":"purchasable","16":"product-type-simple"},"acf":[],"yoast_head":"<!-- This site is optimized with the Yoast SEO plugin v27.4 - https:\/\/yoast.com\/product\/yoast-seo-wordpress\/ -->\n<title>LEG AVENUE - CAL\u00c7A-CAL\u00c7A RENDA COM ILH\u00d3S LARANJA NEON - Lovme<\/title>\n<meta name=\"robots\" content=\"index, follow, max-snippet:-1, max-image-preview:large, max-video-preview:-1\" \/>\n<link rel=\"canonical\" href=\"https:\/\/lovme.pt\/index.php\/produto\/leg-avenue-calca-calca-renda-com-ilhos-laranja-neon\/\" \/>\n<meta property=\"og:locale\" content=\"pt_PT\" \/>\n<meta property=\"og:type\" content=\"article\" \/>\n<meta property=\"og:title\" content=\"LEG AVENUE - CAL\u00c7A-CAL\u00c7A RENDA COM ILH\u00d3S LARANJA NEON - Lovme\" \/>\n<meta property=\"og:description\" content=\"LEG AVENUE - CAL\u00c7A-CAL\u00c7A RENDA COM ILH\u00d3S LARANJA NEON\" \/>\n<meta property=\"og:url\" content=\"https:\/\/lovme.pt\/index.php\/produto\/leg-avenue-calca-calca-renda-com-ilhos-laranja-neon\/\" \/>\n<meta property=\"og:site_name\" content=\"Lovme\" \/>\n<meta property=\"article:modified_time\" content=\"2026-02-19T20:15:56+00:00\" \/>\n<meta property=\"og:image\" content=\"https:\/\/erki24nd3ub.exactdn.com\/wp-content\/uploads\/dream\/img\/img_205342_c734f0b7651eeba4c888538b5c6edc8b_1.jpg?strip=all\" \/>\n\t<meta property=\"og:image:width\" content=\"900\" \/>\n\t<meta property=\"og:image:height\" content=\"900\" \/>\n\t<meta property=\"og:image:type\" content=\"image\/jpeg\" \/>\n<meta name=\"twitter:card\" content=\"summary_large_image\" \/>\n<meta name=\"twitter:label1\" content=\"Tempo estimado de leitura\" \/>\n\t<meta name=\"twitter:data1\" content=\"2 minutos\" \/>\n<script type=\"application\/ld+json\" class=\"yoast-schema-graph\">{\"@context\":\"https:\\\/\\\/schema.org\",\"@graph\":[{\"@type\":\"WebPage\",\"@id\":\"https:\\\/\\\/lovme.pt\\\/index.php\\\/produto\\\/leg-avenue-calca-calca-renda-com-ilhos-laranja-neon\\\/\",\"url\":\"https:\\\/\\\/lovme.pt\\\/index.php\\\/produto\\\/leg-avenue-calca-calca-renda-com-ilhos-laranja-neon\\\/\",\"name\":\"LEG AVENUE - CAL\u00c7A-CAL\u00c7A RENDA COM ILH\u00d3S LARANJA NEON - Lovme\",\"isPartOf\":{\"@id\":\"https:\\\/\\\/lovme.pt\\\/#website\"},\"primaryImageOfPage\":{\"@id\":\"https:\\\/\\\/lovme.pt\\\/index.php\\\/produto\\\/leg-avenue-calca-calca-renda-com-ilhos-laranja-neon\\\/#primaryimage\"},\"image\":{\"@id\":\"https:\\\/\\\/lovme.pt\\\/index.php\\\/produto\\\/leg-avenue-calca-calca-renda-com-ilhos-laranja-neon\\\/#primaryimage\"},\"thumbnailUrl\":\"https:\\\/\\\/erki24nd3ub.exactdn.com\\\/wp-content\\\/uploads\\\/dream\\\/img\\\/img_205342_c734f0b7651eeba4c888538b5c6edc8b_1.jpg?strip=all\",\"datePublished\":\"2025-10-01T00:34:45+00:00\",\"dateModified\":\"2026-02-19T20:15:56+00:00\",\"breadcrumb\":{\"@id\":\"https:\\\/\\\/lovme.pt\\\/index.php\\\/produto\\\/leg-avenue-calca-calca-renda-com-ilhos-laranja-neon\\\/#breadcrumb\"},\"inLanguage\":\"pt-PT\",\"potentialAction\":[{\"@type\":\"ReadAction\",\"target\":[\"https:\\\/\\\/lovme.pt\\\/index.php\\\/produto\\\/leg-avenue-calca-calca-renda-com-ilhos-laranja-neon\\\/\"]}]},{\"@type\":\"ImageObject\",\"inLanguage\":\"pt-PT\",\"@id\":\"https:\\\/\\\/lovme.pt\\\/index.php\\\/produto\\\/leg-avenue-calca-calca-renda-com-ilhos-laranja-neon\\\/#primaryimage\",\"url\":\"https:\\\/\\\/erki24nd3ub.exactdn.com\\\/wp-content\\\/uploads\\\/dream\\\/img\\\/img_205342_c734f0b7651eeba4c888538b5c6edc8b_1.jpg?strip=all\",\"contentUrl\":\"https:\\\/\\\/erki24nd3ub.exactdn.com\\\/wp-content\\\/uploads\\\/dream\\\/img\\\/img_205342_c734f0b7651eeba4c888538b5c6edc8b_1.jpg?strip=all\",\"width\":900,\"height\":900},{\"@type\":\"BreadcrumbList\",\"@id\":\"https:\\\/\\\/lovme.pt\\\/index.php\\\/produto\\\/leg-avenue-calca-calca-renda-com-ilhos-laranja-neon\\\/#breadcrumb\",\"itemListElement\":[{\"@type\":\"ListItem\",\"position\":1,\"name\":\"In\u00edcio\",\"item\":\"https:\\\/\\\/lovme.pt\\\/\"},{\"@type\":\"ListItem\",\"position\":2,\"name\":\"Loja\",\"item\":\"https:\\\/\\\/lovme.pt\\\/index.php\\\/loja\\\/\"},{\"@type\":\"ListItem\",\"position\":3,\"name\":\"LEG AVENUE &#8211; CAL\u00c7A-CAL\u00c7A RENDA COM ILH\u00d3S LARANJA NEON\"}]},{\"@type\":\"WebSite\",\"@id\":\"https:\\\/\\\/lovme.pt\\\/#website\",\"url\":\"https:\\\/\\\/lovme.pt\\\/\",\"name\":\"Lovme Loja Er\u00f3tica N\u00ba1 em Portugal\",\"description\":\"A melhor loja er\u00f3tica de Portugal.\",\"alternateName\":\"Loja Er\u00f3tica Lovme\",\"potentialAction\":[{\"@type\":\"SearchAction\",\"target\":{\"@type\":\"EntryPoint\",\"urlTemplate\":\"https:\\\/\\\/lovme.pt\\\/?s={search_term_string}\"},\"query-input\":{\"@type\":\"PropertyValueSpecification\",\"valueRequired\":true,\"valueName\":\"search_term_string\"}}],\"inLanguage\":\"pt-PT\"}]}<\/script>\n<!-- \/ Yoast SEO plugin. -->","yoast_head_json":{"title":"LEG AVENUE - CAL\u00c7A-CAL\u00c7A RENDA COM ILH\u00d3S LARANJA NEON - Lovme","robots":{"index":"index","follow":"follow","max-snippet":"max-snippet:-1","max-image-preview":"max-image-preview:large","max-video-preview":"max-video-preview:-1"},"canonical":"https:\/\/lovme.pt\/index.php\/produto\/leg-avenue-calca-calca-renda-com-ilhos-laranja-neon\/","og_locale":"pt_PT","og_type":"article","og_title":"LEG AVENUE - CAL\u00c7A-CAL\u00c7A RENDA COM ILH\u00d3S LARANJA NEON - Lovme","og_description":"LEG AVENUE - CAL\u00c7A-CAL\u00c7A RENDA COM ILH\u00d3S LARANJA NEON","og_url":"https:\/\/lovme.pt\/index.php\/produto\/leg-avenue-calca-calca-renda-com-ilhos-laranja-neon\/","og_site_name":"Lovme","article_modified_time":"2026-02-19T20:15:56+00:00","og_image":[{"width":900,"height":900,"url":"https:\/\/erki24nd3ub.exactdn.com\/wp-content\/uploads\/dream\/img\/img_205342_c734f0b7651eeba4c888538b5c6edc8b_1.jpg?strip=all","type":"image\/jpeg"}],"twitter_card":"summary_large_image","twitter_misc":{"Tempo estimado de leitura":"2 minutos"},"schema":{"@context":"https:\/\/schema.org","@graph":[{"@type":"WebPage","@id":"https:\/\/lovme.pt\/index.php\/produto\/leg-avenue-calca-calca-renda-com-ilhos-laranja-neon\/","url":"https:\/\/lovme.pt\/index.php\/produto\/leg-avenue-calca-calca-renda-com-ilhos-laranja-neon\/","name":"LEG AVENUE - CAL\u00c7A-CAL\u00c7A RENDA COM ILH\u00d3S LARANJA NEON - Lovme","isPartOf":{"@id":"https:\/\/lovme.pt\/#website"},"primaryImageOfPage":{"@id":"https:\/\/lovme.pt\/index.php\/produto\/leg-avenue-calca-calca-renda-com-ilhos-laranja-neon\/#primaryimage"},"image":{"@id":"https:\/\/lovme.pt\/index.php\/produto\/leg-avenue-calca-calca-renda-com-ilhos-laranja-neon\/#primaryimage"},"thumbnailUrl":"https:\/\/erki24nd3ub.exactdn.com\/wp-content\/uploads\/dream\/img\/img_205342_c734f0b7651eeba4c888538b5c6edc8b_1.jpg?strip=all","datePublished":"2025-10-01T00:34:45+00:00","dateModified":"2026-02-19T20:15:56+00:00","breadcrumb":{"@id":"https:\/\/lovme.pt\/index.php\/produto\/leg-avenue-calca-calca-renda-com-ilhos-laranja-neon\/#breadcrumb"},"inLanguage":"pt-PT","potentialAction":[{"@type":"ReadAction","target":["https:\/\/lovme.pt\/index.php\/produto\/leg-avenue-calca-calca-renda-com-ilhos-laranja-neon\/"]}]},{"@type":"ImageObject","inLanguage":"pt-PT","@id":"https:\/\/lovme.pt\/index.php\/produto\/leg-avenue-calca-calca-renda-com-ilhos-laranja-neon\/#primaryimage","url":"https:\/\/erki24nd3ub.exactdn.com\/wp-content\/uploads\/dream\/img\/img_205342_c734f0b7651eeba4c888538b5c6edc8b_1.jpg?strip=all","contentUrl":"https:\/\/erki24nd3ub.exactdn.com\/wp-content\/uploads\/dream\/img\/img_205342_c734f0b7651eeba4c888538b5c6edc8b_1.jpg?strip=all","width":900,"height":900},{"@type":"BreadcrumbList","@id":"https:\/\/lovme.pt\/index.php\/produto\/leg-avenue-calca-calca-renda-com-ilhos-laranja-neon\/#breadcrumb","itemListElement":[{"@type":"ListItem","position":1,"name":"In\u00edcio","item":"https:\/\/lovme.pt\/"},{"@type":"ListItem","position":2,"name":"Loja","item":"https:\/\/lovme.pt\/index.php\/loja\/"},{"@type":"ListItem","position":3,"name":"LEG AVENUE &#8211; CAL\u00c7A-CAL\u00c7A RENDA COM ILH\u00d3S LARANJA NEON"}]},{"@type":"WebSite","@id":"https:\/\/lovme.pt\/#website","url":"https:\/\/lovme.pt\/","name":"Lovme Loja Er\u00f3tica N\u00ba1 em Portugal","description":"A melhor loja er\u00f3tica de Portugal.","alternateName":"Loja Er\u00f3tica Lovme","potentialAction":[{"@type":"SearchAction","target":{"@type":"EntryPoint","urlTemplate":"https:\/\/lovme.pt\/?s={search_term_string}"},"query-input":{"@type":"PropertyValueSpecification","valueRequired":true,"valueName":"search_term_string"}}],"inLanguage":"pt-PT"}]}},"_links":{"self":[{"href":"https:\/\/lovme.pt\/index.php\/wp-json\/wp\/v2\/product\/52098","targetHints":{"allow":["GET"]}}],"collection":[{"href":"https:\/\/lovme.pt\/index.php\/wp-json\/wp\/v2\/product"}],"about":[{"href":"https:\/\/lovme.pt\/index.php\/wp-json\/wp\/v2\/types\/product"}],"wp:featuredmedia":[{"embeddable":true,"href":"https:\/\/lovme.pt\/index.php\/wp-json\/wp\/v2\/media\/89082"}],"wp:attachment":[{"href":"https:\/\/lovme.pt\/index.php\/wp-json\/wp\/v2\/media?parent=52098"}],"wp:term":[{"taxonomy":"product_brand","embeddable":true,"href":"https:\/\/lovme.pt\/index.php\/wp-json\/wp\/v2\/product_brand?post=52098"},{"taxonomy":"product_cat","embeddable":true,"href":"https:\/\/lovme.pt\/index.php\/wp-json\/wp\/v2\/product_cat?post=52098"},{"taxonomy":"product_tag","embeddable":true,"href":"https:\/\/lovme.pt\/index.php\/wp-json\/wp\/v2\/product_tag?post=52098"}],"curies":[{"name":"wp","href":"https:\/\/api.w.org\/{rel}","templated":true}]}}