{"id":52081,"date":"2025-10-01T01:11:00","date_gmt":"2025-10-01T01:11:00","guid":{"rendered":"https:\/\/lovme.pt\/?post_type=product&p=52081"},"modified":"2026-02-19T20:17:48","modified_gmt":"2026-02-19T20:17:48","slug":"leg-avenue-meias-de-renda-com-cruz-e-cinto-liga-preto","status":"publish","type":"product","link":"https:\/\/lovme.pt\/index.php\/produto\/leg-avenue-meias-de-renda-com-cruz-e-cinto-liga-preto\/","title":{"rendered":"LEG AVENUE &#8211; MEIAS DE RENDA COM CRUZ E CINTO-LIGA PRETO"},"content":{"rendered":"<p>Redefina a eleg\u00e2ncia cl\u00e1ssica com nossas meias arrast\u00e3o com costura traseira e cinta-liga, uma fus\u00e3o sensual de glamour inspirado no vintage e sensualidade moderna. Apresentando um design delicado de rede arrast\u00e3o e um detalhe ousado de costura traseira, essas meias criam um efeito impressionante de alongamento de pernas para um visual sedutor e chique sem esfor\u00e7o.<\/p>\n<p>A cinta-liga embutida garante um ajuste perfeito e seguro, mantendo as meias perfeitamente no lugar e real\u00e7ando suas curvas com seu design ousado de costas abertas. Feita de um material macio e el\u00e1stico, esta pe\u00e7a oferece conforto o dia todo sem sacrificar seu apelo, tornando-a ideal para usar por baixo de vestidos ou em camadas com lingerie para uma noite de confian\u00e7a e intriga.<\/p>\n<p><strong>Caracter\u00edsticas:<\/strong><\/p>\n<ul>\n<li>95% Nylon, 5% Elastano<\/li>\n<li>M\u00e1ximo 30 graus com cuidado<\/li>\n<li>N\u00e3o engomar<\/li>\n<li>N\u00e3o usar alvejante com cloro<\/li>\n<li>N\u00e3o lavar a seco<\/li>\n<li>Embalagem: Caixa de papel\u00e3o de luxo<\/li>\n<li>Tamanho da embalagem: 24 x 17 x 1<\/li>\n<li>Condi\u00e7\u00e3o do modelo: Gr\u00e1tis<\/li>\n<\/ul>\n<p><strong>A Leg Avenue<\/strong> tem os produtos que voc\u00ea procura, comprometida em oferecer aos clientes produtos inovadores, pre\u00e7os competitivos e grande satisfa\u00e7\u00e3o, direto do bairro mais elegante de Los Angeles.<\/p>\n<p>Aqui, \u00e9 tudo sobre voc\u00ea! Entendemos que cada corpo \u00e9 \u00fanico e acreditamos que todas as mulheres devem ter uma apar\u00eancia e se sentir fant\u00e1sticas, independentemente do seu tamanho ou forma. Ent\u00e3o fique tranquila, nossos designs est\u00e3o sempre focados em destacar suas melhores caracter\u00edsticas. E realmente falamos s\u00e9rio quando dizemos que valorizamos tecidos supermacios e elasticidade de alto n\u00edvel. Conforto e estilo? Confira duas vezes!<\/p>\n<p>A variedade \u00e9 a chave para o nosso sucesso, e voc\u00ea pode ver isso em nossos estilos. Nossos designers misturam e combinam materiais como profissionais, dando \u00e0s nossas cria\u00e7\u00f5es aquele ar inconfund\u00edvel de luxo para que voc\u00ea se sinta absolutamente de primeira linha. Seja uma renda que faz seus sentidos formigarem ou um cetim supermacio que suas m\u00e3os n\u00e3o conseguem resistir, fazemos o nosso melhor para lhe trazer algo especial.<\/p>\n<p><strong>A Leg Avenue<\/strong> \u00e9 cheia de paix\u00e3o, divers\u00e3o e autoexpress\u00e3o. Queremos que voc\u00ea seja completamente voc\u00ea mesmo, com um toque de travessura e montanhas de confian\u00e7a. Descubra como nossa lingerie, meias e fantasias levam seu visual para o pr\u00f3ximo n\u00edvel. Juntos, aspiramos ao fant\u00e1stico e provamos que estilo n\u00e3o tem tamanho!<\/p>\n","protected":false},"excerpt":{"rendered":"<p>LEG AVENUE &#8211; MEIAS DE RENDA COM CRUZ E CINTO-LIGA PRETO<\/p>\n","protected":false},"featured_media":94184,"template":"","meta":{"_acf_changed":false},"product_brand":[],"product_cat":[47,66],"product_tag":[],"class_list":{"0":"post-52081","1":"product","2":"type-product","3":"status-publish","4":"has-post-thumbnail","6":"product_cat-lingerie","7":"product_cat-lingerie-feminina","8":"yith_product_brand-leg-avenue","9":"yith_product_brand-leg-avenueleg-avenue-hosiery","11":"first","12":"instock","13":"taxable","14":"shipping-taxable","15":"purchasable","16":"product-type-simple"},"acf":[],"yoast_head":"<!-- This site is optimized with the Yoast SEO plugin v27.4 - https:\/\/yoast.com\/product\/yoast-seo-wordpress\/ -->\n<title>LEG AVENUE - MEIAS DE RENDA COM CRUZ E CINTO-LIGA PRETO - Lovme<\/title>\n<meta name=\"robots\" content=\"index, follow, max-snippet:-1, max-image-preview:large, max-video-preview:-1\" \/>\n<link rel=\"canonical\" href=\"https:\/\/lovme.pt\/index.php\/produto\/leg-avenue-meias-de-renda-com-cruz-e-cinto-liga-preto\/\" \/>\n<meta property=\"og:locale\" content=\"pt_PT\" \/>\n<meta property=\"og:type\" content=\"article\" \/>\n<meta property=\"og:title\" content=\"LEG AVENUE - MEIAS DE RENDA COM CRUZ E CINTO-LIGA PRETO - Lovme\" \/>\n<meta property=\"og:description\" content=\"LEG AVENUE - MEIAS DE RENDA COM CRUZ E CINTO-LIGA PRETO\" \/>\n<meta property=\"og:url\" content=\"https:\/\/lovme.pt\/index.php\/produto\/leg-avenue-meias-de-renda-com-cruz-e-cinto-liga-preto\/\" \/>\n<meta property=\"og:site_name\" content=\"Lovme\" \/>\n<meta property=\"article:modified_time\" content=\"2026-02-19T20:17:48+00:00\" \/>\n<meta property=\"og:image\" content=\"https:\/\/erki24nd3ub.exactdn.com\/wp-content\/uploads\/dream\/img\/img_205302_89179ba6d3ca20d2e5b7f03c6f20e486_1.jpg?strip=all\" \/>\n\t<meta property=\"og:image:width\" content=\"900\" \/>\n\t<meta property=\"og:image:height\" content=\"900\" \/>\n\t<meta property=\"og:image:type\" content=\"image\/jpeg\" \/>\n<meta name=\"twitter:card\" content=\"summary_large_image\" \/>\n<meta name=\"twitter:label1\" content=\"Tempo estimado de leitura\" \/>\n\t<meta name=\"twitter:data1\" content=\"2 minutos\" \/>\n<script type=\"application\/ld+json\" class=\"yoast-schema-graph\">{\"@context\":\"https:\\\/\\\/schema.org\",\"@graph\":[{\"@type\":\"WebPage\",\"@id\":\"https:\\\/\\\/lovme.pt\\\/index.php\\\/produto\\\/leg-avenue-meias-de-renda-com-cruz-e-cinto-liga-preto\\\/\",\"url\":\"https:\\\/\\\/lovme.pt\\\/index.php\\\/produto\\\/leg-avenue-meias-de-renda-com-cruz-e-cinto-liga-preto\\\/\",\"name\":\"LEG AVENUE - MEIAS DE RENDA COM CRUZ E CINTO-LIGA PRETO - Lovme\",\"isPartOf\":{\"@id\":\"https:\\\/\\\/lovme.pt\\\/#website\"},\"primaryImageOfPage\":{\"@id\":\"https:\\\/\\\/lovme.pt\\\/index.php\\\/produto\\\/leg-avenue-meias-de-renda-com-cruz-e-cinto-liga-preto\\\/#primaryimage\"},\"image\":{\"@id\":\"https:\\\/\\\/lovme.pt\\\/index.php\\\/produto\\\/leg-avenue-meias-de-renda-com-cruz-e-cinto-liga-preto\\\/#primaryimage\"},\"thumbnailUrl\":\"https:\\\/\\\/erki24nd3ub.exactdn.com\\\/wp-content\\\/uploads\\\/dream\\\/img\\\/img_205302_89179ba6d3ca20d2e5b7f03c6f20e486_1.jpg?strip=all\",\"datePublished\":\"2025-10-01T01:11:00+00:00\",\"dateModified\":\"2026-02-19T20:17:48+00:00\",\"breadcrumb\":{\"@id\":\"https:\\\/\\\/lovme.pt\\\/index.php\\\/produto\\\/leg-avenue-meias-de-renda-com-cruz-e-cinto-liga-preto\\\/#breadcrumb\"},\"inLanguage\":\"pt-PT\",\"potentialAction\":[{\"@type\":\"ReadAction\",\"target\":[\"https:\\\/\\\/lovme.pt\\\/index.php\\\/produto\\\/leg-avenue-meias-de-renda-com-cruz-e-cinto-liga-preto\\\/\"]}]},{\"@type\":\"ImageObject\",\"inLanguage\":\"pt-PT\",\"@id\":\"https:\\\/\\\/lovme.pt\\\/index.php\\\/produto\\\/leg-avenue-meias-de-renda-com-cruz-e-cinto-liga-preto\\\/#primaryimage\",\"url\":\"https:\\\/\\\/erki24nd3ub.exactdn.com\\\/wp-content\\\/uploads\\\/dream\\\/img\\\/img_205302_89179ba6d3ca20d2e5b7f03c6f20e486_1.jpg?strip=all\",\"contentUrl\":\"https:\\\/\\\/erki24nd3ub.exactdn.com\\\/wp-content\\\/uploads\\\/dream\\\/img\\\/img_205302_89179ba6d3ca20d2e5b7f03c6f20e486_1.jpg?strip=all\",\"width\":900,\"height\":900},{\"@type\":\"BreadcrumbList\",\"@id\":\"https:\\\/\\\/lovme.pt\\\/index.php\\\/produto\\\/leg-avenue-meias-de-renda-com-cruz-e-cinto-liga-preto\\\/#breadcrumb\",\"itemListElement\":[{\"@type\":\"ListItem\",\"position\":1,\"name\":\"In\u00edcio\",\"item\":\"https:\\\/\\\/lovme.pt\\\/\"},{\"@type\":\"ListItem\",\"position\":2,\"name\":\"Loja\",\"item\":\"https:\\\/\\\/lovme.pt\\\/index.php\\\/loja\\\/\"},{\"@type\":\"ListItem\",\"position\":3,\"name\":\"LEG AVENUE &#8211; MEIAS DE RENDA COM CRUZ E CINTO-LIGA PRETO\"}]},{\"@type\":\"WebSite\",\"@id\":\"https:\\\/\\\/lovme.pt\\\/#website\",\"url\":\"https:\\\/\\\/lovme.pt\\\/\",\"name\":\"Lovme Loja Er\u00f3tica N\u00ba1 em Portugal\",\"description\":\"A melhor loja er\u00f3tica de Portugal.\",\"alternateName\":\"Loja Er\u00f3tica Lovme\",\"potentialAction\":[{\"@type\":\"SearchAction\",\"target\":{\"@type\":\"EntryPoint\",\"urlTemplate\":\"https:\\\/\\\/lovme.pt\\\/?s={search_term_string}\"},\"query-input\":{\"@type\":\"PropertyValueSpecification\",\"valueRequired\":true,\"valueName\":\"search_term_string\"}}],\"inLanguage\":\"pt-PT\"}]}<\/script>\n<!-- \/ Yoast SEO plugin. -->","yoast_head_json":{"title":"LEG AVENUE - MEIAS DE RENDA COM CRUZ E CINTO-LIGA PRETO - Lovme","robots":{"index":"index","follow":"follow","max-snippet":"max-snippet:-1","max-image-preview":"max-image-preview:large","max-video-preview":"max-video-preview:-1"},"canonical":"https:\/\/lovme.pt\/index.php\/produto\/leg-avenue-meias-de-renda-com-cruz-e-cinto-liga-preto\/","og_locale":"pt_PT","og_type":"article","og_title":"LEG AVENUE - MEIAS DE RENDA COM CRUZ E CINTO-LIGA PRETO - Lovme","og_description":"LEG AVENUE - MEIAS DE RENDA COM CRUZ E CINTO-LIGA PRETO","og_url":"https:\/\/lovme.pt\/index.php\/produto\/leg-avenue-meias-de-renda-com-cruz-e-cinto-liga-preto\/","og_site_name":"Lovme","article_modified_time":"2026-02-19T20:17:48+00:00","og_image":[{"width":900,"height":900,"url":"https:\/\/erki24nd3ub.exactdn.com\/wp-content\/uploads\/dream\/img\/img_205302_89179ba6d3ca20d2e5b7f03c6f20e486_1.jpg?strip=all","type":"image\/jpeg"}],"twitter_card":"summary_large_image","twitter_misc":{"Tempo estimado de leitura":"2 minutos"},"schema":{"@context":"https:\/\/schema.org","@graph":[{"@type":"WebPage","@id":"https:\/\/lovme.pt\/index.php\/produto\/leg-avenue-meias-de-renda-com-cruz-e-cinto-liga-preto\/","url":"https:\/\/lovme.pt\/index.php\/produto\/leg-avenue-meias-de-renda-com-cruz-e-cinto-liga-preto\/","name":"LEG AVENUE - MEIAS DE RENDA COM CRUZ E CINTO-LIGA PRETO - Lovme","isPartOf":{"@id":"https:\/\/lovme.pt\/#website"},"primaryImageOfPage":{"@id":"https:\/\/lovme.pt\/index.php\/produto\/leg-avenue-meias-de-renda-com-cruz-e-cinto-liga-preto\/#primaryimage"},"image":{"@id":"https:\/\/lovme.pt\/index.php\/produto\/leg-avenue-meias-de-renda-com-cruz-e-cinto-liga-preto\/#primaryimage"},"thumbnailUrl":"https:\/\/erki24nd3ub.exactdn.com\/wp-content\/uploads\/dream\/img\/img_205302_89179ba6d3ca20d2e5b7f03c6f20e486_1.jpg?strip=all","datePublished":"2025-10-01T01:11:00+00:00","dateModified":"2026-02-19T20:17:48+00:00","breadcrumb":{"@id":"https:\/\/lovme.pt\/index.php\/produto\/leg-avenue-meias-de-renda-com-cruz-e-cinto-liga-preto\/#breadcrumb"},"inLanguage":"pt-PT","potentialAction":[{"@type":"ReadAction","target":["https:\/\/lovme.pt\/index.php\/produto\/leg-avenue-meias-de-renda-com-cruz-e-cinto-liga-preto\/"]}]},{"@type":"ImageObject","inLanguage":"pt-PT","@id":"https:\/\/lovme.pt\/index.php\/produto\/leg-avenue-meias-de-renda-com-cruz-e-cinto-liga-preto\/#primaryimage","url":"https:\/\/erki24nd3ub.exactdn.com\/wp-content\/uploads\/dream\/img\/img_205302_89179ba6d3ca20d2e5b7f03c6f20e486_1.jpg?strip=all","contentUrl":"https:\/\/erki24nd3ub.exactdn.com\/wp-content\/uploads\/dream\/img\/img_205302_89179ba6d3ca20d2e5b7f03c6f20e486_1.jpg?strip=all","width":900,"height":900},{"@type":"BreadcrumbList","@id":"https:\/\/lovme.pt\/index.php\/produto\/leg-avenue-meias-de-renda-com-cruz-e-cinto-liga-preto\/#breadcrumb","itemListElement":[{"@type":"ListItem","position":1,"name":"In\u00edcio","item":"https:\/\/lovme.pt\/"},{"@type":"ListItem","position":2,"name":"Loja","item":"https:\/\/lovme.pt\/index.php\/loja\/"},{"@type":"ListItem","position":3,"name":"LEG AVENUE &#8211; MEIAS DE RENDA COM CRUZ E CINTO-LIGA PRETO"}]},{"@type":"WebSite","@id":"https:\/\/lovme.pt\/#website","url":"https:\/\/lovme.pt\/","name":"Lovme Loja Er\u00f3tica N\u00ba1 em Portugal","description":"A melhor loja er\u00f3tica de Portugal.","alternateName":"Loja Er\u00f3tica Lovme","potentialAction":[{"@type":"SearchAction","target":{"@type":"EntryPoint","urlTemplate":"https:\/\/lovme.pt\/?s={search_term_string}"},"query-input":{"@type":"PropertyValueSpecification","valueRequired":true,"valueName":"search_term_string"}}],"inLanguage":"pt-PT"}]}},"_links":{"self":[{"href":"https:\/\/lovme.pt\/index.php\/wp-json\/wp\/v2\/product\/52081","targetHints":{"allow":["GET"]}}],"collection":[{"href":"https:\/\/lovme.pt\/index.php\/wp-json\/wp\/v2\/product"}],"about":[{"href":"https:\/\/lovme.pt\/index.php\/wp-json\/wp\/v2\/types\/product"}],"wp:featuredmedia":[{"embeddable":true,"href":"https:\/\/lovme.pt\/index.php\/wp-json\/wp\/v2\/media\/94184"}],"wp:attachment":[{"href":"https:\/\/lovme.pt\/index.php\/wp-json\/wp\/v2\/media?parent=52081"}],"wp:term":[{"taxonomy":"product_brand","embeddable":true,"href":"https:\/\/lovme.pt\/index.php\/wp-json\/wp\/v2\/product_brand?post=52081"},{"taxonomy":"product_cat","embeddable":true,"href":"https:\/\/lovme.pt\/index.php\/wp-json\/wp\/v2\/product_cat?post=52081"},{"taxonomy":"product_tag","embeddable":true,"href":"https:\/\/lovme.pt\/index.php\/wp-json\/wp\/v2\/product_tag?post=52081"}],"curies":[{"name":"wp","href":"https:\/\/api.w.org\/{rel}","templated":true}]}}