{"id":52069,"date":"2025-09-30T20:22:29","date_gmt":"2025-09-30T20:22:29","guid":{"rendered":"https:\/\/lovme.pt\/?post_type=product&p=52069"},"modified":"2026-02-19T20:07:50","modified_gmt":"2026-02-19T20:07:50","slug":"bathmate-hydromax-6-transparente","status":"publish","type":"product","link":"https:\/\/lovme.pt\/index.php\/produto\/bathmate-hydromax-6-transparente\/","title":{"rendered":"BATHMATE &#8211; HYDROMAX 6 TRANSPARENTE"},"content":{"rendered":"<p>O Hydromax6 foi projetado para usu\u00e1rios cujo p\u00eanis mede 10-15 cm (4,6 pol.) quando ereto.<br \/> Projetado para ser usado no banho ou no chuveiro como parte de uma rotina di\u00e1ria (at\u00e9 um m\u00e1ximo de 15 minutos em 24 horas), ele utiliza o incr\u00edvel poder da \u00e1gua para aumentar com seguran\u00e7a o comprimento e a circunfer\u00eancia do p\u00eanis.<\/p>\n<p> <strong>Todos os benef\u00edcios do Bathmate, mais<\/strong> :<\/p>\n<ul>\n<li> 35% mais potente devido ao novo sistema de bomba de fole.<\/li>\n<li> O inserto de conforto com suporte total e veda\u00e7\u00e3o suave reduz a press\u00e3o e proporciona maior conforto ao redor da base do p\u00eanis e da regi\u00e3o dos test\u00edculos.<\/li>\n<li> O sistema de v\u00e1lvula de trava de superfluxo permite o enchimento do chuveiro com uma s\u00f3 m\u00e3o.<\/li>\n<li> Escala de orienta\u00e7\u00e3o m\u00e9trica e imperial com \u00e1rea de visualiza\u00e7\u00e3o aprimorada.<\/li>\n<li> Texturiza\u00e7\u00e3o superior e inferior no tubo para melhor ader\u00eancia e controle.<\/li>\n<li> O tamanho do fole interno aumentou e o n\u00famero de convolu\u00e7\u00f5es diminuiu, permitindo uma expans\u00e3o uniforme da circunfer\u00eancia.<\/li>\n<\/ul>\n","protected":false},"excerpt":{"rendered":"<p>BATHMATE &#8211; HYDROMAX 6 TRANSPARENTE<\/p>\n","protected":false},"featured_media":67928,"template":"","meta":{"_acf_changed":false},"product_brand":[],"product_cat":[17,60],"product_tag":[],"class_list":{"0":"post-52069","1":"product","2":"type-product","3":"status-publish","4":"has-post-thumbnail","6":"product_cat-brinquedos-de-bem-estar-sexual","7":"product_cat-para-eles","8":"yith_product_brand-bathmate","10":"first","11":"instock","12":"taxable","13":"shipping-taxable","14":"purchasable","15":"product-type-simple"},"acf":[],"yoast_head":"<!-- This site is optimized with the Yoast SEO plugin v27.4 - https:\/\/yoast.com\/product\/yoast-seo-wordpress\/ -->\n<title>BATHMATE - HYDROMAX 6 TRANSPARENTE - Lovme<\/title>\n<meta name=\"robots\" content=\"index, follow, max-snippet:-1, max-image-preview:large, max-video-preview:-1\" \/>\n<link rel=\"canonical\" href=\"https:\/\/lovme.pt\/index.php\/produto\/bathmate-hydromax-6-transparente\/\" \/>\n<meta property=\"og:locale\" content=\"pt_PT\" \/>\n<meta property=\"og:type\" content=\"article\" \/>\n<meta property=\"og:title\" content=\"BATHMATE - HYDROMAX 6 TRANSPARENTE - Lovme\" \/>\n<meta property=\"og:description\" content=\"BATHMATE - HYDROMAX 6 TRANSPARENTE\" \/>\n<meta property=\"og:url\" content=\"https:\/\/lovme.pt\/index.php\/produto\/bathmate-hydromax-6-transparente\/\" \/>\n<meta property=\"og:site_name\" content=\"Lovme\" \/>\n<meta property=\"article:modified_time\" content=\"2026-02-19T20:07:50+00:00\" \/>\n<meta property=\"og:image\" content=\"https:\/\/erki24nd3ub.exactdn.com\/wp-content\/uploads\/dream\/img\/img_205263_fe47cac8f42ded8678369cab1dc25355_1.jpg?strip=all\" \/>\n\t<meta property=\"og:image:width\" content=\"900\" \/>\n\t<meta property=\"og:image:height\" content=\"900\" \/>\n\t<meta property=\"og:image:type\" content=\"image\/jpeg\" \/>\n<meta name=\"twitter:card\" content=\"summary_large_image\" \/>\n<meta name=\"twitter:label1\" content=\"Tempo estimado de leitura\" \/>\n\t<meta name=\"twitter:data1\" content=\"1 minuto\" \/>\n<script type=\"application\/ld+json\" class=\"yoast-schema-graph\">{\"@context\":\"https:\\\/\\\/schema.org\",\"@graph\":[{\"@type\":\"WebPage\",\"@id\":\"https:\\\/\\\/lovme.pt\\\/index.php\\\/produto\\\/bathmate-hydromax-6-transparente\\\/\",\"url\":\"https:\\\/\\\/lovme.pt\\\/index.php\\\/produto\\\/bathmate-hydromax-6-transparente\\\/\",\"name\":\"BATHMATE - HYDROMAX 6 TRANSPARENTE - Lovme\",\"isPartOf\":{\"@id\":\"https:\\\/\\\/lovme.pt\\\/#website\"},\"primaryImageOfPage\":{\"@id\":\"https:\\\/\\\/lovme.pt\\\/index.php\\\/produto\\\/bathmate-hydromax-6-transparente\\\/#primaryimage\"},\"image\":{\"@id\":\"https:\\\/\\\/lovme.pt\\\/index.php\\\/produto\\\/bathmate-hydromax-6-transparente\\\/#primaryimage\"},\"thumbnailUrl\":\"https:\\\/\\\/erki24nd3ub.exactdn.com\\\/wp-content\\\/uploads\\\/dream\\\/img\\\/img_205263_fe47cac8f42ded8678369cab1dc25355_1.jpg?strip=all\",\"datePublished\":\"2025-09-30T20:22:29+00:00\",\"dateModified\":\"2026-02-19T20:07:50+00:00\",\"breadcrumb\":{\"@id\":\"https:\\\/\\\/lovme.pt\\\/index.php\\\/produto\\\/bathmate-hydromax-6-transparente\\\/#breadcrumb\"},\"inLanguage\":\"pt-PT\",\"potentialAction\":[{\"@type\":\"ReadAction\",\"target\":[\"https:\\\/\\\/lovme.pt\\\/index.php\\\/produto\\\/bathmate-hydromax-6-transparente\\\/\"]}]},{\"@type\":\"ImageObject\",\"inLanguage\":\"pt-PT\",\"@id\":\"https:\\\/\\\/lovme.pt\\\/index.php\\\/produto\\\/bathmate-hydromax-6-transparente\\\/#primaryimage\",\"url\":\"https:\\\/\\\/erki24nd3ub.exactdn.com\\\/wp-content\\\/uploads\\\/dream\\\/img\\\/img_205263_fe47cac8f42ded8678369cab1dc25355_1.jpg?strip=all\",\"contentUrl\":\"https:\\\/\\\/erki24nd3ub.exactdn.com\\\/wp-content\\\/uploads\\\/dream\\\/img\\\/img_205263_fe47cac8f42ded8678369cab1dc25355_1.jpg?strip=all\",\"width\":900,\"height\":900},{\"@type\":\"BreadcrumbList\",\"@id\":\"https:\\\/\\\/lovme.pt\\\/index.php\\\/produto\\\/bathmate-hydromax-6-transparente\\\/#breadcrumb\",\"itemListElement\":[{\"@type\":\"ListItem\",\"position\":1,\"name\":\"In\u00edcio\",\"item\":\"https:\\\/\\\/lovme.pt\\\/\"},{\"@type\":\"ListItem\",\"position\":2,\"name\":\"Loja\",\"item\":\"https:\\\/\\\/lovme.pt\\\/index.php\\\/loja\\\/\"},{\"@type\":\"ListItem\",\"position\":3,\"name\":\"BATHMATE &#8211; HYDROMAX 6 TRANSPARENTE\"}]},{\"@type\":\"WebSite\",\"@id\":\"https:\\\/\\\/lovme.pt\\\/#website\",\"url\":\"https:\\\/\\\/lovme.pt\\\/\",\"name\":\"Lovme Loja Er\u00f3tica N\u00ba1 em Portugal\",\"description\":\"A melhor loja er\u00f3tica de Portugal.\",\"alternateName\":\"Loja Er\u00f3tica Lovme\",\"potentialAction\":[{\"@type\":\"SearchAction\",\"target\":{\"@type\":\"EntryPoint\",\"urlTemplate\":\"https:\\\/\\\/lovme.pt\\\/?s={search_term_string}\"},\"query-input\":{\"@type\":\"PropertyValueSpecification\",\"valueRequired\":true,\"valueName\":\"search_term_string\"}}],\"inLanguage\":\"pt-PT\"}]}<\/script>\n<!-- \/ Yoast SEO plugin. -->","yoast_head_json":{"title":"BATHMATE - HYDROMAX 6 TRANSPARENTE - Lovme","robots":{"index":"index","follow":"follow","max-snippet":"max-snippet:-1","max-image-preview":"max-image-preview:large","max-video-preview":"max-video-preview:-1"},"canonical":"https:\/\/lovme.pt\/index.php\/produto\/bathmate-hydromax-6-transparente\/","og_locale":"pt_PT","og_type":"article","og_title":"BATHMATE - HYDROMAX 6 TRANSPARENTE - Lovme","og_description":"BATHMATE - HYDROMAX 6 TRANSPARENTE","og_url":"https:\/\/lovme.pt\/index.php\/produto\/bathmate-hydromax-6-transparente\/","og_site_name":"Lovme","article_modified_time":"2026-02-19T20:07:50+00:00","og_image":[{"width":900,"height":900,"url":"https:\/\/erki24nd3ub.exactdn.com\/wp-content\/uploads\/dream\/img\/img_205263_fe47cac8f42ded8678369cab1dc25355_1.jpg?strip=all","type":"image\/jpeg"}],"twitter_card":"summary_large_image","twitter_misc":{"Tempo estimado de leitura":"1 minuto"},"schema":{"@context":"https:\/\/schema.org","@graph":[{"@type":"WebPage","@id":"https:\/\/lovme.pt\/index.php\/produto\/bathmate-hydromax-6-transparente\/","url":"https:\/\/lovme.pt\/index.php\/produto\/bathmate-hydromax-6-transparente\/","name":"BATHMATE - HYDROMAX 6 TRANSPARENTE - Lovme","isPartOf":{"@id":"https:\/\/lovme.pt\/#website"},"primaryImageOfPage":{"@id":"https:\/\/lovme.pt\/index.php\/produto\/bathmate-hydromax-6-transparente\/#primaryimage"},"image":{"@id":"https:\/\/lovme.pt\/index.php\/produto\/bathmate-hydromax-6-transparente\/#primaryimage"},"thumbnailUrl":"https:\/\/erki24nd3ub.exactdn.com\/wp-content\/uploads\/dream\/img\/img_205263_fe47cac8f42ded8678369cab1dc25355_1.jpg?strip=all","datePublished":"2025-09-30T20:22:29+00:00","dateModified":"2026-02-19T20:07:50+00:00","breadcrumb":{"@id":"https:\/\/lovme.pt\/index.php\/produto\/bathmate-hydromax-6-transparente\/#breadcrumb"},"inLanguage":"pt-PT","potentialAction":[{"@type":"ReadAction","target":["https:\/\/lovme.pt\/index.php\/produto\/bathmate-hydromax-6-transparente\/"]}]},{"@type":"ImageObject","inLanguage":"pt-PT","@id":"https:\/\/lovme.pt\/index.php\/produto\/bathmate-hydromax-6-transparente\/#primaryimage","url":"https:\/\/erki24nd3ub.exactdn.com\/wp-content\/uploads\/dream\/img\/img_205263_fe47cac8f42ded8678369cab1dc25355_1.jpg?strip=all","contentUrl":"https:\/\/erki24nd3ub.exactdn.com\/wp-content\/uploads\/dream\/img\/img_205263_fe47cac8f42ded8678369cab1dc25355_1.jpg?strip=all","width":900,"height":900},{"@type":"BreadcrumbList","@id":"https:\/\/lovme.pt\/index.php\/produto\/bathmate-hydromax-6-transparente\/#breadcrumb","itemListElement":[{"@type":"ListItem","position":1,"name":"In\u00edcio","item":"https:\/\/lovme.pt\/"},{"@type":"ListItem","position":2,"name":"Loja","item":"https:\/\/lovme.pt\/index.php\/loja\/"},{"@type":"ListItem","position":3,"name":"BATHMATE &#8211; HYDROMAX 6 TRANSPARENTE"}]},{"@type":"WebSite","@id":"https:\/\/lovme.pt\/#website","url":"https:\/\/lovme.pt\/","name":"Lovme Loja Er\u00f3tica N\u00ba1 em Portugal","description":"A melhor loja er\u00f3tica de Portugal.","alternateName":"Loja Er\u00f3tica Lovme","potentialAction":[{"@type":"SearchAction","target":{"@type":"EntryPoint","urlTemplate":"https:\/\/lovme.pt\/?s={search_term_string}"},"query-input":{"@type":"PropertyValueSpecification","valueRequired":true,"valueName":"search_term_string"}}],"inLanguage":"pt-PT"}]}},"_links":{"self":[{"href":"https:\/\/lovme.pt\/index.php\/wp-json\/wp\/v2\/product\/52069","targetHints":{"allow":["GET"]}}],"collection":[{"href":"https:\/\/lovme.pt\/index.php\/wp-json\/wp\/v2\/product"}],"about":[{"href":"https:\/\/lovme.pt\/index.php\/wp-json\/wp\/v2\/types\/product"}],"wp:featuredmedia":[{"embeddable":true,"href":"https:\/\/lovme.pt\/index.php\/wp-json\/wp\/v2\/media\/67928"}],"wp:attachment":[{"href":"https:\/\/lovme.pt\/index.php\/wp-json\/wp\/v2\/media?parent=52069"}],"wp:term":[{"taxonomy":"product_brand","embeddable":true,"href":"https:\/\/lovme.pt\/index.php\/wp-json\/wp\/v2\/product_brand?post=52069"},{"taxonomy":"product_cat","embeddable":true,"href":"https:\/\/lovme.pt\/index.php\/wp-json\/wp\/v2\/product_cat?post=52069"},{"taxonomy":"product_tag","embeddable":true,"href":"https:\/\/lovme.pt\/index.php\/wp-json\/wp\/v2\/product_tag?post=52069"}],"curies":[{"name":"wp","href":"https:\/\/api.w.org\/{rel}","templated":true}]}}