{"id":52063,"date":"2025-10-09T16:23:28","date_gmt":"2025-10-09T16:23:28","guid":{"rendered":"https:\/\/lovme.pt\/?post_type=product&p=52063"},"modified":"2026-02-19T20:22:06","modified_gmt":"2026-02-19T20:22:06","slug":"armony-vibrador-anal-de-prostata-controle-remoto-preto","status":"publish","type":"product","link":"https:\/\/lovme.pt\/index.php\/produto\/armony-vibrador-anal-de-prostata-controle-remoto-preto\/","title":{"rendered":"ARMONY &#8211; VIBRADOR ANAL DE PR\u00d3STATA CONTROLE REMOTO PRETO"},"content":{"rendered":"<p>\u00c9 um vibrador de pr\u00f3stata de alta tecnologia, projetado para fornecer estimula\u00e7\u00e3o profunda e precisa. Gra\u00e7as \u00e0 sua combina\u00e7\u00e3o de movimento rotativo, vibra\u00e7\u00e3o poderosa e estimula\u00e7\u00e3o m\u00faltipla, ele oferece uma experi\u00eancia \u00fanica tanto solo quanto com um parceiro.<\/p>\n<ul>\n<li><strong>Vibra\u00e7\u00e3o e Rota\u00e7\u00e3o para Prazer Intenso<\/strong><\/li>\n<\/ul>\n<p>Ele possui um motor girat\u00f3rio de 3 velocidades que massageia a pr\u00f3stata com precis\u00e3o, enquanto seus 9 modos de vibra\u00e7\u00e3o, cabe\u00e7a oscilante e esferas deslizantes no eixo criam uma combina\u00e7\u00e3o de sensa\u00e7\u00f5es estimulantes.<\/p>\n<ul>\n<li><strong>Motor duplo para estimula\u00e7\u00e3o total<\/strong><\/li>\n<\/ul>\n<p>Seus dois motores vibrat\u00f3rios permitem a estimula\u00e7\u00e3o simult\u00e2nea da pr\u00f3stata e do per\u00edneo, gerando orgasmos mais intensos e duradouros.<\/p>\n<ul>\n<li><strong>Design envolvente e vers\u00e1til<\/strong><\/li>\n<\/ul>\n<p>O bolso frontal envolve os test\u00edculos, proporcionando uma sensa\u00e7\u00e3o \u00fanica e completa. Al\u00e9m disso, seu design ergon\u00f4mico com estimulador do ponto G o torna um brinquedo vers\u00e1til, ideal tanto para homens quanto para mulheres.<\/p>\n<ul>\n<li><strong>Controle remoto para maior conveni\u00eancia<\/strong><\/li>\n<\/ul>\n<p>Inclui um controle remoto sem fio com alcance de 10 metros, permitindo um uso confort\u00e1vel e sem as m\u00e3os, perfeito para o prazer dos casais.<\/p>\n<ul>\n<li><strong>Materiais seguros e confort\u00e1veis<\/strong><\/li>\n<\/ul>\n<p>Feito com silicone de grau m\u00e9dico e ABS, \u00e9 macio ao toque, seguro para o corpo e f\u00e1cil de limpar.<\/p>\n<ul>\n<li><strong>100% \u00e0 prova d\u00e1gua e recarreg\u00e1vel<\/strong><\/li>\n<\/ul>\n<p>Seu design \u00e0 prova d\u00e1gua permite que voc\u00ea aproveite no chuveiro ou na banheira sem preocupa\u00e7\u00f5es. Al\u00e9m disso, sua bateria recarreg\u00e1vel USB de 700 mAh fornece mais de 1 hora de uso cont\u00ednuo ap\u00f3s uma carga de 1,5 hora.<\/p>\n<ul>\n<li><strong>Silencioso e discreto<\/strong><\/li>\n<\/ul>\n<p>Gra\u00e7as ao seu motor de baixo ru\u00eddo (<40 dB), garante privacidade durante o uso.<\/p>\n<p>\u00a0<\/p>\n<p><strong>ARM\u00d4NIA<\/strong><br \/>Bem-vindo \u00e0 <strong>ARMONY<\/strong> , onde prazer e qualidade se fundem para criar uma experi\u00eancia \u00fanica no mundo dos brinquedos er\u00f3ticos. Nossa marca \u00e9 especializada na fabrica\u00e7\u00e3o de vibradores e brinquedos de alta qualidade para homens e mulheres, meticulosamente projetados para aumentar o prazer e a intimidade. De vibradores sofisticados a estimuladores sensuais, cada produto ARMONY \u00e9 criado com aten\u00e7\u00e3o aos detalhes e um compromisso de fornecer uma experi\u00eancia de satisfa\u00e7\u00e3o incompar\u00e1vel. Temos orgulho de oferecer uma gama diversificada de produtos que v\u00e3o do cl\u00e1ssico ao inovador, sempre com foco na qualidade, seguran\u00e7a e explora\u00e7\u00e3o do prazer. Descubra um mundo de sensa\u00e7\u00f5es er\u00f3ticas com a ARMONY, onde o prazer se torna uma forma de arte.<\/p>\n<p>\u00c9 um vibrador de pr\u00f3stata de alta tecnologia, projetado para fornecer estimula\u00e7\u00e3o profunda e precisa. Gra\u00e7as \u00e0 sua combina\u00e7\u00e3o de movimento rotativo, vibra\u00e7\u00e3o poderosa e estimula\u00e7\u00e3o m\u00faltipla, ele oferece uma experi\u00eancia \u00fanica tanto solo quanto com um parceiro.<\/p>\n<ul>\n<li><strong>Vibra\u00e7\u00e3o e Rota\u00e7\u00e3o para Prazer Intenso<\/strong><\/li>\n<\/ul>\n<p>Ele possui um motor girat\u00f3rio de 3 velocidades que massageia a pr\u00f3stata com precis\u00e3o, enquanto seus 9 modos de vibra\u00e7\u00e3o, cabe\u00e7a oscilante e esferas deslizantes no eixo criam uma combina\u00e7\u00e3o de sensa\u00e7\u00f5es estimulantes.<\/p>\n<ul>\n<li><strong>Motor duplo para estimula\u00e7\u00e3o total<\/strong><\/li>\n<\/ul>\n<p>Seus dois motores vibrat\u00f3rios permitem a estimula\u00e7\u00e3o simult\u00e2nea da pr\u00f3stata e do per\u00edneo, gerando orgasmos mais intensos e duradouros.<\/p>\n<ul>\n<li><strong>Design envolvente e vers\u00e1til<\/strong><\/li>\n<\/ul>\n<p>O bolso frontal envolve os test\u00edculos, proporcionando uma sensa\u00e7\u00e3o \u00fanica e completa. Al\u00e9m disso, seu design ergon\u00f4mico com estimulador do ponto G o torna um brinquedo vers\u00e1til, ideal tanto para homens quanto para mulheres.<\/p>\n<ul>\n<li><strong>Controle remoto para maior conveni\u00eancia<\/strong><\/li>\n<\/ul>\n<p>Inclui um controle remoto sem fio com alcance de 10 metros, permitindo um uso confort\u00e1vel e sem as m\u00e3os, perfeito para o prazer dos casais.<\/p>\n<ul>\n<li><strong>Materiais seguros e confort\u00e1veis<\/strong><\/li>\n<\/ul>\n<p>Feito com silicone de grau m\u00e9dico e ABS, \u00e9 macio ao toque, seguro para o corpo e f\u00e1cil de limpar.<\/p>\n<ul>\n<li><strong>100% \u00e0 prova d\u00e1gua e recarreg\u00e1vel<\/strong><\/li>\n<\/ul>\n<p>Seu design \u00e0 prova d\u00e1gua permite que voc\u00ea aproveite no chuveiro ou na banheira sem preocupa\u00e7\u00f5es. Al\u00e9m disso, sua bateria recarreg\u00e1vel USB de 700 mAh fornece mais de 1 hora de uso cont\u00ednuo ap\u00f3s uma carga de 1,5 hora.<\/p>\n<ul>\n<li><strong>Silencioso e discreto<\/strong><\/li>\n<\/ul>\n<p>Gra\u00e7as ao seu motor de baixo ru\u00eddo (<40 dB), garante privacidade durante o uso.<\/p>\n<p>\u00a0<\/p>\n<p><strong>ARM\u00d4NIA<\/strong><br \/>Bem-vindo \u00e0 <strong>ARMONY<\/strong> , onde prazer e qualidade se fundem para criar uma experi\u00eancia \u00fanica no mundo dos brinquedos er\u00f3ticos. Nossa marca \u00e9 especializada na fabrica\u00e7\u00e3o de vibradores e brinquedos de alta qualidade para homens e mulheres, meticulosamente projetados para aumentar o prazer e a intimidade. De vibradores sofisticados a estimuladores sensuais, cada produto ARMONY \u00e9 criado com aten\u00e7\u00e3o aos detalhes e um compromisso de fornecer uma experi\u00eancia de satisfa\u00e7\u00e3o incompar\u00e1vel. Temos orgulho de oferecer uma gama diversificada de produtos que v\u00e3o do cl\u00e1ssico ao inovador, sempre com foco na qualidade, seguran\u00e7a e explora\u00e7\u00e3o do prazer. Descubra um mundo de sensa\u00e7\u00f5es er\u00f3ticas com a ARMONY, onde o prazer se torna uma forma de arte.<\/p>\n","protected":false},"excerpt":{"rendered":"<p>ARMONY &#8211; VIBRADOR ANAL DE PR\u00d3STATA CONTROLE REMOTO PRETO<\/p>\n","protected":false},"featured_media":103954,"template":"","meta":{"_acf_changed":false},"product_brand":[],"product_cat":[17,63],"product_tag":[],"class_list":{"0":"post-52063","1":"product","2":"type-product","3":"status-publish","4":"has-post-thumbnail","6":"product_cat-brinquedos-de-bem-estar-sexual","7":"product_cat-sexo-anal","8":"yith_product_brand-armony","9":"yith_product_brand-armonyarmony-anal","11":"first","12":"instock","13":"taxable","14":"shipping-taxable","15":"purchasable","16":"product-type-simple"},"acf":[],"yoast_head":"<!-- This site is optimized with the Yoast SEO plugin v27.4 - https:\/\/yoast.com\/product\/yoast-seo-wordpress\/ -->\n<title>ARMONY - VIBRADOR ANAL DE PR\u00d3STATA CONTROLE REMOTO PRETO - Lovme<\/title>\n<meta name=\"robots\" content=\"index, follow, max-snippet:-1, max-image-preview:large, max-video-preview:-1\" \/>\n<link rel=\"canonical\" href=\"https:\/\/lovme.pt\/index.php\/produto\/armony-vibrador-anal-de-prostata-controle-remoto-preto\/\" \/>\n<meta property=\"og:locale\" content=\"pt_PT\" \/>\n<meta property=\"og:type\" content=\"article\" \/>\n<meta property=\"og:title\" content=\"ARMONY - VIBRADOR ANAL DE PR\u00d3STATA CONTROLE REMOTO PRETO - Lovme\" \/>\n<meta property=\"og:description\" content=\"ARMONY - VIBRADOR ANAL DE PR\u00d3STATA CONTROLE REMOTO PRETO\" \/>\n<meta property=\"og:url\" content=\"https:\/\/lovme.pt\/index.php\/produto\/armony-vibrador-anal-de-prostata-controle-remoto-preto\/\" \/>\n<meta property=\"og:site_name\" content=\"Lovme\" \/>\n<meta property=\"article:modified_time\" content=\"2026-02-19T20:22:06+00:00\" \/>\n<meta property=\"og:image\" content=\"https:\/\/erki24nd3ub.exactdn.com\/wp-content\/uploads\/dream\/img\/img_204985_f7929d30db88451b45a157c46407f383_1.png?strip=all\" \/>\n\t<meta property=\"og:image:width\" content=\"900\" \/>\n\t<meta property=\"og:image:height\" content=\"900\" \/>\n\t<meta property=\"og:image:type\" content=\"image\/png\" \/>\n<meta name=\"twitter:card\" content=\"summary_large_image\" \/>\n<meta name=\"twitter:label1\" content=\"Tempo estimado de leitura\" \/>\n\t<meta name=\"twitter:data1\" content=\"1 minuto\" \/>\n<script type=\"application\/ld+json\" class=\"yoast-schema-graph\">{\"@context\":\"https:\\\/\\\/schema.org\",\"@graph\":[{\"@type\":\"WebPage\",\"@id\":\"https:\\\/\\\/lovme.pt\\\/index.php\\\/produto\\\/armony-vibrador-anal-de-prostata-controle-remoto-preto\\\/\",\"url\":\"https:\\\/\\\/lovme.pt\\\/index.php\\\/produto\\\/armony-vibrador-anal-de-prostata-controle-remoto-preto\\\/\",\"name\":\"ARMONY - VIBRADOR ANAL DE PR\u00d3STATA CONTROLE REMOTO PRETO - Lovme\",\"isPartOf\":{\"@id\":\"https:\\\/\\\/lovme.pt\\\/#website\"},\"primaryImageOfPage\":{\"@id\":\"https:\\\/\\\/lovme.pt\\\/index.php\\\/produto\\\/armony-vibrador-anal-de-prostata-controle-remoto-preto\\\/#primaryimage\"},\"image\":{\"@id\":\"https:\\\/\\\/lovme.pt\\\/index.php\\\/produto\\\/armony-vibrador-anal-de-prostata-controle-remoto-preto\\\/#primaryimage\"},\"thumbnailUrl\":\"https:\\\/\\\/erki24nd3ub.exactdn.com\\\/wp-content\\\/uploads\\\/dream\\\/img\\\/img_204985_f7929d30db88451b45a157c46407f383_1.png?strip=all\",\"datePublished\":\"2025-10-09T16:23:28+00:00\",\"dateModified\":\"2026-02-19T20:22:06+00:00\",\"breadcrumb\":{\"@id\":\"https:\\\/\\\/lovme.pt\\\/index.php\\\/produto\\\/armony-vibrador-anal-de-prostata-controle-remoto-preto\\\/#breadcrumb\"},\"inLanguage\":\"pt-PT\",\"potentialAction\":[{\"@type\":\"ReadAction\",\"target\":[\"https:\\\/\\\/lovme.pt\\\/index.php\\\/produto\\\/armony-vibrador-anal-de-prostata-controle-remoto-preto\\\/\"]}]},{\"@type\":\"ImageObject\",\"inLanguage\":\"pt-PT\",\"@id\":\"https:\\\/\\\/lovme.pt\\\/index.php\\\/produto\\\/armony-vibrador-anal-de-prostata-controle-remoto-preto\\\/#primaryimage\",\"url\":\"https:\\\/\\\/erki24nd3ub.exactdn.com\\\/wp-content\\\/uploads\\\/dream\\\/img\\\/img_204985_f7929d30db88451b45a157c46407f383_1.png?strip=all\",\"contentUrl\":\"https:\\\/\\\/erki24nd3ub.exactdn.com\\\/wp-content\\\/uploads\\\/dream\\\/img\\\/img_204985_f7929d30db88451b45a157c46407f383_1.png?strip=all\",\"width\":900,\"height\":900},{\"@type\":\"BreadcrumbList\",\"@id\":\"https:\\\/\\\/lovme.pt\\\/index.php\\\/produto\\\/armony-vibrador-anal-de-prostata-controle-remoto-preto\\\/#breadcrumb\",\"itemListElement\":[{\"@type\":\"ListItem\",\"position\":1,\"name\":\"In\u00edcio\",\"item\":\"https:\\\/\\\/lovme.pt\\\/\"},{\"@type\":\"ListItem\",\"position\":2,\"name\":\"Loja\",\"item\":\"https:\\\/\\\/lovme.pt\\\/index.php\\\/loja\\\/\"},{\"@type\":\"ListItem\",\"position\":3,\"name\":\"ARMONY &#8211; VIBRADOR ANAL DE PR\u00d3STATA CONTROLE REMOTO PRETO\"}]},{\"@type\":\"WebSite\",\"@id\":\"https:\\\/\\\/lovme.pt\\\/#website\",\"url\":\"https:\\\/\\\/lovme.pt\\\/\",\"name\":\"Lovme Loja Er\u00f3tica N\u00ba1 em Portugal\",\"description\":\"A melhor loja er\u00f3tica de Portugal.\",\"alternateName\":\"Loja Er\u00f3tica Lovme\",\"potentialAction\":[{\"@type\":\"SearchAction\",\"target\":{\"@type\":\"EntryPoint\",\"urlTemplate\":\"https:\\\/\\\/lovme.pt\\\/?s={search_term_string}\"},\"query-input\":{\"@type\":\"PropertyValueSpecification\",\"valueRequired\":true,\"valueName\":\"search_term_string\"}}],\"inLanguage\":\"pt-PT\"}]}<\/script>\n<!-- \/ Yoast SEO plugin. -->","yoast_head_json":{"title":"ARMONY - VIBRADOR ANAL DE PR\u00d3STATA CONTROLE REMOTO PRETO - Lovme","robots":{"index":"index","follow":"follow","max-snippet":"max-snippet:-1","max-image-preview":"max-image-preview:large","max-video-preview":"max-video-preview:-1"},"canonical":"https:\/\/lovme.pt\/index.php\/produto\/armony-vibrador-anal-de-prostata-controle-remoto-preto\/","og_locale":"pt_PT","og_type":"article","og_title":"ARMONY - VIBRADOR ANAL DE PR\u00d3STATA CONTROLE REMOTO PRETO - Lovme","og_description":"ARMONY - VIBRADOR ANAL DE PR\u00d3STATA CONTROLE REMOTO PRETO","og_url":"https:\/\/lovme.pt\/index.php\/produto\/armony-vibrador-anal-de-prostata-controle-remoto-preto\/","og_site_name":"Lovme","article_modified_time":"2026-02-19T20:22:06+00:00","og_image":[{"width":900,"height":900,"url":"https:\/\/erki24nd3ub.exactdn.com\/wp-content\/uploads\/dream\/img\/img_204985_f7929d30db88451b45a157c46407f383_1.png?strip=all","type":"image\/png"}],"twitter_card":"summary_large_image","twitter_misc":{"Tempo estimado de leitura":"1 minuto"},"schema":{"@context":"https:\/\/schema.org","@graph":[{"@type":"WebPage","@id":"https:\/\/lovme.pt\/index.php\/produto\/armony-vibrador-anal-de-prostata-controle-remoto-preto\/","url":"https:\/\/lovme.pt\/index.php\/produto\/armony-vibrador-anal-de-prostata-controle-remoto-preto\/","name":"ARMONY - VIBRADOR ANAL DE PR\u00d3STATA CONTROLE REMOTO PRETO - Lovme","isPartOf":{"@id":"https:\/\/lovme.pt\/#website"},"primaryImageOfPage":{"@id":"https:\/\/lovme.pt\/index.php\/produto\/armony-vibrador-anal-de-prostata-controle-remoto-preto\/#primaryimage"},"image":{"@id":"https:\/\/lovme.pt\/index.php\/produto\/armony-vibrador-anal-de-prostata-controle-remoto-preto\/#primaryimage"},"thumbnailUrl":"https:\/\/erki24nd3ub.exactdn.com\/wp-content\/uploads\/dream\/img\/img_204985_f7929d30db88451b45a157c46407f383_1.png?strip=all","datePublished":"2025-10-09T16:23:28+00:00","dateModified":"2026-02-19T20:22:06+00:00","breadcrumb":{"@id":"https:\/\/lovme.pt\/index.php\/produto\/armony-vibrador-anal-de-prostata-controle-remoto-preto\/#breadcrumb"},"inLanguage":"pt-PT","potentialAction":[{"@type":"ReadAction","target":["https:\/\/lovme.pt\/index.php\/produto\/armony-vibrador-anal-de-prostata-controle-remoto-preto\/"]}]},{"@type":"ImageObject","inLanguage":"pt-PT","@id":"https:\/\/lovme.pt\/index.php\/produto\/armony-vibrador-anal-de-prostata-controle-remoto-preto\/#primaryimage","url":"https:\/\/erki24nd3ub.exactdn.com\/wp-content\/uploads\/dream\/img\/img_204985_f7929d30db88451b45a157c46407f383_1.png?strip=all","contentUrl":"https:\/\/erki24nd3ub.exactdn.com\/wp-content\/uploads\/dream\/img\/img_204985_f7929d30db88451b45a157c46407f383_1.png?strip=all","width":900,"height":900},{"@type":"BreadcrumbList","@id":"https:\/\/lovme.pt\/index.php\/produto\/armony-vibrador-anal-de-prostata-controle-remoto-preto\/#breadcrumb","itemListElement":[{"@type":"ListItem","position":1,"name":"In\u00edcio","item":"https:\/\/lovme.pt\/"},{"@type":"ListItem","position":2,"name":"Loja","item":"https:\/\/lovme.pt\/index.php\/loja\/"},{"@type":"ListItem","position":3,"name":"ARMONY &#8211; VIBRADOR ANAL DE PR\u00d3STATA CONTROLE REMOTO PRETO"}]},{"@type":"WebSite","@id":"https:\/\/lovme.pt\/#website","url":"https:\/\/lovme.pt\/","name":"Lovme Loja Er\u00f3tica N\u00ba1 em Portugal","description":"A melhor loja er\u00f3tica de Portugal.","alternateName":"Loja Er\u00f3tica Lovme","potentialAction":[{"@type":"SearchAction","target":{"@type":"EntryPoint","urlTemplate":"https:\/\/lovme.pt\/?s={search_term_string}"},"query-input":{"@type":"PropertyValueSpecification","valueRequired":true,"valueName":"search_term_string"}}],"inLanguage":"pt-PT"}]}},"_links":{"self":[{"href":"https:\/\/lovme.pt\/index.php\/wp-json\/wp\/v2\/product\/52063","targetHints":{"allow":["GET"]}}],"collection":[{"href":"https:\/\/lovme.pt\/index.php\/wp-json\/wp\/v2\/product"}],"about":[{"href":"https:\/\/lovme.pt\/index.php\/wp-json\/wp\/v2\/types\/product"}],"wp:featuredmedia":[{"embeddable":true,"href":"https:\/\/lovme.pt\/index.php\/wp-json\/wp\/v2\/media\/103954"}],"wp:attachment":[{"href":"https:\/\/lovme.pt\/index.php\/wp-json\/wp\/v2\/media?parent=52063"}],"wp:term":[{"taxonomy":"product_brand","embeddable":true,"href":"https:\/\/lovme.pt\/index.php\/wp-json\/wp\/v2\/product_brand?post=52063"},{"taxonomy":"product_cat","embeddable":true,"href":"https:\/\/lovme.pt\/index.php\/wp-json\/wp\/v2\/product_cat?post=52063"},{"taxonomy":"product_tag","embeddable":true,"href":"https:\/\/lovme.pt\/index.php\/wp-json\/wp\/v2\/product_tag?post=52063"}],"curies":[{"name":"wp","href":"https:\/\/api.w.org\/{rel}","templated":true}]}}