{"id":51933,"date":"2025-09-30T22:51:40","date_gmt":"2025-09-30T22:51:40","guid":{"rendered":"https:\/\/lovme.pt\/?post_type=product&#038;p=51933"},"modified":"2026-04-02T04:37:55","modified_gmt":"2026-04-02T04:37:55","slug":"addicted-toys-locked-gaiola-para-penis-cell-mindnight-tamanho-s-4-8-cm","status":"publish","type":"product","link":"https:\/\/lovme.pt\/index.php\/produto\/addicted-toys-locked-gaiola-para-penis-cell-mindnight-tamanho-s-4-8-cm\/","title":{"rendered":"ADDICTED TOYS LOCKED &#8211; GAIOLA PENIANA MINDNIGHT CELL TAMANHO S"},"content":{"rendered":"<p>Explore o controle absoluto com esta gaiola de castidade projetada para proporcionar seguran\u00e7a, conforto e uma experi\u00eancia \u00fanica. Feita com materiais resistentes e seguros, \u00e9 perfeita para quem busca submiss\u00e3o e restri\u00e7\u00e3o com m\u00e1xima precis\u00e3o.<\/p>\n<p><u><em><strong>Inclui:<\/strong><\/em><\/u><\/p>\n<ul>\n<li>1 Gaiola para Galo<\/li>\n<li>4 an\u00e9is de tamanhos diferentes para um ajuste perfeito (48 mm, 49 mm, 52 mm, 54 mm)<\/li>\n<li>1 fechadura interna com 2 chaves<\/li>\n<\/ul>\n<p><u><em><strong>Dimens\u00f5es:<\/strong><\/em><\/u><\/p>\n<ul>\n<li>Altura total: 107 mm<\/li>\n<li>Altura da gaiola peniana: 86 mm<\/li>\n<li>Di\u00e2metro da gaiola peniana: 31 mm<\/li>\n<li>Dimens\u00f5es do anel:<\/li>\n<\/ul>\n<p>Tamanhos: P &#8211; Largura: 48 mm, M &#8211; Largura: 49 mm, G &#8211; Di\u00e2metro: 52 mm, GG &#8211; Di\u00e2metro: 54 mm<\/p>\n<p>Este dispositivo de castidade \u00e9 ideal tanto para iniciantes quanto para especialistas, garantindo que apenas a pessoa que det\u00e9m a chave tenha controle absoluto.<\/p>\n","protected":false},"excerpt":{"rendered":"<p>ADDICTED TOYS LOCKED &#8211; GAIOLA PENIANA MINDNIGHT CELL TAMANHO S<\/p>\n","protected":false},"featured_media":81635,"template":"","meta":{"_acf_changed":false},"product_brand":[],"product_cat":[48,88],"product_tag":[],"class_list":{"0":"post-51933","1":"product","2":"type-product","3":"status-publish","4":"has-post-thumbnail","6":"product_cat-bdsm","7":"product_cat-novidades","8":"yith_product_brand-addicted-toys","9":"yith_product_brand-addicted-toysaddicted-toys-locked","11":"first","12":"instock","13":"taxable","14":"shipping-taxable","15":"purchasable","16":"product-type-simple"},"acf":[],"yoast_head":"<!-- This site is optimized with the Yoast SEO plugin v27.4 - https:\/\/yoast.com\/product\/yoast-seo-wordpress\/ -->\n<title>ADDICTED TOYS LOCKED - GAIOLA PENIANA MINDNIGHT CELL TAMANHO S - Lovme<\/title>\n<meta name=\"robots\" content=\"index, follow, max-snippet:-1, max-image-preview:large, max-video-preview:-1\" \/>\n<link rel=\"canonical\" href=\"https:\/\/lovme.pt\/index.php\/produto\/addicted-toys-locked-gaiola-para-penis-cell-mindnight-tamanho-s-4-8-cm\/\" \/>\n<meta property=\"og:locale\" content=\"pt_PT\" \/>\n<meta property=\"og:type\" content=\"article\" \/>\n<meta property=\"og:title\" content=\"ADDICTED TOYS LOCKED - GAIOLA PENIANA MINDNIGHT CELL TAMANHO S - Lovme\" \/>\n<meta property=\"og:description\" content=\"ADDICTED TOYS LOCKED - GAIOLA PENIANA MINDNIGHT CELL TAMANHO S\" \/>\n<meta property=\"og:url\" content=\"https:\/\/lovme.pt\/index.php\/produto\/addicted-toys-locked-gaiola-para-penis-cell-mindnight-tamanho-s-4-8-cm\/\" \/>\n<meta property=\"og:site_name\" content=\"Lovme\" \/>\n<meta property=\"article:modified_time\" content=\"2026-04-02T04:37:55+00:00\" \/>\n<meta property=\"og:image\" content=\"https:\/\/erki24nd3ub.exactdn.com\/wp-content\/uploads\/dream\/img\/img_207030_3550de225cf95d61017a49482abf1b1a_1.png?strip=all\" \/>\n\t<meta property=\"og:image:width\" content=\"900\" \/>\n\t<meta property=\"og:image:height\" content=\"900\" \/>\n\t<meta property=\"og:image:type\" content=\"image\/png\" \/>\n<meta name=\"twitter:card\" content=\"summary_large_image\" \/>\n<meta name=\"twitter:label1\" content=\"Tempo estimado de leitura\" \/>\n\t<meta name=\"twitter:data1\" content=\"1 minuto\" \/>\n<script type=\"application\/ld+json\" class=\"yoast-schema-graph\">{\"@context\":\"https:\\\/\\\/schema.org\",\"@graph\":[{\"@type\":\"WebPage\",\"@id\":\"https:\\\/\\\/lovme.pt\\\/index.php\\\/produto\\\/addicted-toys-locked-gaiola-para-penis-cell-mindnight-tamanho-s-4-8-cm\\\/\",\"url\":\"https:\\\/\\\/lovme.pt\\\/index.php\\\/produto\\\/addicted-toys-locked-gaiola-para-penis-cell-mindnight-tamanho-s-4-8-cm\\\/\",\"name\":\"ADDICTED TOYS LOCKED - GAIOLA PENIANA MINDNIGHT CELL TAMANHO S - Lovme\",\"isPartOf\":{\"@id\":\"https:\\\/\\\/lovme.pt\\\/#website\"},\"primaryImageOfPage\":{\"@id\":\"https:\\\/\\\/lovme.pt\\\/index.php\\\/produto\\\/addicted-toys-locked-gaiola-para-penis-cell-mindnight-tamanho-s-4-8-cm\\\/#primaryimage\"},\"image\":{\"@id\":\"https:\\\/\\\/lovme.pt\\\/index.php\\\/produto\\\/addicted-toys-locked-gaiola-para-penis-cell-mindnight-tamanho-s-4-8-cm\\\/#primaryimage\"},\"thumbnailUrl\":\"https:\\\/\\\/erki24nd3ub.exactdn.com\\\/wp-content\\\/uploads\\\/dream\\\/img\\\/img_207030_3550de225cf95d61017a49482abf1b1a_1.png?strip=all\",\"datePublished\":\"2025-09-30T22:51:40+00:00\",\"dateModified\":\"2026-04-02T04:37:55+00:00\",\"breadcrumb\":{\"@id\":\"https:\\\/\\\/lovme.pt\\\/index.php\\\/produto\\\/addicted-toys-locked-gaiola-para-penis-cell-mindnight-tamanho-s-4-8-cm\\\/#breadcrumb\"},\"inLanguage\":\"pt-PT\",\"potentialAction\":[{\"@type\":\"ReadAction\",\"target\":[\"https:\\\/\\\/lovme.pt\\\/index.php\\\/produto\\\/addicted-toys-locked-gaiola-para-penis-cell-mindnight-tamanho-s-4-8-cm\\\/\"]}]},{\"@type\":\"ImageObject\",\"inLanguage\":\"pt-PT\",\"@id\":\"https:\\\/\\\/lovme.pt\\\/index.php\\\/produto\\\/addicted-toys-locked-gaiola-para-penis-cell-mindnight-tamanho-s-4-8-cm\\\/#primaryimage\",\"url\":\"https:\\\/\\\/erki24nd3ub.exactdn.com\\\/wp-content\\\/uploads\\\/dream\\\/img\\\/img_207030_3550de225cf95d61017a49482abf1b1a_1.png?strip=all\",\"contentUrl\":\"https:\\\/\\\/erki24nd3ub.exactdn.com\\\/wp-content\\\/uploads\\\/dream\\\/img\\\/img_207030_3550de225cf95d61017a49482abf1b1a_1.png?strip=all\",\"width\":900,\"height\":900},{\"@type\":\"BreadcrumbList\",\"@id\":\"https:\\\/\\\/lovme.pt\\\/index.php\\\/produto\\\/addicted-toys-locked-gaiola-para-penis-cell-mindnight-tamanho-s-4-8-cm\\\/#breadcrumb\",\"itemListElement\":[{\"@type\":\"ListItem\",\"position\":1,\"name\":\"In\u00edcio\",\"item\":\"https:\\\/\\\/lovme.pt\\\/\"},{\"@type\":\"ListItem\",\"position\":2,\"name\":\"Loja\",\"item\":\"https:\\\/\\\/lovme.pt\\\/index.php\\\/loja\\\/\"},{\"@type\":\"ListItem\",\"position\":3,\"name\":\"ADDICTED TOYS LOCKED &#8211; GAIOLA PENIANA MINDNIGHT CELL TAMANHO S\"}]},{\"@type\":\"WebSite\",\"@id\":\"https:\\\/\\\/lovme.pt\\\/#website\",\"url\":\"https:\\\/\\\/lovme.pt\\\/\",\"name\":\"Lovme Loja Er\u00f3tica N\u00ba1 em Portugal\",\"description\":\"A melhor loja er\u00f3tica de Portugal.\",\"alternateName\":\"Loja Er\u00f3tica Lovme\",\"potentialAction\":[{\"@type\":\"SearchAction\",\"target\":{\"@type\":\"EntryPoint\",\"urlTemplate\":\"https:\\\/\\\/lovme.pt\\\/?s={search_term_string}\"},\"query-input\":{\"@type\":\"PropertyValueSpecification\",\"valueRequired\":true,\"valueName\":\"search_term_string\"}}],\"inLanguage\":\"pt-PT\"}]}<\/script>\n<!-- \/ Yoast SEO plugin. -->","yoast_head_json":{"title":"ADDICTED TOYS LOCKED - GAIOLA PENIANA MINDNIGHT CELL TAMANHO S - Lovme","robots":{"index":"index","follow":"follow","max-snippet":"max-snippet:-1","max-image-preview":"max-image-preview:large","max-video-preview":"max-video-preview:-1"},"canonical":"https:\/\/lovme.pt\/index.php\/produto\/addicted-toys-locked-gaiola-para-penis-cell-mindnight-tamanho-s-4-8-cm\/","og_locale":"pt_PT","og_type":"article","og_title":"ADDICTED TOYS LOCKED - GAIOLA PENIANA MINDNIGHT CELL TAMANHO S - Lovme","og_description":"ADDICTED TOYS LOCKED - GAIOLA PENIANA MINDNIGHT CELL TAMANHO S","og_url":"https:\/\/lovme.pt\/index.php\/produto\/addicted-toys-locked-gaiola-para-penis-cell-mindnight-tamanho-s-4-8-cm\/","og_site_name":"Lovme","article_modified_time":"2026-04-02T04:37:55+00:00","og_image":[{"width":900,"height":900,"url":"https:\/\/erki24nd3ub.exactdn.com\/wp-content\/uploads\/dream\/img\/img_207030_3550de225cf95d61017a49482abf1b1a_1.png?strip=all","type":"image\/png"}],"twitter_card":"summary_large_image","twitter_misc":{"Tempo estimado de leitura":"1 minuto"},"schema":{"@context":"https:\/\/schema.org","@graph":[{"@type":"WebPage","@id":"https:\/\/lovme.pt\/index.php\/produto\/addicted-toys-locked-gaiola-para-penis-cell-mindnight-tamanho-s-4-8-cm\/","url":"https:\/\/lovme.pt\/index.php\/produto\/addicted-toys-locked-gaiola-para-penis-cell-mindnight-tamanho-s-4-8-cm\/","name":"ADDICTED TOYS LOCKED - GAIOLA PENIANA MINDNIGHT CELL TAMANHO S - Lovme","isPartOf":{"@id":"https:\/\/lovme.pt\/#website"},"primaryImageOfPage":{"@id":"https:\/\/lovme.pt\/index.php\/produto\/addicted-toys-locked-gaiola-para-penis-cell-mindnight-tamanho-s-4-8-cm\/#primaryimage"},"image":{"@id":"https:\/\/lovme.pt\/index.php\/produto\/addicted-toys-locked-gaiola-para-penis-cell-mindnight-tamanho-s-4-8-cm\/#primaryimage"},"thumbnailUrl":"https:\/\/erki24nd3ub.exactdn.com\/wp-content\/uploads\/dream\/img\/img_207030_3550de225cf95d61017a49482abf1b1a_1.png?strip=all","datePublished":"2025-09-30T22:51:40+00:00","dateModified":"2026-04-02T04:37:55+00:00","breadcrumb":{"@id":"https:\/\/lovme.pt\/index.php\/produto\/addicted-toys-locked-gaiola-para-penis-cell-mindnight-tamanho-s-4-8-cm\/#breadcrumb"},"inLanguage":"pt-PT","potentialAction":[{"@type":"ReadAction","target":["https:\/\/lovme.pt\/index.php\/produto\/addicted-toys-locked-gaiola-para-penis-cell-mindnight-tamanho-s-4-8-cm\/"]}]},{"@type":"ImageObject","inLanguage":"pt-PT","@id":"https:\/\/lovme.pt\/index.php\/produto\/addicted-toys-locked-gaiola-para-penis-cell-mindnight-tamanho-s-4-8-cm\/#primaryimage","url":"https:\/\/erki24nd3ub.exactdn.com\/wp-content\/uploads\/dream\/img\/img_207030_3550de225cf95d61017a49482abf1b1a_1.png?strip=all","contentUrl":"https:\/\/erki24nd3ub.exactdn.com\/wp-content\/uploads\/dream\/img\/img_207030_3550de225cf95d61017a49482abf1b1a_1.png?strip=all","width":900,"height":900},{"@type":"BreadcrumbList","@id":"https:\/\/lovme.pt\/index.php\/produto\/addicted-toys-locked-gaiola-para-penis-cell-mindnight-tamanho-s-4-8-cm\/#breadcrumb","itemListElement":[{"@type":"ListItem","position":1,"name":"In\u00edcio","item":"https:\/\/lovme.pt\/"},{"@type":"ListItem","position":2,"name":"Loja","item":"https:\/\/lovme.pt\/index.php\/loja\/"},{"@type":"ListItem","position":3,"name":"ADDICTED TOYS LOCKED &#8211; GAIOLA PENIANA MINDNIGHT CELL TAMANHO S"}]},{"@type":"WebSite","@id":"https:\/\/lovme.pt\/#website","url":"https:\/\/lovme.pt\/","name":"Lovme Loja Er\u00f3tica N\u00ba1 em Portugal","description":"A melhor loja er\u00f3tica de Portugal.","alternateName":"Loja Er\u00f3tica Lovme","potentialAction":[{"@type":"SearchAction","target":{"@type":"EntryPoint","urlTemplate":"https:\/\/lovme.pt\/?s={search_term_string}"},"query-input":{"@type":"PropertyValueSpecification","valueRequired":true,"valueName":"search_term_string"}}],"inLanguage":"pt-PT"}]}},"_links":{"self":[{"href":"https:\/\/lovme.pt\/index.php\/wp-json\/wp\/v2\/product\/51933","targetHints":{"allow":["GET"]}}],"collection":[{"href":"https:\/\/lovme.pt\/index.php\/wp-json\/wp\/v2\/product"}],"about":[{"href":"https:\/\/lovme.pt\/index.php\/wp-json\/wp\/v2\/types\/product"}],"wp:featuredmedia":[{"embeddable":true,"href":"https:\/\/lovme.pt\/index.php\/wp-json\/wp\/v2\/media\/81635"}],"wp:attachment":[{"href":"https:\/\/lovme.pt\/index.php\/wp-json\/wp\/v2\/media?parent=51933"}],"wp:term":[{"taxonomy":"product_brand","embeddable":true,"href":"https:\/\/lovme.pt\/index.php\/wp-json\/wp\/v2\/product_brand?post=51933"},{"taxonomy":"product_cat","embeddable":true,"href":"https:\/\/lovme.pt\/index.php\/wp-json\/wp\/v2\/product_cat?post=51933"},{"taxonomy":"product_tag","embeddable":true,"href":"https:\/\/lovme.pt\/index.php\/wp-json\/wp\/v2\/product_tag?post=51933"}],"curies":[{"name":"wp","href":"https:\/\/api.w.org\/{rel}","templated":true}]}}