{"id":51928,"date":"2025-10-01T02:48:40","date_gmt":"2025-10-01T02:48:40","guid":{"rendered":"https:\/\/lovme.pt\/?post_type=product&p=51928"},"modified":"2026-02-19T20:21:45","modified_gmt":"2026-02-19T20:21:45","slug":"silexd-modelo-de-penis-realista-8-silicone-liquido-206-cm","status":"publish","type":"product","link":"https:\/\/lovme.pt\/index.php\/produto\/silexd-modelo-de-penis-realista-8-silicone-liquido-206-cm\/","title":{"rendered":"SILEXD &#8211; MODELO DE P\u00caNIS REALISTA 8 SILICONE L\u00cdQUIDO 20,6 CM"},"content":{"rendered":"<p>Entre em uma nova era de satisfa\u00e7\u00e3o sensual com o Model 8 Realistic Dildo (8 polegadas), uma cria\u00e7\u00e3o inovadora projetada para satisfazer todos os seus desejos. Feito usando tecnologia de ponta de silicone l\u00edquido, este produto revolucion\u00e1rio traz durabilidade, flexibilidade e realismo incompar\u00e1veis para suas experi\u00eancias \u00edntimas.<\/p>\n<p><strong>O que realmente diferencia esse modelo? Ele \u00e9 sens\u00edvel ao calor!<\/strong><\/p>\n<p>Quer uma sensa\u00e7\u00e3o mais macia? Aque\u00e7a no micro-ondas por 30 segundos (certifique-se de que esteja em um prato pr\u00f3prio para micro-ondas).<br \/>Prefere uma experi\u00eancia mais firme? Resfrie na geladeira para uma textura mais firme.<\/p>\n<p>Esse recurso exclusivo permite que voc\u00ea personalize seu prazer como nunca antes.<\/p>\n<p>Perfeitamente projetado para complementar o torso masculino SILEXD Apollo L e S, este vibrador aumenta o realismo e a compatibilidade, tornando-o a melhor adi\u00e7\u00e3o \u00e0 sua cole\u00e7\u00e3o.<\/p>\n<p><u><em><strong>Caracter\u00edsticas<\/strong><\/em><\/u><\/p>\n<ul>\n<li>Dimens\u00f5es realistas: Comprimento m\u00e1ximo: 8&#8243;  Inser\u00edvel: 19,1 cm x 4,3 cm<\/li>\n<li>Base de suc\u00e7\u00e3o forte: 70 mm de di\u00e2metro para versatilidade com as m\u00e3os livres<\/li>\n<li>Realismo de tom de pele: parece e \u00e9 exatamente como o real<\/li>\n<li>\u00c0 prova d\u00e1gua: perfeito para chuveiros ou banheiras<\/li>\n<li>Leve e dur\u00e1vel: pesa apenas 289 gramas<\/li>\n<\/ul>\n<p><strong>Por que silicone l\u00edquido?<\/strong><\/p>\n<p>Projetado para a melhor combina\u00e7\u00e3o de maciez, flexibilidade e seguran\u00e7a, o material avan\u00e7ado de silicone l\u00edquido garante uma sensa\u00e7\u00e3o natural, al\u00e9m de ser dur\u00e1vel e f\u00e1cil de manter.<\/p>\n<p>Tecnologia Termo-Reativa = Sensa\u00e7\u00f5es Personalizadas<\/p>\n<p>Com sua capacidade \u00fanica de se adaptar \u00e0s suas prefer\u00eancias, este vibrador garante a voc\u00ea exatamente a experi\u00eancia que voc\u00ea deseja, sempre.<\/p>\n<p>Liberte suas fantasias com o vibrador realista Modelo 8 (20,3 cm), o companheiro mais vers\u00e1til e atraente da sua cole\u00e7\u00e3o.<\/p>\n","protected":false},"excerpt":{"rendered":"<p>SILEXD &#8211; MODELO DE P\u00caNIS REALISTA 8 SILICONE L\u00cdQUIDO 20,6 CM<\/p>\n","protected":false},"featured_media":99152,"template":"","meta":{"_acf_changed":false},"product_brand":[],"product_cat":[17,56],"product_tag":[],"class_list":{"0":"post-51928","1":"product","2":"type-product","3":"status-publish","4":"has-post-thumbnail","6":"product_cat-brinquedos-de-bem-estar-sexual","7":"product_cat-dildos-e-arneses","8":"yith_product_brand-silexd","10":"first","11":"instock","12":"taxable","13":"shipping-taxable","14":"purchasable","15":"product-type-simple"},"acf":[],"yoast_head":"<!-- This site is optimized with the Yoast SEO plugin v27.4 - https:\/\/yoast.com\/product\/yoast-seo-wordpress\/ -->\n<title>SILEXD - MODELO DE P\u00caNIS REALISTA 8 SILICONE L\u00cdQUIDO 20,6 CM - Lovme<\/title>\n<meta name=\"robots\" content=\"index, follow, max-snippet:-1, max-image-preview:large, max-video-preview:-1\" \/>\n<link rel=\"canonical\" href=\"https:\/\/lovme.pt\/index.php\/produto\/silexd-modelo-de-penis-realista-8-silicone-liquido-206-cm\/\" \/>\n<meta property=\"og:locale\" content=\"pt_PT\" \/>\n<meta property=\"og:type\" content=\"article\" \/>\n<meta property=\"og:title\" content=\"SILEXD - MODELO DE P\u00caNIS REALISTA 8 SILICONE L\u00cdQUIDO 20,6 CM - Lovme\" \/>\n<meta property=\"og:description\" content=\"SILEXD - MODELO DE P\u00caNIS REALISTA 8 SILICONE L\u00cdQUIDO 20,6 CM\" \/>\n<meta property=\"og:url\" content=\"https:\/\/lovme.pt\/index.php\/produto\/silexd-modelo-de-penis-realista-8-silicone-liquido-206-cm\/\" \/>\n<meta property=\"og:site_name\" content=\"Lovme\" \/>\n<meta property=\"article:modified_time\" content=\"2026-02-19T20:21:45+00:00\" \/>\n<meta property=\"og:image\" content=\"https:\/\/erki24nd3ub.exactdn.com\/wp-content\/uploads\/dream\/img\/img_203914_a06f14d9c88267e4fcc468588f7cb603_1.jpg?strip=all\" \/>\n\t<meta property=\"og:image:width\" content=\"900\" \/>\n\t<meta property=\"og:image:height\" content=\"900\" \/>\n\t<meta property=\"og:image:type\" content=\"image\/jpeg\" \/>\n<meta name=\"twitter:card\" content=\"summary_large_image\" \/>\n<meta name=\"twitter:label1\" content=\"Tempo estimado de leitura\" \/>\n\t<meta name=\"twitter:data1\" content=\"1 minuto\" \/>\n<script type=\"application\/ld+json\" class=\"yoast-schema-graph\">{\"@context\":\"https:\\\/\\\/schema.org\",\"@graph\":[{\"@type\":\"WebPage\",\"@id\":\"https:\\\/\\\/lovme.pt\\\/index.php\\\/produto\\\/silexd-modelo-de-penis-realista-8-silicone-liquido-206-cm\\\/\",\"url\":\"https:\\\/\\\/lovme.pt\\\/index.php\\\/produto\\\/silexd-modelo-de-penis-realista-8-silicone-liquido-206-cm\\\/\",\"name\":\"SILEXD - MODELO DE P\u00caNIS REALISTA 8 SILICONE L\u00cdQUIDO 20,6 CM - Lovme\",\"isPartOf\":{\"@id\":\"https:\\\/\\\/lovme.pt\\\/#website\"},\"primaryImageOfPage\":{\"@id\":\"https:\\\/\\\/lovme.pt\\\/index.php\\\/produto\\\/silexd-modelo-de-penis-realista-8-silicone-liquido-206-cm\\\/#primaryimage\"},\"image\":{\"@id\":\"https:\\\/\\\/lovme.pt\\\/index.php\\\/produto\\\/silexd-modelo-de-penis-realista-8-silicone-liquido-206-cm\\\/#primaryimage\"},\"thumbnailUrl\":\"https:\\\/\\\/erki24nd3ub.exactdn.com\\\/wp-content\\\/uploads\\\/dream\\\/img\\\/img_203914_a06f14d9c88267e4fcc468588f7cb603_1.jpg?strip=all\",\"datePublished\":\"2025-10-01T02:48:40+00:00\",\"dateModified\":\"2026-02-19T20:21:45+00:00\",\"breadcrumb\":{\"@id\":\"https:\\\/\\\/lovme.pt\\\/index.php\\\/produto\\\/silexd-modelo-de-penis-realista-8-silicone-liquido-206-cm\\\/#breadcrumb\"},\"inLanguage\":\"pt-PT\",\"potentialAction\":[{\"@type\":\"ReadAction\",\"target\":[\"https:\\\/\\\/lovme.pt\\\/index.php\\\/produto\\\/silexd-modelo-de-penis-realista-8-silicone-liquido-206-cm\\\/\"]}]},{\"@type\":\"ImageObject\",\"inLanguage\":\"pt-PT\",\"@id\":\"https:\\\/\\\/lovme.pt\\\/index.php\\\/produto\\\/silexd-modelo-de-penis-realista-8-silicone-liquido-206-cm\\\/#primaryimage\",\"url\":\"https:\\\/\\\/erki24nd3ub.exactdn.com\\\/wp-content\\\/uploads\\\/dream\\\/img\\\/img_203914_a06f14d9c88267e4fcc468588f7cb603_1.jpg?strip=all\",\"contentUrl\":\"https:\\\/\\\/erki24nd3ub.exactdn.com\\\/wp-content\\\/uploads\\\/dream\\\/img\\\/img_203914_a06f14d9c88267e4fcc468588f7cb603_1.jpg?strip=all\",\"width\":900,\"height\":900},{\"@type\":\"BreadcrumbList\",\"@id\":\"https:\\\/\\\/lovme.pt\\\/index.php\\\/produto\\\/silexd-modelo-de-penis-realista-8-silicone-liquido-206-cm\\\/#breadcrumb\",\"itemListElement\":[{\"@type\":\"ListItem\",\"position\":1,\"name\":\"In\u00edcio\",\"item\":\"https:\\\/\\\/lovme.pt\\\/\"},{\"@type\":\"ListItem\",\"position\":2,\"name\":\"Loja\",\"item\":\"https:\\\/\\\/lovme.pt\\\/index.php\\\/loja\\\/\"},{\"@type\":\"ListItem\",\"position\":3,\"name\":\"SILEXD &#8211; MODELO DE P\u00caNIS REALISTA 8 SILICONE L\u00cdQUIDO 20,6 CM\"}]},{\"@type\":\"WebSite\",\"@id\":\"https:\\\/\\\/lovme.pt\\\/#website\",\"url\":\"https:\\\/\\\/lovme.pt\\\/\",\"name\":\"Lovme Loja Er\u00f3tica N\u00ba1 em Portugal\",\"description\":\"A melhor loja er\u00f3tica de Portugal.\",\"alternateName\":\"Loja Er\u00f3tica Lovme\",\"potentialAction\":[{\"@type\":\"SearchAction\",\"target\":{\"@type\":\"EntryPoint\",\"urlTemplate\":\"https:\\\/\\\/lovme.pt\\\/?s={search_term_string}\"},\"query-input\":{\"@type\":\"PropertyValueSpecification\",\"valueRequired\":true,\"valueName\":\"search_term_string\"}}],\"inLanguage\":\"pt-PT\"}]}<\/script>\n<!-- \/ Yoast SEO plugin. -->","yoast_head_json":{"title":"SILEXD - MODELO DE P\u00caNIS REALISTA 8 SILICONE L\u00cdQUIDO 20,6 CM - Lovme","robots":{"index":"index","follow":"follow","max-snippet":"max-snippet:-1","max-image-preview":"max-image-preview:large","max-video-preview":"max-video-preview:-1"},"canonical":"https:\/\/lovme.pt\/index.php\/produto\/silexd-modelo-de-penis-realista-8-silicone-liquido-206-cm\/","og_locale":"pt_PT","og_type":"article","og_title":"SILEXD - MODELO DE P\u00caNIS REALISTA 8 SILICONE L\u00cdQUIDO 20,6 CM - Lovme","og_description":"SILEXD - MODELO DE P\u00caNIS REALISTA 8 SILICONE L\u00cdQUIDO 20,6 CM","og_url":"https:\/\/lovme.pt\/index.php\/produto\/silexd-modelo-de-penis-realista-8-silicone-liquido-206-cm\/","og_site_name":"Lovme","article_modified_time":"2026-02-19T20:21:45+00:00","og_image":[{"width":900,"height":900,"url":"https:\/\/erki24nd3ub.exactdn.com\/wp-content\/uploads\/dream\/img\/img_203914_a06f14d9c88267e4fcc468588f7cb603_1.jpg?strip=all","type":"image\/jpeg"}],"twitter_card":"summary_large_image","twitter_misc":{"Tempo estimado de leitura":"1 minuto"},"schema":{"@context":"https:\/\/schema.org","@graph":[{"@type":"WebPage","@id":"https:\/\/lovme.pt\/index.php\/produto\/silexd-modelo-de-penis-realista-8-silicone-liquido-206-cm\/","url":"https:\/\/lovme.pt\/index.php\/produto\/silexd-modelo-de-penis-realista-8-silicone-liquido-206-cm\/","name":"SILEXD - MODELO DE P\u00caNIS REALISTA 8 SILICONE L\u00cdQUIDO 20,6 CM - Lovme","isPartOf":{"@id":"https:\/\/lovme.pt\/#website"},"primaryImageOfPage":{"@id":"https:\/\/lovme.pt\/index.php\/produto\/silexd-modelo-de-penis-realista-8-silicone-liquido-206-cm\/#primaryimage"},"image":{"@id":"https:\/\/lovme.pt\/index.php\/produto\/silexd-modelo-de-penis-realista-8-silicone-liquido-206-cm\/#primaryimage"},"thumbnailUrl":"https:\/\/erki24nd3ub.exactdn.com\/wp-content\/uploads\/dream\/img\/img_203914_a06f14d9c88267e4fcc468588f7cb603_1.jpg?strip=all","datePublished":"2025-10-01T02:48:40+00:00","dateModified":"2026-02-19T20:21:45+00:00","breadcrumb":{"@id":"https:\/\/lovme.pt\/index.php\/produto\/silexd-modelo-de-penis-realista-8-silicone-liquido-206-cm\/#breadcrumb"},"inLanguage":"pt-PT","potentialAction":[{"@type":"ReadAction","target":["https:\/\/lovme.pt\/index.php\/produto\/silexd-modelo-de-penis-realista-8-silicone-liquido-206-cm\/"]}]},{"@type":"ImageObject","inLanguage":"pt-PT","@id":"https:\/\/lovme.pt\/index.php\/produto\/silexd-modelo-de-penis-realista-8-silicone-liquido-206-cm\/#primaryimage","url":"https:\/\/erki24nd3ub.exactdn.com\/wp-content\/uploads\/dream\/img\/img_203914_a06f14d9c88267e4fcc468588f7cb603_1.jpg?strip=all","contentUrl":"https:\/\/erki24nd3ub.exactdn.com\/wp-content\/uploads\/dream\/img\/img_203914_a06f14d9c88267e4fcc468588f7cb603_1.jpg?strip=all","width":900,"height":900},{"@type":"BreadcrumbList","@id":"https:\/\/lovme.pt\/index.php\/produto\/silexd-modelo-de-penis-realista-8-silicone-liquido-206-cm\/#breadcrumb","itemListElement":[{"@type":"ListItem","position":1,"name":"In\u00edcio","item":"https:\/\/lovme.pt\/"},{"@type":"ListItem","position":2,"name":"Loja","item":"https:\/\/lovme.pt\/index.php\/loja\/"},{"@type":"ListItem","position":3,"name":"SILEXD &#8211; MODELO DE P\u00caNIS REALISTA 8 SILICONE L\u00cdQUIDO 20,6 CM"}]},{"@type":"WebSite","@id":"https:\/\/lovme.pt\/#website","url":"https:\/\/lovme.pt\/","name":"Lovme Loja Er\u00f3tica N\u00ba1 em Portugal","description":"A melhor loja er\u00f3tica de Portugal.","alternateName":"Loja Er\u00f3tica Lovme","potentialAction":[{"@type":"SearchAction","target":{"@type":"EntryPoint","urlTemplate":"https:\/\/lovme.pt\/?s={search_term_string}"},"query-input":{"@type":"PropertyValueSpecification","valueRequired":true,"valueName":"search_term_string"}}],"inLanguage":"pt-PT"}]}},"_links":{"self":[{"href":"https:\/\/lovme.pt\/index.php\/wp-json\/wp\/v2\/product\/51928","targetHints":{"allow":["GET"]}}],"collection":[{"href":"https:\/\/lovme.pt\/index.php\/wp-json\/wp\/v2\/product"}],"about":[{"href":"https:\/\/lovme.pt\/index.php\/wp-json\/wp\/v2\/types\/product"}],"wp:featuredmedia":[{"embeddable":true,"href":"https:\/\/lovme.pt\/index.php\/wp-json\/wp\/v2\/media\/99152"}],"wp:attachment":[{"href":"https:\/\/lovme.pt\/index.php\/wp-json\/wp\/v2\/media?parent=51928"}],"wp:term":[{"taxonomy":"product_brand","embeddable":true,"href":"https:\/\/lovme.pt\/index.php\/wp-json\/wp\/v2\/product_brand?post=51928"},{"taxonomy":"product_cat","embeddable":true,"href":"https:\/\/lovme.pt\/index.php\/wp-json\/wp\/v2\/product_cat?post=51928"},{"taxonomy":"product_tag","embeddable":true,"href":"https:\/\/lovme.pt\/index.php\/wp-json\/wp\/v2\/product_tag?post=51928"}],"curies":[{"name":"wp","href":"https:\/\/api.w.org\/{rel}","templated":true}]}}