{"id":51917,"date":"2025-10-01T02:48:31","date_gmt":"2025-10-01T02:48:31","guid":{"rendered":"https:\/\/lovme.pt\/?post_type=product&p=51917"},"modified":"2026-02-19T20:21:45","modified_gmt":"2026-02-19T20:21:45","slug":"silexd-modelo-de-penis-realistico-2-silicone-termorativo-154-cm","status":"publish","type":"product","link":"https:\/\/lovme.pt\/index.php\/produto\/silexd-modelo-de-penis-realistico-2-silicone-termorativo-154-cm\/","title":{"rendered":"SILEXD &#8211; MODELO DE P\u00caNIS REAL\u00cdSTICO 2 SILICONE TERMORATIVO 15,4 CM"},"content":{"rendered":"<p>Descubra o realismo m\u00e1ximo com o modelo Silexd Premium Real Skin de 15,4 cm<\/p>\n<p>Feito de silicone l\u00edquido 100% supermacio e aprimorado com o material de \u00faltima gera\u00e7\u00e3o Silexpan, este vibrador oferece uma sensa\u00e7\u00e3o incrivelmente realista que imita o toque natural do corpo humano.<\/p>\n<p>Design de dupla densidade para uma experi\u00eancia aut\u00eantica<\/p>\n<p>Sua tecnologia de dupla densidade combina um exterior macio aveludado com um n\u00facleo firme, proporcionando o equil\u00edbrio perfeito entre flexibilidade e estrutura. Veias texturizadas ao longo do eixo oferecem estimula\u00e7\u00e3o intensa, enquanto seu tom de pele natural proporciona uma apar\u00eancia ultrarrealista.<\/p>\n<p><em><strong>Ergon\u00f4mico, seguro e higi\u00eanico<\/strong><\/em><\/p>\n<p>Projetado para o m\u00e1ximo conforto, seu formato ergon\u00f4mico o torna f\u00e1cil de manusear e manipular. Feito com materiais hipoalerg\u00eanicos, n\u00e3o porosos e inodoros, este dildo garante uma experi\u00eancia segura e higi\u00eanica. Al\u00e9m disso, \u00e9 100% livre de ftalatos, priorizando seu bem-estar a cada uso.<\/p>\n<p>Silicone termo-reativo: Personalize a textura<\/p>\n<p>Gra\u00e7as \u00e0 sua inovadora tecnologia termo-reativa, voc\u00ea pode ajustar a firmeza do material. Resfrie-o para uma sensa\u00e7\u00e3o mais firme ou aque\u00e7a-o para uma textura mais macia, ajustando-se \u00e0s suas prefer\u00eancias e temperatura corporal.<\/p>\n<p>\u00c0 prova d\u00e1gua e compat\u00edvel para jogo vers\u00e1til<\/p>\n<p>Completamente \u00e0 prova d\u00e1gua, ideal para uso no chuveiro ou banheira. Al\u00e9m disso, \u00e9 compat\u00edvel com torsos de silicone, proporcionando mais possibilidades de explora\u00e7\u00e3o e prazer.<\/p>\n<p><u><em><strong>CARACTER\u00cdSTICAS<\/strong><\/em><\/u><\/p>\n<ul>\n<li>Materiais: SILEXPAN e pele de silicone l\u00edquido 100% livre de ftalatos<\/li>\n<li>Cor: Carne com detalhes realistas<\/li>\n<li>Di\u00e2metro inser\u00edvel: 3,5 cm<\/li>\n<li>Comprimento inser\u00edvel: 13 cm<\/li>\n<li>Comprimento m\u00e1ximo: 15,4 cm<\/li>\n<li>Base de suc\u00e7\u00e3o: Est\u00e1vel e resistente<\/li>\n<li>Imperme\u00e1vel<\/li>\n<li>Sensa\u00e7\u00e3o real na pele<\/li>\n<li>Termorreativo: ajusta sua firmeza com a temperatura<\/li>\n<li>Inodoro e n\u00e3o t\u00f3xico<\/li>\n<li>Exterior liso com n\u00facleo firme<\/li>\n<\/ul>\n<p>Desfrute de uma experi\u00eancia inigual\u00e1vel com o modelo Silexd Premium Real Skin de 15,4 cm, projetado para oferecer prazer, realismo e conforto a cada uso.<\/p>\n","protected":false},"excerpt":{"rendered":"<p>SILEXD &#8211; MODELO DE P\u00caNIS REAL\u00cdSTICO 2 SILICONE TERMORATIVO 15,4 CM<\/p>\n","protected":false},"featured_media":99132,"template":"","meta":{"_acf_changed":false},"product_brand":[],"product_cat":[17,56],"product_tag":[],"class_list":{"0":"post-51917","1":"product","2":"type-product","3":"status-publish","4":"has-post-thumbnail","6":"product_cat-brinquedos-de-bem-estar-sexual","7":"product_cat-dildos-e-arneses","8":"yith_product_brand-silexd","10":"first","11":"instock","12":"taxable","13":"shipping-taxable","14":"purchasable","15":"product-type-simple"},"acf":[],"yoast_head":"<!-- This site is optimized with the Yoast SEO plugin v27.4 - https:\/\/yoast.com\/product\/yoast-seo-wordpress\/ -->\n<title>SILEXD - MODELO DE P\u00caNIS REAL\u00cdSTICO 2 SILICONE TERMORATIVO 15,4 CM - Lovme<\/title>\n<meta name=\"robots\" content=\"index, follow, max-snippet:-1, max-image-preview:large, max-video-preview:-1\" \/>\n<link rel=\"canonical\" href=\"https:\/\/lovme.pt\/index.php\/produto\/silexd-modelo-de-penis-realistico-2-silicone-termorativo-154-cm\/\" \/>\n<meta property=\"og:locale\" content=\"pt_PT\" \/>\n<meta property=\"og:type\" content=\"article\" \/>\n<meta property=\"og:title\" content=\"SILEXD - MODELO DE P\u00caNIS REAL\u00cdSTICO 2 SILICONE TERMORATIVO 15,4 CM - Lovme\" \/>\n<meta property=\"og:description\" content=\"SILEXD - MODELO DE P\u00caNIS REAL\u00cdSTICO 2 SILICONE TERMORATIVO 15,4 CM\" \/>\n<meta property=\"og:url\" content=\"https:\/\/lovme.pt\/index.php\/produto\/silexd-modelo-de-penis-realistico-2-silicone-termorativo-154-cm\/\" \/>\n<meta property=\"og:site_name\" content=\"Lovme\" \/>\n<meta property=\"article:modified_time\" content=\"2026-02-19T20:21:45+00:00\" \/>\n<meta property=\"og:image\" content=\"https:\/\/erki24nd3ub.exactdn.com\/wp-content\/uploads\/dream\/img\/img_203775_50a97811d29febbd7e92b51205917f5c_1.jpg?strip=all\" \/>\n\t<meta property=\"og:image:width\" content=\"900\" \/>\n\t<meta property=\"og:image:height\" content=\"900\" \/>\n\t<meta property=\"og:image:type\" content=\"image\/jpeg\" \/>\n<meta name=\"twitter:card\" content=\"summary_large_image\" \/>\n<meta name=\"twitter:label1\" content=\"Tempo estimado de leitura\" \/>\n\t<meta name=\"twitter:data1\" content=\"2 minutos\" \/>\n<script type=\"application\/ld+json\" class=\"yoast-schema-graph\">{\"@context\":\"https:\\\/\\\/schema.org\",\"@graph\":[{\"@type\":\"WebPage\",\"@id\":\"https:\\\/\\\/lovme.pt\\\/index.php\\\/produto\\\/silexd-modelo-de-penis-realistico-2-silicone-termorativo-154-cm\\\/\",\"url\":\"https:\\\/\\\/lovme.pt\\\/index.php\\\/produto\\\/silexd-modelo-de-penis-realistico-2-silicone-termorativo-154-cm\\\/\",\"name\":\"SILEXD - MODELO DE P\u00caNIS REAL\u00cdSTICO 2 SILICONE TERMORATIVO 15,4 CM - Lovme\",\"isPartOf\":{\"@id\":\"https:\\\/\\\/lovme.pt\\\/#website\"},\"primaryImageOfPage\":{\"@id\":\"https:\\\/\\\/lovme.pt\\\/index.php\\\/produto\\\/silexd-modelo-de-penis-realistico-2-silicone-termorativo-154-cm\\\/#primaryimage\"},\"image\":{\"@id\":\"https:\\\/\\\/lovme.pt\\\/index.php\\\/produto\\\/silexd-modelo-de-penis-realistico-2-silicone-termorativo-154-cm\\\/#primaryimage\"},\"thumbnailUrl\":\"https:\\\/\\\/erki24nd3ub.exactdn.com\\\/wp-content\\\/uploads\\\/dream\\\/img\\\/img_203775_50a97811d29febbd7e92b51205917f5c_1.jpg?strip=all\",\"datePublished\":\"2025-10-01T02:48:31+00:00\",\"dateModified\":\"2026-02-19T20:21:45+00:00\",\"breadcrumb\":{\"@id\":\"https:\\\/\\\/lovme.pt\\\/index.php\\\/produto\\\/silexd-modelo-de-penis-realistico-2-silicone-termorativo-154-cm\\\/#breadcrumb\"},\"inLanguage\":\"pt-PT\",\"potentialAction\":[{\"@type\":\"ReadAction\",\"target\":[\"https:\\\/\\\/lovme.pt\\\/index.php\\\/produto\\\/silexd-modelo-de-penis-realistico-2-silicone-termorativo-154-cm\\\/\"]}]},{\"@type\":\"ImageObject\",\"inLanguage\":\"pt-PT\",\"@id\":\"https:\\\/\\\/lovme.pt\\\/index.php\\\/produto\\\/silexd-modelo-de-penis-realistico-2-silicone-termorativo-154-cm\\\/#primaryimage\",\"url\":\"https:\\\/\\\/erki24nd3ub.exactdn.com\\\/wp-content\\\/uploads\\\/dream\\\/img\\\/img_203775_50a97811d29febbd7e92b51205917f5c_1.jpg?strip=all\",\"contentUrl\":\"https:\\\/\\\/erki24nd3ub.exactdn.com\\\/wp-content\\\/uploads\\\/dream\\\/img\\\/img_203775_50a97811d29febbd7e92b51205917f5c_1.jpg?strip=all\",\"width\":900,\"height\":900},{\"@type\":\"BreadcrumbList\",\"@id\":\"https:\\\/\\\/lovme.pt\\\/index.php\\\/produto\\\/silexd-modelo-de-penis-realistico-2-silicone-termorativo-154-cm\\\/#breadcrumb\",\"itemListElement\":[{\"@type\":\"ListItem\",\"position\":1,\"name\":\"In\u00edcio\",\"item\":\"https:\\\/\\\/lovme.pt\\\/\"},{\"@type\":\"ListItem\",\"position\":2,\"name\":\"Loja\",\"item\":\"https:\\\/\\\/lovme.pt\\\/index.php\\\/loja\\\/\"},{\"@type\":\"ListItem\",\"position\":3,\"name\":\"SILEXD &#8211; MODELO DE P\u00caNIS REAL\u00cdSTICO 2 SILICONE TERMORATIVO 15,4 CM\"}]},{\"@type\":\"WebSite\",\"@id\":\"https:\\\/\\\/lovme.pt\\\/#website\",\"url\":\"https:\\\/\\\/lovme.pt\\\/\",\"name\":\"Lovme Loja Er\u00f3tica N\u00ba1 em Portugal\",\"description\":\"A melhor loja er\u00f3tica de Portugal.\",\"alternateName\":\"Loja Er\u00f3tica Lovme\",\"potentialAction\":[{\"@type\":\"SearchAction\",\"target\":{\"@type\":\"EntryPoint\",\"urlTemplate\":\"https:\\\/\\\/lovme.pt\\\/?s={search_term_string}\"},\"query-input\":{\"@type\":\"PropertyValueSpecification\",\"valueRequired\":true,\"valueName\":\"search_term_string\"}}],\"inLanguage\":\"pt-PT\"}]}<\/script>\n<!-- \/ Yoast SEO plugin. -->","yoast_head_json":{"title":"SILEXD - MODELO DE P\u00caNIS REAL\u00cdSTICO 2 SILICONE TERMORATIVO 15,4 CM - Lovme","robots":{"index":"index","follow":"follow","max-snippet":"max-snippet:-1","max-image-preview":"max-image-preview:large","max-video-preview":"max-video-preview:-1"},"canonical":"https:\/\/lovme.pt\/index.php\/produto\/silexd-modelo-de-penis-realistico-2-silicone-termorativo-154-cm\/","og_locale":"pt_PT","og_type":"article","og_title":"SILEXD - MODELO DE P\u00caNIS REAL\u00cdSTICO 2 SILICONE TERMORATIVO 15,4 CM - Lovme","og_description":"SILEXD - MODELO DE P\u00caNIS REAL\u00cdSTICO 2 SILICONE TERMORATIVO 15,4 CM","og_url":"https:\/\/lovme.pt\/index.php\/produto\/silexd-modelo-de-penis-realistico-2-silicone-termorativo-154-cm\/","og_site_name":"Lovme","article_modified_time":"2026-02-19T20:21:45+00:00","og_image":[{"width":900,"height":900,"url":"https:\/\/erki24nd3ub.exactdn.com\/wp-content\/uploads\/dream\/img\/img_203775_50a97811d29febbd7e92b51205917f5c_1.jpg?strip=all","type":"image\/jpeg"}],"twitter_card":"summary_large_image","twitter_misc":{"Tempo estimado de leitura":"2 minutos"},"schema":{"@context":"https:\/\/schema.org","@graph":[{"@type":"WebPage","@id":"https:\/\/lovme.pt\/index.php\/produto\/silexd-modelo-de-penis-realistico-2-silicone-termorativo-154-cm\/","url":"https:\/\/lovme.pt\/index.php\/produto\/silexd-modelo-de-penis-realistico-2-silicone-termorativo-154-cm\/","name":"SILEXD - MODELO DE P\u00caNIS REAL\u00cdSTICO 2 SILICONE TERMORATIVO 15,4 CM - Lovme","isPartOf":{"@id":"https:\/\/lovme.pt\/#website"},"primaryImageOfPage":{"@id":"https:\/\/lovme.pt\/index.php\/produto\/silexd-modelo-de-penis-realistico-2-silicone-termorativo-154-cm\/#primaryimage"},"image":{"@id":"https:\/\/lovme.pt\/index.php\/produto\/silexd-modelo-de-penis-realistico-2-silicone-termorativo-154-cm\/#primaryimage"},"thumbnailUrl":"https:\/\/erki24nd3ub.exactdn.com\/wp-content\/uploads\/dream\/img\/img_203775_50a97811d29febbd7e92b51205917f5c_1.jpg?strip=all","datePublished":"2025-10-01T02:48:31+00:00","dateModified":"2026-02-19T20:21:45+00:00","breadcrumb":{"@id":"https:\/\/lovme.pt\/index.php\/produto\/silexd-modelo-de-penis-realistico-2-silicone-termorativo-154-cm\/#breadcrumb"},"inLanguage":"pt-PT","potentialAction":[{"@type":"ReadAction","target":["https:\/\/lovme.pt\/index.php\/produto\/silexd-modelo-de-penis-realistico-2-silicone-termorativo-154-cm\/"]}]},{"@type":"ImageObject","inLanguage":"pt-PT","@id":"https:\/\/lovme.pt\/index.php\/produto\/silexd-modelo-de-penis-realistico-2-silicone-termorativo-154-cm\/#primaryimage","url":"https:\/\/erki24nd3ub.exactdn.com\/wp-content\/uploads\/dream\/img\/img_203775_50a97811d29febbd7e92b51205917f5c_1.jpg?strip=all","contentUrl":"https:\/\/erki24nd3ub.exactdn.com\/wp-content\/uploads\/dream\/img\/img_203775_50a97811d29febbd7e92b51205917f5c_1.jpg?strip=all","width":900,"height":900},{"@type":"BreadcrumbList","@id":"https:\/\/lovme.pt\/index.php\/produto\/silexd-modelo-de-penis-realistico-2-silicone-termorativo-154-cm\/#breadcrumb","itemListElement":[{"@type":"ListItem","position":1,"name":"In\u00edcio","item":"https:\/\/lovme.pt\/"},{"@type":"ListItem","position":2,"name":"Loja","item":"https:\/\/lovme.pt\/index.php\/loja\/"},{"@type":"ListItem","position":3,"name":"SILEXD &#8211; MODELO DE P\u00caNIS REAL\u00cdSTICO 2 SILICONE TERMORATIVO 15,4 CM"}]},{"@type":"WebSite","@id":"https:\/\/lovme.pt\/#website","url":"https:\/\/lovme.pt\/","name":"Lovme Loja Er\u00f3tica N\u00ba1 em Portugal","description":"A melhor loja er\u00f3tica de Portugal.","alternateName":"Loja Er\u00f3tica Lovme","potentialAction":[{"@type":"SearchAction","target":{"@type":"EntryPoint","urlTemplate":"https:\/\/lovme.pt\/?s={search_term_string}"},"query-input":{"@type":"PropertyValueSpecification","valueRequired":true,"valueName":"search_term_string"}}],"inLanguage":"pt-PT"}]}},"_links":{"self":[{"href":"https:\/\/lovme.pt\/index.php\/wp-json\/wp\/v2\/product\/51917","targetHints":{"allow":["GET"]}}],"collection":[{"href":"https:\/\/lovme.pt\/index.php\/wp-json\/wp\/v2\/product"}],"about":[{"href":"https:\/\/lovme.pt\/index.php\/wp-json\/wp\/v2\/types\/product"}],"wp:featuredmedia":[{"embeddable":true,"href":"https:\/\/lovme.pt\/index.php\/wp-json\/wp\/v2\/media\/99132"}],"wp:attachment":[{"href":"https:\/\/lovme.pt\/index.php\/wp-json\/wp\/v2\/media?parent=51917"}],"wp:term":[{"taxonomy":"product_brand","embeddable":true,"href":"https:\/\/lovme.pt\/index.php\/wp-json\/wp\/v2\/product_brand?post=51917"},{"taxonomy":"product_cat","embeddable":true,"href":"https:\/\/lovme.pt\/index.php\/wp-json\/wp\/v2\/product_cat?post=51917"},{"taxonomy":"product_tag","embeddable":true,"href":"https:\/\/lovme.pt\/index.php\/wp-json\/wp\/v2\/product_tag?post=51917"}],"curies":[{"name":"wp","href":"https:\/\/api.w.org\/{rel}","templated":true}]}}