{"id":51881,"date":"2025-09-30T22:06:56","date_gmt":"2025-09-30T22:06:56","guid":{"rendered":"https:\/\/lovme.pt\/?post_type=product&p=51881"},"modified":"2026-02-19T20:09:12","modified_gmt":"2026-02-19T20:09:12","slug":"pretty-love-vibrador-de-coelho-killmoulis-12-modos-de-vibracao-roxo","status":"publish","type":"product","link":"https:\/\/lovme.pt\/index.php\/produto\/pretty-love-vibrador-de-coelho-killmoulis-12-modos-de-vibracao-roxo\/","title":{"rendered":"PRETTY LOVE &#8211; VIBRADOR DE COELHO KILLMOULIS 12 MODOS DE VIBRA\u00c7\u00c3O ROXO"},"content":{"rendered":"<p><strong>AMOR BONITO BW-500064<\/strong><br \/> Adicione um jato do seu lubrificante favorito \u00e0 base de \u00e1gua para fazer o brinquedo de silicone sedoso deslizar para o lugar certo. A fun\u00e7\u00e3o de l\u00edngua destacada se move com 4 configura\u00e7\u00f5es e 12 modos de vibra\u00e7\u00e3o. Um motor potente se move para frente e para tr\u00e1s, fornecendo a voc\u00ea uma estimula\u00e7\u00e3o interna que far\u00e1 voc\u00ea tremer. A cabe\u00e7a de coelho fornece estimula\u00e7\u00e3o extra e lhe trar\u00e1 sensa\u00e7\u00f5es diferentes!<\/p>\n<p> <u><strong>CARACTER\u00cdSTICAS<\/strong><\/u> :<\/p>\n<ul>\n<li> Fun\u00e7\u00e3o: 12 fun\u00e7\u00f5es de vibra\u00e7\u00e3o 4 configura\u00e7\u00f5es de oscila\u00e7\u00e3o<\/li>\n<li> Material: Silicone<\/li>\n<li> Pot\u00eancia: Carregamento USB magn\u00e9tico<\/li>\n<\/ul>\n","protected":false},"excerpt":{"rendered":"<p>PRETTY LOVE &#8211; VIBRADOR DE COELHO KILLMOULIS 12 MODOS DE VIBRA\u00c7\u00c3O ROXO<\/p>\n","protected":false},"featured_media":74094,"template":"","meta":{"_acf_changed":false},"product_brand":[],"product_cat":[17,61,76],"product_tag":[],"class_list":{"0":"post-51881","1":"product","2":"type-product","3":"status-publish","4":"has-post-thumbnail","6":"product_cat-brinquedos-de-bem-estar-sexual","7":"product_cat-para-elas","8":"product_cat-vibradores","9":"yith_product_brand-pretty-love","11":"first","12":"instock","13":"taxable","14":"shipping-taxable","15":"purchasable","16":"product-type-simple"},"acf":[],"yoast_head":"<!-- This site is optimized with the Yoast SEO plugin v27.4 - https:\/\/yoast.com\/product\/yoast-seo-wordpress\/ -->\n<title>PRETTY LOVE - VIBRADOR DE COELHO KILLMOULIS 12 MODOS DE VIBRA\u00c7\u00c3O ROXO - Lovme<\/title>\n<meta name=\"robots\" content=\"index, follow, max-snippet:-1, max-image-preview:large, max-video-preview:-1\" \/>\n<link rel=\"canonical\" href=\"https:\/\/lovme.pt\/index.php\/produto\/pretty-love-vibrador-de-coelho-killmoulis-12-modos-de-vibracao-roxo\/\" \/>\n<meta property=\"og:locale\" content=\"pt_PT\" \/>\n<meta property=\"og:type\" content=\"article\" \/>\n<meta property=\"og:title\" content=\"PRETTY LOVE - VIBRADOR DE COELHO KILLMOULIS 12 MODOS DE VIBRA\u00c7\u00c3O ROXO - Lovme\" \/>\n<meta property=\"og:description\" content=\"PRETTY LOVE - VIBRADOR DE COELHO KILLMOULIS 12 MODOS DE VIBRA\u00c7\u00c3O ROXO\" \/>\n<meta property=\"og:url\" content=\"https:\/\/lovme.pt\/index.php\/produto\/pretty-love-vibrador-de-coelho-killmoulis-12-modos-de-vibracao-roxo\/\" \/>\n<meta property=\"og:site_name\" content=\"Lovme\" \/>\n<meta property=\"article:modified_time\" content=\"2026-02-19T20:09:12+00:00\" \/>\n<meta property=\"og:image\" content=\"https:\/\/erki24nd3ub.exactdn.com\/wp-content\/uploads\/dream\/img\/img_203120_eab8db0a45cf2f3014798a57eeb54541_1.jpg?strip=all\" \/>\n\t<meta property=\"og:image:width\" content=\"900\" \/>\n\t<meta property=\"og:image:height\" content=\"900\" \/>\n\t<meta property=\"og:image:type\" content=\"image\/jpeg\" \/>\n<meta name=\"twitter:card\" content=\"summary_large_image\" \/>\n<meta name=\"twitter:label1\" content=\"Tempo estimado de leitura\" \/>\n\t<meta name=\"twitter:data1\" content=\"1 minuto\" \/>\n<script type=\"application\/ld+json\" class=\"yoast-schema-graph\">{\"@context\":\"https:\\\/\\\/schema.org\",\"@graph\":[{\"@type\":\"WebPage\",\"@id\":\"https:\\\/\\\/lovme.pt\\\/index.php\\\/produto\\\/pretty-love-vibrador-de-coelho-killmoulis-12-modos-de-vibracao-roxo\\\/\",\"url\":\"https:\\\/\\\/lovme.pt\\\/index.php\\\/produto\\\/pretty-love-vibrador-de-coelho-killmoulis-12-modos-de-vibracao-roxo\\\/\",\"name\":\"PRETTY LOVE - VIBRADOR DE COELHO KILLMOULIS 12 MODOS DE VIBRA\u00c7\u00c3O ROXO - Lovme\",\"isPartOf\":{\"@id\":\"https:\\\/\\\/lovme.pt\\\/#website\"},\"primaryImageOfPage\":{\"@id\":\"https:\\\/\\\/lovme.pt\\\/index.php\\\/produto\\\/pretty-love-vibrador-de-coelho-killmoulis-12-modos-de-vibracao-roxo\\\/#primaryimage\"},\"image\":{\"@id\":\"https:\\\/\\\/lovme.pt\\\/index.php\\\/produto\\\/pretty-love-vibrador-de-coelho-killmoulis-12-modos-de-vibracao-roxo\\\/#primaryimage\"},\"thumbnailUrl\":\"https:\\\/\\\/erki24nd3ub.exactdn.com\\\/wp-content\\\/uploads\\\/dream\\\/img\\\/img_203120_eab8db0a45cf2f3014798a57eeb54541_1.jpg?strip=all\",\"datePublished\":\"2025-09-30T22:06:56+00:00\",\"dateModified\":\"2026-02-19T20:09:12+00:00\",\"breadcrumb\":{\"@id\":\"https:\\\/\\\/lovme.pt\\\/index.php\\\/produto\\\/pretty-love-vibrador-de-coelho-killmoulis-12-modos-de-vibracao-roxo\\\/#breadcrumb\"},\"inLanguage\":\"pt-PT\",\"potentialAction\":[{\"@type\":\"ReadAction\",\"target\":[\"https:\\\/\\\/lovme.pt\\\/index.php\\\/produto\\\/pretty-love-vibrador-de-coelho-killmoulis-12-modos-de-vibracao-roxo\\\/\"]}]},{\"@type\":\"ImageObject\",\"inLanguage\":\"pt-PT\",\"@id\":\"https:\\\/\\\/lovme.pt\\\/index.php\\\/produto\\\/pretty-love-vibrador-de-coelho-killmoulis-12-modos-de-vibracao-roxo\\\/#primaryimage\",\"url\":\"https:\\\/\\\/erki24nd3ub.exactdn.com\\\/wp-content\\\/uploads\\\/dream\\\/img\\\/img_203120_eab8db0a45cf2f3014798a57eeb54541_1.jpg?strip=all\",\"contentUrl\":\"https:\\\/\\\/erki24nd3ub.exactdn.com\\\/wp-content\\\/uploads\\\/dream\\\/img\\\/img_203120_eab8db0a45cf2f3014798a57eeb54541_1.jpg?strip=all\",\"width\":900,\"height\":900},{\"@type\":\"BreadcrumbList\",\"@id\":\"https:\\\/\\\/lovme.pt\\\/index.php\\\/produto\\\/pretty-love-vibrador-de-coelho-killmoulis-12-modos-de-vibracao-roxo\\\/#breadcrumb\",\"itemListElement\":[{\"@type\":\"ListItem\",\"position\":1,\"name\":\"In\u00edcio\",\"item\":\"https:\\\/\\\/lovme.pt\\\/\"},{\"@type\":\"ListItem\",\"position\":2,\"name\":\"Loja\",\"item\":\"https:\\\/\\\/lovme.pt\\\/index.php\\\/loja\\\/\"},{\"@type\":\"ListItem\",\"position\":3,\"name\":\"PRETTY LOVE &#8211; VIBRADOR DE COELHO KILLMOULIS 12 MODOS DE VIBRA\u00c7\u00c3O ROXO\"}]},{\"@type\":\"WebSite\",\"@id\":\"https:\\\/\\\/lovme.pt\\\/#website\",\"url\":\"https:\\\/\\\/lovme.pt\\\/\",\"name\":\"Lovme Loja Er\u00f3tica N\u00ba1 em Portugal\",\"description\":\"A melhor loja er\u00f3tica de Portugal.\",\"alternateName\":\"Loja Er\u00f3tica Lovme\",\"potentialAction\":[{\"@type\":\"SearchAction\",\"target\":{\"@type\":\"EntryPoint\",\"urlTemplate\":\"https:\\\/\\\/lovme.pt\\\/?s={search_term_string}\"},\"query-input\":{\"@type\":\"PropertyValueSpecification\",\"valueRequired\":true,\"valueName\":\"search_term_string\"}}],\"inLanguage\":\"pt-PT\"}]}<\/script>\n<!-- \/ Yoast SEO plugin. -->","yoast_head_json":{"title":"PRETTY LOVE - VIBRADOR DE COELHO KILLMOULIS 12 MODOS DE VIBRA\u00c7\u00c3O ROXO - Lovme","robots":{"index":"index","follow":"follow","max-snippet":"max-snippet:-1","max-image-preview":"max-image-preview:large","max-video-preview":"max-video-preview:-1"},"canonical":"https:\/\/lovme.pt\/index.php\/produto\/pretty-love-vibrador-de-coelho-killmoulis-12-modos-de-vibracao-roxo\/","og_locale":"pt_PT","og_type":"article","og_title":"PRETTY LOVE - VIBRADOR DE COELHO KILLMOULIS 12 MODOS DE VIBRA\u00c7\u00c3O ROXO - Lovme","og_description":"PRETTY LOVE - VIBRADOR DE COELHO KILLMOULIS 12 MODOS DE VIBRA\u00c7\u00c3O ROXO","og_url":"https:\/\/lovme.pt\/index.php\/produto\/pretty-love-vibrador-de-coelho-killmoulis-12-modos-de-vibracao-roxo\/","og_site_name":"Lovme","article_modified_time":"2026-02-19T20:09:12+00:00","og_image":[{"width":900,"height":900,"url":"https:\/\/erki24nd3ub.exactdn.com\/wp-content\/uploads\/dream\/img\/img_203120_eab8db0a45cf2f3014798a57eeb54541_1.jpg?strip=all","type":"image\/jpeg"}],"twitter_card":"summary_large_image","twitter_misc":{"Tempo estimado de leitura":"1 minuto"},"schema":{"@context":"https:\/\/schema.org","@graph":[{"@type":"WebPage","@id":"https:\/\/lovme.pt\/index.php\/produto\/pretty-love-vibrador-de-coelho-killmoulis-12-modos-de-vibracao-roxo\/","url":"https:\/\/lovme.pt\/index.php\/produto\/pretty-love-vibrador-de-coelho-killmoulis-12-modos-de-vibracao-roxo\/","name":"PRETTY LOVE - VIBRADOR DE COELHO KILLMOULIS 12 MODOS DE VIBRA\u00c7\u00c3O ROXO - Lovme","isPartOf":{"@id":"https:\/\/lovme.pt\/#website"},"primaryImageOfPage":{"@id":"https:\/\/lovme.pt\/index.php\/produto\/pretty-love-vibrador-de-coelho-killmoulis-12-modos-de-vibracao-roxo\/#primaryimage"},"image":{"@id":"https:\/\/lovme.pt\/index.php\/produto\/pretty-love-vibrador-de-coelho-killmoulis-12-modos-de-vibracao-roxo\/#primaryimage"},"thumbnailUrl":"https:\/\/erki24nd3ub.exactdn.com\/wp-content\/uploads\/dream\/img\/img_203120_eab8db0a45cf2f3014798a57eeb54541_1.jpg?strip=all","datePublished":"2025-09-30T22:06:56+00:00","dateModified":"2026-02-19T20:09:12+00:00","breadcrumb":{"@id":"https:\/\/lovme.pt\/index.php\/produto\/pretty-love-vibrador-de-coelho-killmoulis-12-modos-de-vibracao-roxo\/#breadcrumb"},"inLanguage":"pt-PT","potentialAction":[{"@type":"ReadAction","target":["https:\/\/lovme.pt\/index.php\/produto\/pretty-love-vibrador-de-coelho-killmoulis-12-modos-de-vibracao-roxo\/"]}]},{"@type":"ImageObject","inLanguage":"pt-PT","@id":"https:\/\/lovme.pt\/index.php\/produto\/pretty-love-vibrador-de-coelho-killmoulis-12-modos-de-vibracao-roxo\/#primaryimage","url":"https:\/\/erki24nd3ub.exactdn.com\/wp-content\/uploads\/dream\/img\/img_203120_eab8db0a45cf2f3014798a57eeb54541_1.jpg?strip=all","contentUrl":"https:\/\/erki24nd3ub.exactdn.com\/wp-content\/uploads\/dream\/img\/img_203120_eab8db0a45cf2f3014798a57eeb54541_1.jpg?strip=all","width":900,"height":900},{"@type":"BreadcrumbList","@id":"https:\/\/lovme.pt\/index.php\/produto\/pretty-love-vibrador-de-coelho-killmoulis-12-modos-de-vibracao-roxo\/#breadcrumb","itemListElement":[{"@type":"ListItem","position":1,"name":"In\u00edcio","item":"https:\/\/lovme.pt\/"},{"@type":"ListItem","position":2,"name":"Loja","item":"https:\/\/lovme.pt\/index.php\/loja\/"},{"@type":"ListItem","position":3,"name":"PRETTY LOVE &#8211; VIBRADOR DE COELHO KILLMOULIS 12 MODOS DE VIBRA\u00c7\u00c3O ROXO"}]},{"@type":"WebSite","@id":"https:\/\/lovme.pt\/#website","url":"https:\/\/lovme.pt\/","name":"Lovme Loja Er\u00f3tica N\u00ba1 em Portugal","description":"A melhor loja er\u00f3tica de Portugal.","alternateName":"Loja Er\u00f3tica Lovme","potentialAction":[{"@type":"SearchAction","target":{"@type":"EntryPoint","urlTemplate":"https:\/\/lovme.pt\/?s={search_term_string}"},"query-input":{"@type":"PropertyValueSpecification","valueRequired":true,"valueName":"search_term_string"}}],"inLanguage":"pt-PT"}]}},"_links":{"self":[{"href":"https:\/\/lovme.pt\/index.php\/wp-json\/wp\/v2\/product\/51881","targetHints":{"allow":["GET"]}}],"collection":[{"href":"https:\/\/lovme.pt\/index.php\/wp-json\/wp\/v2\/product"}],"about":[{"href":"https:\/\/lovme.pt\/index.php\/wp-json\/wp\/v2\/types\/product"}],"wp:featuredmedia":[{"embeddable":true,"href":"https:\/\/lovme.pt\/index.php\/wp-json\/wp\/v2\/media\/74094"}],"wp:attachment":[{"href":"https:\/\/lovme.pt\/index.php\/wp-json\/wp\/v2\/media?parent=51881"}],"wp:term":[{"taxonomy":"product_brand","embeddable":true,"href":"https:\/\/lovme.pt\/index.php\/wp-json\/wp\/v2\/product_brand?post=51881"},{"taxonomy":"product_cat","embeddable":true,"href":"https:\/\/lovme.pt\/index.php\/wp-json\/wp\/v2\/product_cat?post=51881"},{"taxonomy":"product_tag","embeddable":true,"href":"https:\/\/lovme.pt\/index.php\/wp-json\/wp\/v2\/product_tag?post=51881"}],"curies":[{"name":"wp","href":"https:\/\/api.w.org\/{rel}","templated":true}]}}