{"id":51878,"date":"2025-09-30T20:09:02","date_gmt":"2025-09-30T20:09:02","guid":{"rendered":"https:\/\/lovme.pt\/?post_type=product&p=51878"},"modified":"2026-02-19T20:07:09","modified_gmt":"2026-02-19T20:07:09","slug":"pretty-love-manga-para-penis-com-plug-anal-natural","status":"publish","type":"product","link":"https:\/\/lovme.pt\/index.php\/produto\/pretty-love-manga-para-penis-com-plug-anal-natural\/","title":{"rendered":"PRETTY LOVE &#8211; MANGA PARA P\u00caNIS COM PLUG ANAL NATURAL"},"content":{"rendered":"<p><strong>LINDO AMOR BI-026277M<\/strong><br \/>Este plug anal vest\u00edvel vem com um anel peniano que restringe o fluxo sangu\u00edneo para longe da sua ere\u00e7\u00e3o, ajudando voc\u00ea a ficar duro por mais tempo e aumentando seu orgasmo a novas alturas para um final seriamente explosivo. A cabe\u00e7a lisa e c\u00f4nica do plug \u00e9 confort\u00e1vel e f\u00e1cil de inserir at\u00e9 uma profundidade segura de fora do seu corpo, preenchendo voc\u00ea e colocando a quantidade perfeita de press\u00e3o contra suas paredes internas.<\/p>\n<p><u><strong>CARACTER\u00cdSTICAS<\/strong><\/u> :<\/p>\n<ul>\n<li>Material TPE<\/li>\n<li>Imperme\u00e1vel<\/li>\n<\/ul>\n","protected":false},"excerpt":{"rendered":"<p>PRETTY LOVE &#8211; MANGA PARA P\u00caNIS COM PLUG ANAL NATURAL<\/p>\n","protected":false},"featured_media":65241,"template":"","meta":{"_acf_changed":false},"product_brand":[],"product_cat":[17,60,62,63],"product_tag":[],"class_list":{"0":"post-51878","1":"product","2":"type-product","3":"status-publish","4":"has-post-thumbnail","6":"product_cat-brinquedos-de-bem-estar-sexual","7":"product_cat-para-eles","8":"product_cat-plugues-e-correntes-anais","9":"product_cat-sexo-anal","10":"yith_product_brand-pretty-love","11":"yith_product_brand-pretty-lovepretty-love-male","13":"first","14":"instock","15":"taxable","16":"shipping-taxable","17":"purchasable","18":"product-type-simple"},"acf":[],"yoast_head":"<!-- This site is optimized with the Yoast SEO plugin v27.4 - https:\/\/yoast.com\/product\/yoast-seo-wordpress\/ -->\n<title>PRETTY LOVE - MANGA PARA P\u00caNIS COM PLUG ANAL NATURAL - Lovme<\/title>\n<meta name=\"robots\" content=\"index, follow, max-snippet:-1, max-image-preview:large, max-video-preview:-1\" \/>\n<link rel=\"canonical\" href=\"https:\/\/lovme.pt\/index.php\/produto\/pretty-love-manga-para-penis-com-plug-anal-natural\/\" \/>\n<meta property=\"og:locale\" content=\"pt_PT\" \/>\n<meta property=\"og:type\" content=\"article\" \/>\n<meta property=\"og:title\" content=\"PRETTY LOVE - MANGA PARA P\u00caNIS COM PLUG ANAL NATURAL - Lovme\" \/>\n<meta property=\"og:description\" content=\"PRETTY LOVE - MANGA PARA P\u00caNIS COM PLUG ANAL NATURAL\" \/>\n<meta property=\"og:url\" content=\"https:\/\/lovme.pt\/index.php\/produto\/pretty-love-manga-para-penis-com-plug-anal-natural\/\" \/>\n<meta property=\"og:site_name\" content=\"Lovme\" \/>\n<meta property=\"article:modified_time\" content=\"2026-02-19T20:07:09+00:00\" \/>\n<meta property=\"og:image\" content=\"https:\/\/erki24nd3ub.exactdn.com\/wp-content\/uploads\/dream\/img\/img_203062_4c9ae8b300c67b4ecdcaf8c5295c8e91_1.jpg?strip=all\" \/>\n\t<meta property=\"og:image:width\" content=\"900\" \/>\n\t<meta property=\"og:image:height\" content=\"900\" \/>\n\t<meta property=\"og:image:type\" content=\"image\/jpeg\" \/>\n<meta name=\"twitter:card\" content=\"summary_large_image\" \/>\n<script type=\"application\/ld+json\" class=\"yoast-schema-graph\">{\"@context\":\"https:\\\/\\\/schema.org\",\"@graph\":[{\"@type\":\"WebPage\",\"@id\":\"https:\\\/\\\/lovme.pt\\\/index.php\\\/produto\\\/pretty-love-manga-para-penis-com-plug-anal-natural\\\/\",\"url\":\"https:\\\/\\\/lovme.pt\\\/index.php\\\/produto\\\/pretty-love-manga-para-penis-com-plug-anal-natural\\\/\",\"name\":\"PRETTY LOVE - MANGA PARA P\u00caNIS COM PLUG ANAL NATURAL - Lovme\",\"isPartOf\":{\"@id\":\"https:\\\/\\\/lovme.pt\\\/#website\"},\"primaryImageOfPage\":{\"@id\":\"https:\\\/\\\/lovme.pt\\\/index.php\\\/produto\\\/pretty-love-manga-para-penis-com-plug-anal-natural\\\/#primaryimage\"},\"image\":{\"@id\":\"https:\\\/\\\/lovme.pt\\\/index.php\\\/produto\\\/pretty-love-manga-para-penis-com-plug-anal-natural\\\/#primaryimage\"},\"thumbnailUrl\":\"https:\\\/\\\/erki24nd3ub.exactdn.com\\\/wp-content\\\/uploads\\\/dream\\\/img\\\/img_203062_4c9ae8b300c67b4ecdcaf8c5295c8e91_1.jpg?strip=all\",\"datePublished\":\"2025-09-30T20:09:02+00:00\",\"dateModified\":\"2026-02-19T20:07:09+00:00\",\"breadcrumb\":{\"@id\":\"https:\\\/\\\/lovme.pt\\\/index.php\\\/produto\\\/pretty-love-manga-para-penis-com-plug-anal-natural\\\/#breadcrumb\"},\"inLanguage\":\"pt-PT\",\"potentialAction\":[{\"@type\":\"ReadAction\",\"target\":[\"https:\\\/\\\/lovme.pt\\\/index.php\\\/produto\\\/pretty-love-manga-para-penis-com-plug-anal-natural\\\/\"]}]},{\"@type\":\"ImageObject\",\"inLanguage\":\"pt-PT\",\"@id\":\"https:\\\/\\\/lovme.pt\\\/index.php\\\/produto\\\/pretty-love-manga-para-penis-com-plug-anal-natural\\\/#primaryimage\",\"url\":\"https:\\\/\\\/erki24nd3ub.exactdn.com\\\/wp-content\\\/uploads\\\/dream\\\/img\\\/img_203062_4c9ae8b300c67b4ecdcaf8c5295c8e91_1.jpg?strip=all\",\"contentUrl\":\"https:\\\/\\\/erki24nd3ub.exactdn.com\\\/wp-content\\\/uploads\\\/dream\\\/img\\\/img_203062_4c9ae8b300c67b4ecdcaf8c5295c8e91_1.jpg?strip=all\",\"width\":900,\"height\":900},{\"@type\":\"BreadcrumbList\",\"@id\":\"https:\\\/\\\/lovme.pt\\\/index.php\\\/produto\\\/pretty-love-manga-para-penis-com-plug-anal-natural\\\/#breadcrumb\",\"itemListElement\":[{\"@type\":\"ListItem\",\"position\":1,\"name\":\"In\u00edcio\",\"item\":\"https:\\\/\\\/lovme.pt\\\/\"},{\"@type\":\"ListItem\",\"position\":2,\"name\":\"Loja\",\"item\":\"https:\\\/\\\/lovme.pt\\\/index.php\\\/loja\\\/\"},{\"@type\":\"ListItem\",\"position\":3,\"name\":\"PRETTY LOVE &#8211; MANGA PARA P\u00caNIS COM PLUG ANAL NATURAL\"}]},{\"@type\":\"WebSite\",\"@id\":\"https:\\\/\\\/lovme.pt\\\/#website\",\"url\":\"https:\\\/\\\/lovme.pt\\\/\",\"name\":\"Lovme Loja Er\u00f3tica N\u00ba1 em Portugal\",\"description\":\"A melhor loja er\u00f3tica de Portugal.\",\"alternateName\":\"Loja Er\u00f3tica Lovme\",\"potentialAction\":[{\"@type\":\"SearchAction\",\"target\":{\"@type\":\"EntryPoint\",\"urlTemplate\":\"https:\\\/\\\/lovme.pt\\\/?s={search_term_string}\"},\"query-input\":{\"@type\":\"PropertyValueSpecification\",\"valueRequired\":true,\"valueName\":\"search_term_string\"}}],\"inLanguage\":\"pt-PT\"}]}<\/script>\n<!-- \/ Yoast SEO plugin. -->","yoast_head_json":{"title":"PRETTY LOVE - MANGA PARA P\u00caNIS COM PLUG ANAL NATURAL - Lovme","robots":{"index":"index","follow":"follow","max-snippet":"max-snippet:-1","max-image-preview":"max-image-preview:large","max-video-preview":"max-video-preview:-1"},"canonical":"https:\/\/lovme.pt\/index.php\/produto\/pretty-love-manga-para-penis-com-plug-anal-natural\/","og_locale":"pt_PT","og_type":"article","og_title":"PRETTY LOVE - MANGA PARA P\u00caNIS COM PLUG ANAL NATURAL - Lovme","og_description":"PRETTY LOVE - MANGA PARA P\u00caNIS COM PLUG ANAL NATURAL","og_url":"https:\/\/lovme.pt\/index.php\/produto\/pretty-love-manga-para-penis-com-plug-anal-natural\/","og_site_name":"Lovme","article_modified_time":"2026-02-19T20:07:09+00:00","og_image":[{"width":900,"height":900,"url":"https:\/\/erki24nd3ub.exactdn.com\/wp-content\/uploads\/dream\/img\/img_203062_4c9ae8b300c67b4ecdcaf8c5295c8e91_1.jpg?strip=all","type":"image\/jpeg"}],"twitter_card":"summary_large_image","schema":{"@context":"https:\/\/schema.org","@graph":[{"@type":"WebPage","@id":"https:\/\/lovme.pt\/index.php\/produto\/pretty-love-manga-para-penis-com-plug-anal-natural\/","url":"https:\/\/lovme.pt\/index.php\/produto\/pretty-love-manga-para-penis-com-plug-anal-natural\/","name":"PRETTY LOVE - MANGA PARA P\u00caNIS COM PLUG ANAL NATURAL - Lovme","isPartOf":{"@id":"https:\/\/lovme.pt\/#website"},"primaryImageOfPage":{"@id":"https:\/\/lovme.pt\/index.php\/produto\/pretty-love-manga-para-penis-com-plug-anal-natural\/#primaryimage"},"image":{"@id":"https:\/\/lovme.pt\/index.php\/produto\/pretty-love-manga-para-penis-com-plug-anal-natural\/#primaryimage"},"thumbnailUrl":"https:\/\/erki24nd3ub.exactdn.com\/wp-content\/uploads\/dream\/img\/img_203062_4c9ae8b300c67b4ecdcaf8c5295c8e91_1.jpg?strip=all","datePublished":"2025-09-30T20:09:02+00:00","dateModified":"2026-02-19T20:07:09+00:00","breadcrumb":{"@id":"https:\/\/lovme.pt\/index.php\/produto\/pretty-love-manga-para-penis-com-plug-anal-natural\/#breadcrumb"},"inLanguage":"pt-PT","potentialAction":[{"@type":"ReadAction","target":["https:\/\/lovme.pt\/index.php\/produto\/pretty-love-manga-para-penis-com-plug-anal-natural\/"]}]},{"@type":"ImageObject","inLanguage":"pt-PT","@id":"https:\/\/lovme.pt\/index.php\/produto\/pretty-love-manga-para-penis-com-plug-anal-natural\/#primaryimage","url":"https:\/\/erki24nd3ub.exactdn.com\/wp-content\/uploads\/dream\/img\/img_203062_4c9ae8b300c67b4ecdcaf8c5295c8e91_1.jpg?strip=all","contentUrl":"https:\/\/erki24nd3ub.exactdn.com\/wp-content\/uploads\/dream\/img\/img_203062_4c9ae8b300c67b4ecdcaf8c5295c8e91_1.jpg?strip=all","width":900,"height":900},{"@type":"BreadcrumbList","@id":"https:\/\/lovme.pt\/index.php\/produto\/pretty-love-manga-para-penis-com-plug-anal-natural\/#breadcrumb","itemListElement":[{"@type":"ListItem","position":1,"name":"In\u00edcio","item":"https:\/\/lovme.pt\/"},{"@type":"ListItem","position":2,"name":"Loja","item":"https:\/\/lovme.pt\/index.php\/loja\/"},{"@type":"ListItem","position":3,"name":"PRETTY LOVE &#8211; MANGA PARA P\u00caNIS COM PLUG ANAL NATURAL"}]},{"@type":"WebSite","@id":"https:\/\/lovme.pt\/#website","url":"https:\/\/lovme.pt\/","name":"Lovme Loja Er\u00f3tica N\u00ba1 em Portugal","description":"A melhor loja er\u00f3tica de Portugal.","alternateName":"Loja Er\u00f3tica Lovme","potentialAction":[{"@type":"SearchAction","target":{"@type":"EntryPoint","urlTemplate":"https:\/\/lovme.pt\/?s={search_term_string}"},"query-input":{"@type":"PropertyValueSpecification","valueRequired":true,"valueName":"search_term_string"}}],"inLanguage":"pt-PT"}]}},"_links":{"self":[{"href":"https:\/\/lovme.pt\/index.php\/wp-json\/wp\/v2\/product\/51878","targetHints":{"allow":["GET"]}}],"collection":[{"href":"https:\/\/lovme.pt\/index.php\/wp-json\/wp\/v2\/product"}],"about":[{"href":"https:\/\/lovme.pt\/index.php\/wp-json\/wp\/v2\/types\/product"}],"wp:featuredmedia":[{"embeddable":true,"href":"https:\/\/lovme.pt\/index.php\/wp-json\/wp\/v2\/media\/65241"}],"wp:attachment":[{"href":"https:\/\/lovme.pt\/index.php\/wp-json\/wp\/v2\/media?parent=51878"}],"wp:term":[{"taxonomy":"product_brand","embeddable":true,"href":"https:\/\/lovme.pt\/index.php\/wp-json\/wp\/v2\/product_brand?post=51878"},{"taxonomy":"product_cat","embeddable":true,"href":"https:\/\/lovme.pt\/index.php\/wp-json\/wp\/v2\/product_cat?post=51878"},{"taxonomy":"product_tag","embeddable":true,"href":"https:\/\/lovme.pt\/index.php\/wp-json\/wp\/v2\/product_tag?post=51878"}],"curies":[{"name":"wp","href":"https:\/\/api.w.org\/{rel}","templated":true}]}}