{"id":51739,"date":"2025-09-30T09:38:05","date_gmt":"2025-09-30T09:38:05","guid":{"rendered":"https:\/\/lovme.pt\/?post_type=product&p=51739"},"modified":"2026-03-31T22:56:53","modified_gmt":"2026-03-31T22:56:53","slug":"addicted-toys-estimulador-anal-18-cm","status":"publish","type":"product","link":"https:\/\/lovme.pt\/index.php\/produto\/addicted-toys-estimulador-anal-18-cm\/","title":{"rendered":"ADDICTED TOYS &#8211; ESTIMULADOR ANAL 18 CM"},"content":{"rendered":"<p>O estimulador anal de 18cm da Addicted Toys \u00e9 uma op\u00e7\u00e3o perfeita para quem quer explorar a estimula\u00e7\u00e3o anal de forma controlada e prazerosa. Com design ergon\u00f4mico e estrutura que varia de espessura, esse estimulador \u00e9 feito para quem busca uma experi\u00eancia profunda e satisfat\u00f3ria, com tamanho adequado para quem j\u00e1 tem alguma experi\u00eancia.<\/p>\n<p><u><em><strong>Caracter\u00edsticas do estimulador anal de 18 cm:<\/strong><\/em><\/u><\/p>\n<ul>\n<li>Altura total: 180 mm, tamanho ideal para quem busca uma experi\u00eancia completa sem ser muito longo.<\/li>\n<li>Espessura da parte inferior: 25 mm, proporcionando uma expans\u00e3o inicial moderada para um ajuste confort\u00e1vel durante a inser\u00e7\u00e3o.<\/li>\n<li>Espessura m\u00e9dia: 14 mm, proporcionando uma sensa\u00e7\u00e3o mais suave e progressiva \u00e0 medida que a penetra\u00e7\u00e3o avan\u00e7a.<\/li>\n<li>Espessura superior: 36 mm, para uma sensa\u00e7\u00e3o mais intensa e satisfat\u00f3ria. Satisfazendo ao atingir a parte mais profunda do estimulador.<\/li>\n<li>Altura superior: 53 mm, o que garante que a expans\u00e3o m\u00e1xima ocorra de forma gradual e confort\u00e1vel.<\/li>\n<\/ul>\n<p><u><em><strong>Material e Design:<\/strong><\/em><\/u><\/p>\n<p>Este estimulador anal \u00e9 feito de silicone m\u00e9dico de alta qualidade, um material macio, flex\u00edvel e completamente seguro para o corpo. O silicone \u00e9 hipoalerg\u00eanico, f\u00e1cil de limpar e oferece uma experi\u00eancia confort\u00e1vel e prazerosa sem riscos \u00e0 sa\u00fade. Seu design ergon\u00f4mico garante um ajuste perfeito, permitindo uma experi\u00eancia confort\u00e1vel e controlada.<\/p>\n<p><u><em><strong>Uso e Prazer:<\/strong><\/em><\/u><\/p>\n<p>Ideal para quem deseja experimentar a estimula\u00e7\u00e3o anal de forma progressiva, este estimulador proporciona uma sensa\u00e7\u00e3o de expans\u00e3o e plenitude ao ser inserido, sem ser excessivamente grande. \u00c9 perfeito para quem j\u00e1 experimentou brinquedos menores e busca algo mais desafiador, mas controlado.<\/p>\n<p><u><em><strong>Recomenda\u00e7\u00f5es:<\/strong><\/em><\/u><\/p>\n<p>\u00c9 recomendado usar lubrificante \u00e0 base de \u00e1gua para uma inser\u00e7\u00e3o mais suave e confort\u00e1vel. Ap\u00f3s cada uso, certifique-se de limpar adequadamente o estimulador para manter a higiene ideal e garantir sua durabilidade.<\/p>\n","protected":false},"excerpt":{"rendered":"<p>ADDICTED TOYS &#8211; ESTIMULADOR ANAL 18 CM<\/p>\n","protected":false},"featured_media":55079,"template":"","meta":{"_acf_changed":false},"product_brand":[],"product_cat":[17,62,63],"product_tag":[],"class_list":{"0":"post-51739","1":"product","2":"type-product","3":"status-publish","4":"has-post-thumbnail","6":"product_cat-brinquedos-de-bem-estar-sexual","7":"product_cat-plugues-e-correntes-anais","8":"product_cat-sexo-anal","9":"yith_product_brand-addicted-toys","11":"first","12":"instock","13":"taxable","14":"shipping-taxable","15":"purchasable","16":"product-type-simple"},"acf":[],"yoast_head":"<!-- This site is optimized with the Yoast SEO plugin v27.4 - https:\/\/yoast.com\/product\/yoast-seo-wordpress\/ -->\n<title>ADDICTED TOYS - ESTIMULADOR ANAL 18 CM - Lovme<\/title>\n<meta name=\"robots\" content=\"index, follow, max-snippet:-1, max-image-preview:large, max-video-preview:-1\" \/>\n<link rel=\"canonical\" href=\"https:\/\/lovme.pt\/index.php\/produto\/addicted-toys-estimulador-anal-18-cm\/\" \/>\n<meta property=\"og:locale\" content=\"pt_PT\" \/>\n<meta property=\"og:type\" content=\"article\" \/>\n<meta property=\"og:title\" content=\"ADDICTED TOYS - ESTIMULADOR ANAL 18 CM - Lovme\" \/>\n<meta property=\"og:description\" content=\"ADDICTED TOYS - ESTIMULADOR ANAL 18 CM\" \/>\n<meta property=\"og:url\" content=\"https:\/\/lovme.pt\/index.php\/produto\/addicted-toys-estimulador-anal-18-cm\/\" \/>\n<meta property=\"og:site_name\" content=\"Lovme\" \/>\n<meta property=\"article:modified_time\" content=\"2026-03-31T22:56:53+00:00\" \/>\n<meta property=\"og:image\" content=\"https:\/\/erki24nd3ub.exactdn.com\/wp-content\/uploads\/dream\/img\/img_209156_dd35a79992ad5a5321a004d877d68196_1.png?strip=all\" \/>\n\t<meta property=\"og:image:width\" content=\"900\" \/>\n\t<meta property=\"og:image:height\" content=\"900\" \/>\n\t<meta property=\"og:image:type\" content=\"image\/png\" \/>\n<meta name=\"twitter:card\" content=\"summary_large_image\" \/>\n<meta name=\"twitter:label1\" content=\"Tempo estimado de leitura\" \/>\n\t<meta name=\"twitter:data1\" content=\"2 minutos\" \/>\n<script type=\"application\/ld+json\" class=\"yoast-schema-graph\">{\"@context\":\"https:\\\/\\\/schema.org\",\"@graph\":[{\"@type\":\"WebPage\",\"@id\":\"https:\\\/\\\/lovme.pt\\\/index.php\\\/produto\\\/addicted-toys-estimulador-anal-18-cm\\\/\",\"url\":\"https:\\\/\\\/lovme.pt\\\/index.php\\\/produto\\\/addicted-toys-estimulador-anal-18-cm\\\/\",\"name\":\"ADDICTED TOYS - ESTIMULADOR ANAL 18 CM - Lovme\",\"isPartOf\":{\"@id\":\"https:\\\/\\\/lovme.pt\\\/#website\"},\"primaryImageOfPage\":{\"@id\":\"https:\\\/\\\/lovme.pt\\\/index.php\\\/produto\\\/addicted-toys-estimulador-anal-18-cm\\\/#primaryimage\"},\"image\":{\"@id\":\"https:\\\/\\\/lovme.pt\\\/index.php\\\/produto\\\/addicted-toys-estimulador-anal-18-cm\\\/#primaryimage\"},\"thumbnailUrl\":\"https:\\\/\\\/erki24nd3ub.exactdn.com\\\/wp-content\\\/uploads\\\/dream\\\/img\\\/img_209156_dd35a79992ad5a5321a004d877d68196_1.png?strip=all\",\"datePublished\":\"2025-09-30T09:38:05+00:00\",\"dateModified\":\"2026-03-31T22:56:53+00:00\",\"breadcrumb\":{\"@id\":\"https:\\\/\\\/lovme.pt\\\/index.php\\\/produto\\\/addicted-toys-estimulador-anal-18-cm\\\/#breadcrumb\"},\"inLanguage\":\"pt-PT\",\"potentialAction\":[{\"@type\":\"ReadAction\",\"target\":[\"https:\\\/\\\/lovme.pt\\\/index.php\\\/produto\\\/addicted-toys-estimulador-anal-18-cm\\\/\"]}]},{\"@type\":\"ImageObject\",\"inLanguage\":\"pt-PT\",\"@id\":\"https:\\\/\\\/lovme.pt\\\/index.php\\\/produto\\\/addicted-toys-estimulador-anal-18-cm\\\/#primaryimage\",\"url\":\"https:\\\/\\\/erki24nd3ub.exactdn.com\\\/wp-content\\\/uploads\\\/dream\\\/img\\\/img_209156_dd35a79992ad5a5321a004d877d68196_1.png?strip=all\",\"contentUrl\":\"https:\\\/\\\/erki24nd3ub.exactdn.com\\\/wp-content\\\/uploads\\\/dream\\\/img\\\/img_209156_dd35a79992ad5a5321a004d877d68196_1.png?strip=all\",\"width\":900,\"height\":900},{\"@type\":\"BreadcrumbList\",\"@id\":\"https:\\\/\\\/lovme.pt\\\/index.php\\\/produto\\\/addicted-toys-estimulador-anal-18-cm\\\/#breadcrumb\",\"itemListElement\":[{\"@type\":\"ListItem\",\"position\":1,\"name\":\"In\u00edcio\",\"item\":\"https:\\\/\\\/lovme.pt\\\/\"},{\"@type\":\"ListItem\",\"position\":2,\"name\":\"Loja\",\"item\":\"https:\\\/\\\/lovme.pt\\\/index.php\\\/loja\\\/\"},{\"@type\":\"ListItem\",\"position\":3,\"name\":\"ADDICTED TOYS &#8211; ESTIMULADOR ANAL 18 CM\"}]},{\"@type\":\"WebSite\",\"@id\":\"https:\\\/\\\/lovme.pt\\\/#website\",\"url\":\"https:\\\/\\\/lovme.pt\\\/\",\"name\":\"Lovme Loja Er\u00f3tica N\u00ba1 em Portugal\",\"description\":\"A melhor loja er\u00f3tica de Portugal.\",\"alternateName\":\"Loja Er\u00f3tica Lovme\",\"potentialAction\":[{\"@type\":\"SearchAction\",\"target\":{\"@type\":\"EntryPoint\",\"urlTemplate\":\"https:\\\/\\\/lovme.pt\\\/?s={search_term_string}\"},\"query-input\":{\"@type\":\"PropertyValueSpecification\",\"valueRequired\":true,\"valueName\":\"search_term_string\"}}],\"inLanguage\":\"pt-PT\"}]}<\/script>\n<!-- \/ Yoast SEO plugin. -->","yoast_head_json":{"title":"ADDICTED TOYS - ESTIMULADOR ANAL 18 CM - Lovme","robots":{"index":"index","follow":"follow","max-snippet":"max-snippet:-1","max-image-preview":"max-image-preview:large","max-video-preview":"max-video-preview:-1"},"canonical":"https:\/\/lovme.pt\/index.php\/produto\/addicted-toys-estimulador-anal-18-cm\/","og_locale":"pt_PT","og_type":"article","og_title":"ADDICTED TOYS - ESTIMULADOR ANAL 18 CM - Lovme","og_description":"ADDICTED TOYS - ESTIMULADOR ANAL 18 CM","og_url":"https:\/\/lovme.pt\/index.php\/produto\/addicted-toys-estimulador-anal-18-cm\/","og_site_name":"Lovme","article_modified_time":"2026-03-31T22:56:53+00:00","og_image":[{"width":900,"height":900,"url":"https:\/\/erki24nd3ub.exactdn.com\/wp-content\/uploads\/dream\/img\/img_209156_dd35a79992ad5a5321a004d877d68196_1.png?strip=all","type":"image\/png"}],"twitter_card":"summary_large_image","twitter_misc":{"Tempo estimado de leitura":"2 minutos"},"schema":{"@context":"https:\/\/schema.org","@graph":[{"@type":"WebPage","@id":"https:\/\/lovme.pt\/index.php\/produto\/addicted-toys-estimulador-anal-18-cm\/","url":"https:\/\/lovme.pt\/index.php\/produto\/addicted-toys-estimulador-anal-18-cm\/","name":"ADDICTED TOYS - ESTIMULADOR ANAL 18 CM - Lovme","isPartOf":{"@id":"https:\/\/lovme.pt\/#website"},"primaryImageOfPage":{"@id":"https:\/\/lovme.pt\/index.php\/produto\/addicted-toys-estimulador-anal-18-cm\/#primaryimage"},"image":{"@id":"https:\/\/lovme.pt\/index.php\/produto\/addicted-toys-estimulador-anal-18-cm\/#primaryimage"},"thumbnailUrl":"https:\/\/erki24nd3ub.exactdn.com\/wp-content\/uploads\/dream\/img\/img_209156_dd35a79992ad5a5321a004d877d68196_1.png?strip=all","datePublished":"2025-09-30T09:38:05+00:00","dateModified":"2026-03-31T22:56:53+00:00","breadcrumb":{"@id":"https:\/\/lovme.pt\/index.php\/produto\/addicted-toys-estimulador-anal-18-cm\/#breadcrumb"},"inLanguage":"pt-PT","potentialAction":[{"@type":"ReadAction","target":["https:\/\/lovme.pt\/index.php\/produto\/addicted-toys-estimulador-anal-18-cm\/"]}]},{"@type":"ImageObject","inLanguage":"pt-PT","@id":"https:\/\/lovme.pt\/index.php\/produto\/addicted-toys-estimulador-anal-18-cm\/#primaryimage","url":"https:\/\/erki24nd3ub.exactdn.com\/wp-content\/uploads\/dream\/img\/img_209156_dd35a79992ad5a5321a004d877d68196_1.png?strip=all","contentUrl":"https:\/\/erki24nd3ub.exactdn.com\/wp-content\/uploads\/dream\/img\/img_209156_dd35a79992ad5a5321a004d877d68196_1.png?strip=all","width":900,"height":900},{"@type":"BreadcrumbList","@id":"https:\/\/lovme.pt\/index.php\/produto\/addicted-toys-estimulador-anal-18-cm\/#breadcrumb","itemListElement":[{"@type":"ListItem","position":1,"name":"In\u00edcio","item":"https:\/\/lovme.pt\/"},{"@type":"ListItem","position":2,"name":"Loja","item":"https:\/\/lovme.pt\/index.php\/loja\/"},{"@type":"ListItem","position":3,"name":"ADDICTED TOYS &#8211; ESTIMULADOR ANAL 18 CM"}]},{"@type":"WebSite","@id":"https:\/\/lovme.pt\/#website","url":"https:\/\/lovme.pt\/","name":"Lovme Loja Er\u00f3tica N\u00ba1 em Portugal","description":"A melhor loja er\u00f3tica de Portugal.","alternateName":"Loja Er\u00f3tica Lovme","potentialAction":[{"@type":"SearchAction","target":{"@type":"EntryPoint","urlTemplate":"https:\/\/lovme.pt\/?s={search_term_string}"},"query-input":{"@type":"PropertyValueSpecification","valueRequired":true,"valueName":"search_term_string"}}],"inLanguage":"pt-PT"}]}},"_links":{"self":[{"href":"https:\/\/lovme.pt\/index.php\/wp-json\/wp\/v2\/product\/51739","targetHints":{"allow":["GET"]}}],"collection":[{"href":"https:\/\/lovme.pt\/index.php\/wp-json\/wp\/v2\/product"}],"about":[{"href":"https:\/\/lovme.pt\/index.php\/wp-json\/wp\/v2\/types\/product"}],"wp:featuredmedia":[{"embeddable":true,"href":"https:\/\/lovme.pt\/index.php\/wp-json\/wp\/v2\/media\/55079"}],"wp:attachment":[{"href":"https:\/\/lovme.pt\/index.php\/wp-json\/wp\/v2\/media?parent=51739"}],"wp:term":[{"taxonomy":"product_brand","embeddable":true,"href":"https:\/\/lovme.pt\/index.php\/wp-json\/wp\/v2\/product_brand?post=51739"},{"taxonomy":"product_cat","embeddable":true,"href":"https:\/\/lovme.pt\/index.php\/wp-json\/wp\/v2\/product_cat?post=51739"},{"taxonomy":"product_tag","embeddable":true,"href":"https:\/\/lovme.pt\/index.php\/wp-json\/wp\/v2\/product_tag?post=51739"}],"curies":[{"name":"wp","href":"https:\/\/api.w.org\/{rel}","templated":true}]}}