{"id":51717,"date":"2025-09-30T20:08:46","date_gmt":"2025-09-30T20:08:46","guid":{"rendered":"https:\/\/lovme.pt\/?post_type=product&p=51717"},"modified":"2026-04-02T20:27:49","modified_gmt":"2026-04-02T20:27:49","slug":"addicted-toys-corda-de-silicone-para-o-penis-de-alca-dupla","status":"publish","type":"product","link":"https:\/\/lovme.pt\/index.php\/produto\/addicted-toys-corda-de-silicone-para-o-penis-de-alca-dupla\/","title":{"rendered":"ADDICTED TOYS &#8211; CORDA DE SILICONE PARA O P\u00caNIS DE AL\u00c7A DUPLA"},"content":{"rendered":"<p>A corda peniana de silicone Addicted Toys Double Loop \u00e9 um acess\u00f3rio projetado para aqueles que buscam controle mais preciso e estimula\u00e7\u00e3o adicional durante o sexo. Feita de silicone de alta qualidade, esta corda oferece flexibilidade, conforto e um ajuste seguro, aprimorando a experi\u00eancia sexual de forma confort\u00e1vel e eficaz.<\/p>\n<p> <u><em><strong>Principais caracter\u00edsticas:<\/strong><\/em><\/u><\/p>\n<ul>\n<li> Comprimento: 195 mm, proporcionando comprimento suficiente para um ajuste confort\u00e1vel e seguro ao redor do p\u00eanis, permitindo que a press\u00e3o e o ajuste sejam personalizados de acordo com a prefer\u00eancia do usu\u00e1rio.<\/li>\n<li> Espessura do cord\u00e3o: 5 mm, oferecendo espessura adequada para um ajuste firme, mas sem ser desconfort\u00e1vel, garantindo estabilidade durante o uso.<\/li>\n<li> Bola:<\/li>\n<\/ul>\n<p> &#8211; Largura da bola: 18 mm, tamanho ideal para segurar a corda efetivamente no lugar, proporcionando estabilidade e controle.<br \/> &#8211; Tamanho alto da bola: 15 mm, projetada para garantir que a bola permane\u00e7a na posi\u00e7\u00e3o, garantindo um ajuste firme durante o uso.<\/p>\n<p> O design de corda de la\u00e7o duplo permite maior controle, pois pode ser ajustado com mais precis\u00e3o ao redor do p\u00eanis, proporcionando uma experi\u00eancia mais intensa e satisfat\u00f3ria. O material de silicone \u00e9 macio e flex\u00edvel, garantindo conforto sem perder a funcionalidade.<\/p>\n<p> <u><em><strong>Recomenda\u00e7\u00f5es:<\/strong><\/em><\/u><\/p>\n<p> \u00c9 recomendado usar lubrificante para facilitar o encaixe da corda e melhorar o conforto durante o uso. Al\u00e9m disso, o silicone \u00e9 f\u00e1cil de limpar, garantindo que o produto permane\u00e7a higi\u00eanico e pronto para uso.<\/p>\n","protected":false},"excerpt":{"rendered":"<p>ADDICTED TOYS &#8211; CORDA DE SILICONE PARA O P\u00caNIS DE AL\u00c7A DUPLA<\/p>\n","protected":false},"featured_media":65171,"template":"","meta":{"_acf_changed":false},"product_brand":[],"product_cat":[17,59,60],"product_tag":[],"class_list":{"0":"post-51717","1":"product","2":"type-product","3":"status-publish","4":"has-post-thumbnail","6":"product_cat-brinquedos-de-bem-estar-sexual","7":"product_cat-para-casais","8":"product_cat-para-eles","9":"yith_product_brand-addicted-toys","11":"first","12":"instock","13":"taxable","14":"shipping-taxable","15":"purchasable","16":"product-type-simple"},"acf":[],"yoast_head":"<!-- This site is optimized with the Yoast SEO plugin v27.4 - https:\/\/yoast.com\/product\/yoast-seo-wordpress\/ -->\n<title>ADDICTED TOYS - CORDA DE SILICONE PARA O P\u00caNIS DE AL\u00c7A DUPLA - Lovme<\/title>\n<meta name=\"robots\" content=\"index, follow, max-snippet:-1, max-image-preview:large, max-video-preview:-1\" \/>\n<link rel=\"canonical\" href=\"https:\/\/lovme.pt\/index.php\/produto\/addicted-toys-corda-de-silicone-para-o-penis-de-alca-dupla\/\" \/>\n<meta property=\"og:locale\" content=\"pt_PT\" \/>\n<meta property=\"og:type\" content=\"article\" \/>\n<meta property=\"og:title\" content=\"ADDICTED TOYS - CORDA DE SILICONE PARA O P\u00caNIS DE AL\u00c7A DUPLA - Lovme\" \/>\n<meta property=\"og:description\" content=\"ADDICTED TOYS - CORDA DE SILICONE PARA O P\u00caNIS DE AL\u00c7A DUPLA\" \/>\n<meta property=\"og:url\" content=\"https:\/\/lovme.pt\/index.php\/produto\/addicted-toys-corda-de-silicone-para-o-penis-de-alca-dupla\/\" \/>\n<meta property=\"og:site_name\" content=\"Lovme\" \/>\n<meta property=\"article:modified_time\" content=\"2026-04-02T20:27:49+00:00\" \/>\n<meta property=\"og:image\" content=\"https:\/\/erki24nd3ub.exactdn.com\/wp-content\/uploads\/dream\/img\/img_209006_476dac23150a3c3b8aa243ff765d92e4_1.png?strip=all\" \/>\n\t<meta property=\"og:image:width\" content=\"900\" \/>\n\t<meta property=\"og:image:height\" content=\"900\" \/>\n\t<meta property=\"og:image:type\" content=\"image\/png\" \/>\n<meta name=\"twitter:card\" content=\"summary_large_image\" \/>\n<meta name=\"twitter:label1\" content=\"Tempo estimado de leitura\" \/>\n\t<meta name=\"twitter:data1\" content=\"1 minuto\" \/>\n<script type=\"application\/ld+json\" class=\"yoast-schema-graph\">{\"@context\":\"https:\\\/\\\/schema.org\",\"@graph\":[{\"@type\":\"WebPage\",\"@id\":\"https:\\\/\\\/lovme.pt\\\/index.php\\\/produto\\\/addicted-toys-corda-de-silicone-para-o-penis-de-alca-dupla\\\/\",\"url\":\"https:\\\/\\\/lovme.pt\\\/index.php\\\/produto\\\/addicted-toys-corda-de-silicone-para-o-penis-de-alca-dupla\\\/\",\"name\":\"ADDICTED TOYS - CORDA DE SILICONE PARA O P\u00caNIS DE AL\u00c7A DUPLA - Lovme\",\"isPartOf\":{\"@id\":\"https:\\\/\\\/lovme.pt\\\/#website\"},\"primaryImageOfPage\":{\"@id\":\"https:\\\/\\\/lovme.pt\\\/index.php\\\/produto\\\/addicted-toys-corda-de-silicone-para-o-penis-de-alca-dupla\\\/#primaryimage\"},\"image\":{\"@id\":\"https:\\\/\\\/lovme.pt\\\/index.php\\\/produto\\\/addicted-toys-corda-de-silicone-para-o-penis-de-alca-dupla\\\/#primaryimage\"},\"thumbnailUrl\":\"https:\\\/\\\/erki24nd3ub.exactdn.com\\\/wp-content\\\/uploads\\\/dream\\\/img\\\/img_209006_476dac23150a3c3b8aa243ff765d92e4_1.png?strip=all\",\"datePublished\":\"2025-09-30T20:08:46+00:00\",\"dateModified\":\"2026-04-02T20:27:49+00:00\",\"breadcrumb\":{\"@id\":\"https:\\\/\\\/lovme.pt\\\/index.php\\\/produto\\\/addicted-toys-corda-de-silicone-para-o-penis-de-alca-dupla\\\/#breadcrumb\"},\"inLanguage\":\"pt-PT\",\"potentialAction\":[{\"@type\":\"ReadAction\",\"target\":[\"https:\\\/\\\/lovme.pt\\\/index.php\\\/produto\\\/addicted-toys-corda-de-silicone-para-o-penis-de-alca-dupla\\\/\"]}]},{\"@type\":\"ImageObject\",\"inLanguage\":\"pt-PT\",\"@id\":\"https:\\\/\\\/lovme.pt\\\/index.php\\\/produto\\\/addicted-toys-corda-de-silicone-para-o-penis-de-alca-dupla\\\/#primaryimage\",\"url\":\"https:\\\/\\\/erki24nd3ub.exactdn.com\\\/wp-content\\\/uploads\\\/dream\\\/img\\\/img_209006_476dac23150a3c3b8aa243ff765d92e4_1.png?strip=all\",\"contentUrl\":\"https:\\\/\\\/erki24nd3ub.exactdn.com\\\/wp-content\\\/uploads\\\/dream\\\/img\\\/img_209006_476dac23150a3c3b8aa243ff765d92e4_1.png?strip=all\",\"width\":900,\"height\":900},{\"@type\":\"BreadcrumbList\",\"@id\":\"https:\\\/\\\/lovme.pt\\\/index.php\\\/produto\\\/addicted-toys-corda-de-silicone-para-o-penis-de-alca-dupla\\\/#breadcrumb\",\"itemListElement\":[{\"@type\":\"ListItem\",\"position\":1,\"name\":\"In\u00edcio\",\"item\":\"https:\\\/\\\/lovme.pt\\\/\"},{\"@type\":\"ListItem\",\"position\":2,\"name\":\"Loja\",\"item\":\"https:\\\/\\\/lovme.pt\\\/index.php\\\/loja\\\/\"},{\"@type\":\"ListItem\",\"position\":3,\"name\":\"ADDICTED TOYS &#8211; CORDA DE SILICONE PARA O P\u00caNIS DE AL\u00c7A DUPLA\"}]},{\"@type\":\"WebSite\",\"@id\":\"https:\\\/\\\/lovme.pt\\\/#website\",\"url\":\"https:\\\/\\\/lovme.pt\\\/\",\"name\":\"Lovme Loja Er\u00f3tica N\u00ba1 em Portugal\",\"description\":\"A melhor loja er\u00f3tica de Portugal.\",\"alternateName\":\"Loja Er\u00f3tica Lovme\",\"potentialAction\":[{\"@type\":\"SearchAction\",\"target\":{\"@type\":\"EntryPoint\",\"urlTemplate\":\"https:\\\/\\\/lovme.pt\\\/?s={search_term_string}\"},\"query-input\":{\"@type\":\"PropertyValueSpecification\",\"valueRequired\":true,\"valueName\":\"search_term_string\"}}],\"inLanguage\":\"pt-PT\"}]}<\/script>\n<!-- \/ Yoast SEO plugin. -->","yoast_head_json":{"title":"ADDICTED TOYS - CORDA DE SILICONE PARA O P\u00caNIS DE AL\u00c7A DUPLA - Lovme","robots":{"index":"index","follow":"follow","max-snippet":"max-snippet:-1","max-image-preview":"max-image-preview:large","max-video-preview":"max-video-preview:-1"},"canonical":"https:\/\/lovme.pt\/index.php\/produto\/addicted-toys-corda-de-silicone-para-o-penis-de-alca-dupla\/","og_locale":"pt_PT","og_type":"article","og_title":"ADDICTED TOYS - CORDA DE SILICONE PARA O P\u00caNIS DE AL\u00c7A DUPLA - Lovme","og_description":"ADDICTED TOYS - CORDA DE SILICONE PARA O P\u00caNIS DE AL\u00c7A DUPLA","og_url":"https:\/\/lovme.pt\/index.php\/produto\/addicted-toys-corda-de-silicone-para-o-penis-de-alca-dupla\/","og_site_name":"Lovme","article_modified_time":"2026-04-02T20:27:49+00:00","og_image":[{"width":900,"height":900,"url":"https:\/\/erki24nd3ub.exactdn.com\/wp-content\/uploads\/dream\/img\/img_209006_476dac23150a3c3b8aa243ff765d92e4_1.png?strip=all","type":"image\/png"}],"twitter_card":"summary_large_image","twitter_misc":{"Tempo estimado de leitura":"1 minuto"},"schema":{"@context":"https:\/\/schema.org","@graph":[{"@type":"WebPage","@id":"https:\/\/lovme.pt\/index.php\/produto\/addicted-toys-corda-de-silicone-para-o-penis-de-alca-dupla\/","url":"https:\/\/lovme.pt\/index.php\/produto\/addicted-toys-corda-de-silicone-para-o-penis-de-alca-dupla\/","name":"ADDICTED TOYS - CORDA DE SILICONE PARA O P\u00caNIS DE AL\u00c7A DUPLA - Lovme","isPartOf":{"@id":"https:\/\/lovme.pt\/#website"},"primaryImageOfPage":{"@id":"https:\/\/lovme.pt\/index.php\/produto\/addicted-toys-corda-de-silicone-para-o-penis-de-alca-dupla\/#primaryimage"},"image":{"@id":"https:\/\/lovme.pt\/index.php\/produto\/addicted-toys-corda-de-silicone-para-o-penis-de-alca-dupla\/#primaryimage"},"thumbnailUrl":"https:\/\/erki24nd3ub.exactdn.com\/wp-content\/uploads\/dream\/img\/img_209006_476dac23150a3c3b8aa243ff765d92e4_1.png?strip=all","datePublished":"2025-09-30T20:08:46+00:00","dateModified":"2026-04-02T20:27:49+00:00","breadcrumb":{"@id":"https:\/\/lovme.pt\/index.php\/produto\/addicted-toys-corda-de-silicone-para-o-penis-de-alca-dupla\/#breadcrumb"},"inLanguage":"pt-PT","potentialAction":[{"@type":"ReadAction","target":["https:\/\/lovme.pt\/index.php\/produto\/addicted-toys-corda-de-silicone-para-o-penis-de-alca-dupla\/"]}]},{"@type":"ImageObject","inLanguage":"pt-PT","@id":"https:\/\/lovme.pt\/index.php\/produto\/addicted-toys-corda-de-silicone-para-o-penis-de-alca-dupla\/#primaryimage","url":"https:\/\/erki24nd3ub.exactdn.com\/wp-content\/uploads\/dream\/img\/img_209006_476dac23150a3c3b8aa243ff765d92e4_1.png?strip=all","contentUrl":"https:\/\/erki24nd3ub.exactdn.com\/wp-content\/uploads\/dream\/img\/img_209006_476dac23150a3c3b8aa243ff765d92e4_1.png?strip=all","width":900,"height":900},{"@type":"BreadcrumbList","@id":"https:\/\/lovme.pt\/index.php\/produto\/addicted-toys-corda-de-silicone-para-o-penis-de-alca-dupla\/#breadcrumb","itemListElement":[{"@type":"ListItem","position":1,"name":"In\u00edcio","item":"https:\/\/lovme.pt\/"},{"@type":"ListItem","position":2,"name":"Loja","item":"https:\/\/lovme.pt\/index.php\/loja\/"},{"@type":"ListItem","position":3,"name":"ADDICTED TOYS &#8211; CORDA DE SILICONE PARA O P\u00caNIS DE AL\u00c7A DUPLA"}]},{"@type":"WebSite","@id":"https:\/\/lovme.pt\/#website","url":"https:\/\/lovme.pt\/","name":"Lovme Loja Er\u00f3tica N\u00ba1 em Portugal","description":"A melhor loja er\u00f3tica de Portugal.","alternateName":"Loja Er\u00f3tica Lovme","potentialAction":[{"@type":"SearchAction","target":{"@type":"EntryPoint","urlTemplate":"https:\/\/lovme.pt\/?s={search_term_string}"},"query-input":{"@type":"PropertyValueSpecification","valueRequired":true,"valueName":"search_term_string"}}],"inLanguage":"pt-PT"}]}},"_links":{"self":[{"href":"https:\/\/lovme.pt\/index.php\/wp-json\/wp\/v2\/product\/51717","targetHints":{"allow":["GET"]}}],"collection":[{"href":"https:\/\/lovme.pt\/index.php\/wp-json\/wp\/v2\/product"}],"about":[{"href":"https:\/\/lovme.pt\/index.php\/wp-json\/wp\/v2\/types\/product"}],"wp:featuredmedia":[{"embeddable":true,"href":"https:\/\/lovme.pt\/index.php\/wp-json\/wp\/v2\/media\/65171"}],"wp:attachment":[{"href":"https:\/\/lovme.pt\/index.php\/wp-json\/wp\/v2\/media?parent=51717"}],"wp:term":[{"taxonomy":"product_brand","embeddable":true,"href":"https:\/\/lovme.pt\/index.php\/wp-json\/wp\/v2\/product_brand?post=51717"},{"taxonomy":"product_cat","embeddable":true,"href":"https:\/\/lovme.pt\/index.php\/wp-json\/wp\/v2\/product_cat?post=51717"},{"taxonomy":"product_tag","embeddable":true,"href":"https:\/\/lovme.pt\/index.php\/wp-json\/wp\/v2\/product_tag?post=51717"}],"curies":[{"name":"wp","href":"https:\/\/api.w.org\/{rel}","templated":true}]}}