{"id":51716,"date":"2025-09-30T20:08:45","date_gmt":"2025-09-30T20:08:45","guid":{"rendered":"https:\/\/lovme.pt\/?post_type=product&p=51716"},"modified":"2026-04-01T04:05:55","modified_gmt":"2026-04-01T04:05:55","slug":"addicted-toys-corda-de-silicone-para-o-penis-de-alca-unica","status":"publish","type":"product","link":"https:\/\/lovme.pt\/index.php\/produto\/addicted-toys-corda-de-silicone-para-o-penis-de-alca-unica\/","title":{"rendered":"ADDICTED TOYS &#8211; CORDA DE SILICONE PARA O P\u00caNIS DE AL\u00c7A \u00daNICA"},"content":{"rendered":"<p>A corda peniana de silicone com al\u00e7a \u00fanica Addicted Toys foi desenvolvida para proporcionar maior controle e estimula\u00e7\u00e3o durante a rela\u00e7\u00e3o sexual. Feita de silicone de alta qualidade, \u00e9 flex\u00edvel, macia e f\u00e1cil de usar, proporcionando conforto e seguran\u00e7a na hora de aplic\u00e1-la.<\/p>\n<p> <u><em><strong>Principais caracter\u00edsticas:<\/strong><\/em><\/u><\/p>\n<ul>\n<li> Comprimento: 195 mm, proporcionando comprimento suficiente para se ajustar perfeitamente ao p\u00eanis e permitir um ajuste personalizado de acordo com as necessidades do usu\u00e1rio.<\/li>\n<li> Espessura da corda: 5 mm, oferecendo uma espessura ideal para garantir um ajuste firme, mas confort\u00e1vel, sem causar desconforto durante o uso.<\/li>\n<li> Bola:<\/li>\n<\/ul>\n<p> &#8211; Largura da bola: 18 mm, projetada para fornecer um tamanho adequado para segurar efetivamente a corda no lugar.<br \/> &#8211; Altura da bola: 15 mm, garantindo um ajuste seguro e est\u00e1vel, evitando qualquer deslizamento durante o uso.<\/p>\n<p> O design de la\u00e7o \u00fanico da corda facilita a coloca\u00e7\u00e3o e o ajuste, permitindo uma experi\u00eancia simples, mas eficaz. Seu material de silicone \u00e9 flex\u00edvel e macio ao toque, garantindo uma experi\u00eancia confort\u00e1vel e sem atrito. Ideal para quem busca controlar sua ere\u00e7\u00e3o ou adicionar uma camada extra de estimula\u00e7\u00e3o durante o sexo.<\/p>\n<p> <u><em><strong>Recomenda\u00e7\u00f5es:<\/strong><\/em><\/u><\/p>\n<p> \u00c9 aconselh\u00e1vel usar lubrificante para facilitar a coloca\u00e7\u00e3o da corda e garantir uma experi\u00eancia mais confort\u00e1vel e prazerosa. O silicone usado neste produto \u00e9 f\u00e1cil de limpar, garantindo uma manuten\u00e7\u00e3o adequada e uma experi\u00eancia higi\u00eanica.<\/p>\n","protected":false},"excerpt":{"rendered":"<p>ADDICTED TOYS &#8211; CORDA DE SILICONE PARA O P\u00caNIS DE AL\u00c7A \u00daNICA<\/p>\n","protected":false},"featured_media":65166,"template":"","meta":{"_acf_changed":false},"product_brand":[],"product_cat":[17,59,60],"product_tag":[],"class_list":{"0":"post-51716","1":"product","2":"type-product","3":"status-publish","4":"has-post-thumbnail","6":"product_cat-brinquedos-de-bem-estar-sexual","7":"product_cat-para-casais","8":"product_cat-para-eles","9":"yith_product_brand-addicted-toys","11":"first","12":"instock","13":"taxable","14":"shipping-taxable","15":"purchasable","16":"product-type-simple"},"acf":[],"yoast_head":"<!-- This site is optimized with the Yoast SEO plugin v27.4 - https:\/\/yoast.com\/product\/yoast-seo-wordpress\/ -->\n<title>ADDICTED TOYS - CORDA DE SILICONE PARA O P\u00caNIS DE AL\u00c7A \u00daNICA - Lovme<\/title>\n<meta name=\"robots\" content=\"index, follow, max-snippet:-1, max-image-preview:large, max-video-preview:-1\" \/>\n<link rel=\"canonical\" href=\"https:\/\/lovme.pt\/index.php\/produto\/addicted-toys-corda-de-silicone-para-o-penis-de-alca-unica\/\" \/>\n<meta property=\"og:locale\" content=\"pt_PT\" \/>\n<meta property=\"og:type\" content=\"article\" \/>\n<meta property=\"og:title\" content=\"ADDICTED TOYS - CORDA DE SILICONE PARA O P\u00caNIS DE AL\u00c7A \u00daNICA - Lovme\" \/>\n<meta property=\"og:description\" content=\"ADDICTED TOYS - CORDA DE SILICONE PARA O P\u00caNIS DE AL\u00c7A \u00daNICA\" \/>\n<meta property=\"og:url\" content=\"https:\/\/lovme.pt\/index.php\/produto\/addicted-toys-corda-de-silicone-para-o-penis-de-alca-unica\/\" \/>\n<meta property=\"og:site_name\" content=\"Lovme\" \/>\n<meta property=\"article:modified_time\" content=\"2026-04-01T04:05:55+00:00\" \/>\n<meta property=\"og:image\" content=\"https:\/\/erki24nd3ub.exactdn.com\/wp-content\/uploads\/dream\/img\/img_209002_e90e0eb906f2a31a5cba9b92e3158e90_1.png?strip=all\" \/>\n\t<meta property=\"og:image:width\" content=\"900\" \/>\n\t<meta property=\"og:image:height\" content=\"900\" \/>\n\t<meta property=\"og:image:type\" content=\"image\/png\" \/>\n<meta name=\"twitter:card\" content=\"summary_large_image\" \/>\n<meta name=\"twitter:label1\" content=\"Tempo estimado de leitura\" \/>\n\t<meta name=\"twitter:data1\" content=\"1 minuto\" \/>\n<script type=\"application\/ld+json\" class=\"yoast-schema-graph\">{\"@context\":\"https:\\\/\\\/schema.org\",\"@graph\":[{\"@type\":\"WebPage\",\"@id\":\"https:\\\/\\\/lovme.pt\\\/index.php\\\/produto\\\/addicted-toys-corda-de-silicone-para-o-penis-de-alca-unica\\\/\",\"url\":\"https:\\\/\\\/lovme.pt\\\/index.php\\\/produto\\\/addicted-toys-corda-de-silicone-para-o-penis-de-alca-unica\\\/\",\"name\":\"ADDICTED TOYS - CORDA DE SILICONE PARA O P\u00caNIS DE AL\u00c7A \u00daNICA - Lovme\",\"isPartOf\":{\"@id\":\"https:\\\/\\\/lovme.pt\\\/#website\"},\"primaryImageOfPage\":{\"@id\":\"https:\\\/\\\/lovme.pt\\\/index.php\\\/produto\\\/addicted-toys-corda-de-silicone-para-o-penis-de-alca-unica\\\/#primaryimage\"},\"image\":{\"@id\":\"https:\\\/\\\/lovme.pt\\\/index.php\\\/produto\\\/addicted-toys-corda-de-silicone-para-o-penis-de-alca-unica\\\/#primaryimage\"},\"thumbnailUrl\":\"https:\\\/\\\/erki24nd3ub.exactdn.com\\\/wp-content\\\/uploads\\\/dream\\\/img\\\/img_209002_e90e0eb906f2a31a5cba9b92e3158e90_1.png?strip=all\",\"datePublished\":\"2025-09-30T20:08:45+00:00\",\"dateModified\":\"2026-04-01T04:05:55+00:00\",\"breadcrumb\":{\"@id\":\"https:\\\/\\\/lovme.pt\\\/index.php\\\/produto\\\/addicted-toys-corda-de-silicone-para-o-penis-de-alca-unica\\\/#breadcrumb\"},\"inLanguage\":\"pt-PT\",\"potentialAction\":[{\"@type\":\"ReadAction\",\"target\":[\"https:\\\/\\\/lovme.pt\\\/index.php\\\/produto\\\/addicted-toys-corda-de-silicone-para-o-penis-de-alca-unica\\\/\"]}]},{\"@type\":\"ImageObject\",\"inLanguage\":\"pt-PT\",\"@id\":\"https:\\\/\\\/lovme.pt\\\/index.php\\\/produto\\\/addicted-toys-corda-de-silicone-para-o-penis-de-alca-unica\\\/#primaryimage\",\"url\":\"https:\\\/\\\/erki24nd3ub.exactdn.com\\\/wp-content\\\/uploads\\\/dream\\\/img\\\/img_209002_e90e0eb906f2a31a5cba9b92e3158e90_1.png?strip=all\",\"contentUrl\":\"https:\\\/\\\/erki24nd3ub.exactdn.com\\\/wp-content\\\/uploads\\\/dream\\\/img\\\/img_209002_e90e0eb906f2a31a5cba9b92e3158e90_1.png?strip=all\",\"width\":900,\"height\":900},{\"@type\":\"BreadcrumbList\",\"@id\":\"https:\\\/\\\/lovme.pt\\\/index.php\\\/produto\\\/addicted-toys-corda-de-silicone-para-o-penis-de-alca-unica\\\/#breadcrumb\",\"itemListElement\":[{\"@type\":\"ListItem\",\"position\":1,\"name\":\"In\u00edcio\",\"item\":\"https:\\\/\\\/lovme.pt\\\/\"},{\"@type\":\"ListItem\",\"position\":2,\"name\":\"Loja\",\"item\":\"https:\\\/\\\/lovme.pt\\\/index.php\\\/loja\\\/\"},{\"@type\":\"ListItem\",\"position\":3,\"name\":\"ADDICTED TOYS &#8211; CORDA DE SILICONE PARA O P\u00caNIS DE AL\u00c7A \u00daNICA\"}]},{\"@type\":\"WebSite\",\"@id\":\"https:\\\/\\\/lovme.pt\\\/#website\",\"url\":\"https:\\\/\\\/lovme.pt\\\/\",\"name\":\"Lovme Loja Er\u00f3tica N\u00ba1 em Portugal\",\"description\":\"A melhor loja er\u00f3tica de Portugal.\",\"alternateName\":\"Loja Er\u00f3tica Lovme\",\"potentialAction\":[{\"@type\":\"SearchAction\",\"target\":{\"@type\":\"EntryPoint\",\"urlTemplate\":\"https:\\\/\\\/lovme.pt\\\/?s={search_term_string}\"},\"query-input\":{\"@type\":\"PropertyValueSpecification\",\"valueRequired\":true,\"valueName\":\"search_term_string\"}}],\"inLanguage\":\"pt-PT\"}]}<\/script>\n<!-- \/ Yoast SEO plugin. -->","yoast_head_json":{"title":"ADDICTED TOYS - CORDA DE SILICONE PARA O P\u00caNIS DE AL\u00c7A \u00daNICA - Lovme","robots":{"index":"index","follow":"follow","max-snippet":"max-snippet:-1","max-image-preview":"max-image-preview:large","max-video-preview":"max-video-preview:-1"},"canonical":"https:\/\/lovme.pt\/index.php\/produto\/addicted-toys-corda-de-silicone-para-o-penis-de-alca-unica\/","og_locale":"pt_PT","og_type":"article","og_title":"ADDICTED TOYS - CORDA DE SILICONE PARA O P\u00caNIS DE AL\u00c7A \u00daNICA - Lovme","og_description":"ADDICTED TOYS - CORDA DE SILICONE PARA O P\u00caNIS DE AL\u00c7A \u00daNICA","og_url":"https:\/\/lovme.pt\/index.php\/produto\/addicted-toys-corda-de-silicone-para-o-penis-de-alca-unica\/","og_site_name":"Lovme","article_modified_time":"2026-04-01T04:05:55+00:00","og_image":[{"width":900,"height":900,"url":"https:\/\/erki24nd3ub.exactdn.com\/wp-content\/uploads\/dream\/img\/img_209002_e90e0eb906f2a31a5cba9b92e3158e90_1.png?strip=all","type":"image\/png"}],"twitter_card":"summary_large_image","twitter_misc":{"Tempo estimado de leitura":"1 minuto"},"schema":{"@context":"https:\/\/schema.org","@graph":[{"@type":"WebPage","@id":"https:\/\/lovme.pt\/index.php\/produto\/addicted-toys-corda-de-silicone-para-o-penis-de-alca-unica\/","url":"https:\/\/lovme.pt\/index.php\/produto\/addicted-toys-corda-de-silicone-para-o-penis-de-alca-unica\/","name":"ADDICTED TOYS - CORDA DE SILICONE PARA O P\u00caNIS DE AL\u00c7A \u00daNICA - Lovme","isPartOf":{"@id":"https:\/\/lovme.pt\/#website"},"primaryImageOfPage":{"@id":"https:\/\/lovme.pt\/index.php\/produto\/addicted-toys-corda-de-silicone-para-o-penis-de-alca-unica\/#primaryimage"},"image":{"@id":"https:\/\/lovme.pt\/index.php\/produto\/addicted-toys-corda-de-silicone-para-o-penis-de-alca-unica\/#primaryimage"},"thumbnailUrl":"https:\/\/erki24nd3ub.exactdn.com\/wp-content\/uploads\/dream\/img\/img_209002_e90e0eb906f2a31a5cba9b92e3158e90_1.png?strip=all","datePublished":"2025-09-30T20:08:45+00:00","dateModified":"2026-04-01T04:05:55+00:00","breadcrumb":{"@id":"https:\/\/lovme.pt\/index.php\/produto\/addicted-toys-corda-de-silicone-para-o-penis-de-alca-unica\/#breadcrumb"},"inLanguage":"pt-PT","potentialAction":[{"@type":"ReadAction","target":["https:\/\/lovme.pt\/index.php\/produto\/addicted-toys-corda-de-silicone-para-o-penis-de-alca-unica\/"]}]},{"@type":"ImageObject","inLanguage":"pt-PT","@id":"https:\/\/lovme.pt\/index.php\/produto\/addicted-toys-corda-de-silicone-para-o-penis-de-alca-unica\/#primaryimage","url":"https:\/\/erki24nd3ub.exactdn.com\/wp-content\/uploads\/dream\/img\/img_209002_e90e0eb906f2a31a5cba9b92e3158e90_1.png?strip=all","contentUrl":"https:\/\/erki24nd3ub.exactdn.com\/wp-content\/uploads\/dream\/img\/img_209002_e90e0eb906f2a31a5cba9b92e3158e90_1.png?strip=all","width":900,"height":900},{"@type":"BreadcrumbList","@id":"https:\/\/lovme.pt\/index.php\/produto\/addicted-toys-corda-de-silicone-para-o-penis-de-alca-unica\/#breadcrumb","itemListElement":[{"@type":"ListItem","position":1,"name":"In\u00edcio","item":"https:\/\/lovme.pt\/"},{"@type":"ListItem","position":2,"name":"Loja","item":"https:\/\/lovme.pt\/index.php\/loja\/"},{"@type":"ListItem","position":3,"name":"ADDICTED TOYS &#8211; CORDA DE SILICONE PARA O P\u00caNIS DE AL\u00c7A \u00daNICA"}]},{"@type":"WebSite","@id":"https:\/\/lovme.pt\/#website","url":"https:\/\/lovme.pt\/","name":"Lovme Loja Er\u00f3tica N\u00ba1 em Portugal","description":"A melhor loja er\u00f3tica de Portugal.","alternateName":"Loja Er\u00f3tica Lovme","potentialAction":[{"@type":"SearchAction","target":{"@type":"EntryPoint","urlTemplate":"https:\/\/lovme.pt\/?s={search_term_string}"},"query-input":{"@type":"PropertyValueSpecification","valueRequired":true,"valueName":"search_term_string"}}],"inLanguage":"pt-PT"}]}},"_links":{"self":[{"href":"https:\/\/lovme.pt\/index.php\/wp-json\/wp\/v2\/product\/51716","targetHints":{"allow":["GET"]}}],"collection":[{"href":"https:\/\/lovme.pt\/index.php\/wp-json\/wp\/v2\/product"}],"about":[{"href":"https:\/\/lovme.pt\/index.php\/wp-json\/wp\/v2\/types\/product"}],"wp:featuredmedia":[{"embeddable":true,"href":"https:\/\/lovme.pt\/index.php\/wp-json\/wp\/v2\/media\/65166"}],"wp:attachment":[{"href":"https:\/\/lovme.pt\/index.php\/wp-json\/wp\/v2\/media?parent=51716"}],"wp:term":[{"taxonomy":"product_brand","embeddable":true,"href":"https:\/\/lovme.pt\/index.php\/wp-json\/wp\/v2\/product_brand?post=51716"},{"taxonomy":"product_cat","embeddable":true,"href":"https:\/\/lovme.pt\/index.php\/wp-json\/wp\/v2\/product_cat?post=51716"},{"taxonomy":"product_tag","embeddable":true,"href":"https:\/\/lovme.pt\/index.php\/wp-json\/wp\/v2\/product_tag?post=51716"}],"curies":[{"name":"wp","href":"https:\/\/api.w.org\/{rel}","templated":true}]}}