{"id":51658,"date":"2025-09-30T09:47:16","date_gmt":"2025-09-30T09:47:16","guid":{"rendered":"https:\/\/lovme.pt\/?post_type=product&p=51658"},"modified":"2026-02-19T20:04:52","modified_gmt":"2026-02-19T20:04:52","slug":"lelo-serum-de-aumento-do-prazer-do-clitoris-15ml","status":"publish","type":"product","link":"https:\/\/lovme.pt\/index.php\/produto\/lelo-serum-de-aumento-do-prazer-do-clitoris-15ml\/","title":{"rendered":"LELO &#8211; S\u00c9RUM DE AUMENTO DO PRAZER DO CLIT\u00d3RIS 15ML"},"content":{"rendered":"<p>Este produto \u00e9 um gel estimulante que aumenta o prazer e \u00e9 usado somente na \u00e1rea externa da vagina. Ele ajuda voc\u00ea a atingir orgasmos mais intensos e duradouros.<\/p>\n<p>Sua f\u00f3rmula leave-on aumenta a sensibilidade do corpo gra\u00e7as a um efeito sutil de formigamento e aquecimento, e permite que voc\u00ea aproveite as sensa\u00e7\u00f5es por mais tempo. \u00c9 perfeito para preliminares e funciona bem com qualquer um dos nossos massageadores de clit\u00f3ris.<\/p>\n<p><strong>SENSA\u00c7\u00d5ES INTENSIFICADAS<\/strong><\/p>\n<p>Aumenta as sensa\u00e7\u00f5es com um efeito sutil de formigamento e aquecimento.<\/p>\n<p><strong>INGREDIENTE PRINCIPAL: L-ARGININA<\/strong><\/p>\n<p>Usado para aumentar a chance de atingir e intensificar o orgasmo feminino.<\/p>\n<p><strong>F\u00d3RMULA BIOCOMPAT\u00cdVEL<\/strong><\/p>\n<p>Especialmente desenvolvido para garantir que voc\u00ea aproveite por mais tempo e com seguran\u00e7a.<\/p>\n<p><strong>VEGANO E N\u00c3O TESTADO EM ANIMAIS<\/strong><\/p>\n<p>Voc\u00ea pode us\u00e1-lo em sua \u00e1rea externa e, ao mesmo tempo, \u00e9 seguro para o meio ambiente.<\/p>\n<p>\u00a0<\/p>\n<p><strong>CARACTER\u00cdSTICAS:<\/strong><\/p>\n<ul>\n<li>Peso (apenas produto): 15 ml<\/li>\n<\/ul>\n<p><strong>Ingredientes:<\/strong><\/p>\n<ul>\n<li>\u00c1gua<\/li>\n<li>Propilenoglicol<\/li>\n<li>Arginina<\/li>\n<li>\u00d3leo de r\u00edcino hidrogenado PEG-60<\/li>\n<li>Hidroxietilcelulose<\/li>\n<li>\u00c1cido c\u00edtrico<\/li>\n<li>Mentol<\/li>\n<li>Metilparabeno<\/li>\n<li>\u00c9ter butil van\u00edlico<\/li>\n<\/ul>\n","protected":false},"excerpt":{"rendered":"<p>LELO &#8211; S\u00c9RUM DE AUMENTO DO PRAZER DO CLIT\u00d3RIS 15ML<\/p>\n","protected":false},"featured_media":57031,"template":"","meta":{"_acf_changed":false},"product_brand":[],"product_cat":[49,52],"product_tag":[],"class_list":{"0":"post-51658","1":"product","2":"type-product","3":"status-publish","4":"has-post-thumbnail","6":"product_cat-cosmeticos","7":"product_cat-estimulantes","8":"yith_product_brand-lelo","10":"first","11":"instock","12":"taxable","13":"shipping-taxable","14":"purchasable","15":"product-type-simple"},"acf":[],"yoast_head":"<!-- This site is optimized with the Yoast SEO plugin v27.4 - https:\/\/yoast.com\/product\/yoast-seo-wordpress\/ -->\n<title>LELO - S\u00c9RUM DE AUMENTO DO PRAZER DO CLIT\u00d3RIS 15ML - Lovme<\/title>\n<meta name=\"robots\" content=\"index, follow, max-snippet:-1, max-image-preview:large, max-video-preview:-1\" \/>\n<link rel=\"canonical\" href=\"https:\/\/lovme.pt\/index.php\/produto\/lelo-serum-de-aumento-do-prazer-do-clitoris-15ml\/\" \/>\n<meta property=\"og:locale\" content=\"pt_PT\" \/>\n<meta property=\"og:type\" content=\"article\" \/>\n<meta property=\"og:title\" content=\"LELO - S\u00c9RUM DE AUMENTO DO PRAZER DO CLIT\u00d3RIS 15ML - Lovme\" \/>\n<meta property=\"og:description\" content=\"LELO - S\u00c9RUM DE AUMENTO DO PRAZER DO CLIT\u00d3RIS 15ML\" \/>\n<meta property=\"og:url\" content=\"https:\/\/lovme.pt\/index.php\/produto\/lelo-serum-de-aumento-do-prazer-do-clitoris-15ml\/\" \/>\n<meta property=\"og:site_name\" content=\"Lovme\" \/>\n<meta property=\"article:modified_time\" content=\"2026-02-19T20:04:52+00:00\" \/>\n<meta property=\"og:image\" content=\"https:\/\/erki24nd3ub.exactdn.com\/wp-content\/uploads\/dream\/img\/img_202381_a2821ea113eeed935c3ee3cfb7ade9f9_1.jpg?strip=all\" \/>\n\t<meta property=\"og:image:width\" content=\"900\" \/>\n\t<meta property=\"og:image:height\" content=\"900\" \/>\n\t<meta property=\"og:image:type\" content=\"image\/jpeg\" \/>\n<meta name=\"twitter:card\" content=\"summary_large_image\" \/>\n<meta name=\"twitter:label1\" content=\"Tempo estimado de leitura\" \/>\n\t<meta name=\"twitter:data1\" content=\"1 minuto\" \/>\n<script type=\"application\/ld+json\" class=\"yoast-schema-graph\">{\"@context\":\"https:\\\/\\\/schema.org\",\"@graph\":[{\"@type\":\"WebPage\",\"@id\":\"https:\\\/\\\/lovme.pt\\\/index.php\\\/produto\\\/lelo-serum-de-aumento-do-prazer-do-clitoris-15ml\\\/\",\"url\":\"https:\\\/\\\/lovme.pt\\\/index.php\\\/produto\\\/lelo-serum-de-aumento-do-prazer-do-clitoris-15ml\\\/\",\"name\":\"LELO - S\u00c9RUM DE AUMENTO DO PRAZER DO CLIT\u00d3RIS 15ML - Lovme\",\"isPartOf\":{\"@id\":\"https:\\\/\\\/lovme.pt\\\/#website\"},\"primaryImageOfPage\":{\"@id\":\"https:\\\/\\\/lovme.pt\\\/index.php\\\/produto\\\/lelo-serum-de-aumento-do-prazer-do-clitoris-15ml\\\/#primaryimage\"},\"image\":{\"@id\":\"https:\\\/\\\/lovme.pt\\\/index.php\\\/produto\\\/lelo-serum-de-aumento-do-prazer-do-clitoris-15ml\\\/#primaryimage\"},\"thumbnailUrl\":\"https:\\\/\\\/erki24nd3ub.exactdn.com\\\/wp-content\\\/uploads\\\/dream\\\/img\\\/img_202381_a2821ea113eeed935c3ee3cfb7ade9f9_1.jpg?strip=all\",\"datePublished\":\"2025-09-30T09:47:16+00:00\",\"dateModified\":\"2026-02-19T20:04:52+00:00\",\"breadcrumb\":{\"@id\":\"https:\\\/\\\/lovme.pt\\\/index.php\\\/produto\\\/lelo-serum-de-aumento-do-prazer-do-clitoris-15ml\\\/#breadcrumb\"},\"inLanguage\":\"pt-PT\",\"potentialAction\":[{\"@type\":\"ReadAction\",\"target\":[\"https:\\\/\\\/lovme.pt\\\/index.php\\\/produto\\\/lelo-serum-de-aumento-do-prazer-do-clitoris-15ml\\\/\"]}]},{\"@type\":\"ImageObject\",\"inLanguage\":\"pt-PT\",\"@id\":\"https:\\\/\\\/lovme.pt\\\/index.php\\\/produto\\\/lelo-serum-de-aumento-do-prazer-do-clitoris-15ml\\\/#primaryimage\",\"url\":\"https:\\\/\\\/erki24nd3ub.exactdn.com\\\/wp-content\\\/uploads\\\/dream\\\/img\\\/img_202381_a2821ea113eeed935c3ee3cfb7ade9f9_1.jpg?strip=all\",\"contentUrl\":\"https:\\\/\\\/erki24nd3ub.exactdn.com\\\/wp-content\\\/uploads\\\/dream\\\/img\\\/img_202381_a2821ea113eeed935c3ee3cfb7ade9f9_1.jpg?strip=all\",\"width\":900,\"height\":900},{\"@type\":\"BreadcrumbList\",\"@id\":\"https:\\\/\\\/lovme.pt\\\/index.php\\\/produto\\\/lelo-serum-de-aumento-do-prazer-do-clitoris-15ml\\\/#breadcrumb\",\"itemListElement\":[{\"@type\":\"ListItem\",\"position\":1,\"name\":\"In\u00edcio\",\"item\":\"https:\\\/\\\/lovme.pt\\\/\"},{\"@type\":\"ListItem\",\"position\":2,\"name\":\"Loja\",\"item\":\"https:\\\/\\\/lovme.pt\\\/index.php\\\/loja\\\/\"},{\"@type\":\"ListItem\",\"position\":3,\"name\":\"LELO &#8211; S\u00c9RUM DE AUMENTO DO PRAZER DO CLIT\u00d3RIS 15ML\"}]},{\"@type\":\"WebSite\",\"@id\":\"https:\\\/\\\/lovme.pt\\\/#website\",\"url\":\"https:\\\/\\\/lovme.pt\\\/\",\"name\":\"Lovme Loja Er\u00f3tica N\u00ba1 em Portugal\",\"description\":\"A melhor loja er\u00f3tica de Portugal.\",\"alternateName\":\"Loja Er\u00f3tica Lovme\",\"potentialAction\":[{\"@type\":\"SearchAction\",\"target\":{\"@type\":\"EntryPoint\",\"urlTemplate\":\"https:\\\/\\\/lovme.pt\\\/?s={search_term_string}\"},\"query-input\":{\"@type\":\"PropertyValueSpecification\",\"valueRequired\":true,\"valueName\":\"search_term_string\"}}],\"inLanguage\":\"pt-PT\"}]}<\/script>\n<!-- \/ Yoast SEO plugin. -->","yoast_head_json":{"title":"LELO - S\u00c9RUM DE AUMENTO DO PRAZER DO CLIT\u00d3RIS 15ML - Lovme","robots":{"index":"index","follow":"follow","max-snippet":"max-snippet:-1","max-image-preview":"max-image-preview:large","max-video-preview":"max-video-preview:-1"},"canonical":"https:\/\/lovme.pt\/index.php\/produto\/lelo-serum-de-aumento-do-prazer-do-clitoris-15ml\/","og_locale":"pt_PT","og_type":"article","og_title":"LELO - S\u00c9RUM DE AUMENTO DO PRAZER DO CLIT\u00d3RIS 15ML - Lovme","og_description":"LELO - S\u00c9RUM DE AUMENTO DO PRAZER DO CLIT\u00d3RIS 15ML","og_url":"https:\/\/lovme.pt\/index.php\/produto\/lelo-serum-de-aumento-do-prazer-do-clitoris-15ml\/","og_site_name":"Lovme","article_modified_time":"2026-02-19T20:04:52+00:00","og_image":[{"width":900,"height":900,"url":"https:\/\/erki24nd3ub.exactdn.com\/wp-content\/uploads\/dream\/img\/img_202381_a2821ea113eeed935c3ee3cfb7ade9f9_1.jpg?strip=all","type":"image\/jpeg"}],"twitter_card":"summary_large_image","twitter_misc":{"Tempo estimado de leitura":"1 minuto"},"schema":{"@context":"https:\/\/schema.org","@graph":[{"@type":"WebPage","@id":"https:\/\/lovme.pt\/index.php\/produto\/lelo-serum-de-aumento-do-prazer-do-clitoris-15ml\/","url":"https:\/\/lovme.pt\/index.php\/produto\/lelo-serum-de-aumento-do-prazer-do-clitoris-15ml\/","name":"LELO - S\u00c9RUM DE AUMENTO DO PRAZER DO CLIT\u00d3RIS 15ML - Lovme","isPartOf":{"@id":"https:\/\/lovme.pt\/#website"},"primaryImageOfPage":{"@id":"https:\/\/lovme.pt\/index.php\/produto\/lelo-serum-de-aumento-do-prazer-do-clitoris-15ml\/#primaryimage"},"image":{"@id":"https:\/\/lovme.pt\/index.php\/produto\/lelo-serum-de-aumento-do-prazer-do-clitoris-15ml\/#primaryimage"},"thumbnailUrl":"https:\/\/erki24nd3ub.exactdn.com\/wp-content\/uploads\/dream\/img\/img_202381_a2821ea113eeed935c3ee3cfb7ade9f9_1.jpg?strip=all","datePublished":"2025-09-30T09:47:16+00:00","dateModified":"2026-02-19T20:04:52+00:00","breadcrumb":{"@id":"https:\/\/lovme.pt\/index.php\/produto\/lelo-serum-de-aumento-do-prazer-do-clitoris-15ml\/#breadcrumb"},"inLanguage":"pt-PT","potentialAction":[{"@type":"ReadAction","target":["https:\/\/lovme.pt\/index.php\/produto\/lelo-serum-de-aumento-do-prazer-do-clitoris-15ml\/"]}]},{"@type":"ImageObject","inLanguage":"pt-PT","@id":"https:\/\/lovme.pt\/index.php\/produto\/lelo-serum-de-aumento-do-prazer-do-clitoris-15ml\/#primaryimage","url":"https:\/\/erki24nd3ub.exactdn.com\/wp-content\/uploads\/dream\/img\/img_202381_a2821ea113eeed935c3ee3cfb7ade9f9_1.jpg?strip=all","contentUrl":"https:\/\/erki24nd3ub.exactdn.com\/wp-content\/uploads\/dream\/img\/img_202381_a2821ea113eeed935c3ee3cfb7ade9f9_1.jpg?strip=all","width":900,"height":900},{"@type":"BreadcrumbList","@id":"https:\/\/lovme.pt\/index.php\/produto\/lelo-serum-de-aumento-do-prazer-do-clitoris-15ml\/#breadcrumb","itemListElement":[{"@type":"ListItem","position":1,"name":"In\u00edcio","item":"https:\/\/lovme.pt\/"},{"@type":"ListItem","position":2,"name":"Loja","item":"https:\/\/lovme.pt\/index.php\/loja\/"},{"@type":"ListItem","position":3,"name":"LELO &#8211; S\u00c9RUM DE AUMENTO DO PRAZER DO CLIT\u00d3RIS 15ML"}]},{"@type":"WebSite","@id":"https:\/\/lovme.pt\/#website","url":"https:\/\/lovme.pt\/","name":"Lovme Loja Er\u00f3tica N\u00ba1 em Portugal","description":"A melhor loja er\u00f3tica de Portugal.","alternateName":"Loja Er\u00f3tica Lovme","potentialAction":[{"@type":"SearchAction","target":{"@type":"EntryPoint","urlTemplate":"https:\/\/lovme.pt\/?s={search_term_string}"},"query-input":{"@type":"PropertyValueSpecification","valueRequired":true,"valueName":"search_term_string"}}],"inLanguage":"pt-PT"}]}},"_links":{"self":[{"href":"https:\/\/lovme.pt\/index.php\/wp-json\/wp\/v2\/product\/51658","targetHints":{"allow":["GET"]}}],"collection":[{"href":"https:\/\/lovme.pt\/index.php\/wp-json\/wp\/v2\/product"}],"about":[{"href":"https:\/\/lovme.pt\/index.php\/wp-json\/wp\/v2\/types\/product"}],"wp:featuredmedia":[{"embeddable":true,"href":"https:\/\/lovme.pt\/index.php\/wp-json\/wp\/v2\/media\/57031"}],"wp:attachment":[{"href":"https:\/\/lovme.pt\/index.php\/wp-json\/wp\/v2\/media?parent=51658"}],"wp:term":[{"taxonomy":"product_brand","embeddable":true,"href":"https:\/\/lovme.pt\/index.php\/wp-json\/wp\/v2\/product_brand?post=51658"},{"taxonomy":"product_cat","embeddable":true,"href":"https:\/\/lovme.pt\/index.php\/wp-json\/wp\/v2\/product_cat?post=51658"},{"taxonomy":"product_tag","embeddable":true,"href":"https:\/\/lovme.pt\/index.php\/wp-json\/wp\/v2\/product_tag?post=51658"}],"curies":[{"name":"wp","href":"https:\/\/api.w.org\/{rel}","templated":true}]}}