{"id":51657,"date":"2025-09-30T09:47:49","date_gmt":"2025-09-30T09:47:49","guid":{"rendered":"https:\/\/lovme.pt\/?post_type=product&p=51657"},"modified":"2026-02-19T20:05:20","modified_gmt":"2026-02-19T20:05:20","slug":"lelo-massagem-corporal-acupressao-tapete-preto","status":"publish","type":"product","link":"https:\/\/lovme.pt\/index.php\/produto\/lelo-massagem-corporal-acupressao-tapete-preto\/","title":{"rendered":"LELO &#8211; MASSAGEM CORPORAL ACUPRESS\u00c3O TAPETE PRETO"},"content":{"rendered":"<p>Descubra uma nova dimens\u00e3o de autocuidado com o Tapete de Massagem Corporal <strong>LELO<\/strong> &#8211; o caminho mais direto para um corpo completamente relaxado.<\/p>\n<p>O Tapete de Massagem Corporal <strong>LELO<\/strong> \u00e9 inspirado em antigas t\u00e9cnicas de acupress\u00e3o e apresenta milhares de pontas afiadas (mas confort\u00e1veis) que ativam diferentes pontos de acupress\u00e3o para promover a circula\u00e7\u00e3o, aliviar a tens\u00e3o e ajudar a restaurar a energia naturalmente. Ele ajuda voc\u00ea a cuidar pessoalmente da sua sa\u00fade. Voc\u00ea pode us\u00e1-lo para realizar um ritual pr\u00e9-sexo para conectar sua mente e corpo, mas tamb\u00e9m para relaxar depois.<\/p>\n<p><strong>CARACTER\u00cdSTICAS<\/strong> :<\/p>\n<ul>\n<li>Tamanho:<\/li>\n<li>Tapete: 75 x 42 x 2 cm<\/li>\n<li>Almofada: 42 x 15 x 10 cm<\/li>\n<li>Espuma: 70 x 40,5 x 2 cm<\/li>\n<li>Peso: 0,8 kg<\/li>\n<li>Materiais: 120 g algod\u00e3o + ABS + espuma D25<\/li>\n<li>Material da folha de pl\u00e1stico: ABS<\/li>\n<\/ul>\n<p><strong>COMO USAR SEU TAPETE DE MASSAGEM CORPORAL LELO?<\/strong><\/p>\n<p><u>PASSO 1: Prepare-se<\/u><br \/>Estenda seu tapete no ch\u00e3o ou na cama.<br \/>Para aproveitar ao m\u00e1ximo sua experi\u00eancia, fa\u00e7a-o sem nenhuma roupa. Se voc\u00ea tem pele sens\u00edvel, use uma camisa fina. Coloque um travesseiro atr\u00e1s do pesco\u00e7o.<br \/><u>PASSO 2: Comece<\/u><br \/>Um corpo relaxado e uma mente calma s\u00e3o as melhores maneiras de estar em harmonia consigo mesmo. Coloque o travesseiro em cima do tapete de modo que ele se adapte \u00e0 curva das suas costas e voc\u00ea sinta o m\u00e1ximo de al\u00edvio.<br \/><u>PASSO 3: Aproveite<\/u><br \/>Os primeiros minutos s\u00e3o intensos, mas aos poucos voc\u00ea vai aguentando mais.<br \/>Para resultados \u00f3timos, use-o por 20 minutos sem se mover. Ap\u00f3s esse tempo, voc\u00ea estar\u00e1 pronto para explorar seus desejos.<\/p>\n<p><strong>COMO USAR SEU PRODUTO:<\/strong><br \/>Sua textura \u00fanica alivia m\u00fasculos tensos e acalma a mente, fazendo voc\u00ea entrar em um estado de tranquilidade no qual o estresse n\u00e3o existe.<\/p>\n<ul>\n<li><strong>RELAXA TODO O CORPO<\/strong><\/li>\n<li><strong>MELHORA A CIRCULA\u00c7\u00c3O<\/strong> Aumenta o fluxo sangu\u00edneo e cria um efeito quente e estimulante que recarrega suas baterias e revitaliza voc\u00ea.<\/li>\n<li><strong>VOC\u00ca DORMIR\u00c1 MELHOR<\/strong> Se voc\u00ea us\u00e1-lo com frequ\u00eancia, ele melhorar\u00e1 sua qualidade de sono, pois ajuda voc\u00ea a se sentir descansado e equilibrado.<\/li>\n<li><strong>ESTIMULA AS ENDORFINAS<\/strong> \u00c0 medida que os pontos de acupress\u00e3o estimulam suavemente o corpo, uma onda de endorfinas \u00e9 liberada, o que faz voc\u00ea se sentir bem, reduz o desconforto e melhora seu humor.<\/li>\n<\/ul>\n","protected":false},"excerpt":{"rendered":"<p>LELO &#8211; MASSAGEM CORPORAL ACUPRESS\u00c3O TAPETE PRETO<\/p>\n","protected":false},"featured_media":57185,"template":"","meta":{"_acf_changed":false},"product_brand":[],"product_cat":[15],"product_tag":[],"class_list":{"0":"post-51657","1":"product","2":"type-product","3":"status-publish","4":"has-post-thumbnail","6":"product_cat-loja","7":"yith_product_brand-lelo","9":"first","10":"instock","11":"taxable","12":"shipping-taxable","13":"purchasable","14":"product-type-simple"},"acf":[],"yoast_head":"<!-- This site is optimized with the Yoast SEO plugin v27.4 - https:\/\/yoast.com\/product\/yoast-seo-wordpress\/ -->\n<title>LELO - MASSAGEM CORPORAL ACUPRESS\u00c3O TAPETE PRETO - Lovme<\/title>\n<meta name=\"robots\" content=\"index, follow, max-snippet:-1, max-image-preview:large, max-video-preview:-1\" \/>\n<link rel=\"canonical\" href=\"https:\/\/lovme.pt\/index.php\/produto\/lelo-massagem-corporal-acupressao-tapete-preto\/\" \/>\n<meta property=\"og:locale\" content=\"pt_PT\" \/>\n<meta property=\"og:type\" content=\"article\" \/>\n<meta property=\"og:title\" content=\"LELO - MASSAGEM CORPORAL ACUPRESS\u00c3O TAPETE PRETO - Lovme\" \/>\n<meta property=\"og:description\" content=\"LELO - MASSAGEM CORPORAL ACUPRESS\u00c3O TAPETE PRETO\" \/>\n<meta property=\"og:url\" content=\"https:\/\/lovme.pt\/index.php\/produto\/lelo-massagem-corporal-acupressao-tapete-preto\/\" \/>\n<meta property=\"og:site_name\" content=\"Lovme\" \/>\n<meta property=\"article:modified_time\" content=\"2026-02-19T20:05:20+00:00\" \/>\n<meta property=\"og:image\" content=\"https:\/\/erki24nd3ub.exactdn.com\/wp-content\/uploads\/dream\/img\/img_202361_d22eaf85c6541324d26334ee33620c3f_1.jpg?strip=all\" \/>\n\t<meta property=\"og:image:width\" content=\"900\" \/>\n\t<meta property=\"og:image:height\" content=\"900\" \/>\n\t<meta property=\"og:image:type\" content=\"image\/jpeg\" \/>\n<meta name=\"twitter:card\" content=\"summary_large_image\" \/>\n<meta name=\"twitter:label1\" content=\"Tempo estimado de leitura\" \/>\n\t<meta name=\"twitter:data1\" content=\"2 minutos\" \/>\n<script type=\"application\/ld+json\" class=\"yoast-schema-graph\">{\"@context\":\"https:\\\/\\\/schema.org\",\"@graph\":[{\"@type\":\"WebPage\",\"@id\":\"https:\\\/\\\/lovme.pt\\\/index.php\\\/produto\\\/lelo-massagem-corporal-acupressao-tapete-preto\\\/\",\"url\":\"https:\\\/\\\/lovme.pt\\\/index.php\\\/produto\\\/lelo-massagem-corporal-acupressao-tapete-preto\\\/\",\"name\":\"LELO - MASSAGEM CORPORAL ACUPRESS\u00c3O TAPETE PRETO - Lovme\",\"isPartOf\":{\"@id\":\"https:\\\/\\\/lovme.pt\\\/#website\"},\"primaryImageOfPage\":{\"@id\":\"https:\\\/\\\/lovme.pt\\\/index.php\\\/produto\\\/lelo-massagem-corporal-acupressao-tapete-preto\\\/#primaryimage\"},\"image\":{\"@id\":\"https:\\\/\\\/lovme.pt\\\/index.php\\\/produto\\\/lelo-massagem-corporal-acupressao-tapete-preto\\\/#primaryimage\"},\"thumbnailUrl\":\"https:\\\/\\\/erki24nd3ub.exactdn.com\\\/wp-content\\\/uploads\\\/dream\\\/img\\\/img_202361_d22eaf85c6541324d26334ee33620c3f_1.jpg?strip=all\",\"datePublished\":\"2025-09-30T09:47:49+00:00\",\"dateModified\":\"2026-02-19T20:05:20+00:00\",\"breadcrumb\":{\"@id\":\"https:\\\/\\\/lovme.pt\\\/index.php\\\/produto\\\/lelo-massagem-corporal-acupressao-tapete-preto\\\/#breadcrumb\"},\"inLanguage\":\"pt-PT\",\"potentialAction\":[{\"@type\":\"ReadAction\",\"target\":[\"https:\\\/\\\/lovme.pt\\\/index.php\\\/produto\\\/lelo-massagem-corporal-acupressao-tapete-preto\\\/\"]}]},{\"@type\":\"ImageObject\",\"inLanguage\":\"pt-PT\",\"@id\":\"https:\\\/\\\/lovme.pt\\\/index.php\\\/produto\\\/lelo-massagem-corporal-acupressao-tapete-preto\\\/#primaryimage\",\"url\":\"https:\\\/\\\/erki24nd3ub.exactdn.com\\\/wp-content\\\/uploads\\\/dream\\\/img\\\/img_202361_d22eaf85c6541324d26334ee33620c3f_1.jpg?strip=all\",\"contentUrl\":\"https:\\\/\\\/erki24nd3ub.exactdn.com\\\/wp-content\\\/uploads\\\/dream\\\/img\\\/img_202361_d22eaf85c6541324d26334ee33620c3f_1.jpg?strip=all\",\"width\":900,\"height\":900},{\"@type\":\"BreadcrumbList\",\"@id\":\"https:\\\/\\\/lovme.pt\\\/index.php\\\/produto\\\/lelo-massagem-corporal-acupressao-tapete-preto\\\/#breadcrumb\",\"itemListElement\":[{\"@type\":\"ListItem\",\"position\":1,\"name\":\"In\u00edcio\",\"item\":\"https:\\\/\\\/lovme.pt\\\/\"},{\"@type\":\"ListItem\",\"position\":2,\"name\":\"Loja\",\"item\":\"https:\\\/\\\/lovme.pt\\\/index.php\\\/loja\\\/\"},{\"@type\":\"ListItem\",\"position\":3,\"name\":\"LELO &#8211; MASSAGEM CORPORAL ACUPRESS\u00c3O TAPETE PRETO\"}]},{\"@type\":\"WebSite\",\"@id\":\"https:\\\/\\\/lovme.pt\\\/#website\",\"url\":\"https:\\\/\\\/lovme.pt\\\/\",\"name\":\"Lovme Loja Er\u00f3tica N\u00ba1 em Portugal\",\"description\":\"A melhor loja er\u00f3tica de Portugal.\",\"alternateName\":\"Loja Er\u00f3tica Lovme\",\"potentialAction\":[{\"@type\":\"SearchAction\",\"target\":{\"@type\":\"EntryPoint\",\"urlTemplate\":\"https:\\\/\\\/lovme.pt\\\/?s={search_term_string}\"},\"query-input\":{\"@type\":\"PropertyValueSpecification\",\"valueRequired\":true,\"valueName\":\"search_term_string\"}}],\"inLanguage\":\"pt-PT\"}]}<\/script>\n<!-- \/ Yoast SEO plugin. -->","yoast_head_json":{"title":"LELO - MASSAGEM CORPORAL ACUPRESS\u00c3O TAPETE PRETO - Lovme","robots":{"index":"index","follow":"follow","max-snippet":"max-snippet:-1","max-image-preview":"max-image-preview:large","max-video-preview":"max-video-preview:-1"},"canonical":"https:\/\/lovme.pt\/index.php\/produto\/lelo-massagem-corporal-acupressao-tapete-preto\/","og_locale":"pt_PT","og_type":"article","og_title":"LELO - MASSAGEM CORPORAL ACUPRESS\u00c3O TAPETE PRETO - Lovme","og_description":"LELO - MASSAGEM CORPORAL ACUPRESS\u00c3O TAPETE PRETO","og_url":"https:\/\/lovme.pt\/index.php\/produto\/lelo-massagem-corporal-acupressao-tapete-preto\/","og_site_name":"Lovme","article_modified_time":"2026-02-19T20:05:20+00:00","og_image":[{"width":900,"height":900,"url":"https:\/\/erki24nd3ub.exactdn.com\/wp-content\/uploads\/dream\/img\/img_202361_d22eaf85c6541324d26334ee33620c3f_1.jpg?strip=all","type":"image\/jpeg"}],"twitter_card":"summary_large_image","twitter_misc":{"Tempo estimado de leitura":"2 minutos"},"schema":{"@context":"https:\/\/schema.org","@graph":[{"@type":"WebPage","@id":"https:\/\/lovme.pt\/index.php\/produto\/lelo-massagem-corporal-acupressao-tapete-preto\/","url":"https:\/\/lovme.pt\/index.php\/produto\/lelo-massagem-corporal-acupressao-tapete-preto\/","name":"LELO - MASSAGEM CORPORAL ACUPRESS\u00c3O TAPETE PRETO - Lovme","isPartOf":{"@id":"https:\/\/lovme.pt\/#website"},"primaryImageOfPage":{"@id":"https:\/\/lovme.pt\/index.php\/produto\/lelo-massagem-corporal-acupressao-tapete-preto\/#primaryimage"},"image":{"@id":"https:\/\/lovme.pt\/index.php\/produto\/lelo-massagem-corporal-acupressao-tapete-preto\/#primaryimage"},"thumbnailUrl":"https:\/\/erki24nd3ub.exactdn.com\/wp-content\/uploads\/dream\/img\/img_202361_d22eaf85c6541324d26334ee33620c3f_1.jpg?strip=all","datePublished":"2025-09-30T09:47:49+00:00","dateModified":"2026-02-19T20:05:20+00:00","breadcrumb":{"@id":"https:\/\/lovme.pt\/index.php\/produto\/lelo-massagem-corporal-acupressao-tapete-preto\/#breadcrumb"},"inLanguage":"pt-PT","potentialAction":[{"@type":"ReadAction","target":["https:\/\/lovme.pt\/index.php\/produto\/lelo-massagem-corporal-acupressao-tapete-preto\/"]}]},{"@type":"ImageObject","inLanguage":"pt-PT","@id":"https:\/\/lovme.pt\/index.php\/produto\/lelo-massagem-corporal-acupressao-tapete-preto\/#primaryimage","url":"https:\/\/erki24nd3ub.exactdn.com\/wp-content\/uploads\/dream\/img\/img_202361_d22eaf85c6541324d26334ee33620c3f_1.jpg?strip=all","contentUrl":"https:\/\/erki24nd3ub.exactdn.com\/wp-content\/uploads\/dream\/img\/img_202361_d22eaf85c6541324d26334ee33620c3f_1.jpg?strip=all","width":900,"height":900},{"@type":"BreadcrumbList","@id":"https:\/\/lovme.pt\/index.php\/produto\/lelo-massagem-corporal-acupressao-tapete-preto\/#breadcrumb","itemListElement":[{"@type":"ListItem","position":1,"name":"In\u00edcio","item":"https:\/\/lovme.pt\/"},{"@type":"ListItem","position":2,"name":"Loja","item":"https:\/\/lovme.pt\/index.php\/loja\/"},{"@type":"ListItem","position":3,"name":"LELO &#8211; MASSAGEM CORPORAL ACUPRESS\u00c3O TAPETE PRETO"}]},{"@type":"WebSite","@id":"https:\/\/lovme.pt\/#website","url":"https:\/\/lovme.pt\/","name":"Lovme Loja Er\u00f3tica N\u00ba1 em Portugal","description":"A melhor loja er\u00f3tica de Portugal.","alternateName":"Loja Er\u00f3tica Lovme","potentialAction":[{"@type":"SearchAction","target":{"@type":"EntryPoint","urlTemplate":"https:\/\/lovme.pt\/?s={search_term_string}"},"query-input":{"@type":"PropertyValueSpecification","valueRequired":true,"valueName":"search_term_string"}}],"inLanguage":"pt-PT"}]}},"_links":{"self":[{"href":"https:\/\/lovme.pt\/index.php\/wp-json\/wp\/v2\/product\/51657","targetHints":{"allow":["GET"]}}],"collection":[{"href":"https:\/\/lovme.pt\/index.php\/wp-json\/wp\/v2\/product"}],"about":[{"href":"https:\/\/lovme.pt\/index.php\/wp-json\/wp\/v2\/types\/product"}],"wp:featuredmedia":[{"embeddable":true,"href":"https:\/\/lovme.pt\/index.php\/wp-json\/wp\/v2\/media\/57185"}],"wp:attachment":[{"href":"https:\/\/lovme.pt\/index.php\/wp-json\/wp\/v2\/media?parent=51657"}],"wp:term":[{"taxonomy":"product_brand","embeddable":true,"href":"https:\/\/lovme.pt\/index.php\/wp-json\/wp\/v2\/product_brand?post=51657"},{"taxonomy":"product_cat","embeddable":true,"href":"https:\/\/lovme.pt\/index.php\/wp-json\/wp\/v2\/product_cat?post=51657"},{"taxonomy":"product_tag","embeddable":true,"href":"https:\/\/lovme.pt\/index.php\/wp-json\/wp\/v2\/product_tag?post=51657"}],"curies":[{"name":"wp","href":"https:\/\/api.w.org\/{rel}","templated":true}]}}