{"id":51644,"date":"2025-09-30T22:06:46","date_gmt":"2025-09-30T22:06:46","guid":{"rendered":"https:\/\/lovme.pt\/?post_type=product&p=51644"},"modified":"2026-02-19T20:09:12","modified_gmt":"2026-02-19T20:09:12","slug":"satisfyer-bomba-de-ar-bunny-1-coelho-inflavel-vibrador-azul","status":"publish","type":"product","link":"https:\/\/lovme.pt\/index.php\/produto\/satisfyer-bomba-de-ar-bunny-1-coelho-inflavel-vibrador-azul\/","title":{"rendered":"SATISFYER &#8211; BOMBA DE AR BUNNY 1 COELHO INFL\u00c1VEL VIBRADOR AZUL"},"content":{"rendered":"<p><strong>BOMBA DE AR COELHO 1<\/strong><\/p>\n<p> Uma bomba poderosa\u2026 O Air Pump Bunny 1 \u00e9 um vibrador de coelho infl\u00e1vel e vers\u00e1til que est\u00e1 aqui para satisfazer. Com uma al\u00e7a em forma de la\u00e7o para f\u00e1cil uso, eixo infl\u00e1vel para estimula\u00e7\u00e3o direcionada do ponto G, bem como um estimulador clitoriano adicional, experimente sensa\u00e7\u00f5es de preenchimento como nunca antes! Ideal para buscadores de prazer experientes, os motores potentes e intensos e o di\u00e2metro aumentado do eixo infl\u00e1vel n\u00e3o deixam nada a desejar.<\/p>\n<p> O eixo \u00e9 firme e inflex\u00edvel, com um formato pontiagudo com uma borda, mas uma vez inflado, a superf\u00edcie da ponta \u00e9 ligeiramente male\u00e1vel. Arrisque-se e personalize a infla\u00e7\u00e3o para se ajustar perfeitamente ao seu corpo, pois o Air Pump Bunny 1 foi constru\u00eddo para aumentar lentamente o n\u00edvel de intensidade e tamanho. Se voc\u00ea n\u00e3o estiver com vontade de sentir a sensa\u00e7\u00e3o mais completa, voc\u00ea pode facilmente usar o Air Pump Bunny 1 como um vibrador regular tamb\u00e9m.<\/p>\n<p> O Air Pump Bunny 1 infla em menos de 12 segundos e pode ser facilmente ajustado durante o processo de enchimento. Para encher, basta apertar repetidamente o bot\u00e3o de enchimento, para soltar, basta clicar duas vezes. Controle tamb\u00e9m as 12 configura\u00e7\u00f5es de vibra\u00e7\u00e3o diferentes dentro dos dois motores potentes usando os bot\u00f5es +\/-. O Air Pump Bunny 1 \u00e9 feito de silicone seguro para o corpo e \u00e9 recarreg\u00e1vel. Bombeie para ele!<\/p>\n<p> <u><strong>CARACTER\u00cdSTICAS:<\/strong><\/u><\/p>\n<ul>\n<li> 12 programas de vibra\u00e7\u00e3o<\/li>\n<li> Infla\u00e7\u00e3o: <12 segundos (bot\u00e3o de infla\u00e7\u00e3o)<\/li>\n<li> Libera\u00e7\u00e3o de ar: clique duplo<\/li>\n<li> Material: Silicone seguro para o corpo<\/li>\n<li> Pot\u00eancia: Recarreg\u00e1vel<\/li>\n<\/ul>\n","protected":false},"excerpt":{"rendered":"<p>SATISFYER &#8211; BOMBA DE AR BUNNY 1 COELHO INFL\u00c1VEL VIBRADOR AZUL<\/p>\n","protected":false},"featured_media":74064,"template":"","meta":{"_acf_changed":false},"product_brand":[],"product_cat":[17,115,61,76],"product_tag":[],"class_list":{"0":"post-51644","1":"product","2":"type-product","3":"status-publish","4":"has-post-thumbnail","6":"product_cat-brinquedos-de-bem-estar-sexual","7":"product_cat-ofertas","8":"product_cat-para-elas","9":"product_cat-vibradores","10":"yith_product_brand-satisfyer","11":"yith_product_brand-satisfyer-satisfyer-vibrator","13":"first","14":"instock","15":"taxable","16":"shipping-taxable","17":"purchasable","18":"product-type-simple"},"acf":[],"yoast_head":"<!-- This site is optimized with the Yoast SEO plugin v27.4 - https:\/\/yoast.com\/product\/yoast-seo-wordpress\/ -->\n<title>SATISFYER - BOMBA DE AR BUNNY 1 COELHO INFL\u00c1VEL VIBRADOR AZUL - Lovme<\/title>\n<meta name=\"robots\" content=\"index, follow, max-snippet:-1, max-image-preview:large, max-video-preview:-1\" \/>\n<link rel=\"canonical\" href=\"https:\/\/lovme.pt\/index.php\/produto\/satisfyer-bomba-de-ar-bunny-1-coelho-inflavel-vibrador-azul\/\" \/>\n<meta property=\"og:locale\" content=\"pt_PT\" \/>\n<meta property=\"og:type\" content=\"article\" \/>\n<meta property=\"og:title\" content=\"SATISFYER - BOMBA DE AR BUNNY 1 COELHO INFL\u00c1VEL VIBRADOR AZUL - Lovme\" \/>\n<meta property=\"og:description\" content=\"SATISFYER - BOMBA DE AR BUNNY 1 COELHO INFL\u00c1VEL VIBRADOR AZUL\" \/>\n<meta property=\"og:url\" content=\"https:\/\/lovme.pt\/index.php\/produto\/satisfyer-bomba-de-ar-bunny-1-coelho-inflavel-vibrador-azul\/\" \/>\n<meta property=\"og:site_name\" content=\"Lovme\" \/>\n<meta property=\"article:modified_time\" content=\"2026-02-19T20:09:12+00:00\" \/>\n<meta property=\"og:image\" content=\"https:\/\/erki24nd3ub.exactdn.com\/wp-content\/uploads\/dream\/img\/img_202118_c6022a65d1a59b4e21237aeaef95f5c5_1.jpg?strip=all\" \/>\n\t<meta property=\"og:image:width\" content=\"900\" \/>\n\t<meta property=\"og:image:height\" content=\"900\" \/>\n\t<meta property=\"og:image:type\" content=\"image\/jpeg\" \/>\n<meta name=\"twitter:card\" content=\"summary_large_image\" \/>\n<meta name=\"twitter:label1\" content=\"Tempo estimado de leitura\" \/>\n\t<meta name=\"twitter:data1\" content=\"1 minuto\" \/>\n<script type=\"application\/ld+json\" class=\"yoast-schema-graph\">{\"@context\":\"https:\\\/\\\/schema.org\",\"@graph\":[{\"@type\":\"WebPage\",\"@id\":\"https:\\\/\\\/lovme.pt\\\/index.php\\\/produto\\\/satisfyer-bomba-de-ar-bunny-1-coelho-inflavel-vibrador-azul\\\/\",\"url\":\"https:\\\/\\\/lovme.pt\\\/index.php\\\/produto\\\/satisfyer-bomba-de-ar-bunny-1-coelho-inflavel-vibrador-azul\\\/\",\"name\":\"SATISFYER - BOMBA DE AR BUNNY 1 COELHO INFL\u00c1VEL VIBRADOR AZUL - Lovme\",\"isPartOf\":{\"@id\":\"https:\\\/\\\/lovme.pt\\\/#website\"},\"primaryImageOfPage\":{\"@id\":\"https:\\\/\\\/lovme.pt\\\/index.php\\\/produto\\\/satisfyer-bomba-de-ar-bunny-1-coelho-inflavel-vibrador-azul\\\/#primaryimage\"},\"image\":{\"@id\":\"https:\\\/\\\/lovme.pt\\\/index.php\\\/produto\\\/satisfyer-bomba-de-ar-bunny-1-coelho-inflavel-vibrador-azul\\\/#primaryimage\"},\"thumbnailUrl\":\"https:\\\/\\\/erki24nd3ub.exactdn.com\\\/wp-content\\\/uploads\\\/dream\\\/img\\\/img_202118_c6022a65d1a59b4e21237aeaef95f5c5_1.jpg?strip=all\",\"datePublished\":\"2025-09-30T22:06:46+00:00\",\"dateModified\":\"2026-02-19T20:09:12+00:00\",\"breadcrumb\":{\"@id\":\"https:\\\/\\\/lovme.pt\\\/index.php\\\/produto\\\/satisfyer-bomba-de-ar-bunny-1-coelho-inflavel-vibrador-azul\\\/#breadcrumb\"},\"inLanguage\":\"pt-PT\",\"potentialAction\":[{\"@type\":\"ReadAction\",\"target\":[\"https:\\\/\\\/lovme.pt\\\/index.php\\\/produto\\\/satisfyer-bomba-de-ar-bunny-1-coelho-inflavel-vibrador-azul\\\/\"]}]},{\"@type\":\"ImageObject\",\"inLanguage\":\"pt-PT\",\"@id\":\"https:\\\/\\\/lovme.pt\\\/index.php\\\/produto\\\/satisfyer-bomba-de-ar-bunny-1-coelho-inflavel-vibrador-azul\\\/#primaryimage\",\"url\":\"https:\\\/\\\/erki24nd3ub.exactdn.com\\\/wp-content\\\/uploads\\\/dream\\\/img\\\/img_202118_c6022a65d1a59b4e21237aeaef95f5c5_1.jpg?strip=all\",\"contentUrl\":\"https:\\\/\\\/erki24nd3ub.exactdn.com\\\/wp-content\\\/uploads\\\/dream\\\/img\\\/img_202118_c6022a65d1a59b4e21237aeaef95f5c5_1.jpg?strip=all\",\"width\":900,\"height\":900},{\"@type\":\"BreadcrumbList\",\"@id\":\"https:\\\/\\\/lovme.pt\\\/index.php\\\/produto\\\/satisfyer-bomba-de-ar-bunny-1-coelho-inflavel-vibrador-azul\\\/#breadcrumb\",\"itemListElement\":[{\"@type\":\"ListItem\",\"position\":1,\"name\":\"In\u00edcio\",\"item\":\"https:\\\/\\\/lovme.pt\\\/\"},{\"@type\":\"ListItem\",\"position\":2,\"name\":\"Loja\",\"item\":\"https:\\\/\\\/lovme.pt\\\/index.php\\\/loja\\\/\"},{\"@type\":\"ListItem\",\"position\":3,\"name\":\"SATISFYER &#8211; BOMBA DE AR BUNNY 1 COELHO INFL\u00c1VEL VIBRADOR AZUL\"}]},{\"@type\":\"WebSite\",\"@id\":\"https:\\\/\\\/lovme.pt\\\/#website\",\"url\":\"https:\\\/\\\/lovme.pt\\\/\",\"name\":\"Lovme Loja Er\u00f3tica N\u00ba1 em Portugal\",\"description\":\"A melhor loja er\u00f3tica de Portugal.\",\"alternateName\":\"Loja Er\u00f3tica Lovme\",\"potentialAction\":[{\"@type\":\"SearchAction\",\"target\":{\"@type\":\"EntryPoint\",\"urlTemplate\":\"https:\\\/\\\/lovme.pt\\\/?s={search_term_string}\"},\"query-input\":{\"@type\":\"PropertyValueSpecification\",\"valueRequired\":true,\"valueName\":\"search_term_string\"}}],\"inLanguage\":\"pt-PT\"}]}<\/script>\n<!-- \/ Yoast SEO plugin. -->","yoast_head_json":{"title":"SATISFYER - BOMBA DE AR BUNNY 1 COELHO INFL\u00c1VEL VIBRADOR AZUL - Lovme","robots":{"index":"index","follow":"follow","max-snippet":"max-snippet:-1","max-image-preview":"max-image-preview:large","max-video-preview":"max-video-preview:-1"},"canonical":"https:\/\/lovme.pt\/index.php\/produto\/satisfyer-bomba-de-ar-bunny-1-coelho-inflavel-vibrador-azul\/","og_locale":"pt_PT","og_type":"article","og_title":"SATISFYER - BOMBA DE AR BUNNY 1 COELHO INFL\u00c1VEL VIBRADOR AZUL - Lovme","og_description":"SATISFYER - BOMBA DE AR BUNNY 1 COELHO INFL\u00c1VEL VIBRADOR AZUL","og_url":"https:\/\/lovme.pt\/index.php\/produto\/satisfyer-bomba-de-ar-bunny-1-coelho-inflavel-vibrador-azul\/","og_site_name":"Lovme","article_modified_time":"2026-02-19T20:09:12+00:00","og_image":[{"width":900,"height":900,"url":"https:\/\/erki24nd3ub.exactdn.com\/wp-content\/uploads\/dream\/img\/img_202118_c6022a65d1a59b4e21237aeaef95f5c5_1.jpg?strip=all","type":"image\/jpeg"}],"twitter_card":"summary_large_image","twitter_misc":{"Tempo estimado de leitura":"1 minuto"},"schema":{"@context":"https:\/\/schema.org","@graph":[{"@type":"WebPage","@id":"https:\/\/lovme.pt\/index.php\/produto\/satisfyer-bomba-de-ar-bunny-1-coelho-inflavel-vibrador-azul\/","url":"https:\/\/lovme.pt\/index.php\/produto\/satisfyer-bomba-de-ar-bunny-1-coelho-inflavel-vibrador-azul\/","name":"SATISFYER - BOMBA DE AR BUNNY 1 COELHO INFL\u00c1VEL VIBRADOR AZUL - Lovme","isPartOf":{"@id":"https:\/\/lovme.pt\/#website"},"primaryImageOfPage":{"@id":"https:\/\/lovme.pt\/index.php\/produto\/satisfyer-bomba-de-ar-bunny-1-coelho-inflavel-vibrador-azul\/#primaryimage"},"image":{"@id":"https:\/\/lovme.pt\/index.php\/produto\/satisfyer-bomba-de-ar-bunny-1-coelho-inflavel-vibrador-azul\/#primaryimage"},"thumbnailUrl":"https:\/\/erki24nd3ub.exactdn.com\/wp-content\/uploads\/dream\/img\/img_202118_c6022a65d1a59b4e21237aeaef95f5c5_1.jpg?strip=all","datePublished":"2025-09-30T22:06:46+00:00","dateModified":"2026-02-19T20:09:12+00:00","breadcrumb":{"@id":"https:\/\/lovme.pt\/index.php\/produto\/satisfyer-bomba-de-ar-bunny-1-coelho-inflavel-vibrador-azul\/#breadcrumb"},"inLanguage":"pt-PT","potentialAction":[{"@type":"ReadAction","target":["https:\/\/lovme.pt\/index.php\/produto\/satisfyer-bomba-de-ar-bunny-1-coelho-inflavel-vibrador-azul\/"]}]},{"@type":"ImageObject","inLanguage":"pt-PT","@id":"https:\/\/lovme.pt\/index.php\/produto\/satisfyer-bomba-de-ar-bunny-1-coelho-inflavel-vibrador-azul\/#primaryimage","url":"https:\/\/erki24nd3ub.exactdn.com\/wp-content\/uploads\/dream\/img\/img_202118_c6022a65d1a59b4e21237aeaef95f5c5_1.jpg?strip=all","contentUrl":"https:\/\/erki24nd3ub.exactdn.com\/wp-content\/uploads\/dream\/img\/img_202118_c6022a65d1a59b4e21237aeaef95f5c5_1.jpg?strip=all","width":900,"height":900},{"@type":"BreadcrumbList","@id":"https:\/\/lovme.pt\/index.php\/produto\/satisfyer-bomba-de-ar-bunny-1-coelho-inflavel-vibrador-azul\/#breadcrumb","itemListElement":[{"@type":"ListItem","position":1,"name":"In\u00edcio","item":"https:\/\/lovme.pt\/"},{"@type":"ListItem","position":2,"name":"Loja","item":"https:\/\/lovme.pt\/index.php\/loja\/"},{"@type":"ListItem","position":3,"name":"SATISFYER &#8211; BOMBA DE AR BUNNY 1 COELHO INFL\u00c1VEL VIBRADOR AZUL"}]},{"@type":"WebSite","@id":"https:\/\/lovme.pt\/#website","url":"https:\/\/lovme.pt\/","name":"Lovme Loja Er\u00f3tica N\u00ba1 em Portugal","description":"A melhor loja er\u00f3tica de Portugal.","alternateName":"Loja Er\u00f3tica Lovme","potentialAction":[{"@type":"SearchAction","target":{"@type":"EntryPoint","urlTemplate":"https:\/\/lovme.pt\/?s={search_term_string}"},"query-input":{"@type":"PropertyValueSpecification","valueRequired":true,"valueName":"search_term_string"}}],"inLanguage":"pt-PT"}]}},"_links":{"self":[{"href":"https:\/\/lovme.pt\/index.php\/wp-json\/wp\/v2\/product\/51644","targetHints":{"allow":["GET"]}}],"collection":[{"href":"https:\/\/lovme.pt\/index.php\/wp-json\/wp\/v2\/product"}],"about":[{"href":"https:\/\/lovme.pt\/index.php\/wp-json\/wp\/v2\/types\/product"}],"wp:featuredmedia":[{"embeddable":true,"href":"https:\/\/lovme.pt\/index.php\/wp-json\/wp\/v2\/media\/74064"}],"wp:attachment":[{"href":"https:\/\/lovme.pt\/index.php\/wp-json\/wp\/v2\/media?parent=51644"}],"wp:term":[{"taxonomy":"product_brand","embeddable":true,"href":"https:\/\/lovme.pt\/index.php\/wp-json\/wp\/v2\/product_brand?post=51644"},{"taxonomy":"product_cat","embeddable":true,"href":"https:\/\/lovme.pt\/index.php\/wp-json\/wp\/v2\/product_cat?post=51644"},{"taxonomy":"product_tag","embeddable":true,"href":"https:\/\/lovme.pt\/index.php\/wp-json\/wp\/v2\/product_tag?post=51644"}],"curies":[{"name":"wp","href":"https:\/\/api.w.org\/{rel}","templated":true}]}}