{"id":51630,"date":"2025-10-01T02:59:45","date_gmt":"2025-10-01T02:59:45","guid":{"rendered":"https:\/\/lovme.pt\/?post_type=product&p=51630"},"modified":"2026-02-19T20:22:07","modified_gmt":"2026-02-19T20:22:07","slug":"adrien-lastic-estimulador-de-prostata-de-pulsacao-aplicativo","status":"publish","type":"product","link":"https:\/\/lovme.pt\/index.php\/produto\/adrien-lastic-estimulador-de-prostata-de-pulsacao-aplicativo\/","title":{"rendered":"ADRIEN LASTIC &#8211; ESTIMULADOR DE PR\u00d3STATA DE PULSA\u00c7\u00c3O + APLICATIVO"},"content":{"rendered":"<p>Com um design ergon\u00f4mico que se adapta perfeitamente \u00e0 anatomia masculina, <strong>PULSATION<\/strong> redefine o prazer sensorial. Equipado com dois motores ultrassilenciosos, este massageador de pr\u00f3stata oferece vibra\u00e7\u00f5es intensas e vers\u00e1teis, completamente controladas remotamente gra\u00e7as \u00e0 sua avan\u00e7ada tecnologia compat\u00edvel com APP.<\/p>\n<p>Feito de silicone ultramacio e sem ftalatos, ele garante n\u00e3o s\u00f3 conforto, mas tamb\u00e9m seguran\u00e7a total. Seu acabamento \u00e0 prova d\u00e1gua IPX7 convida voc\u00ea a explorar novos horizontes, seja dentro ou fora d\u00e1gua.<\/p>\n<p>Com 9 modos de vibra\u00e7\u00e3o manual e a mesma quantidade dispon\u00edvel pelo APP, as possibilidades s\u00e3o infinitas. Recarregue facilmente sua bateria de 300 mAh via USB magn\u00e9tico, garantindo at\u00e9 70 minutos de prazer ininterrupto ap\u00f3s apenas 140 minutos de carregamento.<\/p>\n<p>Pequeno, mas poderoso, com dimens\u00f5es compactas (129 mm de altura, 109 mm de comprimento e di\u00e2metro m\u00e1ximo de 40 mm), o PULSATION \u00e9 o companheiro perfeito para uma experi\u00eancia discreta, port\u00e1til e emocionante.<\/p>\n<p>Descubra o equil\u00edbrio perfeito entre design, tecnologia e prazer. Ouse experimentar mais com PULSATION!<\/p>\n<p>\u00a0<\/p>\n<p>+<\/p>\n","protected":false},"excerpt":{"rendered":"<p>ADRIEN LASTIC &#8211; ESTIMULADOR DE PR\u00d3STATA DE PULSA\u00c7\u00c3O + APLICATIVO<\/p>\n","protected":false},"featured_media":100720,"template":"","meta":{"_acf_changed":false},"product_brand":[],"product_cat":[17,63],"product_tag":[],"class_list":{"0":"post-51630","1":"product","2":"type-product","3":"status-publish","4":"has-post-thumbnail","6":"product_cat-brinquedos-de-bem-estar-sexual","7":"product_cat-sexo-anal","8":"yith_product_brand-adrien-lastic","10":"first","11":"instock","12":"taxable","13":"shipping-taxable","14":"purchasable","15":"product-type-simple"},"acf":[],"yoast_head":"<!-- This site is optimized with the Yoast SEO plugin v27.4 - https:\/\/yoast.com\/product\/yoast-seo-wordpress\/ -->\n<title>ADRIEN LASTIC - ESTIMULADOR DE PR\u00d3STATA DE PULSA\u00c7\u00c3O + APLICATIVO - Lovme<\/title>\n<meta name=\"robots\" content=\"index, follow, max-snippet:-1, max-image-preview:large, max-video-preview:-1\" \/>\n<link rel=\"canonical\" href=\"https:\/\/lovme.pt\/index.php\/produto\/adrien-lastic-estimulador-de-prostata-de-pulsacao-aplicativo\/\" \/>\n<meta property=\"og:locale\" content=\"pt_PT\" \/>\n<meta property=\"og:type\" content=\"article\" \/>\n<meta property=\"og:title\" content=\"ADRIEN LASTIC - ESTIMULADOR DE PR\u00d3STATA DE PULSA\u00c7\u00c3O + APLICATIVO - Lovme\" \/>\n<meta property=\"og:description\" content=\"ADRIEN LASTIC - ESTIMULADOR DE PR\u00d3STATA DE PULSA\u00c7\u00c3O + APLICATIVO\" \/>\n<meta property=\"og:url\" content=\"https:\/\/lovme.pt\/index.php\/produto\/adrien-lastic-estimulador-de-prostata-de-pulsacao-aplicativo\/\" \/>\n<meta property=\"og:site_name\" content=\"Lovme\" \/>\n<meta property=\"article:modified_time\" content=\"2026-02-19T20:22:07+00:00\" \/>\n<meta property=\"og:image\" content=\"https:\/\/erki24nd3ub.exactdn.com\/wp-content\/uploads\/dream\/img\/img_202080_40fe6964b7e17277bc8c8be13360fa2e_1.jpg?strip=all\" \/>\n\t<meta property=\"og:image:width\" content=\"900\" \/>\n\t<meta property=\"og:image:height\" content=\"900\" \/>\n\t<meta property=\"og:image:type\" content=\"image\/jpeg\" \/>\n<meta name=\"twitter:card\" content=\"summary_large_image\" \/>\n<meta name=\"twitter:label1\" content=\"Tempo estimado de leitura\" \/>\n\t<meta name=\"twitter:data1\" content=\"1 minuto\" \/>\n<script type=\"application\/ld+json\" class=\"yoast-schema-graph\">{\"@context\":\"https:\\\/\\\/schema.org\",\"@graph\":[{\"@type\":\"WebPage\",\"@id\":\"https:\\\/\\\/lovme.pt\\\/index.php\\\/produto\\\/adrien-lastic-estimulador-de-prostata-de-pulsacao-aplicativo\\\/\",\"url\":\"https:\\\/\\\/lovme.pt\\\/index.php\\\/produto\\\/adrien-lastic-estimulador-de-prostata-de-pulsacao-aplicativo\\\/\",\"name\":\"ADRIEN LASTIC - ESTIMULADOR DE PR\u00d3STATA DE PULSA\u00c7\u00c3O + APLICATIVO - Lovme\",\"isPartOf\":{\"@id\":\"https:\\\/\\\/lovme.pt\\\/#website\"},\"primaryImageOfPage\":{\"@id\":\"https:\\\/\\\/lovme.pt\\\/index.php\\\/produto\\\/adrien-lastic-estimulador-de-prostata-de-pulsacao-aplicativo\\\/#primaryimage\"},\"image\":{\"@id\":\"https:\\\/\\\/lovme.pt\\\/index.php\\\/produto\\\/adrien-lastic-estimulador-de-prostata-de-pulsacao-aplicativo\\\/#primaryimage\"},\"thumbnailUrl\":\"https:\\\/\\\/erki24nd3ub.exactdn.com\\\/wp-content\\\/uploads\\\/dream\\\/img\\\/img_202080_40fe6964b7e17277bc8c8be13360fa2e_1.jpg?strip=all\",\"datePublished\":\"2025-10-01T02:59:45+00:00\",\"dateModified\":\"2026-02-19T20:22:07+00:00\",\"breadcrumb\":{\"@id\":\"https:\\\/\\\/lovme.pt\\\/index.php\\\/produto\\\/adrien-lastic-estimulador-de-prostata-de-pulsacao-aplicativo\\\/#breadcrumb\"},\"inLanguage\":\"pt-PT\",\"potentialAction\":[{\"@type\":\"ReadAction\",\"target\":[\"https:\\\/\\\/lovme.pt\\\/index.php\\\/produto\\\/adrien-lastic-estimulador-de-prostata-de-pulsacao-aplicativo\\\/\"]}]},{\"@type\":\"ImageObject\",\"inLanguage\":\"pt-PT\",\"@id\":\"https:\\\/\\\/lovme.pt\\\/index.php\\\/produto\\\/adrien-lastic-estimulador-de-prostata-de-pulsacao-aplicativo\\\/#primaryimage\",\"url\":\"https:\\\/\\\/erki24nd3ub.exactdn.com\\\/wp-content\\\/uploads\\\/dream\\\/img\\\/img_202080_40fe6964b7e17277bc8c8be13360fa2e_1.jpg?strip=all\",\"contentUrl\":\"https:\\\/\\\/erki24nd3ub.exactdn.com\\\/wp-content\\\/uploads\\\/dream\\\/img\\\/img_202080_40fe6964b7e17277bc8c8be13360fa2e_1.jpg?strip=all\",\"width\":900,\"height\":900},{\"@type\":\"BreadcrumbList\",\"@id\":\"https:\\\/\\\/lovme.pt\\\/index.php\\\/produto\\\/adrien-lastic-estimulador-de-prostata-de-pulsacao-aplicativo\\\/#breadcrumb\",\"itemListElement\":[{\"@type\":\"ListItem\",\"position\":1,\"name\":\"In\u00edcio\",\"item\":\"https:\\\/\\\/lovme.pt\\\/\"},{\"@type\":\"ListItem\",\"position\":2,\"name\":\"Loja\",\"item\":\"https:\\\/\\\/lovme.pt\\\/index.php\\\/loja\\\/\"},{\"@type\":\"ListItem\",\"position\":3,\"name\":\"ADRIEN LASTIC &#8211; ESTIMULADOR DE PR\u00d3STATA DE PULSA\u00c7\u00c3O + APLICATIVO\"}]},{\"@type\":\"WebSite\",\"@id\":\"https:\\\/\\\/lovme.pt\\\/#website\",\"url\":\"https:\\\/\\\/lovme.pt\\\/\",\"name\":\"Lovme Loja Er\u00f3tica N\u00ba1 em Portugal\",\"description\":\"A melhor loja er\u00f3tica de Portugal.\",\"alternateName\":\"Loja Er\u00f3tica Lovme\",\"potentialAction\":[{\"@type\":\"SearchAction\",\"target\":{\"@type\":\"EntryPoint\",\"urlTemplate\":\"https:\\\/\\\/lovme.pt\\\/?s={search_term_string}\"},\"query-input\":{\"@type\":\"PropertyValueSpecification\",\"valueRequired\":true,\"valueName\":\"search_term_string\"}}],\"inLanguage\":\"pt-PT\"}]}<\/script>\n<!-- \/ Yoast SEO plugin. -->","yoast_head_json":{"title":"ADRIEN LASTIC - ESTIMULADOR DE PR\u00d3STATA DE PULSA\u00c7\u00c3O + APLICATIVO - Lovme","robots":{"index":"index","follow":"follow","max-snippet":"max-snippet:-1","max-image-preview":"max-image-preview:large","max-video-preview":"max-video-preview:-1"},"canonical":"https:\/\/lovme.pt\/index.php\/produto\/adrien-lastic-estimulador-de-prostata-de-pulsacao-aplicativo\/","og_locale":"pt_PT","og_type":"article","og_title":"ADRIEN LASTIC - ESTIMULADOR DE PR\u00d3STATA DE PULSA\u00c7\u00c3O + APLICATIVO - Lovme","og_description":"ADRIEN LASTIC - ESTIMULADOR DE PR\u00d3STATA DE PULSA\u00c7\u00c3O + APLICATIVO","og_url":"https:\/\/lovme.pt\/index.php\/produto\/adrien-lastic-estimulador-de-prostata-de-pulsacao-aplicativo\/","og_site_name":"Lovme","article_modified_time":"2026-02-19T20:22:07+00:00","og_image":[{"width":900,"height":900,"url":"https:\/\/erki24nd3ub.exactdn.com\/wp-content\/uploads\/dream\/img\/img_202080_40fe6964b7e17277bc8c8be13360fa2e_1.jpg?strip=all","type":"image\/jpeg"}],"twitter_card":"summary_large_image","twitter_misc":{"Tempo estimado de leitura":"1 minuto"},"schema":{"@context":"https:\/\/schema.org","@graph":[{"@type":"WebPage","@id":"https:\/\/lovme.pt\/index.php\/produto\/adrien-lastic-estimulador-de-prostata-de-pulsacao-aplicativo\/","url":"https:\/\/lovme.pt\/index.php\/produto\/adrien-lastic-estimulador-de-prostata-de-pulsacao-aplicativo\/","name":"ADRIEN LASTIC - ESTIMULADOR DE PR\u00d3STATA DE PULSA\u00c7\u00c3O + APLICATIVO - Lovme","isPartOf":{"@id":"https:\/\/lovme.pt\/#website"},"primaryImageOfPage":{"@id":"https:\/\/lovme.pt\/index.php\/produto\/adrien-lastic-estimulador-de-prostata-de-pulsacao-aplicativo\/#primaryimage"},"image":{"@id":"https:\/\/lovme.pt\/index.php\/produto\/adrien-lastic-estimulador-de-prostata-de-pulsacao-aplicativo\/#primaryimage"},"thumbnailUrl":"https:\/\/erki24nd3ub.exactdn.com\/wp-content\/uploads\/dream\/img\/img_202080_40fe6964b7e17277bc8c8be13360fa2e_1.jpg?strip=all","datePublished":"2025-10-01T02:59:45+00:00","dateModified":"2026-02-19T20:22:07+00:00","breadcrumb":{"@id":"https:\/\/lovme.pt\/index.php\/produto\/adrien-lastic-estimulador-de-prostata-de-pulsacao-aplicativo\/#breadcrumb"},"inLanguage":"pt-PT","potentialAction":[{"@type":"ReadAction","target":["https:\/\/lovme.pt\/index.php\/produto\/adrien-lastic-estimulador-de-prostata-de-pulsacao-aplicativo\/"]}]},{"@type":"ImageObject","inLanguage":"pt-PT","@id":"https:\/\/lovme.pt\/index.php\/produto\/adrien-lastic-estimulador-de-prostata-de-pulsacao-aplicativo\/#primaryimage","url":"https:\/\/erki24nd3ub.exactdn.com\/wp-content\/uploads\/dream\/img\/img_202080_40fe6964b7e17277bc8c8be13360fa2e_1.jpg?strip=all","contentUrl":"https:\/\/erki24nd3ub.exactdn.com\/wp-content\/uploads\/dream\/img\/img_202080_40fe6964b7e17277bc8c8be13360fa2e_1.jpg?strip=all","width":900,"height":900},{"@type":"BreadcrumbList","@id":"https:\/\/lovme.pt\/index.php\/produto\/adrien-lastic-estimulador-de-prostata-de-pulsacao-aplicativo\/#breadcrumb","itemListElement":[{"@type":"ListItem","position":1,"name":"In\u00edcio","item":"https:\/\/lovme.pt\/"},{"@type":"ListItem","position":2,"name":"Loja","item":"https:\/\/lovme.pt\/index.php\/loja\/"},{"@type":"ListItem","position":3,"name":"ADRIEN LASTIC &#8211; ESTIMULADOR DE PR\u00d3STATA DE PULSA\u00c7\u00c3O + APLICATIVO"}]},{"@type":"WebSite","@id":"https:\/\/lovme.pt\/#website","url":"https:\/\/lovme.pt\/","name":"Lovme Loja Er\u00f3tica N\u00ba1 em Portugal","description":"A melhor loja er\u00f3tica de Portugal.","alternateName":"Loja Er\u00f3tica Lovme","potentialAction":[{"@type":"SearchAction","target":{"@type":"EntryPoint","urlTemplate":"https:\/\/lovme.pt\/?s={search_term_string}"},"query-input":{"@type":"PropertyValueSpecification","valueRequired":true,"valueName":"search_term_string"}}],"inLanguage":"pt-PT"}]}},"_links":{"self":[{"href":"https:\/\/lovme.pt\/index.php\/wp-json\/wp\/v2\/product\/51630","targetHints":{"allow":["GET"]}}],"collection":[{"href":"https:\/\/lovme.pt\/index.php\/wp-json\/wp\/v2\/product"}],"about":[{"href":"https:\/\/lovme.pt\/index.php\/wp-json\/wp\/v2\/types\/product"}],"wp:featuredmedia":[{"embeddable":true,"href":"https:\/\/lovme.pt\/index.php\/wp-json\/wp\/v2\/media\/100720"}],"wp:attachment":[{"href":"https:\/\/lovme.pt\/index.php\/wp-json\/wp\/v2\/media?parent=51630"}],"wp:term":[{"taxonomy":"product_brand","embeddable":true,"href":"https:\/\/lovme.pt\/index.php\/wp-json\/wp\/v2\/product_brand?post=51630"},{"taxonomy":"product_cat","embeddable":true,"href":"https:\/\/lovme.pt\/index.php\/wp-json\/wp\/v2\/product_cat?post=51630"},{"taxonomy":"product_tag","embeddable":true,"href":"https:\/\/lovme.pt\/index.php\/wp-json\/wp\/v2\/product_tag?post=51630"}],"curies":[{"name":"wp","href":"https:\/\/api.w.org\/{rel}","templated":true}]}}