{"id":51609,"date":"2025-09-30T20:08:28","date_gmt":"2025-09-30T20:08:28","guid":{"rendered":"https:\/\/lovme.pt\/?post_type=product&p=51609"},"modified":"2026-02-19T20:07:06","modified_gmt":"2026-02-19T20:07:06","slug":"pretty-love-odes-realista-2-cm-bainha-de-ampliacao-para-penis-rosa","status":"publish","type":"product","link":"https:\/\/lovme.pt\/index.php\/produto\/pretty-love-odes-realista-2-cm-bainha-de-ampliacao-para-penis-rosa\/","title":{"rendered":"PRETTY LOVE &#8211; ODES REALISTA 2 CM BAINHA DE AMPLIA\u00c7\u00c3O PARA P\u00caNIS ROSA"},"content":{"rendered":"<p><strong>LINDO AMOR BI-026210-2<\/strong><br \/> Esta capa peniana de material TPR e bainha peniana transforma seu p\u00eanis em uma m\u00e1quina de sexo pura. Apresenta um eixo el\u00e1stico para estimula\u00e7\u00e3o interna aprimorada. Uma capa peniana altamente recomendada que d\u00e1 ao seu p\u00eanis textura extra. Para uma apar\u00eancia natural e a base apresenta um anel de bola que abra\u00e7a a base de suas bolas e manter\u00e1 o extensor no lugar e fornecer\u00e1 alguns efeitos de prolongamento da ere\u00e7\u00e3o.<\/p>\n<p> <u><strong>CARACTER\u00cdSTICAS<\/strong><\/u> :<\/p>\n<ul>\n<li> Imperme\u00e1vel<\/li>\n<li> Material: TPR<\/li>\n<li> Tamanho da embalagem (mm): 210x80x60<\/li>\n<\/ul>\n","protected":false},"excerpt":{"rendered":"<p>PRETTY LOVE &#8211; ODES REALISTA 2 CM BAINHA DE AMPLIA\u00c7\u00c3O PARA P\u00caNIS ROSA<\/p>\n","protected":false},"featured_media":65081,"template":"","meta":{"_acf_changed":false},"product_brand":[],"product_cat":[17,60],"product_tag":[],"class_list":{"0":"post-51609","1":"product","2":"type-product","3":"status-publish","4":"has-post-thumbnail","6":"product_cat-brinquedos-de-bem-estar-sexual","7":"product_cat-para-eles","8":"yith_product_brand-pretty-love","10":"first","11":"instock","12":"taxable","13":"shipping-taxable","14":"purchasable","15":"product-type-simple"},"acf":[],"yoast_head":"<!-- This site is optimized with the Yoast SEO plugin v27.4 - https:\/\/yoast.com\/product\/yoast-seo-wordpress\/ -->\n<title>PRETTY LOVE - ODES REALISTA 2 CM BAINHA DE AMPLIA\u00c7\u00c3O PARA P\u00caNIS ROSA - Lovme<\/title>\n<meta name=\"robots\" content=\"index, follow, max-snippet:-1, max-image-preview:large, max-video-preview:-1\" \/>\n<link rel=\"canonical\" href=\"https:\/\/lovme.pt\/index.php\/produto\/pretty-love-odes-realista-2-cm-bainha-de-ampliacao-para-penis-rosa\/\" \/>\n<meta property=\"og:locale\" content=\"pt_PT\" \/>\n<meta property=\"og:type\" content=\"article\" \/>\n<meta property=\"og:title\" content=\"PRETTY LOVE - ODES REALISTA 2 CM BAINHA DE AMPLIA\u00c7\u00c3O PARA P\u00caNIS ROSA - Lovme\" \/>\n<meta property=\"og:description\" content=\"PRETTY LOVE - ODES REALISTA 2 CM BAINHA DE AMPLIA\u00c7\u00c3O PARA P\u00caNIS ROSA\" \/>\n<meta property=\"og:url\" content=\"https:\/\/lovme.pt\/index.php\/produto\/pretty-love-odes-realista-2-cm-bainha-de-ampliacao-para-penis-rosa\/\" \/>\n<meta property=\"og:site_name\" content=\"Lovme\" \/>\n<meta property=\"article:modified_time\" content=\"2026-02-19T20:07:06+00:00\" \/>\n<meta property=\"og:image\" content=\"https:\/\/erki24nd3ub.exactdn.com\/wp-content\/uploads\/dream\/img\/img_201721_062b39386c2dcad7db179e1671ddd7fa_1.jpg?strip=all\" \/>\n\t<meta property=\"og:image:width\" content=\"900\" \/>\n\t<meta property=\"og:image:height\" content=\"900\" \/>\n\t<meta property=\"og:image:type\" content=\"image\/jpeg\" \/>\n<meta name=\"twitter:card\" content=\"summary_large_image\" \/>\n<script type=\"application\/ld+json\" class=\"yoast-schema-graph\">{\"@context\":\"https:\\\/\\\/schema.org\",\"@graph\":[{\"@type\":\"WebPage\",\"@id\":\"https:\\\/\\\/lovme.pt\\\/index.php\\\/produto\\\/pretty-love-odes-realista-2-cm-bainha-de-ampliacao-para-penis-rosa\\\/\",\"url\":\"https:\\\/\\\/lovme.pt\\\/index.php\\\/produto\\\/pretty-love-odes-realista-2-cm-bainha-de-ampliacao-para-penis-rosa\\\/\",\"name\":\"PRETTY LOVE - ODES REALISTA 2 CM BAINHA DE AMPLIA\u00c7\u00c3O PARA P\u00caNIS ROSA - Lovme\",\"isPartOf\":{\"@id\":\"https:\\\/\\\/lovme.pt\\\/#website\"},\"primaryImageOfPage\":{\"@id\":\"https:\\\/\\\/lovme.pt\\\/index.php\\\/produto\\\/pretty-love-odes-realista-2-cm-bainha-de-ampliacao-para-penis-rosa\\\/#primaryimage\"},\"image\":{\"@id\":\"https:\\\/\\\/lovme.pt\\\/index.php\\\/produto\\\/pretty-love-odes-realista-2-cm-bainha-de-ampliacao-para-penis-rosa\\\/#primaryimage\"},\"thumbnailUrl\":\"https:\\\/\\\/erki24nd3ub.exactdn.com\\\/wp-content\\\/uploads\\\/dream\\\/img\\\/img_201721_062b39386c2dcad7db179e1671ddd7fa_1.jpg?strip=all\",\"datePublished\":\"2025-09-30T20:08:28+00:00\",\"dateModified\":\"2026-02-19T20:07:06+00:00\",\"breadcrumb\":{\"@id\":\"https:\\\/\\\/lovme.pt\\\/index.php\\\/produto\\\/pretty-love-odes-realista-2-cm-bainha-de-ampliacao-para-penis-rosa\\\/#breadcrumb\"},\"inLanguage\":\"pt-PT\",\"potentialAction\":[{\"@type\":\"ReadAction\",\"target\":[\"https:\\\/\\\/lovme.pt\\\/index.php\\\/produto\\\/pretty-love-odes-realista-2-cm-bainha-de-ampliacao-para-penis-rosa\\\/\"]}]},{\"@type\":\"ImageObject\",\"inLanguage\":\"pt-PT\",\"@id\":\"https:\\\/\\\/lovme.pt\\\/index.php\\\/produto\\\/pretty-love-odes-realista-2-cm-bainha-de-ampliacao-para-penis-rosa\\\/#primaryimage\",\"url\":\"https:\\\/\\\/erki24nd3ub.exactdn.com\\\/wp-content\\\/uploads\\\/dream\\\/img\\\/img_201721_062b39386c2dcad7db179e1671ddd7fa_1.jpg?strip=all\",\"contentUrl\":\"https:\\\/\\\/erki24nd3ub.exactdn.com\\\/wp-content\\\/uploads\\\/dream\\\/img\\\/img_201721_062b39386c2dcad7db179e1671ddd7fa_1.jpg?strip=all\",\"width\":900,\"height\":900},{\"@type\":\"BreadcrumbList\",\"@id\":\"https:\\\/\\\/lovme.pt\\\/index.php\\\/produto\\\/pretty-love-odes-realista-2-cm-bainha-de-ampliacao-para-penis-rosa\\\/#breadcrumb\",\"itemListElement\":[{\"@type\":\"ListItem\",\"position\":1,\"name\":\"In\u00edcio\",\"item\":\"https:\\\/\\\/lovme.pt\\\/\"},{\"@type\":\"ListItem\",\"position\":2,\"name\":\"Loja\",\"item\":\"https:\\\/\\\/lovme.pt\\\/index.php\\\/loja\\\/\"},{\"@type\":\"ListItem\",\"position\":3,\"name\":\"PRETTY LOVE &#8211; ODES REALISTA 2 CM BAINHA DE AMPLIA\u00c7\u00c3O PARA P\u00caNIS ROSA\"}]},{\"@type\":\"WebSite\",\"@id\":\"https:\\\/\\\/lovme.pt\\\/#website\",\"url\":\"https:\\\/\\\/lovme.pt\\\/\",\"name\":\"Lovme Loja Er\u00f3tica N\u00ba1 em Portugal\",\"description\":\"A melhor loja er\u00f3tica de Portugal.\",\"alternateName\":\"Loja Er\u00f3tica Lovme\",\"potentialAction\":[{\"@type\":\"SearchAction\",\"target\":{\"@type\":\"EntryPoint\",\"urlTemplate\":\"https:\\\/\\\/lovme.pt\\\/?s={search_term_string}\"},\"query-input\":{\"@type\":\"PropertyValueSpecification\",\"valueRequired\":true,\"valueName\":\"search_term_string\"}}],\"inLanguage\":\"pt-PT\"}]}<\/script>\n<!-- \/ Yoast SEO plugin. -->","yoast_head_json":{"title":"PRETTY LOVE - ODES REALISTA 2 CM BAINHA DE AMPLIA\u00c7\u00c3O PARA P\u00caNIS ROSA - Lovme","robots":{"index":"index","follow":"follow","max-snippet":"max-snippet:-1","max-image-preview":"max-image-preview:large","max-video-preview":"max-video-preview:-1"},"canonical":"https:\/\/lovme.pt\/index.php\/produto\/pretty-love-odes-realista-2-cm-bainha-de-ampliacao-para-penis-rosa\/","og_locale":"pt_PT","og_type":"article","og_title":"PRETTY LOVE - ODES REALISTA 2 CM BAINHA DE AMPLIA\u00c7\u00c3O PARA P\u00caNIS ROSA - Lovme","og_description":"PRETTY LOVE - ODES REALISTA 2 CM BAINHA DE AMPLIA\u00c7\u00c3O PARA P\u00caNIS ROSA","og_url":"https:\/\/lovme.pt\/index.php\/produto\/pretty-love-odes-realista-2-cm-bainha-de-ampliacao-para-penis-rosa\/","og_site_name":"Lovme","article_modified_time":"2026-02-19T20:07:06+00:00","og_image":[{"width":900,"height":900,"url":"https:\/\/erki24nd3ub.exactdn.com\/wp-content\/uploads\/dream\/img\/img_201721_062b39386c2dcad7db179e1671ddd7fa_1.jpg?strip=all","type":"image\/jpeg"}],"twitter_card":"summary_large_image","schema":{"@context":"https:\/\/schema.org","@graph":[{"@type":"WebPage","@id":"https:\/\/lovme.pt\/index.php\/produto\/pretty-love-odes-realista-2-cm-bainha-de-ampliacao-para-penis-rosa\/","url":"https:\/\/lovme.pt\/index.php\/produto\/pretty-love-odes-realista-2-cm-bainha-de-ampliacao-para-penis-rosa\/","name":"PRETTY LOVE - ODES REALISTA 2 CM BAINHA DE AMPLIA\u00c7\u00c3O PARA P\u00caNIS ROSA - Lovme","isPartOf":{"@id":"https:\/\/lovme.pt\/#website"},"primaryImageOfPage":{"@id":"https:\/\/lovme.pt\/index.php\/produto\/pretty-love-odes-realista-2-cm-bainha-de-ampliacao-para-penis-rosa\/#primaryimage"},"image":{"@id":"https:\/\/lovme.pt\/index.php\/produto\/pretty-love-odes-realista-2-cm-bainha-de-ampliacao-para-penis-rosa\/#primaryimage"},"thumbnailUrl":"https:\/\/erki24nd3ub.exactdn.com\/wp-content\/uploads\/dream\/img\/img_201721_062b39386c2dcad7db179e1671ddd7fa_1.jpg?strip=all","datePublished":"2025-09-30T20:08:28+00:00","dateModified":"2026-02-19T20:07:06+00:00","breadcrumb":{"@id":"https:\/\/lovme.pt\/index.php\/produto\/pretty-love-odes-realista-2-cm-bainha-de-ampliacao-para-penis-rosa\/#breadcrumb"},"inLanguage":"pt-PT","potentialAction":[{"@type":"ReadAction","target":["https:\/\/lovme.pt\/index.php\/produto\/pretty-love-odes-realista-2-cm-bainha-de-ampliacao-para-penis-rosa\/"]}]},{"@type":"ImageObject","inLanguage":"pt-PT","@id":"https:\/\/lovme.pt\/index.php\/produto\/pretty-love-odes-realista-2-cm-bainha-de-ampliacao-para-penis-rosa\/#primaryimage","url":"https:\/\/erki24nd3ub.exactdn.com\/wp-content\/uploads\/dream\/img\/img_201721_062b39386c2dcad7db179e1671ddd7fa_1.jpg?strip=all","contentUrl":"https:\/\/erki24nd3ub.exactdn.com\/wp-content\/uploads\/dream\/img\/img_201721_062b39386c2dcad7db179e1671ddd7fa_1.jpg?strip=all","width":900,"height":900},{"@type":"BreadcrumbList","@id":"https:\/\/lovme.pt\/index.php\/produto\/pretty-love-odes-realista-2-cm-bainha-de-ampliacao-para-penis-rosa\/#breadcrumb","itemListElement":[{"@type":"ListItem","position":1,"name":"In\u00edcio","item":"https:\/\/lovme.pt\/"},{"@type":"ListItem","position":2,"name":"Loja","item":"https:\/\/lovme.pt\/index.php\/loja\/"},{"@type":"ListItem","position":3,"name":"PRETTY LOVE &#8211; ODES REALISTA 2 CM BAINHA DE AMPLIA\u00c7\u00c3O PARA P\u00caNIS ROSA"}]},{"@type":"WebSite","@id":"https:\/\/lovme.pt\/#website","url":"https:\/\/lovme.pt\/","name":"Lovme Loja Er\u00f3tica N\u00ba1 em Portugal","description":"A melhor loja er\u00f3tica de Portugal.","alternateName":"Loja Er\u00f3tica Lovme","potentialAction":[{"@type":"SearchAction","target":{"@type":"EntryPoint","urlTemplate":"https:\/\/lovme.pt\/?s={search_term_string}"},"query-input":{"@type":"PropertyValueSpecification","valueRequired":true,"valueName":"search_term_string"}}],"inLanguage":"pt-PT"}]}},"_links":{"self":[{"href":"https:\/\/lovme.pt\/index.php\/wp-json\/wp\/v2\/product\/51609","targetHints":{"allow":["GET"]}}],"collection":[{"href":"https:\/\/lovme.pt\/index.php\/wp-json\/wp\/v2\/product"}],"about":[{"href":"https:\/\/lovme.pt\/index.php\/wp-json\/wp\/v2\/types\/product"}],"wp:featuredmedia":[{"embeddable":true,"href":"https:\/\/lovme.pt\/index.php\/wp-json\/wp\/v2\/media\/65081"}],"wp:attachment":[{"href":"https:\/\/lovme.pt\/index.php\/wp-json\/wp\/v2\/media?parent=51609"}],"wp:term":[{"taxonomy":"product_brand","embeddable":true,"href":"https:\/\/lovme.pt\/index.php\/wp-json\/wp\/v2\/product_brand?post=51609"},{"taxonomy":"product_cat","embeddable":true,"href":"https:\/\/lovme.pt\/index.php\/wp-json\/wp\/v2\/product_cat?post=51609"},{"taxonomy":"product_tag","embeddable":true,"href":"https:\/\/lovme.pt\/index.php\/wp-json\/wp\/v2\/product_tag?post=51609"}],"curies":[{"name":"wp","href":"https:\/\/api.w.org\/{rel}","templated":true}]}}