{"id":51589,"date":"2025-10-01T02:38:57","date_gmt":"2025-10-01T02:38:57","guid":{"rendered":"https:\/\/lovme.pt\/?post_type=product&p=51589"},"modified":"2026-02-19T20:19:39","modified_gmt":"2026-02-19T20:19:39","slug":"pherostrong-elixir-de-feromonios-para-mulheres-2-ml","status":"publish","type":"product","link":"https:\/\/lovme.pt\/index.php\/produto\/pherostrong-elixir-de-feromonios-para-mulheres-2-ml\/","title":{"rendered":"PHEROSTRONG &#8211; ELIXIR DE FEROM\u00d4NIOS PARA MULHERES 2 ML"},"content":{"rendered":"<p><u><strong>Elixir de ferom\u00f4nio PheroStrong para mulheres<\/strong><\/u><br \/>Perfumes premium exclusivos para personalidades \u00fanicas<br \/>PheroStrong Pheromone Elixir for Women \u00e9 uma linha de perfumes da se\u00e7\u00e3o premium que real\u00e7a o charme natural e a autoconfian\u00e7a. Cada composi\u00e7\u00e3o foi criada para pessoas que querem atrair aten\u00e7\u00e3o e fascinar com sua aura sensual. Esta fragr\u00e2ncia feminina oferece uma combina\u00e7\u00e3o \u00fanica de notas que enfatiza sua personalidade \u00fanica e deixa uma impress\u00e3o magn\u00e9tica muito duradoura.<\/p>\n<p><strong>Todos n\u00f3s queremos:<\/strong><\/p>\n<ul>\n<li>Desperte o desejo do sexo oposto, chame a aten\u00e7\u00e3o, atraia com apelo sexual.<\/li>\n<li>Seja um amante apaixonado, eletrifique seus sentidos, satisfa\u00e7a seus anseios e desejos sem inibi\u00e7\u00f5es.<\/li>\n<li>Cause uma primeira impress\u00e3o positiva e inesquec\u00edvel, esteja no c\u00edrculo de interesses.<\/li>\n<li>Gere confian\u00e7a, abertura e gentileza nas pessoas que voc\u00ea conhece.<\/li>\n<li>Alcance o sucesso profissional e aumente a efic\u00e1cia do seu trabalho, obtenha promo\u00e7\u00f5es<\/li>\n<li>Desfrute do respeito e reconhecimento das pessoas ao seu redor, seja uma autoridade em casa e entre seus amigos<\/li>\n<li>Seja um homem e uma mulher feliz, amado e realizado: seja uma PESSOA DE SUCESSO!<\/li>\n<\/ul>\n<p><strong>Nota de fragr\u00e2ncia<\/strong><\/p>\n<ul>\n<li>nota de topo<\/li>\n<li>Laranja e lim\u00e3o da Sic\u00edlia, bergamota da Cal\u00e1bria<\/li>\n<li>nota de cora\u00e7\u00e3o<\/li>\n<li>Frutas mediterr\u00e2nicas<\/li>\n<li>nota base<\/li>\n<li>alm\u00edscar branco, \u00e2mbar, baunilha de Madagascar<\/li>\n<\/ul>\n<p>\u00a0<\/p>\n<p>Descubra a fragr\u00e2ncia que milhares de mulheres amam: PheroStrong Pheromone Elixir for Women \u00e9 uma composi\u00e7\u00e3o \u00fanica que se torna seu cart\u00e3o de visita todos os dias. \u00c9 um elixir de sensualidade que combina notas ex\u00f3ticas de frutas tropicais com um coquetel aveludado de baunilha e laranja, criando uma aura \u00fanica.<\/p>\n<p>PheroStrong Pheromone Elixir for Women come\u00e7a com notas c\u00edtricas energizantes que animam os sentidos e introduzem frescor. Laranja siciliana, bergamota calabresa e lim\u00e3o transportam voc\u00ea para o mundo do sol mediterr\u00e2neo. No cora\u00e7\u00e3o da fragr\u00e2ncia h\u00e1 uma riqueza de frutas tropicais doces que introduzem um toque ex\u00f3tico, adicionando mist\u00e9rio e magnetismo.<\/p>\n<p>A base da fragr\u00e2ncia \u00e9 uma mistura de \u00e2mbar oriental, alm\u00edscar branco e baunilha de Madagascar, que d\u00e3o ao elixir uma durabilidade e um calor incr\u00edveis. S\u00e3o esses acordes que tornam o PheroStrong Pheromone Elixir for Women excepcionalmente sensual e permanecem na pele por um longo tempo, criando uma aura de feminilidade delicada e irresist\u00edvel.<\/p>\n<p>PheroStrong Pheromone Elixir for Women \u00e9 uma fragr\u00e2ncia que destaca a autoconfian\u00e7a e o brilho interior. Perfeito para qualquer ocasi\u00e3o, de reuni\u00f5es cotidianas a sa\u00eddas \u00e0 noite, este perfume se tornar\u00e1 seu bem secreto em um mundo cheio de aventuras sensuais.<\/p>\n","protected":false},"excerpt":{"rendered":"<p>PHEROSTRONG &#8211; ELIXIR DE FEROM\u00d4NIOS PARA MULHERES 2 ML<\/p>\n","protected":false},"featured_media":98228,"template":"","meta":{"_acf_changed":false},"product_brand":[],"product_cat":[49],"product_tag":[],"class_list":{"0":"post-51589","1":"product","2":"type-product","3":"status-publish","4":"has-post-thumbnail","6":"product_cat-cosmeticos","7":"yith_product_brand-pherostrong","9":"first","10":"instock","11":"taxable","12":"shipping-taxable","13":"purchasable","14":"product-type-simple"},"acf":[],"yoast_head":"<!-- This site is optimized with the Yoast SEO plugin v27.4 - https:\/\/yoast.com\/product\/yoast-seo-wordpress\/ -->\n<title>PHEROSTRONG - ELIXIR DE FEROM\u00d4NIOS PARA MULHERES 2 ML - Lovme<\/title>\n<meta name=\"robots\" content=\"index, follow, max-snippet:-1, max-image-preview:large, max-video-preview:-1\" \/>\n<link rel=\"canonical\" href=\"https:\/\/lovme.pt\/index.php\/produto\/pherostrong-elixir-de-feromonios-para-mulheres-2-ml\/\" \/>\n<meta property=\"og:locale\" content=\"pt_PT\" \/>\n<meta property=\"og:type\" content=\"article\" \/>\n<meta property=\"og:title\" content=\"PHEROSTRONG - ELIXIR DE FEROM\u00d4NIOS PARA MULHERES 2 ML - Lovme\" \/>\n<meta property=\"og:description\" content=\"PHEROSTRONG - ELIXIR DE FEROM\u00d4NIOS PARA MULHERES 2 ML\" \/>\n<meta property=\"og:url\" content=\"https:\/\/lovme.pt\/index.php\/produto\/pherostrong-elixir-de-feromonios-para-mulheres-2-ml\/\" \/>\n<meta property=\"og:site_name\" content=\"Lovme\" \/>\n<meta property=\"article:modified_time\" content=\"2026-02-19T20:19:39+00:00\" \/>\n<meta property=\"og:image\" content=\"https:\/\/erki24nd3ub.exactdn.com\/wp-content\/uploads\/dream\/img\/img_201789_04dbb5807082049ac420d9daa6c4c435_1.jpg?strip=all\" \/>\n\t<meta property=\"og:image:width\" content=\"900\" \/>\n\t<meta property=\"og:image:height\" content=\"900\" \/>\n\t<meta property=\"og:image:type\" content=\"image\/jpeg\" \/>\n<meta name=\"twitter:card\" content=\"summary_large_image\" \/>\n<meta name=\"twitter:label1\" content=\"Tempo estimado de leitura\" \/>\n\t<meta name=\"twitter:data1\" content=\"2 minutos\" \/>\n<script type=\"application\/ld+json\" class=\"yoast-schema-graph\">{\"@context\":\"https:\\\/\\\/schema.org\",\"@graph\":[{\"@type\":\"WebPage\",\"@id\":\"https:\\\/\\\/lovme.pt\\\/index.php\\\/produto\\\/pherostrong-elixir-de-feromonios-para-mulheres-2-ml\\\/\",\"url\":\"https:\\\/\\\/lovme.pt\\\/index.php\\\/produto\\\/pherostrong-elixir-de-feromonios-para-mulheres-2-ml\\\/\",\"name\":\"PHEROSTRONG - ELIXIR DE FEROM\u00d4NIOS PARA MULHERES 2 ML - Lovme\",\"isPartOf\":{\"@id\":\"https:\\\/\\\/lovme.pt\\\/#website\"},\"primaryImageOfPage\":{\"@id\":\"https:\\\/\\\/lovme.pt\\\/index.php\\\/produto\\\/pherostrong-elixir-de-feromonios-para-mulheres-2-ml\\\/#primaryimage\"},\"image\":{\"@id\":\"https:\\\/\\\/lovme.pt\\\/index.php\\\/produto\\\/pherostrong-elixir-de-feromonios-para-mulheres-2-ml\\\/#primaryimage\"},\"thumbnailUrl\":\"https:\\\/\\\/erki24nd3ub.exactdn.com\\\/wp-content\\\/uploads\\\/dream\\\/img\\\/img_201789_04dbb5807082049ac420d9daa6c4c435_1.jpg?strip=all\",\"datePublished\":\"2025-10-01T02:38:57+00:00\",\"dateModified\":\"2026-02-19T20:19:39+00:00\",\"breadcrumb\":{\"@id\":\"https:\\\/\\\/lovme.pt\\\/index.php\\\/produto\\\/pherostrong-elixir-de-feromonios-para-mulheres-2-ml\\\/#breadcrumb\"},\"inLanguage\":\"pt-PT\",\"potentialAction\":[{\"@type\":\"ReadAction\",\"target\":[\"https:\\\/\\\/lovme.pt\\\/index.php\\\/produto\\\/pherostrong-elixir-de-feromonios-para-mulheres-2-ml\\\/\"]}]},{\"@type\":\"ImageObject\",\"inLanguage\":\"pt-PT\",\"@id\":\"https:\\\/\\\/lovme.pt\\\/index.php\\\/produto\\\/pherostrong-elixir-de-feromonios-para-mulheres-2-ml\\\/#primaryimage\",\"url\":\"https:\\\/\\\/erki24nd3ub.exactdn.com\\\/wp-content\\\/uploads\\\/dream\\\/img\\\/img_201789_04dbb5807082049ac420d9daa6c4c435_1.jpg?strip=all\",\"contentUrl\":\"https:\\\/\\\/erki24nd3ub.exactdn.com\\\/wp-content\\\/uploads\\\/dream\\\/img\\\/img_201789_04dbb5807082049ac420d9daa6c4c435_1.jpg?strip=all\",\"width\":900,\"height\":900},{\"@type\":\"BreadcrumbList\",\"@id\":\"https:\\\/\\\/lovme.pt\\\/index.php\\\/produto\\\/pherostrong-elixir-de-feromonios-para-mulheres-2-ml\\\/#breadcrumb\",\"itemListElement\":[{\"@type\":\"ListItem\",\"position\":1,\"name\":\"In\u00edcio\",\"item\":\"https:\\\/\\\/lovme.pt\\\/\"},{\"@type\":\"ListItem\",\"position\":2,\"name\":\"Loja\",\"item\":\"https:\\\/\\\/lovme.pt\\\/index.php\\\/loja\\\/\"},{\"@type\":\"ListItem\",\"position\":3,\"name\":\"PHEROSTRONG &#8211; ELIXIR DE FEROM\u00d4NIOS PARA MULHERES 2 ML\"}]},{\"@type\":\"WebSite\",\"@id\":\"https:\\\/\\\/lovme.pt\\\/#website\",\"url\":\"https:\\\/\\\/lovme.pt\\\/\",\"name\":\"Lovme Loja Er\u00f3tica N\u00ba1 em Portugal\",\"description\":\"A melhor loja er\u00f3tica de Portugal.\",\"alternateName\":\"Loja Er\u00f3tica Lovme\",\"potentialAction\":[{\"@type\":\"SearchAction\",\"target\":{\"@type\":\"EntryPoint\",\"urlTemplate\":\"https:\\\/\\\/lovme.pt\\\/?s={search_term_string}\"},\"query-input\":{\"@type\":\"PropertyValueSpecification\",\"valueRequired\":true,\"valueName\":\"search_term_string\"}}],\"inLanguage\":\"pt-PT\"}]}<\/script>\n<!-- \/ Yoast SEO plugin. -->","yoast_head_json":{"title":"PHEROSTRONG - ELIXIR DE FEROM\u00d4NIOS PARA MULHERES 2 ML - Lovme","robots":{"index":"index","follow":"follow","max-snippet":"max-snippet:-1","max-image-preview":"max-image-preview:large","max-video-preview":"max-video-preview:-1"},"canonical":"https:\/\/lovme.pt\/index.php\/produto\/pherostrong-elixir-de-feromonios-para-mulheres-2-ml\/","og_locale":"pt_PT","og_type":"article","og_title":"PHEROSTRONG - ELIXIR DE FEROM\u00d4NIOS PARA MULHERES 2 ML - Lovme","og_description":"PHEROSTRONG - ELIXIR DE FEROM\u00d4NIOS PARA MULHERES 2 ML","og_url":"https:\/\/lovme.pt\/index.php\/produto\/pherostrong-elixir-de-feromonios-para-mulheres-2-ml\/","og_site_name":"Lovme","article_modified_time":"2026-02-19T20:19:39+00:00","og_image":[{"width":900,"height":900,"url":"https:\/\/erki24nd3ub.exactdn.com\/wp-content\/uploads\/dream\/img\/img_201789_04dbb5807082049ac420d9daa6c4c435_1.jpg?strip=all","type":"image\/jpeg"}],"twitter_card":"summary_large_image","twitter_misc":{"Tempo estimado de leitura":"2 minutos"},"schema":{"@context":"https:\/\/schema.org","@graph":[{"@type":"WebPage","@id":"https:\/\/lovme.pt\/index.php\/produto\/pherostrong-elixir-de-feromonios-para-mulheres-2-ml\/","url":"https:\/\/lovme.pt\/index.php\/produto\/pherostrong-elixir-de-feromonios-para-mulheres-2-ml\/","name":"PHEROSTRONG - ELIXIR DE FEROM\u00d4NIOS PARA MULHERES 2 ML - Lovme","isPartOf":{"@id":"https:\/\/lovme.pt\/#website"},"primaryImageOfPage":{"@id":"https:\/\/lovme.pt\/index.php\/produto\/pherostrong-elixir-de-feromonios-para-mulheres-2-ml\/#primaryimage"},"image":{"@id":"https:\/\/lovme.pt\/index.php\/produto\/pherostrong-elixir-de-feromonios-para-mulheres-2-ml\/#primaryimage"},"thumbnailUrl":"https:\/\/erki24nd3ub.exactdn.com\/wp-content\/uploads\/dream\/img\/img_201789_04dbb5807082049ac420d9daa6c4c435_1.jpg?strip=all","datePublished":"2025-10-01T02:38:57+00:00","dateModified":"2026-02-19T20:19:39+00:00","breadcrumb":{"@id":"https:\/\/lovme.pt\/index.php\/produto\/pherostrong-elixir-de-feromonios-para-mulheres-2-ml\/#breadcrumb"},"inLanguage":"pt-PT","potentialAction":[{"@type":"ReadAction","target":["https:\/\/lovme.pt\/index.php\/produto\/pherostrong-elixir-de-feromonios-para-mulheres-2-ml\/"]}]},{"@type":"ImageObject","inLanguage":"pt-PT","@id":"https:\/\/lovme.pt\/index.php\/produto\/pherostrong-elixir-de-feromonios-para-mulheres-2-ml\/#primaryimage","url":"https:\/\/erki24nd3ub.exactdn.com\/wp-content\/uploads\/dream\/img\/img_201789_04dbb5807082049ac420d9daa6c4c435_1.jpg?strip=all","contentUrl":"https:\/\/erki24nd3ub.exactdn.com\/wp-content\/uploads\/dream\/img\/img_201789_04dbb5807082049ac420d9daa6c4c435_1.jpg?strip=all","width":900,"height":900},{"@type":"BreadcrumbList","@id":"https:\/\/lovme.pt\/index.php\/produto\/pherostrong-elixir-de-feromonios-para-mulheres-2-ml\/#breadcrumb","itemListElement":[{"@type":"ListItem","position":1,"name":"In\u00edcio","item":"https:\/\/lovme.pt\/"},{"@type":"ListItem","position":2,"name":"Loja","item":"https:\/\/lovme.pt\/index.php\/loja\/"},{"@type":"ListItem","position":3,"name":"PHEROSTRONG &#8211; ELIXIR DE FEROM\u00d4NIOS PARA MULHERES 2 ML"}]},{"@type":"WebSite","@id":"https:\/\/lovme.pt\/#website","url":"https:\/\/lovme.pt\/","name":"Lovme Loja Er\u00f3tica N\u00ba1 em Portugal","description":"A melhor loja er\u00f3tica de Portugal.","alternateName":"Loja Er\u00f3tica Lovme","potentialAction":[{"@type":"SearchAction","target":{"@type":"EntryPoint","urlTemplate":"https:\/\/lovme.pt\/?s={search_term_string}"},"query-input":{"@type":"PropertyValueSpecification","valueRequired":true,"valueName":"search_term_string"}}],"inLanguage":"pt-PT"}]}},"_links":{"self":[{"href":"https:\/\/lovme.pt\/index.php\/wp-json\/wp\/v2\/product\/51589","targetHints":{"allow":["GET"]}}],"collection":[{"href":"https:\/\/lovme.pt\/index.php\/wp-json\/wp\/v2\/product"}],"about":[{"href":"https:\/\/lovme.pt\/index.php\/wp-json\/wp\/v2\/types\/product"}],"wp:featuredmedia":[{"embeddable":true,"href":"https:\/\/lovme.pt\/index.php\/wp-json\/wp\/v2\/media\/98228"}],"wp:attachment":[{"href":"https:\/\/lovme.pt\/index.php\/wp-json\/wp\/v2\/media?parent=51589"}],"wp:term":[{"taxonomy":"product_brand","embeddable":true,"href":"https:\/\/lovme.pt\/index.php\/wp-json\/wp\/v2\/product_brand?post=51589"},{"taxonomy":"product_cat","embeddable":true,"href":"https:\/\/lovme.pt\/index.php\/wp-json\/wp\/v2\/product_cat?post=51589"},{"taxonomy":"product_tag","embeddable":true,"href":"https:\/\/lovme.pt\/index.php\/wp-json\/wp\/v2\/product_tag?post=51589"}],"curies":[{"name":"wp","href":"https:\/\/api.w.org\/{rel}","templated":true}]}}