{"id":51579,"date":"2025-10-01T01:09:47","date_gmt":"2025-10-01T01:09:47","guid":{"rendered":"https:\/\/lovme.pt\/?post_type=product&#038;p=51579"},"modified":"2026-02-19T20:23:28","modified_gmt":"2026-02-19T20:23:28","slug":"chilirose-cr-4850-conjunto-de-top-e-legging-vermelho-com-acessorios-dourados-s","status":"publish","type":"product","link":"https:\/\/lovme.pt\/index.php\/produto\/chilirose-cr-4850-conjunto-de-top-e-legging-vermelho-com-acessorios-dourados-s\/","title":{"rendered":"CHILIROSE &#8211; CR 4850 SET TOP ROJO Y LEGGINS CON COMPLEMENTOS DORADOS S"},"content":{"rendered":"<div>\n<p><span style=\"font-size: 13px;\"><strong>CR 4850<\/strong><\/span><\/p>\n<div>\n<p> <span style=\"font-size: 13px;\">Um conjunto sensual feito de tule vermelho vaporoso que acaricia o corpo como uma n\u00e9voa delicada.<br \/> O top, com al\u00e7as ajust\u00e1veis, \u00e9 adornado com argolas e correntes de metal que podem ser reposicionadas para destacar o que voc\u00ea quiser.<br \/> A saia longa e esvoa\u00e7ante com fendas altas revela as pernas de forma provocante, acrescentando um toque de mist\u00e9rio.<br \/> E para completar o look, tangas sedutoras&#8230; Porque \u00e0s vezes, o toque mais suave \u00e9 o que gera mais ousadia.<\/span><\/p>\n<p> <strong><span style=\"font-size: 13px;\">Top vermelho + leggings com acess\u00f3rios dourados<\/span><\/strong><\/p>\n<\/div>\n<ul>\n<li> <span style=\"font-size: 13px;\">Dispon\u00edvel nos tamanhos: S, M, L<\/span><\/li>\n<li> <span style=\"font-size: 13px;\">Feito de: 90% poliamida 10% elastano<\/span><\/li>\n<\/ul>\n<\/div>\n<p> A marca <strong>CHILIROSE<\/strong> foi fundada em 2008 e nossa miss\u00e3o \u00e9 oferecer lingerie sensual e excitante para nossos clientes a um pre\u00e7o competitivo. Agora em 2022, ap\u00f3s 14 anos, somos uma das principais empresas de lingerie ex\u00f3tica e temos uma enorme cole\u00e7\u00e3o de roupas de dormir, vestidos, robes, espartilhos, vestidos, roupas de balada e muito mais. Nosso rigoroso controle de qualidade garante a satisfa\u00e7\u00e3o total de nossos clientes e torna a venda um prazer. Tomamos cuidado especial na sele\u00e7\u00e3o de nossos materiais e m\u00e3o de obra. Oferecemos muitos estilos novos e fant\u00e1sticos regularmente e esperamos surpreend\u00ea-lo positivamente todas as vezes. <\/p>\n<\/p>\n<table border=\"1\" cellpadding=\"0\" cellspacing=\"0\" width=\"832\">\n<tbody>\n<tr 1px=\"\" height=\"23\" solid=\"\" style=\"border:\">\n<td 1px=\"\" border:=\"\" class=\"xl72\" colspan=\"8\" height=\"23\" solid=\"\" style=\"text-align:\" width=\"832\"><b>GUIA DE TAMANHOS<\/b> <\/td>\n<\/tr>\n<tr 1px=\"\" height=\"23\" solid=\"\" style=\"border:\">\n<td 1px=\"\" border:=\"\" class=\"xl73\" colspan=\"2\" height=\"23\" solid=\"\" style=\"text-align:\"> <strong>TAMANHO<\/strong><\/td>\n<td 1px=\"\" border:=\"\" class=\"xl71\" solid=\"\" style=\"text-align:\" width=\"104\"> <strong>S<\/strong><\/td>\n<td 1px=\"\" border:=\"\" class=\"xl71\" solid=\"\" style=\"text-align:\" width=\"104\"> <strong>M<\/strong><\/td>\n<td 1px=\"\" border:=\"\" class=\"xl71\" solid=\"\" style=\"text-align:\" width=\"104\"> <strong>eu<\/strong><\/td>\n<td 1px=\"\" border:=\"\" class=\"xl71\" solid=\"\" style=\"text-align:\" width=\"104\"> <strong>GG<\/strong><\/td>\n<td 1px=\"\" border:=\"\" class=\"xl71\" solid=\"\" style=\"text-align:\" width=\"104\"> <strong>XXG<\/strong><\/td>\n<td 1px=\"\" border:=\"\" class=\"xl71\" solid=\"\" style=\"text-align:\" width=\"104\"> <strong>P\/M  G\/GG<\/strong> <\/td>\n<\/tr>\n<tr>\n<td 1px=\"\" border:=\"\" class=\"xl74\" colspan=\"2\" height=\"23\" solid=\"\" style=\"text-align:\" width=\"208\"><strong>Peito cm<\/strong><\/td>\n<td 1px=\"\" border:=\"\" class=\"xl72\" solid=\"\" style=\"text-align:\" width=\"104\"> 85-89<\/td>\n<td 1px=\"\" border:=\"\" class=\"xl72\" solid=\"\" style=\"text-align:\" width=\"104\"> 90-94<\/td>\n<td 1px=\"\" border:=\"\" class=\"xl71\" solid=\"\" style=\"text-align:\" width=\"104\"> 95-99<\/td>\n<td 1px=\"\" border:=\"\" class=\"xl71\" solid=\"\" style=\"text-align:\" width=\"104\"> 100-104<\/td>\n<td 1px=\"\" border:=\"\" class=\"xl71\" solid=\"\" style=\"text-align:\" width=\"104\"> 105-109<\/td>\n<td 1px=\"\" border:=\"\" class=\"xl71\" solid=\"\" style=\"text-align:\" width=\"104\"> 85-94  95-104 <\/td>\n<\/tr>\n<tr>\n<td 1px=\"\" border:=\"\" class=\"xl74\" colspan=\"2\" height=\"23\" solid=\"\" style=\"text-align:\" width=\"208\"><strong>Abaixo do busto cm<\/strong><\/td>\n<td 1px=\"\" border:=\"\" class=\"xl72\" solid=\"\" style=\"text-align:\" width=\"104\"> <span -webkit-text-stroke-width:=\"background-color:=\" display:=\"float:=\" font-family:=\"\" font-size:=\"font-style:=\" font-variant-caps:=\"font-variant-ligatures:=\" font-weight:=\"inline=\" letter-spacing:=\"orphans:=\" style=\"color:\" text-align:=\"text-decoration-color:=\" text-decoration-style:=\"text-decoration-thickness:=\" text-indent:=\"text-transform:=\" trebuchet=\"white-space:=\" widows:=\"word-spacing:=\">69-72<\/span><\/td>\n<td 1px=\"\" border:=\"\" class=\"xl72\" solid=\"\" style=\"text-align:\" width=\"104\"> <span -webkit-text-stroke-width:=\"background-color:=\" display:=\"float:=\" font-family:=\"\" font-size:=\"font-style:=\" font-variant-caps:=\"font-variant-ligatures:=\" font-weight:=\"inline=\" letter-spacing:=\"orphans:=\" style=\"color:\" text-align:=\"text-decoration-color:=\" text-decoration-style:=\"text-decoration-thickness:=\" text-indent:=\"text-transform:=\" trebuchet=\"white-space:=\" widows:=\"word-spacing:=\">73-77<\/span> <\/td>\n<td 1px=\"\" border:=\"\" class=\"xl71\" solid=\"\" style=\"text-align:\" width=\"104\"><\/td>\n<\/tr>\n<\/tbody>\n<\/table>\n","protected":false},"excerpt":{"rendered":"<p>CHILIROSE &#8211; CR 4850 CONJUNTO DE TOP E LEGGING VERMELHO COM ACESS\u00d3RIOS DOURADOS S<\/p>\n","protected":false},"featured_media":94014,"template":"","meta":{"_acf_changed":false},"product_brand":[],"product_cat":[47,66],"product_tag":[],"class_list":{"0":"post-51579","1":"product","2":"type-product","3":"status-publish","4":"has-post-thumbnail","6":"product_cat-lingerie","7":"product_cat-lingerie-feminina","8":"yith_product_brand-chilirose","9":"yith_product_brand-chilirosechilirose-sets","11":"first","12":"instock","13":"taxable","14":"shipping-taxable","15":"purchasable","16":"product-type-variable","17":"has-default-attributes"},"acf":[],"yoast_head":"<!-- This site is optimized with the Yoast SEO plugin v27.4 - https:\/\/yoast.com\/product\/yoast-seo-wordpress\/ -->\n<title>CHILIROSE - CR 4850 SET TOP ROJO Y LEGGINS CON COMPLEMENTOS DORADOS S - Lovme<\/title>\n<meta name=\"robots\" content=\"index, follow, max-snippet:-1, max-image-preview:large, max-video-preview:-1\" \/>\n<link rel=\"canonical\" href=\"https:\/\/lovme.pt\/index.php\/produto\/chilirose-cr-4850-conjunto-de-top-e-legging-vermelho-com-acessorios-dourados-s\/\" \/>\n<meta property=\"og:locale\" content=\"pt_PT\" \/>\n<meta property=\"og:type\" content=\"article\" \/>\n<meta property=\"og:title\" content=\"CHILIROSE - CR 4850 SET TOP ROJO Y LEGGINS CON COMPLEMENTOS DORADOS S - Lovme\" \/>\n<meta property=\"og:description\" content=\"CHILIROSE - CR 4850 CONJUNTO DE TOP E LEGGING VERMELHO COM ACESS\u00d3RIOS DOURADOS S\" \/>\n<meta property=\"og:url\" content=\"https:\/\/lovme.pt\/index.php\/produto\/chilirose-cr-4850-conjunto-de-top-e-legging-vermelho-com-acessorios-dourados-s\/\" \/>\n<meta property=\"og:site_name\" content=\"Lovme\" \/>\n<meta property=\"article:modified_time\" content=\"2026-02-19T20:23:28+00:00\" \/>\n<meta property=\"og:image\" content=\"https:\/\/erki24nd3ub.exactdn.com\/wp-content\/uploads\/dream\/img\/img_201526_0d3d5a1a9b55372496eb00b5c506b504_1.jpg?strip=all\" \/>\n\t<meta property=\"og:image:width\" content=\"900\" \/>\n\t<meta property=\"og:image:height\" content=\"900\" \/>\n\t<meta property=\"og:image:type\" content=\"image\/jpeg\" \/>\n<meta name=\"twitter:card\" content=\"summary_large_image\" \/>\n<meta name=\"twitter:label1\" content=\"Tempo estimado de leitura\" \/>\n\t<meta name=\"twitter:data1\" content=\"1 minuto\" \/>\n<script type=\"application\/ld+json\" class=\"yoast-schema-graph\">{\"@context\":\"https:\\\/\\\/schema.org\",\"@graph\":[{\"@type\":\"WebPage\",\"@id\":\"https:\\\/\\\/lovme.pt\\\/index.php\\\/produto\\\/chilirose-cr-4850-conjunto-de-top-e-legging-vermelho-com-acessorios-dourados-s\\\/\",\"url\":\"https:\\\/\\\/lovme.pt\\\/index.php\\\/produto\\\/chilirose-cr-4850-conjunto-de-top-e-legging-vermelho-com-acessorios-dourados-s\\\/\",\"name\":\"CHILIROSE - CR 4850 SET TOP ROJO Y LEGGINS CON COMPLEMENTOS DORADOS S - Lovme\",\"isPartOf\":{\"@id\":\"https:\\\/\\\/lovme.pt\\\/#website\"},\"primaryImageOfPage\":{\"@id\":\"https:\\\/\\\/lovme.pt\\\/index.php\\\/produto\\\/chilirose-cr-4850-conjunto-de-top-e-legging-vermelho-com-acessorios-dourados-s\\\/#primaryimage\"},\"image\":{\"@id\":\"https:\\\/\\\/lovme.pt\\\/index.php\\\/produto\\\/chilirose-cr-4850-conjunto-de-top-e-legging-vermelho-com-acessorios-dourados-s\\\/#primaryimage\"},\"thumbnailUrl\":\"https:\\\/\\\/erki24nd3ub.exactdn.com\\\/wp-content\\\/uploads\\\/dream\\\/img\\\/img_201526_0d3d5a1a9b55372496eb00b5c506b504_1.jpg?strip=all\",\"datePublished\":\"2025-10-01T01:09:47+00:00\",\"dateModified\":\"2026-02-19T20:23:28+00:00\",\"breadcrumb\":{\"@id\":\"https:\\\/\\\/lovme.pt\\\/index.php\\\/produto\\\/chilirose-cr-4850-conjunto-de-top-e-legging-vermelho-com-acessorios-dourados-s\\\/#breadcrumb\"},\"inLanguage\":\"pt-PT\",\"potentialAction\":[{\"@type\":\"ReadAction\",\"target\":[\"https:\\\/\\\/lovme.pt\\\/index.php\\\/produto\\\/chilirose-cr-4850-conjunto-de-top-e-legging-vermelho-com-acessorios-dourados-s\\\/\"]}]},{\"@type\":\"ImageObject\",\"inLanguage\":\"pt-PT\",\"@id\":\"https:\\\/\\\/lovme.pt\\\/index.php\\\/produto\\\/chilirose-cr-4850-conjunto-de-top-e-legging-vermelho-com-acessorios-dourados-s\\\/#primaryimage\",\"url\":\"https:\\\/\\\/erki24nd3ub.exactdn.com\\\/wp-content\\\/uploads\\\/dream\\\/img\\\/img_201526_0d3d5a1a9b55372496eb00b5c506b504_1.jpg?strip=all\",\"contentUrl\":\"https:\\\/\\\/erki24nd3ub.exactdn.com\\\/wp-content\\\/uploads\\\/dream\\\/img\\\/img_201526_0d3d5a1a9b55372496eb00b5c506b504_1.jpg?strip=all\",\"width\":900,\"height\":900},{\"@type\":\"BreadcrumbList\",\"@id\":\"https:\\\/\\\/lovme.pt\\\/index.php\\\/produto\\\/chilirose-cr-4850-conjunto-de-top-e-legging-vermelho-com-acessorios-dourados-s\\\/#breadcrumb\",\"itemListElement\":[{\"@type\":\"ListItem\",\"position\":1,\"name\":\"In\u00edcio\",\"item\":\"https:\\\/\\\/lovme.pt\\\/\"},{\"@type\":\"ListItem\",\"position\":2,\"name\":\"Loja\",\"item\":\"https:\\\/\\\/lovme.pt\\\/index.php\\\/loja\\\/\"},{\"@type\":\"ListItem\",\"position\":3,\"name\":\"CHILIROSE &#8211; CR 4850 SET TOP ROJO Y LEGGINS CON COMPLEMENTOS DORADOS S\"}]},{\"@type\":\"WebSite\",\"@id\":\"https:\\\/\\\/lovme.pt\\\/#website\",\"url\":\"https:\\\/\\\/lovme.pt\\\/\",\"name\":\"Lovme Loja Er\u00f3tica N\u00ba1 em Portugal\",\"description\":\"A melhor loja er\u00f3tica de Portugal.\",\"alternateName\":\"Loja Er\u00f3tica Lovme\",\"potentialAction\":[{\"@type\":\"SearchAction\",\"target\":{\"@type\":\"EntryPoint\",\"urlTemplate\":\"https:\\\/\\\/lovme.pt\\\/?s={search_term_string}\"},\"query-input\":{\"@type\":\"PropertyValueSpecification\",\"valueRequired\":true,\"valueName\":\"search_term_string\"}}],\"inLanguage\":\"pt-PT\"}]}<\/script>\n<!-- \/ Yoast SEO plugin. -->","yoast_head_json":{"title":"CHILIROSE - CR 4850 SET TOP ROJO Y LEGGINS CON COMPLEMENTOS DORADOS S - Lovme","robots":{"index":"index","follow":"follow","max-snippet":"max-snippet:-1","max-image-preview":"max-image-preview:large","max-video-preview":"max-video-preview:-1"},"canonical":"https:\/\/lovme.pt\/index.php\/produto\/chilirose-cr-4850-conjunto-de-top-e-legging-vermelho-com-acessorios-dourados-s\/","og_locale":"pt_PT","og_type":"article","og_title":"CHILIROSE - CR 4850 SET TOP ROJO Y LEGGINS CON COMPLEMENTOS DORADOS S - Lovme","og_description":"CHILIROSE - CR 4850 CONJUNTO DE TOP E LEGGING VERMELHO COM ACESS\u00d3RIOS DOURADOS S","og_url":"https:\/\/lovme.pt\/index.php\/produto\/chilirose-cr-4850-conjunto-de-top-e-legging-vermelho-com-acessorios-dourados-s\/","og_site_name":"Lovme","article_modified_time":"2026-02-19T20:23:28+00:00","og_image":[{"width":900,"height":900,"url":"https:\/\/erki24nd3ub.exactdn.com\/wp-content\/uploads\/dream\/img\/img_201526_0d3d5a1a9b55372496eb00b5c506b504_1.jpg?strip=all","type":"image\/jpeg"}],"twitter_card":"summary_large_image","twitter_misc":{"Tempo estimado de leitura":"1 minuto"},"schema":{"@context":"https:\/\/schema.org","@graph":[{"@type":"WebPage","@id":"https:\/\/lovme.pt\/index.php\/produto\/chilirose-cr-4850-conjunto-de-top-e-legging-vermelho-com-acessorios-dourados-s\/","url":"https:\/\/lovme.pt\/index.php\/produto\/chilirose-cr-4850-conjunto-de-top-e-legging-vermelho-com-acessorios-dourados-s\/","name":"CHILIROSE - CR 4850 SET TOP ROJO Y LEGGINS CON COMPLEMENTOS DORADOS S - Lovme","isPartOf":{"@id":"https:\/\/lovme.pt\/#website"},"primaryImageOfPage":{"@id":"https:\/\/lovme.pt\/index.php\/produto\/chilirose-cr-4850-conjunto-de-top-e-legging-vermelho-com-acessorios-dourados-s\/#primaryimage"},"image":{"@id":"https:\/\/lovme.pt\/index.php\/produto\/chilirose-cr-4850-conjunto-de-top-e-legging-vermelho-com-acessorios-dourados-s\/#primaryimage"},"thumbnailUrl":"https:\/\/erki24nd3ub.exactdn.com\/wp-content\/uploads\/dream\/img\/img_201526_0d3d5a1a9b55372496eb00b5c506b504_1.jpg?strip=all","datePublished":"2025-10-01T01:09:47+00:00","dateModified":"2026-02-19T20:23:28+00:00","breadcrumb":{"@id":"https:\/\/lovme.pt\/index.php\/produto\/chilirose-cr-4850-conjunto-de-top-e-legging-vermelho-com-acessorios-dourados-s\/#breadcrumb"},"inLanguage":"pt-PT","potentialAction":[{"@type":"ReadAction","target":["https:\/\/lovme.pt\/index.php\/produto\/chilirose-cr-4850-conjunto-de-top-e-legging-vermelho-com-acessorios-dourados-s\/"]}]},{"@type":"ImageObject","inLanguage":"pt-PT","@id":"https:\/\/lovme.pt\/index.php\/produto\/chilirose-cr-4850-conjunto-de-top-e-legging-vermelho-com-acessorios-dourados-s\/#primaryimage","url":"https:\/\/erki24nd3ub.exactdn.com\/wp-content\/uploads\/dream\/img\/img_201526_0d3d5a1a9b55372496eb00b5c506b504_1.jpg?strip=all","contentUrl":"https:\/\/erki24nd3ub.exactdn.com\/wp-content\/uploads\/dream\/img\/img_201526_0d3d5a1a9b55372496eb00b5c506b504_1.jpg?strip=all","width":900,"height":900},{"@type":"BreadcrumbList","@id":"https:\/\/lovme.pt\/index.php\/produto\/chilirose-cr-4850-conjunto-de-top-e-legging-vermelho-com-acessorios-dourados-s\/#breadcrumb","itemListElement":[{"@type":"ListItem","position":1,"name":"In\u00edcio","item":"https:\/\/lovme.pt\/"},{"@type":"ListItem","position":2,"name":"Loja","item":"https:\/\/lovme.pt\/index.php\/loja\/"},{"@type":"ListItem","position":3,"name":"CHILIROSE &#8211; CR 4850 SET TOP ROJO Y LEGGINS CON COMPLEMENTOS DORADOS S"}]},{"@type":"WebSite","@id":"https:\/\/lovme.pt\/#website","url":"https:\/\/lovme.pt\/","name":"Lovme Loja Er\u00f3tica N\u00ba1 em Portugal","description":"A melhor loja er\u00f3tica de Portugal.","alternateName":"Loja Er\u00f3tica Lovme","potentialAction":[{"@type":"SearchAction","target":{"@type":"EntryPoint","urlTemplate":"https:\/\/lovme.pt\/?s={search_term_string}"},"query-input":{"@type":"PropertyValueSpecification","valueRequired":true,"valueName":"search_term_string"}}],"inLanguage":"pt-PT"}]}},"_links":{"self":[{"href":"https:\/\/lovme.pt\/index.php\/wp-json\/wp\/v2\/product\/51579","targetHints":{"allow":["GET"]}}],"collection":[{"href":"https:\/\/lovme.pt\/index.php\/wp-json\/wp\/v2\/product"}],"about":[{"href":"https:\/\/lovme.pt\/index.php\/wp-json\/wp\/v2\/types\/product"}],"wp:featuredmedia":[{"embeddable":true,"href":"https:\/\/lovme.pt\/index.php\/wp-json\/wp\/v2\/media\/94014"}],"wp:attachment":[{"href":"https:\/\/lovme.pt\/index.php\/wp-json\/wp\/v2\/media?parent=51579"}],"wp:term":[{"taxonomy":"product_brand","embeddable":true,"href":"https:\/\/lovme.pt\/index.php\/wp-json\/wp\/v2\/product_brand?post=51579"},{"taxonomy":"product_cat","embeddable":true,"href":"https:\/\/lovme.pt\/index.php\/wp-json\/wp\/v2\/product_cat?post=51579"},{"taxonomy":"product_tag","embeddable":true,"href":"https:\/\/lovme.pt\/index.php\/wp-json\/wp\/v2\/product_tag?post=51579"}],"curies":[{"name":"wp","href":"https:\/\/api.w.org\/{rel}","templated":true}]}}