{"id":51570,"date":"2025-09-30T09:47:37","date_gmt":"2025-09-30T09:47:37","guid":{"rendered":"https:\/\/lovme.pt\/?post_type=product&p=51570"},"modified":"2026-02-19T20:05:18","modified_gmt":"2026-02-19T20:05:18","slug":"secretplay-jogo-de-domino-de-madeira-kinky","status":"publish","type":"product","link":"https:\/\/lovme.pt\/index.php\/produto\/secretplay-jogo-de-domino-de-madeira-kinky\/","title":{"rendered":"SECRETPLAY &#8211; JOGO DE DOMIN\u00d3 DE MADEIRA KINKY"},"content":{"rendered":"<p>Aproveite o cl\u00e1ssico jogo de domin\u00f3 com um toque picante, onde cada partida \u00e9 um convite para aproveitar finais diferentes e emocionantes.<\/p>\n<p>Voc\u00ea est\u00e1 pronto para se deixar levar?<\/p>\n<p><u><strong>CONTE\u00daDO:<\/strong><\/u><br \/>28 pe\u00e7as com 7 ilustra\u00e7\u00f5es diferentes.<\/p>\n<p><u><strong>COMO JOGAR:<\/strong><\/u><br \/>Coloque todas as pe\u00e7as viradas para baixo na mesa e remova-as antes de come\u00e7ar o jogo. Cada jogador pega 7 pe\u00e7as da pilha. O jogador mais novo come\u00e7a o jogo colocando uma pe\u00e7a de sua pilha virada para cima na mesa.<br \/>Em seguida, \u00e9 a vez do outro jogador. Ele deve colocar uma pe\u00e7a de sua pilha somente se ela corresponder \u00e0 pe\u00e7a na mesa. Se ele n\u00e3o puder colocar uma pe\u00e7a, ele vai tirar uma nova da pilha e n\u00e3o pode jogar at\u00e9 a pr\u00f3xima vez.<br \/>Em seguida, \u00e9 a vez do outro jogador e assim por diante.<br \/>O primeiro jogador a ficar sem pe\u00e7as deve gritar &#8220;KINKY&#8221; naquele momento, sendo assim considerado o vencedor.<br \/>O vencedor escolhe a posi\u00e7\u00e3o desejada do Kama Sutra (dentre aquelas ilustradas nas pe\u00e7as) para executar com seu parceiro. Se o vencedor esquecer de gritar &#8220;KINKY&#8221;, ent\u00e3o ele ser\u00e1 o vencedor. O perdedor escolhe a posi\u00e7\u00e3o do Kama Sutra a ser executada.<\/p>\n<p><strong>Dispon\u00edvel em 8 idiomas (espanhol, ingl\u00eas, alem\u00e3o, franc\u00eas, holand\u00eas, portugu\u00eas, italiano, polon\u00eas)<\/strong><\/p>\n","protected":false},"excerpt":{"rendered":"<p>EMBALAGEM DISPON\u00cdVEL EM: \/es\/en\/de\/fr\/nl\/pt\/it\/pl\/<\/p>\n","protected":false},"featured_media":57123,"template":"","meta":{"_acf_changed":false},"product_brand":[],"product_cat":[69],"product_tag":[],"class_list":{"0":"post-51570","1":"product","2":"type-product","3":"status-publish","4":"has-post-thumbnail","6":"product_cat-jogos-eroticos","7":"yith_product_brand-secretplay","8":"yith_product_brand-secretplaysecretplay-100-games","10":"first","11":"instock","12":"taxable","13":"shipping-taxable","14":"purchasable","15":"product-type-simple"},"acf":[],"yoast_head":"<!-- This site is optimized with the Yoast SEO plugin v27.4 - https:\/\/yoast.com\/product\/yoast-seo-wordpress\/ -->\n<title>SECRETPLAY - JOGO DE DOMIN\u00d3 DE MADEIRA KINKY - Lovme<\/title>\n<meta name=\"robots\" content=\"index, follow, max-snippet:-1, max-image-preview:large, max-video-preview:-1\" \/>\n<link rel=\"canonical\" href=\"https:\/\/lovme.pt\/index.php\/produto\/secretplay-jogo-de-domino-de-madeira-kinky\/\" \/>\n<meta property=\"og:locale\" content=\"pt_PT\" \/>\n<meta property=\"og:type\" content=\"article\" \/>\n<meta property=\"og:title\" content=\"SECRETPLAY - JOGO DE DOMIN\u00d3 DE MADEIRA KINKY - Lovme\" \/>\n<meta property=\"og:description\" content=\"EMBALAGEM DISPON\u00cdVEL EM: \/es\/en\/de\/fr\/nl\/pt\/it\/pl\/\" \/>\n<meta property=\"og:url\" content=\"https:\/\/lovme.pt\/index.php\/produto\/secretplay-jogo-de-domino-de-madeira-kinky\/\" \/>\n<meta property=\"og:site_name\" content=\"Lovme\" \/>\n<meta property=\"article:modified_time\" content=\"2026-02-19T20:05:18+00:00\" \/>\n<meta property=\"og:image\" content=\"https:\/\/erki24nd3ub.exactdn.com\/wp-content\/uploads\/dream\/img\/img_201427_815e24dc23a27984ac5dd5d7db2844d6_1.jpg?strip=all\" \/>\n\t<meta property=\"og:image:width\" content=\"900\" \/>\n\t<meta property=\"og:image:height\" content=\"900\" \/>\n\t<meta property=\"og:image:type\" content=\"image\/jpeg\" \/>\n<meta name=\"twitter:card\" content=\"summary_large_image\" \/>\n<meta name=\"twitter:label1\" content=\"Tempo estimado de leitura\" \/>\n\t<meta name=\"twitter:data1\" content=\"1 minuto\" \/>\n<script type=\"application\/ld+json\" class=\"yoast-schema-graph\">{\"@context\":\"https:\\\/\\\/schema.org\",\"@graph\":[{\"@type\":\"WebPage\",\"@id\":\"https:\\\/\\\/lovme.pt\\\/index.php\\\/produto\\\/secretplay-jogo-de-domino-de-madeira-kinky\\\/\",\"url\":\"https:\\\/\\\/lovme.pt\\\/index.php\\\/produto\\\/secretplay-jogo-de-domino-de-madeira-kinky\\\/\",\"name\":\"SECRETPLAY - JOGO DE DOMIN\u00d3 DE MADEIRA KINKY - Lovme\",\"isPartOf\":{\"@id\":\"https:\\\/\\\/lovme.pt\\\/#website\"},\"primaryImageOfPage\":{\"@id\":\"https:\\\/\\\/lovme.pt\\\/index.php\\\/produto\\\/secretplay-jogo-de-domino-de-madeira-kinky\\\/#primaryimage\"},\"image\":{\"@id\":\"https:\\\/\\\/lovme.pt\\\/index.php\\\/produto\\\/secretplay-jogo-de-domino-de-madeira-kinky\\\/#primaryimage\"},\"thumbnailUrl\":\"https:\\\/\\\/erki24nd3ub.exactdn.com\\\/wp-content\\\/uploads\\\/dream\\\/img\\\/img_201427_815e24dc23a27984ac5dd5d7db2844d6_1.jpg?strip=all\",\"datePublished\":\"2025-09-30T09:47:37+00:00\",\"dateModified\":\"2026-02-19T20:05:18+00:00\",\"breadcrumb\":{\"@id\":\"https:\\\/\\\/lovme.pt\\\/index.php\\\/produto\\\/secretplay-jogo-de-domino-de-madeira-kinky\\\/#breadcrumb\"},\"inLanguage\":\"pt-PT\",\"potentialAction\":[{\"@type\":\"ReadAction\",\"target\":[\"https:\\\/\\\/lovme.pt\\\/index.php\\\/produto\\\/secretplay-jogo-de-domino-de-madeira-kinky\\\/\"]}]},{\"@type\":\"ImageObject\",\"inLanguage\":\"pt-PT\",\"@id\":\"https:\\\/\\\/lovme.pt\\\/index.php\\\/produto\\\/secretplay-jogo-de-domino-de-madeira-kinky\\\/#primaryimage\",\"url\":\"https:\\\/\\\/erki24nd3ub.exactdn.com\\\/wp-content\\\/uploads\\\/dream\\\/img\\\/img_201427_815e24dc23a27984ac5dd5d7db2844d6_1.jpg?strip=all\",\"contentUrl\":\"https:\\\/\\\/erki24nd3ub.exactdn.com\\\/wp-content\\\/uploads\\\/dream\\\/img\\\/img_201427_815e24dc23a27984ac5dd5d7db2844d6_1.jpg?strip=all\",\"width\":900,\"height\":900},{\"@type\":\"BreadcrumbList\",\"@id\":\"https:\\\/\\\/lovme.pt\\\/index.php\\\/produto\\\/secretplay-jogo-de-domino-de-madeira-kinky\\\/#breadcrumb\",\"itemListElement\":[{\"@type\":\"ListItem\",\"position\":1,\"name\":\"In\u00edcio\",\"item\":\"https:\\\/\\\/lovme.pt\\\/\"},{\"@type\":\"ListItem\",\"position\":2,\"name\":\"Loja\",\"item\":\"https:\\\/\\\/lovme.pt\\\/index.php\\\/loja\\\/\"},{\"@type\":\"ListItem\",\"position\":3,\"name\":\"SECRETPLAY &#8211; JOGO DE DOMIN\u00d3 DE MADEIRA KINKY\"}]},{\"@type\":\"WebSite\",\"@id\":\"https:\\\/\\\/lovme.pt\\\/#website\",\"url\":\"https:\\\/\\\/lovme.pt\\\/\",\"name\":\"Lovme Loja Er\u00f3tica N\u00ba1 em Portugal\",\"description\":\"A melhor loja er\u00f3tica de Portugal.\",\"alternateName\":\"Loja Er\u00f3tica Lovme\",\"potentialAction\":[{\"@type\":\"SearchAction\",\"target\":{\"@type\":\"EntryPoint\",\"urlTemplate\":\"https:\\\/\\\/lovme.pt\\\/?s={search_term_string}\"},\"query-input\":{\"@type\":\"PropertyValueSpecification\",\"valueRequired\":true,\"valueName\":\"search_term_string\"}}],\"inLanguage\":\"pt-PT\"}]}<\/script>\n<!-- \/ Yoast SEO plugin. -->","yoast_head_json":{"title":"SECRETPLAY - JOGO DE DOMIN\u00d3 DE MADEIRA KINKY - Lovme","robots":{"index":"index","follow":"follow","max-snippet":"max-snippet:-1","max-image-preview":"max-image-preview:large","max-video-preview":"max-video-preview:-1"},"canonical":"https:\/\/lovme.pt\/index.php\/produto\/secretplay-jogo-de-domino-de-madeira-kinky\/","og_locale":"pt_PT","og_type":"article","og_title":"SECRETPLAY - JOGO DE DOMIN\u00d3 DE MADEIRA KINKY - Lovme","og_description":"EMBALAGEM DISPON\u00cdVEL EM: \/es\/en\/de\/fr\/nl\/pt\/it\/pl\/","og_url":"https:\/\/lovme.pt\/index.php\/produto\/secretplay-jogo-de-domino-de-madeira-kinky\/","og_site_name":"Lovme","article_modified_time":"2026-02-19T20:05:18+00:00","og_image":[{"width":900,"height":900,"url":"https:\/\/erki24nd3ub.exactdn.com\/wp-content\/uploads\/dream\/img\/img_201427_815e24dc23a27984ac5dd5d7db2844d6_1.jpg?strip=all","type":"image\/jpeg"}],"twitter_card":"summary_large_image","twitter_misc":{"Tempo estimado de leitura":"1 minuto"},"schema":{"@context":"https:\/\/schema.org","@graph":[{"@type":"WebPage","@id":"https:\/\/lovme.pt\/index.php\/produto\/secretplay-jogo-de-domino-de-madeira-kinky\/","url":"https:\/\/lovme.pt\/index.php\/produto\/secretplay-jogo-de-domino-de-madeira-kinky\/","name":"SECRETPLAY - JOGO DE DOMIN\u00d3 DE MADEIRA KINKY - Lovme","isPartOf":{"@id":"https:\/\/lovme.pt\/#website"},"primaryImageOfPage":{"@id":"https:\/\/lovme.pt\/index.php\/produto\/secretplay-jogo-de-domino-de-madeira-kinky\/#primaryimage"},"image":{"@id":"https:\/\/lovme.pt\/index.php\/produto\/secretplay-jogo-de-domino-de-madeira-kinky\/#primaryimage"},"thumbnailUrl":"https:\/\/erki24nd3ub.exactdn.com\/wp-content\/uploads\/dream\/img\/img_201427_815e24dc23a27984ac5dd5d7db2844d6_1.jpg?strip=all","datePublished":"2025-09-30T09:47:37+00:00","dateModified":"2026-02-19T20:05:18+00:00","breadcrumb":{"@id":"https:\/\/lovme.pt\/index.php\/produto\/secretplay-jogo-de-domino-de-madeira-kinky\/#breadcrumb"},"inLanguage":"pt-PT","potentialAction":[{"@type":"ReadAction","target":["https:\/\/lovme.pt\/index.php\/produto\/secretplay-jogo-de-domino-de-madeira-kinky\/"]}]},{"@type":"ImageObject","inLanguage":"pt-PT","@id":"https:\/\/lovme.pt\/index.php\/produto\/secretplay-jogo-de-domino-de-madeira-kinky\/#primaryimage","url":"https:\/\/erki24nd3ub.exactdn.com\/wp-content\/uploads\/dream\/img\/img_201427_815e24dc23a27984ac5dd5d7db2844d6_1.jpg?strip=all","contentUrl":"https:\/\/erki24nd3ub.exactdn.com\/wp-content\/uploads\/dream\/img\/img_201427_815e24dc23a27984ac5dd5d7db2844d6_1.jpg?strip=all","width":900,"height":900},{"@type":"BreadcrumbList","@id":"https:\/\/lovme.pt\/index.php\/produto\/secretplay-jogo-de-domino-de-madeira-kinky\/#breadcrumb","itemListElement":[{"@type":"ListItem","position":1,"name":"In\u00edcio","item":"https:\/\/lovme.pt\/"},{"@type":"ListItem","position":2,"name":"Loja","item":"https:\/\/lovme.pt\/index.php\/loja\/"},{"@type":"ListItem","position":3,"name":"SECRETPLAY &#8211; JOGO DE DOMIN\u00d3 DE MADEIRA KINKY"}]},{"@type":"WebSite","@id":"https:\/\/lovme.pt\/#website","url":"https:\/\/lovme.pt\/","name":"Lovme Loja Er\u00f3tica N\u00ba1 em Portugal","description":"A melhor loja er\u00f3tica de Portugal.","alternateName":"Loja Er\u00f3tica Lovme","potentialAction":[{"@type":"SearchAction","target":{"@type":"EntryPoint","urlTemplate":"https:\/\/lovme.pt\/?s={search_term_string}"},"query-input":{"@type":"PropertyValueSpecification","valueRequired":true,"valueName":"search_term_string"}}],"inLanguage":"pt-PT"}]}},"_links":{"self":[{"href":"https:\/\/lovme.pt\/index.php\/wp-json\/wp\/v2\/product\/51570","targetHints":{"allow":["GET"]}}],"collection":[{"href":"https:\/\/lovme.pt\/index.php\/wp-json\/wp\/v2\/product"}],"about":[{"href":"https:\/\/lovme.pt\/index.php\/wp-json\/wp\/v2\/types\/product"}],"wp:featuredmedia":[{"embeddable":true,"href":"https:\/\/lovme.pt\/index.php\/wp-json\/wp\/v2\/media\/57123"}],"wp:attachment":[{"href":"https:\/\/lovme.pt\/index.php\/wp-json\/wp\/v2\/media?parent=51570"}],"wp:term":[{"taxonomy":"product_brand","embeddable":true,"href":"https:\/\/lovme.pt\/index.php\/wp-json\/wp\/v2\/product_brand?post=51570"},{"taxonomy":"product_cat","embeddable":true,"href":"https:\/\/lovme.pt\/index.php\/wp-json\/wp\/v2\/product_cat?post=51570"},{"taxonomy":"product_tag","embeddable":true,"href":"https:\/\/lovme.pt\/index.php\/wp-json\/wp\/v2\/product_tag?post=51570"}],"curies":[{"name":"wp","href":"https:\/\/api.w.org\/{rel}","templated":true}]}}