{"id":51569,"date":"2025-09-30T09:47:35","date_gmt":"2025-09-30T09:47:35","guid":{"rendered":"https:\/\/lovme.pt\/?post_type=product&p=51569"},"modified":"2026-02-19T20:05:18","modified_gmt":"2026-02-19T20:05:18","slug":"secretplay-jogo-de-madeira-play4sex","status":"publish","type":"product","link":"https:\/\/lovme.pt\/index.php\/produto\/secretplay-jogo-de-madeira-play4sex\/","title":{"rendered":"SECRETPLAY &#8211; JOGO DE MADEIRA PLAY4SEX"},"content":{"rendered":"<p>Alinhe 4 pe\u00e7as consecutivas da mesma cor na frente do seu parceiro para ganhar a recompensa final.<\/p>\n<p>Voc\u00ea vai querer jogar sem parar!<\/p>\n<p><u><strong>CONTE\u00daDO:<\/strong><\/u><\/p>\n<ul>\n<li>42 pe\u00e7as (21 brancas e 21 pretas), cada uma com uma posi\u00e7\u00e3o diferente do Kama Sutra.<\/li>\n<li>1 tabuleiro de jogo remov\u00edvel.<\/li>\n<\/ul>\n<p><u><strong>COMO JOGAR:<\/strong><\/u><br \/>Cada jogador escolhe uma cor para jogar.<br \/>Jogue uma moeda para ver quem come\u00e7a colocando uma pe\u00e7a de sua cor no tabuleiro de jogo, depois \u00e9 a vez do outro jogador e assim por diante, sucessivamente.<br \/>O objetivo do jogo \u00e9 fazer com que o Play4sex (coloque 4 pe\u00e7as da mesma cor no tabuleiro de jogo na vertical, horizontal ou diagonal) bloqueie as a\u00e7\u00f5es do outro jogador para que ele n\u00e3o consiga.<br \/>O primeiro jogador a fazer Play4Sex vence a rodada, mas o melhor de 3 rodadas vencer\u00e1 o jogo. O vencedor ter\u00e1 O jogador tem o direito de escolher a posi\u00e7\u00e3o do Kama Sutra (das 4 op\u00e7\u00f5es que comp\u00f5em sua linha vencedora) para executar com seu parceiro no final do jogo.<br \/>Caso nenhum jogador consiga alinhar 4 pe\u00e7as consecutivas da mesma cor no tabuleiro, ocorre um empate e uma nova rodada deve ser jogada at\u00e9 que haja um vencedor.<\/p>\n<p><strong>Dispon\u00edvel em 8 idiomas (espanhol, ingl\u00eas, alem\u00e3o, franc\u00eas, holand\u00eas, portugu\u00eas, italiano, polon\u00eas)<\/strong><\/p>\n","protected":false},"excerpt":{"rendered":"<p>EMBALAGEM DISPON\u00cdVEL EM: \/es\/en\/de\/fr\/nl\/pt\/it\/pl\/<\/p>\n","protected":false},"featured_media":57114,"template":"","meta":{"_acf_changed":false},"product_brand":[],"product_cat":[69],"product_tag":[],"class_list":{"0":"post-51569","1":"product","2":"type-product","3":"status-publish","4":"has-post-thumbnail","6":"product_cat-jogos-eroticos","7":"yith_product_brand-secretplay","8":"yith_product_brand-secretplaysecretplay-100-games","10":"first","11":"instock","12":"taxable","13":"shipping-taxable","14":"purchasable","15":"product-type-simple"},"acf":[],"yoast_head":"<!-- This site is optimized with the Yoast SEO plugin v27.4 - https:\/\/yoast.com\/product\/yoast-seo-wordpress\/ -->\n<title>SECRETPLAY - JOGO DE MADEIRA PLAY4SEX - Lovme<\/title>\n<meta name=\"robots\" content=\"index, follow, max-snippet:-1, max-image-preview:large, max-video-preview:-1\" \/>\n<link rel=\"canonical\" href=\"https:\/\/lovme.pt\/index.php\/produto\/secretplay-jogo-de-madeira-play4sex\/\" \/>\n<meta property=\"og:locale\" content=\"pt_PT\" \/>\n<meta property=\"og:type\" content=\"article\" \/>\n<meta property=\"og:title\" content=\"SECRETPLAY - JOGO DE MADEIRA PLAY4SEX - Lovme\" \/>\n<meta property=\"og:description\" content=\"EMBALAGEM DISPON\u00cdVEL EM: \/es\/en\/de\/fr\/nl\/pt\/it\/pl\/\" \/>\n<meta property=\"og:url\" content=\"https:\/\/lovme.pt\/index.php\/produto\/secretplay-jogo-de-madeira-play4sex\/\" \/>\n<meta property=\"og:site_name\" content=\"Lovme\" \/>\n<meta property=\"article:modified_time\" content=\"2026-02-19T20:05:18+00:00\" \/>\n<meta property=\"og:image\" content=\"https:\/\/erki24nd3ub.exactdn.com\/wp-content\/uploads\/dream\/img\/img_201421_2cf55b69db6c3315d8d7e00fe0dfd97c_1.jpg?strip=all\" \/>\n\t<meta property=\"og:image:width\" content=\"900\" \/>\n\t<meta property=\"og:image:height\" content=\"900\" \/>\n\t<meta property=\"og:image:type\" content=\"image\/jpeg\" \/>\n<meta name=\"twitter:card\" content=\"summary_large_image\" \/>\n<meta name=\"twitter:label1\" content=\"Tempo estimado de leitura\" \/>\n\t<meta name=\"twitter:data1\" content=\"1 minuto\" \/>\n<script type=\"application\/ld+json\" class=\"yoast-schema-graph\">{\"@context\":\"https:\\\/\\\/schema.org\",\"@graph\":[{\"@type\":\"WebPage\",\"@id\":\"https:\\\/\\\/lovme.pt\\\/index.php\\\/produto\\\/secretplay-jogo-de-madeira-play4sex\\\/\",\"url\":\"https:\\\/\\\/lovme.pt\\\/index.php\\\/produto\\\/secretplay-jogo-de-madeira-play4sex\\\/\",\"name\":\"SECRETPLAY - JOGO DE MADEIRA PLAY4SEX - Lovme\",\"isPartOf\":{\"@id\":\"https:\\\/\\\/lovme.pt\\\/#website\"},\"primaryImageOfPage\":{\"@id\":\"https:\\\/\\\/lovme.pt\\\/index.php\\\/produto\\\/secretplay-jogo-de-madeira-play4sex\\\/#primaryimage\"},\"image\":{\"@id\":\"https:\\\/\\\/lovme.pt\\\/index.php\\\/produto\\\/secretplay-jogo-de-madeira-play4sex\\\/#primaryimage\"},\"thumbnailUrl\":\"https:\\\/\\\/erki24nd3ub.exactdn.com\\\/wp-content\\\/uploads\\\/dream\\\/img\\\/img_201421_2cf55b69db6c3315d8d7e00fe0dfd97c_1.jpg?strip=all\",\"datePublished\":\"2025-09-30T09:47:35+00:00\",\"dateModified\":\"2026-02-19T20:05:18+00:00\",\"breadcrumb\":{\"@id\":\"https:\\\/\\\/lovme.pt\\\/index.php\\\/produto\\\/secretplay-jogo-de-madeira-play4sex\\\/#breadcrumb\"},\"inLanguage\":\"pt-PT\",\"potentialAction\":[{\"@type\":\"ReadAction\",\"target\":[\"https:\\\/\\\/lovme.pt\\\/index.php\\\/produto\\\/secretplay-jogo-de-madeira-play4sex\\\/\"]}]},{\"@type\":\"ImageObject\",\"inLanguage\":\"pt-PT\",\"@id\":\"https:\\\/\\\/lovme.pt\\\/index.php\\\/produto\\\/secretplay-jogo-de-madeira-play4sex\\\/#primaryimage\",\"url\":\"https:\\\/\\\/erki24nd3ub.exactdn.com\\\/wp-content\\\/uploads\\\/dream\\\/img\\\/img_201421_2cf55b69db6c3315d8d7e00fe0dfd97c_1.jpg?strip=all\",\"contentUrl\":\"https:\\\/\\\/erki24nd3ub.exactdn.com\\\/wp-content\\\/uploads\\\/dream\\\/img\\\/img_201421_2cf55b69db6c3315d8d7e00fe0dfd97c_1.jpg?strip=all\",\"width\":900,\"height\":900},{\"@type\":\"BreadcrumbList\",\"@id\":\"https:\\\/\\\/lovme.pt\\\/index.php\\\/produto\\\/secretplay-jogo-de-madeira-play4sex\\\/#breadcrumb\",\"itemListElement\":[{\"@type\":\"ListItem\",\"position\":1,\"name\":\"In\u00edcio\",\"item\":\"https:\\\/\\\/lovme.pt\\\/\"},{\"@type\":\"ListItem\",\"position\":2,\"name\":\"Loja\",\"item\":\"https:\\\/\\\/lovme.pt\\\/index.php\\\/loja\\\/\"},{\"@type\":\"ListItem\",\"position\":3,\"name\":\"SECRETPLAY &#8211; JOGO DE MADEIRA PLAY4SEX\"}]},{\"@type\":\"WebSite\",\"@id\":\"https:\\\/\\\/lovme.pt\\\/#website\",\"url\":\"https:\\\/\\\/lovme.pt\\\/\",\"name\":\"Lovme Loja Er\u00f3tica N\u00ba1 em Portugal\",\"description\":\"A melhor loja er\u00f3tica de Portugal.\",\"alternateName\":\"Loja Er\u00f3tica Lovme\",\"potentialAction\":[{\"@type\":\"SearchAction\",\"target\":{\"@type\":\"EntryPoint\",\"urlTemplate\":\"https:\\\/\\\/lovme.pt\\\/?s={search_term_string}\"},\"query-input\":{\"@type\":\"PropertyValueSpecification\",\"valueRequired\":true,\"valueName\":\"search_term_string\"}}],\"inLanguage\":\"pt-PT\"}]}<\/script>\n<!-- \/ Yoast SEO plugin. -->","yoast_head_json":{"title":"SECRETPLAY - JOGO DE MADEIRA PLAY4SEX - Lovme","robots":{"index":"index","follow":"follow","max-snippet":"max-snippet:-1","max-image-preview":"max-image-preview:large","max-video-preview":"max-video-preview:-1"},"canonical":"https:\/\/lovme.pt\/index.php\/produto\/secretplay-jogo-de-madeira-play4sex\/","og_locale":"pt_PT","og_type":"article","og_title":"SECRETPLAY - JOGO DE MADEIRA PLAY4SEX - Lovme","og_description":"EMBALAGEM DISPON\u00cdVEL EM: \/es\/en\/de\/fr\/nl\/pt\/it\/pl\/","og_url":"https:\/\/lovme.pt\/index.php\/produto\/secretplay-jogo-de-madeira-play4sex\/","og_site_name":"Lovme","article_modified_time":"2026-02-19T20:05:18+00:00","og_image":[{"width":900,"height":900,"url":"https:\/\/erki24nd3ub.exactdn.com\/wp-content\/uploads\/dream\/img\/img_201421_2cf55b69db6c3315d8d7e00fe0dfd97c_1.jpg?strip=all","type":"image\/jpeg"}],"twitter_card":"summary_large_image","twitter_misc":{"Tempo estimado de leitura":"1 minuto"},"schema":{"@context":"https:\/\/schema.org","@graph":[{"@type":"WebPage","@id":"https:\/\/lovme.pt\/index.php\/produto\/secretplay-jogo-de-madeira-play4sex\/","url":"https:\/\/lovme.pt\/index.php\/produto\/secretplay-jogo-de-madeira-play4sex\/","name":"SECRETPLAY - JOGO DE MADEIRA PLAY4SEX - Lovme","isPartOf":{"@id":"https:\/\/lovme.pt\/#website"},"primaryImageOfPage":{"@id":"https:\/\/lovme.pt\/index.php\/produto\/secretplay-jogo-de-madeira-play4sex\/#primaryimage"},"image":{"@id":"https:\/\/lovme.pt\/index.php\/produto\/secretplay-jogo-de-madeira-play4sex\/#primaryimage"},"thumbnailUrl":"https:\/\/erki24nd3ub.exactdn.com\/wp-content\/uploads\/dream\/img\/img_201421_2cf55b69db6c3315d8d7e00fe0dfd97c_1.jpg?strip=all","datePublished":"2025-09-30T09:47:35+00:00","dateModified":"2026-02-19T20:05:18+00:00","breadcrumb":{"@id":"https:\/\/lovme.pt\/index.php\/produto\/secretplay-jogo-de-madeira-play4sex\/#breadcrumb"},"inLanguage":"pt-PT","potentialAction":[{"@type":"ReadAction","target":["https:\/\/lovme.pt\/index.php\/produto\/secretplay-jogo-de-madeira-play4sex\/"]}]},{"@type":"ImageObject","inLanguage":"pt-PT","@id":"https:\/\/lovme.pt\/index.php\/produto\/secretplay-jogo-de-madeira-play4sex\/#primaryimage","url":"https:\/\/erki24nd3ub.exactdn.com\/wp-content\/uploads\/dream\/img\/img_201421_2cf55b69db6c3315d8d7e00fe0dfd97c_1.jpg?strip=all","contentUrl":"https:\/\/erki24nd3ub.exactdn.com\/wp-content\/uploads\/dream\/img\/img_201421_2cf55b69db6c3315d8d7e00fe0dfd97c_1.jpg?strip=all","width":900,"height":900},{"@type":"BreadcrumbList","@id":"https:\/\/lovme.pt\/index.php\/produto\/secretplay-jogo-de-madeira-play4sex\/#breadcrumb","itemListElement":[{"@type":"ListItem","position":1,"name":"In\u00edcio","item":"https:\/\/lovme.pt\/"},{"@type":"ListItem","position":2,"name":"Loja","item":"https:\/\/lovme.pt\/index.php\/loja\/"},{"@type":"ListItem","position":3,"name":"SECRETPLAY &#8211; JOGO DE MADEIRA PLAY4SEX"}]},{"@type":"WebSite","@id":"https:\/\/lovme.pt\/#website","url":"https:\/\/lovme.pt\/","name":"Lovme Loja Er\u00f3tica N\u00ba1 em Portugal","description":"A melhor loja er\u00f3tica de Portugal.","alternateName":"Loja Er\u00f3tica Lovme","potentialAction":[{"@type":"SearchAction","target":{"@type":"EntryPoint","urlTemplate":"https:\/\/lovme.pt\/?s={search_term_string}"},"query-input":{"@type":"PropertyValueSpecification","valueRequired":true,"valueName":"search_term_string"}}],"inLanguage":"pt-PT"}]}},"_links":{"self":[{"href":"https:\/\/lovme.pt\/index.php\/wp-json\/wp\/v2\/product\/51569","targetHints":{"allow":["GET"]}}],"collection":[{"href":"https:\/\/lovme.pt\/index.php\/wp-json\/wp\/v2\/product"}],"about":[{"href":"https:\/\/lovme.pt\/index.php\/wp-json\/wp\/v2\/types\/product"}],"wp:featuredmedia":[{"embeddable":true,"href":"https:\/\/lovme.pt\/index.php\/wp-json\/wp\/v2\/media\/57114"}],"wp:attachment":[{"href":"https:\/\/lovme.pt\/index.php\/wp-json\/wp\/v2\/media?parent=51569"}],"wp:term":[{"taxonomy":"product_brand","embeddable":true,"href":"https:\/\/lovme.pt\/index.php\/wp-json\/wp\/v2\/product_brand?post=51569"},{"taxonomy":"product_cat","embeddable":true,"href":"https:\/\/lovme.pt\/index.php\/wp-json\/wp\/v2\/product_cat?post=51569"},{"taxonomy":"product_tag","embeddable":true,"href":"https:\/\/lovme.pt\/index.php\/wp-json\/wp\/v2\/product_tag?post=51569"}],"curies":[{"name":"wp","href":"https:\/\/api.w.org\/{rel}","templated":true}]}}