{"id":51532,"date":"2025-09-30T10:05:15","date_gmt":"2025-09-30T10:05:15","guid":{"rendered":"https:\/\/lovme.pt\/?post_type=product&p=51532"},"modified":"2026-02-19T20:06:30","modified_gmt":"2026-02-19T20:06:30","slug":"pretty-love-marski-rabbit-vibrador-e-ponto-g-rosa","status":"publish","type":"product","link":"https:\/\/lovme.pt\/index.php\/produto\/pretty-love-marski-rabbit-vibrador-e-ponto-g-rosa\/","title":{"rendered":"PRETTY LOVE &#8211; MARSKI RABBIT VIBRADOR E PONTO G ROSA"},"content":{"rendered":"<p><strong>AMOR BONITO BW-500059<\/strong><br \/> Este vibrador de silicone suave com 10 fun\u00e7\u00f5es rabbit \u00e9 incrivelmente equipado para lhe proporcionar prazer intenso noite ap\u00f3s noite. O formato deste brinquedo elegante e estiloso \u00e9 suave e curvo com uma cabe\u00e7a grossa para alcan\u00e7ar seu ponto G interno e um estimulador de clit\u00f3ris rabbit menor e curvo para garantir orgasmos de punho cerrado.<\/p>\n<p> O vibrador tem 10 configura\u00e7\u00f5es de vibra\u00e7\u00e3o diferentes para lhe dar horas de brincadeira sem fim. Este brinquedo \u00e9 feito com um silicone de veludo de alta qualidade que proporciona uma sensa\u00e7\u00e3o linda, sexy e sedosa para deix\u00e1-lo completamente satisfeito a noite toda.<\/p>\n<p> <strong><u>CARACTER\u00cdSTICAS:<\/u><\/strong><\/p>\n<ul>\n<li> Fun\u00e7\u00e3o: 10 fun\u00e7\u00f5es de vibra\u00e7\u00e3o<\/li>\n<li> Pot\u00eancia: Carregamento USB magn\u00e9tico<\/li>\n<li> Material: Silicone<\/li>\n<li> Cor: Rosa<\/li>\n<\/ul>\n<p> A Pretty Love fabrica produtos de alta qualidade. Eles t\u00eam garantia de 1 ano para defeitos t\u00e9cnicos.<\/p>\n","protected":false},"excerpt":{"rendered":"<p>PRETTY LOVE &#8211; MARSKI RABBIT VIBRADOR E PONTO G ROSA<\/p>\n","protected":false},"featured_media":62188,"template":"","meta":{"_acf_changed":false},"product_brand":[],"product_cat":[17,76],"product_tag":[],"class_list":{"0":"post-51532","1":"product","2":"type-product","3":"status-publish","4":"has-post-thumbnail","6":"product_cat-brinquedos-de-bem-estar-sexual","7":"product_cat-vibradores","8":"yith_product_brand-pretty-love","9":"yith_product_brand-pretty-lovepretty-love-flirtation","11":"first","12":"instock","13":"taxable","14":"shipping-taxable","15":"purchasable","16":"product-type-simple"},"acf":[],"yoast_head":"<!-- This site is optimized with the Yoast SEO plugin v27.4 - https:\/\/yoast.com\/product\/yoast-seo-wordpress\/ -->\n<title>PRETTY LOVE - MARSKI RABBIT VIBRADOR E PONTO G ROSA - Lovme<\/title>\n<meta name=\"robots\" content=\"index, follow, max-snippet:-1, max-image-preview:large, max-video-preview:-1\" \/>\n<link rel=\"canonical\" href=\"https:\/\/lovme.pt\/index.php\/produto\/pretty-love-marski-rabbit-vibrador-e-ponto-g-rosa\/\" \/>\n<meta property=\"og:locale\" content=\"pt_PT\" \/>\n<meta property=\"og:type\" content=\"article\" \/>\n<meta property=\"og:title\" content=\"PRETTY LOVE - MARSKI RABBIT VIBRADOR E PONTO G ROSA - Lovme\" \/>\n<meta property=\"og:description\" content=\"PRETTY LOVE - MARSKI RABBIT VIBRADOR E PONTO G ROSA\" \/>\n<meta property=\"og:url\" content=\"https:\/\/lovme.pt\/index.php\/produto\/pretty-love-marski-rabbit-vibrador-e-ponto-g-rosa\/\" \/>\n<meta property=\"og:site_name\" content=\"Lovme\" \/>\n<meta property=\"article:modified_time\" content=\"2026-02-19T20:06:30+00:00\" \/>\n<meta property=\"og:image\" content=\"https:\/\/erki24nd3ub.exactdn.com\/wp-content\/uploads\/dream\/img\/img_201191_c3dadaf0625af87c4452ef92245d251a_1.jpg?strip=all\" \/>\n\t<meta property=\"og:image:width\" content=\"900\" \/>\n\t<meta property=\"og:image:height\" content=\"900\" \/>\n\t<meta property=\"og:image:type\" content=\"image\/jpeg\" \/>\n<meta name=\"twitter:card\" content=\"summary_large_image\" \/>\n<meta name=\"twitter:label1\" content=\"Tempo estimado de leitura\" \/>\n\t<meta name=\"twitter:data1\" content=\"1 minuto\" \/>\n<script type=\"application\/ld+json\" class=\"yoast-schema-graph\">{\"@context\":\"https:\\\/\\\/schema.org\",\"@graph\":[{\"@type\":\"WebPage\",\"@id\":\"https:\\\/\\\/lovme.pt\\\/index.php\\\/produto\\\/pretty-love-marski-rabbit-vibrador-e-ponto-g-rosa\\\/\",\"url\":\"https:\\\/\\\/lovme.pt\\\/index.php\\\/produto\\\/pretty-love-marski-rabbit-vibrador-e-ponto-g-rosa\\\/\",\"name\":\"PRETTY LOVE - MARSKI RABBIT VIBRADOR E PONTO G ROSA - Lovme\",\"isPartOf\":{\"@id\":\"https:\\\/\\\/lovme.pt\\\/#website\"},\"primaryImageOfPage\":{\"@id\":\"https:\\\/\\\/lovme.pt\\\/index.php\\\/produto\\\/pretty-love-marski-rabbit-vibrador-e-ponto-g-rosa\\\/#primaryimage\"},\"image\":{\"@id\":\"https:\\\/\\\/lovme.pt\\\/index.php\\\/produto\\\/pretty-love-marski-rabbit-vibrador-e-ponto-g-rosa\\\/#primaryimage\"},\"thumbnailUrl\":\"https:\\\/\\\/erki24nd3ub.exactdn.com\\\/wp-content\\\/uploads\\\/dream\\\/img\\\/img_201191_c3dadaf0625af87c4452ef92245d251a_1.jpg?strip=all\",\"datePublished\":\"2025-09-30T10:05:15+00:00\",\"dateModified\":\"2026-02-19T20:06:30+00:00\",\"breadcrumb\":{\"@id\":\"https:\\\/\\\/lovme.pt\\\/index.php\\\/produto\\\/pretty-love-marski-rabbit-vibrador-e-ponto-g-rosa\\\/#breadcrumb\"},\"inLanguage\":\"pt-PT\",\"potentialAction\":[{\"@type\":\"ReadAction\",\"target\":[\"https:\\\/\\\/lovme.pt\\\/index.php\\\/produto\\\/pretty-love-marski-rabbit-vibrador-e-ponto-g-rosa\\\/\"]}]},{\"@type\":\"ImageObject\",\"inLanguage\":\"pt-PT\",\"@id\":\"https:\\\/\\\/lovme.pt\\\/index.php\\\/produto\\\/pretty-love-marski-rabbit-vibrador-e-ponto-g-rosa\\\/#primaryimage\",\"url\":\"https:\\\/\\\/erki24nd3ub.exactdn.com\\\/wp-content\\\/uploads\\\/dream\\\/img\\\/img_201191_c3dadaf0625af87c4452ef92245d251a_1.jpg?strip=all\",\"contentUrl\":\"https:\\\/\\\/erki24nd3ub.exactdn.com\\\/wp-content\\\/uploads\\\/dream\\\/img\\\/img_201191_c3dadaf0625af87c4452ef92245d251a_1.jpg?strip=all\",\"width\":900,\"height\":900},{\"@type\":\"BreadcrumbList\",\"@id\":\"https:\\\/\\\/lovme.pt\\\/index.php\\\/produto\\\/pretty-love-marski-rabbit-vibrador-e-ponto-g-rosa\\\/#breadcrumb\",\"itemListElement\":[{\"@type\":\"ListItem\",\"position\":1,\"name\":\"In\u00edcio\",\"item\":\"https:\\\/\\\/lovme.pt\\\/\"},{\"@type\":\"ListItem\",\"position\":2,\"name\":\"Loja\",\"item\":\"https:\\\/\\\/lovme.pt\\\/index.php\\\/loja\\\/\"},{\"@type\":\"ListItem\",\"position\":3,\"name\":\"PRETTY LOVE &#8211; MARSKI RABBIT VIBRADOR E PONTO G ROSA\"}]},{\"@type\":\"WebSite\",\"@id\":\"https:\\\/\\\/lovme.pt\\\/#website\",\"url\":\"https:\\\/\\\/lovme.pt\\\/\",\"name\":\"Lovme Loja Er\u00f3tica N\u00ba1 em Portugal\",\"description\":\"A melhor loja er\u00f3tica de Portugal.\",\"alternateName\":\"Loja Er\u00f3tica Lovme\",\"potentialAction\":[{\"@type\":\"SearchAction\",\"target\":{\"@type\":\"EntryPoint\",\"urlTemplate\":\"https:\\\/\\\/lovme.pt\\\/?s={search_term_string}\"},\"query-input\":{\"@type\":\"PropertyValueSpecification\",\"valueRequired\":true,\"valueName\":\"search_term_string\"}}],\"inLanguage\":\"pt-PT\"}]}<\/script>\n<!-- \/ Yoast SEO plugin. -->","yoast_head_json":{"title":"PRETTY LOVE - MARSKI RABBIT VIBRADOR E PONTO G ROSA - Lovme","robots":{"index":"index","follow":"follow","max-snippet":"max-snippet:-1","max-image-preview":"max-image-preview:large","max-video-preview":"max-video-preview:-1"},"canonical":"https:\/\/lovme.pt\/index.php\/produto\/pretty-love-marski-rabbit-vibrador-e-ponto-g-rosa\/","og_locale":"pt_PT","og_type":"article","og_title":"PRETTY LOVE - MARSKI RABBIT VIBRADOR E PONTO G ROSA - Lovme","og_description":"PRETTY LOVE - MARSKI RABBIT VIBRADOR E PONTO G ROSA","og_url":"https:\/\/lovme.pt\/index.php\/produto\/pretty-love-marski-rabbit-vibrador-e-ponto-g-rosa\/","og_site_name":"Lovme","article_modified_time":"2026-02-19T20:06:30+00:00","og_image":[{"width":900,"height":900,"url":"https:\/\/erki24nd3ub.exactdn.com\/wp-content\/uploads\/dream\/img\/img_201191_c3dadaf0625af87c4452ef92245d251a_1.jpg?strip=all","type":"image\/jpeg"}],"twitter_card":"summary_large_image","twitter_misc":{"Tempo estimado de leitura":"1 minuto"},"schema":{"@context":"https:\/\/schema.org","@graph":[{"@type":"WebPage","@id":"https:\/\/lovme.pt\/index.php\/produto\/pretty-love-marski-rabbit-vibrador-e-ponto-g-rosa\/","url":"https:\/\/lovme.pt\/index.php\/produto\/pretty-love-marski-rabbit-vibrador-e-ponto-g-rosa\/","name":"PRETTY LOVE - MARSKI RABBIT VIBRADOR E PONTO G ROSA - Lovme","isPartOf":{"@id":"https:\/\/lovme.pt\/#website"},"primaryImageOfPage":{"@id":"https:\/\/lovme.pt\/index.php\/produto\/pretty-love-marski-rabbit-vibrador-e-ponto-g-rosa\/#primaryimage"},"image":{"@id":"https:\/\/lovme.pt\/index.php\/produto\/pretty-love-marski-rabbit-vibrador-e-ponto-g-rosa\/#primaryimage"},"thumbnailUrl":"https:\/\/erki24nd3ub.exactdn.com\/wp-content\/uploads\/dream\/img\/img_201191_c3dadaf0625af87c4452ef92245d251a_1.jpg?strip=all","datePublished":"2025-09-30T10:05:15+00:00","dateModified":"2026-02-19T20:06:30+00:00","breadcrumb":{"@id":"https:\/\/lovme.pt\/index.php\/produto\/pretty-love-marski-rabbit-vibrador-e-ponto-g-rosa\/#breadcrumb"},"inLanguage":"pt-PT","potentialAction":[{"@type":"ReadAction","target":["https:\/\/lovme.pt\/index.php\/produto\/pretty-love-marski-rabbit-vibrador-e-ponto-g-rosa\/"]}]},{"@type":"ImageObject","inLanguage":"pt-PT","@id":"https:\/\/lovme.pt\/index.php\/produto\/pretty-love-marski-rabbit-vibrador-e-ponto-g-rosa\/#primaryimage","url":"https:\/\/erki24nd3ub.exactdn.com\/wp-content\/uploads\/dream\/img\/img_201191_c3dadaf0625af87c4452ef92245d251a_1.jpg?strip=all","contentUrl":"https:\/\/erki24nd3ub.exactdn.com\/wp-content\/uploads\/dream\/img\/img_201191_c3dadaf0625af87c4452ef92245d251a_1.jpg?strip=all","width":900,"height":900},{"@type":"BreadcrumbList","@id":"https:\/\/lovme.pt\/index.php\/produto\/pretty-love-marski-rabbit-vibrador-e-ponto-g-rosa\/#breadcrumb","itemListElement":[{"@type":"ListItem","position":1,"name":"In\u00edcio","item":"https:\/\/lovme.pt\/"},{"@type":"ListItem","position":2,"name":"Loja","item":"https:\/\/lovme.pt\/index.php\/loja\/"},{"@type":"ListItem","position":3,"name":"PRETTY LOVE &#8211; MARSKI RABBIT VIBRADOR E PONTO G ROSA"}]},{"@type":"WebSite","@id":"https:\/\/lovme.pt\/#website","url":"https:\/\/lovme.pt\/","name":"Lovme Loja Er\u00f3tica N\u00ba1 em Portugal","description":"A melhor loja er\u00f3tica de Portugal.","alternateName":"Loja Er\u00f3tica Lovme","potentialAction":[{"@type":"SearchAction","target":{"@type":"EntryPoint","urlTemplate":"https:\/\/lovme.pt\/?s={search_term_string}"},"query-input":{"@type":"PropertyValueSpecification","valueRequired":true,"valueName":"search_term_string"}}],"inLanguage":"pt-PT"}]}},"_links":{"self":[{"href":"https:\/\/lovme.pt\/index.php\/wp-json\/wp\/v2\/product\/51532","targetHints":{"allow":["GET"]}}],"collection":[{"href":"https:\/\/lovme.pt\/index.php\/wp-json\/wp\/v2\/product"}],"about":[{"href":"https:\/\/lovme.pt\/index.php\/wp-json\/wp\/v2\/types\/product"}],"wp:featuredmedia":[{"embeddable":true,"href":"https:\/\/lovme.pt\/index.php\/wp-json\/wp\/v2\/media\/62188"}],"wp:attachment":[{"href":"https:\/\/lovme.pt\/index.php\/wp-json\/wp\/v2\/media?parent=51532"}],"wp:term":[{"taxonomy":"product_brand","embeddable":true,"href":"https:\/\/lovme.pt\/index.php\/wp-json\/wp\/v2\/product_brand?post=51532"},{"taxonomy":"product_cat","embeddable":true,"href":"https:\/\/lovme.pt\/index.php\/wp-json\/wp\/v2\/product_cat?post=51532"},{"taxonomy":"product_tag","embeddable":true,"href":"https:\/\/lovme.pt\/index.php\/wp-json\/wp\/v2\/product_tag?post=51532"}],"curies":[{"name":"wp","href":"https:\/\/api.w.org\/{rel}","templated":true}]}}