{"id":51407,"date":"2025-09-30T22:06:28","date_gmt":"2025-09-30T22:06:28","guid":{"rendered":"https:\/\/lovme.pt\/?post_type=product&p=51407"},"modified":"2026-02-19T20:09:12","modified_gmt":"2026-02-19T20:09:12","slug":"satisfyer-estimulador-de-clitoris-secret-kiss-wave-rosa","status":"publish","type":"product","link":"https:\/\/lovme.pt\/index.php\/produto\/satisfyer-estimulador-de-clitoris-secret-kiss-wave-rosa\/","title":{"rendered":"SATISFYER &#8211; ESTIMULADOR DE CLIT\u00d3RIS SECRET KISS WAVE ROSA"},"content":{"rendered":"<p>Mini massageador de clit\u00f3ris Air Wave, tamanho para viagem, discreto, parece um r\u00edmel ou batom, cabe perfeitamente na sua bolsa ou mala.<\/p>\n<ul>\n<li> Recarreg\u00e1vel via USB atrav\u00e9s do cabo USB-C do seu iPhone.<\/li>\n<li> F\u00e1cil de usar e silencioso, 3 velocidades com 10 modos diferentes de onda de press\u00e3o de ar.<\/li>\n<li> 3 x 10 programas de ondas de press\u00e3o<\/li>\n<li> Controle de pico de pulso de ar 3D<\/li>\n<li> Silicone amigo do corpo<\/li>\n<li> Tamanho da viagem<\/li>\n<li> Quieto<\/li>\n<li> Recarreg\u00e1vel (USB-C), cabo N\u00c3O inclu\u00eddo<\/li>\n<li> Este dispositivo discreto e fino cabe perfeitamente na sua bolsa ou mala. O Satisfyer 4D Magnetic Power Motor \u00e9 um dispositivo poderoso e f\u00e1cil de usar que cabe na palma da sua m\u00e3o e \u00e9 perfeito para viagens.<\/li>\n<\/ul>\n<p> Com o novo motor de pot\u00eancia magn\u00e9tica 4D patenteado, a Satisfyer leva a estimula\u00e7\u00e3o clitoriana sem contato para o pr\u00f3ximo n\u00edvel. Esta tecnologia de ponta redefine a experi\u00eancia sensorial, proporcionando estimula\u00e7\u00e3o silenciosa, mas poderosa, com ondas de press\u00e3o suaves.<\/p>\n<p> A membrana interna deste dispositivo pode ser movida com o toque de um bot\u00e3o: quanto mais pr\u00f3xima a membrana estiver da abertura, mais fortes ser\u00e3o as ondas de press\u00e3o.<\/p>\n<p> Tr\u00eas luzes LED na frente indicam a posi\u00e7\u00e3o da membrana para que o usu\u00e1rio saiba facilmente qual \u00e9 a intensidade.<\/p>\n<p>  3 LEDs acesos &#8211; a membrana fica mais pr\u00f3xima da abertura, proporcionando sensa\u00e7\u00f5es intensas e potentes.<br \/>  2 LEDs acesos: a membrana fica no meio, oferecendo uma for\u00e7a de onda equilibrada.<br \/>  1 LED aceso: a membrana est\u00e1 mais afastada, ideal para um toque mais suave.<\/p>\n<p> Com 11 programas de ondas de press\u00e3o e 3 posi\u00e7\u00f5es de membrana, voc\u00ea tem 33 maneiras incr\u00edveis de explorar seus desejos.<\/p>\n<p> <u><strong>Principais Caracter\u00edsticas<\/strong><\/u><\/p>\n<ul>\n<li> 33 Programas: 11 Programas de Ondas de Press\u00e3o e 3 Posi\u00e7\u00f5es de Membrana<\/li>\n<li> Com o inovador motor magn\u00e9tico 4D<\/li>\n<li> Porta de carregamento USB Tipo C (cabo N\u00c3O inclu\u00eddo)<\/li>\n<li> Bot\u00e3o LED para indicar a posi\u00e7\u00e3o da membrana<\/li>\n<li> Design de batom estiloso com tampa higi\u00eanica<\/li>\n<li> Feito de corpo de silicone amigo da pele<\/li>\n<li> \u00c0 prova d\u00e1gua (IPX7)<\/li>\n<li> Garantia de 15 anos<\/li>\n<\/ul><\/p>\n","protected":false},"excerpt":{"rendered":"<p>SATISFYER &#8211; ESTIMULADOR DE CLIT\u00d3RIS SECRET KISS WAVE ROSA<\/p>\n","protected":false},"featured_media":74005,"template":"","meta":{"_acf_changed":false},"product_brand":[],"product_cat":[17,61],"product_tag":[],"class_list":{"0":"post-51407","1":"product","2":"type-product","3":"status-publish","4":"has-post-thumbnail","6":"product_cat-brinquedos-de-bem-estar-sexual","7":"product_cat-para-elas","8":"yith_product_brand-satisfyer","9":"yith_product_brand-satisfyer-satisfyer-air-pulse","11":"first","12":"instock","13":"taxable","14":"shipping-taxable","15":"purchasable","16":"product-type-simple"},"acf":[],"yoast_head":"<!-- This site is optimized with the Yoast SEO plugin v27.4 - https:\/\/yoast.com\/product\/yoast-seo-wordpress\/ -->\n<title>SATISFYER - ESTIMULADOR DE CLIT\u00d3RIS SECRET KISS WAVE ROSA - Lovme<\/title>\n<meta name=\"robots\" content=\"index, follow, max-snippet:-1, max-image-preview:large, max-video-preview:-1\" \/>\n<link rel=\"canonical\" href=\"https:\/\/lovme.pt\/index.php\/produto\/satisfyer-estimulador-de-clitoris-secret-kiss-wave-rosa\/\" \/>\n<meta property=\"og:locale\" content=\"pt_PT\" \/>\n<meta property=\"og:type\" content=\"article\" \/>\n<meta property=\"og:title\" content=\"SATISFYER - ESTIMULADOR DE CLIT\u00d3RIS SECRET KISS WAVE ROSA - Lovme\" \/>\n<meta property=\"og:description\" content=\"SATISFYER - ESTIMULADOR DE CLIT\u00d3RIS SECRET KISS WAVE ROSA\" \/>\n<meta property=\"og:url\" content=\"https:\/\/lovme.pt\/index.php\/produto\/satisfyer-estimulador-de-clitoris-secret-kiss-wave-rosa\/\" \/>\n<meta property=\"og:site_name\" content=\"Lovme\" \/>\n<meta property=\"article:modified_time\" content=\"2026-02-19T20:09:12+00:00\" \/>\n<meta property=\"og:image\" content=\"https:\/\/erki24nd3ub.exactdn.com\/wp-content\/uploads\/dream\/img\/img_199925_6a519880794a51dda7607d245de93327_1.jpg?strip=all\" \/>\n\t<meta property=\"og:image:width\" content=\"800\" \/>\n\t<meta property=\"og:image:height\" content=\"800\" \/>\n\t<meta property=\"og:image:type\" content=\"image\/jpeg\" \/>\n<meta name=\"twitter:card\" content=\"summary_large_image\" \/>\n<meta name=\"twitter:label1\" content=\"Tempo estimado de leitura\" \/>\n\t<meta name=\"twitter:data1\" content=\"2 minutos\" \/>\n<script type=\"application\/ld+json\" class=\"yoast-schema-graph\">{\"@context\":\"https:\\\/\\\/schema.org\",\"@graph\":[{\"@type\":\"WebPage\",\"@id\":\"https:\\\/\\\/lovme.pt\\\/index.php\\\/produto\\\/satisfyer-estimulador-de-clitoris-secret-kiss-wave-rosa\\\/\",\"url\":\"https:\\\/\\\/lovme.pt\\\/index.php\\\/produto\\\/satisfyer-estimulador-de-clitoris-secret-kiss-wave-rosa\\\/\",\"name\":\"SATISFYER - ESTIMULADOR DE CLIT\u00d3RIS SECRET KISS WAVE ROSA - Lovme\",\"isPartOf\":{\"@id\":\"https:\\\/\\\/lovme.pt\\\/#website\"},\"primaryImageOfPage\":{\"@id\":\"https:\\\/\\\/lovme.pt\\\/index.php\\\/produto\\\/satisfyer-estimulador-de-clitoris-secret-kiss-wave-rosa\\\/#primaryimage\"},\"image\":{\"@id\":\"https:\\\/\\\/lovme.pt\\\/index.php\\\/produto\\\/satisfyer-estimulador-de-clitoris-secret-kiss-wave-rosa\\\/#primaryimage\"},\"thumbnailUrl\":\"https:\\\/\\\/erki24nd3ub.exactdn.com\\\/wp-content\\\/uploads\\\/dream\\\/img\\\/img_199925_6a519880794a51dda7607d245de93327_1.jpg?strip=all\",\"datePublished\":\"2025-09-30T22:06:28+00:00\",\"dateModified\":\"2026-02-19T20:09:12+00:00\",\"breadcrumb\":{\"@id\":\"https:\\\/\\\/lovme.pt\\\/index.php\\\/produto\\\/satisfyer-estimulador-de-clitoris-secret-kiss-wave-rosa\\\/#breadcrumb\"},\"inLanguage\":\"pt-PT\",\"potentialAction\":[{\"@type\":\"ReadAction\",\"target\":[\"https:\\\/\\\/lovme.pt\\\/index.php\\\/produto\\\/satisfyer-estimulador-de-clitoris-secret-kiss-wave-rosa\\\/\"]}]},{\"@type\":\"ImageObject\",\"inLanguage\":\"pt-PT\",\"@id\":\"https:\\\/\\\/lovme.pt\\\/index.php\\\/produto\\\/satisfyer-estimulador-de-clitoris-secret-kiss-wave-rosa\\\/#primaryimage\",\"url\":\"https:\\\/\\\/erki24nd3ub.exactdn.com\\\/wp-content\\\/uploads\\\/dream\\\/img\\\/img_199925_6a519880794a51dda7607d245de93327_1.jpg?strip=all\",\"contentUrl\":\"https:\\\/\\\/erki24nd3ub.exactdn.com\\\/wp-content\\\/uploads\\\/dream\\\/img\\\/img_199925_6a519880794a51dda7607d245de93327_1.jpg?strip=all\",\"width\":800,\"height\":800},{\"@type\":\"BreadcrumbList\",\"@id\":\"https:\\\/\\\/lovme.pt\\\/index.php\\\/produto\\\/satisfyer-estimulador-de-clitoris-secret-kiss-wave-rosa\\\/#breadcrumb\",\"itemListElement\":[{\"@type\":\"ListItem\",\"position\":1,\"name\":\"In\u00edcio\",\"item\":\"https:\\\/\\\/lovme.pt\\\/\"},{\"@type\":\"ListItem\",\"position\":2,\"name\":\"Loja\",\"item\":\"https:\\\/\\\/lovme.pt\\\/index.php\\\/loja\\\/\"},{\"@type\":\"ListItem\",\"position\":3,\"name\":\"SATISFYER &#8211; ESTIMULADOR DE CLIT\u00d3RIS SECRET KISS WAVE ROSA\"}]},{\"@type\":\"WebSite\",\"@id\":\"https:\\\/\\\/lovme.pt\\\/#website\",\"url\":\"https:\\\/\\\/lovme.pt\\\/\",\"name\":\"Lovme Loja Er\u00f3tica N\u00ba1 em Portugal\",\"description\":\"A melhor loja er\u00f3tica de Portugal.\",\"alternateName\":\"Loja Er\u00f3tica Lovme\",\"potentialAction\":[{\"@type\":\"SearchAction\",\"target\":{\"@type\":\"EntryPoint\",\"urlTemplate\":\"https:\\\/\\\/lovme.pt\\\/?s={search_term_string}\"},\"query-input\":{\"@type\":\"PropertyValueSpecification\",\"valueRequired\":true,\"valueName\":\"search_term_string\"}}],\"inLanguage\":\"pt-PT\"}]}<\/script>\n<!-- \/ Yoast SEO plugin. -->","yoast_head_json":{"title":"SATISFYER - ESTIMULADOR DE CLIT\u00d3RIS SECRET KISS WAVE ROSA - Lovme","robots":{"index":"index","follow":"follow","max-snippet":"max-snippet:-1","max-image-preview":"max-image-preview:large","max-video-preview":"max-video-preview:-1"},"canonical":"https:\/\/lovme.pt\/index.php\/produto\/satisfyer-estimulador-de-clitoris-secret-kiss-wave-rosa\/","og_locale":"pt_PT","og_type":"article","og_title":"SATISFYER - ESTIMULADOR DE CLIT\u00d3RIS SECRET KISS WAVE ROSA - Lovme","og_description":"SATISFYER - ESTIMULADOR DE CLIT\u00d3RIS SECRET KISS WAVE ROSA","og_url":"https:\/\/lovme.pt\/index.php\/produto\/satisfyer-estimulador-de-clitoris-secret-kiss-wave-rosa\/","og_site_name":"Lovme","article_modified_time":"2026-02-19T20:09:12+00:00","og_image":[{"width":800,"height":800,"url":"https:\/\/erki24nd3ub.exactdn.com\/wp-content\/uploads\/dream\/img\/img_199925_6a519880794a51dda7607d245de93327_1.jpg?strip=all","type":"image\/jpeg"}],"twitter_card":"summary_large_image","twitter_misc":{"Tempo estimado de leitura":"2 minutos"},"schema":{"@context":"https:\/\/schema.org","@graph":[{"@type":"WebPage","@id":"https:\/\/lovme.pt\/index.php\/produto\/satisfyer-estimulador-de-clitoris-secret-kiss-wave-rosa\/","url":"https:\/\/lovme.pt\/index.php\/produto\/satisfyer-estimulador-de-clitoris-secret-kiss-wave-rosa\/","name":"SATISFYER - ESTIMULADOR DE CLIT\u00d3RIS SECRET KISS WAVE ROSA - Lovme","isPartOf":{"@id":"https:\/\/lovme.pt\/#website"},"primaryImageOfPage":{"@id":"https:\/\/lovme.pt\/index.php\/produto\/satisfyer-estimulador-de-clitoris-secret-kiss-wave-rosa\/#primaryimage"},"image":{"@id":"https:\/\/lovme.pt\/index.php\/produto\/satisfyer-estimulador-de-clitoris-secret-kiss-wave-rosa\/#primaryimage"},"thumbnailUrl":"https:\/\/erki24nd3ub.exactdn.com\/wp-content\/uploads\/dream\/img\/img_199925_6a519880794a51dda7607d245de93327_1.jpg?strip=all","datePublished":"2025-09-30T22:06:28+00:00","dateModified":"2026-02-19T20:09:12+00:00","breadcrumb":{"@id":"https:\/\/lovme.pt\/index.php\/produto\/satisfyer-estimulador-de-clitoris-secret-kiss-wave-rosa\/#breadcrumb"},"inLanguage":"pt-PT","potentialAction":[{"@type":"ReadAction","target":["https:\/\/lovme.pt\/index.php\/produto\/satisfyer-estimulador-de-clitoris-secret-kiss-wave-rosa\/"]}]},{"@type":"ImageObject","inLanguage":"pt-PT","@id":"https:\/\/lovme.pt\/index.php\/produto\/satisfyer-estimulador-de-clitoris-secret-kiss-wave-rosa\/#primaryimage","url":"https:\/\/erki24nd3ub.exactdn.com\/wp-content\/uploads\/dream\/img\/img_199925_6a519880794a51dda7607d245de93327_1.jpg?strip=all","contentUrl":"https:\/\/erki24nd3ub.exactdn.com\/wp-content\/uploads\/dream\/img\/img_199925_6a519880794a51dda7607d245de93327_1.jpg?strip=all","width":800,"height":800},{"@type":"BreadcrumbList","@id":"https:\/\/lovme.pt\/index.php\/produto\/satisfyer-estimulador-de-clitoris-secret-kiss-wave-rosa\/#breadcrumb","itemListElement":[{"@type":"ListItem","position":1,"name":"In\u00edcio","item":"https:\/\/lovme.pt\/"},{"@type":"ListItem","position":2,"name":"Loja","item":"https:\/\/lovme.pt\/index.php\/loja\/"},{"@type":"ListItem","position":3,"name":"SATISFYER &#8211; ESTIMULADOR DE CLIT\u00d3RIS SECRET KISS WAVE ROSA"}]},{"@type":"WebSite","@id":"https:\/\/lovme.pt\/#website","url":"https:\/\/lovme.pt\/","name":"Lovme Loja Er\u00f3tica N\u00ba1 em Portugal","description":"A melhor loja er\u00f3tica de Portugal.","alternateName":"Loja Er\u00f3tica Lovme","potentialAction":[{"@type":"SearchAction","target":{"@type":"EntryPoint","urlTemplate":"https:\/\/lovme.pt\/?s={search_term_string}"},"query-input":{"@type":"PropertyValueSpecification","valueRequired":true,"valueName":"search_term_string"}}],"inLanguage":"pt-PT"}]}},"_links":{"self":[{"href":"https:\/\/lovme.pt\/index.php\/wp-json\/wp\/v2\/product\/51407","targetHints":{"allow":["GET"]}}],"collection":[{"href":"https:\/\/lovme.pt\/index.php\/wp-json\/wp\/v2\/product"}],"about":[{"href":"https:\/\/lovme.pt\/index.php\/wp-json\/wp\/v2\/types\/product"}],"wp:featuredmedia":[{"embeddable":true,"href":"https:\/\/lovme.pt\/index.php\/wp-json\/wp\/v2\/media\/74005"}],"wp:attachment":[{"href":"https:\/\/lovme.pt\/index.php\/wp-json\/wp\/v2\/media?parent=51407"}],"wp:term":[{"taxonomy":"product_brand","embeddable":true,"href":"https:\/\/lovme.pt\/index.php\/wp-json\/wp\/v2\/product_brand?post=51407"},{"taxonomy":"product_cat","embeddable":true,"href":"https:\/\/lovme.pt\/index.php\/wp-json\/wp\/v2\/product_cat?post=51407"},{"taxonomy":"product_tag","embeddable":true,"href":"https:\/\/lovme.pt\/index.php\/wp-json\/wp\/v2\/product_tag?post=51407"}],"curies":[{"name":"wp","href":"https:\/\/api.w.org\/{rel}","templated":true}]}}